{"id":2393,"date":"2020-05-07T16:21:45","date_gmt":"2020-05-07T08:21:45","guid":{"rendered":"https:\/\/focusonpack.com\/?page_id=2393"},"modified":"2023-08-15T14:46:48","modified_gmt":"2023-08-15T06:46:48","slug":"about-us-2","status":"publish","type":"page","link":"https:\/\/focusonpack.com\/de\/uber-uns-2\/","title":{"rendered":"\u00dcber uns"},"content":{"rendered":"<div data-elementor-type=\"wp-page\" data-elementor-id=\"2393\" class=\"elementor elementor-2393\" data-elementor-settings=\"[]\">\n\t\t\t<div class=\"elementor-inner\">\n\t\t\t\t<div class=\"elementor-section-wrap\">\n\t\t\t\t\t\t\t<section class=\"elementor-element elementor-element-01f1a6a elementor-section-boxed elementor-section-height-default elementor-section-height-default elementor-section elementor-top-section\" data-id=\"01f1a6a\" data-element_type=\"section\">\n\t\t\t\t\t\t<div class=\"elementor-container elementor-column-gap-default\">\n\t\t\t\t<div class=\"elementor-row\">\n\t\t\t\t<div class=\"elementor-element elementor-element-c1fdfda elementor-column elementor-col-100 elementor-top-column\" data-id=\"c1fdfda\" data-element_type=\"column\">\n\t\t\t<div class=\"elementor-column-wrap  elementor-element-populated\">\n\t\t\t\t\t<div class=\"elementor-widget-wrap\">\n\t\t\t\t<div class=\"elementor-element elementor-element-c081f60 elementor-widget elementor-widget-heading\" data-id=\"c081f60\" data-element_type=\"widget\" data-widget_type=\"heading.default\">\n\t\t\t\t<div class=\"elementor-widget-container\">\n\t\t\t<h4 class=\"elementor-heading-title elementor-size-default\">Ein f\u00fchrender Entwickler und Hersteller von schl\u00fcsselfertigen Abf\u00fcll- und Verpackungsl\u00f6sungen<\/h4>\t\t<\/div>\n\t\t\t\t<\/div>\n\t\t\t\t<div class=\"elementor-element elementor-element-a4e33b5 elementor-widget elementor-widget-text-editor\" data-id=\"a4e33b5\" data-element_type=\"widget\" data-widget_type=\"text-editor.default\">\n\t\t\t\t<div class=\"elementor-widget-container\">\n\t\t\t\t\t<div class=\"elementor-text-editor elementor-clearfix\"><p>Wenzhou Bowei Import and Export Co., Ltd ist einer der gr\u00f6\u00dften Hersteller von Abf\u00fcll- und Verpackungsmaschinen in China und ein f\u00fchrender Entwickler und Hersteller von schl\u00fcsselfertigen Verpackungsl\u00f6sungen f\u00fcr fl\u00fcssige und trockene Produkte, die von der Planung \u00fcber die Herstellung bis zur Installation und Schulung reichen. Es ist ein f\u00fchrender Entwickler und Hersteller von kompletten schl\u00fcsselfertigen L\u00f6sungen f\u00fcr die Verpackung von fl\u00fcssigen und trockenen Produkten in den Bereichen Design, Herstellung, Installation und Schulung. Ein professionelles Ingenieursteam entwirft und fertigt die Maschinen nach Ihren spezifischen Produktmerkmalen, Ihrem Budget und anderen Faktoren. Alle Maschinen werden in einer ISO- oder CE-zertifizierten Anlage hergestellt. Alle Maschinen werden in einer ISO- oder CE-zertifizierten Produktionsst\u00e4tte hergestellt, um sicherzustellen, dass die h\u00f6chsten Standards in der Branche erf\u00fcllt werden.<\/p><\/div>\n\t\t\t\t<\/div>\n\t\t\t\t<\/div>\n\t\t\t\t<div class=\"elementor-element elementor-element-1f8cf80 elementor-widget elementor-widget-text-editor\" data-id=\"1f8cf80\" data-element_type=\"widget\" data-widget_type=\"text-editor.default\">\n\t\t\t\t<div class=\"elementor-widget-container\">\n\t\t\t\t\t<div class=\"elementor-text-editor elementor-clearfix\"><p>Wir bieten eine Vielzahl von Abf\u00fcllmaschinen an, darunter Monoblock-Sp\u00fclverschlie\u00dfmaschinen, Kolbenabf\u00fcllmaschinen, Netto-Nassabf\u00fcllmaschinen, korrosive Abf\u00fcllmaschinen, Schwerkraftabf\u00fcllmaschinen, Monoblock-F\u00fcllstopfen-Verschlie\u00dfmaschinen, Verschlie\u00dfmaschinen, darunter halbautomatische Verschlie\u00dfmaschinen. Abf\u00fcllmaschinen f\u00fcr \u00e4tzende Stoffe, Schwerkraftabf\u00fcllmaschinen, Monoblock-F\u00fcllstopfen-Verschlie\u00dfmaschinen, Verschlie\u00dfmaschinen einschlie\u00dflich halbautomatischer Verschlie\u00dfmaschinen, automatischer Inline-Spindelverschlie\u00dfmaschinen und Rotationsverschlie\u00dfmaschinen, Etikettiermaschinen einschlie\u00dflich Verschlie\u00dfmaschinen, automatische Inline-Spindel-Verschlie\u00dfmaschinen und Rundl\u00e4ufer-Verschlie\u00dfmaschinen, Etikettiermaschinen, einschlie\u00dflich Schrumpfschlauch-Etikettiermaschinen und Selbstklebeetikettiermaschinen, PET-Blasformmaschinen, Schrumpfverpackungsmaschinen, Wasseraufbereitungs- und Umkehrosmosesysteme.<\/p><\/div>\n\t\t\t\t<\/div>\n\t\t\t\t<\/div>\n\t\t\t\t\t\t<\/div>\n\t\t\t<\/div>\n\t\t<\/div>\n\t\t\t\t\t\t<\/div>\n\t\t\t<\/div>\n\t\t<\/section>\n\t\t\t\t<section class=\"elementor-element elementor-element-ea8e549 elementor-section-boxed elementor-section-height-default elementor-section-height-default elementor-section elementor-top-section\" data-id=\"ea8e549\" data-element_type=\"section\">\n\t\t\t\t\t\t<div class=\"elementor-container elementor-column-gap-default\">\n\t\t\t\t<div class=\"elementor-row\">\n\t\t\t\t<div class=\"elementor-element elementor-element-742b4a0 elementor-column elementor-col-100 elementor-top-column\" data-id=\"742b4a0\" data-element_type=\"column\">\n\t\t\t<div class=\"elementor-column-wrap  elementor-element-populated\">\n\t\t\t\t\t<div class=\"elementor-widget-wrap\">\n\t\t\t\t<div class=\"elementor-element elementor-element-0bad332 elementor-widget elementor-widget-heading\" data-id=\"0bad332\" data-element_type=\"widget\" data-widget_type=\"heading.default\">\n\t\t\t\t<div class=\"elementor-widget-container\">\n\t\t\t<h4 class=\"elementor-heading-title elementor-size-default\">Wir bieten Abf\u00fcll- und Verpackungsanlagen in den Bereichen Design, Herstellung, Installation und Schulung aus einer Hand.<\/h4>\t\t<\/div>\n\t\t\t\t<\/div>\n\t\t\t\t<div class=\"elementor-element elementor-element-74198e1 elementor-widget elementor-widget-text-editor\" data-id=\"74198e1\" data-element_type=\"widget\" data-widget_type=\"text-editor.default\">\n\t\t\t\t<div class=\"elementor-widget-container\">\n\t\t\t\t\t<div class=\"elementor-text-editor elementor-clearfix\"><p>Wir versorgen Sie mit pr\u00e4zisen, zuverl\u00e4ssigen und gut funktionierenden Abf\u00fcll- und Verpackungsanlagen, um Ihr Ziel zu erreichen. Dosierung von frei flie\u00dfenden Fl\u00fcssigkeiten bis hin zu Fl\u00fcssigkeiten mit hoher Viskosit\u00e4t in verschiedene Arten von Beh\u00e4ltern, Verschlie\u00dfmaschinen platzieren und verschlie\u00dfen verschiedene Beh\u00e4lter, Schrumpfschlauch-Etikettiermaschinen bringen Etiketten an und schrumpfen sie fest auf den Beh\u00e4lter, um Ihre Beh\u00e4lter zu dekorieren. Verschlie\u00dfmaschinen bringen Verschl\u00fcsse auf verschiedene Beh\u00e4lter auf und ziehen sie fest, Schrumpfschlauch-Etikettiermaschinen bringen Etiketten auf Beh\u00e4lter auf und schrumpfen sie fest, um Ihre Produkte zu dekorieren, Klebeetikettierer Etikettiermaschinen platzieren und sichern Etiketten pr\u00e4zise auf Ihren Beh\u00e4ltern, Schrumpfverpackungsmaschinen b\u00fcndeln und schrumpfen Flaschen in verschiedenen Konfigurationen f\u00fcr<\/p><\/div>\n\t\t\t\t<\/div>\n\t\t\t\t<\/div>\n\t\t\t\t<div class=\"elementor-element elementor-element-acf6e7a elementor-widget elementor-widget-text-editor\" data-id=\"acf6e7a\" data-element_type=\"widget\" data-widget_type=\"text-editor.default\">\n\t\t\t\t<div class=\"elementor-widget-container\">\n\t\t\t\t\t<div class=\"elementor-text-editor elementor-clearfix\"><p>Die Abf\u00fcll- und Verpackungslinie f\u00fcr Fl\u00fcssigkeiten besteht aus Abf\u00fcllmaschinen, Verschlie\u00dfmaschinen, Etikettiermaschinen, Inkjet-Codierern, Schrumpfverpackungsmaschinen, Flaschenaufl\u00f6sern, Wasseraufbereitungs- und Umkehrosmoseanlagen, PET-Blasformmaschinen. Flaschenaufsteller, Wasseraufbereitung und Umkehrosmose, PET-Blasformmaschinen. Eine gro\u00dfe Auswahl an Abf\u00fcllmaschinen steht f\u00fcr Sie zur Verf\u00fcgung die d\u00fcnne bis dicke Fl\u00fcssigkeiten in Kunststoff- oder Glasbeh\u00e4lter abf\u00fcllen k\u00f6nnen, und zwar mit niedriger Geschwindigkeit und geringem Budget f\u00fcr Start-up-Unternehmen oder mit mittlerer und hoher Geschwindigkeit f\u00fcr Unternehmen, die ihre Produktion ausweiten wollen. Wir haben Monoblock-Waschabf\u00fcllverschlie\u00dfmaschinen f\u00fcr Getr\u00e4nke, Kolbenabf\u00fcllmaschinen f\u00fcr dicke Fl\u00fcssigkeiten, Schwerkraftabf\u00fcllmaschinen f\u00fcr d\u00fcnne Fl\u00fcssigkeiten, Nettogewichtsabf\u00fcllmaschinen und andere Abf\u00fcllmaschinen. f\u00fcr d\u00fcnne Fl\u00fcssigkeiten, Nettogewichtsabf\u00fcllmaschinen f\u00fcr Fl\u00fcssigkeiten mit mittlerem und hohem Produktionswert, Abf\u00fcllmaschinen f\u00fcr korrosive Fl\u00fcssigkeiten; Verschlie\u00dfmaschinen f\u00fcr Schraubverschl\u00fcsse, R Verschlie\u00dfmaschinen f\u00fcr Schraubverschl\u00fcsse, ROPP-Verschl\u00fcsse, Kronenkorken, Aufdr\u00fcckverschl\u00fcsse, Pumpverschl\u00fcsse usw.; Banderoliermaschinen f\u00fcr Banderolenetiketten und Originalit\u00e4tssicherungen Selbstklebeetikettiermaschinen f\u00fcr Aufkleberetiketten; PET-Blasformmaschinen, einschlie\u00dflich halbautomatischer PET-Blasmaschinen f\u00fcr Start-up-Unternehmen, automatische PET PET-Blasformmaschinen, einschlie\u00dflich halbautomatischer PET-Blasformmaschinen f\u00fcr Start-up-Unternehmen, automatische PET-Blasformmaschinen f\u00fcr die Produktion mit mittlerer bis hoher Geschwindigkeit; Schrumpfverpackungsmaschinen, einschlie\u00dflich halbautomatischer Schrumpfverpackungsmaschinen f\u00fcr kleine Mengen, Typ L Schrumpfverpackungsmaschinen, einschlie\u00dflich halbautomatischer Schrumpfverpackungsmaschinen f\u00fcr kleine Mengen, L-Typ-Schrumpfverpackungsmaschinen f\u00fcr mittlere Mengen und Inline-Schrumpfverpackungsmaschinen f\u00fcr hohe Geschwindigkeiten; Wasseraufbereitungs- und Umkehrosmosesysteme behandeln zu reinigendes Rohwasser Wasser f\u00fcr Trinkwasser, Lebensmittel, Pharmazeutika, Kosmetika usw.<\/p><\/div>\n\t\t\t\t<\/div>\n\t\t\t\t<\/div>\n\t\t\t\t\t\t<\/div>\n\t\t\t<\/div>\n\t\t<\/div>\n\t\t\t\t\t\t<\/div>\n\t\t\t<\/div>\n\t\t<\/section>\n\t\t\t\t<section class=\"elementor-element elementor-element-6099887 elementor-section-boxed elementor-section-height-default elementor-section-height-default elementor-section elementor-top-section\" data-id=\"6099887\" data-element_type=\"section\">\n\t\t\t\t\t\t<div class=\"elementor-container elementor-column-gap-default\">\n\t\t\t\t<div class=\"elementor-row\">\n\t\t\t\t<div class=\"elementor-element elementor-element-72d53ed elementor-column elementor-col-100 elementor-top-column\" data-id=\"72d53ed\" data-element_type=\"column\">\n\t\t\t<div class=\"elementor-column-wrap  elementor-element-populated\">\n\t\t\t\t\t<div class=\"elementor-widget-wrap\">\n\t\t\t\t<div class=\"elementor-element elementor-element-0321562 elementor-widget elementor-widget-heading\" data-id=\"0321562\" data-element_type=\"widget\" data-widget_type=\"heading.default\">\n\t\t\t\t<div class=\"elementor-widget-container\">\n\t\t\t<h4 class=\"elementor-heading-title elementor-size-default\">Unsere Abf\u00fcll- und Verpackungsmaschinen sind in den folgenden Branchen weit verbreitet<\/h4>\t\t<\/div>\n\t\t\t\t<\/div>\n\t\t\t\t<div class=\"elementor-element elementor-element-31dcf88 elementor-widget elementor-widget-text-editor\" data-id=\"31dcf88\" data-element_type=\"widget\" data-widget_type=\"text-editor.default\">\n\t\t\t\t<div class=\"elementor-widget-container\">\n\t\t\t\t\t<div class=\"elementor-text-editor elementor-clearfix\"><p>Unsere Abf\u00fcll- und Verpackungsmaschinen finden breite Anwendung in den Bereichen Getr\u00e4nke, Lebensmittel, Haushaltsprodukte, K\u00f6rperpflegeprodukte, pharmazeutische und biomedizinische Produkte, Chemikalien usw. Die Wahl der richtigen Ausr\u00fcstung ist eine gro\u00dfe Herausforderung f\u00fcr Startups oder Kunden, die ihr Gesch\u00e4ft erweitern wollen. Unsere Abf\u00fcll- und Verpackungsmaschinen sind weit verbreitet in den Bereichen Getr\u00e4nke, Lebensmittel, Haushaltsprodukte, K\u00f6rperpflegeprodukte, pharmazeutische und biomedizinische Produkte, Chemikalien usw. Die Wahl der richtigen Ausr\u00fcstung ist eine gro\u00dfe Herausforderung f\u00fcr Startups oder Kunden, die ihr Gesch\u00e4ft ausbauen wollen. Dies h\u00e4ngt von vielen Faktoren ab, wie z. B. den Eigenschaften der Fl\u00fcssigkeit, der Form und Gr\u00f6\u00dfe des Beh\u00e4lters, der Geometrie und Gr\u00f6\u00dfe des Verschlusses, der Geschwindigkeit usw. Monoblock-Sp\u00fclabf\u00fcll- und Verschlie\u00dfmaschinen sind Monoblock-Sp\u00fclverschlie\u00dfmaschinen sind f\u00fcr Wasser, kohlens\u00e4urehaltige Erfrischungsgetr\u00e4nke, Saft, Getr\u00e4nke, Tee, Milch und Joghurt geeignet. Die Schwerkraftabf\u00fcllmaschine eignet sich f\u00fcr frei flie\u00dfende d\u00fcnne Fl\u00fcssigkeiten, die Kolbenabf\u00fcllmaschine ist am besten f\u00fcr dicke Fl\u00fcssigkeiten geeignet und kann nicht mit Wasser verwendet werden. Kolbenabf\u00fcllmaschine ist am besten f\u00fcr dicke Fl\u00fcssigkeiten mit oder ohne Partikel, Nettogewicht F\u00fcllmaschine ist f\u00fcr mittlere und hohe hergestellt Die Abf\u00fcllmaschine f\u00fcr korrosive Fl\u00fcssigkeiten wurde speziell f\u00fcr die Abf\u00fcllung von korrosiven Fl\u00fcssigkeiten entwickelt, die Monoblock-Abf\u00fcllmaschine ist die ideale L\u00f6sung f\u00fcr Klicken Sie auf einen dieser Links, der die Branche, in der Sie t\u00e4tig sind, am besten beschreibt.<\/p><\/div>\n\t\t\t\t<\/div>\n\t\t\t\t<\/div>\n\t\t\t\t\t\t<\/div>\n\t\t\t<\/div>\n\t\t<\/div>\n\t\t\t\t\t\t<\/div>\n\t\t\t<\/div>\n\t\t<\/section>\n\t\t\t\t<section class=\"elementor-element elementor-element-b2f96a6 elementor-section-boxed elementor-section-height-default elementor-section-height-default elementor-section elementor-top-section\" data-id=\"b2f96a6\" data-element_type=\"section\">\n\t\t\t\t\t\t<div class=\"elementor-container elementor-column-gap-default\">\n\t\t\t\t<div class=\"elementor-row\">\n\t\t\t\t<div class=\"elementor-element elementor-element-e770ced elementor-column elementor-col-100 elementor-top-column\" data-id=\"e770ced\" data-element_type=\"column\">\n\t\t\t<div class=\"elementor-column-wrap  elementor-element-populated\">\n\t\t\t\t\t<div class=\"elementor-widget-wrap\">\n\t\t\t\t<div class=\"elementor-element elementor-element-13c8cc8 elementor-widget elementor-widget-heading\" data-id=\"13c8cc8\" data-element_type=\"widget\" data-widget_type=\"heading.default\">\n\t\t\t\t<div class=\"elementor-widget-container\">\n\t\t\t<h4 class=\"elementor-heading-title elementor-size-default\">Unser Ziel<\/h4>\t\t<\/div>\n\t\t\t\t<\/div>\n\t\t\t\t<div class=\"elementor-element elementor-element-0a452ff elementor-widget elementor-widget-text-editor\" data-id=\"0a452ff\" data-element_type=\"widget\" data-widget_type=\"text-editor.default\">\n\t\t\t\t<div class=\"elementor-widget-container\">\n\t\t\t\t\t<div class=\"elementor-text-editor elementor-clearfix\"><p>Wir bieten Ihnen Unterst\u00fctzung vor, w\u00e4hrend und nach dem Kauf und sind der Meinung, dass alle Fragen und Anliegen eine schnelle Antwort verdienen. Wir bieten Ihnen Unterst\u00fctzung vor, w\u00e4hrend und nach dem Kauf und sind der Meinung, dass alle Fragen und Anliegen eine schnelle Antwort verdienen. Unser Ziel ist es, Ihnen zu helfen, die besten Maschinen zum besten Preis und mit dem k\u00fcrzesten Liefertermin zu erwerben. Wir sind der Meinung, dass man nur dann erfolgreich sein kann, wenn man in der Lage ist, seine Maschinen ehrlich zu vermarkten. Wir m\u00f6chten mit unseren Kunden wachsen und uns weiterentwickeln, egal ob Sie ein Startup-Unternehmen oder ein gro\u00dfes Unternehmen sind, wir werden Sie immer begleiten.<\/p><\/div>\n\t\t\t\t<\/div>\n\t\t\t\t<\/div>\n\t\t\t\t\t\t<\/div>\n\t\t\t<\/div>\n\t\t<\/div>\n\t\t\t\t\t\t<\/div>\n\t\t\t<\/div>\n\t\t<\/section>\n\t\t\t\t<section class=\"elementor-element elementor-element-e24fa99 elementor-section-full_width elementor-section-height-default elementor-section-height-default elementor-section elementor-top-section\" data-id=\"e24fa99\" data-element_type=\"section\">\n\t\t\t\t\t\t<div class=\"elementor-container elementor-column-gap-default\">\n\t\t\t\t<div class=\"elementor-row\">\n\t\t\t\t<div class=\"elementor-element elementor-element-d87290a elementor-column elementor-col-100 elementor-top-column\" data-id=\"d87290a\" data-element_type=\"column\">\n\t\t\t<div class=\"elementor-column-wrap  elementor-element-populated\">\n\t\t\t\t\t<div class=\"elementor-widget-wrap\">\n\t\t\t\t<div class=\"elementor-element elementor-element-7ebbec8 elementor-widget elementor-widget-image\" data-id=\"7ebbec8\" data-element_type=\"widget\" data-widget_type=\"image.default\">\n\t\t\t\t<div class=\"elementor-widget-container\">\n\t\t\t\t\t<div class=\"elementor-image\">\n\t\t\t\t\t\t\t\t\t\t<img loading=\"lazy\" decoding=\"async\" width=\"2560\" height=\"983\" src=\"https:\/\/focusonpack.com\/wp-content\/uploads\/2023\/08\/about-scaled.jpg\" class=\"attachment-full size-full\" alt=\"\" srcset=\"https:\/\/focusonpack.com\/wp-content\/uploads\/2023\/08\/about-scaled.jpg 2560w, https:\/\/focusonpack.com\/wp-content\/uploads\/2023\/08\/about-300x115.jpg 300w, https:\/\/focusonpack.com\/wp-content\/uploads\/2023\/08\/about-1024x393.jpg 1024w, https:\/\/focusonpack.com\/wp-content\/uploads\/2023\/08\/about-768x295.jpg 768w, https:\/\/focusonpack.com\/wp-content\/uploads\/2023\/08\/about-1536x590.jpg 1536w, https:\/\/focusonpack.com\/wp-content\/uploads\/2023\/08\/about-2048x786.jpg 2048w, https:\/\/focusonpack.com\/wp-content\/uploads\/2023\/08\/about-600x230.jpg 600w\" sizes=\"auto, (max-width: 2560px) 100vw, 2560px\" \/>\t\t\t\t\t\t\t\t\t\t\t<\/div>\n\t\t\t\t<\/div>\n\t\t\t\t<\/div>\n\t\t\t\t\t\t<\/div>\n\t\t\t<\/div>\n\t\t<\/div>\n\t\t\t\t\t\t<\/div>\n\t\t\t<\/div>\n\t\t<\/section>\n\t\t\t\t\t\t<\/div>\n\t\t\t<\/div>\n\t\t<\/div>","protected":false},"excerpt":{"rendered":"<p>A leading developer and manufa&hellip;<\/p>","protected":false},"author":1,"featured_media":0,"parent":0,"menu_order":0,"comment_status":"closed","ping_status":"closed","template":"elementor_header_footer","meta":{"footnotes":""},"class_list":["post-2393","page","type-page","status-publish","hentry","no-thumb"],"yoast_head":"<!-- This site is optimized with the Yoast SEO plugin v24.8.1 - https:\/\/yoast.com\/wordpress\/plugins\/seo\/ -->\n<title>About Us - Focus on pack<\/title>\n<meta name=\"robots\" content=\"index, follow, max-snippet:-1, max-image-preview:large, max-video-preview:-1\" \/>\n<link rel=\"canonical\" href=\"https:\/\/focusonpack.com\/de\/uber-uns-2\/\" \/>\n<meta property=\"og:locale\" content=\"de_DE\" \/>\n<meta property=\"og:type\" content=\"article\" \/>\n<meta property=\"og:title\" content=\"About Us - Focus on pack\" \/>\n<meta property=\"og:description\" content=\"A leading developer and manufa&hellip;\" \/>\n<meta property=\"og:url\" content=\"https:\/\/focusonpack.com\/de\/uber-uns-2\/\" \/>\n<meta property=\"og:site_name\" content=\"Focus on pack\" \/>\n<meta property=\"article:modified_time\" content=\"2023-08-15T06:46:48+00:00\" \/>\n<meta property=\"og:image\" content=\"https:\/\/focusonpack.com\/wp-content\/uploads\/2023\/08\/about-scaled.jpg\" \/>\n<meta name=\"twitter:card\" content=\"summary_large_image\" \/>\n<meta name=\"twitter:label1\" content=\"Gesch\u00e4tzte Lesezeit\" \/>\n\t<meta name=\"twitter:data1\" content=\"4\u00a0Minuten\" \/>\n<script type=\"application\/ld+json\" class=\"yoast-schema-graph\">{\"@context\":\"https:\/\/schema.org\",\"@graph\":[{\"@type\":\"WebPage\",\"@id\":\"https:\/\/focusonpack.com\/about-us-2\/\",\"url\":\"https:\/\/focusonpack.com\/about-us-2\/\",\"name\":\"About Us - Focus on pack\",\"isPartOf\":{\"@id\":\"https:\/\/focusonpack.com\/#website\"},\"primaryImageOfPage\":{\"@id\":\"https:\/\/focusonpack.com\/about-us-2\/#primaryimage\"},\"image\":{\"@id\":\"https:\/\/focusonpack.com\/about-us-2\/#primaryimage\"},\"thumbnailUrl\":\"https:\/\/focusonpack.com\/wp-content\/uploads\/2023\/08\/about-scaled.jpg\",\"datePublished\":\"2020-05-07T08:21:45+00:00\",\"dateModified\":\"2023-08-15T06:46:48+00:00\",\"breadcrumb\":{\"@id\":\"https:\/\/focusonpack.com\/about-us-2\/#breadcrumb\"},\"inLanguage\":\"de\",\"potentialAction\":[{\"@type\":\"ReadAction\",\"target\":[\"https:\/\/focusonpack.com\/about-us-2\/\"]}]},{\"@type\":\"ImageObject\",\"inLanguage\":\"de\",\"@id\":\"https:\/\/focusonpack.com\/about-us-2\/#primaryimage\",\"url\":\"https:\/\/focusonpack.com\/wp-content\/uploads\/2023\/08\/about-scaled.jpg\",\"contentUrl\":\"https:\/\/focusonpack.com\/wp-content\/uploads\/2023\/08\/about-scaled.jpg\"},{\"@type\":\"BreadcrumbList\",\"@id\":\"https:\/\/focusonpack.com\/about-us-2\/#breadcrumb\",\"itemListElement\":[{\"@type\":\"ListItem\",\"position\":1,\"name\":\"\u9996\u9875\",\"item\":\"https:\/\/focusonpack.com\/\"},{\"@type\":\"ListItem\",\"position\":2,\"name\":\"About Us\"}]},{\"@type\":\"WebSite\",\"@id\":\"https:\/\/focusonpack.com\/#website\",\"url\":\"https:\/\/focusonpack.com\/\",\"name\":\"Focus on pack\",\"description\":\"\",\"potentialAction\":[{\"@type\":\"SearchAction\",\"target\":{\"@type\":\"EntryPoint\",\"urlTemplate\":\"https:\/\/focusonpack.com\/?s={search_term_string}\"},\"query-input\":{\"@type\":\"PropertyValueSpecification\",\"valueRequired\":true,\"valueName\":\"search_term_string\"}}],\"inLanguage\":\"de\"}]}<\/script>\n<!-- \/ Yoast SEO plugin. -->","yoast_head_json":{"title":"About Us - Focus on pack","robots":{"index":"index","follow":"follow","max-snippet":"max-snippet:-1","max-image-preview":"max-image-preview:large","max-video-preview":"max-video-preview:-1"},"canonical":"https:\/\/focusonpack.com\/de\/uber-uns-2\/","og_locale":"de_DE","og_type":"article","og_title":"About Us - Focus on pack","og_description":"A leading developer and manufa&hellip;","og_url":"https:\/\/focusonpack.com\/de\/uber-uns-2\/","og_site_name":"Focus on pack","article_modified_time":"2023-08-15T06:46:48+00:00","og_image":[{"url":"https:\/\/focusonpack.com\/wp-content\/uploads\/2023\/08\/about-scaled.jpg","type":"","width":"","height":""}],"twitter_card":"summary_large_image","twitter_misc":{"Gesch\u00e4tzte Lesezeit":"4\u00a0Minuten"},"schema":{"@context":"https:\/\/schema.org","@graph":[{"@type":"WebPage","@id":"https:\/\/focusonpack.com\/about-us-2\/","url":"https:\/\/focusonpack.com\/about-us-2\/","name":"About Us - Focus on pack","isPartOf":{"@id":"https:\/\/focusonpack.com\/#website"},"primaryImageOfPage":{"@id":"https:\/\/focusonpack.com\/about-us-2\/#primaryimage"},"image":{"@id":"https:\/\/focusonpack.com\/about-us-2\/#primaryimage"},"thumbnailUrl":"https:\/\/focusonpack.com\/wp-content\/uploads\/2023\/08\/about-scaled.jpg","datePublished":"2020-05-07T08:21:45+00:00","dateModified":"2023-08-15T06:46:48+00:00","breadcrumb":{"@id":"https:\/\/focusonpack.com\/about-us-2\/#breadcrumb"},"inLanguage":"de","potentialAction":[{"@type":"ReadAction","target":["https:\/\/focusonpack.com\/about-us-2\/"]}]},{"@type":"ImageObject","inLanguage":"de","@id":"https:\/\/focusonpack.com\/about-us-2\/#primaryimage","url":"https:\/\/focusonpack.com\/wp-content\/uploads\/2023\/08\/about-scaled.jpg","contentUrl":"https:\/\/focusonpack.com\/wp-content\/uploads\/2023\/08\/about-scaled.jpg"},{"@type":"BreadcrumbList","@id":"https:\/\/focusonpack.com\/about-us-2\/#breadcrumb","itemListElement":[{"@type":"ListItem","position":1,"name":"\u9996\u9875","item":"https:\/\/focusonpack.com\/"},{"@type":"ListItem","position":2,"name":"About Us"}]},{"@type":"WebSite","@id":"https:\/\/focusonpack.com\/#website","url":"https:\/\/focusonpack.com\/","name":"Focus on pack","description":"","potentialAction":[{"@type":"SearchAction","target":{"@type":"EntryPoint","urlTemplate":"https:\/\/focusonpack.com\/?s={search_term_string}"},"query-input":{"@type":"PropertyValueSpecification","valueRequired":true,"valueName":"search_term_string"}}],"inLanguage":"de"}]}},"_links":{"self":[{"href":"https:\/\/focusonpack.com\/de\/wp-json\/wp\/v2\/pages\/2393","targetHints":{"allow":["GET"]}}],"collection":[{"href":"https:\/\/focusonpack.com\/de\/wp-json\/wp\/v2\/pages"}],"about":[{"href":"https:\/\/focusonpack.com\/de\/wp-json\/wp\/v2\/types\/page"}],"author":[{"embeddable":true,"href":"https:\/\/focusonpack.com\/de\/wp-json\/wp\/v2\/users\/1"}],"replies":[{"embeddable":true,"href":"https:\/\/focusonpack.com\/de\/wp-json\/wp\/v2\/comments?post=2393"}],"version-history":[{"count":15,"href":"https:\/\/focusonpack.com\/de\/wp-json\/wp\/v2\/pages\/2393\/revisions"}],"predecessor-version":[{"id":4140,"href":"https:\/\/focusonpack.com\/de\/wp-json\/wp\/v2\/pages\/2393\/revisions\/4140"}],"wp:attachment":[{"href":"https:\/\/focusonpack.com\/de\/wp-json\/wp\/v2\/media?parent=2393"}],"curies":[{"name":"wp","href":"https:\/\/api.w.org\/{rel}","templated":true}]}}