{"id":2395,"date":"2020-05-07T16:21:48","date_gmt":"2020-05-07T08:21:48","guid":{"rendered":"https:\/\/focusonpack.com\/?page_id=2395"},"modified":"2020-05-08T16:28:38","modified_gmt":"2020-05-08T08:28:38","slug":"tech-support","status":"publish","type":"page","link":"https:\/\/focusonpack.com\/de\/technischer-support\/","title":{"rendered":"Technische Unterst\u00fctzung"},"content":{"rendered":"<div data-elementor-type=\"wp-page\" data-elementor-id=\"2395\" class=\"elementor elementor-2395\" data-elementor-settings=\"[]\">\n\t\t\t<div class=\"elementor-inner\">\n\t\t\t\t<div class=\"elementor-section-wrap\">\n\t\t\t\t\t\t\t<section class=\"elementor-element elementor-element-e4ee45a elementor-section-boxed elementor-section-height-default elementor-section-height-default elementor-section elementor-top-section\" data-id=\"e4ee45a\" data-element_type=\"section\">\n\t\t\t\t\t\t<div class=\"elementor-container elementor-column-gap-default\">\n\t\t\t\t<div class=\"elementor-row\">\n\t\t\t\t<div class=\"elementor-element elementor-element-b036c5f elementor-column elementor-col-100 elementor-top-column\" data-id=\"b036c5f\" data-element_type=\"column\">\n\t\t\t<div class=\"elementor-column-wrap  elementor-element-populated\">\n\t\t\t\t\t<div class=\"elementor-widget-wrap\">\n\t\t\t\t<div class=\"elementor-element elementor-element-942a5f8 elementor-widget elementor-widget-heading\" data-id=\"942a5f8\" data-element_type=\"widget\" data-widget_type=\"heading.default\">\n\t\t\t\t<div class=\"elementor-widget-container\">\n\t\t\t<h2 class=\"elementor-heading-title elementor-size-default\">Wie man eine Wasserabf\u00fcllanlage baut<\/h2>\t\t<\/div>\n\t\t\t\t<\/div>\n\t\t\t\t<div class=\"elementor-element elementor-element-2474fc0 elementor-widget elementor-widget-text-editor\" data-id=\"2474fc0\" data-element_type=\"widget\" data-widget_type=\"text-editor.default\">\n\t\t\t\t<div class=\"elementor-widget-container\">\n\t\t\t\t\t<div class=\"elementor-text-editor elementor-clearfix\"><p>S\u00fc\u00dfwasser ist in den meisten Teilen der Welt eine knappe und wichtige Ressource f\u00fcr den Menschen.<br>Das mag seltsam erscheinen, denn es gibt so viel Wasser auf der Erde, 71% der Erde sind Wasser, w\u00e4hrend 29% Land sind. Fast das gesamte Wasser auf der Erde, mehr als 97 Prozent davon, ist Meerwasser in den Ozeanen. Fast das gesamte Wasser auf der Erde, mehr als 97 %, ist Meerwasser in den Ozeanen. Der Rest wird als S\u00fc\u00dfwasser bezeichnet, weil es keinen hohen Salzgehalt hat. Das meiste S\u00fc\u00dfwasser der Welt ist in gro\u00dfen Gletschern in der Antarktis und in Gr\u00f6nland gefroren. Fast das gesamte S\u00fc\u00dfwasser, das dem Menschen zur Verf\u00fcgung steht, ist entweder im Boden und im Gestein unter der Oberfl\u00e4che oder in der Erdatmosph\u00e4re enthalten. Fast das gesamte S\u00fc\u00dfwasser, das dem Menschen zur Verf\u00fcgung steht, befindet sich entweder im Boden und im Gestein unter der Erdoberfl\u00e4che, dem so genannten Grundwasser, oder in Fl\u00fcssen und Seen.<\/p><\/div>\n\t\t\t\t<\/div>\n\t\t\t\t<\/div>\n\t\t\t\t<div class=\"elementor-element elementor-element-0a44b2b elementor-widget elementor-widget-text-editor\" data-id=\"0a44b2b\" data-element_type=\"widget\" data-widget_type=\"text-editor.default\">\n\t\t\t\t<div class=\"elementor-widget-container\">\n\t\t\t\t\t<div class=\"elementor-text-editor elementor-clearfix\"><p>Da die Wirtschaft w\u00e4chst, wird auch die Umwelt immer schlechter. Besonders die Wasserverschmutzung ist sehr ernst. Vor 20 Jahren konnten wir sauberes Wasser in den Fl\u00fcssen um uns herum sehen und Fische im Fluss schwimmen sehen, wir konnten nachts Fr\u00f6sche im Reisfeld quaken h\u00f6ren. Vor 20 Jahren konnten wir sauberes Wasser in den Fl\u00fcssen um uns herum sehen und Fische im Fluss schwimmen sehen, und wir konnten nachts Fr\u00f6sche im Reisfeld quaken h\u00f6ren. Aber an den meisten Orten k\u00f6nnen wir nichts mehr sehen. Um uns herum gibt es verschmutztes und \u00fcbel riechendes Wasser, schmutzige Luft und L\u00e4rm. In unserem t\u00e4glichen Leben verwenden die Menschen Wasser auf viele Arten zu Hause: zum Trinken, Kochen, Baden, Z\u00e4hneputzen, Waschen von Kleidung und Geschirr. In unserem t\u00e4glichen Leben verwenden die Menschen Wasser auf vielf\u00e4ltige Weise: zum Trinken, Kochen, Baden, Z\u00e4hneputzen, Waschen von Kleidung, Geschirr und Autos, f\u00fcr die Toilettensp\u00fclung, zum Bew\u00e4ssern von G\u00e4rten und Rasenfl\u00e4chen und zum F\u00fcllen von Swimmingpools.<\/p><\/div>\n\t\t\t\t<\/div>\n\t\t\t\t<\/div>\n\t\t\t\t<div class=\"elementor-element elementor-element-b9cc5be elementor-widget elementor-widget-text-editor\" data-id=\"b9cc5be\" data-element_type=\"widget\" data-widget_type=\"text-editor.default\">\n\t\t\t\t<div class=\"elementor-widget-container\">\n\t\t\t\t\t<div class=\"elementor-text-editor elementor-clearfix\"><p>Sauberes, frisches Wasser ist sehr wichtig f\u00fcr die Gesundheit unseres K\u00f6rpers. Viele Krankheiten werden durch verschmutztes Wasser verursacht. Unser Ziel ist es, die besten Wasserausr\u00fcstungen anzubieten Unser Ziel ist es, die besten Ger\u00e4te zur Herstellung von sauberem Wasser anzubieten, um unsere Lebensqualit\u00e4t zu verbessern und Menschen zu helfen, die ihr eigenes Wassergesch\u00e4ft gr\u00fcnden wollen. Es gibt viele Arten von Wasser zum Trinken in Es gibt viele Arten von Wasser zum Trinken, zus\u00e4tzlich zu Leitungswasser oder Stadtwasser, Quellwasser, Mineralwasser, gereinigtes Wasser und destilliertes Wasser. Mineralwasser enth\u00e4lt von Natur aus viele gel\u00f6ste Mineralien - Eisen, Kalzium, Sulfat, Kalium usw. und hat einen Gehalt von mindestens 250 PPM (parts-per-part). Mineralwasser enth\u00e4lt von Natur aus viele gel\u00f6ste Mineralien - Eisen, Kalzium, Sulfat, Kalium usw. - und hat einen Gesamtgehalt an gel\u00f6sten Feststoffen (TDS) von mindestens 250 PPM (parts-per-million). Zum Vergleich: Leitungswasser hat in der Regel 300 bis 400 PPM. Gereinigtes Wasser - das reinste Wasser, das es gibt, gereinigtes Wasser bezieht sich auf die Qualit\u00e4t des Wassers. Diese Qualit\u00e4t kann auf verschiedene Weise erreicht werden, z. B. durch Destillation, Umkehrosmose, Ionenaustausch und andere Verfahren. Um als gereinigt eingestuft zu werden, muss das Wasser weniger als 10 PPM aufweisen. Unser abgef\u00fclltes Wasser durchl\u00e4uft einen 10-stufigen Reinigungsprozess, bei dem 99,9% der Verunreinigungen entfernt werden. 99,9% der Verunreinigungen werden entfernt, so dass Sie sicher sein k\u00f6nnen, dass Sie das reinste Wasser trinken.<\/p><\/div>\n\t\t\t\t<\/div>\n\t\t\t\t<\/div>\n\t\t\t\t<div class=\"elementor-element elementor-element-76e8360 elementor-widget elementor-widget-text-editor\" data-id=\"76e8360\" data-element_type=\"widget\" data-widget_type=\"text-editor.default\">\n\t\t\t\t<div class=\"elementor-widget-container\">\n\t\t\t\t\t<div class=\"elementor-text-editor elementor-clearfix\"><p>Um eine Wasserabf\u00fcllanlage zu bauen, ben\u00f6tigen wir eine Vorbehandlung (Multimedia-Filter, Kohlefilter, Enth\u00e4rter und Mikrofilter) und eine Ultrafiltration f\u00fcr Bergbauwasser Wir brauchen Vorbehandlung (Multimedia-Filter, Kohlefilter, Enth\u00e4rter und Mikrofilter) und Ultrafiltration f\u00fcr Bergbauwasser; Wasseraufbereitung (Multimedia-Filter, Kohlefilter, Enth\u00e4rter und Mikrofilter) und Umkehrosmose f\u00fcr gereinigtes Wasser; Ozongenerator wird verwendet, um Bakterien im Wasser zu t\u00f6ten Ozongenerator zur Abt\u00f6tung von Bakterien im Wasser; PET-Streckblasmaschine zur Herstellung von Flaschen; Wasserabf\u00fcllmaschine zur Abf\u00fcllung von Wasser in Flaschen mit integrierter Wasserabf\u00fcllmaschine ist entworfen, um Wasser in Flaschen zu f\u00fcllen, die das Sp\u00fclen (Waschen), F\u00fcllen und Verschlie\u00dfen in einem integrieren; Tintenstrahl-Codierer wird verwendet, um MFG-Datum, Chargennummer und EXP-Datum auf Flaschen, Kappen oder Etiketten zu drucken; Schrumpfschlauch Schrumpfschlauch-Etikettiermaschine wird zum Aufbringen und Schrumpfen von Etiketten auf Flaschen verwendet; Schrumpfverpackungsmaschine b\u00fcndelt und schrumpft abgef\u00fclltes Wasser f\u00fcr den Transport.<\/p><\/div>\n\t\t\t\t<\/div>\n\t\t\t\t<\/div>\n\t\t\t\t\t\t<\/div>\n\t\t\t<\/div>\n\t\t<\/div>\n\t\t\t\t\t\t<\/div>\n\t\t\t<\/div>\n\t\t<\/section>\n\t\t\t\t\t\t<\/div>\n\t\t\t<\/div>\n\t\t<\/div>","protected":false},"excerpt":{"rendered":"<p>How to build a water bottling &hellip;<\/p>","protected":false},"author":1,"featured_media":0,"parent":0,"menu_order":0,"comment_status":"closed","ping_status":"closed","template":"elementor_header_footer","meta":{"footnotes":""},"class_list":["post-2395","page","type-page","status-publish","hentry","no-thumb"],"yoast_head":"<!-- This site is optimized with the Yoast SEO plugin v24.8.1 - https:\/\/yoast.com\/wordpress\/plugins\/seo\/ -->\n<title>Tech Support - Focus on pack<\/title>\n<meta name=\"robots\" content=\"index, follow, max-snippet:-1, max-image-preview:large, max-video-preview:-1\" \/>\n<link rel=\"canonical\" href=\"https:\/\/focusonpack.com\/de\/technischer-support\/\" \/>\n<meta property=\"og:locale\" content=\"de_DE\" \/>\n<meta property=\"og:type\" content=\"article\" \/>\n<meta property=\"og:title\" content=\"Tech Support - Focus on pack\" \/>\n<meta property=\"og:description\" content=\"How to build a water bottling &hellip;\" \/>\n<meta property=\"og:url\" content=\"https:\/\/focusonpack.com\/de\/technischer-support\/\" \/>\n<meta property=\"og:site_name\" content=\"Focus on pack\" \/>\n<meta property=\"article:modified_time\" content=\"2020-05-08T08:28:38+00:00\" \/>\n<meta name=\"twitter:card\" content=\"summary_large_image\" \/>\n<meta name=\"twitter:label1\" content=\"Gesch\u00e4tzte Lesezeit\" \/>\n\t<meta name=\"twitter:data1\" content=\"3\u00a0Minuten\" \/>\n<script type=\"application\/ld+json\" class=\"yoast-schema-graph\">{\"@context\":\"https:\/\/schema.org\",\"@graph\":[{\"@type\":\"WebPage\",\"@id\":\"https:\/\/focusonpack.com\/tech-support\/\",\"url\":\"https:\/\/focusonpack.com\/tech-support\/\",\"name\":\"Tech Support - Focus on pack\",\"isPartOf\":{\"@id\":\"https:\/\/focusonpack.com\/#website\"},\"datePublished\":\"2020-05-07T08:21:48+00:00\",\"dateModified\":\"2020-05-08T08:28:38+00:00\",\"breadcrumb\":{\"@id\":\"https:\/\/focusonpack.com\/tech-support\/#breadcrumb\"},\"inLanguage\":\"de\",\"potentialAction\":[{\"@type\":\"ReadAction\",\"target\":[\"https:\/\/focusonpack.com\/tech-support\/\"]}]},{\"@type\":\"BreadcrumbList\",\"@id\":\"https:\/\/focusonpack.com\/tech-support\/#breadcrumb\",\"itemListElement\":[{\"@type\":\"ListItem\",\"position\":1,\"name\":\"\u9996\u9875\",\"item\":\"https:\/\/focusonpack.com\/\"},{\"@type\":\"ListItem\",\"position\":2,\"name\":\"Tech Support\"}]},{\"@type\":\"WebSite\",\"@id\":\"https:\/\/focusonpack.com\/#website\",\"url\":\"https:\/\/focusonpack.com\/\",\"name\":\"Focus on pack\",\"description\":\"water processing line,package machine, filling machine\",\"potentialAction\":[{\"@type\":\"SearchAction\",\"target\":{\"@type\":\"EntryPoint\",\"urlTemplate\":\"https:\/\/focusonpack.com\/?s={search_term_string}\"},\"query-input\":{\"@type\":\"PropertyValueSpecification\",\"valueRequired\":true,\"valueName\":\"search_term_string\"}}],\"inLanguage\":\"de\"}]}<\/script>\n<!-- \/ Yoast SEO plugin. -->","yoast_head_json":{"title":"Tech Support - Focus on pack","robots":{"index":"index","follow":"follow","max-snippet":"max-snippet:-1","max-image-preview":"max-image-preview:large","max-video-preview":"max-video-preview:-1"},"canonical":"https:\/\/focusonpack.com\/de\/technischer-support\/","og_locale":"de_DE","og_type":"article","og_title":"Tech Support - Focus on pack","og_description":"How to build a water bottling &hellip;","og_url":"https:\/\/focusonpack.com\/de\/technischer-support\/","og_site_name":"Focus on pack","article_modified_time":"2020-05-08T08:28:38+00:00","twitter_card":"summary_large_image","twitter_misc":{"Gesch\u00e4tzte Lesezeit":"3\u00a0Minuten"},"schema":{"@context":"https:\/\/schema.org","@graph":[{"@type":"WebPage","@id":"https:\/\/focusonpack.com\/tech-support\/","url":"https:\/\/focusonpack.com\/tech-support\/","name":"Tech Support - Focus on pack","isPartOf":{"@id":"https:\/\/focusonpack.com\/#website"},"datePublished":"2020-05-07T08:21:48+00:00","dateModified":"2020-05-08T08:28:38+00:00","breadcrumb":{"@id":"https:\/\/focusonpack.com\/tech-support\/#breadcrumb"},"inLanguage":"de","potentialAction":[{"@type":"ReadAction","target":["https:\/\/focusonpack.com\/tech-support\/"]}]},{"@type":"BreadcrumbList","@id":"https:\/\/focusonpack.com\/tech-support\/#breadcrumb","itemListElement":[{"@type":"ListItem","position":1,"name":"\u9996\u9875","item":"https:\/\/focusonpack.com\/"},{"@type":"ListItem","position":2,"name":"Tech Support"}]},{"@type":"WebSite","@id":"https:\/\/focusonpack.com\/#website","url":"https:\/\/focusonpack.com\/","name":"Focus on pack","description":"water processing line,package machine, filling machine","potentialAction":[{"@type":"SearchAction","target":{"@type":"EntryPoint","urlTemplate":"https:\/\/focusonpack.com\/?s={search_term_string}"},"query-input":{"@type":"PropertyValueSpecification","valueRequired":true,"valueName":"search_term_string"}}],"inLanguage":"de"}]}},"_links":{"self":[{"href":"https:\/\/focusonpack.com\/de\/wp-json\/wp\/v2\/pages\/2395","targetHints":{"allow":["GET"]}}],"collection":[{"href":"https:\/\/focusonpack.com\/de\/wp-json\/wp\/v2\/pages"}],"about":[{"href":"https:\/\/focusonpack.com\/de\/wp-json\/wp\/v2\/types\/page"}],"author":[{"embeddable":true,"href":"https:\/\/focusonpack.com\/de\/wp-json\/wp\/v2\/users\/1"}],"replies":[{"embeddable":true,"href":"https:\/\/focusonpack.com\/de\/wp-json\/wp\/v2\/comments?post=2395"}],"version-history":[{"count":6,"href":"https:\/\/focusonpack.com\/de\/wp-json\/wp\/v2\/pages\/2395\/revisions"}],"predecessor-version":[{"id":2662,"href":"https:\/\/focusonpack.com\/de\/wp-json\/wp\/v2\/pages\/2395\/revisions\/2662"}],"wp:attachment":[{"href":"https:\/\/focusonpack.com\/de\/wp-json\/wp\/v2\/media?parent=2395"}],"curies":[{"name":"wp","href":"https:\/\/api.w.org\/{rel}","templated":true}]}}