{"id":2577,"date":"2020-05-08T15:37:18","date_gmt":"2020-05-08T07:37:18","guid":{"rendered":"https:\/\/focusonpack.com\/?page_id=2577"},"modified":"2020-05-16T16:36:50","modified_gmt":"2020-05-16T08:36:50","slug":"automatic-one-side-labeling-machine","status":"publish","type":"page","link":"https:\/\/focusonpack.com\/de\/automatische-einseitige-etikettiermaschine\/","title":{"rendered":"Automatische einseitige Etikettiermaschine"},"content":{"rendered":"<div data-elementor-type=\"wp-page\" data-elementor-id=\"2577\" class=\"elementor elementor-2577\" data-elementor-settings=\"[]\">\n\t\t\t<div class=\"elementor-inner\">\n\t\t\t\t<div class=\"elementor-section-wrap\">\n\t\t\t\t\t\t\t<section class=\"elementor-element elementor-element-4ae5073 elementor-section-boxed elementor-section-height-default elementor-section-height-default elementor-section elementor-top-section\" data-id=\"4ae5073\" data-element_type=\"section\">\n\t\t\t\t\t\t<div class=\"elementor-container elementor-column-gap-default\">\n\t\t\t\t<div class=\"elementor-row\">\n\t\t\t\t<div class=\"elementor-element elementor-element-39ebc987 elementor-column elementor-col-50 elementor-top-column\" data-id=\"39ebc987\" data-element_type=\"column\">\n\t\t\t<div class=\"elementor-column-wrap  elementor-element-populated\">\n\t\t\t\t\t<div class=\"elementor-widget-wrap\">\n\t\t\t\t<div class=\"elementor-element elementor-element-67cfe6a5 elementor-widget elementor-widget-heading\" data-id=\"67cfe6a5\" data-element_type=\"widget\" data-widget_type=\"heading.default\">\n\t\t\t\t<div class=\"elementor-widget-container\">\n\t\t\t<h3 class=\"elementor-heading-title elementor-size-default\">Automatische einseitige Etikettiermaschine<\/h3>\t\t<\/div>\n\t\t\t\t<\/div>\n\t\t\t\t<div class=\"elementor-element elementor-element-66018f9f elementor-widget elementor-widget-heading\" data-id=\"66018f9f\" data-element_type=\"widget\" data-widget_type=\"heading.default\">\n\t\t\t\t<div class=\"elementor-widget-container\">\n\t\t\t<h3 class=\"elementor-heading-title elementor-size-default\">Automatische einseitige Etikettenmaschine f\u00fcr Flaschen<\/h3>\t\t<\/div>\n\t\t\t\t<\/div>\n\t\t\t\t<div class=\"elementor-element elementor-element-51f474ba elementor-widget elementor-widget-text-editor\" data-id=\"51f474ba\" data-element_type=\"widget\" data-widget_type=\"text-editor.default\">\n\t\t\t\t<div class=\"elementor-widget-container\">\n\t\t\t\t\t<div class=\"elementor-text-editor elementor-clearfix\"><p>Die automatische, einseitig selbstklebende Aufkleber-Etikettiermaschine wurde entwickelt, um ein Etikett auf flache, ovale, quadratische, runde oder jede andere Form von Beh\u00e4ltern aufzubringen. Sie besteht aus Edelstahl- und Eloxal-Komponenten, das Etikettiersystem wird von einem Servomotor angetrieben und ist f\u00fcr das Aufbringen eines Etiketts auf den Beh\u00e4lter ausgelegt. Das Etikettiersystem wird von einem Servomotor angetrieben, alle anderen Systeme werden von Wechselstrommotoren angetrieben (alle Motoren sind synchronisiert). ). Diese Flaschenetikettiermaschine ist mit einem geschwindigkeitsregulierbaren Beh\u00e4ltertrennmodul ausgestattet, das in das Etikettiersystem integriert ist, um eine korrekte Flaschenetikettierung zu gew\u00e4hrleisten. Diese Flaschenaufklebermaschine ist mit einem geschwindigkeitsverstellbaren Beh\u00e4ltertrennmodul ausgestattet, das in das Etikettiersystem integriert ist, um den korrekten Zeitpunkt des Flascheneinlaufs zu gew\u00e4hrleisten, mit einem synchronisierten oberen Stabilisierungs-\/F\u00f6rderband, das die Flasche f\u00fcr eine ordnungsgem\u00e4\u00dfe Etikettierung h\u00e4lt, mit einem ber\u00fchrungslosen Produktsensor f\u00fcr Etikettenl\u00fccken und Kontaktsensor f\u00fcr Etikettenl\u00fccken und Beh\u00e4lter oder optionaler R\u00fcckseiten-Sensor. Weitere Merkmale sind der kraftunterst\u00fctzte Bahneinzug, SPS-Steuerung und benutzerfreundliche HMI. Zu den weiteren Merkmalen geh\u00f6ren ein leistungsunterst\u00fctzter Bahneinzug, eine SPS-Steuerung und eine benutzerfreundliche HMI. Das benutzerfreundliche Design erleichtert den Wechsel von Flaschen- und Etikettengr\u00f6\u00dfen.<\/p><\/div>\n\t\t\t\t<\/div>\n\t\t\t\t<\/div>\n\t\t\t\t<div class=\"elementor-element elementor-element-6138dd16 elementor-widget elementor-widget-heading\" data-id=\"6138dd16\" data-element_type=\"widget\" data-widget_type=\"heading.default\">\n\t\t\t\t<div class=\"elementor-widget-container\">\n\t\t\t<h3 class=\"elementor-heading-title elementor-size-default\">Wesentliche Merkmale<\/h3>\t\t<\/div>\n\t\t\t\t<\/div>\n\t\t\t\t<div class=\"elementor-element elementor-element-1d483d01 elementor-widget elementor-widget-text-editor\" data-id=\"1d483d01\" data-element_type=\"widget\" data-widget_type=\"text-editor.default\">\n\t\t\t\t<div class=\"elementor-widget-container\">\n\t\t\t\t\t<div class=\"elementor-text-editor elementor-clearfix\"><p>\uf105 Hochbelastbare Komponenten aus eloxiertem Aluminium und Edelstahl<\/p><p>\uf105 Elektronische Komponenten sind weltbekannte Marken<\/p><p>\uf105 Geeignet f\u00fcr die Etikettierung von flachen, ovalen, quadratischen und runden Beh\u00e4ltern<\/p><p>\uf105 Flascheneinlauf-Trennrad mit variabler Geschwindigkeit<\/p><p>\uf105 PLC-Steuerung und benutzerfreundliche HMI<\/p><p>\uf105 Servomotorantrieb liefert genaue und wiederholbare Etikettierung mit hoher Geschwindigkeit<\/p><p>\uf105 Das obere Stabilisierungs-\/F\u00f6rderband dient dazu, die Flasche f\u00fcr eine ordnungsgem\u00e4\u00dfe Etikettierung zu halten.<\/p><p>\uf105 Automatisch synchronisierter Etikettenkopf und F\u00f6rderband<\/p><p>\uf105 Stromunterst\u00fctzter Bahneinzug<\/p><p>\uf105 Erkennung niedriger oder fehlender Etiketten mit automatischem Stoppsystem zur Vermeidung von Fehletikettierungen<\/p><p>\uf105 Ber\u00fchrungslose Fotoaugensensoren<\/p><p>\uf105 Etikettenz\u00e4hler<\/p><\/div>\n\t\t\t\t<\/div>\n\t\t\t\t<\/div>\n\t\t\t\t<div class=\"elementor-element elementor-element-9884201 elementor-widget elementor-widget-heading\" data-id=\"9884201\" data-element_type=\"widget\" data-widget_type=\"heading.default\">\n\t\t\t\t<div class=\"elementor-widget-container\">\n\t\t\t<h3 class=\"elementor-heading-title elementor-size-default\">Verf\u00fcgbare Optionen<\/h3>\t\t<\/div>\n\t\t\t\t<\/div>\n\t\t\t\t<div class=\"elementor-element elementor-element-8495217 elementor-widget elementor-widget-text-editor\" data-id=\"8495217\" data-element_type=\"widget\" data-widget_type=\"text-editor.default\">\n\t\t\t\t<div class=\"elementor-widget-container\">\n\t\t\t\t\t<div class=\"elementor-text-editor elementor-clearfix\"><p>\uf105 Hei\u00dfpr\u00e4gedruck-Codierer mit Sockel (druckt Zeichen direkt auf das Etikett)<\/p><p>\uf105 Clear Label Sensoren (zur Erkennung transparenter Etiketten)<\/p><p>\uf105 Wraparound-Station<\/p><\/div>\n\t\t\t\t<\/div>\n\t\t\t\t<\/div>\n\t\t\t\t<div class=\"elementor-element elementor-element-7c286953 elementor-widget elementor-widget-heading\" data-id=\"7c286953\" data-element_type=\"widget\" data-widget_type=\"heading.default\">\n\t\t\t\t<div class=\"elementor-widget-container\">\n\t\t\t<h3 class=\"elementor-heading-title elementor-size-default\">Technische Daten<\/h3>\t\t<\/div>\n\t\t\t\t<\/div>\n\t\t\t\t<div class=\"elementor-element elementor-element-61431646 elementor-widget elementor-widget-text-editor\" data-id=\"61431646\" data-element_type=\"widget\" data-widget_type=\"text-editor.default\">\n\t\t\t\t<div class=\"elementor-widget-container\">\n\t\t\t\t\t<div class=\"elementor-text-editor elementor-clearfix\"><table border=\"0\" cellpadding=\"0\" cellspacing=\"0\" width=\"633\" height=\"240\" style=\"width: 474.77pt;\">\n <colgroup><col width=\"146\" style=\"width:109.50pt;\">\n <col width=\"487\" style=\"width:365.25pt;\">\n <\/colgroup><tbody><tr height=\"20\" style=\"height:15.00pt;\">\n  <td class=\"et2\" height=\"20\" width=\"146\" x:str=\"\" style=\"height:15.00pt;width:109.50pt;\">Richtung<\/td>\n  <td class=\"et2\" width=\"487\" x:str=\"\" style=\"width:365.25pt;\">Von links nach rechts oder von rechts nach links<\/td>\n <\/tr>\n <tr height=\"20\" style=\"height:15.00pt;\">\n  <td class=\"et2\" height=\"20\" x:str=\"\" style=\"height:15.00pt;\">Geschwindigkeit<\/td>\n  <td class=\"et2\" x:str=\"\">120-250CPM(Abh\u00e4ngig von Produkteigenschaften und Vorschubgeschwindigkeit)<\/td>\n <\/tr>\n <tr height=\"20\" style=\"height:15.00pt;\">\n  <td class=\"et2\" height=\"20\" x:str=\"\" style=\"height:15.00pt;\">Container-Durchmesser&nbsp;<\/td>\n  <td class=\"et2\" x:str=\"\">l:30-300mm b:20-140mm<\/td>\n <\/tr>\n <tr height=\"20\" style=\"height:15.00pt;\">\n  <td class=\"et2\" height=\"20\" x:str=\"\" style=\"height:15.00pt;\">Container H\u00f6he<\/td>\n  <td class=\"et2\" x:str=\"\">55-400mm<\/td>\n <\/tr>\n <tr height=\"20\" style=\"height:15.00pt;\">\n  <td class=\"et2\" height=\"20\" x:str=\"\" style=\"height:15.00pt;\">Etikett L\u00e4nge<\/td>\n  <td class=\"et2\" x:str=\"\">15-300mm<\/td>\n <\/tr>\n <tr height=\"20\" style=\"height:15.00pt;\">\n  <td class=\"et2\" height=\"20\" x:str=\"\" style=\"height:15.00pt;\">Etikett H\u00f6he<\/td>\n  <td class=\"et2\" x:str=\"\">10-150mm<\/td>\n <\/tr>\n <tr height=\"20\" style=\"height:15.00pt;\">\n  <td class=\"et2\" height=\"20\" x:str=\"\" style=\"height:15.00pt;\">Etikettiergenauigkeit<\/td>\n  <td class=\"et2\" x:str=\"\">\u00b11mm (abh\u00e4ngig von den Produkteigenschaften)<\/td>\n <\/tr>\n <tr height=\"20\" style=\"height:15.00pt;\">\n  <td class=\"et2\" height=\"20\" x:str=\"\" style=\"height:15.00pt;\">Etikettenrolle Gr\u00f6\u00dfe<\/td>\n  <td class=\"et2\" x:str=\"\">320mm(Max)<\/td>\n <\/tr>\n <tr height=\"20\" style=\"height:15.00pt;\">\n  <td class=\"et2\" height=\"20\" x:str=\"\" style=\"height:15.00pt;\">Etikett Kerngr\u00f6\u00dfe<\/td>\n  <td class=\"et2\" x:str=\"\">76mm<\/td>\n <\/tr>\n <tr height=\"20\" style=\"height:15.00pt;\">\n  <td class=\"et2\" height=\"20\" x:str=\"\" style=\"height:15.00pt;\">Elektrische Versorgung<\/td>\n  <td class=\"et2\" x:str=\"\">110\/220V 50\/60HZ 1PH 950W<\/td>\n <\/tr>\n <tr height=\"20\" style=\"height:15.00pt;\">\n  <td class=\"et2\" height=\"20\" x:str=\"\" style=\"height:15.00pt;\">Gewicht&nbsp;<\/td>\n  <td class=\"et2\" x:str=\"\">310kgs<\/td>\n <\/tr>\n <tr height=\"20\" style=\"height:15.00pt;\">\n  <td class=\"et2\" height=\"20\" x:str=\"\" style=\"height:15.00pt;\">Dimension<\/td>\n  <td class=\"et2\" x:str=\"\">2800x1450x1500mm<\/td>\n <\/tr>\n<\/tbody><\/table><\/div>\n\t\t\t\t<\/div>\n\t\t\t\t<\/div>\n\t\t\t\t<div class=\"elementor-element elementor-element-640c4e95 elementor-widget elementor-widget-text-editor\" data-id=\"640c4e95\" data-element_type=\"widget\" data-widget_type=\"text-editor.default\">\n\t\t\t\t<div class=\"elementor-widget-container\">\n\t\t\t\t\t<div class=\"elementor-text-editor elementor-clearfix\"><p>\uf013 \u00c4nderungen der technischen Daten ohne Vorank\u00fcndigung vorbehalten, alle Rechte vorbehalten.<\/p><\/div>\n\t\t\t\t<\/div>\n\t\t\t\t<\/div>\n\t\t\t\t\t\t<\/div>\n\t\t\t<\/div>\n\t\t<\/div>\n\t\t\t\t<div class=\"elementor-element elementor-element-757c995a elementor-column elementor-col-50 elementor-top-column\" data-id=\"757c995a\" data-element_type=\"column\">\n\t\t\t<div class=\"elementor-column-wrap  elementor-element-populated\">\n\t\t\t\t\t<div class=\"elementor-widget-wrap\">\n\t\t\t\t<div class=\"elementor-element elementor-element-26961cb3 elementor-widget elementor-widget-spacer\" data-id=\"26961cb3\" data-element_type=\"widget\" data-widget_type=\"spacer.default\">\n\t\t\t\t<div class=\"elementor-widget-container\">\n\t\t\t\t\t<div class=\"elementor-spacer\">\n\t\t\t<div class=\"elementor-spacer-inner\"><\/div>\n\t\t<\/div>\n\t\t\t\t<\/div>\n\t\t\t\t<\/div>\n\t\t\t\t<div class=\"elementor-element elementor-element-3e267c81 elementor-widget elementor-widget-image\" data-id=\"3e267c81\" data-element_type=\"widget\" data-widget_type=\"image.default\">\n\t\t\t\t<div class=\"elementor-widget-container\">\n\t\t\t\t\t<div class=\"elementor-image\">\n\t\t\t\t\t\t\t\t\t\t<img loading=\"lazy\" decoding=\"async\" width=\"370\" height=\"248\" src=\"https:\/\/focusonpack.com\/wp-content\/uploads\/2020\/05\/one-side.jpg\" class=\"attachment-full size-full\" alt=\"\" srcset=\"https:\/\/focusonpack.com\/wp-content\/uploads\/2020\/05\/one-side.jpg 370w, https:\/\/focusonpack.com\/wp-content\/uploads\/2020\/05\/one-side-300x201.jpg 300w, https:\/\/focusonpack.com\/wp-content\/uploads\/2020\/05\/one-side-270x180.jpg 270w\" sizes=\"auto, (max-width: 370px) 100vw, 370px\" \/>\t\t\t\t\t\t\t\t\t\t\t<\/div>\n\t\t\t\t<\/div>\n\t\t\t\t<\/div>\n\t\t\t\t<div class=\"elementor-element elementor-element-481a6c71 elementor-button-info elementor-align-center elementor-widget elementor-widget-button\" data-id=\"481a6c71\" data-element_type=\"widget\" data-widget_type=\"button.default\">\n\t\t\t\t<div class=\"elementor-widget-container\">\n\t\t\t\t\t<div class=\"elementor-button-wrapper\">\n\t\t\t<a href=\"https:\/\/focusonpack.com\/de\/kontaktieren-sie-uns\/\" class=\"elementor-button-link elementor-button elementor-size-sm\" role=\"button\">\n\t\t\t\t\t\t<span class=\"elementor-button-content-wrapper\">\n\t\t\t\t\t\t<span class=\"elementor-button-text\">Angebot anfordern<\/span>\n\t\t<\/span>\n\t\t\t\t\t<\/a>\n\t\t<\/div>\n\t\t\t\t<\/div>\n\t\t\t\t<\/div>\n\t\t\t\t\t\t<\/div>\n\t\t\t<\/div>\n\t\t<\/div>\n\t\t\t\t\t\t<\/div>\n\t\t\t<\/div>\n\t\t<\/section>\n\t\t\t\t\t\t<\/div>\n\t\t\t<\/div>\n\t\t<\/div>","protected":false},"excerpt":{"rendered":"<p>Automatic One Side Labeling Ma&hellip;<\/p>","protected":false},"author":1,"featured_media":0,"parent":0,"menu_order":0,"comment_status":"closed","ping_status":"closed","template":"elementor_header_footer","meta":{"footnotes":""},"class_list":["post-2577","page","type-page","status-publish","hentry","no-thumb"],"yoast_head":"<!-- This site is optimized with the Yoast SEO plugin v24.8.1 - https:\/\/yoast.com\/wordpress\/plugins\/seo\/ -->\n<title>Automatic One Side Labeling Machine - Focus on pack<\/title>\n<meta name=\"robots\" content=\"index, follow, max-snippet:-1, max-image-preview:large, max-video-preview:-1\" \/>\n<link rel=\"canonical\" href=\"https:\/\/focusonpack.com\/de\/automatische-einseitige-etikettiermaschine\/\" \/>\n<meta property=\"og:locale\" content=\"de_DE\" \/>\n<meta property=\"og:type\" content=\"article\" \/>\n<meta property=\"og:title\" content=\"Automatic One Side Labeling Machine - Focus on pack\" \/>\n<meta property=\"og:description\" content=\"Automatic One Side Labeling Ma&hellip;\" \/>\n<meta property=\"og:url\" content=\"https:\/\/focusonpack.com\/de\/automatische-einseitige-etikettiermaschine\/\" \/>\n<meta property=\"og:site_name\" content=\"Focus on pack\" \/>\n<meta property=\"article:modified_time\" content=\"2020-05-16T08:36:50+00:00\" \/>\n<meta property=\"og:image\" content=\"https:\/\/focusonpack.com\/wp-content\/uploads\/2020\/05\/one-side.jpg\" \/>\n<meta name=\"twitter:card\" content=\"summary_large_image\" \/>\n<meta name=\"twitter:label1\" content=\"Gesch\u00e4tzte Lesezeit\" \/>\n\t<meta name=\"twitter:data1\" content=\"2\u00a0Minuten\" \/>\n<script type=\"application\/ld+json\" class=\"yoast-schema-graph\">{\"@context\":\"https:\/\/schema.org\",\"@graph\":[{\"@type\":\"WebPage\",\"@id\":\"https:\/\/focusonpack.com\/automatic-one-side-labeling-machine\/\",\"url\":\"https:\/\/focusonpack.com\/automatic-one-side-labeling-machine\/\",\"name\":\"Automatic One Side Labeling Machine - Focus on pack\",\"isPartOf\":{\"@id\":\"https:\/\/focusonpack.com\/#website\"},\"primaryImageOfPage\":{\"@id\":\"https:\/\/focusonpack.com\/automatic-one-side-labeling-machine\/#primaryimage\"},\"image\":{\"@id\":\"https:\/\/focusonpack.com\/automatic-one-side-labeling-machine\/#primaryimage\"},\"thumbnailUrl\":\"https:\/\/focusonpack.com\/wp-content\/uploads\/2020\/05\/one-side.jpg\",\"datePublished\":\"2020-05-08T07:37:18+00:00\",\"dateModified\":\"2020-05-16T08:36:50+00:00\",\"breadcrumb\":{\"@id\":\"https:\/\/focusonpack.com\/automatic-one-side-labeling-machine\/#breadcrumb\"},\"inLanguage\":\"de\",\"potentialAction\":[{\"@type\":\"ReadAction\",\"target\":[\"https:\/\/focusonpack.com\/automatic-one-side-labeling-machine\/\"]}]},{\"@type\":\"ImageObject\",\"inLanguage\":\"de\",\"@id\":\"https:\/\/focusonpack.com\/automatic-one-side-labeling-machine\/#primaryimage\",\"url\":\"https:\/\/focusonpack.com\/wp-content\/uploads\/2020\/05\/one-side.jpg\",\"contentUrl\":\"https:\/\/focusonpack.com\/wp-content\/uploads\/2020\/05\/one-side.jpg\"},{\"@type\":\"BreadcrumbList\",\"@id\":\"https:\/\/focusonpack.com\/automatic-one-side-labeling-machine\/#breadcrumb\",\"itemListElement\":[{\"@type\":\"ListItem\",\"position\":1,\"name\":\"\u9996\u9875\",\"item\":\"https:\/\/focusonpack.com\/\"},{\"@type\":\"ListItem\",\"position\":2,\"name\":\"Automatic One Side Labeling Machine\"}]},{\"@type\":\"WebSite\",\"@id\":\"https:\/\/focusonpack.com\/#website\",\"url\":\"https:\/\/focusonpack.com\/\",\"name\":\"Focus on pack\",\"description\":\"\",\"potentialAction\":[{\"@type\":\"SearchAction\",\"target\":{\"@type\":\"EntryPoint\",\"urlTemplate\":\"https:\/\/focusonpack.com\/?s={search_term_string}\"},\"query-input\":{\"@type\":\"PropertyValueSpecification\",\"valueRequired\":true,\"valueName\":\"search_term_string\"}}],\"inLanguage\":\"de\"}]}<\/script>\n<!-- \/ Yoast SEO plugin. -->","yoast_head_json":{"title":"Automatic One Side Labeling Machine - Focus on pack","robots":{"index":"index","follow":"follow","max-snippet":"max-snippet:-1","max-image-preview":"max-image-preview:large","max-video-preview":"max-video-preview:-1"},"canonical":"https:\/\/focusonpack.com\/de\/automatische-einseitige-etikettiermaschine\/","og_locale":"de_DE","og_type":"article","og_title":"Automatic One Side Labeling Machine - Focus on pack","og_description":"Automatic One Side Labeling Ma&hellip;","og_url":"https:\/\/focusonpack.com\/de\/automatische-einseitige-etikettiermaschine\/","og_site_name":"Focus on pack","article_modified_time":"2020-05-16T08:36:50+00:00","og_image":[{"url":"https:\/\/focusonpack.com\/wp-content\/uploads\/2020\/05\/one-side.jpg","type":"","width":"","height":""}],"twitter_card":"summary_large_image","twitter_misc":{"Gesch\u00e4tzte Lesezeit":"2\u00a0Minuten"},"schema":{"@context":"https:\/\/schema.org","@graph":[{"@type":"WebPage","@id":"https:\/\/focusonpack.com\/automatic-one-side-labeling-machine\/","url":"https:\/\/focusonpack.com\/automatic-one-side-labeling-machine\/","name":"Automatic One Side Labeling Machine - Focus on pack","isPartOf":{"@id":"https:\/\/focusonpack.com\/#website"},"primaryImageOfPage":{"@id":"https:\/\/focusonpack.com\/automatic-one-side-labeling-machine\/#primaryimage"},"image":{"@id":"https:\/\/focusonpack.com\/automatic-one-side-labeling-machine\/#primaryimage"},"thumbnailUrl":"https:\/\/focusonpack.com\/wp-content\/uploads\/2020\/05\/one-side.jpg","datePublished":"2020-05-08T07:37:18+00:00","dateModified":"2020-05-16T08:36:50+00:00","breadcrumb":{"@id":"https:\/\/focusonpack.com\/automatic-one-side-labeling-machine\/#breadcrumb"},"inLanguage":"de","potentialAction":[{"@type":"ReadAction","target":["https:\/\/focusonpack.com\/automatic-one-side-labeling-machine\/"]}]},{"@type":"ImageObject","inLanguage":"de","@id":"https:\/\/focusonpack.com\/automatic-one-side-labeling-machine\/#primaryimage","url":"https:\/\/focusonpack.com\/wp-content\/uploads\/2020\/05\/one-side.jpg","contentUrl":"https:\/\/focusonpack.com\/wp-content\/uploads\/2020\/05\/one-side.jpg"},{"@type":"BreadcrumbList","@id":"https:\/\/focusonpack.com\/automatic-one-side-labeling-machine\/#breadcrumb","itemListElement":[{"@type":"ListItem","position":1,"name":"\u9996\u9875","item":"https:\/\/focusonpack.com\/"},{"@type":"ListItem","position":2,"name":"Automatic One Side Labeling Machine"}]},{"@type":"WebSite","@id":"https:\/\/focusonpack.com\/#website","url":"https:\/\/focusonpack.com\/","name":"Focus on pack","description":"","potentialAction":[{"@type":"SearchAction","target":{"@type":"EntryPoint","urlTemplate":"https:\/\/focusonpack.com\/?s={search_term_string}"},"query-input":{"@type":"PropertyValueSpecification","valueRequired":true,"valueName":"search_term_string"}}],"inLanguage":"de"}]}},"_links":{"self":[{"href":"https:\/\/focusonpack.com\/de\/wp-json\/wp\/v2\/pages\/2577","targetHints":{"allow":["GET"]}}],"collection":[{"href":"https:\/\/focusonpack.com\/de\/wp-json\/wp\/v2\/pages"}],"about":[{"href":"https:\/\/focusonpack.com\/de\/wp-json\/wp\/v2\/types\/page"}],"author":[{"embeddable":true,"href":"https:\/\/focusonpack.com\/de\/wp-json\/wp\/v2\/users\/1"}],"replies":[{"embeddable":true,"href":"https:\/\/focusonpack.com\/de\/wp-json\/wp\/v2\/comments?post=2577"}],"version-history":[{"count":7,"href":"https:\/\/focusonpack.com\/de\/wp-json\/wp\/v2\/pages\/2577\/revisions"}],"predecessor-version":[{"id":3597,"href":"https:\/\/focusonpack.com\/de\/wp-json\/wp\/v2\/pages\/2577\/revisions\/3597"}],"wp:attachment":[{"href":"https:\/\/focusonpack.com\/de\/wp-json\/wp\/v2\/media?parent=2577"}],"curies":[{"name":"wp","href":"https:\/\/api.w.org\/{rel}","templated":true}]}}