{"id":2578,"date":"2020-05-08T15:37:21","date_gmt":"2020-05-08T07:37:21","guid":{"rendered":"https:\/\/focusonpack.com\/?page_id=2578"},"modified":"2023-07-21T11:06:21","modified_gmt":"2023-07-21T03:06:21","slug":"automatic-wrap-around-labeling-machine","status":"publish","type":"page","link":"https:\/\/focusonpack.com\/de\/automatische-rundumetikettiermaschine\/","title":{"rendered":"Automatische Wrap-Around-Etikettiermaschine"},"content":{"rendered":"<div data-elementor-type=\"wp-page\" data-elementor-id=\"2578\" class=\"elementor elementor-2578\" data-elementor-settings=\"[]\">\n\t\t\t<div class=\"elementor-inner\">\n\t\t\t\t<div class=\"elementor-section-wrap\">\n\t\t\t\t\t\t\t<section class=\"elementor-element elementor-element-709ea11a elementor-section-boxed elementor-section-height-default elementor-section-height-default elementor-section elementor-top-section\" data-id=\"709ea11a\" data-element_type=\"section\">\n\t\t\t\t\t\t<div class=\"elementor-container elementor-column-gap-default\">\n\t\t\t\t<div class=\"elementor-row\">\n\t\t\t\t<div class=\"elementor-element elementor-element-6890f63a elementor-column elementor-col-50 elementor-top-column\" data-id=\"6890f63a\" data-element_type=\"column\">\n\t\t\t<div class=\"elementor-column-wrap  elementor-element-populated\">\n\t\t\t\t\t<div class=\"elementor-widget-wrap\">\n\t\t\t\t<div class=\"elementor-element elementor-element-2c66f35b elementor-widget elementor-widget-heading\" data-id=\"2c66f35b\" data-element_type=\"widget\" data-widget_type=\"heading.default\">\n\t\t\t\t<div class=\"elementor-widget-container\">\n\t\t\t<h3 class=\"elementor-heading-title elementor-size-default\">Automatische Wrap-Around-Etikettiermaschine<\/h3>\t\t<\/div>\n\t\t\t\t<\/div>\n\t\t\t\t<div class=\"elementor-element elementor-element-5cffe2d4 elementor-widget elementor-widget-heading\" data-id=\"5cffe2d4\" data-element_type=\"widget\" data-widget_type=\"heading.default\">\n\t\t\t\t<div class=\"elementor-widget-container\">\n\t\t\t<h3 class=\"elementor-heading-title elementor-size-default\">Automatischer Rundum-Etikettierer<\/h3>\t\t<\/div>\n\t\t\t\t<\/div>\n\t\t\t\t<div class=\"elementor-element elementor-element-59012ccd elementor-widget elementor-widget-text-editor\" data-id=\"59012ccd\" data-element_type=\"widget\" data-widget_type=\"text-editor.default\">\n\t\t\t\t<div class=\"elementor-widget-container\">\n\t\t\t\t\t<div class=\"elementor-text-editor elementor-clearfix\"><p>Die automatische, riemengetriebene Etikettiermaschine f\u00fcr selbstklebende Flaschen ist die traditionellste Methode zum Aufbringen von Etiketten auf runde Produkte. Das Produkt wird zwischen einem rotierenden Riemen und einem Druckkissen transportiert, in dem es sich w\u00e4hrend der Rotation weiter vorw\u00e4rts bewegt. Das Produkt wird zwischen einem rotierenden Band und einem Druckkissen transportiert, wobei es sich w\u00e4hrend der Rotation weiter vorw\u00e4rts bewegt. Zu Beginn der Rotation wird ein Etikett gespendet und folgt dem Produkt w\u00e4hrend der Rotation, um das Etikett um den Zylinder zu wickeln. Zu Beginn der Drehung wird ein Etikett gespendet und folgt dem Produkt w\u00e4hrend der Drehung, um das Etikett um den Zylinder zu wickeln.<\/p><\/div>\n\t\t\t\t<\/div>\n\t\t\t\t<\/div>\n\t\t\t\t<div class=\"elementor-element elementor-element-25a7e546 elementor-widget elementor-widget-text-editor\" data-id=\"25a7e546\" data-element_type=\"widget\" data-widget_type=\"text-editor.default\">\n\t\t\t\t<div class=\"elementor-widget-container\">\n\t\t\t\t\t<div class=\"elementor-text-editor elementor-clearfix\"><p>Diese automatische Etikettiermaschine ist eine automatische Rundflaschen-Etikettiermaschine und besteht aus Komponenten aus rostfreiem Stahl und eloxiertem Aluminium. Das Etikettiersystem wird von einem Servomotor angetrieben, alle anderen Systeme werden von AC-Motoren angetrieben (alle Motoren sind synchronisiert). Diese automatische Etikettiermaschine f\u00fcr runde Flaschen ist mit Komponenten aus rostfreiem Stahl und eloxiertem Aluminium konstruiert. Das Etikettiersystem wird von einem Servomotor angetrieben, alle anderen Systeme werden von AC-Motoren angetrieben (alle Motoren sind synchronisiert). Sie ist mit einem geschwindigkeitsverstellbaren Beh\u00e4ltertrennmodul ausgestattet, das in das Etikettiersystem integriert ist, um einen korrekten Flascheneinlauf zu gew\u00e4hrleisten, und mit einem geschwindigkeitsverstellbaren Rundumetikettiermodul, um einen korrekten Flascheneinlauf zu gew\u00e4hrleisten. mit geschwindigkeitsverstellbarem Rundum-Etikettiermodul f\u00fcr 360\u00b0-Rundum-Etikettierung, ausgestattet mit einem ber\u00fchrungslosen Produktsensor f\u00fcr Etikettenl\u00fccken und Beh\u00e4lter oder optionalem R\u00fcckseiten-Sensor. Die benutzerfreundliche Einstellung am Etikettierkopf gew\u00e4hrleistet, dass das Etikett pr\u00e4zise auf den Beh\u00e4lter aufgebracht wird. Zu den weiteren Merkmalen geh\u00f6ren die stromunterst\u00fctzte Bahnaufwicklung, die SPS-Steuerung und die benutzerfreundliche HMI. Das benutzerfreundliche Design erm\u00f6glicht einen einfachen Wechsel der Flaschen- und Etikettengr\u00f6\u00dfen. Gr\u00f6\u00dfen.<\/p><\/div>\n\t\t\t\t<\/div>\n\t\t\t\t<\/div>\n\t\t\t\t<div class=\"elementor-element elementor-element-65f2f58c elementor-widget elementor-widget-heading\" data-id=\"65f2f58c\" data-element_type=\"widget\" data-widget_type=\"heading.default\">\n\t\t\t\t<div class=\"elementor-widget-container\">\n\t\t\t<h3 class=\"elementor-heading-title elementor-size-default\">Wesentliche Merkmale<\/h3>\t\t<\/div>\n\t\t\t\t<\/div>\n\t\t\t\t<div class=\"elementor-element elementor-element-77930b4a elementor-widget elementor-widget-text-editor\" data-id=\"77930b4a\" data-element_type=\"widget\" data-widget_type=\"text-editor.default\">\n\t\t\t\t<div class=\"elementor-widget-container\">\n\t\t\t\t\t<div class=\"elementor-text-editor elementor-clearfix\"><p>\uf105 Robuste Edelstahlkonstruktion und eloxierte Aluminiumkomponenten<\/p><p>\uf105 Elektronische Teile sind weltber\u00fchmte Marken<\/p><p>\uf105 Kann runde Produkte entweder mit einem Teil- oder Vollumh\u00fcllungsetikett etikettieren<\/p><p>\uf105 Flascheneinlauftrennrad mit variabler Geschwindigkeit<\/p><p>\uf105 PLC-Steuerung und benutzerfreundliche HMI<\/p><p>\uf105 Servomotorantrieb liefert genaue und wiederholbare Etikettierung mit hoher Geschwindigkeit<\/p><p>\uf105 Automatisch synchronisierter Etikettenkopf und F\u00f6rderband<\/p><p>\uf105 Stromunterst\u00fctzter Bahneinzug<\/p><p>\uf105 Erkennung niedriger oder fehlender Etiketten mit automatischem Stoppsystem zur Vermeidung von Fehletikettierungen<\/p><p>\uf105 Ber\u00fchrungslose Fotoaugensensoren<\/p><p>\uf105 Etikettenz\u00e4hler<\/p><\/div>\n\t\t\t\t<\/div>\n\t\t\t\t<\/div>\n\t\t\t\t<div class=\"elementor-element elementor-element-8e78c24 elementor-widget elementor-widget-heading\" data-id=\"8e78c24\" data-element_type=\"widget\" data-widget_type=\"heading.default\">\n\t\t\t\t<div class=\"elementor-widget-container\">\n\t\t\t<h3 class=\"elementor-heading-title elementor-size-default\">Verf\u00fcgbare Optionen<\/h3>\t\t<\/div>\n\t\t\t\t<\/div>\n\t\t\t\t<div class=\"elementor-element elementor-element-519e56c elementor-widget elementor-widget-text-editor\" data-id=\"519e56c\" data-element_type=\"widget\" data-widget_type=\"text-editor.default\">\n\t\t\t\t<div class=\"elementor-widget-container\">\n\t\t\t\t\t<div class=\"elementor-text-editor elementor-clearfix\"><p>\uf105 Hei\u00dfpr\u00e4gedruck-Codierer mit Sockel (druckt Zeichen direkt auf das Etikett)<\/p><p>\uf105 Clear Label Sensoren (zur Erkennung transparenter Etiketten)<\/p><\/div>\n\t\t\t\t<\/div>\n\t\t\t\t<\/div>\n\t\t\t\t<div class=\"elementor-element elementor-element-1034961e elementor-widget elementor-widget-heading\" data-id=\"1034961e\" data-element_type=\"widget\" data-widget_type=\"heading.default\">\n\t\t\t\t<div class=\"elementor-widget-container\">\n\t\t\t<h3 class=\"elementor-heading-title elementor-size-default\">Technische Daten<\/h3>\t\t<\/div>\n\t\t\t\t<\/div>\n\t\t\t\t<div class=\"elementor-element elementor-element-69e49c3f elementor-widget elementor-widget-text-editor\" data-id=\"69e49c3f\" data-element_type=\"widget\" data-widget_type=\"text-editor.default\">\n\t\t\t\t<div class=\"elementor-widget-container\">\n\t\t\t\t\t<div class=\"elementor-text-editor elementor-clearfix\"><table style=\"width: 474.77pt;\" border=\"0\" width=\"633\" cellspacing=\"0\" cellpadding=\"0\"><colgroup><col style=\"width: 109.50pt;\" width=\"146\" \/> <col style=\"width: 365.25pt;\" width=\"487\" \/> <\/colgroup><tbody><tr style=\"height: 15.00pt;\"><td class=\"et2\" style=\"height: 15.00pt; width: 109.50pt;\" width=\"146\" height=\"20\">Richtung<\/td><td class=\"et2\" style=\"width: 365.25pt;\" width=\"487\">Von links nach rechts oder von rechts nach links<\/td><\/tr><tr style=\"height: 15.00pt;\"><td class=\"et2\" style=\"height: 15.00pt;\" height=\"20\">Geschwindigkeit<\/td><td class=\"et2\">120-250CPM(Abh\u00e4ngig von Produkteigenschaften und Vorschubgeschwindigkeit)<\/td><\/tr><tr style=\"height: 15.00pt;\"><td class=\"et2\" style=\"height: 15.00pt;\" height=\"20\">Container-Durchmesser\u00a0<\/td><td class=\"et2\">25-120mm<\/td><\/tr><tr style=\"height: 15.00pt;\"><td class=\"et2\" style=\"height: 15.00pt;\" height=\"20\">Container H\u00f6he<\/td><td class=\"et2\">25-300mm<\/td><\/tr><tr style=\"height: 15.00pt;\"><td class=\"et2\" style=\"height: 15.00pt;\" height=\"20\">Etikett L\u00e4nge<\/td><td class=\"et2\">15-300mm<\/td><\/tr><tr style=\"height: 15.00pt;\"><td class=\"et2\" style=\"height: 15.00pt;\" height=\"20\">Etikett H\u00f6he<\/td><td class=\"et2\">10-150mm<\/td><\/tr><tr style=\"height: 15.00pt;\"><td class=\"et2\" style=\"height: 15.00pt;\" height=\"20\">Etikettiergenauigkeit<\/td><td class=\"et2\">\u00b11mm (abh\u00e4ngig von den Produkteigenschaften)<\/td><\/tr><tr style=\"height: 15.00pt;\"><td class=\"et2\" style=\"height: 15.00pt;\" height=\"20\">Etikettenrolle Gr\u00f6\u00dfe<\/td><td class=\"et2\">320mm(Max)<\/td><\/tr><tr style=\"height: 15.00pt;\"><td class=\"et2\" style=\"height: 15.00pt;\" height=\"20\">Etikett Kerngr\u00f6\u00dfe<\/td><td class=\"et2\">76mm<\/td><\/tr><tr style=\"height: 15.00pt;\"><td class=\"et2\" style=\"height: 15.00pt;\" height=\"20\">Elektrische Versorgung<\/td><td class=\"et2\">110\/220V 50\/60HZ 1PH 950W<\/td><\/tr><tr style=\"height: 15.00pt;\"><td class=\"et2\" style=\"height: 15.00pt;\" height=\"20\">Gewicht\u00a0<\/td><td class=\"et2\">200kgs<\/td><\/tr><tr style=\"height: 15.00pt;\"><td class=\"et2\" style=\"height: 15.00pt;\" height=\"20\">Dimension<\/td><td class=\"et2\">1800x900x1300mm<\/td><\/tr><\/tbody><\/table><\/div>\n\t\t\t\t<\/div>\n\t\t\t\t<\/div>\n\t\t\t\t<div class=\"elementor-element elementor-element-46de4673 elementor-widget elementor-widget-text-editor\" data-id=\"46de4673\" data-element_type=\"widget\" data-widget_type=\"text-editor.default\">\n\t\t\t\t<div class=\"elementor-widget-container\">\n\t\t\t\t\t<div class=\"elementor-text-editor elementor-clearfix\"><p>\uf013 \u00c4nderungen der technischen Daten ohne Vorank\u00fcndigung vorbehalten, alle Rechte vorbehalten.<\/p><\/div>\n\t\t\t\t<\/div>\n\t\t\t\t<\/div>\n\t\t\t\t\t\t<\/div>\n\t\t\t<\/div>\n\t\t<\/div>\n\t\t\t\t<div class=\"elementor-element elementor-element-236db1bb elementor-column elementor-col-50 elementor-top-column\" data-id=\"236db1bb\" data-element_type=\"column\">\n\t\t\t<div class=\"elementor-column-wrap  elementor-element-populated\">\n\t\t\t\t\t<div class=\"elementor-widget-wrap\">\n\t\t\t\t<div class=\"elementor-element elementor-element-bcbdc2c elementor-widget elementor-widget-spacer\" data-id=\"bcbdc2c\" data-element_type=\"widget\" data-widget_type=\"spacer.default\">\n\t\t\t\t<div class=\"elementor-widget-container\">\n\t\t\t\t\t<div class=\"elementor-spacer\">\n\t\t\t<div class=\"elementor-spacer-inner\"><\/div>\n\t\t<\/div>\n\t\t\t\t<\/div>\n\t\t\t\t<\/div>\n\t\t\t\t<div class=\"elementor-element elementor-element-607c7048 elementor-widget elementor-widget-image\" data-id=\"607c7048\" data-element_type=\"widget\" data-widget_type=\"image.default\">\n\t\t\t\t<div class=\"elementor-widget-container\">\n\t\t\t\t\t<div class=\"elementor-image\">\n\t\t\t\t\t\t\t\t\t\t<img loading=\"lazy\" decoding=\"async\" width=\"308\" height=\"221\" src=\"https:\/\/focusonpack.com\/wp-content\/uploads\/2023\/07\/label-1-1.jpg\" class=\"attachment-full size-full\" alt=\"\" srcset=\"https:\/\/focusonpack.com\/wp-content\/uploads\/2023\/07\/label-1-1.jpg 308w, https:\/\/focusonpack.com\/wp-content\/uploads\/2023\/07\/label-1-1-300x215.jpg 300w\" sizes=\"auto, (max-width: 308px) 100vw, 308px\" \/>\t\t\t\t\t\t\t\t\t\t\t<\/div>\n\t\t\t\t<\/div>\n\t\t\t\t<\/div>\n\t\t\t\t<div class=\"elementor-element elementor-element-2937b904 elementor-button-info elementor-align-center elementor-widget elementor-widget-button\" data-id=\"2937b904\" data-element_type=\"widget\" data-widget_type=\"button.default\">\n\t\t\t\t<div class=\"elementor-widget-container\">\n\t\t\t\t\t<div class=\"elementor-button-wrapper\">\n\t\t\t<a href=\"https:\/\/focusonpack.com\/de\/kontaktieren-sie-uns\/\" class=\"elementor-button-link elementor-button elementor-size-sm\" role=\"button\">\n\t\t\t\t\t\t<span class=\"elementor-button-content-wrapper\">\n\t\t\t\t\t\t<span class=\"elementor-button-text\">Angebot anfordern<\/span>\n\t\t<\/span>\n\t\t\t\t\t<\/a>\n\t\t<\/div>\n\t\t\t\t<\/div>\n\t\t\t\t<\/div>\n\t\t\t\t\t\t<\/div>\n\t\t\t<\/div>\n\t\t<\/div>\n\t\t\t\t\t\t<\/div>\n\t\t\t<\/div>\n\t\t<\/section>\n\t\t\t\t\t\t<\/div>\n\t\t\t<\/div>\n\t\t<\/div>","protected":false},"excerpt":{"rendered":"<p>Automatic Wrap Around Labeling&hellip;<\/p>","protected":false},"author":1,"featured_media":0,"parent":0,"menu_order":0,"comment_status":"closed","ping_status":"closed","template":"elementor_header_footer","meta":{"footnotes":""},"class_list":["post-2578","page","type-page","status-publish","hentry","no-thumb"],"yoast_head":"<!-- This site is optimized with the Yoast SEO plugin v24.8.1 - https:\/\/yoast.com\/wordpress\/plugins\/seo\/ -->\n<title>Automatic Wrap Around Labeling Machine - Focus on pack<\/title>\n<meta name=\"robots\" content=\"index, follow, max-snippet:-1, max-image-preview:large, max-video-preview:-1\" \/>\n<link rel=\"canonical\" href=\"https:\/\/focusonpack.com\/de\/automatische-rundumetikettiermaschine\/\" \/>\n<meta property=\"og:locale\" content=\"de_DE\" \/>\n<meta property=\"og:type\" content=\"article\" \/>\n<meta property=\"og:title\" content=\"Automatic Wrap Around Labeling Machine - Focus on pack\" \/>\n<meta property=\"og:description\" content=\"Automatic Wrap Around Labeling&hellip;\" \/>\n<meta property=\"og:url\" content=\"https:\/\/focusonpack.com\/de\/automatische-rundumetikettiermaschine\/\" \/>\n<meta property=\"og:site_name\" content=\"Focus on pack\" \/>\n<meta property=\"article:modified_time\" content=\"2023-07-21T03:06:21+00:00\" \/>\n<meta property=\"og:image\" content=\"https:\/\/focusonpack.com\/wp-content\/uploads\/2023\/07\/label-1-1.jpg\" \/>\n<meta name=\"twitter:card\" content=\"summary_large_image\" \/>\n<meta name=\"twitter:label1\" content=\"Gesch\u00e4tzte Lesezeit\" \/>\n\t<meta name=\"twitter:data1\" content=\"2\u00a0Minuten\" \/>\n<script type=\"application\/ld+json\" class=\"yoast-schema-graph\">{\"@context\":\"https:\/\/schema.org\",\"@graph\":[{\"@type\":\"WebPage\",\"@id\":\"https:\/\/focusonpack.com\/automatic-wrap-around-labeling-machine\/\",\"url\":\"https:\/\/focusonpack.com\/automatic-wrap-around-labeling-machine\/\",\"name\":\"Automatic Wrap Around Labeling Machine - Focus on pack\",\"isPartOf\":{\"@id\":\"https:\/\/focusonpack.com\/#website\"},\"primaryImageOfPage\":{\"@id\":\"https:\/\/focusonpack.com\/automatic-wrap-around-labeling-machine\/#primaryimage\"},\"image\":{\"@id\":\"https:\/\/focusonpack.com\/automatic-wrap-around-labeling-machine\/#primaryimage\"},\"thumbnailUrl\":\"https:\/\/focusonpack.com\/wp-content\/uploads\/2023\/07\/label-1-1.jpg\",\"datePublished\":\"2020-05-08T07:37:21+00:00\",\"dateModified\":\"2023-07-21T03:06:21+00:00\",\"breadcrumb\":{\"@id\":\"https:\/\/focusonpack.com\/automatic-wrap-around-labeling-machine\/#breadcrumb\"},\"inLanguage\":\"de\",\"potentialAction\":[{\"@type\":\"ReadAction\",\"target\":[\"https:\/\/focusonpack.com\/automatic-wrap-around-labeling-machine\/\"]}]},{\"@type\":\"ImageObject\",\"inLanguage\":\"de\",\"@id\":\"https:\/\/focusonpack.com\/automatic-wrap-around-labeling-machine\/#primaryimage\",\"url\":\"https:\/\/focusonpack.com\/wp-content\/uploads\/2023\/07\/label-1-1.jpg\",\"contentUrl\":\"https:\/\/focusonpack.com\/wp-content\/uploads\/2023\/07\/label-1-1.jpg\"},{\"@type\":\"BreadcrumbList\",\"@id\":\"https:\/\/focusonpack.com\/automatic-wrap-around-labeling-machine\/#breadcrumb\",\"itemListElement\":[{\"@type\":\"ListItem\",\"position\":1,\"name\":\"\u9996\u9875\",\"item\":\"https:\/\/focusonpack.com\/\"},{\"@type\":\"ListItem\",\"position\":2,\"name\":\"Automatic Wrap Around Labeling Machine\"}]},{\"@type\":\"WebSite\",\"@id\":\"https:\/\/focusonpack.com\/#website\",\"url\":\"https:\/\/focusonpack.com\/\",\"name\":\"Focus on pack\",\"description\":\"\",\"potentialAction\":[{\"@type\":\"SearchAction\",\"target\":{\"@type\":\"EntryPoint\",\"urlTemplate\":\"https:\/\/focusonpack.com\/?s={search_term_string}\"},\"query-input\":{\"@type\":\"PropertyValueSpecification\",\"valueRequired\":true,\"valueName\":\"search_term_string\"}}],\"inLanguage\":\"de\"}]}<\/script>\n<!-- \/ Yoast SEO plugin. -->","yoast_head_json":{"title":"Automatic Wrap Around Labeling Machine - Focus on pack","robots":{"index":"index","follow":"follow","max-snippet":"max-snippet:-1","max-image-preview":"max-image-preview:large","max-video-preview":"max-video-preview:-1"},"canonical":"https:\/\/focusonpack.com\/de\/automatische-rundumetikettiermaschine\/","og_locale":"de_DE","og_type":"article","og_title":"Automatic Wrap Around Labeling Machine - Focus on pack","og_description":"Automatic Wrap Around Labeling&hellip;","og_url":"https:\/\/focusonpack.com\/de\/automatische-rundumetikettiermaschine\/","og_site_name":"Focus on pack","article_modified_time":"2023-07-21T03:06:21+00:00","og_image":[{"url":"https:\/\/focusonpack.com\/wp-content\/uploads\/2023\/07\/label-1-1.jpg","type":"","width":"","height":""}],"twitter_card":"summary_large_image","twitter_misc":{"Gesch\u00e4tzte Lesezeit":"2\u00a0Minuten"},"schema":{"@context":"https:\/\/schema.org","@graph":[{"@type":"WebPage","@id":"https:\/\/focusonpack.com\/automatic-wrap-around-labeling-machine\/","url":"https:\/\/focusonpack.com\/automatic-wrap-around-labeling-machine\/","name":"Automatic Wrap Around Labeling Machine - Focus on pack","isPartOf":{"@id":"https:\/\/focusonpack.com\/#website"},"primaryImageOfPage":{"@id":"https:\/\/focusonpack.com\/automatic-wrap-around-labeling-machine\/#primaryimage"},"image":{"@id":"https:\/\/focusonpack.com\/automatic-wrap-around-labeling-machine\/#primaryimage"},"thumbnailUrl":"https:\/\/focusonpack.com\/wp-content\/uploads\/2023\/07\/label-1-1.jpg","datePublished":"2020-05-08T07:37:21+00:00","dateModified":"2023-07-21T03:06:21+00:00","breadcrumb":{"@id":"https:\/\/focusonpack.com\/automatic-wrap-around-labeling-machine\/#breadcrumb"},"inLanguage":"de","potentialAction":[{"@type":"ReadAction","target":["https:\/\/focusonpack.com\/automatic-wrap-around-labeling-machine\/"]}]},{"@type":"ImageObject","inLanguage":"de","@id":"https:\/\/focusonpack.com\/automatic-wrap-around-labeling-machine\/#primaryimage","url":"https:\/\/focusonpack.com\/wp-content\/uploads\/2023\/07\/label-1-1.jpg","contentUrl":"https:\/\/focusonpack.com\/wp-content\/uploads\/2023\/07\/label-1-1.jpg"},{"@type":"BreadcrumbList","@id":"https:\/\/focusonpack.com\/automatic-wrap-around-labeling-machine\/#breadcrumb","itemListElement":[{"@type":"ListItem","position":1,"name":"\u9996\u9875","item":"https:\/\/focusonpack.com\/"},{"@type":"ListItem","position":2,"name":"Automatic Wrap Around Labeling Machine"}]},{"@type":"WebSite","@id":"https:\/\/focusonpack.com\/#website","url":"https:\/\/focusonpack.com\/","name":"Focus on pack","description":"","potentialAction":[{"@type":"SearchAction","target":{"@type":"EntryPoint","urlTemplate":"https:\/\/focusonpack.com\/?s={search_term_string}"},"query-input":{"@type":"PropertyValueSpecification","valueRequired":true,"valueName":"search_term_string"}}],"inLanguage":"de"}]}},"_links":{"self":[{"href":"https:\/\/focusonpack.com\/de\/wp-json\/wp\/v2\/pages\/2578","targetHints":{"allow":["GET"]}}],"collection":[{"href":"https:\/\/focusonpack.com\/de\/wp-json\/wp\/v2\/pages"}],"about":[{"href":"https:\/\/focusonpack.com\/de\/wp-json\/wp\/v2\/types\/page"}],"author":[{"embeddable":true,"href":"https:\/\/focusonpack.com\/de\/wp-json\/wp\/v2\/users\/1"}],"replies":[{"embeddable":true,"href":"https:\/\/focusonpack.com\/de\/wp-json\/wp\/v2\/comments?post=2578"}],"version-history":[{"count":9,"href":"https:\/\/focusonpack.com\/de\/wp-json\/wp\/v2\/pages\/2578\/revisions"}],"predecessor-version":[{"id":4068,"href":"https:\/\/focusonpack.com\/de\/wp-json\/wp\/v2\/pages\/2578\/revisions\/4068"}],"wp:attachment":[{"href":"https:\/\/focusonpack.com\/de\/wp-json\/wp\/v2\/media?parent=2578"}],"curies":[{"name":"wp","href":"https:\/\/api.w.org\/{rel}","templated":true}]}}