{"id":2582,"date":"2020-05-08T15:37:44","date_gmt":"2020-05-08T07:37:44","guid":{"rendered":"https:\/\/focusonpack.com\/?page_id=2582"},"modified":"2025-03-24T17:12:31","modified_gmt":"2025-03-24T09:12:31","slug":"l-type-automatic-shrink-wrap-machine","status":"publish","type":"page","link":"https:\/\/focusonpack.com\/de\/schrumpffolienverpackungsmaschine\/automatische-schrumpffolienverpackungsmaschine-typ-l\/","title":{"rendered":"Automatische Schrumpfverpackungsmaschine Typ L"},"content":{"rendered":"<div data-elementor-type=\"wp-page\" data-elementor-id=\"2582\" class=\"elementor elementor-2582\" data-elementor-settings=\"[]\">\n\t\t\t<div class=\"elementor-inner\">\n\t\t\t\t<div class=\"elementor-section-wrap\">\n\t\t\t\t\t\t\t<section class=\"elementor-element elementor-element-4cc7b88f elementor-section-boxed elementor-section-height-default elementor-section-height-default elementor-section elementor-top-section\" data-id=\"4cc7b88f\" data-element_type=\"section\">\n\t\t\t\t\t\t<div class=\"elementor-container elementor-column-gap-default\">\n\t\t\t\t<div class=\"elementor-row\">\n\t\t\t\t<div class=\"elementor-element elementor-element-58ee941b elementor-column elementor-col-50 elementor-top-column\" data-id=\"58ee941b\" data-element_type=\"column\">\n\t\t\t<div class=\"elementor-column-wrap  elementor-element-populated\">\n\t\t\t\t\t<div class=\"elementor-widget-wrap\">\n\t\t\t\t<div class=\"elementor-element elementor-element-7b449c78 elementor-widget elementor-widget-heading\" data-id=\"7b449c78\" data-element_type=\"widget\" data-widget_type=\"heading.default\">\n\t\t\t\t<div class=\"elementor-widget-container\">\n\t\t\t<h3 class=\"elementor-heading-title elementor-size-default\">Automatische Schrumpfverpackungsmaschine Typ L<\/h3>\t\t<\/div>\n\t\t\t\t<\/div>\n\t\t\t\t<div class=\"elementor-element elementor-element-5040a130 elementor-widget elementor-widget-text-editor\" data-id=\"5040a130\" data-element_type=\"widget\" data-widget_type=\"text-editor.default\">\n\t\t\t\t<div class=\"elementor-widget-container\">\n\t\t\t\t\t<div class=\"elementor-text-editor elementor-clearfix\"><p>Die automatische industrielle Schrumpffolienverpackungsmaschine des Typs L ist f\u00fcr das Verpacken von Flaschen, Gl\u00e4sern, Konserven und Industrieprodukten in Einzel- oder Sammelpackungen in den jeweiligen Formaten vorgesehen, die freitragend, kissengest\u00fctzt oder schalengest\u00fctzt verpackt werden. von Flaschen, Gl\u00e4sern, Konserven und Industrieprodukten freitragend, tamponiert oder traygest\u00fctzt verpackt werden. Jede Schrumpfverpackungsmaschine besteht aus Jede Schrumpfverpackungsmaschine besteht aus einem F\u00f6rderer mit seitlicher Zuf\u00fchrung, einem B\u00fcndler, einem Schrumpftunnel und einem Abfuhrband und kann in eine bestehende Linie integriert werden.<\/p><\/div>\n\t\t\t\t<\/div>\n\t\t\t\t<\/div>\n\t\t\t\t<div class=\"elementor-element elementor-element-431f73c3 elementor-widget elementor-widget-text-editor\" data-id=\"431f73c3\" data-element_type=\"widget\" data-widget_type=\"text-editor.default\">\n\t\t\t\t<div class=\"elementor-widget-container\">\n\t\t\t\t\t<div class=\"elementor-text-editor elementor-clearfix\"><p>Nach dem Abf\u00fcllen, Verschlie\u00dfen und Etikettieren werden die Produkte \u00fcber ein seitlich montiertes Plattenband zum B\u00fcndler transportiert, wo die einzelnen Artikel zu den jeweiligen Formaten (z.B.. Die Produkte werden in den jeweiligen Formaten (z.B. 4 x 6 Flaschen (500l) oder in anderen Verpackungskonfigurationen wie 3 x 4 Flaschen (750ml) oder 2 x 3 Flaschen (1500ml)) zusammengestellt. Das zusammengetragene Produkt wird dann mit Hilfe eines Druckluftzylinders zur Siegel- und Schneidestation bef\u00f6rdert. Bei Schrumpffolienverpackungsmaschinen werden in der Regel zwei Folienrollen verwendet, die zu einer Bahn verbunden werden. Das zu verpackende Produkt wird durch die Bahn hindurchgef\u00fchrt, und der Schwei\u00dfbalken senkt sich ab, um die Folie zu verschwei\u00dfen und zu schneiden, so dass eine Umh\u00fcllung um das Paket entsteht.<\/p><\/div>\n\t\t\t\t<\/div>\n\t\t\t\t<\/div>\n\t\t\t\t<div class=\"elementor-element elementor-element-02d4b60 elementor-widget elementor-widget-text-editor\" data-id=\"02d4b60\" data-element_type=\"widget\" data-widget_type=\"text-editor.default\">\n\t\t\t\t<div class=\"elementor-widget-container\">\n\t\t\t\t\t<div class=\"elementor-text-editor elementor-clearfix\"><p>Die verpackten Produkte werden von den n\u00e4chsten zu verpackenden Produkten in den Schrumpftunnel geschoben. Im Schrumpftunnel schrumpft die Folie um die Produkte herum durch Hei\u00dfluftr\u00fcckf\u00fchrung straff und sauber, so dass zwei offene Enden an den Seiten verbleiben. Im Schrumpftunnel schrumpft die Folie mit hei\u00dfer Umluft eng und sauber um die Produkte, so dass zwei offene Enden an den Seiten verbleiben. Wenn das geschrumpfte Produkt den Schrumpftunnel verl\u00e4sst, wird die Banderole mit Hilfe von Zwangsluftk\u00fchlung gestrafft, um eine stabile, sichere Verpackung f\u00fcr die Stapelf\u00e4higkeit zu erreichen. Wenn das geschrumpfte Produkt den Schrumpftunnel verl\u00e4sst, wird die Banderole mit Hilfe von Druckluftk\u00fchlung gestrafft, um eine stabile, sichere Verpackung zu erhalten, die auf eine Palette gestapelt oder in einen Versandkarton gelegt werden kann.<\/p><p>Alle Prozesse in der Schrumpfverpackungsanlage werden von einer speicherprogrammierbaren Steuerung kontrolliert.<\/p><\/div>\n\t\t\t\t<\/div>\n\t\t\t\t<\/div>\n\t\t\t\t<div class=\"elementor-element elementor-element-499469a7 elementor-widget elementor-widget-heading\" data-id=\"499469a7\" data-element_type=\"widget\" data-widget_type=\"heading.default\">\n\t\t\t\t<div class=\"elementor-widget-container\">\n\t\t\t<h3 class=\"elementor-heading-title elementor-size-default\">Merkmale von Wrapper<\/h3>\t\t<\/div>\n\t\t\t\t<\/div>\n\t\t\t\t<div class=\"elementor-element elementor-element-1dcf263c elementor-widget elementor-widget-text-editor\" data-id=\"1dcf263c\" data-element_type=\"widget\" data-widget_type=\"text-editor.default\">\n\t\t\t\t<div class=\"elementor-widget-container\">\n\t\t\t\t\t<div class=\"elementor-text-editor elementor-clearfix\"><p>- Robuste Rahmenkonstruktion aus lackiertem Stahlrohr<br \/>- R\u00e4der und h\u00f6henverstellbare Beine f\u00fcr Transport und Positionierung<br \/>- Ausrichtung der Maschine: von rechts nach links oder von links nach rechts<br \/>- Flexibilit\u00e4t beim Verpacken von Tray- und Trayless-Packungen<br \/>- Seitlich montiertes, mehrspuriges Zuf\u00fchrband mit Spurenteiler<br \/>- Hochbelastbares Einlaufband f\u00fcr jedes Packungsgewicht<br \/>- Sehr einfacher Zugang zum Sortierbereich f\u00fcr schnelles Umr\u00fcsten mit schnell l\u00f6sbaren Teilen<br \/>- Hochbelastbare, teflonbeschichtete Dichtungsklinge f\u00fcr starke, zuverl\u00e4ssige Dichtungen und eine lange Klingenlebensdauer<br \/>- Pneumatischer Presser \u00fcber dem Auslauftisch, um das Produkt w\u00e4hrend des Schneide- und Versiegelungsprozesses zu halten<br \/>- Ergonomisch angeordnete Filmspulen f\u00fcr einfaches Einlegen des Films und einfaches Einf\u00e4deln des Films<br \/>- Angetriebener Folienantrieb, um sicherzustellen, dass leichte Produkte leicht zu verpacken sind<br \/>- PLC-Steuerung und Touchscreen-HMI-Schnittstelle<br \/>- Variable Drehzahlregelung durch Umrichter<br \/>- Einfache Integration in eine bestehende Produktionslinie oder in eine Nebenlinie<\/p><\/div>\n\t\t\t\t<\/div>\n\t\t\t\t<\/div>\n\t\t\t\t<div class=\"elementor-element elementor-element-abd4219 elementor-widget elementor-widget-heading\" data-id=\"abd4219\" data-element_type=\"widget\" data-widget_type=\"heading.default\">\n\t\t\t\t<div class=\"elementor-widget-container\">\n\t\t\t<h3 class=\"elementor-heading-title elementor-size-default\">Merkmale des Schrumpftunnels<\/h3>\t\t<\/div>\n\t\t\t\t<\/div>\n\t\t\t\t<div class=\"elementor-element elementor-element-c0e411a elementor-widget elementor-widget-text-editor\" data-id=\"c0e411a\" data-element_type=\"widget\" data-widget_type=\"text-editor.default\">\n\t\t\t\t<div class=\"elementor-widget-container\">\n\t\t\t\t\t<div class=\"elementor-text-editor elementor-clearfix\"><p>- Schwerer geschwei\u00dfter Stahlrahmen mit verstellbarer H\u00f6he<br \/>- R\u00e4der und h\u00f6henverstellbare Beine f\u00fcr Transport und Positionierung<br \/>- Isolierte Schrumpftunnelkammer<br \/>- Heizelemente aus rostfreiem Stahl f\u00fcr eine lange Lebensdauer<br \/>- Die \u00d6ffnung des Schrumpftunnels ist 24\u2033W X 16\u2033H<br \/>- Einstellbare F\u00f6rdergeschwindigkeit<br \/>- Einstellbare Temperaturregelung<br \/>- Doppeltes Gebl\u00e4se mit einstellbarem Luftstrom<br \/>- Strapazierf\u00e4higes und antihaftbeschichtetes F\u00f6rderband aus Teflongewebe<br \/>- Tunnelauslaufk\u00fchlstation f\u00fcr schnelle Aush\u00e4rtung der Folie<br \/>- Entlade-Rollenbahn f\u00fcr Akkumulation und einfachen Transport<\/p><\/div>\n\t\t\t\t<\/div>\n\t\t\t\t<\/div>\n\t\t\t\t<div class=\"elementor-element elementor-element-39d025fd elementor-widget elementor-widget-heading\" data-id=\"39d025fd\" data-element_type=\"widget\" data-widget_type=\"heading.default\">\n\t\t\t\t<div class=\"elementor-widget-container\">\n\t\t\t<h3 class=\"elementor-heading-title elementor-size-default\">Technische Daten<\/h3>\t\t<\/div>\n\t\t\t\t<\/div>\n\t\t\t\t<div class=\"elementor-element elementor-element-12ddc3a0 elementor-widget elementor-widget-text-editor\" data-id=\"12ddc3a0\" data-element_type=\"widget\" data-widget_type=\"text-editor.default\">\n\t\t\t\t<div class=\"elementor-widget-container\">\n\t\t\t\t\t<div class=\"elementor-text-editor elementor-clearfix\"><table width=\"760\">\n<tbody>\n<tr>\n<td width=\"241\">Geschwindigkeit der Verpackung<\/td>\n<td width=\"253\">8-10 Packungen\/Min<\/td>\n<\/tr>\n<tr>\n<td>Maximale Packungsgr\u00f6\u00dfe<\/td>\n<td>600(L)x400(W)x350(H)mm<\/td>\n<\/tr>\n<tr>\n<td>Anwendbarer Film<\/td>\n<td>Polyethylen(PE)-Folie<\/td>\n<\/tr>\n<tr>\n<td>Maximale Folienbreite<\/td>\n<td>600mm<\/td>\n<\/tr>\n<tr>\n<td>Maximale Filmdicke<\/td>\n<td>100Micro<\/td>\n<\/tr>\n<tr>\n<td>Elektrische Versorgung von F\u00f6rderanlagen<\/td>\n<td>220V 50\/60HZ 1PH 0.75KW<\/td>\n<\/tr>\n<tr>\n<td>Sleeve Wrapper Elektrische Versorgung<\/td>\n<td>220V 50\/60HZ 1PH 1.20KW<\/td>\n<\/tr>\n<tr>\n<td>Schrumpftunnel Elektrische Versorgung<\/td>\n<td>380V 50\/60HZ 3PH 26.00KW<\/td>\n<\/tr>\n<tr>\n<td>Schrumpftunnel-Kammer<\/td>\n<td>1800x600x400mm<\/td>\n<\/tr>\n<tr>\n<td>Abmessungen des F\u00f6rderers<\/td>\n<td>2700x350x900mm<\/td>\n<\/tr>\n<tr>\n<td>H\u00fclsenumh\u00fcllung Dimension<\/td>\n<td>1500x910x2000mm<\/td>\n<\/tr>\n<tr>\n<td>Schrumpftunnel Dimension<\/td>\n<td>3300x900x1850mm<\/td>\n<\/tr>\n<tr>\n<td>Leerlauf-Rollenf\u00f6rderer<\/td>\n<td>1200x800x950mm<\/td>\n<\/tr>\n<tr>\n<td>F\u00f6rderer Gewicht<\/td>\n<td>180kgs<\/td>\n<\/tr>\n<tr>\n<td>H\u00fclsenumh\u00fcllung Gewicht<\/td>\n<td>500kgs<\/td>\n<\/tr>\n<tr>\n<td>Schrumpftunnel Gewicht<\/td>\n<td>600kgs<\/td>\n<\/tr>\n<tr>\n<td>Leerlaufrolle Gewicht<\/td>\n<td>60kgs<\/td>\n<\/tr>\n<\/tbody>\n<\/table><\/div>\n\t\t\t\t<\/div>\n\t\t\t\t<\/div>\n\t\t\t\t<div class=\"elementor-element elementor-element-749cc1ea elementor-widget elementor-widget-text-editor\" data-id=\"749cc1ea\" data-element_type=\"widget\" data-widget_type=\"text-editor.default\">\n\t\t\t\t<div class=\"elementor-widget-container\">\n\t\t\t\t\t<div class=\"elementor-text-editor elementor-clearfix\"><p>\u00a0<\/p><p>* Die technischen Daten k\u00f6nnen ohne vorherige Ank\u00fcndigung ge\u00e4ndert werden.<\/p><\/div>\n\t\t\t\t<\/div>\n\t\t\t\t<\/div>\n\t\t\t\t\t\t<\/div>\n\t\t\t<\/div>\n\t\t<\/div>\n\t\t\t\t<div class=\"elementor-element elementor-element-67464391 elementor-column elementor-col-50 elementor-top-column\" data-id=\"67464391\" data-element_type=\"column\">\n\t\t\t<div class=\"elementor-column-wrap  elementor-element-populated\">\n\t\t\t\t\t<div class=\"elementor-widget-wrap\">\n\t\t\t\t<div class=\"elementor-element elementor-element-5a88ad3b elementor-widget elementor-widget-spacer\" data-id=\"5a88ad3b\" data-element_type=\"widget\" data-widget_type=\"spacer.default\">\n\t\t\t\t<div class=\"elementor-widget-container\">\n\t\t\t\t\t<div class=\"elementor-spacer\">\n\t\t\t<div class=\"elementor-spacer-inner\"><\/div>\n\t\t<\/div>\n\t\t\t\t<\/div>\n\t\t\t\t<\/div>\n\t\t\t\t<div class=\"elementor-element elementor-element-2170e027 elementor-widget elementor-widget-image\" data-id=\"2170e027\" data-element_type=\"widget\" data-widget_type=\"image.default\">\n\t\t\t\t<div class=\"elementor-widget-container\">\n\t\t\t\t\t<div class=\"elementor-image\">\n\t\t\t\t\t\t\t\t\t\t<img loading=\"lazy\" decoding=\"async\" width=\"413\" height=\"233\" src=\"https:\/\/focusonpack.com\/wp-content\/uploads\/2020\/05\/L-Wrap.jpg\" class=\"elementor-animation-grow attachment-full size-full\" alt=\"\" srcset=\"https:\/\/focusonpack.com\/wp-content\/uploads\/2020\/05\/L-Wrap.jpg 413w, https:\/\/focusonpack.com\/wp-content\/uploads\/2020\/05\/L-Wrap-300x169.jpg 300w\" sizes=\"auto, (max-width: 413px) 100vw, 413px\" \/>\t\t\t\t\t\t\t\t\t\t\t<\/div>\n\t\t\t\t<\/div>\n\t\t\t\t<\/div>\n\t\t\t\t<div class=\"elementor-element elementor-element-41f31e30 elementor-button-info elementor-align-center elementor-widget elementor-widget-button\" data-id=\"41f31e30\" data-element_type=\"widget\" data-widget_type=\"button.default\">\n\t\t\t\t<div class=\"elementor-widget-container\">\n\t\t\t\t\t<div class=\"elementor-button-wrapper\">\n\t\t\t<a href=\"https:\/\/focusonpack.com\/de\/kontaktieren-sie-uns\/\" class=\"elementor-button-link elementor-button elementor-size-sm\" role=\"button\">\n\t\t\t\t\t\t<span class=\"elementor-button-content-wrapper\">\n\t\t\t\t\t\t<span class=\"elementor-button-text\">Angebot anfordern<\/span>\n\t\t<\/span>\n\t\t\t\t\t<\/a>\n\t\t<\/div>\n\t\t\t\t<\/div>\n\t\t\t\t<\/div>\n\t\t\t\t\t\t<\/div>\n\t\t\t<\/div>\n\t\t<\/div>\n\t\t\t\t\t\t<\/div>\n\t\t\t<\/div>\n\t\t<\/section>\n\t\t\t\t\t\t<\/div>\n\t\t\t<\/div>\n\t\t<\/div>","protected":false},"excerpt":{"rendered":"<p>L type Automatic Shrink Wrap M&hellip;<\/p>","protected":false},"author":1,"featured_media":0,"parent":2373,"menu_order":0,"comment_status":"closed","ping_status":"closed","template":"elementor_header_footer","meta":{"footnotes":""},"class_list":["post-2582","page","type-page","status-publish","hentry","no-thumb"],"yoast_head":"<!-- This site is optimized with the Yoast SEO plugin v24.8.1 - https:\/\/yoast.com\/wordpress\/plugins\/seo\/ -->\n<title>L type Automatic Shrink Wrap Machine - Focus on pack<\/title>\n<meta name=\"robots\" content=\"index, follow, max-snippet:-1, max-image-preview:large, max-video-preview:-1\" \/>\n<link rel=\"canonical\" href=\"https:\/\/focusonpack.com\/de\/schrumpffolienverpackungsmaschine\/automatische-schrumpffolienverpackungsmaschine-typ-l\/\" \/>\n<meta property=\"og:locale\" content=\"de_DE\" \/>\n<meta property=\"og:type\" content=\"article\" \/>\n<meta property=\"og:title\" content=\"L type Automatic Shrink Wrap Machine - Focus on pack\" \/>\n<meta property=\"og:description\" content=\"L type Automatic Shrink Wrap M&hellip;\" \/>\n<meta property=\"og:url\" content=\"https:\/\/focusonpack.com\/de\/schrumpffolienverpackungsmaschine\/automatische-schrumpffolienverpackungsmaschine-typ-l\/\" \/>\n<meta property=\"og:site_name\" content=\"Focus on pack\" \/>\n<meta property=\"article:modified_time\" content=\"2025-03-24T09:12:31+00:00\" \/>\n<meta property=\"og:image\" content=\"https:\/\/focusonpack.com\/wp-content\/uploads\/2020\/05\/L-Wrap.jpg\" \/>\n<meta name=\"twitter:card\" content=\"summary_large_image\" \/>\n<meta name=\"twitter:label1\" content=\"Gesch\u00e4tzte Lesezeit\" \/>\n\t<meta name=\"twitter:data1\" content=\"4\u00a0Minuten\" \/>\n<script type=\"application\/ld+json\" class=\"yoast-schema-graph\">{\"@context\":\"https:\/\/schema.org\",\"@graph\":[{\"@type\":\"WebPage\",\"@id\":\"https:\/\/focusonpack.com\/shrink-wrapping-machine\/l-type-automatic-shrink-wrap-machine\/\",\"url\":\"https:\/\/focusonpack.com\/shrink-wrapping-machine\/l-type-automatic-shrink-wrap-machine\/\",\"name\":\"L type Automatic Shrink Wrap Machine - Focus on pack\",\"isPartOf\":{\"@id\":\"https:\/\/focusonpack.com\/#website\"},\"primaryImageOfPage\":{\"@id\":\"https:\/\/focusonpack.com\/shrink-wrapping-machine\/l-type-automatic-shrink-wrap-machine\/#primaryimage\"},\"image\":{\"@id\":\"https:\/\/focusonpack.com\/shrink-wrapping-machine\/l-type-automatic-shrink-wrap-machine\/#primaryimage\"},\"thumbnailUrl\":\"https:\/\/focusonpack.com\/wp-content\/uploads\/2020\/05\/L-Wrap.jpg\",\"datePublished\":\"2020-05-08T07:37:44+00:00\",\"dateModified\":\"2025-03-24T09:12:31+00:00\",\"breadcrumb\":{\"@id\":\"https:\/\/focusonpack.com\/shrink-wrapping-machine\/l-type-automatic-shrink-wrap-machine\/#breadcrumb\"},\"inLanguage\":\"de\",\"potentialAction\":[{\"@type\":\"ReadAction\",\"target\":[\"https:\/\/focusonpack.com\/shrink-wrapping-machine\/l-type-automatic-shrink-wrap-machine\/\"]}]},{\"@type\":\"ImageObject\",\"inLanguage\":\"de\",\"@id\":\"https:\/\/focusonpack.com\/shrink-wrapping-machine\/l-type-automatic-shrink-wrap-machine\/#primaryimage\",\"url\":\"https:\/\/focusonpack.com\/wp-content\/uploads\/2020\/05\/L-Wrap.jpg\",\"contentUrl\":\"https:\/\/focusonpack.com\/wp-content\/uploads\/2020\/05\/L-Wrap.jpg\"},{\"@type\":\"BreadcrumbList\",\"@id\":\"https:\/\/focusonpack.com\/shrink-wrapping-machine\/l-type-automatic-shrink-wrap-machine\/#breadcrumb\",\"itemListElement\":[{\"@type\":\"ListItem\",\"position\":1,\"name\":\"\u9996\u9875\",\"item\":\"https:\/\/focusonpack.com\/\"},{\"@type\":\"ListItem\",\"position\":2,\"name\":\"Shrink Wrapping Machine\",\"item\":\"https:\/\/focusonpack.com\/shrink-wrapping-machine\/\"},{\"@type\":\"ListItem\",\"position\":3,\"name\":\"L type Automatic Shrink Wrap Machine\"}]},{\"@type\":\"WebSite\",\"@id\":\"https:\/\/focusonpack.com\/#website\",\"url\":\"https:\/\/focusonpack.com\/\",\"name\":\"Focus on pack\",\"description\":\"water processing line,package machine, filling machine\",\"potentialAction\":[{\"@type\":\"SearchAction\",\"target\":{\"@type\":\"EntryPoint\",\"urlTemplate\":\"https:\/\/focusonpack.com\/?s={search_term_string}\"},\"query-input\":{\"@type\":\"PropertyValueSpecification\",\"valueRequired\":true,\"valueName\":\"search_term_string\"}}],\"inLanguage\":\"de\"}]}<\/script>\n<!-- \/ Yoast SEO plugin. -->","yoast_head_json":{"title":"L type Automatic Shrink Wrap Machine - Focus on pack","robots":{"index":"index","follow":"follow","max-snippet":"max-snippet:-1","max-image-preview":"max-image-preview:large","max-video-preview":"max-video-preview:-1"},"canonical":"https:\/\/focusonpack.com\/de\/schrumpffolienverpackungsmaschine\/automatische-schrumpffolienverpackungsmaschine-typ-l\/","og_locale":"de_DE","og_type":"article","og_title":"L type Automatic Shrink Wrap Machine - Focus on pack","og_description":"L type Automatic Shrink Wrap M&hellip;","og_url":"https:\/\/focusonpack.com\/de\/schrumpffolienverpackungsmaschine\/automatische-schrumpffolienverpackungsmaschine-typ-l\/","og_site_name":"Focus on pack","article_modified_time":"2025-03-24T09:12:31+00:00","og_image":[{"url":"https:\/\/focusonpack.com\/wp-content\/uploads\/2020\/05\/L-Wrap.jpg","type":"","width":"","height":""}],"twitter_card":"summary_large_image","twitter_misc":{"Gesch\u00e4tzte Lesezeit":"4\u00a0Minuten"},"schema":{"@context":"https:\/\/schema.org","@graph":[{"@type":"WebPage","@id":"https:\/\/focusonpack.com\/shrink-wrapping-machine\/l-type-automatic-shrink-wrap-machine\/","url":"https:\/\/focusonpack.com\/shrink-wrapping-machine\/l-type-automatic-shrink-wrap-machine\/","name":"L type Automatic Shrink Wrap Machine - Focus on pack","isPartOf":{"@id":"https:\/\/focusonpack.com\/#website"},"primaryImageOfPage":{"@id":"https:\/\/focusonpack.com\/shrink-wrapping-machine\/l-type-automatic-shrink-wrap-machine\/#primaryimage"},"image":{"@id":"https:\/\/focusonpack.com\/shrink-wrapping-machine\/l-type-automatic-shrink-wrap-machine\/#primaryimage"},"thumbnailUrl":"https:\/\/focusonpack.com\/wp-content\/uploads\/2020\/05\/L-Wrap.jpg","datePublished":"2020-05-08T07:37:44+00:00","dateModified":"2025-03-24T09:12:31+00:00","breadcrumb":{"@id":"https:\/\/focusonpack.com\/shrink-wrapping-machine\/l-type-automatic-shrink-wrap-machine\/#breadcrumb"},"inLanguage":"de","potentialAction":[{"@type":"ReadAction","target":["https:\/\/focusonpack.com\/shrink-wrapping-machine\/l-type-automatic-shrink-wrap-machine\/"]}]},{"@type":"ImageObject","inLanguage":"de","@id":"https:\/\/focusonpack.com\/shrink-wrapping-machine\/l-type-automatic-shrink-wrap-machine\/#primaryimage","url":"https:\/\/focusonpack.com\/wp-content\/uploads\/2020\/05\/L-Wrap.jpg","contentUrl":"https:\/\/focusonpack.com\/wp-content\/uploads\/2020\/05\/L-Wrap.jpg"},{"@type":"BreadcrumbList","@id":"https:\/\/focusonpack.com\/shrink-wrapping-machine\/l-type-automatic-shrink-wrap-machine\/#breadcrumb","itemListElement":[{"@type":"ListItem","position":1,"name":"\u9996\u9875","item":"https:\/\/focusonpack.com\/"},{"@type":"ListItem","position":2,"name":"Shrink Wrapping Machine","item":"https:\/\/focusonpack.com\/shrink-wrapping-machine\/"},{"@type":"ListItem","position":3,"name":"L type Automatic Shrink Wrap Machine"}]},{"@type":"WebSite","@id":"https:\/\/focusonpack.com\/#website","url":"https:\/\/focusonpack.com\/","name":"Focus on pack","description":"water processing line,package machine, filling machine","potentialAction":[{"@type":"SearchAction","target":{"@type":"EntryPoint","urlTemplate":"https:\/\/focusonpack.com\/?s={search_term_string}"},"query-input":{"@type":"PropertyValueSpecification","valueRequired":true,"valueName":"search_term_string"}}],"inLanguage":"de"}]}},"_links":{"self":[{"href":"https:\/\/focusonpack.com\/de\/wp-json\/wp\/v2\/pages\/2582","targetHints":{"allow":["GET"]}}],"collection":[{"href":"https:\/\/focusonpack.com\/de\/wp-json\/wp\/v2\/pages"}],"about":[{"href":"https:\/\/focusonpack.com\/de\/wp-json\/wp\/v2\/types\/page"}],"author":[{"embeddable":true,"href":"https:\/\/focusonpack.com\/de\/wp-json\/wp\/v2\/users\/1"}],"replies":[{"embeddable":true,"href":"https:\/\/focusonpack.com\/de\/wp-json\/wp\/v2\/comments?post=2582"}],"version-history":[{"count":12,"href":"https:\/\/focusonpack.com\/de\/wp-json\/wp\/v2\/pages\/2582\/revisions"}],"predecessor-version":[{"id":4584,"href":"https:\/\/focusonpack.com\/de\/wp-json\/wp\/v2\/pages\/2582\/revisions\/4584"}],"up":[{"embeddable":true,"href":"https:\/\/focusonpack.com\/de\/wp-json\/wp\/v2\/pages\/2373"}],"wp:attachment":[{"href":"https:\/\/focusonpack.com\/de\/wp-json\/wp\/v2\/media?parent=2582"}],"curies":[{"name":"wp","href":"https:\/\/api.w.org\/{rel}","templated":true}]}}