{"id":2583,"date":"2020-05-08T15:37:45","date_gmt":"2020-05-08T07:37:45","guid":{"rendered":"https:\/\/focusonpack.com\/?page_id=2583"},"modified":"2025-03-24T17:06:50","modified_gmt":"2025-03-24T09:06:50","slug":"semi-automatic-shrink-wrapping-machine","status":"publish","type":"page","link":"https:\/\/focusonpack.com\/de\/schrumpffolienverpackungsmaschine\/semi-automatic-shrink-wrapping-machine\/","title":{"rendered":"Halbautomatische Schrumpffolienverpackungsmaschine"},"content":{"rendered":"<div data-elementor-type=\"wp-page\" data-elementor-id=\"2583\" class=\"elementor elementor-2583\" data-elementor-settings=\"[]\">\n\t\t\t<div class=\"elementor-inner\">\n\t\t\t\t<div class=\"elementor-section-wrap\">\n\t\t\t\t\t\t\t<section class=\"elementor-element elementor-element-5f39c5da elementor-section-boxed elementor-section-height-default elementor-section-height-default elementor-section elementor-top-section\" data-id=\"5f39c5da\" data-element_type=\"section\">\n\t\t\t\t\t\t<div class=\"elementor-container elementor-column-gap-default\">\n\t\t\t\t<div class=\"elementor-row\">\n\t\t\t\t<div class=\"elementor-element elementor-element-72628227 elementor-column elementor-col-50 elementor-top-column\" data-id=\"72628227\" data-element_type=\"column\">\n\t\t\t<div class=\"elementor-column-wrap  elementor-element-populated\">\n\t\t\t\t\t<div class=\"elementor-widget-wrap\">\n\t\t\t\t<div class=\"elementor-element elementor-element-7be82193 elementor-widget elementor-widget-heading\" data-id=\"7be82193\" data-element_type=\"widget\" data-widget_type=\"heading.default\">\n\t\t\t\t<div class=\"elementor-widget-container\">\n\t\t\t<h3 class=\"elementor-heading-title elementor-size-default\">Halbautomatische Schrumpffolienverpackungsmaschine<\/h3>\t\t<\/div>\n\t\t\t\t<\/div>\n\t\t\t\t<div class=\"elementor-element elementor-element-4ac34d9c elementor-widget elementor-widget-text-editor\" data-id=\"4ac34d9c\" data-element_type=\"widget\" data-widget_type=\"text-editor.default\">\n\t\t\t\t<div class=\"elementor-widget-container\">\n\t\t\t\t\t<div class=\"elementor-text-editor elementor-clearfix\"><p>Semi automatic\/manual bottle shrink wrapping machine is designed for small operations and startup companies, low cost, easy to use and widely used to wrap a wide variety of packs either as individual packs(e.g.,carton) or as collations(e.g.,bottles,cans,jars,boxes,etc.) into their respective formats (either 4 bottles x 6 bottles(1\/2 liter) or in other packaging configurations such as the 3 x 4, 1-liter arrangement to be wrapped unsupported, pad-supported or tray-supported. Each shrink wrapping system comes with bundler, shrink tunnel and discharge conveyor.<\/p><\/div>\n\t\t\t\t<\/div>\n\t\t\t\t<\/div>\n\t\t\t\t<div class=\"elementor-element elementor-element-73228be9 elementor-widget elementor-widget-text-editor\" data-id=\"73228be9\" data-element_type=\"widget\" data-widget_type=\"text-editor.default\">\n\t\t\t\t<div class=\"elementor-widget-container\">\n\t\t\t\t\t<div class=\"elementor-text-editor elementor-clearfix\"><p>With a semi automatic\/manual shrink wrapping machine for bottles, The products are positioned in the front of the pneumatic infeed pusher by hand, a button is pressed which starts the wrapping cycle, the collated product is then pushed to sealing and cutting station by air cylinder. Shrink wrapper machine commonly use two reels of film which are joined to form a web, one reel is mounted at high level and the other is mounted at a low level. The product to be wrapped is passed through the web. The sealing bar descends to seal and cut the film to form an envelope around the package leaving two open ends at the sides.<\/p><\/div>\n\t\t\t\t<\/div>\n\t\t\t\t<\/div>\n\t\t\t\t<div class=\"elementor-element elementor-element-bb6615a elementor-widget elementor-widget-text-editor\" data-id=\"bb6615a\" data-element_type=\"widget\" data-widget_type=\"text-editor.default\">\n\t\t\t\t<div class=\"elementor-widget-container\">\n\t\t\t\t\t<div class=\"elementor-text-editor elementor-clearfix\"><p>After sealing, the next product to be wrapped then pushes the wrapped product into the heat shrink tunnel where recirculated hot air causes the wrapped products to shrink and tightly confirm to the contours of the contents. Once the pack is out of the chamber, forced air cooling is used to tighten the sleeve wrap to achieve a strong, secure pack ready for stacking on a pallet or placing in a shipping carton.<\/p><\/div>\n\t\t\t\t<\/div>\n\t\t\t\t<\/div>\n\t\t\t\t<div class=\"elementor-element elementor-element-77ff22fc elementor-widget elementor-widget-heading\" data-id=\"77ff22fc\" data-element_type=\"widget\" data-widget_type=\"heading.default\">\n\t\t\t\t<div class=\"elementor-widget-container\">\n\t\t\t<h3 class=\"elementor-heading-title elementor-size-default\">Sleeve Wrapper Features<\/h3>\t\t<\/div>\n\t\t\t\t<\/div>\n\t\t\t\t<div class=\"elementor-element elementor-element-4907275 elementor-widget elementor-widget-text-editor\" data-id=\"4907275\" data-element_type=\"widget\" data-widget_type=\"text-editor.default\">\n\t\t\t\t<div class=\"elementor-widget-container\">\n\t\t\t\t\t<div class=\"elementor-text-editor elementor-clearfix\"><p>- Robuste Rahmenkonstruktion aus lackiertem Stahlrohr<br \/>- R\u00e4der und h\u00f6henverstellbare Beine f\u00fcr Transport und Positionierung<br \/>- Flexibilit\u00e4t beim Verpacken von Tray- und Trayless-Packungen<br \/>\u2022 Accepts a package size of 500mm(W) X 350mm(H)<br \/>\u2022 Adjustable pusher assembly with two hand start switches<br \/>\u2022 Adjustable product hold down device to press containers of different height<br \/>\u2022 Adjustable product clamp and dead plate for containers of different diameter<br \/>\u2022 Convenient controls for easy set up<br \/>\u2022 600mm flat maximum shrink film width<br \/>\u2022 Unique heavy duty specially profiled sealing jaw for consistently strong seals<br \/>\u2022 Teflon coated sealing blade<br \/>\u2022 Top and bottom powered film unwind<br \/>\u2022 Easy to use and maintain<\/p><\/div>\n\t\t\t\t<\/div>\n\t\t\t\t<\/div>\n\t\t\t\t<div class=\"elementor-element elementor-element-338dfae elementor-widget elementor-widget-heading\" data-id=\"338dfae\" data-element_type=\"widget\" data-widget_type=\"heading.default\">\n\t\t\t\t<div class=\"elementor-widget-container\">\n\t\t\t<h3 class=\"elementor-heading-title elementor-size-default\">Shrink Tunnel Features<\/h3>\t\t<\/div>\n\t\t\t\t<\/div>\n\t\t\t\t<div class=\"elementor-element elementor-element-eb5cbab elementor-widget elementor-widget-text-editor\" data-id=\"eb5cbab\" data-element_type=\"widget\" data-widget_type=\"text-editor.default\">\n\t\t\t\t<div class=\"elementor-widget-container\">\n\t\t\t\t\t<div class=\"elementor-text-editor elementor-clearfix\"><p>- Schwerer geschwei\u00dfter Stahlrahmen mit verstellbarer H\u00f6he<br \/>- R\u00e4der und h\u00f6henverstellbare Beine f\u00fcr Transport und Positionierung<br \/>- Isolierte Schrumpftunnelkammer<br \/>- Heizelemente aus rostfreiem Stahl f\u00fcr eine lange Lebensdauer<br \/>\u2022 Shrink tunnel opening is 550cm(W) X 400mm(H)<br \/>- Einstellbare F\u00f6rdergeschwindigkeit<br \/>- Einstellbare Temperaturregelung<br \/>- Doppeltes Gebl\u00e4se mit einstellbarem Luftstrom<br \/>- Strapazierf\u00e4higes und antihaftbeschichtetes F\u00f6rderband aus Teflongewebe<br \/>- Tunnelauslaufk\u00fchlstation f\u00fcr schnelle Aush\u00e4rtung der Folie<br \/>- Entlade-Rollenbahn f\u00fcr Akkumulation und einfachen Transport<\/p><\/div>\n\t\t\t\t<\/div>\n\t\t\t\t<\/div>\n\t\t\t\t<div class=\"elementor-element elementor-element-5397e040 elementor-widget elementor-widget-heading\" data-id=\"5397e040\" data-element_type=\"widget\" data-widget_type=\"heading.default\">\n\t\t\t\t<div class=\"elementor-widget-container\">\n\t\t\t<h3 class=\"elementor-heading-title elementor-size-default\">Technische Daten<\/h3>\t\t<\/div>\n\t\t\t\t<\/div>\n\t\t\t\t<div class=\"elementor-element elementor-element-579f26bd elementor-widget elementor-widget-text-editor\" data-id=\"579f26bd\" data-element_type=\"widget\" data-widget_type=\"text-editor.default\">\n\t\t\t\t<div class=\"elementor-widget-container\">\n\t\t\t\t\t<div class=\"elementor-text-editor elementor-clearfix\"><table width=\"760\">\n<tbody>\n<tr>\n<td width=\"241\">Geschwindigkeit der Verpackung<\/td>\n<td width=\"253\">5-8Packs\/Min<\/td>\n<\/tr>\n<tr>\n<td>Maximale Packungsgr\u00f6\u00dfe<\/td>\n<td>500(W)x350(H)mm<\/td>\n<\/tr>\n<tr>\n<td>Anwendbarer Film<\/td>\n<td>Polyethylen(PE)-Folie<\/td>\n<\/tr>\n<tr>\n<td>Maximale Filmdicke<\/td>\n<td>100Micro<\/td>\n<\/tr>\n<tr>\n<td colspan=\"2\">Shrink Wrapper<\/td>\n<\/tr>\n<tr>\n<td>Maximale Folienbreite<\/td>\n<td>600mm<\/td>\n<\/tr>\n<tr>\n<td>Sleeve Wrapper Elektrische Versorgung<\/td>\n<td>220V 50\/60HZ 1PH 1.50KW<\/td>\n<\/tr>\n<tr>\n<td>Top Film Feeding Motor<\/td>\n<td>220V 50\/60HZ 1PH 25W<\/td>\n<\/tr>\n<tr>\n<td>Bottom Film Feeding Motor<\/td>\n<td>220V 50\/60HZ 1PH 25W<\/td>\n<\/tr>\n<tr>\n<td>H\u00fclsenumh\u00fcllung Dimension<\/td>\n<td>1040x930x1930mm<\/td>\n<\/tr>\n<tr>\n<td>H\u00fclsenumh\u00fcllung Gewicht<\/td>\n<td>200kgs<\/td>\n<\/tr>\n<tr>\n<td colspan=\"2\">Shrink Tunnel<\/td>\n<\/tr>\n<tr>\n<td>Shrink Tunnel Opening<\/td>\n<td>550mm(W)x400mm(H)<\/td>\n<\/tr>\n<tr>\n<td>Shrink Tunnel Heater<\/td>\n<td>380V 50\/60HZ 3PH 18.40KW<\/td>\n<\/tr>\n<tr>\n<td>Conveyor Motor<\/td>\n<td>220V 50\/60HZ 1PH 90W<\/td>\n<\/tr>\n<tr>\n<td>Reciriculation Blower<\/td>\n<td>220V 50\/60HZ 1PH 120W(60Wx2)<\/td>\n<\/tr>\n<tr>\n<td>Schrumpftunnel-Kammer<\/td>\n<td>1500x550x400mm<\/td>\n<\/tr>\n<tr>\n<td>Schrumpftunnel Dimension<\/td>\n<td>2500x800x1480mm<\/td>\n<\/tr>\n<tr>\n<td>Schrumpftunnel Gewicht<\/td>\n<td>360kgs<\/td>\n<\/tr>\n<tr>\n<td colspan=\"2\">Leerlauf-Rollenf\u00f6rderer<\/td>\n<\/tr>\n<tr>\n<td>Dimension<\/td>\n<td>1200x550x720mm<\/td>\n<\/tr>\n<tr>\n<td>Leerlaufrolle Gewicht<\/td>\n<td>60kgs<\/td>\n<\/tr>\n<\/tbody>\n<\/table><\/div>\n\t\t\t\t<\/div>\n\t\t\t\t<\/div>\n\t\t\t\t<div class=\"elementor-element elementor-element-68a628e6 elementor-widget elementor-widget-text-editor\" data-id=\"68a628e6\" data-element_type=\"widget\" data-widget_type=\"text-editor.default\">\n\t\t\t\t<div class=\"elementor-widget-container\">\n\t\t\t\t\t<div class=\"elementor-text-editor elementor-clearfix\"><p>\uf013 \u00c4nderungen der technischen Daten ohne Vorank\u00fcndigung vorbehalten, alle Rechte vorbehalten.<\/p><\/div>\n\t\t\t\t<\/div>\n\t\t\t\t<\/div>\n\t\t\t\t\t\t<\/div>\n\t\t\t<\/div>\n\t\t<\/div>\n\t\t\t\t<div class=\"elementor-element elementor-element-77ac0857 elementor-column elementor-col-50 elementor-top-column\" data-id=\"77ac0857\" data-element_type=\"column\">\n\t\t\t<div class=\"elementor-column-wrap  elementor-element-populated\">\n\t\t\t\t\t<div class=\"elementor-widget-wrap\">\n\t\t\t\t<div class=\"elementor-element elementor-element-975f4a2 elementor-widget elementor-widget-spacer\" data-id=\"975f4a2\" data-element_type=\"widget\" data-widget_type=\"spacer.default\">\n\t\t\t\t<div class=\"elementor-widget-container\">\n\t\t\t\t\t<div class=\"elementor-spacer\">\n\t\t\t<div class=\"elementor-spacer-inner\"><\/div>\n\t\t<\/div>\n\t\t\t\t<\/div>\n\t\t\t\t<\/div>\n\t\t\t\t<div class=\"elementor-element elementor-element-11915329 elementor-widget elementor-widget-image\" data-id=\"11915329\" data-element_type=\"widget\" data-widget_type=\"image.default\">\n\t\t\t\t<div class=\"elementor-widget-container\">\n\t\t\t\t\t<div class=\"elementor-image\">\n\t\t\t\t\t\t\t\t\t\t<img loading=\"lazy\" decoding=\"async\" width=\"650\" height=\"650\" src=\"https:\/\/focusonpack.com\/wp-content\/uploads\/2022\/07\/Packaging-Machine.jpg\" class=\"elementor-animation-grow attachment-full size-full\" alt=\"\" srcset=\"https:\/\/focusonpack.com\/wp-content\/uploads\/2022\/07\/Packaging-Machine.jpg 650w, https:\/\/focusonpack.com\/wp-content\/uploads\/2022\/07\/Packaging-Machine-300x300.jpg 300w, https:\/\/focusonpack.com\/wp-content\/uploads\/2022\/07\/Packaging-Machine-150x150.jpg 150w, https:\/\/focusonpack.com\/wp-content\/uploads\/2022\/07\/Packaging-Machine-75x75.jpg 75w, https:\/\/focusonpack.com\/wp-content\/uploads\/2022\/07\/Packaging-Machine-80x80.jpg 80w, https:\/\/focusonpack.com\/wp-content\/uploads\/2022\/07\/Packaging-Machine-600x600.jpg 600w, https:\/\/focusonpack.com\/wp-content\/uploads\/2022\/07\/Packaging-Machine-100x100.jpg 100w\" sizes=\"auto, (max-width: 650px) 100vw, 650px\" \/>\t\t\t\t\t\t\t\t\t\t\t<\/div>\n\t\t\t\t<\/div>\n\t\t\t\t<\/div>\n\t\t\t\t<div class=\"elementor-element elementor-element-643afc9c elementor-button-info elementor-align-center elementor-widget elementor-widget-button\" data-id=\"643afc9c\" data-element_type=\"widget\" data-widget_type=\"button.default\">\n\t\t\t\t<div class=\"elementor-widget-container\">\n\t\t\t\t\t<div class=\"elementor-button-wrapper\">\n\t\t\t<a href=\"https:\/\/focusonpack.com\/de\/kontaktieren-sie-uns\/\" class=\"elementor-button-link elementor-button elementor-size-sm\" role=\"button\">\n\t\t\t\t\t\t<span class=\"elementor-button-content-wrapper\">\n\t\t\t\t\t\t<span class=\"elementor-button-text\">Angebot anfordern<\/span>\n\t\t<\/span>\n\t\t\t\t\t<\/a>\n\t\t<\/div>\n\t\t\t\t<\/div>\n\t\t\t\t<\/div>\n\t\t\t\t\t\t<\/div>\n\t\t\t<\/div>\n\t\t<\/div>\n\t\t\t\t\t\t<\/div>\n\t\t\t<\/div>\n\t\t<\/section>\n\t\t\t\t\t\t<\/div>\n\t\t\t<\/div>\n\t\t<\/div>","protected":false},"excerpt":{"rendered":"<p>Semi Automatic Shrink Wrapping&hellip;<\/p>","protected":false},"author":1,"featured_media":0,"parent":2373,"menu_order":0,"comment_status":"closed","ping_status":"closed","template":"elementor_header_footer","meta":{"footnotes":""},"class_list":["post-2583","page","type-page","status-publish","hentry","no-thumb"],"yoast_head":"<!-- This site is optimized with the Yoast SEO plugin v24.8.1 - https:\/\/yoast.com\/wordpress\/plugins\/seo\/ -->\n<title>Semi Automatic Shrink Wrapping Machine - Focus on pack<\/title>\n<meta name=\"robots\" content=\"index, follow, max-snippet:-1, max-image-preview:large, max-video-preview:-1\" \/>\n<link rel=\"canonical\" href=\"https:\/\/focusonpack.com\/de\/schrumpffolienverpackungsmaschine\/semi-automatic-shrink-wrapping-machine\/\" \/>\n<meta property=\"og:locale\" content=\"de_DE\" \/>\n<meta property=\"og:type\" content=\"article\" \/>\n<meta property=\"og:title\" content=\"Semi Automatic Shrink Wrapping Machine - Focus on pack\" \/>\n<meta property=\"og:description\" content=\"Semi Automatic Shrink Wrapping&hellip;\" \/>\n<meta property=\"og:url\" content=\"https:\/\/focusonpack.com\/de\/schrumpffolienverpackungsmaschine\/semi-automatic-shrink-wrapping-machine\/\" \/>\n<meta property=\"og:site_name\" content=\"Focus on pack\" \/>\n<meta property=\"article:modified_time\" content=\"2025-03-24T09:06:50+00:00\" \/>\n<meta property=\"og:image\" content=\"https:\/\/focusonpack.com\/wp-content\/uploads\/2022\/07\/Packaging-Machine.jpg\" \/>\n<meta name=\"twitter:card\" content=\"summary_large_image\" \/>\n<meta name=\"twitter:label1\" content=\"Gesch\u00e4tzte Lesezeit\" \/>\n\t<meta name=\"twitter:data1\" content=\"4\u00a0Minuten\" \/>\n<script type=\"application\/ld+json\" class=\"yoast-schema-graph\">{\"@context\":\"https:\/\/schema.org\",\"@graph\":[{\"@type\":\"WebPage\",\"@id\":\"https:\/\/focusonpack.com\/shrink-wrapping-machine\/semi-automatic-shrink-wrapping-machine\/\",\"url\":\"https:\/\/focusonpack.com\/shrink-wrapping-machine\/semi-automatic-shrink-wrapping-machine\/\",\"name\":\"Semi Automatic Shrink Wrapping Machine - Focus on pack\",\"isPartOf\":{\"@id\":\"https:\/\/focusonpack.com\/#website\"},\"primaryImageOfPage\":{\"@id\":\"https:\/\/focusonpack.com\/shrink-wrapping-machine\/semi-automatic-shrink-wrapping-machine\/#primaryimage\"},\"image\":{\"@id\":\"https:\/\/focusonpack.com\/shrink-wrapping-machine\/semi-automatic-shrink-wrapping-machine\/#primaryimage\"},\"thumbnailUrl\":\"https:\/\/focusonpack.com\/wp-content\/uploads\/2022\/07\/Packaging-Machine.jpg\",\"datePublished\":\"2020-05-08T07:37:45+00:00\",\"dateModified\":\"2025-03-24T09:06:50+00:00\",\"breadcrumb\":{\"@id\":\"https:\/\/focusonpack.com\/shrink-wrapping-machine\/semi-automatic-shrink-wrapping-machine\/#breadcrumb\"},\"inLanguage\":\"de\",\"potentialAction\":[{\"@type\":\"ReadAction\",\"target\":[\"https:\/\/focusonpack.com\/shrink-wrapping-machine\/semi-automatic-shrink-wrapping-machine\/\"]}]},{\"@type\":\"ImageObject\",\"inLanguage\":\"de\",\"@id\":\"https:\/\/focusonpack.com\/shrink-wrapping-machine\/semi-automatic-shrink-wrapping-machine\/#primaryimage\",\"url\":\"https:\/\/focusonpack.com\/wp-content\/uploads\/2022\/07\/Packaging-Machine.jpg\",\"contentUrl\":\"https:\/\/focusonpack.com\/wp-content\/uploads\/2022\/07\/Packaging-Machine.jpg\"},{\"@type\":\"BreadcrumbList\",\"@id\":\"https:\/\/focusonpack.com\/shrink-wrapping-machine\/semi-automatic-shrink-wrapping-machine\/#breadcrumb\",\"itemListElement\":[{\"@type\":\"ListItem\",\"position\":1,\"name\":\"\u9996\u9875\",\"item\":\"https:\/\/focusonpack.com\/\"},{\"@type\":\"ListItem\",\"position\":2,\"name\":\"Shrink Wrapping Machine\",\"item\":\"https:\/\/focusonpack.com\/shrink-wrapping-machine\/\"},{\"@type\":\"ListItem\",\"position\":3,\"name\":\"Semi Automatic Shrink Wrapping Machine\"}]},{\"@type\":\"WebSite\",\"@id\":\"https:\/\/focusonpack.com\/#website\",\"url\":\"https:\/\/focusonpack.com\/\",\"name\":\"Focus on pack\",\"description\":\"\",\"potentialAction\":[{\"@type\":\"SearchAction\",\"target\":{\"@type\":\"EntryPoint\",\"urlTemplate\":\"https:\/\/focusonpack.com\/?s={search_term_string}\"},\"query-input\":{\"@type\":\"PropertyValueSpecification\",\"valueRequired\":true,\"valueName\":\"search_term_string\"}}],\"inLanguage\":\"de\"}]}<\/script>\n<!-- \/ Yoast SEO plugin. -->","yoast_head_json":{"title":"Semi Automatic Shrink Wrapping Machine - Focus on pack","robots":{"index":"index","follow":"follow","max-snippet":"max-snippet:-1","max-image-preview":"max-image-preview:large","max-video-preview":"max-video-preview:-1"},"canonical":"https:\/\/focusonpack.com\/de\/schrumpffolienverpackungsmaschine\/semi-automatic-shrink-wrapping-machine\/","og_locale":"de_DE","og_type":"article","og_title":"Semi Automatic Shrink Wrapping Machine - Focus on pack","og_description":"Semi Automatic Shrink Wrapping&hellip;","og_url":"https:\/\/focusonpack.com\/de\/schrumpffolienverpackungsmaschine\/semi-automatic-shrink-wrapping-machine\/","og_site_name":"Focus on pack","article_modified_time":"2025-03-24T09:06:50+00:00","og_image":[{"url":"https:\/\/focusonpack.com\/wp-content\/uploads\/2022\/07\/Packaging-Machine.jpg","type":"","width":"","height":""}],"twitter_card":"summary_large_image","twitter_misc":{"Gesch\u00e4tzte Lesezeit":"4\u00a0Minuten"},"schema":{"@context":"https:\/\/schema.org","@graph":[{"@type":"WebPage","@id":"https:\/\/focusonpack.com\/shrink-wrapping-machine\/semi-automatic-shrink-wrapping-machine\/","url":"https:\/\/focusonpack.com\/shrink-wrapping-machine\/semi-automatic-shrink-wrapping-machine\/","name":"Semi Automatic Shrink Wrapping Machine - Focus on pack","isPartOf":{"@id":"https:\/\/focusonpack.com\/#website"},"primaryImageOfPage":{"@id":"https:\/\/focusonpack.com\/shrink-wrapping-machine\/semi-automatic-shrink-wrapping-machine\/#primaryimage"},"image":{"@id":"https:\/\/focusonpack.com\/shrink-wrapping-machine\/semi-automatic-shrink-wrapping-machine\/#primaryimage"},"thumbnailUrl":"https:\/\/focusonpack.com\/wp-content\/uploads\/2022\/07\/Packaging-Machine.jpg","datePublished":"2020-05-08T07:37:45+00:00","dateModified":"2025-03-24T09:06:50+00:00","breadcrumb":{"@id":"https:\/\/focusonpack.com\/shrink-wrapping-machine\/semi-automatic-shrink-wrapping-machine\/#breadcrumb"},"inLanguage":"de","potentialAction":[{"@type":"ReadAction","target":["https:\/\/focusonpack.com\/shrink-wrapping-machine\/semi-automatic-shrink-wrapping-machine\/"]}]},{"@type":"ImageObject","inLanguage":"de","@id":"https:\/\/focusonpack.com\/shrink-wrapping-machine\/semi-automatic-shrink-wrapping-machine\/#primaryimage","url":"https:\/\/focusonpack.com\/wp-content\/uploads\/2022\/07\/Packaging-Machine.jpg","contentUrl":"https:\/\/focusonpack.com\/wp-content\/uploads\/2022\/07\/Packaging-Machine.jpg"},{"@type":"BreadcrumbList","@id":"https:\/\/focusonpack.com\/shrink-wrapping-machine\/semi-automatic-shrink-wrapping-machine\/#breadcrumb","itemListElement":[{"@type":"ListItem","position":1,"name":"\u9996\u9875","item":"https:\/\/focusonpack.com\/"},{"@type":"ListItem","position":2,"name":"Shrink Wrapping Machine","item":"https:\/\/focusonpack.com\/shrink-wrapping-machine\/"},{"@type":"ListItem","position":3,"name":"Semi Automatic Shrink Wrapping Machine"}]},{"@type":"WebSite","@id":"https:\/\/focusonpack.com\/#website","url":"https:\/\/focusonpack.com\/","name":"Focus on pack","description":"","potentialAction":[{"@type":"SearchAction","target":{"@type":"EntryPoint","urlTemplate":"https:\/\/focusonpack.com\/?s={search_term_string}"},"query-input":{"@type":"PropertyValueSpecification","valueRequired":true,"valueName":"search_term_string"}}],"inLanguage":"de"}]}},"_links":{"self":[{"href":"https:\/\/focusonpack.com\/de\/wp-json\/wp\/v2\/pages\/2583","targetHints":{"allow":["GET"]}}],"collection":[{"href":"https:\/\/focusonpack.com\/de\/wp-json\/wp\/v2\/pages"}],"about":[{"href":"https:\/\/focusonpack.com\/de\/wp-json\/wp\/v2\/types\/page"}],"author":[{"embeddable":true,"href":"https:\/\/focusonpack.com\/de\/wp-json\/wp\/v2\/users\/1"}],"replies":[{"embeddable":true,"href":"https:\/\/focusonpack.com\/de\/wp-json\/wp\/v2\/comments?post=2583"}],"version-history":[{"count":11,"href":"https:\/\/focusonpack.com\/de\/wp-json\/wp\/v2\/pages\/2583\/revisions"}],"predecessor-version":[{"id":4583,"href":"https:\/\/focusonpack.com\/de\/wp-json\/wp\/v2\/pages\/2583\/revisions\/4583"}],"up":[{"embeddable":true,"href":"https:\/\/focusonpack.com\/de\/wp-json\/wp\/v2\/pages\/2373"}],"wp:attachment":[{"href":"https:\/\/focusonpack.com\/de\/wp-json\/wp\/v2\/media?parent=2583"}],"curies":[{"name":"wp","href":"https:\/\/api.w.org\/{rel}","templated":true}]}}