{"id":2626,"date":"2020-05-08T15:55:33","date_gmt":"2020-05-08T07:55:33","guid":{"rendered":"https:\/\/focusonpack.com\/?page_id=2626"},"modified":"2023-07-21T11:07:48","modified_gmt":"2023-07-21T03:07:48","slug":"automatic-top-labeling-machine","status":"publish","type":"page","link":"https:\/\/focusonpack.com\/de\/automatische-oberetikettiermaschine\/","title":{"rendered":"Automatische Top-Etikettiermaschine"},"content":{"rendered":"<div data-elementor-type=\"wp-page\" data-elementor-id=\"2626\" class=\"elementor elementor-2626\" data-elementor-settings=\"[]\">\n\t\t\t<div class=\"elementor-inner\">\n\t\t\t\t<div class=\"elementor-section-wrap\">\n\t\t\t\t\t\t\t<section class=\"elementor-element elementor-element-112e3290 elementor-section-boxed elementor-section-height-default elementor-section-height-default elementor-section elementor-top-section\" data-id=\"112e3290\" data-element_type=\"section\">\n\t\t\t\t\t\t<div class=\"elementor-container elementor-column-gap-default\">\n\t\t\t\t<div class=\"elementor-row\">\n\t\t\t\t<div class=\"elementor-element elementor-element-3c9bb09a elementor-column elementor-col-50 elementor-top-column\" data-id=\"3c9bb09a\" data-element_type=\"column\">\n\t\t\t<div class=\"elementor-column-wrap  elementor-element-populated\">\n\t\t\t\t\t<div class=\"elementor-widget-wrap\">\n\t\t\t\t<div class=\"elementor-element elementor-element-638e5d0c elementor-widget elementor-widget-heading\" data-id=\"638e5d0c\" data-element_type=\"widget\" data-widget_type=\"heading.default\">\n\t\t\t\t<div class=\"elementor-widget-container\">\n\t\t\t<h3 class=\"elementor-heading-title elementor-size-default\">Automatische Top-Etikettiermaschine<\/h3>\t\t<\/div>\n\t\t\t\t<\/div>\n\t\t\t\t<div class=\"elementor-element elementor-element-4b43df10 elementor-widget elementor-widget-heading\" data-id=\"4b43df10\" data-element_type=\"widget\" data-widget_type=\"heading.default\">\n\t\t\t\t<div class=\"elementor-widget-container\">\n\t\t\t<h3 class=\"elementor-heading-title elementor-size-default\">Automatischer Oberetikettierer<\/h3>\t\t<\/div>\n\t\t\t\t<\/div>\n\t\t\t\t<div class=\"elementor-element elementor-element-51a28d95 elementor-widget elementor-widget-text-editor\" data-id=\"51a28d95\" data-element_type=\"widget\" data-widget_type=\"text-editor.default\">\n\t\t\t\t<div class=\"elementor-widget-container\">\n\t\t\t\t\t<div class=\"elementor-text-editor elementor-clearfix\"><p>Die automatische Oberseiten-Etikettiermaschine f\u00fcr selbstklebende Aufkleber wurde entwickelt, um selbstklebende Etiketten mit Leichtigkeit und Pr\u00e4zision auf Objekte mit flachen Oberfl\u00e4chen aufzubringen. f\u00fcr einheitliche, professionell aussehende Produkte, wie z. B. Schachteln, Kosmetika, Pakete, Beutel, Umschl\u00e4ge, Kartons, Lebensmittelschalen, Beh\u00e4lter, Blister usw. Blister usw.<\/p><\/div>\n\t\t\t\t<\/div>\n\t\t\t\t<\/div>\n\t\t\t\t<div class=\"elementor-element elementor-element-9fa4132 elementor-widget elementor-widget-text-editor\" data-id=\"9fa4132\" data-element_type=\"widget\" data-widget_type=\"text-editor.default\">\n\t\t\t\t<div class=\"elementor-widget-container\">\n\t\t\t\t\t<div class=\"elementor-text-editor elementor-clearfix\"><p>Diese druckempfindliche Etikettiermaschine kann in bestehende Produktionslinien integriert oder manuell beschickt werden, es werden Etikettiermaschinen verwendet. Beispiele f\u00fcr Produkte, die mit diesen Ger\u00e4ten etikettiert werden, sind Babyt\u00fccher, Batterien, Molkereiprodukte, Erste-Hilfe-K\u00e4sten, Barcode-Anwendungen. Zu den Beispielprodukten, die mit diesen Ger\u00e4ten etikettiert werden, geh\u00f6ren Babyt\u00fccher, Batterien, Molkereiprodukte, Erste-Hilfe-K\u00e4sten, Kr\u00e4uter, Handb\u00fccher, Backwaren, medizinische Instrumente, Maschinenteile, S\u00fc\u00dfwaren und viele andere. Zu den Beispielprodukten, die mit diesen Ger\u00e4ten etikettiert werden, geh\u00f6ren Babyt\u00fccher, Batterien, Milchprodukte, Erste-Hilfe-K\u00e4sten, Kr\u00e4uter, Handb\u00fccher, Backwaren, medizinische Ger\u00e4te, Maschinenteile, S\u00fc\u00dfwaren und viele andere.<\/p><\/div>\n\t\t\t\t<\/div>\n\t\t\t\t<\/div>\n\t\t\t\t<div class=\"elementor-element elementor-element-5ea1bfc4 elementor-widget elementor-widget-heading\" data-id=\"5ea1bfc4\" data-element_type=\"widget\" data-widget_type=\"heading.default\">\n\t\t\t\t<div class=\"elementor-widget-container\">\n\t\t\t<h3 class=\"elementor-heading-title elementor-size-default\">Wesentliche Merkmale<\/h3>\t\t<\/div>\n\t\t\t\t<\/div>\n\t\t\t\t<div class=\"elementor-element elementor-element-232d777a elementor-widget elementor-widget-text-editor\" data-id=\"232d777a\" data-element_type=\"widget\" data-widget_type=\"text-editor.default\">\n\t\t\t\t<div class=\"elementor-widget-container\">\n\t\t\t\t\t<div class=\"elementor-text-editor elementor-clearfix\"><p>\uf105 Hochbelastbare Komponenten aus eloxiertem Aluminium und Edelstahl<\/p><p>\uf105 Elektronische Komponenten sind weltbekannte Marken<\/p><p>\uf105 Beschriftung auf ebener Fl\u00e4che m\u00f6glich<\/p><p>\uf105 PLC-Steuerung und benutzerfreundliche HMI<\/p><p>\uf105 Servomotorantrieb liefert genaue und wiederholbare Etikettierung mit hoher Geschwindigkeit<\/p><p>\uf105 Automatisch synchronisierter Etikettenkopf und F\u00f6rderband<\/p><p>\uf105 Stromunterst\u00fctzter Bahneinzug<\/p><p>\uf105 Erkennung niedriger oder fehlender Etiketten mit automatischem Stoppsystem zur Vermeidung von Fehletikettierungen<\/p><p>\uf105 Ber\u00fchrungslose Fotoaugensensoren<\/p><p>\uf105 Etikettenz\u00e4hler<\/p><\/div>\n\t\t\t\t<\/div>\n\t\t\t\t<\/div>\n\t\t\t\t<div class=\"elementor-element elementor-element-1ae1d0fd elementor-widget elementor-widget-heading\" data-id=\"1ae1d0fd\" data-element_type=\"widget\" data-widget_type=\"heading.default\">\n\t\t\t\t<div class=\"elementor-widget-container\">\n\t\t\t<h3 class=\"elementor-heading-title elementor-size-default\">Verf\u00fcgbare Optionen<\/h3>\t\t<\/div>\n\t\t\t\t<\/div>\n\t\t\t\t<div class=\"elementor-element elementor-element-e763afe elementor-widget elementor-widget-text-editor\" data-id=\"e763afe\" data-element_type=\"widget\" data-widget_type=\"text-editor.default\">\n\t\t\t\t<div class=\"elementor-widget-container\">\n\t\t\t\t\t<div class=\"elementor-text-editor elementor-clearfix\"><p>\uf105 Hei\u00dfpr\u00e4gedruck-Codierer mit Sockel (druckt Zeichen direkt auf das Etikett)<\/p><p>\uf105 Clear Label Sensoren (zur Erkennung transparenter Etiketten)<\/p><\/div>\n\t\t\t\t<\/div>\n\t\t\t\t<\/div>\n\t\t\t\t<div class=\"elementor-element elementor-element-d90d4bf elementor-widget elementor-widget-heading\" data-id=\"d90d4bf\" data-element_type=\"widget\" data-widget_type=\"heading.default\">\n\t\t\t\t<div class=\"elementor-widget-container\">\n\t\t\t<h3 class=\"elementor-heading-title elementor-size-default\">Technische Daten<\/h3>\t\t<\/div>\n\t\t\t\t<\/div>\n\t\t\t\t<div class=\"elementor-element elementor-element-71d7e487 elementor-widget elementor-widget-text-editor\" data-id=\"71d7e487\" data-element_type=\"widget\" data-widget_type=\"text-editor.default\">\n\t\t\t\t<div class=\"elementor-widget-container\">\n\t\t\t\t\t<div class=\"elementor-text-editor elementor-clearfix\"><table border=\"0\" cellpadding=\"0\" cellspacing=\"0\" width=\"652\" height=\"260\" style=\"width: 489.02pt;\">\n <colgroup><col width=\"146\" style=\"width:109.50pt;\">\n <col width=\"506\" style=\"width:379.50pt;\">\n <\/colgroup><tbody><tr height=\"20\" style=\"height:15.00pt;\">\n  <td class=\"et2\" height=\"20\" width=\"146\" x:str=\"\" style=\"height:15.00pt;width:109.50pt;\">Richtung<\/td>\n  <td class=\"et2\" width=\"506\" x:str=\"\" style=\"width:379.50pt;\">Von links nach rechts oder von rechts nach links<\/td>\n <\/tr>\n <tr height=\"20\" style=\"height:15.00pt;\">\n  <td class=\"et2\" height=\"20\" x:str=\"\" style=\"height:15.00pt;\">Geschwindigkeit<\/td>\n  <td class=\"et2\" x:str=\"\">17Meter\/Minute<br>(abh\u00e4ngig von Produkteigenschaften und Vorschubgeschwindigkeit)<\/td>\n <\/tr>\n <tr height=\"20\" style=\"height:15.00pt;\">\n  <td class=\"et2\" height=\"20\" x:str=\"\" style=\"height:15.00pt;\">Container L\u00e4nge&nbsp;<\/td>\n  <td class=\"et2\" x:str=\"\">40-500mm<\/td>\n <\/tr>\n <tr height=\"20\" style=\"height:15.00pt;\">\n  <td class=\"et2\" height=\"20\" x:str=\"\" style=\"height:15.00pt;\">Container Breite&nbsp;<\/td>\n  <td class=\"et2\" x:str=\"\">40-400mm<\/td>\n <\/tr>\n <tr height=\"20\" style=\"height:15.00pt;\">\n  <td class=\"et2\" height=\"20\" x:str=\"\" style=\"height:15.00pt;\">Container H\u00f6he<\/td>\n  <td class=\"et2\" x:str=\"\">1-300mm<\/td>\n <\/tr>\n <tr height=\"20\" style=\"height:15.00pt;\">\n  <td class=\"et2\" height=\"20\" x:str=\"\" style=\"height:15.00pt;\">Etikett L\u00e4nge&nbsp;<\/td>\n  <td class=\"et2\" x:str=\"\">20-200mm<\/td>\n <\/tr>\n <tr height=\"20\" style=\"height:15.00pt;\">\n  <td class=\"et2\" height=\"20\" x:str=\"\" style=\"height:15.00pt;\">Etikett H\u00f6he&nbsp;<\/td>\n  <td class=\"et2\" x:str=\"\">20-200mm<\/td>\n <\/tr>\n <tr height=\"20\" style=\"height:15.00pt;\">\n  <td class=\"et2\" height=\"20\" x:str=\"\" style=\"height:15.00pt;\">Etikettiergenauigkeit&nbsp;<\/td>\n  <td class=\"et2\" x:str=\"\">\u00b11mm (abh\u00e4ngig von den Produkteigenschaften)<\/td>\n <\/tr>\n <tr height=\"20\" style=\"height:15.00pt;\">\n  <td class=\"et2\" height=\"20\" x:str=\"\" style=\"height:15.00pt;\">Etikettenrolle Gr\u00f6\u00dfe<\/td>\n  <td class=\"et2\" x:str=\"\">320mm(Max)<\/td>\n <\/tr>\n <tr height=\"20\" style=\"height:15.00pt;\">\n  <td class=\"et2\" height=\"20\" x:str=\"\" style=\"height:15.00pt;\">Etikett Kerngr\u00f6\u00dfe<\/td>\n  <td class=\"et2\" x:str=\"\">76mm<\/td>\n <\/tr>\n <tr height=\"20\" style=\"height:15.00pt;\">\n  <td class=\"et2\" height=\"20\" x:str=\"\" style=\"height:15.00pt;\">Elektrische Versorgung<\/td>\n  <td class=\"et2\" x:str=\"\">110\/220V 50\/60HZ 1PH 950W<\/td>\n <\/tr>\n <tr height=\"20\" style=\"height:15.00pt;\">\n  <td class=\"et2\" height=\"20\" x:str=\"\" style=\"height:15.00pt;\">Gewicht&nbsp;<\/td>\n  <td class=\"et2\" x:str=\"\">200kgs<\/td>\n <\/tr>\n <tr height=\"20\" style=\"height:15.00pt;\">\n  <td class=\"et2\" height=\"20\" x:str=\"\" style=\"height:15.00pt;\">Dimension<\/td>\n  <td class=\"et2\" x:str=\"\">2000x800x1450mm<\/td>\n <\/tr>\n<\/tbody><\/table><\/div>\n\t\t\t\t<\/div>\n\t\t\t\t<\/div>\n\t\t\t\t<div class=\"elementor-element elementor-element-3dcd465f elementor-widget elementor-widget-text-editor\" data-id=\"3dcd465f\" data-element_type=\"widget\" data-widget_type=\"text-editor.default\">\n\t\t\t\t<div class=\"elementor-widget-container\">\n\t\t\t\t\t<div class=\"elementor-text-editor elementor-clearfix\"><p>\uf013 \u00c4nderungen der technischen Daten ohne Vorank\u00fcndigung vorbehalten, alle Rechte vorbehalten.<\/p><\/div>\n\t\t\t\t<\/div>\n\t\t\t\t<\/div>\n\t\t\t\t\t\t<\/div>\n\t\t\t<\/div>\n\t\t<\/div>\n\t\t\t\t<div class=\"elementor-element elementor-element-13fccf28 elementor-column elementor-col-50 elementor-top-column\" data-id=\"13fccf28\" data-element_type=\"column\">\n\t\t\t<div class=\"elementor-column-wrap  elementor-element-populated\">\n\t\t\t\t\t<div class=\"elementor-widget-wrap\">\n\t\t\t\t<div class=\"elementor-element elementor-element-473e9196 elementor-widget elementor-widget-spacer\" data-id=\"473e9196\" data-element_type=\"widget\" data-widget_type=\"spacer.default\">\n\t\t\t\t<div class=\"elementor-widget-container\">\n\t\t\t\t\t<div class=\"elementor-spacer\">\n\t\t\t<div class=\"elementor-spacer-inner\"><\/div>\n\t\t<\/div>\n\t\t\t\t<\/div>\n\t\t\t\t<\/div>\n\t\t\t\t<div class=\"elementor-element elementor-element-357d56d7 elementor-widget elementor-widget-image\" data-id=\"357d56d7\" data-element_type=\"widget\" data-widget_type=\"image.default\">\n\t\t\t\t<div class=\"elementor-widget-container\">\n\t\t\t\t\t<div class=\"elementor-image\">\n\t\t\t\t\t\t\t\t\t\t<img loading=\"lazy\" decoding=\"async\" width=\"304\" height=\"241\" src=\"https:\/\/focusonpack.com\/wp-content\/uploads\/2023\/07\/label-4-4.jpg\" class=\"attachment-full size-full\" alt=\"\" srcset=\"https:\/\/focusonpack.com\/wp-content\/uploads\/2023\/07\/label-4-4.jpg 304w, https:\/\/focusonpack.com\/wp-content\/uploads\/2023\/07\/label-4-4-300x238.jpg 300w\" sizes=\"auto, (max-width: 304px) 100vw, 304px\" \/>\t\t\t\t\t\t\t\t\t\t\t<\/div>\n\t\t\t\t<\/div>\n\t\t\t\t<\/div>\n\t\t\t\t<div class=\"elementor-element elementor-element-5aea0bd1 elementor-button-info elementor-align-center elementor-widget elementor-widget-button\" data-id=\"5aea0bd1\" data-element_type=\"widget\" data-widget_type=\"button.default\">\n\t\t\t\t<div class=\"elementor-widget-container\">\n\t\t\t\t\t<div class=\"elementor-button-wrapper\">\n\t\t\t<a href=\"https:\/\/focusonpack.com\/de\/kontaktieren-sie-uns\/\" class=\"elementor-button-link elementor-button elementor-size-sm\" role=\"button\">\n\t\t\t\t\t\t<span class=\"elementor-button-content-wrapper\">\n\t\t\t\t\t\t<span class=\"elementor-button-text\">Angebot anfordern<\/span>\n\t\t<\/span>\n\t\t\t\t\t<\/a>\n\t\t<\/div>\n\t\t\t\t<\/div>\n\t\t\t\t<\/div>\n\t\t\t\t\t\t<\/div>\n\t\t\t<\/div>\n\t\t<\/div>\n\t\t\t\t\t\t<\/div>\n\t\t\t<\/div>\n\t\t<\/section>\n\t\t\t\t\t\t<\/div>\n\t\t\t<\/div>\n\t\t<\/div>","protected":false},"excerpt":{"rendered":"<p>Automatic Top Labeling Machine&hellip;<\/p>","protected":false},"author":1,"featured_media":0,"parent":0,"menu_order":0,"comment_status":"closed","ping_status":"closed","template":"elementor_header_footer","meta":{"footnotes":""},"class_list":["post-2626","page","type-page","status-publish","hentry","no-thumb"],"yoast_head":"<!-- This site is optimized with the Yoast SEO plugin v24.8.1 - https:\/\/yoast.com\/wordpress\/plugins\/seo\/ -->\n<title>Automatic Top Labeling Machine - Focus on pack<\/title>\n<meta name=\"robots\" content=\"index, follow, max-snippet:-1, max-image-preview:large, max-video-preview:-1\" \/>\n<link rel=\"canonical\" href=\"https:\/\/focusonpack.com\/de\/automatische-oberetikettiermaschine\/\" \/>\n<meta property=\"og:locale\" content=\"de_DE\" \/>\n<meta property=\"og:type\" content=\"article\" \/>\n<meta property=\"og:title\" content=\"Automatic Top Labeling Machine - Focus on pack\" \/>\n<meta property=\"og:description\" content=\"Automatic Top Labeling Machine&hellip;\" \/>\n<meta property=\"og:url\" content=\"https:\/\/focusonpack.com\/de\/automatische-oberetikettiermaschine\/\" \/>\n<meta property=\"og:site_name\" content=\"Focus on pack\" \/>\n<meta property=\"article:modified_time\" content=\"2023-07-21T03:07:48+00:00\" \/>\n<meta property=\"og:image\" content=\"https:\/\/focusonpack.com\/wp-content\/uploads\/2023\/07\/label-4-4.jpg\" \/>\n<meta name=\"twitter:card\" content=\"summary_large_image\" \/>\n<meta name=\"twitter:label1\" content=\"Gesch\u00e4tzte Lesezeit\" \/>\n\t<meta name=\"twitter:data1\" content=\"1\u00a0Minute\" \/>\n<script type=\"application\/ld+json\" class=\"yoast-schema-graph\">{\"@context\":\"https:\/\/schema.org\",\"@graph\":[{\"@type\":\"WebPage\",\"@id\":\"https:\/\/focusonpack.com\/automatic-top-labeling-machine\/\",\"url\":\"https:\/\/focusonpack.com\/automatic-top-labeling-machine\/\",\"name\":\"Automatic Top Labeling Machine - Focus on pack\",\"isPartOf\":{\"@id\":\"https:\/\/focusonpack.com\/#website\"},\"primaryImageOfPage\":{\"@id\":\"https:\/\/focusonpack.com\/automatic-top-labeling-machine\/#primaryimage\"},\"image\":{\"@id\":\"https:\/\/focusonpack.com\/automatic-top-labeling-machine\/#primaryimage\"},\"thumbnailUrl\":\"https:\/\/focusonpack.com\/wp-content\/uploads\/2023\/07\/label-4-4.jpg\",\"datePublished\":\"2020-05-08T07:55:33+00:00\",\"dateModified\":\"2023-07-21T03:07:48+00:00\",\"breadcrumb\":{\"@id\":\"https:\/\/focusonpack.com\/automatic-top-labeling-machine\/#breadcrumb\"},\"inLanguage\":\"de\",\"potentialAction\":[{\"@type\":\"ReadAction\",\"target\":[\"https:\/\/focusonpack.com\/automatic-top-labeling-machine\/\"]}]},{\"@type\":\"ImageObject\",\"inLanguage\":\"de\",\"@id\":\"https:\/\/focusonpack.com\/automatic-top-labeling-machine\/#primaryimage\",\"url\":\"https:\/\/focusonpack.com\/wp-content\/uploads\/2023\/07\/label-4-4.jpg\",\"contentUrl\":\"https:\/\/focusonpack.com\/wp-content\/uploads\/2023\/07\/label-4-4.jpg\"},{\"@type\":\"BreadcrumbList\",\"@id\":\"https:\/\/focusonpack.com\/automatic-top-labeling-machine\/#breadcrumb\",\"itemListElement\":[{\"@type\":\"ListItem\",\"position\":1,\"name\":\"\u9996\u9875\",\"item\":\"https:\/\/focusonpack.com\/\"},{\"@type\":\"ListItem\",\"position\":2,\"name\":\"Automatic Top Labeling Machine\"}]},{\"@type\":\"WebSite\",\"@id\":\"https:\/\/focusonpack.com\/#website\",\"url\":\"https:\/\/focusonpack.com\/\",\"name\":\"Focus on pack\",\"description\":\"\",\"potentialAction\":[{\"@type\":\"SearchAction\",\"target\":{\"@type\":\"EntryPoint\",\"urlTemplate\":\"https:\/\/focusonpack.com\/?s={search_term_string}\"},\"query-input\":{\"@type\":\"PropertyValueSpecification\",\"valueRequired\":true,\"valueName\":\"search_term_string\"}}],\"inLanguage\":\"de\"}]}<\/script>\n<!-- \/ Yoast SEO plugin. -->","yoast_head_json":{"title":"Automatic Top Labeling Machine - Focus on pack","robots":{"index":"index","follow":"follow","max-snippet":"max-snippet:-1","max-image-preview":"max-image-preview:large","max-video-preview":"max-video-preview:-1"},"canonical":"https:\/\/focusonpack.com\/de\/automatische-oberetikettiermaschine\/","og_locale":"de_DE","og_type":"article","og_title":"Automatic Top Labeling Machine - Focus on pack","og_description":"Automatic Top Labeling Machine&hellip;","og_url":"https:\/\/focusonpack.com\/de\/automatische-oberetikettiermaschine\/","og_site_name":"Focus on pack","article_modified_time":"2023-07-21T03:07:48+00:00","og_image":[{"url":"https:\/\/focusonpack.com\/wp-content\/uploads\/2023\/07\/label-4-4.jpg","type":"","width":"","height":""}],"twitter_card":"summary_large_image","twitter_misc":{"Gesch\u00e4tzte Lesezeit":"1\u00a0Minute"},"schema":{"@context":"https:\/\/schema.org","@graph":[{"@type":"WebPage","@id":"https:\/\/focusonpack.com\/automatic-top-labeling-machine\/","url":"https:\/\/focusonpack.com\/automatic-top-labeling-machine\/","name":"Automatic Top Labeling Machine - Focus on pack","isPartOf":{"@id":"https:\/\/focusonpack.com\/#website"},"primaryImageOfPage":{"@id":"https:\/\/focusonpack.com\/automatic-top-labeling-machine\/#primaryimage"},"image":{"@id":"https:\/\/focusonpack.com\/automatic-top-labeling-machine\/#primaryimage"},"thumbnailUrl":"https:\/\/focusonpack.com\/wp-content\/uploads\/2023\/07\/label-4-4.jpg","datePublished":"2020-05-08T07:55:33+00:00","dateModified":"2023-07-21T03:07:48+00:00","breadcrumb":{"@id":"https:\/\/focusonpack.com\/automatic-top-labeling-machine\/#breadcrumb"},"inLanguage":"de","potentialAction":[{"@type":"ReadAction","target":["https:\/\/focusonpack.com\/automatic-top-labeling-machine\/"]}]},{"@type":"ImageObject","inLanguage":"de","@id":"https:\/\/focusonpack.com\/automatic-top-labeling-machine\/#primaryimage","url":"https:\/\/focusonpack.com\/wp-content\/uploads\/2023\/07\/label-4-4.jpg","contentUrl":"https:\/\/focusonpack.com\/wp-content\/uploads\/2023\/07\/label-4-4.jpg"},{"@type":"BreadcrumbList","@id":"https:\/\/focusonpack.com\/automatic-top-labeling-machine\/#breadcrumb","itemListElement":[{"@type":"ListItem","position":1,"name":"\u9996\u9875","item":"https:\/\/focusonpack.com\/"},{"@type":"ListItem","position":2,"name":"Automatic Top Labeling Machine"}]},{"@type":"WebSite","@id":"https:\/\/focusonpack.com\/#website","url":"https:\/\/focusonpack.com\/","name":"Focus on pack","description":"","potentialAction":[{"@type":"SearchAction","target":{"@type":"EntryPoint","urlTemplate":"https:\/\/focusonpack.com\/?s={search_term_string}"},"query-input":{"@type":"PropertyValueSpecification","valueRequired":true,"valueName":"search_term_string"}}],"inLanguage":"de"}]}},"_links":{"self":[{"href":"https:\/\/focusonpack.com\/de\/wp-json\/wp\/v2\/pages\/2626","targetHints":{"allow":["GET"]}}],"collection":[{"href":"https:\/\/focusonpack.com\/de\/wp-json\/wp\/v2\/pages"}],"about":[{"href":"https:\/\/focusonpack.com\/de\/wp-json\/wp\/v2\/types\/page"}],"author":[{"embeddable":true,"href":"https:\/\/focusonpack.com\/de\/wp-json\/wp\/v2\/users\/1"}],"replies":[{"embeddable":true,"href":"https:\/\/focusonpack.com\/de\/wp-json\/wp\/v2\/comments?post=2626"}],"version-history":[{"count":9,"href":"https:\/\/focusonpack.com\/de\/wp-json\/wp\/v2\/pages\/2626\/revisions"}],"predecessor-version":[{"id":4070,"href":"https:\/\/focusonpack.com\/de\/wp-json\/wp\/v2\/pages\/2626\/revisions\/4070"}],"wp:attachment":[{"href":"https:\/\/focusonpack.com\/de\/wp-json\/wp\/v2\/media?parent=2626"}],"curies":[{"name":"wp","href":"https:\/\/api.w.org\/{rel}","templated":true}]}}