{"id":2939,"date":"2020-05-11T10:24:35","date_gmt":"2020-05-11T02:24:35","guid":{"rendered":"https:\/\/focusonpack.com\/?page_id=2939"},"modified":"2025-03-24T16:37:35","modified_gmt":"2025-03-24T08:37:35","slug":"4000-5000-bottles-per-hour-water-filling-machine","status":"publish","type":"page","link":"https:\/\/focusonpack.com\/de\/wasserabfullmaschine\/4000-5000-bottles-per-hour-water-filling-machine\/","title":{"rendered":"4000-5000 Bottles per Hour Water Filling Machine"},"content":{"rendered":"<div data-elementor-type=\"wp-page\" data-elementor-id=\"2939\" class=\"elementor elementor-2939\" data-elementor-settings=\"[]\">\n\t\t\t<div class=\"elementor-inner\">\n\t\t\t\t<div class=\"elementor-section-wrap\">\n\t\t\t\t\t\t\t<section class=\"elementor-element elementor-element-4574303e elementor-section-boxed elementor-section-height-default elementor-section-height-default elementor-section elementor-top-section\" data-id=\"4574303e\" data-element_type=\"section\">\n\t\t\t\t\t\t<div class=\"elementor-container elementor-column-gap-default\">\n\t\t\t\t<div class=\"elementor-row\">\n\t\t\t\t<div class=\"elementor-element elementor-element-19b000e4 elementor-column elementor-col-50 elementor-top-column\" data-id=\"19b000e4\" data-element_type=\"column\">\n\t\t\t<div class=\"elementor-column-wrap  elementor-element-populated\">\n\t\t\t\t\t<div class=\"elementor-widget-wrap\">\n\t\t\t\t<div class=\"elementor-element elementor-element-76ae412f elementor-widget elementor-widget-heading\" data-id=\"76ae412f\" data-element_type=\"widget\" data-widget_type=\"heading.default\">\n\t\t\t\t<div class=\"elementor-widget-container\">\n\t\t\t<h3 class=\"elementor-heading-title elementor-size-default\">4000-5000 Bottles per Hour Water Filling Machine<\/h3>\t\t<\/div>\n\t\t\t\t<\/div>\n\t\t\t\t<div class=\"elementor-element elementor-element-7ec2c17e elementor-widget elementor-widget-text-editor\" data-id=\"7ec2c17e\" data-element_type=\"widget\" data-widget_type=\"text-editor.default\">\n\t\t\t\t<div class=\"elementor-widget-container\">\n\t\t\t\t\t<div class=\"elementor-text-editor elementor-clearfix\"><p>This automatic water bottle filling machine is a fully automatic rotary filling machine for bottle water filling and non-carbonated drink filling that are packed in plastic bottles ranging from 200ml to 1500ml, which includes 14 rinse valves, 12 fill heads and 5 cap head assemblies, Speed of 4000 to 5000 bottles per hour can be achieved on this durable and dependable automatic water filling machine. Rinsing, filling and capping of bottles are integrated in one, fully automatic synchronized machine. Heavy duty base is supported by adjustable feet and is made with stainless steel sheathing secured to the tubular frame. All bottle contact parts are made of stainless steel or food grade plastic. PLC control and friendly user touch screen. Standard machine comes with 2 meters air conveyors, 4 meters exit conveyors and automatic cap elevator.<\/p><\/div>\n\t\t\t\t<\/div>\n\t\t\t\t<\/div>\n\t\t\t\t<div class=\"elementor-element elementor-element-26a68651 elementor-widget elementor-widget-text-editor\" data-id=\"26a68651\" data-element_type=\"widget\" data-widget_type=\"text-editor.default\">\n\t\t\t\t<div class=\"elementor-widget-container\">\n\t\t\t\t\t<div class=\"elementor-text-editor elementor-clearfix\"><p><strong>Rinsing Station &#8211;<\/strong> The rotary rinsing turret consists of individual bottle neck grippers and spray nozzles to rinse the inside of PET bottles. All contact parts are made of stainless steel or food grade plastic material. The bottle grabbers take the bottles from the inlet starwheel guaranteeing a secure grip. The bottle is turned upside down and centered above a spraying nozzle that directs a stream of rinse water into the bottle. After being rinsed, the bottle is automatically turned over to an upright position.<\/p><\/div>\n\t\t\t\t<\/div>\n\t\t\t\t<\/div>\n\t\t\t\t<div class=\"elementor-element elementor-element-f174331 elementor-widget elementor-widget-text-editor\" data-id=\"f174331\" data-element_type=\"widget\" data-widget_type=\"text-editor.default\">\n\t\t\t\t<div class=\"elementor-widget-container\">\n\t\t\t\t\t<div class=\"elementor-text-editor elementor-clearfix\"><p><strong>Filling Station &#8211;<\/strong> The Filler has gravity style, stainless steel fill heads that are suitable to fill thin flowable liquids in PET bottles, which can be either 2 stage filling nozzles with a fast and slow filling cycle, or single stage nozzles, Filling valves are made of stainless steel with food grade gaskets. The filling valves are secured to allow easy assembly and disassembly. Each valve is internally polished. If the bottle is not present the valve does not deliver any product.<\/p><\/div>\n\t\t\t\t<\/div>\n\t\t\t\t<\/div>\n\t\t\t\t<div class=\"elementor-element elementor-element-dc3f2c4 elementor-widget elementor-widget-text-editor\" data-id=\"dc3f2c4\" data-element_type=\"widget\" data-widget_type=\"text-editor.default\">\n\t\t\t\t<div class=\"elementor-widget-container\">\n\t\t\t\t\t<div class=\"elementor-text-editor elementor-clearfix\"><p><strong>Capping Station &#8211;<\/strong> The Capper consists of an internal steel structure with stainless steel casing. Fixed components include the cap hopper, cap feeder and cam actuating capping heads. The cap feeder and all<br \/>contact parts are made of stainless steel or food grade plastic. The cap feeder guides the caps onto a chute for pick-up. A rotative capping turret with magnetic chuck heads applies plastic screw caps on PET bottles.<\/p><\/div>\n\t\t\t\t<\/div>\n\t\t\t\t<\/div>\n\t\t\t\t<div class=\"elementor-element elementor-element-0aa7aaf elementor-widget elementor-widget-text-editor\" data-id=\"0aa7aaf\" data-element_type=\"widget\" data-widget_type=\"text-editor.default\">\n\t\t\t\t<div class=\"elementor-widget-container\">\n\t\t\t\t\t<div class=\"elementor-text-editor elementor-clearfix\"><p><strong>Monoblock Base &#8211;<\/strong> The sturdy base is supported by adjustable feet and is made with heavy duty carbon steel sheathing secured to the tubular frame. The base houses the motor and drive gears. It is accessible through stainless steel removable doors. The Rinser\/Filler\/Capper is motorized by a single AC electric motor and controlled by an inverter.<\/p><\/div>\n\t\t\t\t<\/div>\n\t\t\t\t<\/div>\n\t\t\t\t<div class=\"elementor-element elementor-element-875227f elementor-widget elementor-widget-text-editor\" data-id=\"875227f\" data-element_type=\"widget\" data-widget_type=\"text-editor.default\">\n\t\t\t\t<div class=\"elementor-widget-container\">\n\t\t\t\t\t<div class=\"elementor-text-editor elementor-clearfix\"><p><strong>Electrical Panel &#8211;<\/strong> The electric panel contains the inverter, motor starters, PLC, and other electro-mechanical<br \/>components. The inverter enables the operator to vary the rate of production to synchronize the Rinser\/Riller\/Capper with other packaging machines running on the same line. An Emergency Stop button is mounted on front of touch screen panel.<\/p><\/div>\n\t\t\t\t<\/div>\n\t\t\t\t<\/div>\n\t\t\t\t<div class=\"elementor-element elementor-element-54d3b490 elementor-widget elementor-widget-heading\" data-id=\"54d3b490\" data-element_type=\"widget\" data-widget_type=\"heading.default\">\n\t\t\t\t<div class=\"elementor-widget-container\">\n\t\t\t<h3 class=\"elementor-heading-title elementor-size-default\">Accessories<\/h3>\t\t<\/div>\n\t\t\t\t<\/div>\n\t\t\t\t<div class=\"elementor-element elementor-element-16f1da20 elementor-widget elementor-widget-text-editor\" data-id=\"16f1da20\" data-element_type=\"widget\" data-widget_type=\"text-editor.default\">\n\t\t\t\t<div class=\"elementor-widget-container\">\n\t\t\t\t\t<div class=\"elementor-text-editor elementor-clearfix\"><p>\u2022\u00a0 Infeed air conveyor with Blower<br \/>\u2022\u00a0 Outfeed conveyor with tabletop slat chain<br \/>\u2022\u00a0 Automatic cap elevator\/feeder<\/p><\/div>\n\t\t\t\t<\/div>\n\t\t\t\t<\/div>\n\t\t\t\t<div class=\"elementor-element elementor-element-8d58c13 elementor-widget elementor-widget-heading\" data-id=\"8d58c13\" data-element_type=\"widget\" data-widget_type=\"heading.default\">\n\t\t\t\t<div class=\"elementor-widget-container\">\n\t\t\t<h3 class=\"elementor-heading-title elementor-size-default\">Technische Daten<\/h3>\t\t<\/div>\n\t\t\t\t<\/div>\n\t\t\t\t<div class=\"elementor-element elementor-element-7d5251c7 elementor-widget elementor-widget-text-editor\" data-id=\"7d5251c7\" data-element_type=\"widget\" data-widget_type=\"text-editor.default\">\n\t\t\t\t<div class=\"elementor-widget-container\">\n\t\t\t\t\t<div class=\"elementor-text-editor elementor-clearfix\"><table width=\"760\">\n<tbody>\n<tr>\n<td width=\"267\">Model<\/td>\n<td width=\"303\">CGF 14-12-5<\/td>\n<\/tr>\n<tr>\n<td>Leistung Kapazit\u00e4t<\/td>\n<td>4000-5000Bottles\/Hr at 500ml volume<\/td>\n<\/tr>\n<tr>\n<td>Nos of Rinse Valves<\/td>\n<td>14<\/td>\n<\/tr>\n<tr>\n<td>Anzahl der F\u00fcllk\u00f6pfe<\/td>\n<td>12<\/td>\n<\/tr>\n<tr>\n<td>Nos of Cap Heads<\/td>\n<td>5<\/td>\n<\/tr>\n<tr>\n<td>Anwendbarer Flaschendurchmesser<\/td>\n<td>\u03a650 mm ~\u03a690 mm<\/td>\n<\/tr>\n<tr>\n<td>Anwendbare Flaschenh\u00f6he<\/td>\n<td>150 mm &#8211; 310 mm<\/td>\n<\/tr>\n<tr>\n<td>Applicable Screw Cap Diameter<\/td>\n<td>\u03a625 mm ~\u03a635 mm<\/td>\n<\/tr>\n<tr>\n<td>Applicable Screw Cap Height<\/td>\n<td>15 mm &#8211; 25 mm Screw Cap<\/td>\n<\/tr>\n<tr>\n<td>Supply Voltage<\/td>\n<td>220\/380V 50\/60HZ 3PH<\/td>\n<\/tr>\n<tr>\n<td>Main Motor<\/td>\n<td>1,5KW<\/td>\n<\/tr>\n<tr>\n<td>Gewicht<\/td>\n<td>2500 kgs(approx)<\/td>\n<\/tr>\n<tr>\n<td>Dimension(Without Conveyor)<\/td>\n<td>2400 x 1700 x 2150 mm<\/td>\n<\/tr>\n<\/tbody>\n<\/table><\/div>\n\t\t\t\t<\/div>\n\t\t\t\t<\/div>\n\t\t\t\t<div class=\"elementor-element elementor-element-41ece4bc elementor-widget elementor-widget-text-editor\" data-id=\"41ece4bc\" data-element_type=\"widget\" data-widget_type=\"text-editor.default\">\n\t\t\t\t<div class=\"elementor-widget-container\">\n\t\t\t\t\t<div class=\"elementor-text-editor elementor-clearfix\"><p>* Die technischen Daten k\u00f6nnen ohne vorherige Ank\u00fcndigung ge\u00e4ndert werden.<\/p><\/div>\n\t\t\t\t<\/div>\n\t\t\t\t<\/div>\n\t\t\t\t\t\t<\/div>\n\t\t\t<\/div>\n\t\t<\/div>\n\t\t\t\t<div class=\"elementor-element elementor-element-a091b24 elementor-column elementor-col-50 elementor-top-column\" data-id=\"a091b24\" data-element_type=\"column\">\n\t\t\t<div class=\"elementor-column-wrap  elementor-element-populated\">\n\t\t\t\t\t<div class=\"elementor-widget-wrap\">\n\t\t\t\t<div class=\"elementor-element elementor-element-66cc7484 elementor-widget elementor-widget-spacer\" data-id=\"66cc7484\" data-element_type=\"widget\" data-widget_type=\"spacer.default\">\n\t\t\t\t<div class=\"elementor-widget-container\">\n\t\t\t\t\t<div class=\"elementor-spacer\">\n\t\t\t<div class=\"elementor-spacer-inner\"><\/div>\n\t\t<\/div>\n\t\t\t\t<\/div>\n\t\t\t\t<\/div>\n\t\t\t\t<div class=\"elementor-element elementor-element-7bd3b47d elementor-widget elementor-widget-image\" data-id=\"7bd3b47d\" data-element_type=\"widget\" data-widget_type=\"image.default\">\n\t\t\t\t<div class=\"elementor-widget-container\">\n\t\t\t\t\t<div class=\"elementor-image\">\n\t\t\t\t\t\t\t\t\t\t<img loading=\"lazy\" decoding=\"async\" width=\"311\" height=\"213\" src=\"https:\/\/focusonpack.com\/wp-content\/uploads\/2020\/05\/water-filling-machine-2.jpg\" class=\"elementor-animation-grow attachment-full size-full\" alt=\"\" srcset=\"https:\/\/focusonpack.com\/wp-content\/uploads\/2020\/05\/water-filling-machine-2.jpg 311w, https:\/\/focusonpack.com\/wp-content\/uploads\/2020\/05\/water-filling-machine-2-300x205.jpg 300w\" sizes=\"auto, (max-width: 311px) 100vw, 311px\" \/>\t\t\t\t\t\t\t\t\t\t\t<\/div>\n\t\t\t\t<\/div>\n\t\t\t\t<\/div>\n\t\t\t\t<div class=\"elementor-element elementor-element-2fa03caf elementor-button-info elementor-align-center elementor-widget elementor-widget-button\" data-id=\"2fa03caf\" data-element_type=\"widget\" data-widget_type=\"button.default\">\n\t\t\t\t<div class=\"elementor-widget-container\">\n\t\t\t\t\t<div class=\"elementor-button-wrapper\">\n\t\t\t<a href=\"https:\/\/focusonpack.com\/de\/kontaktieren-sie-uns\/\" class=\"elementor-button-link elementor-button elementor-size-sm\" role=\"button\">\n\t\t\t\t\t\t<span class=\"elementor-button-content-wrapper\">\n\t\t\t\t\t\t<span class=\"elementor-button-text\">Angebot anfordern<\/span>\n\t\t<\/span>\n\t\t\t\t\t<\/a>\n\t\t<\/div>\n\t\t\t\t<\/div>\n\t\t\t\t<\/div>\n\t\t\t\t\t\t<\/div>\n\t\t\t<\/div>\n\t\t<\/div>\n\t\t\t\t\t\t<\/div>\n\t\t\t<\/div>\n\t\t<\/section>\n\t\t\t\t\t\t<\/div>\n\t\t\t<\/div>\n\t\t<\/div>","protected":false},"excerpt":{"rendered":"<p>4000-5000 Bottles per Hour Wat&hellip;<\/p>","protected":false},"author":1,"featured_media":0,"parent":2500,"menu_order":0,"comment_status":"closed","ping_status":"closed","template":"elementor_header_footer","meta":{"footnotes":""},"class_list":["post-2939","page","type-page","status-publish","hentry","no-thumb"],"yoast_head":"<!-- This site is optimized with the Yoast SEO plugin v24.8.1 - https:\/\/yoast.com\/wordpress\/plugins\/seo\/ -->\n<title>4000-5000 Bottles per Hour Water Filling Machine - Focus on pack<\/title>\n<meta name=\"robots\" content=\"index, follow, max-snippet:-1, max-image-preview:large, max-video-preview:-1\" \/>\n<link rel=\"canonical\" href=\"https:\/\/focusonpack.com\/de\/wasserabfullmaschine\/4000-5000-bottles-per-hour-water-filling-machine\/\" \/>\n<meta property=\"og:locale\" content=\"de_DE\" \/>\n<meta property=\"og:type\" content=\"article\" \/>\n<meta property=\"og:title\" content=\"4000-5000 Bottles per Hour Water Filling Machine - Focus on pack\" \/>\n<meta property=\"og:description\" content=\"4000-5000 Bottles per Hour Wat&hellip;\" \/>\n<meta property=\"og:url\" content=\"https:\/\/focusonpack.com\/de\/wasserabfullmaschine\/4000-5000-bottles-per-hour-water-filling-machine\/\" \/>\n<meta property=\"og:site_name\" content=\"Focus on pack\" \/>\n<meta property=\"article:modified_time\" content=\"2025-03-24T08:37:35+00:00\" \/>\n<meta property=\"og:image\" content=\"https:\/\/focusonpack.com\/wp-content\/uploads\/2020\/05\/water-filling-machine-2.jpg\" \/>\n<meta name=\"twitter:card\" content=\"summary_large_image\" \/>\n<meta name=\"twitter:label1\" content=\"Gesch\u00e4tzte Lesezeit\" \/>\n\t<meta name=\"twitter:data1\" content=\"4\u00a0Minuten\" \/>\n<script type=\"application\/ld+json\" class=\"yoast-schema-graph\">{\"@context\":\"https:\/\/schema.org\",\"@graph\":[{\"@type\":\"WebPage\",\"@id\":\"https:\/\/focusonpack.com\/water-filling-machine\/4000-5000-bottles-per-hour-water-filling-machine\/\",\"url\":\"https:\/\/focusonpack.com\/water-filling-machine\/4000-5000-bottles-per-hour-water-filling-machine\/\",\"name\":\"4000-5000 Bottles per Hour Water Filling Machine - Focus on pack\",\"isPartOf\":{\"@id\":\"https:\/\/focusonpack.com\/#website\"},\"primaryImageOfPage\":{\"@id\":\"https:\/\/focusonpack.com\/water-filling-machine\/4000-5000-bottles-per-hour-water-filling-machine\/#primaryimage\"},\"image\":{\"@id\":\"https:\/\/focusonpack.com\/water-filling-machine\/4000-5000-bottles-per-hour-water-filling-machine\/#primaryimage\"},\"thumbnailUrl\":\"https:\/\/focusonpack.com\/wp-content\/uploads\/2020\/05\/water-filling-machine-2.jpg\",\"datePublished\":\"2020-05-11T02:24:35+00:00\",\"dateModified\":\"2025-03-24T08:37:35+00:00\",\"breadcrumb\":{\"@id\":\"https:\/\/focusonpack.com\/water-filling-machine\/4000-5000-bottles-per-hour-water-filling-machine\/#breadcrumb\"},\"inLanguage\":\"de\",\"potentialAction\":[{\"@type\":\"ReadAction\",\"target\":[\"https:\/\/focusonpack.com\/water-filling-machine\/4000-5000-bottles-per-hour-water-filling-machine\/\"]}]},{\"@type\":\"ImageObject\",\"inLanguage\":\"de\",\"@id\":\"https:\/\/focusonpack.com\/water-filling-machine\/4000-5000-bottles-per-hour-water-filling-machine\/#primaryimage\",\"url\":\"https:\/\/focusonpack.com\/wp-content\/uploads\/2020\/05\/water-filling-machine-2.jpg\",\"contentUrl\":\"https:\/\/focusonpack.com\/wp-content\/uploads\/2020\/05\/water-filling-machine-2.jpg\"},{\"@type\":\"BreadcrumbList\",\"@id\":\"https:\/\/focusonpack.com\/water-filling-machine\/4000-5000-bottles-per-hour-water-filling-machine\/#breadcrumb\",\"itemListElement\":[{\"@type\":\"ListItem\",\"position\":1,\"name\":\"\u9996\u9875\",\"item\":\"https:\/\/focusonpack.com\/\"},{\"@type\":\"ListItem\",\"position\":2,\"name\":\"Water Filling Machine\",\"item\":\"https:\/\/focusonpack.com\/water-filling-machine\/\"},{\"@type\":\"ListItem\",\"position\":3,\"name\":\"4000-5000 Bottles per Hour Water Filling Machine\"}]},{\"@type\":\"WebSite\",\"@id\":\"https:\/\/focusonpack.com\/#website\",\"url\":\"https:\/\/focusonpack.com\/\",\"name\":\"Focus on pack\",\"description\":\"\",\"potentialAction\":[{\"@type\":\"SearchAction\",\"target\":{\"@type\":\"EntryPoint\",\"urlTemplate\":\"https:\/\/focusonpack.com\/?s={search_term_string}\"},\"query-input\":{\"@type\":\"PropertyValueSpecification\",\"valueRequired\":true,\"valueName\":\"search_term_string\"}}],\"inLanguage\":\"de\"}]}<\/script>\n<!-- \/ Yoast SEO plugin. -->","yoast_head_json":{"title":"4000-5000 Bottles per Hour Water Filling Machine - Focus on pack","robots":{"index":"index","follow":"follow","max-snippet":"max-snippet:-1","max-image-preview":"max-image-preview:large","max-video-preview":"max-video-preview:-1"},"canonical":"https:\/\/focusonpack.com\/de\/wasserabfullmaschine\/4000-5000-bottles-per-hour-water-filling-machine\/","og_locale":"de_DE","og_type":"article","og_title":"4000-5000 Bottles per Hour Water Filling Machine - Focus on pack","og_description":"4000-5000 Bottles per Hour Wat&hellip;","og_url":"https:\/\/focusonpack.com\/de\/wasserabfullmaschine\/4000-5000-bottles-per-hour-water-filling-machine\/","og_site_name":"Focus on pack","article_modified_time":"2025-03-24T08:37:35+00:00","og_image":[{"url":"https:\/\/focusonpack.com\/wp-content\/uploads\/2020\/05\/water-filling-machine-2.jpg","type":"","width":"","height":""}],"twitter_card":"summary_large_image","twitter_misc":{"Gesch\u00e4tzte Lesezeit":"4\u00a0Minuten"},"schema":{"@context":"https:\/\/schema.org","@graph":[{"@type":"WebPage","@id":"https:\/\/focusonpack.com\/water-filling-machine\/4000-5000-bottles-per-hour-water-filling-machine\/","url":"https:\/\/focusonpack.com\/water-filling-machine\/4000-5000-bottles-per-hour-water-filling-machine\/","name":"4000-5000 Bottles per Hour Water Filling Machine - Focus on pack","isPartOf":{"@id":"https:\/\/focusonpack.com\/#website"},"primaryImageOfPage":{"@id":"https:\/\/focusonpack.com\/water-filling-machine\/4000-5000-bottles-per-hour-water-filling-machine\/#primaryimage"},"image":{"@id":"https:\/\/focusonpack.com\/water-filling-machine\/4000-5000-bottles-per-hour-water-filling-machine\/#primaryimage"},"thumbnailUrl":"https:\/\/focusonpack.com\/wp-content\/uploads\/2020\/05\/water-filling-machine-2.jpg","datePublished":"2020-05-11T02:24:35+00:00","dateModified":"2025-03-24T08:37:35+00:00","breadcrumb":{"@id":"https:\/\/focusonpack.com\/water-filling-machine\/4000-5000-bottles-per-hour-water-filling-machine\/#breadcrumb"},"inLanguage":"de","potentialAction":[{"@type":"ReadAction","target":["https:\/\/focusonpack.com\/water-filling-machine\/4000-5000-bottles-per-hour-water-filling-machine\/"]}]},{"@type":"ImageObject","inLanguage":"de","@id":"https:\/\/focusonpack.com\/water-filling-machine\/4000-5000-bottles-per-hour-water-filling-machine\/#primaryimage","url":"https:\/\/focusonpack.com\/wp-content\/uploads\/2020\/05\/water-filling-machine-2.jpg","contentUrl":"https:\/\/focusonpack.com\/wp-content\/uploads\/2020\/05\/water-filling-machine-2.jpg"},{"@type":"BreadcrumbList","@id":"https:\/\/focusonpack.com\/water-filling-machine\/4000-5000-bottles-per-hour-water-filling-machine\/#breadcrumb","itemListElement":[{"@type":"ListItem","position":1,"name":"\u9996\u9875","item":"https:\/\/focusonpack.com\/"},{"@type":"ListItem","position":2,"name":"Water Filling Machine","item":"https:\/\/focusonpack.com\/water-filling-machine\/"},{"@type":"ListItem","position":3,"name":"4000-5000 Bottles per Hour Water Filling Machine"}]},{"@type":"WebSite","@id":"https:\/\/focusonpack.com\/#website","url":"https:\/\/focusonpack.com\/","name":"Focus on pack","description":"","potentialAction":[{"@type":"SearchAction","target":{"@type":"EntryPoint","urlTemplate":"https:\/\/focusonpack.com\/?s={search_term_string}"},"query-input":{"@type":"PropertyValueSpecification","valueRequired":true,"valueName":"search_term_string"}}],"inLanguage":"de"}]}},"_links":{"self":[{"href":"https:\/\/focusonpack.com\/de\/wp-json\/wp\/v2\/pages\/2939","targetHints":{"allow":["GET"]}}],"collection":[{"href":"https:\/\/focusonpack.com\/de\/wp-json\/wp\/v2\/pages"}],"about":[{"href":"https:\/\/focusonpack.com\/de\/wp-json\/wp\/v2\/types\/page"}],"author":[{"embeddable":true,"href":"https:\/\/focusonpack.com\/de\/wp-json\/wp\/v2\/users\/1"}],"replies":[{"embeddable":true,"href":"https:\/\/focusonpack.com\/de\/wp-json\/wp\/v2\/comments?post=2939"}],"version-history":[{"count":20,"href":"https:\/\/focusonpack.com\/de\/wp-json\/wp\/v2\/pages\/2939\/revisions"}],"predecessor-version":[{"id":4565,"href":"https:\/\/focusonpack.com\/de\/wp-json\/wp\/v2\/pages\/2939\/revisions\/4565"}],"up":[{"embeddable":true,"href":"https:\/\/focusonpack.com\/de\/wp-json\/wp\/v2\/pages\/2500"}],"wp:attachment":[{"href":"https:\/\/focusonpack.com\/de\/wp-json\/wp\/v2\/media?parent=2939"}],"curies":[{"name":"wp","href":"https:\/\/api.w.org\/{rel}","templated":true}]}}