{"id":3080,"date":"2020-05-11T15:49:30","date_gmt":"2020-05-11T07:49:30","guid":{"rendered":"https:\/\/focusonpack.com\/?page_id=3080"},"modified":"2025-03-27T16:00:28","modified_gmt":"2025-03-27T08:00:28","slug":"milk-yogurt-filling-and-sealing-machine","status":"publish","type":"page","link":"https:\/\/focusonpack.com\/de\/milch-joghurt-abfullmaschine\/milch-joghurt-abfull-und-verschliesmaschine\/","title":{"rendered":"Milch-Joghurt-Abf\u00fcll- und Versiegelungsmaschine"},"content":{"rendered":"<div data-elementor-type=\"wp-page\" data-elementor-id=\"3080\" class=\"elementor elementor-3080\" data-elementor-settings=\"[]\">\n\t\t\t<div class=\"elementor-inner\">\n\t\t\t\t<div class=\"elementor-section-wrap\">\n\t\t\t\t\t\t\t<section class=\"elementor-element elementor-element-7b3c67ee elementor-section-boxed elementor-section-height-default elementor-section-height-default elementor-section elementor-top-section\" data-id=\"7b3c67ee\" data-element_type=\"section\">\n\t\t\t\t\t\t<div class=\"elementor-container elementor-column-gap-default\">\n\t\t\t\t<div class=\"elementor-row\">\n\t\t\t\t<div class=\"elementor-element elementor-element-1b64b2a4 elementor-column elementor-col-50 elementor-top-column\" data-id=\"1b64b2a4\" data-element_type=\"column\">\n\t\t\t<div class=\"elementor-column-wrap  elementor-element-populated\">\n\t\t\t\t\t<div class=\"elementor-widget-wrap\">\n\t\t\t\t<div class=\"elementor-element elementor-element-28cd82a8 elementor-widget elementor-widget-heading\" data-id=\"28cd82a8\" data-element_type=\"widget\" data-widget_type=\"heading.default\">\n\t\t\t\t<div class=\"elementor-widget-container\">\n\t\t\t<h3 class=\"elementor-heading-title elementor-size-default\">Milch-Joghurt-Abf\u00fcll- und Versiegelungsmaschine<\/h3>\t\t<\/div>\n\t\t\t\t<\/div>\n\t\t\t\t<div class=\"elementor-element elementor-element-4982f124 elementor-widget elementor-widget-text-editor\" data-id=\"4982f124\" data-element_type=\"widget\" data-widget_type=\"text-editor.default\">\n\t\t\t\t<div class=\"elementor-widget-container\">\n\t\t\t\t\t<div class=\"elementor-text-editor elementor-clearfix\"><p>Diese Milch- und Joghurtabf\u00fcll- und Versiegelungsmaschine ist eine vollautomatische 2 in 1 Monoblock-Abf\u00fcll- und Folienverschlussversiegelungsmaschine, die drei Funktionen in einer Maschine und einem Zentrum vereint und die wichtigsten Abf\u00fcll- und Versiegelungsschritte gleichzeitig in der gleichen Zeit durchf\u00fchrt. Die Maschine vereint die drei Funktionen F\u00fcllen, Formen und Versiegeln in einer Maschine und einem Zentrum und erf\u00fcllt die wichtigsten F\u00fcll- und Versiegelungsschritte gleichzeitig in der gleichen Zeit und spart mehr Platz. Diese F\u00fcll- und Verschlie\u00dfmaschine ist f\u00fcr die K\u00fchlung von Frischmilch oder Joghurt in PE-Flaschen, die K\u00fchlung von Trinkjoghurt in PS-Flaschen und die Hochtemperatur-Sterilisation von Produkten, die f\u00fcr eine lange Haltbarkeit unter normalen Bedingungen ohne K\u00fchlschrank ben\u00f6tigt werden, wie Sojamilch, Reismilch, haltbare aromatisierte Milchprodukte, usw. Langlebige aromatisierte Milchprodukte, Teeprodukte, saure und nicht-saure Getr\u00e4nke, abgef\u00fcllt in PP- und Glasflaschen.<\/p><\/div>\n\t\t\t\t<\/div>\n\t\t\t\t<\/div>\n\t\t\t\t<div class=\"elementor-element elementor-element-3a952e46 elementor-widget elementor-widget-text-editor\" data-id=\"3a952e46\" data-element_type=\"widget\" data-widget_type=\"text-editor.default\">\n\t\t\t\t<div class=\"elementor-widget-container\">\n\t\t\t\t\t<div class=\"elementor-text-editor elementor-clearfix\"><p><strong>Tankstelle<\/strong><\/p><p>Die gereinigten leeren Flaschen werden der Milch- und Joghurtabf\u00fcllmaschine \u00fcber einen Luftzufuhrf\u00f6rderer oder einen SS-Lamellenf\u00f6rderer zugef\u00fchrt. Die Flaschen werden \u00fcber eine Die Flaschen werden durch einen Drehteller, der auf einer Nocke angehoben wird, auf den Abf\u00fcllstutzen bef\u00f6rdert, das Ventil \u00f6ffnet sich und die Abf\u00fcllung beginnt. Der Produkttank besteht aus Edelstahl 304, mit Der Produkttank besteht aus Edelstahl 304, mit perfekt glatten und polierten Innenfl\u00e4chen. Der F\u00fcllstand im Tank wird durch einen elektronischen Sensor kontrolliert, um eine Druckbef\u00fcllung zu gew\u00e4hrleisten. Der F\u00fcllstand des Produkts im Tank wird durch einen elektronischen Sensor kontrolliert, um eine Druckbef\u00fcllung zu erm\u00f6glichen. Au\u00dferdem wird ein Vakuum-F\u00fcllsystem und eine Vakuumpumpe verwendet, die einen Unterdruck im Inneren des Beh\u00e4lters erzeugt, der einstellbar ist, um die F\u00fcllzeit zu minimieren und somit die Produktion zu maximieren.<\/p><\/div>\n\t\t\t\t<\/div>\n\t\t\t\t<\/div>\n\t\t\t\t<div class=\"elementor-element elementor-element-d101f56 elementor-widget elementor-widget-text-editor\" data-id=\"d101f56\" data-element_type=\"widget\" data-widget_type=\"text-editor.default\">\n\t\t\t\t<div class=\"elementor-widget-container\">\n\t\t\t\t\t<div class=\"elementor-text-editor elementor-clearfix\"><p><strong>Stanzen und Formen von Folienkappen<\/strong><\/p><p>Der Folienstreifen wird von der Rolle abgewickelt und durch mitwirkende, relativ bewegliche Matrizen gef\u00fchrt, die dazu dienen, aus dem Streifen nacheinander Ronden auszuschneiden und zu Kappen zu formen. Das Folienband wird von der Rolle abgewickelt und durch mitwirkende, relativ bewegliche Matrizen gef\u00fchrt, die dazu dienen, aus dem Band nacheinander Ronden auszuschneiden und diese dann zu Kappen zu formen und dann auf eine Aufwickelspule zu legen. Soweit uns bekannt ist, wurde das Folienband bisher immer durch eine Zugwirkung auf das Band zugef\u00fchrt. Dies hat zur Folge, dass das Folienband wesentlich breiter sein muss als die daraus ausgeschnittenen Ronden, so dass nach dem Ausschneiden der Ronden und dem Formen der Kappen aus den Ronden ein erheblicher Verschnitt \u00fcbrig bleibt. in die Rutsche und warten darauf, dass die gef\u00fcllten Flaschen vom Rutschenschuh aufgenommen werden.<\/p><\/div>\n\t\t\t\t<\/div>\n\t\t\t\t<\/div>\n\t\t\t\t<div class=\"elementor-element elementor-element-95f0c54 elementor-widget elementor-widget-text-editor\" data-id=\"95f0c54\" data-element_type=\"widget\" data-widget_type=\"text-editor.default\">\n\t\t\t\t<div class=\"elementor-widget-container\">\n\t\t\t\t\t<div class=\"elementor-text-editor elementor-clearfix\"><p><strong>Versiegelungsstation<\/strong><\/p><p>Nach dem F\u00fcllen der Flaschen werden die gef\u00fcllten Flaschen zur Versiegelungsstation bef\u00f6rdert, wo sie versiegelt werden.<br \/>Die Flaschen kommen in die Versiegelungsstation, der Versiegelungskopf versiegelt den Folienverschluss fest auf dem Beh\u00e4lter. Die gef\u00fcllten und versiegelten Flaschen werden zum Ausgangsf\u00f6rderer entladen.<br \/>f\u00fcr die Etikettierung durch Sternrad.<\/p><\/div>\n\t\t\t\t<\/div>\n\t\t\t\t<\/div>\n\t\t\t\t<div class=\"elementor-element elementor-element-e6dddbc elementor-widget elementor-widget-text-editor\" data-id=\"e6dddbc\" data-element_type=\"widget\" data-widget_type=\"text-editor.default\">\n\t\t\t\t<div class=\"elementor-widget-container\">\n\t\t\t\t\t<div class=\"elementor-text-editor elementor-clearfix\"><p><strong>Stabiler Sockel<\/strong><\/p><p>Der robuste Sockel wird von verstellbaren F\u00fc\u00dfen getragen und besteht aus einer hochbelastbaren Kohlenstoffstahlverkleidung, die am Rohrrahmen befestigt ist. Der Sockel beherbergt den Motor und das Antriebsgetriebe. Der Verschlie\u00dfer wird von einem einzelnen Wechselstrommotor angetrieben und von einem Inverter gesteuert, mit dem die Geschwindigkeit der Maschine je nach Geschwindigkeit der Maschine variiert werden kann. Der Verschlie\u00dfer wird von einem einzigen Wechselstrom-Elektromotor angetrieben und von einem Wechselrichter gesteuert, so dass die Maschinengeschwindigkeit je nach Flaschengr\u00f6\u00dfe variiert werden kann.<\/p><\/div>\n\t\t\t\t<\/div>\n\t\t\t\t<\/div>\n\t\t\t\t<div class=\"elementor-element elementor-element-a8f263a elementor-widget elementor-widget-text-editor\" data-id=\"a8f263a\" data-element_type=\"widget\" data-widget_type=\"text-editor.default\">\n\t\t\t\t<div class=\"elementor-widget-container\">\n\t\t\t\t\t<div class=\"elementor-text-editor elementor-clearfix\"><p><strong>Elektronische Kontrolle<\/strong><\/p><p>Die Schalttafel enth\u00e4lt den Umrichter, die Motorstarter, die SPS und andere elektromechanische Komponenten. Mit dem Umrichter kann der Bediener die Produktionsrate variieren, um die Abf\u00fcll- und Verschlie\u00dfmaschine mit anderen auf derselben Linie laufenden Verpackungsmaschinen zu synchronisieren. Der Umrichter erm\u00f6glicht es dem Bediener, die Produktionsrate zu variieren, um die Abf\u00fcll- und Verschlie\u00dfmaschine mit anderen Verpackungsmaschinen zu synchronisieren, die auf derselben Linie laufen. An der Vorderseite des Touchscreens ist eine Not-Aus-Taste angebracht.<\/p><\/div>\n\t\t\t\t<\/div>\n\t\t\t\t<\/div>\n\t\t\t\t<div class=\"elementor-element elementor-element-7202785a elementor-widget elementor-widget-heading\" data-id=\"7202785a\" data-element_type=\"widget\" data-widget_type=\"heading.default\">\n\t\t\t\t<div class=\"elementor-widget-container\">\n\t\t\t<h3 class=\"elementor-heading-title elementor-size-default\">Wesentliche Merkmale<\/h3>\t\t<\/div>\n\t\t\t\t<\/div>\n\t\t\t\t<div class=\"elementor-element elementor-element-3e7d592a elementor-widget elementor-widget-text-editor\" data-id=\"3e7d592a\" data-element_type=\"widget\" data-widget_type=\"text-editor.default\">\n\t\t\t\t<div class=\"elementor-widget-container\">\n\t\t\t\t\t<div class=\"elementor-text-editor elementor-clearfix\"><p>- Die robuste Basis aus Karbonstahl, abgeschirmt durch eine Konstruktion aus rostfreiem Stahl, sorgt f\u00fcr einen stabilen Betrieb der Maschine und<br \/>\u00a0 zuverl\u00e4ssig.<br \/>- Die Invertersteuerung sorgt f\u00fcr eine synchrone Bef\u00fcllung und Versiegelung.<br \/>- PLC-Steuerung und Touchscreen<br \/>- Keine Flasche, keine Abf\u00fcllung und keine Flasche, keine Versiegelung<br \/>- Einfache Reinigung und Wartung<br \/>- Alle fl\u00fcssigkeitskontaktierenden Teile sind aus Edelstahl<br \/>- Abwaschung<br \/>- Einzugsschnecke und Spornrad<\/p><p>- Alle elektrischen Teile befinden sich im Sockel der Maschine<\/p><p>- Sp\u00fclen und Verschlie\u00dfen k\u00f6nnen als 4 in 1 oder 5 in 1 integriert werden<\/p><p>- Kann zur Reinigung mit CIP verbunden werden<br \/>- Schnelles Umr\u00fcsten zur Verk\u00fcrzung der Stillstandszeit bei unterschiedlichen Flaschengr\u00f6\u00dfen<br \/>- Schmierloch zum Einf\u00fcllen von Schmierfett<br \/>- Elektromotorische Flaschenh\u00f6henverstellung f\u00fcr optionale<br \/>- Schwerkraft- oder Kolbenabf\u00fcllung f\u00fcr d\u00fcnne und viskose Fl\u00fcssigkeiten<br \/>- Verwendet ein vakuum\u00e4hnliches F\u00fcllsystem und eine Vakuumpumpe, die eine Vertiefung im Inneren des Beh\u00e4lters erzeugt<br \/>- Versiegelungstemperatur wird f\u00fcr verschiedene Materialien geregelt<br \/>- Schnelle und einfache Umstellung auf verschiedene Flaschengr\u00f6\u00dfen<\/p><\/div>\n\t\t\t\t<\/div>\n\t\t\t\t<\/div>\n\t\t\t\t<div class=\"elementor-element elementor-element-ea02c8b elementor-widget elementor-widget-heading\" data-id=\"ea02c8b\" data-element_type=\"widget\" data-widget_type=\"heading.default\">\n\t\t\t\t<div class=\"elementor-widget-container\">\n\t\t\t<h3 class=\"elementor-heading-title elementor-size-default\">Technische Daten<\/h3>\t\t<\/div>\n\t\t\t\t<\/div>\n\t\t\t\t<div class=\"elementor-element elementor-element-449dd83f elementor-widget elementor-widget-text-editor\" data-id=\"449dd83f\" data-element_type=\"widget\" data-widget_type=\"text-editor.default\">\n\t\t\t\t<div class=\"elementor-widget-container\">\n\t\t\t\t\t<div class=\"elementor-text-editor elementor-clearfix\"><table width=\"760\"><tbody><tr><td width=\"267\">Kapazit\u00e4t (Flaschen pro Stunde)<\/td><td width=\"128\">4000<\/td><td width=\"121\">8000<\/td><td width=\"120\">10000<\/td><td width=\"124\">18000<\/td><\/tr><tr><td>Anzahl der F\u00fcllk\u00f6pfe<\/td><td>10<\/td><td>20<\/td><td>24<\/td><td>30<\/td><\/tr><tr><td>Nr. des Siegelkopfes<\/td><td>10<\/td><td>12<\/td><td>14<\/td><td>30<\/td><\/tr><tr><td>Anwendbarer Flaschendurchmesser<\/td><td colspan=\"4\">\u03a650 mm ~\u03a690 mm<\/td><\/tr><tr><td>Anwendbare Flaschenh\u00f6he<\/td><td colspan=\"4\">110 mm - 280 mm<\/td><\/tr><tr><td>Leistungsaufnahme(kw)\u00a0<\/td><td>3<\/td><td>3.2<\/td><td>3.2<\/td><td>4<\/td><\/tr><tr><td>Abmessung (Meter)\u00a0<\/td><td>1.6*1.4*2.1<\/td><td>1.8*1.6*2.1<\/td><td>1.9*1.6*2.1<\/td><td>2.4*2.2*2.1<\/td><\/tr><\/tbody><\/table><p>\u00a0<\/p><\/div>\n\t\t\t\t<\/div>\n\t\t\t\t<\/div>\n\t\t\t\t<div class=\"elementor-element elementor-element-5b9b48c7 elementor-widget elementor-widget-text-editor\" data-id=\"5b9b48c7\" data-element_type=\"widget\" data-widget_type=\"text-editor.default\">\n\t\t\t\t<div class=\"elementor-widget-container\">\n\t\t\t\t\t<div class=\"elementor-text-editor elementor-clearfix\"><p>* Die technischen Daten k\u00f6nnen ohne vorherige Ank\u00fcndigung ge\u00e4ndert werden.<\/p><\/div>\n\t\t\t\t<\/div>\n\t\t\t\t<\/div>\n\t\t\t\t\t\t<\/div>\n\t\t\t<\/div>\n\t\t<\/div>\n\t\t\t\t<div class=\"elementor-element elementor-element-6db1a5f elementor-column elementor-col-50 elementor-top-column\" data-id=\"6db1a5f\" data-element_type=\"column\">\n\t\t\t<div class=\"elementor-column-wrap  elementor-element-populated\">\n\t\t\t\t\t<div class=\"elementor-widget-wrap\">\n\t\t\t\t<div class=\"elementor-element elementor-element-3eada92 elementor-widget elementor-widget-spacer\" data-id=\"3eada92\" data-element_type=\"widget\" data-widget_type=\"spacer.default\">\n\t\t\t\t<div class=\"elementor-widget-container\">\n\t\t\t\t\t<div class=\"elementor-spacer\">\n\t\t\t<div class=\"elementor-spacer-inner\"><\/div>\n\t\t<\/div>\n\t\t\t\t<\/div>\n\t\t\t\t<\/div>\n\t\t\t\t<div class=\"elementor-element elementor-element-1babdbf0 elementor-widget elementor-widget-image\" data-id=\"1babdbf0\" data-element_type=\"widget\" data-widget_type=\"image.default\">\n\t\t\t\t<div class=\"elementor-widget-container\">\n\t\t\t\t\t<div class=\"elementor-image\">\n\t\t\t\t\t\t\t\t\t\t<img loading=\"lazy\" decoding=\"async\" width=\"309\" height=\"210\" src=\"https:\/\/focusonpack.com\/wp-content\/uploads\/2023\/07\/monoblock-40.jpg\" class=\"elementor-animation-grow attachment-full size-full\" alt=\"\" srcset=\"https:\/\/focusonpack.com\/wp-content\/uploads\/2023\/07\/monoblock-40.jpg 309w, https:\/\/focusonpack.com\/wp-content\/uploads\/2023\/07\/monoblock-40-300x204.jpg 300w\" sizes=\"auto, (max-width: 309px) 100vw, 309px\" \/>\t\t\t\t\t\t\t\t\t\t\t<\/div>\n\t\t\t\t<\/div>\n\t\t\t\t<\/div>\n\t\t\t\t<div class=\"elementor-element elementor-element-1c72c404 elementor-button-info elementor-align-center elementor-widget elementor-widget-button\" data-id=\"1c72c404\" data-element_type=\"widget\" data-widget_type=\"button.default\">\n\t\t\t\t<div class=\"elementor-widget-container\">\n\t\t\t\t\t<div class=\"elementor-button-wrapper\">\n\t\t\t<a href=\"https:\/\/focusonpack.com\/de\/kontaktieren-sie-uns\/\" class=\"elementor-button-link elementor-button elementor-size-sm\" role=\"button\">\n\t\t\t\t\t\t<span class=\"elementor-button-content-wrapper\">\n\t\t\t\t\t\t<span class=\"elementor-button-text\">Angebot anfordern<\/span>\n\t\t<\/span>\n\t\t\t\t\t<\/a>\n\t\t<\/div>\n\t\t\t\t<\/div>\n\t\t\t\t<\/div>\n\t\t\t\t\t\t<\/div>\n\t\t\t<\/div>\n\t\t<\/div>\n\t\t\t\t\t\t<\/div>\n\t\t\t<\/div>\n\t\t<\/section>\n\t\t\t\t\t\t<\/div>\n\t\t\t<\/div>\n\t\t<\/div>","protected":false},"excerpt":{"rendered":"<p>Milk Yogurt Filling and Sealin&hellip;<\/p>","protected":false},"author":1,"featured_media":0,"parent":2497,"menu_order":0,"comment_status":"closed","ping_status":"closed","template":"elementor_header_footer","meta":{"footnotes":""},"class_list":["post-3080","page","type-page","status-publish","hentry","no-thumb"],"yoast_head":"<!-- This site is optimized with the Yoast SEO plugin v24.8.1 - https:\/\/yoast.com\/wordpress\/plugins\/seo\/ -->\n<title>Milk Yogurt Filling and Sealing Machine - Focus on pack<\/title>\n<meta name=\"robots\" content=\"index, follow, max-snippet:-1, max-image-preview:large, max-video-preview:-1\" \/>\n<link rel=\"canonical\" href=\"https:\/\/focusonpack.com\/de\/milch-joghurt-abfullmaschine\/milch-joghurt-abfull-und-verschliesmaschine\/\" \/>\n<meta property=\"og:locale\" content=\"de_DE\" \/>\n<meta property=\"og:type\" content=\"article\" \/>\n<meta property=\"og:title\" content=\"Milk Yogurt Filling and Sealing Machine - Focus on pack\" \/>\n<meta property=\"og:description\" content=\"Milk Yogurt Filling and Sealin&hellip;\" \/>\n<meta property=\"og:url\" content=\"https:\/\/focusonpack.com\/de\/milch-joghurt-abfullmaschine\/milch-joghurt-abfull-und-verschliesmaschine\/\" \/>\n<meta property=\"og:site_name\" content=\"Focus on pack\" \/>\n<meta property=\"article:modified_time\" content=\"2025-03-27T08:00:28+00:00\" \/>\n<meta property=\"og:image\" content=\"https:\/\/focusonpack.com\/wp-content\/uploads\/2023\/07\/monoblock-40.jpg\" \/>\n<meta name=\"twitter:card\" content=\"summary_large_image\" \/>\n<meta name=\"twitter:label1\" content=\"Gesch\u00e4tzte Lesezeit\" \/>\n\t<meta name=\"twitter:data1\" content=\"5\u00a0Minuten\" \/>\n<script type=\"application\/ld+json\" class=\"yoast-schema-graph\">{\"@context\":\"https:\/\/schema.org\",\"@graph\":[{\"@type\":\"WebPage\",\"@id\":\"https:\/\/focusonpack.com\/milk-yogurt-filling-machine\/milk-yogurt-filling-and-sealing-machine\/\",\"url\":\"https:\/\/focusonpack.com\/milk-yogurt-filling-machine\/milk-yogurt-filling-and-sealing-machine\/\",\"name\":\"Milk Yogurt Filling and Sealing Machine - Focus on pack\",\"isPartOf\":{\"@id\":\"https:\/\/focusonpack.com\/#website\"},\"primaryImageOfPage\":{\"@id\":\"https:\/\/focusonpack.com\/milk-yogurt-filling-machine\/milk-yogurt-filling-and-sealing-machine\/#primaryimage\"},\"image\":{\"@id\":\"https:\/\/focusonpack.com\/milk-yogurt-filling-machine\/milk-yogurt-filling-and-sealing-machine\/#primaryimage\"},\"thumbnailUrl\":\"https:\/\/focusonpack.com\/wp-content\/uploads\/2023\/07\/monoblock-40.jpg\",\"datePublished\":\"2020-05-11T07:49:30+00:00\",\"dateModified\":\"2025-03-27T08:00:28+00:00\",\"breadcrumb\":{\"@id\":\"https:\/\/focusonpack.com\/milk-yogurt-filling-machine\/milk-yogurt-filling-and-sealing-machine\/#breadcrumb\"},\"inLanguage\":\"de\",\"potentialAction\":[{\"@type\":\"ReadAction\",\"target\":[\"https:\/\/focusonpack.com\/milk-yogurt-filling-machine\/milk-yogurt-filling-and-sealing-machine\/\"]}]},{\"@type\":\"ImageObject\",\"inLanguage\":\"de\",\"@id\":\"https:\/\/focusonpack.com\/milk-yogurt-filling-machine\/milk-yogurt-filling-and-sealing-machine\/#primaryimage\",\"url\":\"https:\/\/focusonpack.com\/wp-content\/uploads\/2023\/07\/monoblock-40.jpg\",\"contentUrl\":\"https:\/\/focusonpack.com\/wp-content\/uploads\/2023\/07\/monoblock-40.jpg\"},{\"@type\":\"BreadcrumbList\",\"@id\":\"https:\/\/focusonpack.com\/milk-yogurt-filling-machine\/milk-yogurt-filling-and-sealing-machine\/#breadcrumb\",\"itemListElement\":[{\"@type\":\"ListItem\",\"position\":1,\"name\":\"\u9996\u9875\",\"item\":\"https:\/\/focusonpack.com\/\"},{\"@type\":\"ListItem\",\"position\":2,\"name\":\"Milk Yogurt Filling Machine\",\"item\":\"https:\/\/focusonpack.com\/milk-yogurt-filling-machine\/\"},{\"@type\":\"ListItem\",\"position\":3,\"name\":\"Milk Yogurt Filling and Sealing Machine\"}]},{\"@type\":\"WebSite\",\"@id\":\"https:\/\/focusonpack.com\/#website\",\"url\":\"https:\/\/focusonpack.com\/\",\"name\":\"Focus on pack\",\"description\":\"\",\"potentialAction\":[{\"@type\":\"SearchAction\",\"target\":{\"@type\":\"EntryPoint\",\"urlTemplate\":\"https:\/\/focusonpack.com\/?s={search_term_string}\"},\"query-input\":{\"@type\":\"PropertyValueSpecification\",\"valueRequired\":true,\"valueName\":\"search_term_string\"}}],\"inLanguage\":\"de\"}]}<\/script>\n<!-- \/ Yoast SEO plugin. -->","yoast_head_json":{"title":"Milk Yogurt Filling and Sealing Machine - Focus on pack","robots":{"index":"index","follow":"follow","max-snippet":"max-snippet:-1","max-image-preview":"max-image-preview:large","max-video-preview":"max-video-preview:-1"},"canonical":"https:\/\/focusonpack.com\/de\/milch-joghurt-abfullmaschine\/milch-joghurt-abfull-und-verschliesmaschine\/","og_locale":"de_DE","og_type":"article","og_title":"Milk Yogurt Filling and Sealing Machine - Focus on pack","og_description":"Milk Yogurt Filling and Sealin&hellip;","og_url":"https:\/\/focusonpack.com\/de\/milch-joghurt-abfullmaschine\/milch-joghurt-abfull-und-verschliesmaschine\/","og_site_name":"Focus on pack","article_modified_time":"2025-03-27T08:00:28+00:00","og_image":[{"url":"https:\/\/focusonpack.com\/wp-content\/uploads\/2023\/07\/monoblock-40.jpg","type":"","width":"","height":""}],"twitter_card":"summary_large_image","twitter_misc":{"Gesch\u00e4tzte Lesezeit":"5\u00a0Minuten"},"schema":{"@context":"https:\/\/schema.org","@graph":[{"@type":"WebPage","@id":"https:\/\/focusonpack.com\/milk-yogurt-filling-machine\/milk-yogurt-filling-and-sealing-machine\/","url":"https:\/\/focusonpack.com\/milk-yogurt-filling-machine\/milk-yogurt-filling-and-sealing-machine\/","name":"Milk Yogurt Filling and Sealing Machine - Focus on pack","isPartOf":{"@id":"https:\/\/focusonpack.com\/#website"},"primaryImageOfPage":{"@id":"https:\/\/focusonpack.com\/milk-yogurt-filling-machine\/milk-yogurt-filling-and-sealing-machine\/#primaryimage"},"image":{"@id":"https:\/\/focusonpack.com\/milk-yogurt-filling-machine\/milk-yogurt-filling-and-sealing-machine\/#primaryimage"},"thumbnailUrl":"https:\/\/focusonpack.com\/wp-content\/uploads\/2023\/07\/monoblock-40.jpg","datePublished":"2020-05-11T07:49:30+00:00","dateModified":"2025-03-27T08:00:28+00:00","breadcrumb":{"@id":"https:\/\/focusonpack.com\/milk-yogurt-filling-machine\/milk-yogurt-filling-and-sealing-machine\/#breadcrumb"},"inLanguage":"de","potentialAction":[{"@type":"ReadAction","target":["https:\/\/focusonpack.com\/milk-yogurt-filling-machine\/milk-yogurt-filling-and-sealing-machine\/"]}]},{"@type":"ImageObject","inLanguage":"de","@id":"https:\/\/focusonpack.com\/milk-yogurt-filling-machine\/milk-yogurt-filling-and-sealing-machine\/#primaryimage","url":"https:\/\/focusonpack.com\/wp-content\/uploads\/2023\/07\/monoblock-40.jpg","contentUrl":"https:\/\/focusonpack.com\/wp-content\/uploads\/2023\/07\/monoblock-40.jpg"},{"@type":"BreadcrumbList","@id":"https:\/\/focusonpack.com\/milk-yogurt-filling-machine\/milk-yogurt-filling-and-sealing-machine\/#breadcrumb","itemListElement":[{"@type":"ListItem","position":1,"name":"\u9996\u9875","item":"https:\/\/focusonpack.com\/"},{"@type":"ListItem","position":2,"name":"Milk Yogurt Filling Machine","item":"https:\/\/focusonpack.com\/milk-yogurt-filling-machine\/"},{"@type":"ListItem","position":3,"name":"Milk Yogurt Filling and Sealing Machine"}]},{"@type":"WebSite","@id":"https:\/\/focusonpack.com\/#website","url":"https:\/\/focusonpack.com\/","name":"Focus on pack","description":"","potentialAction":[{"@type":"SearchAction","target":{"@type":"EntryPoint","urlTemplate":"https:\/\/focusonpack.com\/?s={search_term_string}"},"query-input":{"@type":"PropertyValueSpecification","valueRequired":true,"valueName":"search_term_string"}}],"inLanguage":"de"}]}},"_links":{"self":[{"href":"https:\/\/focusonpack.com\/de\/wp-json\/wp\/v2\/pages\/3080","targetHints":{"allow":["GET"]}}],"collection":[{"href":"https:\/\/focusonpack.com\/de\/wp-json\/wp\/v2\/pages"}],"about":[{"href":"https:\/\/focusonpack.com\/de\/wp-json\/wp\/v2\/types\/page"}],"author":[{"embeddable":true,"href":"https:\/\/focusonpack.com\/de\/wp-json\/wp\/v2\/users\/1"}],"replies":[{"embeddable":true,"href":"https:\/\/focusonpack.com\/de\/wp-json\/wp\/v2\/comments?post=3080"}],"version-history":[{"count":16,"href":"https:\/\/focusonpack.com\/de\/wp-json\/wp\/v2\/pages\/3080\/revisions"}],"predecessor-version":[{"id":4594,"href":"https:\/\/focusonpack.com\/de\/wp-json\/wp\/v2\/pages\/3080\/revisions\/4594"}],"up":[{"embeddable":true,"href":"https:\/\/focusonpack.com\/de\/wp-json\/wp\/v2\/pages\/2497"}],"wp:attachment":[{"href":"https:\/\/focusonpack.com\/de\/wp-json\/wp\/v2\/media?parent=3080"}],"curies":[{"name":"wp","href":"https:\/\/api.w.org\/{rel}","templated":true}]}}