{"id":3115,"date":"2020-05-11T16:16:37","date_gmt":"2020-05-11T08:16:37","guid":{"rendered":"https:\/\/focusonpack.com\/?page_id=3115"},"modified":"2025-03-27T16:07:39","modified_gmt":"2025-03-27T08:07:39","slug":"4500bph-4-cavity-economical-automatic-pet-blow-moulding-machine","status":"publish","type":"page","link":"https:\/\/focusonpack.com\/de\/fully-automatic-pet-stretch-blow-molding-machine\/4500bph-4-cavity-economical-automatic-pet-blow-moulding-machine\/","title":{"rendered":"4500BPH 4 Cavity Economical Automatic PET Blow Moulding Machine"},"content":{"rendered":"<div data-elementor-type=\"wp-page\" data-elementor-id=\"3115\" class=\"elementor elementor-3115\" data-elementor-settings=\"[]\">\n\t\t\t<div class=\"elementor-inner\">\n\t\t\t\t<div class=\"elementor-section-wrap\">\n\t\t\t\t\t\t\t<section class=\"elementor-element elementor-element-2ce5318c elementor-section-boxed elementor-section-height-default elementor-section-height-default elementor-section elementor-top-section\" data-id=\"2ce5318c\" data-element_type=\"section\">\n\t\t\t\t\t\t<div class=\"elementor-container elementor-column-gap-default\">\n\t\t\t\t<div class=\"elementor-row\">\n\t\t\t\t<div class=\"elementor-element elementor-element-15a5bc5b elementor-column elementor-col-50 elementor-top-column\" data-id=\"15a5bc5b\" data-element_type=\"column\">\n\t\t\t<div class=\"elementor-column-wrap  elementor-element-populated\">\n\t\t\t\t\t<div class=\"elementor-widget-wrap\">\n\t\t\t\t<div class=\"elementor-element elementor-element-38004b1e elementor-invisible elementor-widget elementor-widget-heading\" data-id=\"38004b1e\" data-element_type=\"widget\" data-settings=\"{&quot;_animation&quot;:&quot;fadeIn&quot;}\" data-widget_type=\"heading.default\">\n\t\t\t\t<div class=\"elementor-widget-container\">\n\t\t\t<h3 class=\"elementor-heading-title elementor-size-default\">4500BPH 4 Cavity Economical Automatic PET Blow Moulding Machine<\/h3>\t\t<\/div>\n\t\t\t\t<\/div>\n\t\t\t\t<div class=\"elementor-element elementor-element-154185ce elementor-widget elementor-widget-text-editor\" data-id=\"154185ce\" data-element_type=\"widget\" data-widget_type=\"text-editor.default\">\n\t\t\t\t<div class=\"elementor-widget-container\">\n\t\t\t\t\t<div class=\"elementor-text-editor elementor-clearfix\"><p>This economical automatic PET stretch blow moulding machine is specially designed for small and medium sized bottle makers and drinks manufacturers to produce their own bottles who want to achieve automatic bottle making process with low budget. This PET blow molding machine can produce 4300 bottles per hour at 500ml and has the ability to produce PET bottles from narrow neck to wide mouth ranging from 50ml to 1500ml widely used in industry of water, juice, milk, alcohol, liquid detergent, vegetable oil, cosmetics, pharmaceutical and personal care etc. It is best choice for 4000 bottles per hour bottling water filling line.<\/p><\/div>\n\t\t\t\t<\/div>\n\t\t\t\t<\/div>\n\t\t\t\t<div class=\"elementor-element elementor-element-5c62e0c8 elementor-invisible elementor-widget elementor-widget-heading\" data-id=\"5c62e0c8\" data-element_type=\"widget\" data-settings=\"{&quot;_animation&quot;:&quot;fadeIn&quot;}\" data-widget_type=\"heading.default\">\n\t\t\t\t<div class=\"elementor-widget-container\">\n\t\t\t<h3 class=\"elementor-heading-title elementor-size-default\">There are many advantages of this machine.<\/h3>\t\t<\/div>\n\t\t\t\t<\/div>\n\t\t\t\t<div class=\"elementor-element elementor-element-3db292b5 elementor-widget elementor-widget-text-editor\" data-id=\"3db292b5\" data-element_type=\"widget\" data-widget_type=\"text-editor.default\">\n\t\t\t\t<div class=\"elementor-widget-container\">\n\t\t\t\t\t<div class=\"elementor-text-editor elementor-clearfix\"><p>\u2022 Standard machine includes preform elevator and monobloc preheater and blow molding machine.\u00a0 \u00a0 \u00a0 \u00a0 Compact design occupies less space to help you to save valued space.<\/p><p style=\"text-align: left;\">\u2022 Free you from the high costs for vendor-supplied pre-blown bottles. You\u2019ll also be free to produce your own bottles when you need them. No more waiting for bottle deliveries that may not arrive in time. And, you\u2019ll free up valuable plant space from storing large quantities of empty bottles.<\/p><p style=\"text-align: left;\">\u2022 Labor cost and power consumption saving, to achieve capacity of 4300 bottles per hour. You may need 6<br \/>pieces of semi automatic PET Blow molding machines, cost of 6 pieces of semi automatic is almost same as 1piece of economical automatic PET blow molding machine. You need 6 employees to run these 6 pieces of semi automatic PET blow molding machines, However you only need 1 employee for automatic PET blow molding machine. So can save 5 labors. Total power consumption of 6 pieces of semi automatic pet blow molding machine is 60kw at least and total power consumption of automatic PET blow molding machine is only 20kw. So you can save 40kw per hour.<\/p><p style=\"text-align: left;\">\u2022 This automatic PET blow molding machine can be connected with filling machine eliminating labor who feeds bottles onto air conveyor manually. This will increase efficiency.<\/p><p style=\"text-align: left;\">\u2022 Fast mold changeover, you have change 6 molds for semi automatic PET blow molding machines, but<br \/>change only 1 mold for automatic PET blow molding machine. It takes half hour to change one mold, you will save 2.5 hours.<\/p><p style=\"text-align: left;\">\u2022 Easy operation, easy installation and starting, parameter setting through touch screen. It makes machine<br \/>easy to set and operate.<\/p><\/div>\n\t\t\t\t<\/div>\n\t\t\t\t<\/div>\n\t\t\t\t<div class=\"elementor-element elementor-element-4c03c094 elementor-invisible elementor-widget elementor-widget-heading\" data-id=\"4c03c094\" data-element_type=\"widget\" data-settings=\"{&quot;_animation&quot;:&quot;fadeIn&quot;}\" data-widget_type=\"heading.default\">\n\t\t\t\t<div class=\"elementor-widget-container\">\n\t\t\t<h3 class=\"elementor-heading-title elementor-size-default\">Technische Daten<\/h3>\t\t<\/div>\n\t\t\t\t<\/div>\n\t\t\t\t<div class=\"elementor-element elementor-element-1a374892 elementor-widget elementor-widget-text-editor\" data-id=\"1a374892\" data-element_type=\"widget\" data-widget_type=\"text-editor.default\">\n\t\t\t\t<div class=\"elementor-widget-container\">\n\t\t\t\t\t<div class=\"elementor-text-editor elementor-clearfix\"><table width=\"720\">\n<tbody>\n<tr>\n<td width=\"241\">Model<\/td>\n<td width=\"235\">HZ-4500<\/td>\n<\/tr>\n<tr>\n<td>No of Cavity<\/td>\n<td>4 Cavity<\/td>\n<\/tr>\n<tr>\n<td>Leistung Kapazit\u00e4t<\/td>\n<td>4500 BPH<\/td>\n<\/tr>\n<tr>\n<td>Max Container Volume<\/td>\n<td>2 L<\/td>\n<\/tr>\n<tr>\n<td>Max Neck Diameter<\/td>\n<td>38mm<\/td>\n<\/tr>\n<tr>\n<td>Max Container Diameter<\/td>\n<td>115 mm<\/td>\n<\/tr>\n<tr>\n<td>Max Container Height<\/td>\n<td>340 mm<\/td>\n<\/tr>\n<tr>\n<td>Heating Power<\/td>\n<td>25 KW<\/td>\n<\/tr>\n<tr>\n<td>Operating Low Pressure<\/td>\n<td>0.8 Mpa<\/td>\n<\/tr>\n<tr>\n<td>Blowing Pressure<\/td>\n<td>3.5 Mpa<\/td>\n<\/tr>\n<tr>\n<td>Machine Dimension(L x W x H)<\/td>\n<td>3.7&#215;1.55&#215;2.7 M<\/td>\n<\/tr>\n<tr>\n<td>Maschine Gewicht<\/td>\n<td>4200 kgs(approx)<\/td>\n<\/tr>\n<tr>\n<td>Abmessungen des F\u00f6rderers<\/td>\n<td>1.5&#215;0.85&#215;2.2 M<\/td>\n<\/tr>\n<tr>\n<td>F\u00f6rderer Gewicht<\/td>\n<td>500 kgs(approx)<\/td>\n<\/tr>\n<\/tbody>\n<\/table><\/div>\n\t\t\t\t<\/div>\n\t\t\t\t<\/div>\n\t\t\t\t<div class=\"elementor-element elementor-element-305366a0 elementor-widget elementor-widget-text-editor\" data-id=\"305366a0\" data-element_type=\"widget\" data-widget_type=\"text-editor.default\">\n\t\t\t\t<div class=\"elementor-widget-container\">\n\t\t\t\t\t<div class=\"elementor-text-editor elementor-clearfix\"><p>\u00a0<\/p><p>* Die technischen Daten k\u00f6nnen ohne vorherige Ank\u00fcndigung ge\u00e4ndert werden.<\/p><\/div>\n\t\t\t\t<\/div>\n\t\t\t\t<\/div>\n\t\t\t\t\t\t<\/div>\n\t\t\t<\/div>\n\t\t<\/div>\n\t\t\t\t<div class=\"elementor-element elementor-element-69d7645a elementor-column elementor-col-50 elementor-top-column\" data-id=\"69d7645a\" data-element_type=\"column\">\n\t\t\t<div class=\"elementor-column-wrap  elementor-element-populated\">\n\t\t\t\t\t<div class=\"elementor-widget-wrap\">\n\t\t\t\t<div class=\"elementor-element elementor-element-5742356a elementor-widget elementor-widget-image\" data-id=\"5742356a\" data-element_type=\"widget\" data-widget_type=\"image.default\">\n\t\t\t\t<div class=\"elementor-widget-container\">\n\t\t\t\t\t<div class=\"elementor-image\">\n\t\t\t\t\t\t\t\t\t\t\t<a href=\"https:\/\/focusonpack.com\/wp-content\/uploads\/2025\/03\/4500BPH-4-Cavity-Economical-Automatic-PET-Blow-Moulding-Machine-logo.png\">\n\t\t\t\t\t\t\t<img loading=\"lazy\" decoding=\"async\" width=\"898\" height=\"657\" src=\"https:\/\/focusonpack.com\/wp-content\/uploads\/2025\/03\/4500BPH-4-Cavity-Economical-Automatic-PET-Blow-Moulding-Machine.png\" class=\"elementor-animation-grow attachment-full size-full\" alt=\"\" srcset=\"https:\/\/focusonpack.com\/wp-content\/uploads\/2025\/03\/4500BPH-4-Cavity-Economical-Automatic-PET-Blow-Moulding-Machine.png 898w, https:\/\/focusonpack.com\/wp-content\/uploads\/2025\/03\/4500BPH-4-Cavity-Economical-Automatic-PET-Blow-Moulding-Machine-300x219.png 300w, https:\/\/focusonpack.com\/wp-content\/uploads\/2025\/03\/4500BPH-4-Cavity-Economical-Automatic-PET-Blow-Moulding-Machine-768x562.png 768w, https:\/\/focusonpack.com\/wp-content\/uploads\/2025\/03\/4500BPH-4-Cavity-Economical-Automatic-PET-Blow-Moulding-Machine-600x439.png 600w\" sizes=\"auto, (max-width: 898px) 100vw, 898px\" \/>\t\t\t\t\t\t\t\t<\/a>\n\t\t\t\t\t\t\t\t\t\t\t<\/div>\n\t\t\t\t<\/div>\n\t\t\t\t<\/div>\n\t\t\t\t<div class=\"elementor-element elementor-element-360a78ec elementor-button-info elementor-align-center elementor-widget elementor-widget-button\" data-id=\"360a78ec\" data-element_type=\"widget\" data-widget_type=\"button.default\">\n\t\t\t\t<div class=\"elementor-widget-container\">\n\t\t\t\t\t<div class=\"elementor-button-wrapper\">\n\t\t\t<a href=\"https:\/\/focusonpack.com\/de\/kontaktieren-sie-uns\/\" class=\"elementor-button-link elementor-button elementor-size-sm\" role=\"button\">\n\t\t\t\t\t\t<span class=\"elementor-button-content-wrapper\">\n\t\t\t\t\t\t<span class=\"elementor-button-text\">Angebot anfordern<\/span>\n\t\t<\/span>\n\t\t\t\t\t<\/a>\n\t\t<\/div>\n\t\t\t\t<\/div>\n\t\t\t\t<\/div>\n\t\t\t\t\t\t<\/div>\n\t\t\t<\/div>\n\t\t<\/div>\n\t\t\t\t\t\t<\/div>\n\t\t\t<\/div>\n\t\t<\/section>\n\t\t\t\t\t\t<\/div>\n\t\t\t<\/div>\n\t\t<\/div>","protected":false},"excerpt":{"rendered":"<p>4500BPH 4 Cavity Economical Au&hellip;<\/p>","protected":false},"author":1,"featured_media":0,"parent":2570,"menu_order":0,"comment_status":"closed","ping_status":"closed","template":"elementor_header_footer","meta":{"footnotes":""},"class_list":["post-3115","page","type-page","status-publish","hentry","no-thumb"],"yoast_head":"<!-- This site is optimized with the Yoast SEO plugin v24.8.1 - https:\/\/yoast.com\/wordpress\/plugins\/seo\/ -->\n<title>4500BPH 4 Cavity Economical Automatic PET Blow Moulding Machine - Focus on pack<\/title>\n<meta name=\"robots\" content=\"index, follow, max-snippet:-1, max-image-preview:large, max-video-preview:-1\" \/>\n<link rel=\"canonical\" href=\"https:\/\/focusonpack.com\/de\/fully-automatic-pet-stretch-blow-molding-machine\/4500bph-4-cavity-economical-automatic-pet-blow-moulding-machine\/\" \/>\n<meta property=\"og:locale\" content=\"de_DE\" \/>\n<meta property=\"og:type\" content=\"article\" \/>\n<meta property=\"og:title\" content=\"4500BPH 4 Cavity Economical Automatic PET Blow Moulding Machine - Focus on pack\" \/>\n<meta property=\"og:description\" content=\"4500BPH 4 Cavity Economical Au&hellip;\" \/>\n<meta property=\"og:url\" content=\"https:\/\/focusonpack.com\/de\/fully-automatic-pet-stretch-blow-molding-machine\/4500bph-4-cavity-economical-automatic-pet-blow-moulding-machine\/\" \/>\n<meta property=\"og:site_name\" content=\"Focus on pack\" \/>\n<meta property=\"article:modified_time\" content=\"2025-03-27T08:07:39+00:00\" \/>\n<meta property=\"og:image\" content=\"https:\/\/focusonpack.com\/wp-content\/uploads\/2025\/03\/4500BPH-4-Cavity-Economical-Automatic-PET-Blow-Moulding-Machine.png\" \/>\n<meta name=\"twitter:card\" content=\"summary_large_image\" \/>\n<meta name=\"twitter:label1\" content=\"Gesch\u00e4tzte Lesezeit\" \/>\n\t<meta name=\"twitter:data1\" content=\"2\u00a0Minuten\" \/>\n<script type=\"application\/ld+json\" class=\"yoast-schema-graph\">{\"@context\":\"https:\/\/schema.org\",\"@graph\":[{\"@type\":\"WebPage\",\"@id\":\"https:\/\/focusonpack.com\/fully-automatic-pet-stretch-blow-molding-machine\/4500bph-4-cavity-economical-automatic-pet-blow-moulding-machine\/\",\"url\":\"https:\/\/focusonpack.com\/fully-automatic-pet-stretch-blow-molding-machine\/4500bph-4-cavity-economical-automatic-pet-blow-moulding-machine\/\",\"name\":\"4500BPH 4 Cavity Economical Automatic PET Blow Moulding Machine - Focus on pack\",\"isPartOf\":{\"@id\":\"https:\/\/focusonpack.com\/#website\"},\"primaryImageOfPage\":{\"@id\":\"https:\/\/focusonpack.com\/fully-automatic-pet-stretch-blow-molding-machine\/4500bph-4-cavity-economical-automatic-pet-blow-moulding-machine\/#primaryimage\"},\"image\":{\"@id\":\"https:\/\/focusonpack.com\/fully-automatic-pet-stretch-blow-molding-machine\/4500bph-4-cavity-economical-automatic-pet-blow-moulding-machine\/#primaryimage\"},\"thumbnailUrl\":\"https:\/\/focusonpack.com\/wp-content\/uploads\/2025\/03\/4500BPH-4-Cavity-Economical-Automatic-PET-Blow-Moulding-Machine.png\",\"datePublished\":\"2020-05-11T08:16:37+00:00\",\"dateModified\":\"2025-03-27T08:07:39+00:00\",\"breadcrumb\":{\"@id\":\"https:\/\/focusonpack.com\/fully-automatic-pet-stretch-blow-molding-machine\/4500bph-4-cavity-economical-automatic-pet-blow-moulding-machine\/#breadcrumb\"},\"inLanguage\":\"de\",\"potentialAction\":[{\"@type\":\"ReadAction\",\"target\":[\"https:\/\/focusonpack.com\/fully-automatic-pet-stretch-blow-molding-machine\/4500bph-4-cavity-economical-automatic-pet-blow-moulding-machine\/\"]}]},{\"@type\":\"ImageObject\",\"inLanguage\":\"de\",\"@id\":\"https:\/\/focusonpack.com\/fully-automatic-pet-stretch-blow-molding-machine\/4500bph-4-cavity-economical-automatic-pet-blow-moulding-machine\/#primaryimage\",\"url\":\"https:\/\/focusonpack.com\/wp-content\/uploads\/2025\/03\/4500BPH-4-Cavity-Economical-Automatic-PET-Blow-Moulding-Machine.png\",\"contentUrl\":\"https:\/\/focusonpack.com\/wp-content\/uploads\/2025\/03\/4500BPH-4-Cavity-Economical-Automatic-PET-Blow-Moulding-Machine.png\"},{\"@type\":\"BreadcrumbList\",\"@id\":\"https:\/\/focusonpack.com\/fully-automatic-pet-stretch-blow-molding-machine\/4500bph-4-cavity-economical-automatic-pet-blow-moulding-machine\/#breadcrumb\",\"itemListElement\":[{\"@type\":\"ListItem\",\"position\":1,\"name\":\"\u9996\u9875\",\"item\":\"https:\/\/focusonpack.com\/\"},{\"@type\":\"ListItem\",\"position\":2,\"name\":\"Fully Automatic PET Stretch Blow Molding Machine\",\"item\":\"https:\/\/focusonpack.com\/fully-automatic-pet-stretch-blow-molding-machine\/\"},{\"@type\":\"ListItem\",\"position\":3,\"name\":\"4500BPH 4 Cavity Economical Automatic PET Blow Moulding Machine\"}]},{\"@type\":\"WebSite\",\"@id\":\"https:\/\/focusonpack.com\/#website\",\"url\":\"https:\/\/focusonpack.com\/\",\"name\":\"Focus on pack\",\"description\":\"\",\"potentialAction\":[{\"@type\":\"SearchAction\",\"target\":{\"@type\":\"EntryPoint\",\"urlTemplate\":\"https:\/\/focusonpack.com\/?s={search_term_string}\"},\"query-input\":{\"@type\":\"PropertyValueSpecification\",\"valueRequired\":true,\"valueName\":\"search_term_string\"}}],\"inLanguage\":\"de\"}]}<\/script>\n<!-- \/ Yoast SEO plugin. -->","yoast_head_json":{"title":"4500BPH 4 Cavity Economical Automatic PET Blow Moulding Machine - Focus on pack","robots":{"index":"index","follow":"follow","max-snippet":"max-snippet:-1","max-image-preview":"max-image-preview:large","max-video-preview":"max-video-preview:-1"},"canonical":"https:\/\/focusonpack.com\/de\/fully-automatic-pet-stretch-blow-molding-machine\/4500bph-4-cavity-economical-automatic-pet-blow-moulding-machine\/","og_locale":"de_DE","og_type":"article","og_title":"4500BPH 4 Cavity Economical Automatic PET Blow Moulding Machine - Focus on pack","og_description":"4500BPH 4 Cavity Economical Au&hellip;","og_url":"https:\/\/focusonpack.com\/de\/fully-automatic-pet-stretch-blow-molding-machine\/4500bph-4-cavity-economical-automatic-pet-blow-moulding-machine\/","og_site_name":"Focus on pack","article_modified_time":"2025-03-27T08:07:39+00:00","og_image":[{"url":"https:\/\/focusonpack.com\/wp-content\/uploads\/2025\/03\/4500BPH-4-Cavity-Economical-Automatic-PET-Blow-Moulding-Machine.png","type":"","width":"","height":""}],"twitter_card":"summary_large_image","twitter_misc":{"Gesch\u00e4tzte Lesezeit":"2\u00a0Minuten"},"schema":{"@context":"https:\/\/schema.org","@graph":[{"@type":"WebPage","@id":"https:\/\/focusonpack.com\/fully-automatic-pet-stretch-blow-molding-machine\/4500bph-4-cavity-economical-automatic-pet-blow-moulding-machine\/","url":"https:\/\/focusonpack.com\/fully-automatic-pet-stretch-blow-molding-machine\/4500bph-4-cavity-economical-automatic-pet-blow-moulding-machine\/","name":"4500BPH 4 Cavity Economical Automatic PET Blow Moulding Machine - Focus on pack","isPartOf":{"@id":"https:\/\/focusonpack.com\/#website"},"primaryImageOfPage":{"@id":"https:\/\/focusonpack.com\/fully-automatic-pet-stretch-blow-molding-machine\/4500bph-4-cavity-economical-automatic-pet-blow-moulding-machine\/#primaryimage"},"image":{"@id":"https:\/\/focusonpack.com\/fully-automatic-pet-stretch-blow-molding-machine\/4500bph-4-cavity-economical-automatic-pet-blow-moulding-machine\/#primaryimage"},"thumbnailUrl":"https:\/\/focusonpack.com\/wp-content\/uploads\/2025\/03\/4500BPH-4-Cavity-Economical-Automatic-PET-Blow-Moulding-Machine.png","datePublished":"2020-05-11T08:16:37+00:00","dateModified":"2025-03-27T08:07:39+00:00","breadcrumb":{"@id":"https:\/\/focusonpack.com\/fully-automatic-pet-stretch-blow-molding-machine\/4500bph-4-cavity-economical-automatic-pet-blow-moulding-machine\/#breadcrumb"},"inLanguage":"de","potentialAction":[{"@type":"ReadAction","target":["https:\/\/focusonpack.com\/fully-automatic-pet-stretch-blow-molding-machine\/4500bph-4-cavity-economical-automatic-pet-blow-moulding-machine\/"]}]},{"@type":"ImageObject","inLanguage":"de","@id":"https:\/\/focusonpack.com\/fully-automatic-pet-stretch-blow-molding-machine\/4500bph-4-cavity-economical-automatic-pet-blow-moulding-machine\/#primaryimage","url":"https:\/\/focusonpack.com\/wp-content\/uploads\/2025\/03\/4500BPH-4-Cavity-Economical-Automatic-PET-Blow-Moulding-Machine.png","contentUrl":"https:\/\/focusonpack.com\/wp-content\/uploads\/2025\/03\/4500BPH-4-Cavity-Economical-Automatic-PET-Blow-Moulding-Machine.png"},{"@type":"BreadcrumbList","@id":"https:\/\/focusonpack.com\/fully-automatic-pet-stretch-blow-molding-machine\/4500bph-4-cavity-economical-automatic-pet-blow-moulding-machine\/#breadcrumb","itemListElement":[{"@type":"ListItem","position":1,"name":"\u9996\u9875","item":"https:\/\/focusonpack.com\/"},{"@type":"ListItem","position":2,"name":"Fully Automatic PET Stretch Blow Molding Machine","item":"https:\/\/focusonpack.com\/fully-automatic-pet-stretch-blow-molding-machine\/"},{"@type":"ListItem","position":3,"name":"4500BPH 4 Cavity Economical Automatic PET Blow Moulding Machine"}]},{"@type":"WebSite","@id":"https:\/\/focusonpack.com\/#website","url":"https:\/\/focusonpack.com\/","name":"Focus on pack","description":"","potentialAction":[{"@type":"SearchAction","target":{"@type":"EntryPoint","urlTemplate":"https:\/\/focusonpack.com\/?s={search_term_string}"},"query-input":{"@type":"PropertyValueSpecification","valueRequired":true,"valueName":"search_term_string"}}],"inLanguage":"de"}]}},"_links":{"self":[{"href":"https:\/\/focusonpack.com\/de\/wp-json\/wp\/v2\/pages\/3115","targetHints":{"allow":["GET"]}}],"collection":[{"href":"https:\/\/focusonpack.com\/de\/wp-json\/wp\/v2\/pages"}],"about":[{"href":"https:\/\/focusonpack.com\/de\/wp-json\/wp\/v2\/types\/page"}],"author":[{"embeddable":true,"href":"https:\/\/focusonpack.com\/de\/wp-json\/wp\/v2\/users\/1"}],"replies":[{"embeddable":true,"href":"https:\/\/focusonpack.com\/de\/wp-json\/wp\/v2\/comments?post=3115"}],"version-history":[{"count":16,"href":"https:\/\/focusonpack.com\/de\/wp-json\/wp\/v2\/pages\/3115\/revisions"}],"predecessor-version":[{"id":4599,"href":"https:\/\/focusonpack.com\/de\/wp-json\/wp\/v2\/pages\/3115\/revisions\/4599"}],"up":[{"embeddable":true,"href":"https:\/\/focusonpack.com\/de\/wp-json\/wp\/v2\/pages\/2570"}],"wp:attachment":[{"href":"https:\/\/focusonpack.com\/de\/wp-json\/wp\/v2\/media?parent=3115"}],"curies":[{"name":"wp","href":"https:\/\/api.w.org\/{rel}","templated":true}]}}