{"id":3303,"date":"2020-05-15T16:53:46","date_gmt":"2020-05-15T08:53:46","guid":{"rendered":"https:\/\/focusonpack.com\/?page_id=3303"},"modified":"2025-03-29T16:01:48","modified_gmt":"2025-03-29T08:01:48","slug":"rotary-piston-filling-machine-for-viscous-liquids","status":"publish","type":"page","link":"https:\/\/focusonpack.com\/de\/kolbenfullmaschine\/drehkolbenfullmaschine-fur-viskose-flussigkeiten\/","title":{"rendered":"Drehkolben-Abf\u00fcllmaschine f\u00fcr viskose Fl\u00fcssigkeiten"},"content":{"rendered":"<div data-elementor-type=\"wp-page\" data-elementor-id=\"3303\" class=\"elementor elementor-3303\" data-elementor-settings=\"[]\">\n\t\t\t<div class=\"elementor-inner\">\n\t\t\t\t<div class=\"elementor-section-wrap\">\n\t\t\t\t\t\t\t<section class=\"elementor-element elementor-element-763dab4c elementor-section-boxed elementor-section-height-default elementor-section-height-default elementor-section elementor-top-section\" data-id=\"763dab4c\" data-element_type=\"section\">\n\t\t\t\t\t\t<div class=\"elementor-container elementor-column-gap-default\">\n\t\t\t\t<div class=\"elementor-row\">\n\t\t\t\t<div class=\"elementor-element elementor-element-56b87014 elementor-column elementor-col-50 elementor-top-column\" data-id=\"56b87014\" data-element_type=\"column\">\n\t\t\t<div class=\"elementor-column-wrap  elementor-element-populated\">\n\t\t\t\t\t<div class=\"elementor-widget-wrap\">\n\t\t\t\t<div class=\"elementor-element elementor-element-435240fa elementor-widget elementor-widget-heading\" data-id=\"435240fa\" data-element_type=\"widget\" data-widget_type=\"heading.default\">\n\t\t\t\t<div class=\"elementor-widget-container\">\n\t\t\t<h3 class=\"elementor-heading-title elementor-size-default\">Drehkolben-Abf\u00fcllmaschine f\u00fcr viskose Fl\u00fcssigkeiten<\/h3>\t\t<\/div>\n\t\t\t\t<\/div>\n\t\t\t\t<div class=\"elementor-element elementor-element-25df2f1e elementor-widget elementor-widget-heading\" data-id=\"25df2f1e\" data-element_type=\"widget\" data-widget_type=\"heading.default\">\n\t\t\t\t<div class=\"elementor-widget-container\">\n\t\t\t<h3 class=\"elementor-heading-title elementor-size-default\">Drehkolbenf\u00fcller f\u00fcr hochviskose Fl\u00fcssigkeiten<\/h3>\t\t<\/div>\n\t\t\t\t<\/div>\n\t\t\t\t<div class=\"elementor-element elementor-element-48cd6806 elementor-widget elementor-widget-text-editor\" data-id=\"48cd6806\" data-element_type=\"widget\" data-widget_type=\"text-editor.default\">\n\t\t\t\t<div class=\"elementor-widget-container\">\n\t\t\t\t\t<div class=\"elementor-text-editor elementor-clearfix\"><p>Die Drehkolben-Fl\u00fcssigkeitsabf\u00fcllmaschine ist f\u00fcr hohe Geschwindigkeitsanforderungen ausgelegt, so dass man sich von den Inline-Kolbenabf\u00fcllmaschinen wegbewegen und stattdessen Drehkolbenabf\u00fcllmaschinen einsetzen muss. In diesem Format kann das F\u00fcllsystem f\u00fcr eine fast unbegrenzte Anzahl von Produktionsanforderungen ausgelegt werden Die Konstruktion des Drehkolbenf\u00fcllers basiert auf der Bef\u00fcllung jedes Beh\u00e4lters bis zu einem vorgegebenen Gewicht, was die genauesten F\u00fcllgewichte unabh\u00e4ngig von Schwankungen der Produkt- und Beh\u00e4ltereigenschaften.<\/p><\/div>\n\t\t\t\t<\/div>\n\t\t\t\t<\/div>\n\t\t\t\t<div class=\"elementor-element elementor-element-3b3b6829 elementor-widget elementor-widget-text-editor\" data-id=\"3b3b6829\" data-element_type=\"widget\" data-widget_type=\"text-editor.default\">\n\t\t\t\t<div class=\"elementor-widget-container\">\n\t\t\t\t\t<div class=\"elementor-text-editor elementor-clearfix\"><p>Die Beh\u00e4lter werden dem Drehkolbenf\u00fcller zugef\u00fchrt, vereinzelt, auf einzelnen F\u00fcllstationen unter speziell entwickelten F\u00fcllventilen positioniert, das Produkt wird in einen Zylinder gesaugt, w\u00e4hrend der Kolben von der Kolbenrolle angehoben wird, die sich auf einer geneigten Nockenbahn bewegt. Das Produkt wird in einen Zylinder gesaugt, w\u00e4hrend der Kolben von der Kolbenrolle angehoben wird, die sich auf einer schr\u00e4gen Nockenbahn bewegt. Am oberen Ende des Kolbenhubs wird das Ventil gedreht, wodurch die Einlass\u00f6ffnung geschlossen und die Auslass\u00f6ffnung ge\u00f6ffnet wird. Am oberen Ende des Kolbenhubs wird das Ventil gedreht, wodurch die Einlass\u00f6ffnung geschlossen und die Auslass\u00f6ffnung ge\u00f6ffnet wird. Beim Abw\u00e4rtshub bewegt der Kolben das Produkt sanft aus dem Zylinder, durch das Ventil und in den Beh\u00e4lter. Ist kein Beh\u00e4lter vorhanden, verbleibt das Ventil in der Einlassposition und das Produkt wird sanft in den Einf\u00fclltrichter zur\u00fcckgef\u00fchrt. Er ist f\u00fcr eine nahezu unbegrenzte Anzahl von Produktionsanforderungen ausgelegt und kann Fl\u00fcssigkeiten mit niedriger Viskosit\u00e4t (d\u00fcnnfl\u00fcssig) bis hin zu hochviskosen (dickfl\u00fcssig) oder Cremes mit oder ohne Einf\u00fcllbeh\u00e4lter volumetrisch abf\u00fcllen. Sie ist f\u00fcr eine nahezu unbegrenzte Anzahl von Produktionsanforderungen ausgelegt und kann niedrigviskose (d\u00fcnnfl\u00fcssige) bis hochviskose (dickfl\u00fcssige) Fl\u00fcssigkeiten oder Cremes mit oder ohne Partikel volumetrisch abf\u00fcllen.<\/p><\/div>\n\t\t\t\t<\/div>\n\t\t\t\t<\/div>\n\t\t\t\t<div class=\"elementor-element elementor-element-497d27fe elementor-widget elementor-widget-heading\" data-id=\"497d27fe\" data-element_type=\"widget\" data-widget_type=\"heading.default\">\n\t\t\t\t<div class=\"elementor-widget-container\">\n\t\t\t<h3 class=\"elementor-heading-title elementor-size-default\">Wesentliche Merkmale<\/h3>\t\t<\/div>\n\t\t\t\t<\/div>\n\t\t\t\t<div class=\"elementor-element elementor-element-4626d34 elementor-widget elementor-widget-text-editor\" data-id=\"4626d34\" data-element_type=\"widget\" data-widget_type=\"text-editor.default\">\n\t\t\t\t<div class=\"elementor-widget-container\">\n\t\t\t\t\t<div class=\"elementor-text-editor elementor-clearfix\"><p>- Anzahl der F\u00fcllk\u00f6pfe:6,8,10,12,14,16,18,20,24,32,40<\/p><p>- Abf\u00fcllgeschwindigkeit: bis zu 150 Flaschen\/Min.<\/p><p>- Kann d\u00fcnne bis dicke Fl\u00fcssigkeiten abf\u00fcllen<\/p><p>- Konstruktion aus lebensmittelechtem Edelstahl und Kunststoff<\/p><p>- Kundenspezifischer F\u00fcllstutzen gegen Spritzer<\/p><p>- Tropffreier F\u00fcllstutzen<\/p><p>- Hohe F\u00fcllgenauigkeit, weniger Produktabfall<\/p><p>- AC-Antriebssystem mit variabler Frequenz<\/p><p>- Schutzvorrichtung<\/p><p>- Benutzerfreundliche PLC-Steuerung mit Touchscreen-HMI<\/p><p>- Einf\u00fcllsch\u00fcssel mit Schlitz f\u00fcr leichten Abfluss<\/p><p>- Werkzeugfreies Abziehen f\u00fcr einfache Reinigung<\/p><p>- Alle Komponenten des Antriebsstrangs befinden sich im Maschinengestell<\/p><p>- Standalone-Betrieb oder Integration mit Rinser und Verschlie\u00dfer in Monoblock-Konfiguration<\/p><p>- Werkzeugloser Ausbau von Kolben und Ventilkegeln<\/p><p>- Keine Flasche\/keine F\u00fcllung<\/p><p>\u00a0<\/p><p>Die Wahl einer automatischen Kolbenf\u00fcllmaschine ist eine gro\u00dfe Herausforderung f\u00fcr die Kunden, wenn Sie unsicher sind, wie Sie<\/p><p>W\u00e4hlen Sie eine Kolbenf\u00fcllmaschine, bitte lassen Sie es mich wissen<\/p><p>- Welches Produkt ist abzuf\u00fcllen?<\/p><p>- Welche Produktionskapazit\u00e4t soll erreicht werden?<\/p><p>- Welches Material und welche Form der Beh\u00e4lter<\/p><p>- Welche Beh\u00e4ltergr\u00f6\u00dfe ist zu f\u00fcllen?<\/p><p>Unser professionelles Team wird Ihnen bei der Auswahl helfen<\/p><p>Wenden Sie sich daher bitte an uns, um sich \u00fcber die f\u00fcr Sie beste L\u00f6sung beraten zu lassen.<\/p><\/div>\n\t\t\t\t<\/div>\n\t\t\t\t<\/div>\n\t\t\t\t\t\t<\/div>\n\t\t\t<\/div>\n\t\t<\/div>\n\t\t\t\t<div class=\"elementor-element elementor-element-1b8f3663 elementor-column elementor-col-50 elementor-top-column\" data-id=\"1b8f3663\" data-element_type=\"column\">\n\t\t\t<div class=\"elementor-column-wrap  elementor-element-populated\">\n\t\t\t\t\t<div class=\"elementor-widget-wrap\">\n\t\t\t\t<div class=\"elementor-element elementor-element-50588bda elementor-widget elementor-widget-spacer\" data-id=\"50588bda\" data-element_type=\"widget\" data-widget_type=\"spacer.default\">\n\t\t\t\t<div class=\"elementor-widget-container\">\n\t\t\t\t\t<div class=\"elementor-spacer\">\n\t\t\t<div class=\"elementor-spacer-inner\"><\/div>\n\t\t<\/div>\n\t\t\t\t<\/div>\n\t\t\t\t<\/div>\n\t\t\t\t<div class=\"elementor-element elementor-element-708e8b74 elementor-widget elementor-widget-image\" data-id=\"708e8b74\" data-element_type=\"widget\" data-widget_type=\"image.default\">\n\t\t\t\t<div class=\"elementor-widget-container\">\n\t\t\t\t\t<div class=\"elementor-image\">\n\t\t\t\t\t\t\t\t\t\t<img loading=\"lazy\" decoding=\"async\" width=\"294\" height=\"203\" src=\"https:\/\/focusonpack.com\/wp-content\/uploads\/2023\/07\/viscous0.jpg\" class=\"elementor-animation-grow attachment-full size-full\" alt=\"\" \/>\t\t\t\t\t\t\t\t\t\t\t<\/div>\n\t\t\t\t<\/div>\n\t\t\t\t<\/div>\n\t\t\t\t<div class=\"elementor-element elementor-element-2654e0de elementor-button-info elementor-align-center elementor-widget elementor-widget-button\" data-id=\"2654e0de\" data-element_type=\"widget\" data-widget_type=\"button.default\">\n\t\t\t\t<div class=\"elementor-widget-container\">\n\t\t\t\t\t<div class=\"elementor-button-wrapper\">\n\t\t\t<a href=\"https:\/\/focusonpack.com\/de\/kontaktieren-sie-uns\/\" class=\"elementor-button-link elementor-button elementor-size-sm\" role=\"button\">\n\t\t\t\t\t\t<span class=\"elementor-button-content-wrapper\">\n\t\t\t\t\t\t<span class=\"elementor-button-text\">Angebot anfordern<\/span>\n\t\t<\/span>\n\t\t\t\t\t<\/a>\n\t\t<\/div>\n\t\t\t\t<\/div>\n\t\t\t\t<\/div>\n\t\t\t\t\t\t<\/div>\n\t\t\t<\/div>\n\t\t<\/div>\n\t\t\t\t\t\t<\/div>\n\t\t\t<\/div>\n\t\t<\/section>\n\t\t\t\t\t\t<\/div>\n\t\t\t<\/div>\n\t\t<\/div>","protected":false},"excerpt":{"rendered":"<p>Rotary Piston Filling Machine &hellip;<\/p>","protected":false},"author":1,"featured_media":0,"parent":2495,"menu_order":0,"comment_status":"closed","ping_status":"closed","template":"elementor_header_footer","meta":{"footnotes":""},"class_list":["post-3303","page","type-page","status-publish","hentry","no-thumb"],"yoast_head":"<!-- This site is optimized with the Yoast SEO plugin v24.8.1 - https:\/\/yoast.com\/wordpress\/plugins\/seo\/ -->\n<title>Rotary Piston Filling Machine for Viscous Liquids - Focus on pack<\/title>\n<meta name=\"robots\" content=\"index, follow, max-snippet:-1, max-image-preview:large, max-video-preview:-1\" \/>\n<link rel=\"canonical\" href=\"https:\/\/focusonpack.com\/de\/kolbenfullmaschine\/drehkolbenfullmaschine-fur-viskose-flussigkeiten\/\" \/>\n<meta property=\"og:locale\" content=\"de_DE\" \/>\n<meta property=\"og:type\" content=\"article\" \/>\n<meta property=\"og:title\" content=\"Rotary Piston Filling Machine for Viscous Liquids - Focus on pack\" \/>\n<meta property=\"og:description\" content=\"Rotary Piston Filling Machine &hellip;\" \/>\n<meta property=\"og:url\" content=\"https:\/\/focusonpack.com\/de\/kolbenfullmaschine\/drehkolbenfullmaschine-fur-viskose-flussigkeiten\/\" \/>\n<meta property=\"og:site_name\" content=\"Focus on pack\" \/>\n<meta property=\"article:modified_time\" content=\"2025-03-29T08:01:48+00:00\" \/>\n<meta property=\"og:image\" content=\"https:\/\/focusonpack.com\/wp-content\/uploads\/2023\/07\/viscous0.jpg\" \/>\n<meta name=\"twitter:card\" content=\"summary_large_image\" \/>\n<meta name=\"twitter:label1\" content=\"Gesch\u00e4tzte Lesezeit\" \/>\n\t<meta name=\"twitter:data1\" content=\"3\u00a0Minuten\" \/>\n<script type=\"application\/ld+json\" class=\"yoast-schema-graph\">{\"@context\":\"https:\/\/schema.org\",\"@graph\":[{\"@type\":\"WebPage\",\"@id\":\"https:\/\/focusonpack.com\/piston-filling-machine\/rotary-piston-filling-machine-for-viscous-liquids\/\",\"url\":\"https:\/\/focusonpack.com\/piston-filling-machine\/rotary-piston-filling-machine-for-viscous-liquids\/\",\"name\":\"Rotary Piston Filling Machine for Viscous Liquids - Focus on pack\",\"isPartOf\":{\"@id\":\"https:\/\/focusonpack.com\/#website\"},\"primaryImageOfPage\":{\"@id\":\"https:\/\/focusonpack.com\/piston-filling-machine\/rotary-piston-filling-machine-for-viscous-liquids\/#primaryimage\"},\"image\":{\"@id\":\"https:\/\/focusonpack.com\/piston-filling-machine\/rotary-piston-filling-machine-for-viscous-liquids\/#primaryimage\"},\"thumbnailUrl\":\"https:\/\/focusonpack.com\/wp-content\/uploads\/2023\/07\/viscous0.jpg\",\"datePublished\":\"2020-05-15T08:53:46+00:00\",\"dateModified\":\"2025-03-29T08:01:48+00:00\",\"breadcrumb\":{\"@id\":\"https:\/\/focusonpack.com\/piston-filling-machine\/rotary-piston-filling-machine-for-viscous-liquids\/#breadcrumb\"},\"inLanguage\":\"de\",\"potentialAction\":[{\"@type\":\"ReadAction\",\"target\":[\"https:\/\/focusonpack.com\/piston-filling-machine\/rotary-piston-filling-machine-for-viscous-liquids\/\"]}]},{\"@type\":\"ImageObject\",\"inLanguage\":\"de\",\"@id\":\"https:\/\/focusonpack.com\/piston-filling-machine\/rotary-piston-filling-machine-for-viscous-liquids\/#primaryimage\",\"url\":\"https:\/\/focusonpack.com\/wp-content\/uploads\/2023\/07\/viscous0.jpg\",\"contentUrl\":\"https:\/\/focusonpack.com\/wp-content\/uploads\/2023\/07\/viscous0.jpg\"},{\"@type\":\"BreadcrumbList\",\"@id\":\"https:\/\/focusonpack.com\/piston-filling-machine\/rotary-piston-filling-machine-for-viscous-liquids\/#breadcrumb\",\"itemListElement\":[{\"@type\":\"ListItem\",\"position\":1,\"name\":\"\u9996\u9875\",\"item\":\"https:\/\/focusonpack.com\/\"},{\"@type\":\"ListItem\",\"position\":2,\"name\":\"Piston Filling Machine\",\"item\":\"https:\/\/focusonpack.com\/piston-filling-machine\/\"},{\"@type\":\"ListItem\",\"position\":3,\"name\":\"Rotary Piston Filling Machine for Viscous Liquids\"}]},{\"@type\":\"WebSite\",\"@id\":\"https:\/\/focusonpack.com\/#website\",\"url\":\"https:\/\/focusonpack.com\/\",\"name\":\"Focus on pack\",\"description\":\"water processing line,package machine, filling machine\",\"potentialAction\":[{\"@type\":\"SearchAction\",\"target\":{\"@type\":\"EntryPoint\",\"urlTemplate\":\"https:\/\/focusonpack.com\/?s={search_term_string}\"},\"query-input\":{\"@type\":\"PropertyValueSpecification\",\"valueRequired\":true,\"valueName\":\"search_term_string\"}}],\"inLanguage\":\"de\"}]}<\/script>\n<!-- \/ Yoast SEO plugin. -->","yoast_head_json":{"title":"Rotary Piston Filling Machine for Viscous Liquids - Focus on pack","robots":{"index":"index","follow":"follow","max-snippet":"max-snippet:-1","max-image-preview":"max-image-preview:large","max-video-preview":"max-video-preview:-1"},"canonical":"https:\/\/focusonpack.com\/de\/kolbenfullmaschine\/drehkolbenfullmaschine-fur-viskose-flussigkeiten\/","og_locale":"de_DE","og_type":"article","og_title":"Rotary Piston Filling Machine for Viscous Liquids - Focus on pack","og_description":"Rotary Piston Filling Machine &hellip;","og_url":"https:\/\/focusonpack.com\/de\/kolbenfullmaschine\/drehkolbenfullmaschine-fur-viskose-flussigkeiten\/","og_site_name":"Focus on pack","article_modified_time":"2025-03-29T08:01:48+00:00","og_image":[{"url":"https:\/\/focusonpack.com\/wp-content\/uploads\/2023\/07\/viscous0.jpg","type":"","width":"","height":""}],"twitter_card":"summary_large_image","twitter_misc":{"Gesch\u00e4tzte Lesezeit":"3\u00a0Minuten"},"schema":{"@context":"https:\/\/schema.org","@graph":[{"@type":"WebPage","@id":"https:\/\/focusonpack.com\/piston-filling-machine\/rotary-piston-filling-machine-for-viscous-liquids\/","url":"https:\/\/focusonpack.com\/piston-filling-machine\/rotary-piston-filling-machine-for-viscous-liquids\/","name":"Rotary Piston Filling Machine for Viscous Liquids - Focus on pack","isPartOf":{"@id":"https:\/\/focusonpack.com\/#website"},"primaryImageOfPage":{"@id":"https:\/\/focusonpack.com\/piston-filling-machine\/rotary-piston-filling-machine-for-viscous-liquids\/#primaryimage"},"image":{"@id":"https:\/\/focusonpack.com\/piston-filling-machine\/rotary-piston-filling-machine-for-viscous-liquids\/#primaryimage"},"thumbnailUrl":"https:\/\/focusonpack.com\/wp-content\/uploads\/2023\/07\/viscous0.jpg","datePublished":"2020-05-15T08:53:46+00:00","dateModified":"2025-03-29T08:01:48+00:00","breadcrumb":{"@id":"https:\/\/focusonpack.com\/piston-filling-machine\/rotary-piston-filling-machine-for-viscous-liquids\/#breadcrumb"},"inLanguage":"de","potentialAction":[{"@type":"ReadAction","target":["https:\/\/focusonpack.com\/piston-filling-machine\/rotary-piston-filling-machine-for-viscous-liquids\/"]}]},{"@type":"ImageObject","inLanguage":"de","@id":"https:\/\/focusonpack.com\/piston-filling-machine\/rotary-piston-filling-machine-for-viscous-liquids\/#primaryimage","url":"https:\/\/focusonpack.com\/wp-content\/uploads\/2023\/07\/viscous0.jpg","contentUrl":"https:\/\/focusonpack.com\/wp-content\/uploads\/2023\/07\/viscous0.jpg"},{"@type":"BreadcrumbList","@id":"https:\/\/focusonpack.com\/piston-filling-machine\/rotary-piston-filling-machine-for-viscous-liquids\/#breadcrumb","itemListElement":[{"@type":"ListItem","position":1,"name":"\u9996\u9875","item":"https:\/\/focusonpack.com\/"},{"@type":"ListItem","position":2,"name":"Piston Filling Machine","item":"https:\/\/focusonpack.com\/piston-filling-machine\/"},{"@type":"ListItem","position":3,"name":"Rotary Piston Filling Machine for Viscous Liquids"}]},{"@type":"WebSite","@id":"https:\/\/focusonpack.com\/#website","url":"https:\/\/focusonpack.com\/","name":"Focus on pack","description":"water processing line,package machine, filling machine","potentialAction":[{"@type":"SearchAction","target":{"@type":"EntryPoint","urlTemplate":"https:\/\/focusonpack.com\/?s={search_term_string}"},"query-input":{"@type":"PropertyValueSpecification","valueRequired":true,"valueName":"search_term_string"}}],"inLanguage":"de"}]}},"_links":{"self":[{"href":"https:\/\/focusonpack.com\/de\/wp-json\/wp\/v2\/pages\/3303","targetHints":{"allow":["GET"]}}],"collection":[{"href":"https:\/\/focusonpack.com\/de\/wp-json\/wp\/v2\/pages"}],"about":[{"href":"https:\/\/focusonpack.com\/de\/wp-json\/wp\/v2\/types\/page"}],"author":[{"embeddable":true,"href":"https:\/\/focusonpack.com\/de\/wp-json\/wp\/v2\/users\/1"}],"replies":[{"embeddable":true,"href":"https:\/\/focusonpack.com\/de\/wp-json\/wp\/v2\/comments?post=3303"}],"version-history":[{"count":8,"href":"https:\/\/focusonpack.com\/de\/wp-json\/wp\/v2\/pages\/3303\/revisions"}],"predecessor-version":[{"id":4629,"href":"https:\/\/focusonpack.com\/de\/wp-json\/wp\/v2\/pages\/3303\/revisions\/4629"}],"up":[{"embeddable":true,"href":"https:\/\/focusonpack.com\/de\/wp-json\/wp\/v2\/pages\/2495"}],"wp:attachment":[{"href":"https:\/\/focusonpack.com\/de\/wp-json\/wp\/v2\/media?parent=3303"}],"curies":[{"name":"wp","href":"https:\/\/api.w.org\/{rel}","templated":true}]}}