{"id":3306,"date":"2020-05-15T16:54:31","date_gmt":"2020-05-15T08:54:31","guid":{"rendered":"https:\/\/focusonpack.com\/?page_id=3306"},"modified":"2025-03-27T17:08:52","modified_gmt":"2025-03-27T09:08:52","slug":"10-head-automated-inline-time-gravity-bottle-filler","status":"publish","type":"page","link":"https:\/\/focusonpack.com\/de\/schwerkraft-abfullmaschine\/automatischer-10-kopf-inline-zeit-gravitationsflaschenfuller\/","title":{"rendered":"Automatischer 10-Kopf-Inline-Zeit-Gravitations-Flaschenf\u00fcller"},"content":{"rendered":"<div data-elementor-type=\"wp-page\" data-elementor-id=\"3306\" class=\"elementor elementor-3306\" data-elementor-settings=\"[]\">\n\t\t\t<div class=\"elementor-inner\">\n\t\t\t\t<div class=\"elementor-section-wrap\">\n\t\t\t\t\t\t\t<section class=\"elementor-element elementor-element-4d1b433f elementor-section-boxed elementor-section-height-default elementor-section-height-default elementor-section elementor-top-section\" data-id=\"4d1b433f\" data-element_type=\"section\">\n\t\t\t\t\t\t<div class=\"elementor-container elementor-column-gap-default\">\n\t\t\t\t<div class=\"elementor-row\">\n\t\t\t\t<div class=\"elementor-element elementor-element-69e749dd elementor-column elementor-col-50 elementor-top-column\" data-id=\"69e749dd\" data-element_type=\"column\">\n\t\t\t<div class=\"elementor-column-wrap  elementor-element-populated\">\n\t\t\t\t\t<div class=\"elementor-widget-wrap\">\n\t\t\t\t<div class=\"elementor-element elementor-element-6e78baff elementor-widget elementor-widget-heading\" data-id=\"6e78baff\" data-element_type=\"widget\" data-widget_type=\"heading.default\">\n\t\t\t\t<div class=\"elementor-widget-container\">\n\t\t\t<h3 class=\"elementor-heading-title elementor-size-default\">Automatischer 10-Kopf-Inline-Zeit-Gravitations-Flaschenf\u00fcller<\/h3>\t\t<\/div>\n\t\t\t\t<\/div>\n\t\t\t\t<div class=\"elementor-element elementor-element-94aed6c elementor-widget elementor-widget-text-editor\" data-id=\"94aed6c\" data-element_type=\"widget\" data-widget_type=\"text-editor.default\">\n\t\t\t\t<div class=\"elementor-widget-container\">\n\t\t\t\t\t<div class=\"elementor-text-editor elementor-clearfix\"><p>Zeitgesteuerte Schwerkraft-Flaschenf\u00fcller sind im Allgemeinen zeitgesteuerte volumetrische F\u00fcllmaschinen, bei denen sich die D\u00fcsen f\u00fcr eine bestimmte Zeit \u00f6ffnen und das Produkt freisetzen. In der Regel k\u00f6nnen f\u00fcr jede D\u00fcse individuelle Zeiten eingestellt werden, oder es kann f\u00fcr alle D\u00fcsen dieselbe Zeit verwendet werden. Schwerkraftf\u00fcller nutzen, wie der Name schon sagt, die Schwerkraft, um die Flaschen zu f\u00fcllen, obwohl Druckschwerkraftf\u00fcller schon seit vielen Jahren verwendet werden. Schwerkraftf\u00fcller nutzen, wie der Name schon sagt, die Schwerkraft zum F\u00fcllen der Flaschen, obwohl es auch Druckschwerkraftf\u00fcller gibt. Ein automatisches, den F\u00fcllstand erkennendes Schwimmersystem erkennt den Fl\u00fcssigkeitsstand, um den Druck aufrechtzuerhalten, damit die Fl\u00fcssigkeit schnell und gleichm\u00e4\u00dfig in die Beh\u00e4lter flie\u00dfen kann. Ein automatisches Schwimmerniveausystem erkennt den Fl\u00fcssigkeitsstand, um den Druck aufrechtzuerhalten, so dass die Fl\u00fcssigkeit schnell und gleichm\u00e4\u00dfig in die Beh\u00e4lter flie\u00dfen kann. Wenn der Fl\u00fcssigkeitsstand niedrig ist, wird die Pumpe eingeschaltet und die Fl\u00fcssigkeit in den Vorratsbeh\u00e4lter gepumpt, wenn der Fl\u00fcssigkeitsstand hoch ist, wird die Pumpe ausgeschaltet. Die Zeitsteuerung der Ventile erfolgt unabh\u00e4ngig vom Leitcomputer des Schwerkraftf\u00fcllers, so dass die genaue Fl\u00fcssigkeitsmenge durch die Schwerkraft in die Beh\u00e4lter flie\u00dft; eine unabh\u00e4ngige Zeitsteuerung der einzelnen F\u00fcllventile\/D\u00fcsen ist nicht erforderlich. Die unabh\u00e4ngige Zeitsteuerung jedes F\u00fcllventils\/jeder D\u00fcse korrigiert geringf\u00fcgige Schwankungen in der Durchflussmenge, so dass jeder Beh\u00e4lter genau gef\u00fcllt wird. Je d\u00fcnner das Produkt, desto schneller flie\u00dft es. Je dicker das Produkt, desto langsamer flie\u00dft es.<\/p><\/div>\n\t\t\t\t<\/div>\n\t\t\t\t<\/div>\n\t\t\t\t<div class=\"elementor-element elementor-element-d2d7671 elementor-widget elementor-widget-heading\" data-id=\"d2d7671\" data-element_type=\"widget\" data-widget_type=\"heading.default\">\n\t\t\t\t<div class=\"elementor-widget-container\">\n\t\t\t<h3 class=\"elementor-heading-title elementor-size-default\">Verf\u00fcgbare Optionen<\/h3>\t\t<\/div>\n\t\t\t\t<\/div>\n\t\t\t\t<div class=\"elementor-element elementor-element-2a641ed elementor-widget elementor-widget-text-editor\" data-id=\"2a641ed\" data-element_type=\"widget\" data-widget_type=\"text-editor.default\">\n\t\t\t\t<div class=\"elementor-widget-container\">\n\t\t\t\t\t<div class=\"elementor-text-editor elementor-clearfix\"><p>- Verschiedene Indexierungssysteme - Stift oder Schieber, Steuerschraube, Sternrad und Schiffchen<\/p><p>- Tauchkopfd\u00fcsen f\u00fcr die Bef\u00fcllung von unten nach oben zur Schaumreduzierung<\/p><p>- Auffangwanne<\/p><\/div>\n\t\t\t\t<\/div>\n\t\t\t\t<\/div>\n\t\t\t\t<div class=\"elementor-element elementor-element-1c0f7a95 elementor-widget elementor-widget-heading\" data-id=\"1c0f7a95\" data-element_type=\"widget\" data-widget_type=\"heading.default\">\n\t\t\t\t<div class=\"elementor-widget-container\">\n\t\t\t<h3 class=\"elementor-heading-title elementor-size-default\">Technische Daten<\/h3>\t\t<\/div>\n\t\t\t\t<\/div>\n\t\t\t\t<div class=\"elementor-element elementor-element-16ecc894 elementor-widget elementor-widget-text-editor\" data-id=\"16ecc894\" data-element_type=\"widget\" data-widget_type=\"text-editor.default\">\n\t\t\t\t<div class=\"elementor-widget-container\">\n\t\t\t\t\t<div class=\"elementor-text-editor elementor-clearfix\"><table style=\"width: 527.27pt;\" border=\"0\" width=\"703\" cellspacing=\"0\" cellpadding=\"0\"><colgroup><col style=\"width: 116.25pt;\" width=\"155\" \/> <col style=\"width: 411.00pt;\" width=\"548\" \/> <\/colgroup><tbody><tr style=\"height: 15.00pt;\"><td class=\"et2\" style=\"height: 15.00pt; width: 116.25pt;\" width=\"155\" height=\"20\">Nr. der F\u00fcllung Kopf\u00a0<\/td><td class=\"et2\" style=\"width: 411.00pt;\" width=\"548\">10 (Erh\u00e4ltlich mit 4, 6, 8, 12, 14, 16)<\/td><\/tr><tr style=\"height: 15.00pt;\"><td class=\"et2\" style=\"height: 15.00pt;\" height=\"20\">F\u00fcllung Gr\u00f6\u00dfe<\/td><td class=\"et2\">1000-5000ml<\/td><\/tr><tr style=\"height: 15.00pt;\"><td class=\"et2\" style=\"height: 15.00pt;\" height=\"20\">Leistung Kapazit\u00e4t\u00a0<\/td><td class=\"et2\">1800BPH auf der Basis von 100ml (abh\u00e4ngig von Fl\u00fcssigkeitszeichen und Beh\u00e4ltergr\u00f6\u00dfe)<\/td><\/tr><tr style=\"height: 15.00pt;\"><td class=\"et2\" style=\"height: 15.00pt;\" height=\"20\">F\u00fcllgenauigkeit\u00a0<\/td><td class=\"et2\">\u00b10,5%<\/td><\/tr><tr style=\"height: 15.00pt;\"><td class=\"et2\" style=\"height: 15.00pt;\" height=\"20\">Container-Durchmesser\u00a0<\/td><td class=\"et2\">\u00a090-160mm<\/td><\/tr><tr style=\"height: 15.00pt;\"><td class=\"et2\" style=\"height: 15.00pt;\" height=\"20\">Container H\u00f6he<\/td><td class=\"et2\">350mm(max)<\/td><\/tr><tr style=\"height: 15.00pt;\"><td class=\"et2\" style=\"height: 15.00pt;\" height=\"20\">Luftdruck\u00a0<\/td><td class=\"et2\">0,6-0,8 MPA<\/td><\/tr><tr style=\"height: 15.00pt;\"><td class=\"et2\" style=\"height: 15.00pt;\" height=\"20\">Stromverbrauch\u00a0<\/td><td class=\"et2\">1,5KW<\/td><\/tr><tr style=\"height: 15.00pt;\"><td class=\"et2\" style=\"height: 15.00pt;\" height=\"20\">Elektrische Versorgung\u00a0<\/td><td class=\"et2\">220\/110V 50\/60HZ 1PH<\/td><\/tr><tr style=\"height: 15.00pt;\"><td class=\"et2\" style=\"height: 15.00pt;\" height=\"20\">Maschine Gewicht\u00a0<\/td><td class=\"et2\">850kgs<\/td><\/tr><tr style=\"height: 15.00pt;\"><td class=\"et2\" style=\"height: 15.00pt;\" height=\"20\">Abmessungen der Maschine<\/td><td class=\"et2\">2000x1030x2300mm<\/td><\/tr><\/tbody><\/table><\/div>\n\t\t\t\t<\/div>\n\t\t\t\t<\/div>\n\t\t\t\t<div class=\"elementor-element elementor-element-21e0e01a elementor-widget elementor-widget-text-editor\" data-id=\"21e0e01a\" data-element_type=\"widget\" data-widget_type=\"text-editor.default\">\n\t\t\t\t<div class=\"elementor-widget-container\">\n\t\t\t\t\t<div class=\"elementor-text-editor elementor-clearfix\"><p>* Die technischen Daten k\u00f6nnen ohne vorherige Ank\u00fcndigung ge\u00e4ndert werden.<\/p><\/div>\n\t\t\t\t<\/div>\n\t\t\t\t<\/div>\n\t\t\t\t<div class=\"elementor-element elementor-element-0332042 elementor-widget elementor-widget-spacer\" data-id=\"0332042\" data-element_type=\"widget\" data-widget_type=\"spacer.default\">\n\t\t\t\t<div class=\"elementor-widget-container\">\n\t\t\t\t\t<div class=\"elementor-spacer\">\n\t\t\t<div class=\"elementor-spacer-inner\"><\/div>\n\t\t<\/div>\n\t\t\t\t<\/div>\n\t\t\t\t<\/div>\n\t\t\t\t<div class=\"elementor-element elementor-element-7675dfd9 elementor-widget elementor-widget-heading\" data-id=\"7675dfd9\" data-element_type=\"widget\" data-widget_type=\"heading.default\">\n\t\t\t\t<div class=\"elementor-widget-container\">\n\t\t\t<h3 class=\"elementor-heading-title elementor-size-default\">Wie w\u00e4hlt man einen Schwerkraft-Flaschenf\u00fcller f\u00fcr die Zeit<\/h3>\t\t<\/div>\n\t\t\t\t<\/div>\n\t\t\t\t<div class=\"elementor-element elementor-element-e41a33a elementor-widget elementor-widget-text-editor\" data-id=\"e41a33a\" data-element_type=\"widget\" data-widget_type=\"text-editor.default\">\n\t\t\t\t<div class=\"elementor-widget-container\">\n\t\t\t\t\t<div class=\"elementor-text-editor elementor-clearfix\"><p>Die Leistung h\u00e4ngt von der F\u00fcllmenge, der Viskosit\u00e4t der Fl\u00fcssigkeit und der Art des Beh\u00e4lters ab. Erh\u00e4ltlich mit 4, 6, 8, 12, 14, 16 F\u00fcllk\u00f6pfen. Wenn Sie sich bei der Auswahl nicht sicher sind, lassen Sie es uns bitte wissen und unser professionelles Team wird Sie bei der Auswahl der besten Abf\u00fcllmaschine f\u00fcr Ihre Anforderungen beraten. Bitte lassen Sie uns wissen, und unser professionelles Team wird Ihnen eine spezifische Beratung \u00fcber die beste Feilmaschine geben, um Ihre Anforderungen zu erf\u00fcllen.<\/p><\/div>\n\t\t\t\t<\/div>\n\t\t\t\t<\/div>\n\t\t\t\t<div class=\"elementor-element elementor-element-ddfd8ae elementor-widget elementor-widget-text-editor\" data-id=\"ddfd8ae\" data-element_type=\"widget\" data-widget_type=\"text-editor.default\">\n\t\t\t\t<div class=\"elementor-widget-container\">\n\t\t\t\t\t<div class=\"elementor-text-editor elementor-clearfix\"><p>- Welches Produkt ist abzuf\u00fcllen?<\/p><p>- Welche Produktionskapazit\u00e4t soll erreicht werden?<\/p><p>- Welches Material und welche Form der Beh\u00e4lter<\/p><p>- Welche Gr\u00f6\u00dfe ist zu f\u00fcllen?<\/p><\/div>\n\t\t\t\t<\/div>\n\t\t\t\t<\/div>\n\t\t\t\t\t\t<\/div>\n\t\t\t<\/div>\n\t\t<\/div>\n\t\t\t\t<div class=\"elementor-element elementor-element-43c19ebc elementor-column elementor-col-50 elementor-top-column\" data-id=\"43c19ebc\" data-element_type=\"column\">\n\t\t\t<div class=\"elementor-column-wrap  elementor-element-populated\">\n\t\t\t\t\t<div class=\"elementor-widget-wrap\">\n\t\t\t\t<div class=\"elementor-element elementor-element-301a7aed elementor-widget elementor-widget-spacer\" data-id=\"301a7aed\" data-element_type=\"widget\" data-widget_type=\"spacer.default\">\n\t\t\t\t<div class=\"elementor-widget-container\">\n\t\t\t\t\t<div class=\"elementor-spacer\">\n\t\t\t<div class=\"elementor-spacer-inner\"><\/div>\n\t\t<\/div>\n\t\t\t\t<\/div>\n\t\t\t\t<\/div>\n\t\t\t\t<div class=\"elementor-element elementor-element-5d287ada elementor-widget elementor-widget-image\" data-id=\"5d287ada\" data-element_type=\"widget\" data-widget_type=\"image.default\">\n\t\t\t\t<div class=\"elementor-widget-container\">\n\t\t\t\t\t<div class=\"elementor-image\">\n\t\t\t\t\t\t\t\t\t\t<img loading=\"lazy\" decoding=\"async\" width=\"291\" height=\"289\" src=\"https:\/\/focusonpack.com\/wp-content\/uploads\/2023\/07\/10head1.jpg\" class=\"elementor-animation-grow attachment-full size-full\" alt=\"\" srcset=\"https:\/\/focusonpack.com\/wp-content\/uploads\/2023\/07\/10head1.jpg 291w, https:\/\/focusonpack.com\/wp-content\/uploads\/2023\/07\/10head1-150x150.jpg 150w, https:\/\/focusonpack.com\/wp-content\/uploads\/2023\/07\/10head1-75x75.jpg 75w, https:\/\/focusonpack.com\/wp-content\/uploads\/2023\/07\/10head1-80x80.jpg 80w, https:\/\/focusonpack.com\/wp-content\/uploads\/2023\/07\/10head1-100x100.jpg 100w\" sizes=\"auto, (max-width: 291px) 100vw, 291px\" \/>\t\t\t\t\t\t\t\t\t\t\t<\/div>\n\t\t\t\t<\/div>\n\t\t\t\t<\/div>\n\t\t\t\t<div class=\"elementor-element elementor-element-479385a7 elementor-button-info elementor-align-center elementor-widget elementor-widget-button\" data-id=\"479385a7\" data-element_type=\"widget\" data-widget_type=\"button.default\">\n\t\t\t\t<div class=\"elementor-widget-container\">\n\t\t\t\t\t<div class=\"elementor-button-wrapper\">\n\t\t\t<a href=\"https:\/\/focusonpack.com\/de\/kontaktieren-sie-uns\/\" class=\"elementor-button-link elementor-button elementor-size-sm\" role=\"button\">\n\t\t\t\t\t\t<span class=\"elementor-button-content-wrapper\">\n\t\t\t\t\t\t<span class=\"elementor-button-text\">Angebot anfordern<\/span>\n\t\t<\/span>\n\t\t\t\t\t<\/a>\n\t\t<\/div>\n\t\t\t\t<\/div>\n\t\t\t\t<\/div>\n\t\t\t\t\t\t<\/div>\n\t\t\t<\/div>\n\t\t<\/div>\n\t\t\t\t\t\t<\/div>\n\t\t\t<\/div>\n\t\t<\/section>\n\t\t\t\t\t\t<\/div>\n\t\t\t<\/div>\n\t\t<\/div>","protected":false},"excerpt":{"rendered":"<p>10 Head Automated Inline Time &hellip;<\/p>","protected":false},"author":1,"featured_media":0,"parent":2496,"menu_order":0,"comment_status":"closed","ping_status":"closed","template":"elementor_header_footer","meta":{"footnotes":""},"class_list":["post-3306","page","type-page","status-publish","hentry","no-thumb"],"yoast_head":"<!-- This site is optimized with the Yoast SEO plugin v24.8.1 - https:\/\/yoast.com\/wordpress\/plugins\/seo\/ -->\n<title>10 Head Automated Inline Time Gravity Bottle Filler - Focus on pack<\/title>\n<meta name=\"robots\" content=\"index, follow, max-snippet:-1, max-image-preview:large, max-video-preview:-1\" \/>\n<link rel=\"canonical\" href=\"https:\/\/focusonpack.com\/de\/schwerkraft-abfullmaschine\/automatischer-10-kopf-inline-zeit-gravitationsflaschenfuller\/\" \/>\n<meta property=\"og:locale\" content=\"de_DE\" \/>\n<meta property=\"og:type\" content=\"article\" \/>\n<meta property=\"og:title\" content=\"10 Head Automated Inline Time Gravity Bottle Filler - Focus on pack\" \/>\n<meta property=\"og:description\" content=\"10 Head Automated Inline Time &hellip;\" \/>\n<meta property=\"og:url\" content=\"https:\/\/focusonpack.com\/de\/schwerkraft-abfullmaschine\/automatischer-10-kopf-inline-zeit-gravitationsflaschenfuller\/\" \/>\n<meta property=\"og:site_name\" content=\"Focus on pack\" \/>\n<meta property=\"article:modified_time\" content=\"2025-03-27T09:08:52+00:00\" \/>\n<meta property=\"og:image\" content=\"https:\/\/focusonpack.com\/wp-content\/uploads\/2023\/07\/10head1.jpg\" \/>\n<meta name=\"twitter:card\" content=\"summary_large_image\" \/>\n<meta name=\"twitter:label1\" content=\"Gesch\u00e4tzte Lesezeit\" \/>\n\t<meta name=\"twitter:data1\" content=\"3\u00a0Minuten\" \/>\n<script type=\"application\/ld+json\" class=\"yoast-schema-graph\">{\"@context\":\"https:\/\/schema.org\",\"@graph\":[{\"@type\":\"WebPage\",\"@id\":\"https:\/\/focusonpack.com\/gravity-filling-machine\/10-head-automated-inline-time-gravity-bottle-filler\/\",\"url\":\"https:\/\/focusonpack.com\/gravity-filling-machine\/10-head-automated-inline-time-gravity-bottle-filler\/\",\"name\":\"10 Head Automated Inline Time Gravity Bottle Filler - Focus on pack\",\"isPartOf\":{\"@id\":\"https:\/\/focusonpack.com\/#website\"},\"primaryImageOfPage\":{\"@id\":\"https:\/\/focusonpack.com\/gravity-filling-machine\/10-head-automated-inline-time-gravity-bottle-filler\/#primaryimage\"},\"image\":{\"@id\":\"https:\/\/focusonpack.com\/gravity-filling-machine\/10-head-automated-inline-time-gravity-bottle-filler\/#primaryimage\"},\"thumbnailUrl\":\"https:\/\/focusonpack.com\/wp-content\/uploads\/2023\/07\/10head1.jpg\",\"datePublished\":\"2020-05-15T08:54:31+00:00\",\"dateModified\":\"2025-03-27T09:08:52+00:00\",\"breadcrumb\":{\"@id\":\"https:\/\/focusonpack.com\/gravity-filling-machine\/10-head-automated-inline-time-gravity-bottle-filler\/#breadcrumb\"},\"inLanguage\":\"de\",\"potentialAction\":[{\"@type\":\"ReadAction\",\"target\":[\"https:\/\/focusonpack.com\/gravity-filling-machine\/10-head-automated-inline-time-gravity-bottle-filler\/\"]}]},{\"@type\":\"ImageObject\",\"inLanguage\":\"de\",\"@id\":\"https:\/\/focusonpack.com\/gravity-filling-machine\/10-head-automated-inline-time-gravity-bottle-filler\/#primaryimage\",\"url\":\"https:\/\/focusonpack.com\/wp-content\/uploads\/2023\/07\/10head1.jpg\",\"contentUrl\":\"https:\/\/focusonpack.com\/wp-content\/uploads\/2023\/07\/10head1.jpg\"},{\"@type\":\"BreadcrumbList\",\"@id\":\"https:\/\/focusonpack.com\/gravity-filling-machine\/10-head-automated-inline-time-gravity-bottle-filler\/#breadcrumb\",\"itemListElement\":[{\"@type\":\"ListItem\",\"position\":1,\"name\":\"\u9996\u9875\",\"item\":\"https:\/\/focusonpack.com\/\"},{\"@type\":\"ListItem\",\"position\":2,\"name\":\"Gravity Filling Machine\",\"item\":\"https:\/\/focusonpack.com\/gravity-filling-machine\/\"},{\"@type\":\"ListItem\",\"position\":3,\"name\":\"10 Head Automated Inline Time Gravity Bottle Filler\"}]},{\"@type\":\"WebSite\",\"@id\":\"https:\/\/focusonpack.com\/#website\",\"url\":\"https:\/\/focusonpack.com\/\",\"name\":\"Focus on pack\",\"description\":\"\",\"potentialAction\":[{\"@type\":\"SearchAction\",\"target\":{\"@type\":\"EntryPoint\",\"urlTemplate\":\"https:\/\/focusonpack.com\/?s={search_term_string}\"},\"query-input\":{\"@type\":\"PropertyValueSpecification\",\"valueRequired\":true,\"valueName\":\"search_term_string\"}}],\"inLanguage\":\"de\"}]}<\/script>\n<!-- \/ Yoast SEO plugin. -->","yoast_head_json":{"title":"10 Head Automated Inline Time Gravity Bottle Filler - Focus on pack","robots":{"index":"index","follow":"follow","max-snippet":"max-snippet:-1","max-image-preview":"max-image-preview:large","max-video-preview":"max-video-preview:-1"},"canonical":"https:\/\/focusonpack.com\/de\/schwerkraft-abfullmaschine\/automatischer-10-kopf-inline-zeit-gravitationsflaschenfuller\/","og_locale":"de_DE","og_type":"article","og_title":"10 Head Automated Inline Time Gravity Bottle Filler - Focus on pack","og_description":"10 Head Automated Inline Time &hellip;","og_url":"https:\/\/focusonpack.com\/de\/schwerkraft-abfullmaschine\/automatischer-10-kopf-inline-zeit-gravitationsflaschenfuller\/","og_site_name":"Focus on pack","article_modified_time":"2025-03-27T09:08:52+00:00","og_image":[{"url":"https:\/\/focusonpack.com\/wp-content\/uploads\/2023\/07\/10head1.jpg","type":"","width":"","height":""}],"twitter_card":"summary_large_image","twitter_misc":{"Gesch\u00e4tzte Lesezeit":"3\u00a0Minuten"},"schema":{"@context":"https:\/\/schema.org","@graph":[{"@type":"WebPage","@id":"https:\/\/focusonpack.com\/gravity-filling-machine\/10-head-automated-inline-time-gravity-bottle-filler\/","url":"https:\/\/focusonpack.com\/gravity-filling-machine\/10-head-automated-inline-time-gravity-bottle-filler\/","name":"10 Head Automated Inline Time Gravity Bottle Filler - Focus on pack","isPartOf":{"@id":"https:\/\/focusonpack.com\/#website"},"primaryImageOfPage":{"@id":"https:\/\/focusonpack.com\/gravity-filling-machine\/10-head-automated-inline-time-gravity-bottle-filler\/#primaryimage"},"image":{"@id":"https:\/\/focusonpack.com\/gravity-filling-machine\/10-head-automated-inline-time-gravity-bottle-filler\/#primaryimage"},"thumbnailUrl":"https:\/\/focusonpack.com\/wp-content\/uploads\/2023\/07\/10head1.jpg","datePublished":"2020-05-15T08:54:31+00:00","dateModified":"2025-03-27T09:08:52+00:00","breadcrumb":{"@id":"https:\/\/focusonpack.com\/gravity-filling-machine\/10-head-automated-inline-time-gravity-bottle-filler\/#breadcrumb"},"inLanguage":"de","potentialAction":[{"@type":"ReadAction","target":["https:\/\/focusonpack.com\/gravity-filling-machine\/10-head-automated-inline-time-gravity-bottle-filler\/"]}]},{"@type":"ImageObject","inLanguage":"de","@id":"https:\/\/focusonpack.com\/gravity-filling-machine\/10-head-automated-inline-time-gravity-bottle-filler\/#primaryimage","url":"https:\/\/focusonpack.com\/wp-content\/uploads\/2023\/07\/10head1.jpg","contentUrl":"https:\/\/focusonpack.com\/wp-content\/uploads\/2023\/07\/10head1.jpg"},{"@type":"BreadcrumbList","@id":"https:\/\/focusonpack.com\/gravity-filling-machine\/10-head-automated-inline-time-gravity-bottle-filler\/#breadcrumb","itemListElement":[{"@type":"ListItem","position":1,"name":"\u9996\u9875","item":"https:\/\/focusonpack.com\/"},{"@type":"ListItem","position":2,"name":"Gravity Filling Machine","item":"https:\/\/focusonpack.com\/gravity-filling-machine\/"},{"@type":"ListItem","position":3,"name":"10 Head Automated Inline Time Gravity Bottle Filler"}]},{"@type":"WebSite","@id":"https:\/\/focusonpack.com\/#website","url":"https:\/\/focusonpack.com\/","name":"Focus on pack","description":"","potentialAction":[{"@type":"SearchAction","target":{"@type":"EntryPoint","urlTemplate":"https:\/\/focusonpack.com\/?s={search_term_string}"},"query-input":{"@type":"PropertyValueSpecification","valueRequired":true,"valueName":"search_term_string"}}],"inLanguage":"de"}]}},"_links":{"self":[{"href":"https:\/\/focusonpack.com\/de\/wp-json\/wp\/v2\/pages\/3306","targetHints":{"allow":["GET"]}}],"collection":[{"href":"https:\/\/focusonpack.com\/de\/wp-json\/wp\/v2\/pages"}],"about":[{"href":"https:\/\/focusonpack.com\/de\/wp-json\/wp\/v2\/types\/page"}],"author":[{"embeddable":true,"href":"https:\/\/focusonpack.com\/de\/wp-json\/wp\/v2\/users\/1"}],"replies":[{"embeddable":true,"href":"https:\/\/focusonpack.com\/de\/wp-json\/wp\/v2\/comments?post=3306"}],"version-history":[{"count":17,"href":"https:\/\/focusonpack.com\/de\/wp-json\/wp\/v2\/pages\/3306\/revisions"}],"predecessor-version":[{"id":4614,"href":"https:\/\/focusonpack.com\/de\/wp-json\/wp\/v2\/pages\/3306\/revisions\/4614"}],"up":[{"embeddable":true,"href":"https:\/\/focusonpack.com\/de\/wp-json\/wp\/v2\/pages\/2496"}],"wp:attachment":[{"href":"https:\/\/focusonpack.com\/de\/wp-json\/wp\/v2\/media?parent=3306"}],"curies":[{"name":"wp","href":"https:\/\/api.w.org\/{rel}","templated":true}]}}