{"id":3313,"date":"2020-05-15T16:54:19","date_gmt":"2020-05-15T08:54:19","guid":{"rendered":"https:\/\/focusonpack.com\/?page_id=3313"},"modified":"2025-03-29T15:30:37","modified_gmt":"2025-03-29T07:30:37","slug":"16-head-automatic-volumetric-bottle-liquid-filling-machine","status":"publish","type":"page","link":"https:\/\/focusonpack.com\/de\/schwerkraft-abfullmaschine\/automatische-16-kopf-flaschenabfullmaschine-fur-flussigkeiten\/","title":{"rendered":"16 Kopf automatische volumetrische Flasche Fl\u00fcssigkeit Abf\u00fcllmaschine"},"content":{"rendered":"<div data-elementor-type=\"wp-page\" data-elementor-id=\"3313\" class=\"elementor elementor-3313\" data-elementor-settings=\"[]\">\n\t\t\t<div class=\"elementor-inner\">\n\t\t\t\t<div class=\"elementor-section-wrap\">\n\t\t\t\t\t\t\t<section class=\"elementor-element elementor-element-4fe01d66 elementor-section-boxed elementor-section-height-default elementor-section-height-default elementor-section elementor-top-section\" data-id=\"4fe01d66\" data-element_type=\"section\">\n\t\t\t\t\t\t<div class=\"elementor-container elementor-column-gap-default\">\n\t\t\t\t<div class=\"elementor-row\">\n\t\t\t\t<div class=\"elementor-element elementor-element-355a4a72 elementor-column elementor-col-50 elementor-top-column\" data-id=\"355a4a72\" data-element_type=\"column\">\n\t\t\t<div class=\"elementor-column-wrap  elementor-element-populated\">\n\t\t\t\t\t<div class=\"elementor-widget-wrap\">\n\t\t\t\t<div class=\"elementor-element elementor-element-131aa9d3 elementor-widget elementor-widget-heading\" data-id=\"131aa9d3\" data-element_type=\"widget\" data-widget_type=\"heading.default\">\n\t\t\t\t<div class=\"elementor-widget-container\">\n\t\t\t<h3 class=\"elementor-heading-title elementor-size-default\">16 Kopf automatische volumetrische Flasche Fl\u00fcssigkeit Abf\u00fcllmaschine<\/h3>\t\t<\/div>\n\t\t\t\t<\/div>\n\t\t\t\t<div class=\"elementor-element elementor-element-3d0ba516 elementor-widget elementor-widget-text-editor\" data-id=\"3d0ba516\" data-element_type=\"widget\" data-widget_type=\"text-editor.default\">\n\t\t\t\t<div class=\"elementor-widget-container\">\n\t\t\t\t\t<div class=\"elementor-text-editor elementor-clearfix\"><p>Die automatische volumetrische Fl\u00fcssigkeitsabf\u00fcllmaschine wurde entwickelt, um alle Arten von frei flie\u00dfenden Fl\u00fcssigkeiten abzuf\u00fcllen, die in der Getr\u00e4nke-, Lebensmittel-, Kosmetik-, Reinigungs-, Pharma- und K\u00f6rperpflegeindustrie weit verbreitet sind. Wasser, Essig, Sojasauce, Reinigungsmittel, Mundwasser, Nagellackentferner, L\u00f6sungsmittel, Tinte, Alkohol, Bleichmittel usw. sind gute Beispiele. sind gute Beispiele.<\/p><\/div>\n\t\t\t\t<\/div>\n\t\t\t\t<\/div>\n\t\t\t\t<div class=\"elementor-element elementor-element-7aee9d82 elementor-widget elementor-widget-text-editor\" data-id=\"7aee9d82\" data-element_type=\"widget\" data-widget_type=\"text-editor.default\">\n\t\t\t\t<div class=\"elementor-widget-container\">\n\t\t\t\t\t<div class=\"elementor-text-editor elementor-clearfix\"><p>Die automatische Abf\u00fcllmaschine f\u00fcr Fl\u00fcssigkeitsflaschen ist mit einem hochbelastbaren Edelstahl 304-Rohrrahmen hergestellt. Sie kommt standardm\u00e4\u00dfig mit SPS-Steuerung und Touchscreen HMI, Edelstahl 304-Haltetank und pneumatisch gesteuerten Ventilen, Flaschenhalsgreifer, Tauchkopf, automatische Produktnivellierung Maschine. Standardm\u00e4\u00dfig mit SPS-Steuerung und Touchscreen-HMI, Edelstahl 304 F\u00e4kalientank und pneumatisch gesteuerten Ventilen, Flaschenhalsgreifer, Tauchkopf, automatischem Schwimmsystem zur Produktniveauregulierung, Edelstahl-F\u00f6rderband mit variabler Geschwindigkeit, automatischer Ein- und Ausschleusung von F\u00fcllmaschinen. Es kommt mit Standard mit SPS-Steuerung und Touchscreen HMI Edelstahl 304 F\u00c3?lltank und pneumatisch gesteuerte Ventile, Flaschenhals Greifer, Tauchkopf, automatische Produktniveau Schwimmer-System, variable Geschwindigkeit Edelstahl-F\u00c3\u00b6rderer, automatische In-Gate-und Out-Gate-Indexierung System, ausgestattet mit CIP automatische Reinigung Er kann f\u00fcr hygienische, gef\u00e4hrliche, entflammbare und korrosive Umgebungen gebaut werden.<\/p><\/div>\n\t\t\t\t<\/div>\n\t\t\t\t<\/div>\n\t\t\t\t<div class=\"elementor-element elementor-element-f90ae44 elementor-widget elementor-widget-text-editor\" data-id=\"f90ae44\" data-element_type=\"widget\" data-widget_type=\"text-editor.default\">\n\t\t\t\t<div class=\"elementor-widget-container\">\n\t\t\t\t\t<div class=\"elementor-text-editor elementor-clearfix\"><p>Die gereinigten leeren Flaschen werden \u00fcber einen SS-Lamellenf\u00f6rderer zur volumetrischen Abf\u00fcllmaschine bef\u00f6rdert. Der Einlasszylinder \u00f6ffnet sich, der Auslasszylinder schlie\u00dft sich. Der Einlaufsensor erkennt die Anzahl der Flaschen. Nachdem die eingestellte Menge an Flaschen unter dem F\u00fcllstutzen positioniert ist, halten Flaschenhalsgreifer die Flaschen in Position. Nach Beendigung des Abf\u00fcllvorgangs zieht sich der Auslaufzylinder aus seiner Position zur\u00fcck und gibt die Flasche frei. Nach Beendigung des Abf\u00fcllvorgangs zieht sich der Auslaufzylinder aus seiner Position zur\u00fcck und erm\u00f6glicht es den gef\u00fcllten Flaschen, weiter auf das F\u00f6rderband zu gelangen, wo sie versiegelt werden.<\/p><\/div>\n\t\t\t\t<\/div>\n\t\t\t\t<\/div>\n\t\t\t\t<div class=\"elementor-element elementor-element-ed3cae7 elementor-widget elementor-widget-heading\" data-id=\"ed3cae7\" data-element_type=\"widget\" data-widget_type=\"heading.default\">\n\t\t\t\t<div class=\"elementor-widget-container\">\n\t\t\t<h3 class=\"elementor-heading-title elementor-size-default\">Wesentliche Merkmale<\/h3>\t\t<\/div>\n\t\t\t\t<\/div>\n\t\t\t\t<div class=\"elementor-element elementor-element-194a77e8 elementor-widget elementor-widget-text-editor\" data-id=\"194a77e8\" data-element_type=\"widget\" data-widget_type=\"text-editor.default\">\n\t\t\t\t<div class=\"elementor-widget-container\">\n\t\t\t\t\t<div class=\"elementor-text-editor elementor-clearfix\"><p>- Robuste Konstruktion aus rostfreiem Stahl<\/p>\n<p>- Edelstahl Reservoir<\/p>\n<p>- CIP-Reinigungssystem<\/p>\n<p>- Automatisches Schwimmsystem zur Erfassung des Produktniveaus<\/p>\n<p>- Schutzeinrichtungen<\/p>\n<p>- Leicht einstellbare D\u00fcsenh\u00f6heneinstellungen f\u00fcr unterschiedlich hohe Beh\u00e4lter<\/p>\n<p>- Pneumatische Schalttore (Z\u00e4hlung ein, Z\u00e4hlung aus)<\/p>\n<p>- Kann bei gro\u00dfen Beh\u00e4ltern mehrere Dosen pro Beh\u00e4lter ausgeben<\/p>\n<p>- Benutzerfreundliche PLC-Steuerung mit Touchscreen-HMI<\/p>\n<p>- Leicht zu reinigende Schnellverschl\u00fcsse aus Edelstahl<\/p>\n<p>- Halsgreifer f\u00fcr Beh\u00e4lter mit kleiner \u00d6ffnung<\/p>\n<p>- Keine Flasche\/keine F\u00fcllung<\/p><\/div>\n\t\t\t\t<\/div>\n\t\t\t\t<\/div>\n\t\t\t\t<div class=\"elementor-element elementor-element-483e6f2 elementor-widget elementor-widget-heading\" data-id=\"483e6f2\" data-element_type=\"widget\" data-widget_type=\"heading.default\">\n\t\t\t\t<div class=\"elementor-widget-container\">\n\t\t\t<h3 class=\"elementor-heading-title elementor-size-default\">Verf\u00fcgbare Optionen<\/h3>\t\t<\/div>\n\t\t\t\t<\/div>\n\t\t\t\t<div class=\"elementor-element elementor-element-6ad6f778 elementor-widget elementor-widget-text-editor\" data-id=\"6ad6f778\" data-element_type=\"widget\" data-widget_type=\"text-editor.default\">\n\t\t\t\t<div class=\"elementor-widget-container\">\n\t\t\t\t\t<div class=\"elementor-text-editor elementor-clearfix\"><p>- Verschiedene Indexierungssysteme - Stift oder Schieber, Steuerschraube, Sternrad und Schiffchen<\/p>\n<p>- Tauchkopfd\u00fcsen f\u00fcr die Bef\u00fcllung von unten nach oben zur Schaumreduzierung<\/p>\n<p>- Auffangwanne<\/p><\/div>\n\t\t\t\t<\/div>\n\t\t\t\t<\/div>\n\t\t\t\t<div class=\"elementor-element elementor-element-1e7a4ca1 elementor-widget elementor-widget-heading\" data-id=\"1e7a4ca1\" data-element_type=\"widget\" data-widget_type=\"heading.default\">\n\t\t\t\t<div class=\"elementor-widget-container\">\n\t\t\t<h3 class=\"elementor-heading-title elementor-size-default\">Technische Daten<\/h3>\t\t<\/div>\n\t\t\t\t<\/div>\n\t\t\t\t<div class=\"elementor-element elementor-element-2776cfe4 elementor-widget elementor-widget-text-editor\" data-id=\"2776cfe4\" data-element_type=\"widget\" data-widget_type=\"text-editor.default\">\n\t\t\t\t<div class=\"elementor-widget-container\">\n\t\t\t\t\t<div class=\"elementor-text-editor elementor-clearfix\"><table style=\"width: 760px;\" border=\"0\" width=\"760\" cellspacing=\"0\" cellpadding=\"0\"><colgroup><col style=\"width: 116.25pt;\" width=\"155\" \/> <col style=\"width: 411.00pt;\" width=\"548\" \/> <\/colgroup>\n<tbody>\n<tr style=\"height: 15.00pt;\">\n<td class=\"et2\" style=\"height: 15.00pt; width: 116.25pt;\" width=\"155\" height=\"20\">Nr. der F\u00fcllung Kopf\u00a0<\/td>\n<td class=\"et2\" style=\"width: 411.00pt;\" width=\"548\">16 (Erh\u00e4ltlich mit 4, 6, 8, 12, 14, 16)<\/td>\n<\/tr>\n<tr style=\"height: 15.00pt;\">\n<td class=\"et2\" style=\"height: 15.00pt;\" height=\"20\">F\u00fcllung Gr\u00f6\u00dfe<\/td>\n<td class=\"et2\">100-2000ml<\/td>\n<\/tr>\n<tr style=\"height: 15.00pt;\">\n<td class=\"et2\" style=\"height: 15.00pt;\" height=\"20\">Leistung Kapazit\u00e4t\u00a0<\/td>\n<td class=\"et2\">4500BPH basierend auf 500ml (abh\u00e4ngig von Fl\u00fcssigkeitszeichen und Beh\u00e4ltergr\u00f6\u00dfe)<\/td>\n<\/tr>\n<tr style=\"height: 15.00pt;\">\n<td class=\"et2\" style=\"height: 15.00pt;\" height=\"20\">F\u00fcllgenauigkeit\u00a0<\/td>\n<td class=\"et2\">\u00b11%<\/td>\n<\/tr>\n<tr style=\"height: 15.00pt;\">\n<td class=\"et2\" style=\"height: 15.00pt;\" height=\"20\">Container-Durchmesser\u00a0<\/td>\n<td class=\"et2\">35-110mm<\/td>\n<\/tr>\n<tr style=\"height: 15.00pt;\">\n<td class=\"et2\" style=\"height: 15.00pt;\" height=\"20\">Container H\u00f6he<\/td>\n<td class=\"et2\">150-300mm(max)<\/td>\n<\/tr>\n<tr style=\"height: 15.00pt;\">\n<td class=\"et2\" style=\"height: 15.00pt;\" height=\"20\">Luftdruck\u00a0<\/td>\n<td class=\"et2\">0,6-0,8 MPA<\/td>\n<\/tr>\n<tr style=\"height: 15.00pt;\">\n<td class=\"et2\" style=\"height: 15.00pt;\" height=\"20\">Stromverbrauch\u00a0<\/td>\n<td class=\"et2\">1,5KW<\/td>\n<\/tr>\n<tr style=\"height: 15.00pt;\">\n<td class=\"et2\" style=\"height: 15.00pt;\" height=\"20\">Elektrische Versorgung\u00a0<\/td>\n<td class=\"et2\">220\/110V 50\/60HZ 1PH<\/td>\n<\/tr>\n<tr style=\"height: 15.00pt;\">\n<td class=\"et2\" style=\"height: 15.00pt;\" height=\"20\">Maschine Gewicht\u00a0<\/td>\n<td class=\"et2\">850kgs<\/td>\n<\/tr>\n<tr style=\"height: 15.00pt;\">\n<td class=\"et2\" style=\"height: 15.00pt;\" height=\"20\">Abmessungen der Maschine<\/td>\n<td class=\"et2\">2000x1030x2300mm<\/td>\n<\/tr>\n<\/tbody>\n<\/table><\/div>\n\t\t\t\t<\/div>\n\t\t\t\t<\/div>\n\t\t\t\t<div class=\"elementor-element elementor-element-311b3208 elementor-widget elementor-widget-text-editor\" data-id=\"311b3208\" data-element_type=\"widget\" data-widget_type=\"text-editor.default\">\n\t\t\t\t<div class=\"elementor-widget-container\">\n\t\t\t\t\t<div class=\"elementor-text-editor elementor-clearfix\"><p>* Die technischen Daten k\u00f6nnen ohne vorherige Ank\u00fcndigung ge\u00e4ndert werden.<\/p><\/div>\n\t\t\t\t<\/div>\n\t\t\t\t<\/div>\n\t\t\t\t<div class=\"elementor-element elementor-element-25cd0b4 elementor-widget elementor-widget-heading\" data-id=\"25cd0b4\" data-element_type=\"widget\" data-widget_type=\"heading.default\">\n\t\t\t\t<div class=\"elementor-widget-container\">\n\t\t\t<h3 class=\"elementor-heading-title elementor-size-default\">Wie w\u00e4hlt man eine automatische volumetrische Fl\u00fcssigkeitsabf\u00fcllmaschine aus?<\/h3>\t\t<\/div>\n\t\t\t\t<\/div>\n\t\t\t\t<div class=\"elementor-element elementor-element-660dd4d elementor-widget elementor-widget-text-editor\" data-id=\"660dd4d\" data-element_type=\"widget\" data-widget_type=\"text-editor.default\">\n\t\t\t\t<div class=\"elementor-widget-container\">\n\t\t\t\t\t<div class=\"elementor-text-editor elementor-clearfix\"><p>Die Leistung h\u00e4ngt von der F\u00fcllmenge, der Viskosit\u00e4t der Fl\u00fcssigkeit und der Art des Beh\u00e4lters ab. Erh\u00e4ltlich mit 4, 6, 8, 10, 12, 14 F\u00fcllk\u00f6pfen. Wenn Sie sich bei der Auswahl nicht sicher sind, lassen Sie es uns bitte wissen und unser professionelles Team wird Sie bei der Auswahl der besten Abf\u00fcllmaschine f\u00fcr Ihre Anforderungen beraten. Bitte lassen Sie uns wissen, und unser professionelles Team wird Ihnen eine spezifische Beratung \u00fcber die beste Feilmaschine geben, um Ihre Anforderungen zu erf\u00fcllen.<\/p><\/div>\n\t\t\t\t<\/div>\n\t\t\t\t<\/div>\n\t\t\t\t<div class=\"elementor-element elementor-element-fbd82a2 elementor-widget elementor-widget-text-editor\" data-id=\"fbd82a2\" data-element_type=\"widget\" data-widget_type=\"text-editor.default\">\n\t\t\t\t<div class=\"elementor-widget-container\">\n\t\t\t\t\t<div class=\"elementor-text-editor elementor-clearfix\"><p>- Welches Produkt ist abzuf\u00fcllen?<\/p>\n<p>- Welche Produktionskapazit\u00e4t soll erreicht werden?<\/p>\n<p>- Welches Material und welche Form der Beh\u00e4lter<\/p>\n<p>- Welche Gr\u00f6\u00dfe ist zu f\u00fcllen?<\/p><\/div>\n\t\t\t\t<\/div>\n\t\t\t\t<\/div>\n\t\t\t\t\t\t<\/div>\n\t\t\t<\/div>\n\t\t<\/div>\n\t\t\t\t<div class=\"elementor-element elementor-element-4fea5b8b elementor-column elementor-col-50 elementor-top-column\" data-id=\"4fea5b8b\" data-element_type=\"column\">\n\t\t\t<div class=\"elementor-column-wrap  elementor-element-populated\">\n\t\t\t\t\t<div class=\"elementor-widget-wrap\">\n\t\t\t\t<div class=\"elementor-element elementor-element-3bf355bb elementor-widget elementor-widget-spacer\" data-id=\"3bf355bb\" data-element_type=\"widget\" data-widget_type=\"spacer.default\">\n\t\t\t\t<div class=\"elementor-widget-container\">\n\t\t\t\t\t<div class=\"elementor-spacer\">\n\t\t\t<div class=\"elementor-spacer-inner\"><\/div>\n\t\t<\/div>\n\t\t\t\t<\/div>\n\t\t\t\t<\/div>\n\t\t\t\t<div class=\"elementor-element elementor-element-797b99f5 elementor-widget elementor-widget-image\" data-id=\"797b99f5\" data-element_type=\"widget\" data-widget_type=\"image.default\">\n\t\t\t\t<div class=\"elementor-widget-container\">\n\t\t\t\t\t<div class=\"elementor-image\">\n\t\t\t\t\t\t\t\t\t\t<img loading=\"lazy\" decoding=\"async\" width=\"288\" height=\"347\" src=\"https:\/\/focusonpack.com\/wp-content\/uploads\/2023\/07\/16head-a1.jpg\" class=\"elementor-animation-grow attachment-full size-full\" alt=\"\" srcset=\"https:\/\/focusonpack.com\/wp-content\/uploads\/2023\/07\/16head-a1.jpg 288w, https:\/\/focusonpack.com\/wp-content\/uploads\/2023\/07\/16head-a1-249x300.jpg 249w\" sizes=\"auto, (max-width: 288px) 100vw, 288px\" \/>\t\t\t\t\t\t\t\t\t\t\t<\/div>\n\t\t\t\t<\/div>\n\t\t\t\t<\/div>\n\t\t\t\t<div class=\"elementor-element elementor-element-1edbea75 elementor-button-info elementor-align-center elementor-widget elementor-widget-button\" data-id=\"1edbea75\" data-element_type=\"widget\" data-widget_type=\"button.default\">\n\t\t\t\t<div class=\"elementor-widget-container\">\n\t\t\t\t\t<div class=\"elementor-button-wrapper\">\n\t\t\t<a href=\"https:\/\/focusonpack.com\/de\/kontaktieren-sie-uns\/\" class=\"elementor-button-link elementor-button elementor-size-sm\" role=\"button\">\n\t\t\t\t\t\t<span class=\"elementor-button-content-wrapper\">\n\t\t\t\t\t\t<span class=\"elementor-button-text\">Angebot anfordern<\/span>\n\t\t<\/span>\n\t\t\t\t\t<\/a>\n\t\t<\/div>\n\t\t\t\t<\/div>\n\t\t\t\t<\/div>\n\t\t\t\t\t\t<\/div>\n\t\t\t<\/div>\n\t\t<\/div>\n\t\t\t\t\t\t<\/div>\n\t\t\t<\/div>\n\t\t<\/section>\n\t\t\t\t\t\t<\/div>\n\t\t\t<\/div>\n\t\t<\/div>","protected":false},"excerpt":{"rendered":"<p>16 Head Automatic Volumetric B&hellip;<\/p>","protected":false},"author":1,"featured_media":0,"parent":2496,"menu_order":0,"comment_status":"closed","ping_status":"closed","template":"elementor_header_footer","meta":{"footnotes":""},"class_list":["post-3313","page","type-page","status-publish","hentry","no-thumb"],"yoast_head":"<!-- This site is optimized with the Yoast SEO plugin v24.8.1 - https:\/\/yoast.com\/wordpress\/plugins\/seo\/ -->\n<title>16 Head Automatic Volumetric Bottle Liquid Filling Machine - Focus on pack<\/title>\n<meta name=\"robots\" content=\"index, follow, max-snippet:-1, max-image-preview:large, max-video-preview:-1\" \/>\n<link rel=\"canonical\" href=\"https:\/\/focusonpack.com\/de\/schwerkraft-abfullmaschine\/automatische-16-kopf-flaschenabfullmaschine-fur-flussigkeiten\/\" \/>\n<meta property=\"og:locale\" content=\"de_DE\" \/>\n<meta property=\"og:type\" content=\"article\" \/>\n<meta property=\"og:title\" content=\"16 Head Automatic Volumetric Bottle Liquid Filling Machine - Focus on pack\" \/>\n<meta property=\"og:description\" content=\"16 Head Automatic Volumetric B&hellip;\" \/>\n<meta property=\"og:url\" content=\"https:\/\/focusonpack.com\/de\/schwerkraft-abfullmaschine\/automatische-16-kopf-flaschenabfullmaschine-fur-flussigkeiten\/\" \/>\n<meta property=\"og:site_name\" content=\"Focus on pack\" \/>\n<meta property=\"article:modified_time\" content=\"2025-03-29T07:30:37+00:00\" \/>\n<meta property=\"og:image\" content=\"https:\/\/focusonpack.com\/wp-content\/uploads\/2023\/07\/16head-a1.jpg\" \/>\n<meta name=\"twitter:card\" content=\"summary_large_image\" \/>\n<meta name=\"twitter:label1\" content=\"Gesch\u00e4tzte Lesezeit\" \/>\n\t<meta name=\"twitter:data1\" content=\"3\u00a0Minuten\" \/>\n<script type=\"application\/ld+json\" class=\"yoast-schema-graph\">{\"@context\":\"https:\/\/schema.org\",\"@graph\":[{\"@type\":\"WebPage\",\"@id\":\"https:\/\/focusonpack.com\/gravity-filling-machine\/16-head-automatic-volumetric-bottle-liquid-filling-machine\/\",\"url\":\"https:\/\/focusonpack.com\/gravity-filling-machine\/16-head-automatic-volumetric-bottle-liquid-filling-machine\/\",\"name\":\"16 Head Automatic Volumetric Bottle Liquid Filling Machine - Focus on pack\",\"isPartOf\":{\"@id\":\"https:\/\/focusonpack.com\/#website\"},\"primaryImageOfPage\":{\"@id\":\"https:\/\/focusonpack.com\/gravity-filling-machine\/16-head-automatic-volumetric-bottle-liquid-filling-machine\/#primaryimage\"},\"image\":{\"@id\":\"https:\/\/focusonpack.com\/gravity-filling-machine\/16-head-automatic-volumetric-bottle-liquid-filling-machine\/#primaryimage\"},\"thumbnailUrl\":\"https:\/\/focusonpack.com\/wp-content\/uploads\/2023\/07\/16head-a1.jpg\",\"datePublished\":\"2020-05-15T08:54:19+00:00\",\"dateModified\":\"2025-03-29T07:30:37+00:00\",\"breadcrumb\":{\"@id\":\"https:\/\/focusonpack.com\/gravity-filling-machine\/16-head-automatic-volumetric-bottle-liquid-filling-machine\/#breadcrumb\"},\"inLanguage\":\"de\",\"potentialAction\":[{\"@type\":\"ReadAction\",\"target\":[\"https:\/\/focusonpack.com\/gravity-filling-machine\/16-head-automatic-volumetric-bottle-liquid-filling-machine\/\"]}]},{\"@type\":\"ImageObject\",\"inLanguage\":\"de\",\"@id\":\"https:\/\/focusonpack.com\/gravity-filling-machine\/16-head-automatic-volumetric-bottle-liquid-filling-machine\/#primaryimage\",\"url\":\"https:\/\/focusonpack.com\/wp-content\/uploads\/2023\/07\/16head-a1.jpg\",\"contentUrl\":\"https:\/\/focusonpack.com\/wp-content\/uploads\/2023\/07\/16head-a1.jpg\"},{\"@type\":\"BreadcrumbList\",\"@id\":\"https:\/\/focusonpack.com\/gravity-filling-machine\/16-head-automatic-volumetric-bottle-liquid-filling-machine\/#breadcrumb\",\"itemListElement\":[{\"@type\":\"ListItem\",\"position\":1,\"name\":\"\u9996\u9875\",\"item\":\"https:\/\/focusonpack.com\/\"},{\"@type\":\"ListItem\",\"position\":2,\"name\":\"Gravity Filling Machine\",\"item\":\"https:\/\/focusonpack.com\/gravity-filling-machine\/\"},{\"@type\":\"ListItem\",\"position\":3,\"name\":\"16 Head Automatic Volumetric Bottle Liquid Filling Machine\"}]},{\"@type\":\"WebSite\",\"@id\":\"https:\/\/focusonpack.com\/#website\",\"url\":\"https:\/\/focusonpack.com\/\",\"name\":\"Focus on pack\",\"description\":\"\",\"potentialAction\":[{\"@type\":\"SearchAction\",\"target\":{\"@type\":\"EntryPoint\",\"urlTemplate\":\"https:\/\/focusonpack.com\/?s={search_term_string}\"},\"query-input\":{\"@type\":\"PropertyValueSpecification\",\"valueRequired\":true,\"valueName\":\"search_term_string\"}}],\"inLanguage\":\"de\"}]}<\/script>\n<!-- \/ Yoast SEO plugin. -->","yoast_head_json":{"title":"16 Head Automatic Volumetric Bottle Liquid Filling Machine - Focus on pack","robots":{"index":"index","follow":"follow","max-snippet":"max-snippet:-1","max-image-preview":"max-image-preview:large","max-video-preview":"max-video-preview:-1"},"canonical":"https:\/\/focusonpack.com\/de\/schwerkraft-abfullmaschine\/automatische-16-kopf-flaschenabfullmaschine-fur-flussigkeiten\/","og_locale":"de_DE","og_type":"article","og_title":"16 Head Automatic Volumetric Bottle Liquid Filling Machine - Focus on pack","og_description":"16 Head Automatic Volumetric B&hellip;","og_url":"https:\/\/focusonpack.com\/de\/schwerkraft-abfullmaschine\/automatische-16-kopf-flaschenabfullmaschine-fur-flussigkeiten\/","og_site_name":"Focus on pack","article_modified_time":"2025-03-29T07:30:37+00:00","og_image":[{"url":"https:\/\/focusonpack.com\/wp-content\/uploads\/2023\/07\/16head-a1.jpg","type":"","width":"","height":""}],"twitter_card":"summary_large_image","twitter_misc":{"Gesch\u00e4tzte Lesezeit":"3\u00a0Minuten"},"schema":{"@context":"https:\/\/schema.org","@graph":[{"@type":"WebPage","@id":"https:\/\/focusonpack.com\/gravity-filling-machine\/16-head-automatic-volumetric-bottle-liquid-filling-machine\/","url":"https:\/\/focusonpack.com\/gravity-filling-machine\/16-head-automatic-volumetric-bottle-liquid-filling-machine\/","name":"16 Head Automatic Volumetric Bottle Liquid Filling Machine - Focus on pack","isPartOf":{"@id":"https:\/\/focusonpack.com\/#website"},"primaryImageOfPage":{"@id":"https:\/\/focusonpack.com\/gravity-filling-machine\/16-head-automatic-volumetric-bottle-liquid-filling-machine\/#primaryimage"},"image":{"@id":"https:\/\/focusonpack.com\/gravity-filling-machine\/16-head-automatic-volumetric-bottle-liquid-filling-machine\/#primaryimage"},"thumbnailUrl":"https:\/\/focusonpack.com\/wp-content\/uploads\/2023\/07\/16head-a1.jpg","datePublished":"2020-05-15T08:54:19+00:00","dateModified":"2025-03-29T07:30:37+00:00","breadcrumb":{"@id":"https:\/\/focusonpack.com\/gravity-filling-machine\/16-head-automatic-volumetric-bottle-liquid-filling-machine\/#breadcrumb"},"inLanguage":"de","potentialAction":[{"@type":"ReadAction","target":["https:\/\/focusonpack.com\/gravity-filling-machine\/16-head-automatic-volumetric-bottle-liquid-filling-machine\/"]}]},{"@type":"ImageObject","inLanguage":"de","@id":"https:\/\/focusonpack.com\/gravity-filling-machine\/16-head-automatic-volumetric-bottle-liquid-filling-machine\/#primaryimage","url":"https:\/\/focusonpack.com\/wp-content\/uploads\/2023\/07\/16head-a1.jpg","contentUrl":"https:\/\/focusonpack.com\/wp-content\/uploads\/2023\/07\/16head-a1.jpg"},{"@type":"BreadcrumbList","@id":"https:\/\/focusonpack.com\/gravity-filling-machine\/16-head-automatic-volumetric-bottle-liquid-filling-machine\/#breadcrumb","itemListElement":[{"@type":"ListItem","position":1,"name":"\u9996\u9875","item":"https:\/\/focusonpack.com\/"},{"@type":"ListItem","position":2,"name":"Gravity Filling Machine","item":"https:\/\/focusonpack.com\/gravity-filling-machine\/"},{"@type":"ListItem","position":3,"name":"16 Head Automatic Volumetric Bottle Liquid Filling Machine"}]},{"@type":"WebSite","@id":"https:\/\/focusonpack.com\/#website","url":"https:\/\/focusonpack.com\/","name":"Focus on pack","description":"","potentialAction":[{"@type":"SearchAction","target":{"@type":"EntryPoint","urlTemplate":"https:\/\/focusonpack.com\/?s={search_term_string}"},"query-input":{"@type":"PropertyValueSpecification","valueRequired":true,"valueName":"search_term_string"}}],"inLanguage":"de"}]}},"_links":{"self":[{"href":"https:\/\/focusonpack.com\/de\/wp-json\/wp\/v2\/pages\/3313","targetHints":{"allow":["GET"]}}],"collection":[{"href":"https:\/\/focusonpack.com\/de\/wp-json\/wp\/v2\/pages"}],"about":[{"href":"https:\/\/focusonpack.com\/de\/wp-json\/wp\/v2\/types\/page"}],"author":[{"embeddable":true,"href":"https:\/\/focusonpack.com\/de\/wp-json\/wp\/v2\/users\/1"}],"replies":[{"embeddable":true,"href":"https:\/\/focusonpack.com\/de\/wp-json\/wp\/v2\/comments?post=3313"}],"version-history":[{"count":15,"href":"https:\/\/focusonpack.com\/de\/wp-json\/wp\/v2\/pages\/3313\/revisions"}],"predecessor-version":[{"id":4618,"href":"https:\/\/focusonpack.com\/de\/wp-json\/wp\/v2\/pages\/3313\/revisions\/4618"}],"up":[{"embeddable":true,"href":"https:\/\/focusonpack.com\/de\/wp-json\/wp\/v2\/pages\/2496"}],"wp:attachment":[{"href":"https:\/\/focusonpack.com\/de\/wp-json\/wp\/v2\/media?parent=3313"}],"curies":[{"name":"wp","href":"https:\/\/api.w.org\/{rel}","templated":true}]}}