{"id":3451,"date":"2020-05-16T13:36:58","date_gmt":"2020-05-16T05:36:58","guid":{"rendered":"https:\/\/focusonpack.com\/?page_id=3451"},"modified":"2023-07-21T14:23:51","modified_gmt":"2023-07-21T06:23:51","slug":"automatic-spindle-capping-machine-with-cap-elevator-sorter","status":"publish","type":"page","link":"https:\/\/focusonpack.com\/de\/automatische-spindelverschliesmaschine-mit-kappen-elevator-sortierer\/","title":{"rendered":"Automatische Spindelverschlie\u00dfmaschine mit Kappen-Elevator-Sortierer"},"content":{"rendered":"<div data-elementor-type=\"wp-page\" data-elementor-id=\"3451\" class=\"elementor elementor-3451\" data-elementor-settings=\"[]\">\n\t\t\t<div class=\"elementor-inner\">\n\t\t\t\t<div class=\"elementor-section-wrap\">\n\t\t\t\t\t\t\t<section class=\"elementor-element elementor-element-118a3310 elementor-section-boxed elementor-section-height-default elementor-section-height-default elementor-section elementor-top-section\" data-id=\"118a3310\" data-element_type=\"section\">\n\t\t\t\t\t\t<div class=\"elementor-container elementor-column-gap-default\">\n\t\t\t\t<div class=\"elementor-row\">\n\t\t\t\t<div class=\"elementor-element elementor-element-27dd3ea4 elementor-column elementor-col-50 elementor-top-column\" data-id=\"27dd3ea4\" data-element_type=\"column\">\n\t\t\t<div class=\"elementor-column-wrap  elementor-element-populated\">\n\t\t\t\t\t<div class=\"elementor-widget-wrap\">\n\t\t\t\t<div class=\"elementor-element elementor-element-24c5fb9a elementor-widget elementor-widget-heading\" data-id=\"24c5fb9a\" data-element_type=\"widget\" data-widget_type=\"heading.default\">\n\t\t\t\t<div class=\"elementor-widget-container\">\n\t\t\t<h3 class=\"elementor-heading-title elementor-size-default\">Automatische Spindelverschlie\u00dfmaschine mit Kappen-Elevator-Sortierer<\/h3>\t\t<\/div>\n\t\t\t\t<\/div>\n\t\t\t\t<div class=\"elementor-element elementor-element-3b30a308 elementor-widget elementor-widget-text-editor\" data-id=\"3b30a308\" data-element_type=\"widget\" data-widget_type=\"text-editor.default\">\n\t\t\t\t<div class=\"elementor-widget-container\">\n\t\t\t\t\t<div class=\"elementor-text-editor elementor-clearfix\"><p>Automatische Spindelverschlie\u00dfer mit Kappen-Elevator-Sortierer bieten eine \u00e4u\u00dferst vielseitige L\u00f6sung f\u00fcr das Aufbringen und Verschlie\u00dfen von Gewindeverschl\u00fcssen. Der Wasserfall-Kappen-Elevator-Sortierer sortiert die Kappen und bringt die Kappen auf die Flaschen auf, alles in einer Verpackungseinheit. Der Elevator sortiert die Verschl\u00fcsse und bringt sie auf die Flaschen auf - alles in einer Verpackungseinheit. Er sortiert und hebt die Verschl\u00fcsse vom Boden aus an Er sortiert und hebt die Verschl\u00fcsse vom Boden aus an und bringt sie dann mit einer Rutsche auf die Flaschen auf. Die Grundfunktion des Wasserfallsortierers besteht darin, einen Flaschenverschluss auszurichten und ihn zu einem Transfersystem, im Allgemeinen einer Rutsche, zu bef\u00f6rdern. - Die Grundfunktion des Wasserfallsortierers besteht darin, einen Flaschenverschluss auszurichten und ihn an ein \u00dcbergabesystem, im Allgemeinen eine Rutsche, abzugeben. Die Verschl\u00fcsse werden durch einen Trichter auf einen horizontalen Abschnitt eines Stollenbandes getr\u00e4ufelt. Die ausgerichteten Verschl\u00fcsse fahren auf dem Elevator weiter nach oben, wo sie von dem Stollenband seitlich in einen Auslaufbereich geschoben und abgestreift werden. Von hier aus werden die Verschl\u00fcsse \u00fcber eine Rutsche zu einem Beh\u00e4lter bef\u00f6rdert, wo sie mit Edelstahlfingern gehalten werden, w\u00e4hrend sie auf eine Flasche warten. Die Beh\u00e4lter ziehen die Verschl\u00fcsse mit Hilfe von Rutschenfingern aus der Verschlie\u00dfmaschine. Eine Stabilisierungsstange h\u00e4lt den Verschluss an seinem Platz, w\u00e4hrend sich der Beh\u00e4lter durch den Verschlie\u00dfer bewegt. Motorisierte Greiferb\u00e4nder f\u00fchren den Beh\u00e4lter sicher durch den Verschlie\u00dfer, w\u00e4hrend gegen\u00fcberliegende S\u00e4tze von Polyurethanscheiben die Verschl\u00fcsse an ihren Platz drehen und pneumatische Kupplungen f\u00fcr ein gleichm\u00e4\u00dfiges und genaues Drehmoment sorgen. und genaues Drehmoment.<\/p><\/div>\n\t\t\t\t<\/div>\n\t\t\t\t<\/div>\n\t\t\t\t<div class=\"elementor-element elementor-element-b6b48d elementor-widget elementor-widget-heading\" data-id=\"b6b48d\" data-element_type=\"widget\" data-widget_type=\"heading.default\">\n\t\t\t\t<div class=\"elementor-widget-container\">\n\t\t\t<h3 class=\"elementor-heading-title elementor-size-default\">Wesentliche Merkmale<\/h3>\t\t<\/div>\n\t\t\t\t<\/div>\n\t\t\t\t<div class=\"elementor-element elementor-element-2d1cada9 elementor-widget elementor-widget-text-editor\" data-id=\"2d1cada9\" data-element_type=\"widget\" data-widget_type=\"text-editor.default\">\n\t\t\t\t<div class=\"elementor-widget-container\">\n\t\t\t\t\t<div class=\"elementor-text-editor elementor-clearfix\"><p><strong>Spanner Merkmale<\/strong><\/p><p>Vollst\u00e4ndig einstellbar f\u00fcr Kappen von 20 mm bis 120 mm<\/p><p>Vollst\u00e4ndig einstellbar von 40 mm bis 460 hohe Beh\u00e4lter<\/p><p>Hochbelastbarer geschwei\u00dfter C-Rahmen aus 304 Edelstahl und eloxierte Aluminiumkomponenten<\/p><p>Obere und untere Bandplatten aus rostfreiem Stahl.<\/p><p>Alle Wellen sind aus rostfreiem Stahl 304 gefertigt.<\/p><p>6 Abdeckscheiben, mit Bodenschrauben umstellbar.<\/p><p>Direkte \u00dcbertragung des Getriebemotors \u00fcber eine Kupplung f\u00fcr die Bewegung der Kappenb\u00e4nder<\/p><p>Kettenkraft\u00fcbertragung f\u00fcr Verschlie\u00dferscheiben<\/p><p>DC-Getriebemotor zur unabh\u00e4ngigen Geschwindigkeitssteuerung der Greiferb\u00e4nder<\/p><p>DC-Motor f\u00fcr unabh\u00e4ngige Geschwindigkeit der Verschlie\u00dferscheiben<\/p><p>Einstellung der Verschlu\u00dfscheiben durch frontale Kn\u00f6pfe aus Edelstahl, mit Handrad mit Kontermutter.<\/p><p>Elektrische H\u00f6henverstellung f\u00fcr unterschiedliche Flaschenh\u00f6hen<\/p><p>Einstellung des Greiferbandes \u00fcber ein Handrad.<\/p><p>F\u00fcr eine breite Palette von Beh\u00e4ltern sind keine Wechselteile erforderlich.<\/p><\/div>\n\t\t\t\t<\/div>\n\t\t\t\t<\/div>\n\t\t\t\t<div class=\"elementor-element elementor-element-3f3e1a2 elementor-widget elementor-widget-text-editor\" data-id=\"3f3e1a2\" data-element_type=\"widget\" data-widget_type=\"text-editor.default\">\n\t\t\t\t<div class=\"elementor-widget-container\">\n\t\t\t\t\t<div class=\"elementor-text-editor elementor-clearfix\"><p><strong>Merkmale der Kappen\u00fcbertragung<\/strong><br \/>Alle Kontaktteile aus rostfreiem Stahl<br \/>Werkzeuglose Umstellung f\u00fcr verschiedene Flaschen- und Verschlussgr\u00f6\u00dfen<\/p><\/div>\n\t\t\t\t<\/div>\n\t\t\t\t<\/div>\n\t\t\t\t<div class=\"elementor-element elementor-element-c7dea32 elementor-widget elementor-widget-text-editor\" data-id=\"c7dea32\" data-element_type=\"widget\" data-widget_type=\"text-editor.default\">\n\t\t\t\t<div class=\"elementor-widget-container\">\n\t\t\t\t\t<div class=\"elementor-text-editor elementor-clearfix\"><p><strong>Kappenzuf\u00fchrung und Orientierungsmerkmale<\/strong><br \/>Konstruktion aus rostfreiem Stahl.<br \/>15 Zoll breiter G\u00fcrtel, montiert f\u00fcr einen Satz Kappen (Abstand zwischen den Stollen).<br \/>Bedarfsgesteuerter Verschluss durch Lichtschranke.<br \/>Durch Lichtschranke gesteuertes Luftabsperrventil.<br \/>Inklusive Filterregler<br \/>Verstellung des Kappenabgabesystems von 20 mm bis 120 mm.<br \/>Neigungsbereich von 0 bis 30 Grad.<br \/>Vollst\u00e4ndige H\u00f6henanpassung durch Strukturbolzen und\/oder Kappenabgabesystem.<br \/>10-Kubikfu\u00df-Deckelbeh\u00e4lter.<br \/>Die Kraft wird von einem DC-Getriebemotor bereitgestellt.<br \/>Drehzahlregelung \u00fcber Potentiometer.<br \/>Einschlie\u00dflich Filterregler.<\/p><\/div>\n\t\t\t\t<\/div>\n\t\t\t\t<\/div>\n\t\t\t\t<div class=\"elementor-element elementor-element-854b9af elementor-widget elementor-widget-heading\" data-id=\"854b9af\" data-element_type=\"widget\" data-widget_type=\"heading.default\">\n\t\t\t\t<div class=\"elementor-widget-container\">\n\t\t\t<h3 class=\"elementor-heading-title elementor-size-default\">Technische Daten<\/h3>\t\t<\/div>\n\t\t\t\t<\/div>\n\t\t\t\t<div class=\"elementor-element elementor-element-5d8aeff2 elementor-widget elementor-widget-text-editor\" data-id=\"5d8aeff2\" data-element_type=\"widget\" data-widget_type=\"text-editor.default\">\n\t\t\t\t<div class=\"elementor-widget-container\">\n\t\t\t\t\t<div class=\"elementor-text-editor elementor-clearfix\"><table border=\"0\" cellpadding=\"0\" cellspacing=\"0\" width=\"399\" height=\"140\" style=\"width: 299.27pt;\">\n <colgroup><col width=\"161\" style=\"width:120.75pt;\">\n <col width=\"238\" style=\"width:178.50pt;\">\n <\/colgroup><tbody><tr height=\"20\" style=\"height:15.00pt;\">\n  <td class=\"et2\" height=\"20\" width=\"161\" x:str=\"\" style=\"height:15.00pt;width:120.75pt;\">Kapazit\u00e4t<\/td>\n  <td class=\"et2\" width=\"238\" x:str=\"\" style=\"width:178.50pt;\">0-200 Flaschen pro Minute<\/td>\n <\/tr>\n <tr height=\"20\" style=\"height:15.00pt;\">\n  <td class=\"et2\" height=\"20\" x:str=\"\" style=\"height:15.00pt;\">H\u00f6he der Flasche<\/td>\n  <td class=\"et2\" x:str=\"\">40-460mm<\/td>\n <\/tr>\n <tr height=\"20\" style=\"height:15.00pt;\">\n  <td class=\"et2\" height=\"20\" x:str=\"\" style=\"height:15.00pt;\">Kappendurchmesser<\/td>\n  <td class=\"et2\" x:str=\"\">\u03a620-120mm<\/td>\n <\/tr>\n <tr height=\"20\" style=\"height:15.00pt;\">\n  <td class=\"et2\" height=\"20\" x:str=\"\" style=\"height:15.00pt;\">Luftdruck<\/td>\n  <td class=\"et2\" x:str=\"\">0.6-0.8Mpa<\/td>\n <\/tr>\n <tr height=\"20\" style=\"height:15.00pt;\">\n  <td class=\"et2\" height=\"20\" x:str=\"\" style=\"height:15.00pt;\">Spannung<\/td>\n  <td class=\"et2\" x:str=\"\">AC220V 50\/60HZ<\/td>\n <\/tr>\n <tr height=\"20\" style=\"height:15.00pt;\">\n  <td class=\"et2\" height=\"20\" x:str=\"\" style=\"height:15.00pt;\">Stromverbrauch<\/td>\n  <td class=\"et2\" x:str=\"\">1.6KW<\/td>\n <\/tr>\n <tr height=\"20\" style=\"height:15.00pt;\">\n  <td class=\"et2\" height=\"20\" x:str=\"\" style=\"height:15.00pt;\">Gewicht (ca.)&nbsp;<\/td>\n  <td class=\"et2\" x:str=\"\">650KW<\/td>\n <\/tr>\n<\/tbody><\/table><\/div>\n\t\t\t\t<\/div>\n\t\t\t\t<\/div>\n\t\t\t\t<div class=\"elementor-element elementor-element-6070a144 elementor-widget elementor-widget-text-editor\" data-id=\"6070a144\" data-element_type=\"widget\" data-widget_type=\"text-editor.default\">\n\t\t\t\t<div class=\"elementor-widget-container\">\n\t\t\t\t\t<div class=\"elementor-text-editor elementor-clearfix\"><p>\uf013 \u00c4nderungen der technischen Daten ohne Vorank\u00fcndigung vorbehalten, alle Rechte vorbehalten.<\/p><\/div>\n\t\t\t\t<\/div>\n\t\t\t\t<\/div>\n\t\t\t\t\t\t<\/div>\n\t\t\t<\/div>\n\t\t<\/div>\n\t\t\t\t<div class=\"elementor-element elementor-element-a387443 elementor-column elementor-col-50 elementor-top-column\" data-id=\"a387443\" data-element_type=\"column\">\n\t\t\t<div class=\"elementor-column-wrap  elementor-element-populated\">\n\t\t\t\t\t<div class=\"elementor-widget-wrap\">\n\t\t\t\t<div class=\"elementor-element elementor-element-15aa5f82 elementor-widget elementor-widget-spacer\" data-id=\"15aa5f82\" data-element_type=\"widget\" data-widget_type=\"spacer.default\">\n\t\t\t\t<div class=\"elementor-widget-container\">\n\t\t\t\t\t<div class=\"elementor-spacer\">\n\t\t\t<div class=\"elementor-spacer-inner\"><\/div>\n\t\t<\/div>\n\t\t\t\t<\/div>\n\t\t\t\t<\/div>\n\t\t\t\t<div class=\"elementor-element elementor-element-626fd88e elementor-widget elementor-widget-image\" data-id=\"626fd88e\" data-element_type=\"widget\" data-widget_type=\"image.default\">\n\t\t\t\t<div class=\"elementor-widget-container\">\n\t\t\t\t\t<div class=\"elementor-image\">\n\t\t\t\t\t\t\t\t\t\t<img loading=\"lazy\" decoding=\"async\" width=\"299\" height=\"206\" src=\"https:\/\/focusonpack.com\/wp-content\/uploads\/2023\/07\/spindle2-2.jpg\" class=\"attachment-full size-full\" alt=\"\" \/>\t\t\t\t\t\t\t\t\t\t\t<\/div>\n\t\t\t\t<\/div>\n\t\t\t\t<\/div>\n\t\t\t\t<div class=\"elementor-element elementor-element-331acc9 elementor-button-info elementor-align-center elementor-widget elementor-widget-button\" data-id=\"331acc9\" data-element_type=\"widget\" data-widget_type=\"button.default\">\n\t\t\t\t<div class=\"elementor-widget-container\">\n\t\t\t\t\t<div class=\"elementor-button-wrapper\">\n\t\t\t<a href=\"https:\/\/focusonpack.com\/de\/kontaktieren-sie-uns\/\" class=\"elementor-button-link elementor-button elementor-size-sm\" role=\"button\">\n\t\t\t\t\t\t<span class=\"elementor-button-content-wrapper\">\n\t\t\t\t\t\t<span class=\"elementor-button-text\">Angebot anfordern<\/span>\n\t\t<\/span>\n\t\t\t\t\t<\/a>\n\t\t<\/div>\n\t\t\t\t<\/div>\n\t\t\t\t<\/div>\n\t\t\t\t\t\t<\/div>\n\t\t\t<\/div>\n\t\t<\/div>\n\t\t\t\t\t\t<\/div>\n\t\t\t<\/div>\n\t\t<\/section>\n\t\t\t\t\t\t<\/div>\n\t\t\t<\/div>\n\t\t<\/div>","protected":false},"excerpt":{"rendered":"<p>Automatic Spindle Capping Mach&hellip;<\/p>","protected":false},"author":1,"featured_media":0,"parent":0,"menu_order":0,"comment_status":"closed","ping_status":"closed","template":"elementor_header_footer","meta":{"footnotes":""},"class_list":["post-3451","page","type-page","status-publish","hentry","no-thumb"],"yoast_head":"<!-- This site is optimized with the Yoast SEO plugin v24.8.1 - https:\/\/yoast.com\/wordpress\/plugins\/seo\/ -->\n<title>Automatic Spindle Capping Machine With Cap Elevator Sorter - Focus on pack<\/title>\n<meta name=\"robots\" content=\"index, follow, max-snippet:-1, max-image-preview:large, max-video-preview:-1\" \/>\n<link rel=\"canonical\" href=\"https:\/\/focusonpack.com\/de\/automatische-spindelverschliesmaschine-mit-kappen-elevator-sortierer\/\" \/>\n<meta property=\"og:locale\" content=\"de_DE\" \/>\n<meta property=\"og:type\" content=\"article\" \/>\n<meta property=\"og:title\" content=\"Automatic Spindle Capping Machine With Cap Elevator Sorter - Focus on pack\" \/>\n<meta property=\"og:description\" content=\"Automatic Spindle Capping Mach&hellip;\" \/>\n<meta property=\"og:url\" content=\"https:\/\/focusonpack.com\/de\/automatische-spindelverschliesmaschine-mit-kappen-elevator-sortierer\/\" \/>\n<meta property=\"og:site_name\" content=\"Focus on pack\" \/>\n<meta property=\"article:modified_time\" content=\"2023-07-21T06:23:51+00:00\" \/>\n<meta property=\"og:image\" content=\"https:\/\/focusonpack.com\/wp-content\/uploads\/2023\/07\/spindle2-2.jpg\" \/>\n<meta name=\"twitter:card\" content=\"summary_large_image\" \/>\n<meta name=\"twitter:label1\" content=\"Gesch\u00e4tzte Lesezeit\" \/>\n\t<meta name=\"twitter:data1\" content=\"2\u00a0Minuten\" \/>\n<script type=\"application\/ld+json\" class=\"yoast-schema-graph\">{\"@context\":\"https:\/\/schema.org\",\"@graph\":[{\"@type\":\"WebPage\",\"@id\":\"https:\/\/focusonpack.com\/automatic-spindle-capping-machine-with-cap-elevator-sorter\/\",\"url\":\"https:\/\/focusonpack.com\/automatic-spindle-capping-machine-with-cap-elevator-sorter\/\",\"name\":\"Automatic Spindle Capping Machine With Cap Elevator Sorter - Focus on pack\",\"isPartOf\":{\"@id\":\"https:\/\/focusonpack.com\/#website\"},\"primaryImageOfPage\":{\"@id\":\"https:\/\/focusonpack.com\/automatic-spindle-capping-machine-with-cap-elevator-sorter\/#primaryimage\"},\"image\":{\"@id\":\"https:\/\/focusonpack.com\/automatic-spindle-capping-machine-with-cap-elevator-sorter\/#primaryimage\"},\"thumbnailUrl\":\"https:\/\/focusonpack.com\/wp-content\/uploads\/2023\/07\/spindle2-2.jpg\",\"datePublished\":\"2020-05-16T05:36:58+00:00\",\"dateModified\":\"2023-07-21T06:23:51+00:00\",\"breadcrumb\":{\"@id\":\"https:\/\/focusonpack.com\/automatic-spindle-capping-machine-with-cap-elevator-sorter\/#breadcrumb\"},\"inLanguage\":\"de\",\"potentialAction\":[{\"@type\":\"ReadAction\",\"target\":[\"https:\/\/focusonpack.com\/automatic-spindle-capping-machine-with-cap-elevator-sorter\/\"]}]},{\"@type\":\"ImageObject\",\"inLanguage\":\"de\",\"@id\":\"https:\/\/focusonpack.com\/automatic-spindle-capping-machine-with-cap-elevator-sorter\/#primaryimage\",\"url\":\"https:\/\/focusonpack.com\/wp-content\/uploads\/2023\/07\/spindle2-2.jpg\",\"contentUrl\":\"https:\/\/focusonpack.com\/wp-content\/uploads\/2023\/07\/spindle2-2.jpg\"},{\"@type\":\"BreadcrumbList\",\"@id\":\"https:\/\/focusonpack.com\/automatic-spindle-capping-machine-with-cap-elevator-sorter\/#breadcrumb\",\"itemListElement\":[{\"@type\":\"ListItem\",\"position\":1,\"name\":\"\u9996\u9875\",\"item\":\"https:\/\/focusonpack.com\/\"},{\"@type\":\"ListItem\",\"position\":2,\"name\":\"Automatic Spindle Capping Machine With Cap Elevator Sorter\"}]},{\"@type\":\"WebSite\",\"@id\":\"https:\/\/focusonpack.com\/#website\",\"url\":\"https:\/\/focusonpack.com\/\",\"name\":\"Focus on pack\",\"description\":\"\",\"potentialAction\":[{\"@type\":\"SearchAction\",\"target\":{\"@type\":\"EntryPoint\",\"urlTemplate\":\"https:\/\/focusonpack.com\/?s={search_term_string}\"},\"query-input\":{\"@type\":\"PropertyValueSpecification\",\"valueRequired\":true,\"valueName\":\"search_term_string\"}}],\"inLanguage\":\"de\"}]}<\/script>\n<!-- \/ Yoast SEO plugin. -->","yoast_head_json":{"title":"Automatic Spindle Capping Machine With Cap Elevator Sorter - Focus on pack","robots":{"index":"index","follow":"follow","max-snippet":"max-snippet:-1","max-image-preview":"max-image-preview:large","max-video-preview":"max-video-preview:-1"},"canonical":"https:\/\/focusonpack.com\/de\/automatische-spindelverschliesmaschine-mit-kappen-elevator-sortierer\/","og_locale":"de_DE","og_type":"article","og_title":"Automatic Spindle Capping Machine With Cap Elevator Sorter - Focus on pack","og_description":"Automatic Spindle Capping Mach&hellip;","og_url":"https:\/\/focusonpack.com\/de\/automatische-spindelverschliesmaschine-mit-kappen-elevator-sortierer\/","og_site_name":"Focus on pack","article_modified_time":"2023-07-21T06:23:51+00:00","og_image":[{"url":"https:\/\/focusonpack.com\/wp-content\/uploads\/2023\/07\/spindle2-2.jpg","type":"","width":"","height":""}],"twitter_card":"summary_large_image","twitter_misc":{"Gesch\u00e4tzte Lesezeit":"2\u00a0Minuten"},"schema":{"@context":"https:\/\/schema.org","@graph":[{"@type":"WebPage","@id":"https:\/\/focusonpack.com\/automatic-spindle-capping-machine-with-cap-elevator-sorter\/","url":"https:\/\/focusonpack.com\/automatic-spindle-capping-machine-with-cap-elevator-sorter\/","name":"Automatic Spindle Capping Machine With Cap Elevator Sorter - Focus on pack","isPartOf":{"@id":"https:\/\/focusonpack.com\/#website"},"primaryImageOfPage":{"@id":"https:\/\/focusonpack.com\/automatic-spindle-capping-machine-with-cap-elevator-sorter\/#primaryimage"},"image":{"@id":"https:\/\/focusonpack.com\/automatic-spindle-capping-machine-with-cap-elevator-sorter\/#primaryimage"},"thumbnailUrl":"https:\/\/focusonpack.com\/wp-content\/uploads\/2023\/07\/spindle2-2.jpg","datePublished":"2020-05-16T05:36:58+00:00","dateModified":"2023-07-21T06:23:51+00:00","breadcrumb":{"@id":"https:\/\/focusonpack.com\/automatic-spindle-capping-machine-with-cap-elevator-sorter\/#breadcrumb"},"inLanguage":"de","potentialAction":[{"@type":"ReadAction","target":["https:\/\/focusonpack.com\/automatic-spindle-capping-machine-with-cap-elevator-sorter\/"]}]},{"@type":"ImageObject","inLanguage":"de","@id":"https:\/\/focusonpack.com\/automatic-spindle-capping-machine-with-cap-elevator-sorter\/#primaryimage","url":"https:\/\/focusonpack.com\/wp-content\/uploads\/2023\/07\/spindle2-2.jpg","contentUrl":"https:\/\/focusonpack.com\/wp-content\/uploads\/2023\/07\/spindle2-2.jpg"},{"@type":"BreadcrumbList","@id":"https:\/\/focusonpack.com\/automatic-spindle-capping-machine-with-cap-elevator-sorter\/#breadcrumb","itemListElement":[{"@type":"ListItem","position":1,"name":"\u9996\u9875","item":"https:\/\/focusonpack.com\/"},{"@type":"ListItem","position":2,"name":"Automatic Spindle Capping Machine With Cap Elevator Sorter"}]},{"@type":"WebSite","@id":"https:\/\/focusonpack.com\/#website","url":"https:\/\/focusonpack.com\/","name":"Focus on pack","description":"","potentialAction":[{"@type":"SearchAction","target":{"@type":"EntryPoint","urlTemplate":"https:\/\/focusonpack.com\/?s={search_term_string}"},"query-input":{"@type":"PropertyValueSpecification","valueRequired":true,"valueName":"search_term_string"}}],"inLanguage":"de"}]}},"_links":{"self":[{"href":"https:\/\/focusonpack.com\/de\/wp-json\/wp\/v2\/pages\/3451","targetHints":{"allow":["GET"]}}],"collection":[{"href":"https:\/\/focusonpack.com\/de\/wp-json\/wp\/v2\/pages"}],"about":[{"href":"https:\/\/focusonpack.com\/de\/wp-json\/wp\/v2\/types\/page"}],"author":[{"embeddable":true,"href":"https:\/\/focusonpack.com\/de\/wp-json\/wp\/v2\/users\/1"}],"replies":[{"embeddable":true,"href":"https:\/\/focusonpack.com\/de\/wp-json\/wp\/v2\/comments?post=3451"}],"version-history":[{"count":9,"href":"https:\/\/focusonpack.com\/de\/wp-json\/wp\/v2\/pages\/3451\/revisions"}],"predecessor-version":[{"id":4104,"href":"https:\/\/focusonpack.com\/de\/wp-json\/wp\/v2\/pages\/3451\/revisions\/4104"}],"wp:attachment":[{"href":"https:\/\/focusonpack.com\/de\/wp-json\/wp\/v2\/media?parent=3451"}],"curies":[{"name":"wp","href":"https:\/\/api.w.org\/{rel}","templated":true}]}}