{"id":3458,"date":"2020-05-16T13:37:21","date_gmt":"2020-05-16T05:37:21","guid":{"rendered":"https:\/\/focusonpack.com\/?page_id=3458"},"modified":"2025-03-29T16:07:32","modified_gmt":"2025-03-29T08:07:32","slug":"4-head-net-weight-filling-machine","status":"publish","type":"page","link":"https:\/\/focusonpack.com\/de\/nettogewicht-fullmaschine\/4-kopf-nettogewicht-fullmaschine\/","title":{"rendered":"4 Kopf Nettogewicht Abf\u00fcllmaschine"},"content":{"rendered":"<div data-elementor-type=\"wp-page\" data-elementor-id=\"3458\" class=\"elementor elementor-3458\" data-elementor-settings=\"[]\">\n\t\t\t<div class=\"elementor-inner\">\n\t\t\t\t<div class=\"elementor-section-wrap\">\n\t\t\t\t\t\t\t<section class=\"elementor-element elementor-element-2f4fb2a3 elementor-section-boxed elementor-section-height-default elementor-section-height-default elementor-section elementor-top-section\" data-id=\"2f4fb2a3\" data-element_type=\"section\">\n\t\t\t\t\t\t<div class=\"elementor-container elementor-column-gap-default\">\n\t\t\t\t<div class=\"elementor-row\">\n\t\t\t\t<div class=\"elementor-element elementor-element-70a408f9 elementor-column elementor-col-50 elementor-top-column\" data-id=\"70a408f9\" data-element_type=\"column\">\n\t\t\t<div class=\"elementor-column-wrap  elementor-element-populated\">\n\t\t\t\t\t<div class=\"elementor-widget-wrap\">\n\t\t\t\t<div class=\"elementor-element elementor-element-576c0c3f elementor-widget elementor-widget-heading\" data-id=\"576c0c3f\" data-element_type=\"widget\" data-widget_type=\"heading.default\">\n\t\t\t\t<div class=\"elementor-widget-container\">\n\t\t\t<h3 class=\"elementor-heading-title elementor-size-default\">4 Kopf Nettogewicht Abf\u00fcllmaschine<\/h3>\t\t<\/div>\n\t\t\t\t<\/div>\n\t\t\t\t<div class=\"elementor-element elementor-element-4c8fcede elementor-widget elementor-widget-heading\" data-id=\"4c8fcede\" data-element_type=\"widget\" data-widget_type=\"heading.default\">\n\t\t\t\t<div class=\"elementor-widget-container\">\n\t\t\t<h3 class=\"elementor-heading-title elementor-size-default\">4-Kopf-Waage\/Abf\u00fcllwaage<\/h3>\t\t<\/div>\n\t\t\t\t<\/div>\n\t\t\t\t<div class=\"elementor-element elementor-element-55b0c787 elementor-widget elementor-widget-text-editor\" data-id=\"55b0c787\" data-element_type=\"widget\" data-widget_type=\"text-editor.default\">\n\t\t\t\t<div class=\"elementor-widget-container\">\n\t\t\t\t\t<div class=\"elementor-text-editor elementor-clearfix\"><p>Der Nettogewichtsf\u00fcller eignet sich am besten f\u00fcr Fl\u00fcssigkeiten, die in gro\u00dfen Mengen abgef\u00fcllt werden sollen, z. B. 5-Gallonen-Eimer usw., oder f\u00fcr kleinere Mengen von Produkten, die einen sehr hohen Herstellungswert haben. Oftmals gibt es Produkte, die aus kommerziellen Gr\u00fcnden nach Gewicht verkauft werden m\u00fcssen, und daher ist diese Abf\u00fcllmaschine die einzige Wahl. Beispiele f\u00fcr diese Art der Abf\u00fcllung von Masseng\u00fctern sind Reinigungschemikalien, Enzyml\u00f6sungen, \u00d6le und andere mittelwertige Produkte. Hochwertige Produkte, die von diesen Maschinen abgef\u00fcllt werden, sind Spezialkleber, Ponys usw. oder Produkte in kleineren Mengen, die einen sehr hohen Produktionswert haben. Zu den Produkten, die mit diesen Maschinen abgef\u00fcllt werden, geh\u00f6ren Spezialklebstoffe und -farben, in S\u00e4uren gel\u00f6ste Edelmetalle und andere teure Spezialchemikalien .<\/p><\/div>\n\t\t\t\t<\/div>\n\t\t\t\t<\/div>\n\t\t\t\t<div class=\"elementor-element elementor-element-3688c433 elementor-widget elementor-widget-text-editor\" data-id=\"3688c433\" data-element_type=\"widget\" data-widget_type=\"text-editor.default\">\n\t\t\t\t<div class=\"elementor-widget-container\">\n\t\t\t\t\t<div class=\"elementor-text-editor elementor-clearfix\"><p>Die Bedienung dieser Art von Nettogewichts-Fassabf\u00fcllmaschine ist einfach: Das Produkt wird in einen Vorratsbeh\u00e4lter \u00fcber ein pneumatisch bet\u00e4tigtes Ventil gepumpt. Die gereinigten Beh\u00e4lter werden \u00fcber ein SS-Lamellenband zur Abf\u00fcllmaschine bef\u00f6rdert, auf einer individuellen W\u00e4gezellenplattform positioniert und tariert. Die Ventile \u00f6ffnen sich und das Nettogewicht wird in Echtzeit \u00fcberwacht, bis das Zielgewicht erreicht ist. Wenn das Zielgewicht erreicht ist, wird das Ventil einfach geschlossen. Die Genauigkeit der Abf\u00fcllungen wird durch verschiedene \"Bulk and Dribble\"-Methoden im Abf\u00fcllprozess erreicht, so dass \u00dcberf\u00fcllungen vermieden werden. Das Ventil wird einfach geschlossen, wenn das Zielgewicht erreicht ist.<\/p><\/div>\n\t\t\t\t<\/div>\n\t\t\t\t<\/div>\n\t\t\t\t<div class=\"elementor-element elementor-element-5e38c95 elementor-widget elementor-widget-text-editor\" data-id=\"5e38c95\" data-element_type=\"widget\" data-widget_type=\"text-editor.default\">\n\t\t\t\t<div class=\"elementor-widget-container\">\n\t\t\t\t\t<div class=\"elementor-text-editor elementor-clearfix\"><p>Der Vorteil dieser Eimerabf\u00fcllmaschine gegen\u00fcber anderen ist, dass sie manchmal die einzige praktische (und legale) Art der Abf\u00fcllung f\u00fcr einen begrenzten Bereich von Anwendungen und f\u00fcr gro\u00dfe Mengen ist. Der Vorteil dieser Eimerabf\u00fcllmaschine gegen\u00fcber anderen ist, dass sie manchmal die einzige praktische (und legale) Art der Abf\u00fcllung f\u00fcr einen begrenzten Bereich von Anwendungen und f\u00fcr gro\u00dfe Mengen ist. Sie ist auch sehr genau und bietet effektiv ihre eigene Qualit\u00e4tskontrolle, vorausgesetzt, dass die Waage richtig funktioniert. Sie ist auch sehr genau und bietet eine eigene Qualit\u00e4tskontrolle, vorausgesetzt, die Waage funktioniert einwandfrei. Der Nachteil dieser Art von Abf\u00fcllmaschinen ist, dass sie pro Abf\u00fcllkopf sehr teuer sind. Aus diesen Gr\u00fcnden ist der Einsatz dieser Abf\u00fclltechnik auf die oben genannten Beispiele beschr\u00e4nkt.<\/p><\/div>\n\t\t\t\t<\/div>\n\t\t\t\t<\/div>\n\t\t\t\t<div class=\"elementor-element elementor-element-1d3ae475 elementor-widget elementor-widget-heading\" data-id=\"1d3ae475\" data-element_type=\"widget\" data-widget_type=\"heading.default\">\n\t\t\t\t<div class=\"elementor-widget-container\">\n\t\t\t<h3 class=\"elementor-heading-title elementor-size-default\">Wesentliche Merkmale<\/h3>\t\t<\/div>\n\t\t\t\t<\/div>\n\t\t\t\t<div class=\"elementor-element elementor-element-3d61b115 elementor-widget elementor-widget-text-editor\" data-id=\"3d61b115\" data-element_type=\"widget\" data-widget_type=\"text-editor.default\">\n\t\t\t\t<div class=\"elementor-widget-container\">\n\t\t\t\t\t<div class=\"elementor-text-editor elementor-clearfix\"><p>- Robuste Konstruktion aus rostfreiem Stahl<\/p><p>- Hohe Geschwindigkeit und Volumenproduktion<\/p><p>- Hohe F\u00fcllgenauigkeit, weniger Produktabfall<\/p><p>- Automatisches Abf\u00fcllregister mit Flaschenz\u00e4hler<\/p><p>- Individuelle Steuerung des F\u00fcllkopfes<\/p><p>- Nettogewichtskontrolle in Echtzeit<\/p><p>- Auffangwanne<\/p><p>- Benutzerfreundliche PLC-Steuerung mit Touchscreen-HMI<\/p><p>- Niedrige Wartungs- und Betriebskosten<\/p><p>- Entworfen mit gemeinsamen Teilen f\u00fcr einfachen und schnellen Austausch<\/p><p>- Anpassungsf\u00e4hig f\u00fcr eine Vielzahl von verschiedenen Beh\u00e4ltertypen und -gr\u00f6\u00dfen<\/p><p>- Keine Flasche, keine F\u00fcllung<\/p><\/div>\n\t\t\t\t<\/div>\n\t\t\t\t<\/div>\n\t\t\t\t<div class=\"elementor-element elementor-element-c4b9ae9 elementor-widget elementor-widget-heading\" data-id=\"c4b9ae9\" data-element_type=\"widget\" data-widget_type=\"heading.default\">\n\t\t\t\t<div class=\"elementor-widget-container\">\n\t\t\t<h3 class=\"elementor-heading-title elementor-size-default\">Technische Daten<\/h3>\t\t<\/div>\n\t\t\t\t<\/div>\n\t\t\t\t<div class=\"elementor-element elementor-element-1d9697e0 elementor-widget elementor-widget-text-editor\" data-id=\"1d9697e0\" data-element_type=\"widget\" data-widget_type=\"text-editor.default\">\n\t\t\t\t<div class=\"elementor-widget-container\">\n\t\t\t\t\t<div class=\"elementor-text-editor elementor-clearfix\"><table style=\"width: 527.27pt;\" border=\"0\" width=\"703\" cellspacing=\"0\" cellpadding=\"0\"><colgroup><col style=\"width: 116.25pt;\" width=\"155\" \/> <col style=\"width: 411.00pt;\" width=\"548\" \/> <\/colgroup><tbody><tr style=\"height: 15.00pt;\"><td class=\"et2\" style=\"height: 15.00pt; width: 116.25pt;\" width=\"155\" height=\"20\">Nr. der F\u00fcllung Kopf\u00a0<\/td><td class=\"et3\" style=\"width: 411.00pt;\" width=\"548\">4 (Verf\u00fcgbar mit 4,6,8,10,12)<\/td><\/tr><tr style=\"height: 15.00pt;\"><td class=\"et2\" style=\"height: 15.00pt;\" height=\"20\">F\u00fcllung Gr\u00f6\u00dfe<\/td><td class=\"et2\">10-25 Liter<\/td><\/tr><tr style=\"height: 15.00pt;\"><td class=\"et2\" style=\"height: 15.00pt;\" height=\"20\">Leistung Kapazit\u00e4t\u00a0<\/td><td class=\"et2\">600BPH<\/td><\/tr><tr style=\"height: 15.00pt;\"><td class=\"et2\" style=\"height: 15.00pt;\" height=\"20\">F\u00fcllgenauigkeit\u00a0<\/td><td class=\"et2\">\u00b120ml<\/td><\/tr><tr style=\"height: 15.00pt;\"><td class=\"et2\" style=\"height: 15.00pt;\" height=\"20\">Container Gr\u00f6\u00dfe\u00a0<\/td><td class=\"et2\">L\u00e4nge \u2264 350mm, Breite \u2264 280mm<\/td><\/tr><tr style=\"height: 15.00pt;\"><td class=\"et2\" style=\"height: 15.00pt;\" height=\"20\">Container H\u00f6he<\/td><td class=\"et2\">\u2264450mmmm<\/td><\/tr><tr style=\"height: 15.00pt;\"><td class=\"et2\" style=\"height: 15.00pt;\" height=\"20\">Luftdruck\u00a0<\/td><td class=\"et2\">0,6-0,8 MPA<\/td><\/tr><tr style=\"height: 15.00pt;\"><td class=\"et2\" style=\"height: 15.00pt;\" height=\"20\">Stromverbrauch\u00a0<\/td><td class=\"et2\">3,5KW<\/td><\/tr><tr style=\"height: 15.00pt;\"><td class=\"et2\" style=\"height: 15.00pt;\" height=\"20\">Elektrische Versorgung\u00a0<\/td><td class=\"et2\">220\/110V 50\/60HZ 1PH<\/td><\/tr><tr style=\"height: 15.00pt;\"><td class=\"et2\" style=\"height: 15.00pt;\" height=\"20\">Maschine Gewicht\u00a0<\/td><td class=\"et2\">1250kgs<\/td><\/tr><tr style=\"height: 15.00pt;\"><td class=\"et2\" style=\"height: 15.00pt;\" height=\"20\">Abmessungen der Maschine<\/td><td class=\"et2\">2700x1900x2500mm<\/td><\/tr><\/tbody><\/table><\/div>\n\t\t\t\t<\/div>\n\t\t\t\t<\/div>\n\t\t\t\t<div class=\"elementor-element elementor-element-5e079e72 elementor-widget elementor-widget-text-editor\" data-id=\"5e079e72\" data-element_type=\"widget\" data-widget_type=\"text-editor.default\">\n\t\t\t\t<div class=\"elementor-widget-container\">\n\t\t\t\t\t<div class=\"elementor-text-editor elementor-clearfix\"><p>* Die technischen Daten k\u00f6nnen ohne vorherige Ank\u00fcndigung ge\u00e4ndert werden.<\/p><\/div>\n\t\t\t\t<\/div>\n\t\t\t\t<\/div>\n\t\t\t\t<div class=\"elementor-element elementor-element-41cd8efc elementor-widget elementor-widget-heading\" data-id=\"41cd8efc\" data-element_type=\"widget\" data-widget_type=\"heading.default\">\n\t\t\t\t<div class=\"elementor-widget-container\">\n\t\t\t<h3 class=\"elementor-heading-title elementor-size-default\">Wie w\u00e4hlt man eine F\u00fcllmaschine mit Nettogewicht aus?<\/h3>\t\t<\/div>\n\t\t\t\t<\/div>\n\t\t\t\t<div class=\"elementor-element elementor-element-26f6dc65 elementor-widget elementor-widget-text-editor\" data-id=\"26f6dc65\" data-element_type=\"widget\" data-widget_type=\"text-editor.default\">\n\t\t\t\t<div class=\"elementor-widget-container\">\n\t\t\t\t\t<div class=\"elementor-text-editor elementor-clearfix\"><p>Die Leistung h\u00e4ngt von der F\u00fcllmenge, der Viskosit\u00e4t der Fl\u00fcssigkeit und der Art des Beh\u00e4lters ab. Erh\u00e4ltlich mit 6, 8, 10, 12, 14, 16 F\u00fcllk\u00f6pfen. Wenn Sie bei der Auswahl unsicher sind, lassen Sie es uns bitte wissen und unser professionelles Team wird Sie bei der Auswahl der besten Abf\u00fcllmaschine f\u00fcr Ihre Anforderungen beraten. Bitte lassen Sie uns wissen, und unser professionelles Team wird Sie bei der Auswahl der besten Abheftmaschine f\u00fcr Ihre Anforderungen beraten.<\/p><p>- Welches Produkt ist abzuf\u00fcllen?<\/p><p>- Welche Produktionskapazit\u00e4t soll erreicht werden?<\/p><p>- Welches Material und welche Form der Beh\u00e4lter<\/p><p>- Welche Gr\u00f6\u00dfe ist zu f\u00fcllen?<\/p><\/div>\n\t\t\t\t<\/div>\n\t\t\t\t<\/div>\n\t\t\t\t\t\t<\/div>\n\t\t\t<\/div>\n\t\t<\/div>\n\t\t\t\t<div class=\"elementor-element elementor-element-6d7ffe21 elementor-column elementor-col-50 elementor-top-column\" data-id=\"6d7ffe21\" data-element_type=\"column\">\n\t\t\t<div class=\"elementor-column-wrap  elementor-element-populated\">\n\t\t\t\t\t<div class=\"elementor-widget-wrap\">\n\t\t\t\t<div class=\"elementor-element elementor-element-4d8cc7d1 elementor-widget elementor-widget-spacer\" data-id=\"4d8cc7d1\" data-element_type=\"widget\" data-widget_type=\"spacer.default\">\n\t\t\t\t<div class=\"elementor-widget-container\">\n\t\t\t\t\t<div class=\"elementor-spacer\">\n\t\t\t<div class=\"elementor-spacer-inner\"><\/div>\n\t\t<\/div>\n\t\t\t\t<\/div>\n\t\t\t\t<\/div>\n\t\t\t\t<div class=\"elementor-element elementor-element-173360e8 elementor-widget elementor-widget-image\" data-id=\"173360e8\" data-element_type=\"widget\" data-widget_type=\"image.default\">\n\t\t\t\t<div class=\"elementor-widget-container\">\n\t\t\t\t\t<div class=\"elementor-image\">\n\t\t\t\t\t\t\t\t\t\t<img loading=\"lazy\" decoding=\"async\" width=\"310\" height=\"204\" src=\"https:\/\/focusonpack.com\/wp-content\/uploads\/2023\/07\/Piston-Filling-Machine-2-2.jpg\" class=\"elementor-animation-grow attachment-full size-full\" alt=\"\" srcset=\"https:\/\/focusonpack.com\/wp-content\/uploads\/2023\/07\/Piston-Filling-Machine-2-2.jpg 310w, https:\/\/focusonpack.com\/wp-content\/uploads\/2023\/07\/Piston-Filling-Machine-2-2-300x197.jpg 300w\" sizes=\"auto, (max-width: 310px) 100vw, 310px\" \/>\t\t\t\t\t\t\t\t\t\t\t<\/div>\n\t\t\t\t<\/div>\n\t\t\t\t<\/div>\n\t\t\t\t<div class=\"elementor-element elementor-element-77850ac2 elementor-button-info elementor-align-center elementor-widget elementor-widget-button\" data-id=\"77850ac2\" data-element_type=\"widget\" data-widget_type=\"button.default\">\n\t\t\t\t<div class=\"elementor-widget-container\">\n\t\t\t\t\t<div class=\"elementor-button-wrapper\">\n\t\t\t<a href=\"https:\/\/focusonpack.com\/de\/kontaktieren-sie-uns\/\" class=\"elementor-button-link elementor-button elementor-size-sm\" role=\"button\">\n\t\t\t\t\t\t<span class=\"elementor-button-content-wrapper\">\n\t\t\t\t\t\t<span class=\"elementor-button-text\">Angebot anfordern<\/span>\n\t\t<\/span>\n\t\t\t\t\t<\/a>\n\t\t<\/div>\n\t\t\t\t<\/div>\n\t\t\t\t<\/div>\n\t\t\t\t\t\t<\/div>\n\t\t\t<\/div>\n\t\t<\/div>\n\t\t\t\t\t\t<\/div>\n\t\t\t<\/div>\n\t\t<\/section>\n\t\t\t\t\t\t<\/div>\n\t\t\t<\/div>\n\t\t<\/div>","protected":false},"excerpt":{"rendered":"<p>4 Head Net Weight Filling Mach&hellip;<\/p>","protected":false},"author":1,"featured_media":0,"parent":2494,"menu_order":0,"comment_status":"closed","ping_status":"closed","template":"elementor_header_footer","meta":{"footnotes":""},"class_list":["post-3458","page","type-page","status-publish","hentry","no-thumb"],"yoast_head":"<!-- This site is optimized with the Yoast SEO plugin v24.8.1 - https:\/\/yoast.com\/wordpress\/plugins\/seo\/ -->\n<title>4 Head Net Weight Filling Machine - Focus on pack<\/title>\n<meta name=\"robots\" content=\"index, follow, max-snippet:-1, max-image-preview:large, max-video-preview:-1\" \/>\n<link rel=\"canonical\" href=\"https:\/\/focusonpack.com\/de\/nettogewicht-fullmaschine\/4-kopf-nettogewicht-fullmaschine\/\" \/>\n<meta property=\"og:locale\" content=\"de_DE\" \/>\n<meta property=\"og:type\" content=\"article\" \/>\n<meta property=\"og:title\" content=\"4 Head Net Weight Filling Machine - Focus on pack\" \/>\n<meta property=\"og:description\" content=\"4 Head Net Weight Filling Mach&hellip;\" \/>\n<meta property=\"og:url\" content=\"https:\/\/focusonpack.com\/de\/nettogewicht-fullmaschine\/4-kopf-nettogewicht-fullmaschine\/\" \/>\n<meta property=\"og:site_name\" content=\"Focus on pack\" \/>\n<meta property=\"article:modified_time\" content=\"2025-03-29T08:07:32+00:00\" \/>\n<meta property=\"og:image\" content=\"https:\/\/focusonpack.com\/wp-content\/uploads\/2023\/07\/Piston-Filling-Machine-2-2.jpg\" \/>\n<meta name=\"twitter:card\" content=\"summary_large_image\" \/>\n<meta name=\"twitter:label1\" content=\"Gesch\u00e4tzte Lesezeit\" \/>\n\t<meta name=\"twitter:data1\" content=\"3\u00a0Minuten\" \/>\n<script type=\"application\/ld+json\" class=\"yoast-schema-graph\">{\"@context\":\"https:\/\/schema.org\",\"@graph\":[{\"@type\":\"WebPage\",\"@id\":\"https:\/\/focusonpack.com\/net-weight-filling-machine\/4-head-net-weight-filling-machine\/\",\"url\":\"https:\/\/focusonpack.com\/net-weight-filling-machine\/4-head-net-weight-filling-machine\/\",\"name\":\"4 Head Net Weight Filling Machine - Focus on pack\",\"isPartOf\":{\"@id\":\"https:\/\/focusonpack.com\/#website\"},\"primaryImageOfPage\":{\"@id\":\"https:\/\/focusonpack.com\/net-weight-filling-machine\/4-head-net-weight-filling-machine\/#primaryimage\"},\"image\":{\"@id\":\"https:\/\/focusonpack.com\/net-weight-filling-machine\/4-head-net-weight-filling-machine\/#primaryimage\"},\"thumbnailUrl\":\"https:\/\/focusonpack.com\/wp-content\/uploads\/2023\/07\/Piston-Filling-Machine-2-2.jpg\",\"datePublished\":\"2020-05-16T05:37:21+00:00\",\"dateModified\":\"2025-03-29T08:07:32+00:00\",\"breadcrumb\":{\"@id\":\"https:\/\/focusonpack.com\/net-weight-filling-machine\/4-head-net-weight-filling-machine\/#breadcrumb\"},\"inLanguage\":\"de\",\"potentialAction\":[{\"@type\":\"ReadAction\",\"target\":[\"https:\/\/focusonpack.com\/net-weight-filling-machine\/4-head-net-weight-filling-machine\/\"]}]},{\"@type\":\"ImageObject\",\"inLanguage\":\"de\",\"@id\":\"https:\/\/focusonpack.com\/net-weight-filling-machine\/4-head-net-weight-filling-machine\/#primaryimage\",\"url\":\"https:\/\/focusonpack.com\/wp-content\/uploads\/2023\/07\/Piston-Filling-Machine-2-2.jpg\",\"contentUrl\":\"https:\/\/focusonpack.com\/wp-content\/uploads\/2023\/07\/Piston-Filling-Machine-2-2.jpg\"},{\"@type\":\"BreadcrumbList\",\"@id\":\"https:\/\/focusonpack.com\/net-weight-filling-machine\/4-head-net-weight-filling-machine\/#breadcrumb\",\"itemListElement\":[{\"@type\":\"ListItem\",\"position\":1,\"name\":\"\u9996\u9875\",\"item\":\"https:\/\/focusonpack.com\/\"},{\"@type\":\"ListItem\",\"position\":2,\"name\":\"Net Weight Filling Machine\",\"item\":\"https:\/\/focusonpack.com\/net-weight-filling-machine\/\"},{\"@type\":\"ListItem\",\"position\":3,\"name\":\"4 Head Net Weight Filling Machine\"}]},{\"@type\":\"WebSite\",\"@id\":\"https:\/\/focusonpack.com\/#website\",\"url\":\"https:\/\/focusonpack.com\/\",\"name\":\"Focus on pack\",\"description\":\"\",\"potentialAction\":[{\"@type\":\"SearchAction\",\"target\":{\"@type\":\"EntryPoint\",\"urlTemplate\":\"https:\/\/focusonpack.com\/?s={search_term_string}\"},\"query-input\":{\"@type\":\"PropertyValueSpecification\",\"valueRequired\":true,\"valueName\":\"search_term_string\"}}],\"inLanguage\":\"de\"}]}<\/script>\n<!-- \/ Yoast SEO plugin. -->","yoast_head_json":{"title":"4 Head Net Weight Filling Machine - Focus on pack","robots":{"index":"index","follow":"follow","max-snippet":"max-snippet:-1","max-image-preview":"max-image-preview:large","max-video-preview":"max-video-preview:-1"},"canonical":"https:\/\/focusonpack.com\/de\/nettogewicht-fullmaschine\/4-kopf-nettogewicht-fullmaschine\/","og_locale":"de_DE","og_type":"article","og_title":"4 Head Net Weight Filling Machine - Focus on pack","og_description":"4 Head Net Weight Filling Mach&hellip;","og_url":"https:\/\/focusonpack.com\/de\/nettogewicht-fullmaschine\/4-kopf-nettogewicht-fullmaschine\/","og_site_name":"Focus on pack","article_modified_time":"2025-03-29T08:07:32+00:00","og_image":[{"url":"https:\/\/focusonpack.com\/wp-content\/uploads\/2023\/07\/Piston-Filling-Machine-2-2.jpg","type":"","width":"","height":""}],"twitter_card":"summary_large_image","twitter_misc":{"Gesch\u00e4tzte Lesezeit":"3\u00a0Minuten"},"schema":{"@context":"https:\/\/schema.org","@graph":[{"@type":"WebPage","@id":"https:\/\/focusonpack.com\/net-weight-filling-machine\/4-head-net-weight-filling-machine\/","url":"https:\/\/focusonpack.com\/net-weight-filling-machine\/4-head-net-weight-filling-machine\/","name":"4 Head Net Weight Filling Machine - Focus on pack","isPartOf":{"@id":"https:\/\/focusonpack.com\/#website"},"primaryImageOfPage":{"@id":"https:\/\/focusonpack.com\/net-weight-filling-machine\/4-head-net-weight-filling-machine\/#primaryimage"},"image":{"@id":"https:\/\/focusonpack.com\/net-weight-filling-machine\/4-head-net-weight-filling-machine\/#primaryimage"},"thumbnailUrl":"https:\/\/focusonpack.com\/wp-content\/uploads\/2023\/07\/Piston-Filling-Machine-2-2.jpg","datePublished":"2020-05-16T05:37:21+00:00","dateModified":"2025-03-29T08:07:32+00:00","breadcrumb":{"@id":"https:\/\/focusonpack.com\/net-weight-filling-machine\/4-head-net-weight-filling-machine\/#breadcrumb"},"inLanguage":"de","potentialAction":[{"@type":"ReadAction","target":["https:\/\/focusonpack.com\/net-weight-filling-machine\/4-head-net-weight-filling-machine\/"]}]},{"@type":"ImageObject","inLanguage":"de","@id":"https:\/\/focusonpack.com\/net-weight-filling-machine\/4-head-net-weight-filling-machine\/#primaryimage","url":"https:\/\/focusonpack.com\/wp-content\/uploads\/2023\/07\/Piston-Filling-Machine-2-2.jpg","contentUrl":"https:\/\/focusonpack.com\/wp-content\/uploads\/2023\/07\/Piston-Filling-Machine-2-2.jpg"},{"@type":"BreadcrumbList","@id":"https:\/\/focusonpack.com\/net-weight-filling-machine\/4-head-net-weight-filling-machine\/#breadcrumb","itemListElement":[{"@type":"ListItem","position":1,"name":"\u9996\u9875","item":"https:\/\/focusonpack.com\/"},{"@type":"ListItem","position":2,"name":"Net Weight Filling Machine","item":"https:\/\/focusonpack.com\/net-weight-filling-machine\/"},{"@type":"ListItem","position":3,"name":"4 Head Net Weight Filling Machine"}]},{"@type":"WebSite","@id":"https:\/\/focusonpack.com\/#website","url":"https:\/\/focusonpack.com\/","name":"Focus on pack","description":"","potentialAction":[{"@type":"SearchAction","target":{"@type":"EntryPoint","urlTemplate":"https:\/\/focusonpack.com\/?s={search_term_string}"},"query-input":{"@type":"PropertyValueSpecification","valueRequired":true,"valueName":"search_term_string"}}],"inLanguage":"de"}]}},"_links":{"self":[{"href":"https:\/\/focusonpack.com\/de\/wp-json\/wp\/v2\/pages\/3458","targetHints":{"allow":["GET"]}}],"collection":[{"href":"https:\/\/focusonpack.com\/de\/wp-json\/wp\/v2\/pages"}],"about":[{"href":"https:\/\/focusonpack.com\/de\/wp-json\/wp\/v2\/types\/page"}],"author":[{"embeddable":true,"href":"https:\/\/focusonpack.com\/de\/wp-json\/wp\/v2\/users\/1"}],"replies":[{"embeddable":true,"href":"https:\/\/focusonpack.com\/de\/wp-json\/wp\/v2\/comments?post=3458"}],"version-history":[{"count":10,"href":"https:\/\/focusonpack.com\/de\/wp-json\/wp\/v2\/pages\/3458\/revisions"}],"predecessor-version":[{"id":4631,"href":"https:\/\/focusonpack.com\/de\/wp-json\/wp\/v2\/pages\/3458\/revisions\/4631"}],"up":[{"embeddable":true,"href":"https:\/\/focusonpack.com\/de\/wp-json\/wp\/v2\/pages\/2494"}],"wp:attachment":[{"href":"https:\/\/focusonpack.com\/de\/wp-json\/wp\/v2\/media?parent=3458"}],"curies":[{"name":"wp","href":"https:\/\/api.w.org\/{rel}","templated":true}]}}