{"id":2393,"date":"2020-05-07T16:21:45","date_gmt":"2020-05-07T08:21:45","guid":{"rendered":"https:\/\/focusonpack.com\/?page_id=2393"},"modified":"2023-08-15T14:46:48","modified_gmt":"2023-08-15T06:46:48","slug":"about-us-2","status":"publish","type":"page","link":"https:\/\/focusonpack.com\/es\/sobre-nosotros-2\/","title":{"rendered":"Qui\u00e9nes somos"},"content":{"rendered":"<div data-elementor-type=\"wp-page\" data-elementor-id=\"2393\" class=\"elementor elementor-2393\" data-elementor-settings=\"[]\">\n\t\t\t<div class=\"elementor-inner\">\n\t\t\t\t<div class=\"elementor-section-wrap\">\n\t\t\t\t\t\t\t<section class=\"elementor-element elementor-element-01f1a6a elementor-section-boxed elementor-section-height-default elementor-section-height-default elementor-section elementor-top-section\" data-id=\"01f1a6a\" data-element_type=\"section\">\n\t\t\t\t\t\t<div class=\"elementor-container elementor-column-gap-default\">\n\t\t\t\t<div class=\"elementor-row\">\n\t\t\t\t<div class=\"elementor-element elementor-element-c1fdfda elementor-column elementor-col-100 elementor-top-column\" data-id=\"c1fdfda\" data-element_type=\"column\">\n\t\t\t<div class=\"elementor-column-wrap  elementor-element-populated\">\n\t\t\t\t\t<div class=\"elementor-widget-wrap\">\n\t\t\t\t<div class=\"elementor-element elementor-element-c081f60 elementor-widget elementor-widget-heading\" data-id=\"c081f60\" data-element_type=\"widget\" data-widget_type=\"heading.default\">\n\t\t\t\t<div class=\"elementor-widget-container\">\n\t\t\t<h4 class=\"elementor-heading-title elementor-size-default\">L\u00edder en desarrollo y fabricaci\u00f3n de soluciones completas de envasado y llenado llave en mano<\/h4>\t\t<\/div>\n\t\t\t\t<\/div>\n\t\t\t\t<div class=\"elementor-element elementor-element-a4e33b5 elementor-widget elementor-widget-text-editor\" data-id=\"a4e33b5\" data-element_type=\"widget\" data-widget_type=\"text-editor.default\">\n\t\t\t\t<div class=\"elementor-widget-container\">\n\t\t\t\t\t<div class=\"elementor-text-editor elementor-clearfix\"><p>Wenzhou Bowei Import and Export Co., Ltd es uno de los mayores fabricantes de m\u00e1quinas de llenado y envasado en el dise\u00f1o y suministro en China. Es un desarrollador y fabricante l\u00edder de soluciones completas llave en mano de envasado de productos l\u00edquidos y secos de dise\u00f1o, fabricaci\u00f3n, instalaci\u00f3n y formaci\u00f3n. Es un desarrollador y fabricante l\u00edder de soluciones completas llave en mano de envasado de productos l\u00edquidos y secos de dise\u00f1o, fabricaci\u00f3n, instalaci\u00f3n y formaci\u00f3n. Nuestro equipo de ingenieros profesionales dise\u00f1ar\u00e1 y fabricar\u00e1 m\u00e1quinas de acuerdo con las caracter\u00edsticas espec\u00edficas de su producto, su presupuesto y otros factores. Todas las m\u00e1quinas se fabrican en instalaciones con certificaci\u00f3n ISO o CE. Todas las m\u00e1quinas se fabrican en instalaciones con certificaci\u00f3n ISO o CE para garantizar el cumplimiento de las normas m\u00e1s estrictas del sector.<\/p><\/div>\n\t\t\t\t<\/div>\n\t\t\t\t<\/div>\n\t\t\t\t<div class=\"elementor-element elementor-element-1f8cf80 elementor-widget elementor-widget-text-editor\" data-id=\"1f8cf80\" data-element_type=\"widget\" data-widget_type=\"text-editor.default\">\n\t\t\t\t<div class=\"elementor-widget-container\">\n\t\t\t\t\t<div class=\"elementor-text-editor elementor-clearfix\"><p>Ofrecemos una variedad de m\u00e1quinas de llenado incluyendo monobloque de enjuague de llenado m\u00e1quinas de tapado, m\u00e1quinas de llenado de pist\u00f3n, m\u00e1quinas de llenado h\u00famedo neto, corrosivo m\u00e1quinas de llenado, m\u00e1quinas de llenado por gravedad, monobloque de llenado tap\u00f3n m\u00e1quinas de tapado, m\u00e1quinas de tapado incluyendo semiautom\u00e1tica m\u00e1quinas de tapado. m\u00e1quinas llenadoras corrosivas, llenadoras por gravedad, taponadoras monobloque, taponadoras semiautom\u00e1ticas, taponadoras autom\u00e1ticas de husillo en l\u00ednea y taponadoras rotativas, etiquetadoras, incluyendo taponadoras, taponadoras autom\u00e1ticas de husillo en l\u00ednea y taponadoras rotativas, etiquetadoras, incluidas etiquetadoras de funda retr\u00e1ctil y etiquetadoras autoadhesivas, sopladoras de PET, m\u00e1quinas de retractilado, tratamiento de agua y sistemas de \u00f3smosis inversa.<\/p><\/div>\n\t\t\t\t<\/div>\n\t\t\t\t<\/div>\n\t\t\t\t\t\t<\/div>\n\t\t\t<\/div>\n\t\t<\/div>\n\t\t\t\t\t\t<\/div>\n\t\t\t<\/div>\n\t\t<\/section>\n\t\t\t\t<section class=\"elementor-element elementor-element-ea8e549 elementor-section-boxed elementor-section-height-default elementor-section-height-default elementor-section elementor-top-section\" data-id=\"ea8e549\" data-element_type=\"section\">\n\t\t\t\t\t\t<div class=\"elementor-container elementor-column-gap-default\">\n\t\t\t\t<div class=\"elementor-row\">\n\t\t\t\t<div class=\"elementor-element elementor-element-742b4a0 elementor-column elementor-col-100 elementor-top-column\" data-id=\"742b4a0\" data-element_type=\"column\">\n\t\t\t<div class=\"elementor-column-wrap  elementor-element-populated\">\n\t\t\t\t\t<div class=\"elementor-widget-wrap\">\n\t\t\t\t<div class=\"elementor-element elementor-element-0bad332 elementor-widget elementor-widget-heading\" data-id=\"0bad332\" data-element_type=\"widget\" data-widget_type=\"heading.default\">\n\t\t\t\t<div class=\"elementor-widget-container\">\n\t\t\t<h4 class=\"elementor-heading-title elementor-size-default\">Proporcionamos equipos de llenado y envasado de una sola mano en dise\u00f1o, fabricaci\u00f3n, instalaci\u00f3n y formaci\u00f3n.<\/h4>\t\t<\/div>\n\t\t\t\t<\/div>\n\t\t\t\t<div class=\"elementor-element elementor-element-74198e1 elementor-widget elementor-widget-text-editor\" data-id=\"74198e1\" data-element_type=\"widget\" data-widget_type=\"text-editor.default\">\n\t\t\t\t<div class=\"elementor-widget-container\">\n\t\t\t\t\t<div class=\"elementor-text-editor elementor-clearfix\"><p>Le proporcionamos equipos de llenado y envasado precisos, fiables y de alto rendimiento para alcanzar sus objetivos. Las m\u00e1quinas de taponado colocan y aprietan los tapones en los distintos envases, las m\u00e1quinas de etiquetado con manguito retr\u00e1ctil aplican y retraen las etiquetas en los envases para decorarlos. Las taponadoras colocan y aprietan los tapones en distintos tipos de envases, las etiquetadoras de manguitos retr\u00e1ctiles aplican y retraen las etiquetas en los envases para decorar sus productos, las etiquetadoras de etiquetas adhesivas etiquetadoras de etiquetas adhesivas colocan y fijan las etiquetas en los envases con precisi\u00f3n.<\/p><\/div>\n\t\t\t\t<\/div>\n\t\t\t\t<\/div>\n\t\t\t\t<div class=\"elementor-element elementor-element-acf6e7a elementor-widget elementor-widget-text-editor\" data-id=\"acf6e7a\" data-element_type=\"widget\" data-widget_type=\"text-editor.default\">\n\t\t\t\t<div class=\"elementor-widget-container\">\n\t\t\t\t\t<div class=\"elementor-text-editor elementor-clearfix\"><p>La l\u00ednea de llenado y envasado de l\u00edquidos se compone de m\u00e1quinas llenadoras, taponadoras, etiquetadoras, codificadoras por inyecci\u00f3n de tinta, m\u00e1quinas de retractilado, posicionadoras de botellas, tratamiento de agua y \u00f3smosis inversa, sopladoras de PET. posicionadores de botellas, tratamiento de agua y \u00f3smosis inversa, m\u00e1quinas de soplado de PET Una amplia variedad de m\u00e1quinas de llenado est\u00e1n disponibles para su opci\u00f3n que pueden llenar l\u00edquido fino a grueso en envases de pl\u00e1stico o vidrio a baja velocidad con menos presupuesto para empresas de nueva creaci\u00f3n o a media y alta velocidad que quieran Disponemos de m\u00e1quinas llenadoras taponadoras monobloc para bebidas, m\u00e1quinas llenadoras de pist\u00f3n para l\u00edquidos espesos, m\u00e1quinas llenadoras por gravedad para l\u00edquidos finos, m\u00e1quinas llenadoras de peso neto y otras m\u00e1quinas llenadoras. para l\u00edquido fino,m\u00e1quinas llenadoras de peso neto para l\u00edquido de medio y alto valor de fabricaci\u00f3n, m\u00e1quinas llenadoras de l\u00edquido corrosivo para l\u00edquido corrosivo; Taponadoras para tapones de rosca, R Taponadoras para tapones de rosca, tapones ROPP, tapones corona, tapones a presi\u00f3n, tapones bomba, etc.; Etiquetadoras de manguitos para etiquetas de manguitos y precintos de seguridad M\u00e1quinas sopladoras de PET, incluidas m\u00e1quinas sopladoras de PET semiautom\u00e1ticas para empresas de nueva creaci\u00f3n, m\u00e1quinas sopladoras de PET autom\u00e1ticas para empresas de nueva creaci\u00f3n, m\u00e1quinas sopladoras de PET autom\u00e1ticas para empresas de nueva creaci\u00f3n. Sopladoras de PET semiautom\u00e1ticas para empresas de nueva creaci\u00f3n, sopladoras de PET autom\u00e1ticas para producci\u00f3n de media a alta velocidad; Enfajadoras retr\u00e1ctiles semiautom\u00e1ticas para peque\u00f1a escala, tipo L, etc. envolvedoras retr\u00e1ctiles semiautom\u00e1ticas para peque\u00f1a escala, envolvedoras retr\u00e1ctiles tipo L para mediana escala y envolvedoras retr\u00e1ctiles en l\u00ednea para alta velocidad; sistemas de tratamiento de agua y \u00f3smosis inversa tratan el agua bruta que se va a purificar agua potable, alimentaria, farmac\u00e9utica, cosm\u00e9tica, etc.<\/p><\/div>\n\t\t\t\t<\/div>\n\t\t\t\t<\/div>\n\t\t\t\t\t\t<\/div>\n\t\t\t<\/div>\n\t\t<\/div>\n\t\t\t\t\t\t<\/div>\n\t\t\t<\/div>\n\t\t<\/section>\n\t\t\t\t<section class=\"elementor-element elementor-element-6099887 elementor-section-boxed elementor-section-height-default elementor-section-height-default elementor-section elementor-top-section\" data-id=\"6099887\" data-element_type=\"section\">\n\t\t\t\t\t\t<div class=\"elementor-container elementor-column-gap-default\">\n\t\t\t\t<div class=\"elementor-row\">\n\t\t\t\t<div class=\"elementor-element elementor-element-72d53ed elementor-column elementor-col-100 elementor-top-column\" data-id=\"72d53ed\" data-element_type=\"column\">\n\t\t\t<div class=\"elementor-column-wrap  elementor-element-populated\">\n\t\t\t\t\t<div class=\"elementor-widget-wrap\">\n\t\t\t\t<div class=\"elementor-element elementor-element-0321562 elementor-widget elementor-widget-heading\" data-id=\"0321562\" data-element_type=\"widget\" data-widget_type=\"heading.default\">\n\t\t\t\t<div class=\"elementor-widget-container\">\n\t\t\t<h4 class=\"elementor-heading-title elementor-size-default\">Nuestras m\u00e1quinas de llenado y envasado se utilizan ampliamente en las siguientes industrias<\/h4>\t\t<\/div>\n\t\t\t\t<\/div>\n\t\t\t\t<div class=\"elementor-element elementor-element-31dcf88 elementor-widget elementor-widget-text-editor\" data-id=\"31dcf88\" data-element_type=\"widget\" data-widget_type=\"text-editor.default\">\n\t\t\t\t<div class=\"elementor-widget-container\">\n\t\t\t\t\t<div class=\"elementor-text-editor elementor-clearfix\"><p>Nuestras m\u00e1quinas de llenado y envasado son ampliamente utilizados en las bebidas, alimentos, productos para el hogar, productos de cuidado personal, productos farmac\u00e9uticos y biom\u00e9dicos, productos qu\u00edmicos, etc C\u00f3mo elegir un equipo adecuado es un gran reto para la puesta en marcha o algunos clientes que quieren ampliar su negocio. Nuestras m\u00e1quinas de llenado y envasado son ampliamente utilizados en bebidas, alimentos, productos para el hogar, productos de cuidado personal, productos farmac\u00e9uticos y biom\u00e9dicos, productos qu\u00edmicos, etc. \u00bfC\u00f3mo elegir un equipo adecuado es un gran reto para la puesta en marcha o algunos clientes que quieren ampliar su negocio. Depende de muchos factores, como las caracter\u00edsticas del l\u00edquido, la forma y el tama\u00f1o del envase, la geometr\u00eda y el tama\u00f1o del tap\u00f3n, la velocidad, etc. Las m\u00e1quinas monobloque de llenado y tapado por enjuague son las siguientes Las m\u00e1quinas llenadoras-taponadoras de enjuague monobloque est\u00e1n dise\u00f1adas para agua, refrescos carbonatados, zumos, bebidas, t\u00e9, leche y yogur. La m\u00e1quina llenadora por gravedad es adecuada para l\u00edquidos finos que fluyen libremente, la m\u00e1quina llenadora de pist\u00f3n es mejor para l\u00edquidos espesos y no est\u00e1 dise\u00f1ada para utilizarse con agua. la m\u00e1quina de llenado por pist\u00f3n es la mejor para l\u00edquidos espesos con o sin part\u00edculas, la m\u00e1quina de llenado por peso neto est\u00e1 dise\u00f1ada para l\u00edquidos de fabricaci\u00f3n media y alta la m\u00e1quina de llenado de l\u00edquidos corrosivos est\u00e1 especialmente dise\u00f1ada para el llenado de l\u00edquidos corrosivos, la m\u00e1quina de llenado de tap\u00f3n monobloque es la soluci\u00f3n ideal para el llenado de l\u00edquidos corrosivos. Puede hacer clic en el enlace que mejor describa su sector.<\/p><\/div>\n\t\t\t\t<\/div>\n\t\t\t\t<\/div>\n\t\t\t\t\t\t<\/div>\n\t\t\t<\/div>\n\t\t<\/div>\n\t\t\t\t\t\t<\/div>\n\t\t\t<\/div>\n\t\t<\/section>\n\t\t\t\t<section class=\"elementor-element elementor-element-b2f96a6 elementor-section-boxed elementor-section-height-default elementor-section-height-default elementor-section elementor-top-section\" data-id=\"b2f96a6\" data-element_type=\"section\">\n\t\t\t\t\t\t<div class=\"elementor-container elementor-column-gap-default\">\n\t\t\t\t<div class=\"elementor-row\">\n\t\t\t\t<div class=\"elementor-element elementor-element-e770ced elementor-column elementor-col-100 elementor-top-column\" data-id=\"e770ced\" data-element_type=\"column\">\n\t\t\t<div class=\"elementor-column-wrap  elementor-element-populated\">\n\t\t\t\t\t<div class=\"elementor-widget-wrap\">\n\t\t\t\t<div class=\"elementor-element elementor-element-13c8cc8 elementor-widget elementor-widget-heading\" data-id=\"13c8cc8\" data-element_type=\"widget\" data-widget_type=\"heading.default\">\n\t\t\t\t<div class=\"elementor-widget-container\">\n\t\t\t<h4 class=\"elementor-heading-title elementor-size-default\">Nuestro objetivo<\/h4>\t\t<\/div>\n\t\t\t\t<\/div>\n\t\t\t\t<div class=\"elementor-element elementor-element-0a452ff elementor-widget elementor-widget-text-editor\" data-id=\"0a452ff\" data-element_type=\"widget\" data-widget_type=\"text-editor.default\">\n\t\t\t\t<div class=\"elementor-widget-container\">\n\t\t\t\t\t<div class=\"elementor-text-editor elementor-clearfix\"><p>Estamos aqu\u00ed para ayudarle en la adquisici\u00f3n de maquinaria de envasado de calidad. Estamos comprometidos a proporcionar asistencia antes, durante y despu\u00e9s de la venta, y creemos que todas las preguntas y preocupaciones merecen una respuesta r\u00e1pida. Estamos comprometidos a proporcionar asistencia antes, durante y despu\u00e9s de la venta, y creemos que todas las preguntas y preocupaciones merecen una respuesta r\u00e1pida. Nuestro objetivo es ayudarle a comprar la mejor maquinaria, al mejor precio, con el plazo de entrega m\u00e1s corto. Creemos que para tener \u00e9xito, hay que ser capaz de comercializar los equipos con honestidad. Nos gustar\u00eda crecer y desarrollarnos con nuestros clientes, tanto si se trata de una empresa nueva como de una gran empresa, siempre a su lado.<\/p><\/div>\n\t\t\t\t<\/div>\n\t\t\t\t<\/div>\n\t\t\t\t\t\t<\/div>\n\t\t\t<\/div>\n\t\t<\/div>\n\t\t\t\t\t\t<\/div>\n\t\t\t<\/div>\n\t\t<\/section>\n\t\t\t\t<section class=\"elementor-element elementor-element-e24fa99 elementor-section-full_width elementor-section-height-default elementor-section-height-default elementor-section elementor-top-section\" data-id=\"e24fa99\" data-element_type=\"section\">\n\t\t\t\t\t\t<div class=\"elementor-container elementor-column-gap-default\">\n\t\t\t\t<div class=\"elementor-row\">\n\t\t\t\t<div class=\"elementor-element elementor-element-d87290a elementor-column elementor-col-100 elementor-top-column\" data-id=\"d87290a\" data-element_type=\"column\">\n\t\t\t<div class=\"elementor-column-wrap  elementor-element-populated\">\n\t\t\t\t\t<div class=\"elementor-widget-wrap\">\n\t\t\t\t<div class=\"elementor-element elementor-element-7ebbec8 elementor-widget elementor-widget-image\" data-id=\"7ebbec8\" data-element_type=\"widget\" data-widget_type=\"image.default\">\n\t\t\t\t<div class=\"elementor-widget-container\">\n\t\t\t\t\t<div class=\"elementor-image\">\n\t\t\t\t\t\t\t\t\t\t<img loading=\"lazy\" decoding=\"async\" width=\"2560\" height=\"983\" src=\"https:\/\/focusonpack.com\/wp-content\/uploads\/2023\/08\/about-scaled.jpg\" class=\"attachment-full size-full\" alt=\"\" srcset=\"https:\/\/focusonpack.com\/wp-content\/uploads\/2023\/08\/about-scaled.jpg 2560w, https:\/\/focusonpack.com\/wp-content\/uploads\/2023\/08\/about-300x115.jpg 300w, https:\/\/focusonpack.com\/wp-content\/uploads\/2023\/08\/about-1024x393.jpg 1024w, https:\/\/focusonpack.com\/wp-content\/uploads\/2023\/08\/about-768x295.jpg 768w, https:\/\/focusonpack.com\/wp-content\/uploads\/2023\/08\/about-1536x590.jpg 1536w, https:\/\/focusonpack.com\/wp-content\/uploads\/2023\/08\/about-2048x786.jpg 2048w, https:\/\/focusonpack.com\/wp-content\/uploads\/2023\/08\/about-600x230.jpg 600w\" sizes=\"auto, (max-width: 2560px) 100vw, 2560px\" \/>\t\t\t\t\t\t\t\t\t\t\t<\/div>\n\t\t\t\t<\/div>\n\t\t\t\t<\/div>\n\t\t\t\t\t\t<\/div>\n\t\t\t<\/div>\n\t\t<\/div>\n\t\t\t\t\t\t<\/div>\n\t\t\t<\/div>\n\t\t<\/section>\n\t\t\t\t\t\t<\/div>\n\t\t\t<\/div>\n\t\t<\/div>","protected":false},"excerpt":{"rendered":"<p>A leading developer and manufa&hellip;<\/p>","protected":false},"author":1,"featured_media":0,"parent":0,"menu_order":0,"comment_status":"closed","ping_status":"closed","template":"elementor_header_footer","meta":{"footnotes":""},"class_list":["post-2393","page","type-page","status-publish","hentry","no-thumb"],"yoast_head":"<!-- This site is optimized with the Yoast SEO plugin v24.8.1 - https:\/\/yoast.com\/wordpress\/plugins\/seo\/ -->\n<title>About Us - Focus on pack<\/title>\n<meta name=\"robots\" content=\"index, follow, max-snippet:-1, max-image-preview:large, max-video-preview:-1\" \/>\n<link rel=\"canonical\" href=\"https:\/\/focusonpack.com\/es\/sobre-nosotros-2\/\" \/>\n<meta property=\"og:locale\" content=\"es_ES\" \/>\n<meta property=\"og:type\" content=\"article\" \/>\n<meta property=\"og:title\" content=\"About Us - Focus on pack\" \/>\n<meta property=\"og:description\" content=\"A leading developer and manufa&hellip;\" \/>\n<meta property=\"og:url\" content=\"https:\/\/focusonpack.com\/es\/sobre-nosotros-2\/\" \/>\n<meta property=\"og:site_name\" content=\"Focus on pack\" \/>\n<meta property=\"article:modified_time\" content=\"2023-08-15T06:46:48+00:00\" \/>\n<meta property=\"og:image\" content=\"https:\/\/focusonpack.com\/wp-content\/uploads\/2023\/08\/about-scaled.jpg\" \/>\n<meta name=\"twitter:card\" content=\"summary_large_image\" \/>\n<meta name=\"twitter:label1\" content=\"Tiempo de lectura\" \/>\n\t<meta name=\"twitter:data1\" content=\"4 minutos\" \/>\n<script type=\"application\/ld+json\" class=\"yoast-schema-graph\">{\"@context\":\"https:\/\/schema.org\",\"@graph\":[{\"@type\":\"WebPage\",\"@id\":\"https:\/\/focusonpack.com\/about-us-2\/\",\"url\":\"https:\/\/focusonpack.com\/about-us-2\/\",\"name\":\"About Us - Focus on pack\",\"isPartOf\":{\"@id\":\"https:\/\/focusonpack.com\/#website\"},\"primaryImageOfPage\":{\"@id\":\"https:\/\/focusonpack.com\/about-us-2\/#primaryimage\"},\"image\":{\"@id\":\"https:\/\/focusonpack.com\/about-us-2\/#primaryimage\"},\"thumbnailUrl\":\"https:\/\/focusonpack.com\/wp-content\/uploads\/2023\/08\/about-scaled.jpg\",\"datePublished\":\"2020-05-07T08:21:45+00:00\",\"dateModified\":\"2023-08-15T06:46:48+00:00\",\"breadcrumb\":{\"@id\":\"https:\/\/focusonpack.com\/about-us-2\/#breadcrumb\"},\"inLanguage\":\"es\",\"potentialAction\":[{\"@type\":\"ReadAction\",\"target\":[\"https:\/\/focusonpack.com\/about-us-2\/\"]}]},{\"@type\":\"ImageObject\",\"inLanguage\":\"es\",\"@id\":\"https:\/\/focusonpack.com\/about-us-2\/#primaryimage\",\"url\":\"https:\/\/focusonpack.com\/wp-content\/uploads\/2023\/08\/about-scaled.jpg\",\"contentUrl\":\"https:\/\/focusonpack.com\/wp-content\/uploads\/2023\/08\/about-scaled.jpg\"},{\"@type\":\"BreadcrumbList\",\"@id\":\"https:\/\/focusonpack.com\/about-us-2\/#breadcrumb\",\"itemListElement\":[{\"@type\":\"ListItem\",\"position\":1,\"name\":\"\u9996\u9875\",\"item\":\"https:\/\/focusonpack.com\/\"},{\"@type\":\"ListItem\",\"position\":2,\"name\":\"About Us\"}]},{\"@type\":\"WebSite\",\"@id\":\"https:\/\/focusonpack.com\/#website\",\"url\":\"https:\/\/focusonpack.com\/\",\"name\":\"Focus on pack\",\"description\":\"water processing line,package machine, filling machine\",\"potentialAction\":[{\"@type\":\"SearchAction\",\"target\":{\"@type\":\"EntryPoint\",\"urlTemplate\":\"https:\/\/focusonpack.com\/?s={search_term_string}\"},\"query-input\":{\"@type\":\"PropertyValueSpecification\",\"valueRequired\":true,\"valueName\":\"search_term_string\"}}],\"inLanguage\":\"es\"}]}<\/script>\n<!-- \/ Yoast SEO plugin. -->","yoast_head_json":{"title":"About Us - Focus on pack","robots":{"index":"index","follow":"follow","max-snippet":"max-snippet:-1","max-image-preview":"max-image-preview:large","max-video-preview":"max-video-preview:-1"},"canonical":"https:\/\/focusonpack.com\/es\/sobre-nosotros-2\/","og_locale":"es_ES","og_type":"article","og_title":"About Us - Focus on pack","og_description":"A leading developer and manufa&hellip;","og_url":"https:\/\/focusonpack.com\/es\/sobre-nosotros-2\/","og_site_name":"Focus on pack","article_modified_time":"2023-08-15T06:46:48+00:00","og_image":[{"url":"https:\/\/focusonpack.com\/wp-content\/uploads\/2023\/08\/about-scaled.jpg","type":"","width":"","height":""}],"twitter_card":"summary_large_image","twitter_misc":{"Tiempo de lectura":"4 minutos"},"schema":{"@context":"https:\/\/schema.org","@graph":[{"@type":"WebPage","@id":"https:\/\/focusonpack.com\/about-us-2\/","url":"https:\/\/focusonpack.com\/about-us-2\/","name":"About Us - Focus on pack","isPartOf":{"@id":"https:\/\/focusonpack.com\/#website"},"primaryImageOfPage":{"@id":"https:\/\/focusonpack.com\/about-us-2\/#primaryimage"},"image":{"@id":"https:\/\/focusonpack.com\/about-us-2\/#primaryimage"},"thumbnailUrl":"https:\/\/focusonpack.com\/wp-content\/uploads\/2023\/08\/about-scaled.jpg","datePublished":"2020-05-07T08:21:45+00:00","dateModified":"2023-08-15T06:46:48+00:00","breadcrumb":{"@id":"https:\/\/focusonpack.com\/about-us-2\/#breadcrumb"},"inLanguage":"es","potentialAction":[{"@type":"ReadAction","target":["https:\/\/focusonpack.com\/about-us-2\/"]}]},{"@type":"ImageObject","inLanguage":"es","@id":"https:\/\/focusonpack.com\/about-us-2\/#primaryimage","url":"https:\/\/focusonpack.com\/wp-content\/uploads\/2023\/08\/about-scaled.jpg","contentUrl":"https:\/\/focusonpack.com\/wp-content\/uploads\/2023\/08\/about-scaled.jpg"},{"@type":"BreadcrumbList","@id":"https:\/\/focusonpack.com\/about-us-2\/#breadcrumb","itemListElement":[{"@type":"ListItem","position":1,"name":"\u9996\u9875","item":"https:\/\/focusonpack.com\/"},{"@type":"ListItem","position":2,"name":"About Us"}]},{"@type":"WebSite","@id":"https:\/\/focusonpack.com\/#website","url":"https:\/\/focusonpack.com\/","name":"Focus on pack","description":"water processing line,package machine, filling machine","potentialAction":[{"@type":"SearchAction","target":{"@type":"EntryPoint","urlTemplate":"https:\/\/focusonpack.com\/?s={search_term_string}"},"query-input":{"@type":"PropertyValueSpecification","valueRequired":true,"valueName":"search_term_string"}}],"inLanguage":"es"}]}},"_links":{"self":[{"href":"https:\/\/focusonpack.com\/es\/wp-json\/wp\/v2\/pages\/2393","targetHints":{"allow":["GET"]}}],"collection":[{"href":"https:\/\/focusonpack.com\/es\/wp-json\/wp\/v2\/pages"}],"about":[{"href":"https:\/\/focusonpack.com\/es\/wp-json\/wp\/v2\/types\/page"}],"author":[{"embeddable":true,"href":"https:\/\/focusonpack.com\/es\/wp-json\/wp\/v2\/users\/1"}],"replies":[{"embeddable":true,"href":"https:\/\/focusonpack.com\/es\/wp-json\/wp\/v2\/comments?post=2393"}],"version-history":[{"count":15,"href":"https:\/\/focusonpack.com\/es\/wp-json\/wp\/v2\/pages\/2393\/revisions"}],"predecessor-version":[{"id":4140,"href":"https:\/\/focusonpack.com\/es\/wp-json\/wp\/v2\/pages\/2393\/revisions\/4140"}],"wp:attachment":[{"href":"https:\/\/focusonpack.com\/es\/wp-json\/wp\/v2\/media?parent=2393"}],"curies":[{"name":"wp","href":"https:\/\/api.w.org\/{rel}","templated":true}]}}