{"id":2395,"date":"2020-05-07T16:21:48","date_gmt":"2020-05-07T08:21:48","guid":{"rendered":"https:\/\/focusonpack.com\/?page_id=2395"},"modified":"2020-05-08T16:28:38","modified_gmt":"2020-05-08T08:28:38","slug":"tech-support","status":"publish","type":"page","link":"https:\/\/focusonpack.com\/es\/soporte-tecnico\/","title":{"rendered":"Soporte t\u00e9cnico"},"content":{"rendered":"<div data-elementor-type=\"wp-page\" data-elementor-id=\"2395\" class=\"elementor elementor-2395\" data-elementor-settings=\"[]\">\n\t\t\t<div class=\"elementor-inner\">\n\t\t\t\t<div class=\"elementor-section-wrap\">\n\t\t\t\t\t\t\t<section class=\"elementor-element elementor-element-e4ee45a elementor-section-boxed elementor-section-height-default elementor-section-height-default elementor-section elementor-top-section\" data-id=\"e4ee45a\" data-element_type=\"section\">\n\t\t\t\t\t\t<div class=\"elementor-container elementor-column-gap-default\">\n\t\t\t\t<div class=\"elementor-row\">\n\t\t\t\t<div class=\"elementor-element elementor-element-b036c5f elementor-column elementor-col-100 elementor-top-column\" data-id=\"b036c5f\" data-element_type=\"column\">\n\t\t\t<div class=\"elementor-column-wrap  elementor-element-populated\">\n\t\t\t\t\t<div class=\"elementor-widget-wrap\">\n\t\t\t\t<div class=\"elementor-element elementor-element-942a5f8 elementor-widget elementor-widget-heading\" data-id=\"942a5f8\" data-element_type=\"widget\" data-widget_type=\"heading.default\">\n\t\t\t\t<div class=\"elementor-widget-container\">\n\t\t\t<h2 class=\"elementor-heading-title elementor-size-default\">C\u00f3mo construir una planta embotelladora de agua<\/h2>\t\t<\/div>\n\t\t\t\t<\/div>\n\t\t\t\t<div class=\"elementor-element elementor-element-2474fc0 elementor-widget elementor-widget-text-editor\" data-id=\"2474fc0\" data-element_type=\"widget\" data-widget_type=\"text-editor.default\">\n\t\t\t\t<div class=\"elementor-widget-container\">\n\t\t\t\t\t<div class=\"elementor-text-editor elementor-clearfix\"><p>El agua dulce es un recurso escaso e importante para el ser humano en la mayor parte del mundo.<br>Esto puede parecer extra\u00f1o, porque hay mucha agua en la Tierra, 71% de la Tierra es agua mientras que 29% es tierra. Casi toda el agua de la Tierra, m\u00e1s del 97%, es agua de mar en los oc\u00e9anos. Casi toda el agua de la Tierra, m\u00e1s del 97%, es agua de mar en los oc\u00e9anos. El resto se denomina agua dulce, porque no tiene un alto contenido en sal. La mayor parte del agua dulce del planeta est\u00e1 congelada en los grandes glaciares de la Ant\u00e1rtida y Groenlandia. Casi toda el agua dulce disponible para uso humano est\u00e1 contenida en el suelo y las rocas bajo la superficie o en la atm\u00f3sfera terrestre. Casi toda el agua dulce disponible para uso humano est\u00e1 contenida en el suelo y las rocas bajo la superficie, lo que se denomina agua subterr\u00e1nea, o en r\u00edos y lagos.<\/p><\/div>\n\t\t\t\t<\/div>\n\t\t\t\t<\/div>\n\t\t\t\t<div class=\"elementor-element elementor-element-0a44b2b elementor-widget elementor-widget-text-editor\" data-id=\"0a44b2b\" data-element_type=\"widget\" data-widget_type=\"text-editor.default\">\n\t\t\t\t<div class=\"elementor-widget-container\">\n\t\t\t\t\t<div class=\"elementor-text-editor elementor-clearfix\"><p>A medida que la econom\u00eda crece, el medio ambiente tambi\u00e9n empeora, sobre todo la contaminaci\u00f3n del agua. Hace 20 a\u00f1os pod\u00edamos ver agua limpia en el r\u00edo que nos rodea y ver peces nadando en \u00e9l, y por la noche pod\u00edamos o\u00edr el croar de las ranas en los arrozales. Ve\u00edamos agua limpia en el r\u00edo que nos rodea y peces nadando en el r\u00edo 20 a\u00f1os antes, pod\u00edamos o\u00edr el croar de las ranas en el arrozal por la noche. Sin embargo, en la mayor\u00eda de los lugares, ya no podemos ver. A nuestro alrededor hay agua contaminada y maloliente, aire sucio y ruido. En nuestra vida cotidiana, la gente utiliza el agua de muchas maneras en casa: bebiendo, cocinando, ba\u00f1\u00e1ndose, lav\u00e1ndose los dientes, lavando la ropa, los platos. En nuestra vida cotidiana, la gente utiliza el agua de muchas maneras en casa: para beber, cocinar, ba\u00f1arse, lavarse los dientes, lavar la ropa, los platos y los coches, tirar de la cadena, regar los jardines y el c\u00e9sped y llenar las piscinas.<\/p><\/div>\n\t\t\t\t<\/div>\n\t\t\t\t<\/div>\n\t\t\t\t<div class=\"elementor-element elementor-element-b9cc5be elementor-widget elementor-widget-text-editor\" data-id=\"b9cc5be\" data-element_type=\"widget\" data-widget_type=\"text-editor.default\">\n\t\t\t\t<div class=\"elementor-widget-container\">\n\t\t\t\t\t<div class=\"elementor-text-editor elementor-clearfix\"><p>El agua limpia y fresca es muy importante para la salud de nuestro cuerpo. Muchas enfermedades ocurren debido al agua contaminada. Nuestro objetivo es proporcionar los mejores equipos de agua. Nuestro objetivo es proporcionar los mejores equipos de agua para hacer agua limpia para mejorar nuestra calidad de vida y ayudar a las personas que quieren iniciar su propio negocio de agua. Hay muchos tipos de agua para beber en Hay muchos tipos de agua para beber, adem\u00e1s de agua del grifo o agua municipal, agua de manantial, agua mineral, agua purificada y agua destilada. El agua mineral contiene de forma natural muchos minerales disueltos: hierro, calcio, sulfato, potasio, etc., y tiene al menos 250 PPM (partes por parte). El agua mineral contiene de forma natural muchos minerales disueltos: hierro, calcio, sulfato, potasio, etc., y tiene al menos 250 PPM (partes por mill\u00f3n) de s\u00f3lidos disueltos totales (TDS). Para dar m\u00e1s perspectiva a esta afirmaci\u00f3n, el agua del grifo suele tener entre 300 y 400 PPM. Agua purificada - el agua m\u00e1s pura que existe, el agua purificada se refiere a la calidad del agua. Hay varias formas de alcanzar esta calidad, como la destilaci\u00f3n, la \u00f3smosis inversa o el intercambio i\u00f3nico. Para ser clasificada como purificada, el agua debe tener menos de 10 PPM. Nuestra agua embotellada pasa por un proceso de purificaci\u00f3n de 10 pasos que elimina el 99,9% de impurezas. 99,9% de impurezas, por lo que puede estar seguro de que est\u00e1 bebiendo el agua m\u00e1s pura posible.<\/p><\/div>\n\t\t\t\t<\/div>\n\t\t\t\t<\/div>\n\t\t\t\t<div class=\"elementor-element elementor-element-76e8360 elementor-widget elementor-widget-text-editor\" data-id=\"76e8360\" data-element_type=\"widget\" data-widget_type=\"text-editor.default\">\n\t\t\t\t<div class=\"elementor-widget-container\">\n\t\t\t\t\t<div class=\"elementor-text-editor elementor-clearfix\"><p>Para construir una planta embotelladora de agua, necesitamos pretratamiento (filtro multimedia, filtro de carbono, ablandador y microfiltro) y ultrafiltraci\u00f3n para agua de mina Necesitamos pretratamiento (filtro multimedia, filtro de carbono, ablandador y microfiltro) y ultrafiltraci\u00f3n para el agua de las minas; tratamiento del agua (filtro multimedia, filtro de carbono, ablandador y microfiltro) y \u00f3smosis inversa para el agua purificada; el generador de ozono se utiliza para eliminar las bacterias presentes en el agua. generador de ozono se utiliza para matar las bacterias en el agua, PET estiramiento m\u00e1quina de moldeo por soplado para producir botellas; m\u00e1quina embotelladora de agua est\u00e1 dise\u00f1ado para llenar el agua en botellas de integrar La m\u00e1quina embotelladora de agua est\u00e1 dise\u00f1ada para llenar agua en botellas integrando el enjuague (lavado), el llenado y el taponado en una sola m\u00e1quina; la codificadora de inyecci\u00f3n de tinta se utiliza para imprimir la fecha de fabricaci\u00f3n, el n\u00famero de lote y la fecha de caducidad en las botellas, los tapones o las etiquetas; la m\u00e1quina de etiquetado con funda retr\u00e1ctil La envolvedora retr\u00e1ctil agrupa y encoge el agua embotellada para su transporte.<\/p><\/div>\n\t\t\t\t<\/div>\n\t\t\t\t<\/div>\n\t\t\t\t\t\t<\/div>\n\t\t\t<\/div>\n\t\t<\/div>\n\t\t\t\t\t\t<\/div>\n\t\t\t<\/div>\n\t\t<\/section>\n\t\t\t\t\t\t<\/div>\n\t\t\t<\/div>\n\t\t<\/div>","protected":false},"excerpt":{"rendered":"<p>How to build a water bottling &hellip;<\/p>","protected":false},"author":1,"featured_media":0,"parent":0,"menu_order":0,"comment_status":"closed","ping_status":"closed","template":"elementor_header_footer","meta":{"footnotes":""},"class_list":["post-2395","page","type-page","status-publish","hentry","no-thumb"],"yoast_head":"<!-- This site is optimized with the Yoast SEO plugin v24.8.1 - https:\/\/yoast.com\/wordpress\/plugins\/seo\/ -->\n<title>Tech Support - Focus on pack<\/title>\n<meta name=\"robots\" content=\"index, follow, max-snippet:-1, max-image-preview:large, max-video-preview:-1\" \/>\n<link rel=\"canonical\" href=\"https:\/\/focusonpack.com\/es\/soporte-tecnico\/\" \/>\n<meta property=\"og:locale\" content=\"es_ES\" \/>\n<meta property=\"og:type\" content=\"article\" \/>\n<meta property=\"og:title\" content=\"Tech Support - Focus on pack\" \/>\n<meta property=\"og:description\" content=\"How to build a water bottling &hellip;\" \/>\n<meta property=\"og:url\" content=\"https:\/\/focusonpack.com\/es\/soporte-tecnico\/\" \/>\n<meta property=\"og:site_name\" content=\"Focus on pack\" \/>\n<meta property=\"article:modified_time\" content=\"2020-05-08T08:28:38+00:00\" \/>\n<meta name=\"twitter:card\" content=\"summary_large_image\" \/>\n<meta name=\"twitter:label1\" content=\"Tiempo de lectura\" \/>\n\t<meta name=\"twitter:data1\" content=\"3 minutos\" \/>\n<script type=\"application\/ld+json\" class=\"yoast-schema-graph\">{\"@context\":\"https:\/\/schema.org\",\"@graph\":[{\"@type\":\"WebPage\",\"@id\":\"https:\/\/focusonpack.com\/tech-support\/\",\"url\":\"https:\/\/focusonpack.com\/tech-support\/\",\"name\":\"Tech Support - Focus on pack\",\"isPartOf\":{\"@id\":\"https:\/\/focusonpack.com\/#website\"},\"datePublished\":\"2020-05-07T08:21:48+00:00\",\"dateModified\":\"2020-05-08T08:28:38+00:00\",\"breadcrumb\":{\"@id\":\"https:\/\/focusonpack.com\/tech-support\/#breadcrumb\"},\"inLanguage\":\"es\",\"potentialAction\":[{\"@type\":\"ReadAction\",\"target\":[\"https:\/\/focusonpack.com\/tech-support\/\"]}]},{\"@type\":\"BreadcrumbList\",\"@id\":\"https:\/\/focusonpack.com\/tech-support\/#breadcrumb\",\"itemListElement\":[{\"@type\":\"ListItem\",\"position\":1,\"name\":\"\u9996\u9875\",\"item\":\"https:\/\/focusonpack.com\/\"},{\"@type\":\"ListItem\",\"position\":2,\"name\":\"Tech Support\"}]},{\"@type\":\"WebSite\",\"@id\":\"https:\/\/focusonpack.com\/#website\",\"url\":\"https:\/\/focusonpack.com\/\",\"name\":\"Focus on pack\",\"description\":\"water processing line,package machine, filling machine\",\"potentialAction\":[{\"@type\":\"SearchAction\",\"target\":{\"@type\":\"EntryPoint\",\"urlTemplate\":\"https:\/\/focusonpack.com\/?s={search_term_string}\"},\"query-input\":{\"@type\":\"PropertyValueSpecification\",\"valueRequired\":true,\"valueName\":\"search_term_string\"}}],\"inLanguage\":\"es\"}]}<\/script>\n<!-- \/ Yoast SEO plugin. -->","yoast_head_json":{"title":"Tech Support - Focus on pack","robots":{"index":"index","follow":"follow","max-snippet":"max-snippet:-1","max-image-preview":"max-image-preview:large","max-video-preview":"max-video-preview:-1"},"canonical":"https:\/\/focusonpack.com\/es\/soporte-tecnico\/","og_locale":"es_ES","og_type":"article","og_title":"Tech Support - Focus on pack","og_description":"How to build a water bottling &hellip;","og_url":"https:\/\/focusonpack.com\/es\/soporte-tecnico\/","og_site_name":"Focus on pack","article_modified_time":"2020-05-08T08:28:38+00:00","twitter_card":"summary_large_image","twitter_misc":{"Tiempo de lectura":"3 minutos"},"schema":{"@context":"https:\/\/schema.org","@graph":[{"@type":"WebPage","@id":"https:\/\/focusonpack.com\/tech-support\/","url":"https:\/\/focusonpack.com\/tech-support\/","name":"Tech Support - Focus on pack","isPartOf":{"@id":"https:\/\/focusonpack.com\/#website"},"datePublished":"2020-05-07T08:21:48+00:00","dateModified":"2020-05-08T08:28:38+00:00","breadcrumb":{"@id":"https:\/\/focusonpack.com\/tech-support\/#breadcrumb"},"inLanguage":"es","potentialAction":[{"@type":"ReadAction","target":["https:\/\/focusonpack.com\/tech-support\/"]}]},{"@type":"BreadcrumbList","@id":"https:\/\/focusonpack.com\/tech-support\/#breadcrumb","itemListElement":[{"@type":"ListItem","position":1,"name":"\u9996\u9875","item":"https:\/\/focusonpack.com\/"},{"@type":"ListItem","position":2,"name":"Tech Support"}]},{"@type":"WebSite","@id":"https:\/\/focusonpack.com\/#website","url":"https:\/\/focusonpack.com\/","name":"Focus on pack","description":"water processing line,package machine, filling machine","potentialAction":[{"@type":"SearchAction","target":{"@type":"EntryPoint","urlTemplate":"https:\/\/focusonpack.com\/?s={search_term_string}"},"query-input":{"@type":"PropertyValueSpecification","valueRequired":true,"valueName":"search_term_string"}}],"inLanguage":"es"}]}},"_links":{"self":[{"href":"https:\/\/focusonpack.com\/es\/wp-json\/wp\/v2\/pages\/2395","targetHints":{"allow":["GET"]}}],"collection":[{"href":"https:\/\/focusonpack.com\/es\/wp-json\/wp\/v2\/pages"}],"about":[{"href":"https:\/\/focusonpack.com\/es\/wp-json\/wp\/v2\/types\/page"}],"author":[{"embeddable":true,"href":"https:\/\/focusonpack.com\/es\/wp-json\/wp\/v2\/users\/1"}],"replies":[{"embeddable":true,"href":"https:\/\/focusonpack.com\/es\/wp-json\/wp\/v2\/comments?post=2395"}],"version-history":[{"count":6,"href":"https:\/\/focusonpack.com\/es\/wp-json\/wp\/v2\/pages\/2395\/revisions"}],"predecessor-version":[{"id":2662,"href":"https:\/\/focusonpack.com\/es\/wp-json\/wp\/v2\/pages\/2395\/revisions\/2662"}],"wp:attachment":[{"href":"https:\/\/focusonpack.com\/es\/wp-json\/wp\/v2\/media?parent=2395"}],"curies":[{"name":"wp","href":"https:\/\/api.w.org\/{rel}","templated":true}]}}