{"id":2493,"date":"2020-05-08T10:34:52","date_gmt":"2020-05-08T02:34:52","guid":{"rendered":"https:\/\/focusonpack.com\/?page_id=2493"},"modified":"2025-03-29T16:37:39","modified_gmt":"2025-03-29T08:37:39","slug":"corrosive-liquid-filling-machine","status":"publish","type":"page","link":"https:\/\/focusonpack.com\/es\/maquina-de-llenado-de-liquidos-corrosivos\/","title":{"rendered":"M\u00e1quina llenadora de l\u00edquidos corrosivos"},"content":{"rendered":"<div data-elementor-type=\"wp-page\" data-elementor-id=\"2493\" class=\"elementor elementor-2493\" data-elementor-settings=\"[]\">\n\t\t\t<div class=\"elementor-inner\">\n\t\t\t\t<div class=\"elementor-section-wrap\">\n\t\t\t\t\t\t\t<section class=\"elementor-element elementor-element-5763f83b elementor-section-boxed elementor-section-height-default elementor-section-height-default elementor-section elementor-top-section\" data-id=\"5763f83b\" data-element_type=\"section\">\n\t\t\t\t\t\t<div class=\"elementor-container elementor-column-gap-default\">\n\t\t\t\t<div class=\"elementor-row\">\n\t\t\t\t<div class=\"elementor-element elementor-element-76b8c674 elementor-column elementor-col-100 elementor-top-column\" data-id=\"76b8c674\" data-element_type=\"column\">\n\t\t\t<div class=\"elementor-column-wrap  elementor-element-populated\">\n\t\t\t\t\t<div class=\"elementor-widget-wrap\">\n\t\t\t\t<div class=\"elementor-element elementor-element-4a8779c4 elementor-widget elementor-widget-heading\" data-id=\"4a8779c4\" data-element_type=\"widget\" data-widget_type=\"heading.default\">\n\t\t\t\t<div class=\"elementor-widget-container\">\n\t\t\t<h3 class=\"elementor-heading-title elementor-size-default\">M\u00e1quina llenadora de l\u00edquidos corrosivos<\/h3>\t\t<\/div>\n\t\t\t\t<\/div>\n\t\t\t\t<div class=\"elementor-element elementor-element-b9ba559 elementor-widget elementor-widget-text-editor\" data-id=\"b9ba559\" data-element_type=\"widget\" data-widget_type=\"text-editor.default\">\n\t\t\t\t<div class=\"elementor-widget-container\">\n\t\t\t\t\t<div class=\"elementor-text-editor elementor-clearfix\"><p>La m\u00e1quina de llenado de l\u00edquidos corrosivos est\u00e1 fabricada con material pl\u00e1stico resistente a la corrosi\u00f3n y especialmente dise\u00f1ada para su uso en entornos dif\u00edciles en los que los l\u00edquidos y gases c\u00e1usticos provocan un deterioro acelerado de la maquinaria de llenado est\u00e1ndar. La m\u00e1quina de llenado de l\u00edquidos corrosivos est\u00e1 fabricada con material pl\u00e1stico resistente a la corrosi\u00f3n y especialmente dise\u00f1ada para su uso en entornos hostiles en los que los l\u00edquidos y gases c\u00e1usticos provocan un deterioro acelerado de la maquinaria de llenado est\u00e1ndar.\u00a0<\/p><p>Productos recomendados para esta m\u00e1quina Desinfectante, \u00e1cido, lej\u00eda, amon\u00edaco, salmuera, soluci\u00f3n salina, l\u00edquido c\u00e1ustico, alcohol, pesticida para insectos, disolvente Alcohol, etc.<\/p><\/div>\n\t\t\t\t<\/div>\n\t\t\t\t<\/div>\n\t\t\t\t\t\t<\/div>\n\t\t\t<\/div>\n\t\t<\/div>\n\t\t\t\t\t\t<\/div>\n\t\t\t<\/div>\n\t\t<\/section>\n\t\t\t\t<section class=\"elementor-element elementor-element-349fe6d7 elementor-section-boxed elementor-section-height-default elementor-section-height-default elementor-section elementor-top-section\" data-id=\"349fe6d7\" data-element_type=\"section\">\n\t\t\t\t\t\t<div class=\"elementor-container elementor-column-gap-default\">\n\t\t\t\t<div class=\"elementor-row\">\n\t\t\t\t<div class=\"elementor-element elementor-element-1f7d180f elementor-column elementor-col-100 elementor-top-column\" data-id=\"1f7d180f\" data-element_type=\"column\">\n\t\t\t<div class=\"elementor-column-wrap  elementor-element-populated\">\n\t\t\t\t\t<div class=\"elementor-widget-wrap\">\n\t\t\t\t<div class=\"elementor-element elementor-element-4292d498 elementor-widget elementor-widget-divider\" data-id=\"4292d498\" data-element_type=\"widget\" data-widget_type=\"divider.default\">\n\t\t\t\t<div class=\"elementor-widget-container\">\n\t\t\t\t\t<div class=\"elementor-divider\">\n\t\t\t<span class=\"elementor-divider-separator\">\n\t\t\t\t\t\t<\/span>\n\t\t<\/div>\n\t\t\t\t<\/div>\n\t\t\t\t<\/div>\n\t\t\t\t\t\t<\/div>\n\t\t\t<\/div>\n\t\t<\/div>\n\t\t\t\t\t\t<\/div>\n\t\t\t<\/div>\n\t\t<\/section>\n\t\t\t\t<section class=\"elementor-element elementor-element-4557cbb9 elementor-section-boxed elementor-section-height-default elementor-section-height-default elementor-section elementor-top-section\" data-id=\"4557cbb9\" data-element_type=\"section\">\n\t\t\t\t\t\t<div class=\"elementor-container elementor-column-gap-default\">\n\t\t\t\t<div class=\"elementor-row\">\n\t\t\t\t<div class=\"elementor-element elementor-element-3968929a elementor-column elementor-col-50 elementor-top-column\" data-id=\"3968929a\" data-element_type=\"column\">\n\t\t\t<div class=\"elementor-column-wrap  elementor-element-populated\">\n\t\t\t\t\t<div class=\"elementor-widget-wrap\">\n\t\t\t\t<div class=\"elementor-element elementor-element-3e71d22b elementor-widget elementor-widget-image\" data-id=\"3e71d22b\" data-element_type=\"widget\" data-widget_type=\"image.default\">\n\t\t\t\t<div class=\"elementor-widget-container\">\n\t\t\t\t\t<div class=\"elementor-image\">\n\t\t\t\t\t\t\t\t\t\t<img loading=\"lazy\" decoding=\"async\" width=\"303\" height=\"404\" src=\"https:\/\/focusonpack.com\/wp-content\/uploads\/2023\/07\/corrosive11.jpg\" class=\"elementor-animation-grow attachment-full size-full\" alt=\"\" srcset=\"https:\/\/focusonpack.com\/wp-content\/uploads\/2023\/07\/corrosive11.jpg 303w, https:\/\/focusonpack.com\/wp-content\/uploads\/2023\/07\/corrosive11-225x300.jpg 225w\" sizes=\"auto, (max-width: 303px) 100vw, 303px\" \/>\t\t\t\t\t\t\t\t\t\t\t<\/div>\n\t\t\t\t<\/div>\n\t\t\t\t<\/div>\n\t\t\t\t\t\t<\/div>\n\t\t\t<\/div>\n\t\t<\/div>\n\t\t\t\t<div class=\"elementor-element elementor-element-707e8180 elementor-column elementor-col-50 elementor-top-column\" data-id=\"707e8180\" data-element_type=\"column\">\n\t\t\t<div class=\"elementor-column-wrap  elementor-element-populated\">\n\t\t\t\t\t<div class=\"elementor-widget-wrap\">\n\t\t\t\t<div class=\"elementor-element elementor-element-6842cd82 elementor-widget elementor-widget-heading\" data-id=\"6842cd82\" data-element_type=\"widget\" data-widget_type=\"heading.default\">\n\t\t\t\t<div class=\"elementor-widget-container\">\n\t\t\t<h3 class=\"elementor-heading-title elementor-size-default\">M\u00e1quina llenadora semiautom\u00e1tica de l\u00edquidos corrosivos<\/h3>\t\t<\/div>\n\t\t\t\t<\/div>\n\t\t\t\t<div class=\"elementor-element elementor-element-4cb63d3a elementor-widget elementor-widget-text-editor\" data-id=\"4cb63d3a\" data-element_type=\"widget\" data-widget_type=\"text-editor.default\">\n\t\t\t\t<div class=\"elementor-widget-container\">\n\t\t\t\t\t<div class=\"elementor-text-editor elementor-clearfix\"><p>La m\u00e1quina de llenado semiautom\u00e1tica resistente a la corrosi\u00f3n es una m\u00e1quina de llenado volum\u00e9trico de flujo temporizado especialmente dise\u00f1ada y fabricada con material resistente a la corrosi\u00f3n adaptado al producto que se va a utilizar en entornos en los que los l\u00edquidos y gases c\u00e1usticos provocan un deterioro acelerado de la maquinaria de llenado est\u00e1ndar. Las m\u00e1quinas llenadoras volum\u00e9tricas de l\u00edquidos corrosivos est\u00e1n dise\u00f1adas y construidas con material resistente a la corrosi\u00f3n adaptado al producto y destinadas a su uso en entornos en los que los l\u00edquidos y gases c\u00e1usticos provocan un deterioro acelerado de la maquinaria de llenado est\u00e1ndar. La m\u00e1quina de llenado de l\u00edquidos corrosivos es ideal para productos qu\u00edmicos, \u00e1cidos, lej\u00eda, amon\u00edaco, salmueras, soluciones salinas y otros l\u00edquidos corrosivos similares. La m\u00e1quina de llenado de l\u00edquidos corrosivos es ideal para productos qu\u00edmicos, \u00e1cidos, lej\u00eda, amon\u00edaco, salmueras, soluciones salinas y otros l\u00edquidos similares.<\/p><\/div>\n\t\t\t\t<\/div>\n\t\t\t\t<\/div>\n\t\t\t\t<div class=\"elementor-element elementor-element-2bb3a9fc elementor-button-info elementor-align-left elementor-widget elementor-widget-button\" data-id=\"2bb3a9fc\" data-element_type=\"widget\" data-widget_type=\"button.default\">\n\t\t\t\t<div class=\"elementor-widget-container\">\n\t\t\t\t\t<div class=\"elementor-button-wrapper\">\n\t\t\t<a href=\"https:\/\/focusonpack.com\/es\/semi-automatic-corrosive-liquid-filling-machine\/\" class=\"elementor-button-link elementor-button elementor-size-sm\" role=\"button\">\n\t\t\t\t\t\t<span class=\"elementor-button-content-wrapper\">\n\t\t\t\t\t\t<span class=\"elementor-button-text\">Productos<\/span>\n\t\t<\/span>\n\t\t\t\t\t<\/a>\n\t\t<\/div>\n\t\t\t\t<\/div>\n\t\t\t\t<\/div>\n\t\t\t\t\t\t<\/div>\n\t\t\t<\/div>\n\t\t<\/div>\n\t\t\t\t\t\t<\/div>\n\t\t\t<\/div>\n\t\t<\/section>\n\t\t\t\t<section class=\"elementor-element elementor-element-5f5623b7 elementor-section-boxed elementor-section-height-default elementor-section-height-default elementor-section elementor-top-section\" data-id=\"5f5623b7\" data-element_type=\"section\">\n\t\t\t\t\t\t<div class=\"elementor-container elementor-column-gap-default\">\n\t\t\t\t<div class=\"elementor-row\">\n\t\t\t\t<div class=\"elementor-element elementor-element-53c053af elementor-column elementor-col-100 elementor-top-column\" data-id=\"53c053af\" data-element_type=\"column\">\n\t\t\t<div class=\"elementor-column-wrap  elementor-element-populated\">\n\t\t\t\t\t<div class=\"elementor-widget-wrap\">\n\t\t\t\t<div class=\"elementor-element elementor-element-2992c0c4 elementor-widget elementor-widget-divider\" data-id=\"2992c0c4\" data-element_type=\"widget\" data-widget_type=\"divider.default\">\n\t\t\t\t<div class=\"elementor-widget-container\">\n\t\t\t\t\t<div class=\"elementor-divider\">\n\t\t\t<span class=\"elementor-divider-separator\">\n\t\t\t\t\t\t<\/span>\n\t\t<\/div>\n\t\t\t\t<\/div>\n\t\t\t\t<\/div>\n\t\t\t\t\t\t<\/div>\n\t\t\t<\/div>\n\t\t<\/div>\n\t\t\t\t\t\t<\/div>\n\t\t\t<\/div>\n\t\t<\/section>\n\t\t\t\t<section class=\"elementor-element elementor-element-a5297ea elementor-section-boxed elementor-section-height-default elementor-section-height-default elementor-section elementor-top-section\" data-id=\"a5297ea\" data-element_type=\"section\">\n\t\t\t\t\t\t<div class=\"elementor-container elementor-column-gap-default\">\n\t\t\t\t<div class=\"elementor-row\">\n\t\t\t\t<div class=\"elementor-element elementor-element-66e05c57 elementor-column elementor-col-50 elementor-top-column\" data-id=\"66e05c57\" data-element_type=\"column\">\n\t\t\t<div class=\"elementor-column-wrap  elementor-element-populated\">\n\t\t\t\t\t<div class=\"elementor-widget-wrap\">\n\t\t\t\t<div class=\"elementor-element elementor-element-451d22e6 elementor-widget elementor-widget-image\" data-id=\"451d22e6\" data-element_type=\"widget\" data-widget_type=\"image.default\">\n\t\t\t\t<div class=\"elementor-widget-container\">\n\t\t\t\t\t<div class=\"elementor-image\">\n\t\t\t\t\t\t\t\t\t\t<img loading=\"lazy\" decoding=\"async\" width=\"303\" height=\"320\" src=\"https:\/\/focusonpack.com\/wp-content\/uploads\/2023\/07\/corrosive22.jpg\" class=\"elementor-animation-grow attachment-full size-full\" alt=\"\" srcset=\"https:\/\/focusonpack.com\/wp-content\/uploads\/2023\/07\/corrosive22.jpg 303w, https:\/\/focusonpack.com\/wp-content\/uploads\/2023\/07\/corrosive22-284x300.jpg 284w\" sizes=\"auto, (max-width: 303px) 100vw, 303px\" \/>\t\t\t\t\t\t\t\t\t\t\t<\/div>\n\t\t\t\t<\/div>\n\t\t\t\t<\/div>\n\t\t\t\t\t\t<\/div>\n\t\t\t<\/div>\n\t\t<\/div>\n\t\t\t\t<div class=\"elementor-element elementor-element-38047528 elementor-column elementor-col-50 elementor-top-column\" data-id=\"38047528\" data-element_type=\"column\">\n\t\t\t<div class=\"elementor-column-wrap  elementor-element-populated\">\n\t\t\t\t\t<div class=\"elementor-widget-wrap\">\n\t\t\t\t<div class=\"elementor-element elementor-element-8ab8fb7 elementor-widget elementor-widget-heading\" data-id=\"8ab8fb7\" data-element_type=\"widget\" data-widget_type=\"heading.default\">\n\t\t\t\t<div class=\"elementor-widget-container\">\n\t\t\t<h3 class=\"elementor-heading-title elementor-size-default\">M\u00e1quina llenadora autom\u00e1tica de l\u00edquidos corrosivos<\/h3>\t\t<\/div>\n\t\t\t\t<\/div>\n\t\t\t\t<div class=\"elementor-element elementor-element-b65f4b2 elementor-widget elementor-widget-text-editor\" data-id=\"b65f4b2\" data-element_type=\"widget\" data-widget_type=\"text-editor.default\">\n\t\t\t\t<div class=\"elementor-widget-container\">\n\t\t\t\t\t<div class=\"elementor-text-editor elementor-clearfix\"><p>Las m\u00e1quinas de llenado autom\u00e1tico de l\u00edquidos corrosivos est\u00e1n dise\u00f1adas para soportar l\u00edquidos y entornos agresivos. Cada m\u00e1quina de llenado est\u00e1 fabricada con materiales pl\u00e1sticos resistentes a la corrosi\u00f3n, hechos a medida para tolerar entornos corrosivos y adecuados para los productos a los que est\u00e1n destinados, incluidos productos qu\u00edmicos y farmac\u00e9uticos. Todas las m\u00e1quinas de llenado est\u00e1n fabricadas con materiales pl\u00e1sticos resistentes a la corrosi\u00f3n, hechos a medida para soportar entornos corrosivos y adecuados para los productos a los que se destinan, incluidos los productos qu\u00edmicos y farmac\u00e9uticos. plantas que producen \u00e1cido fuerte o lej\u00eda, sino tambi\u00e9n plantas alimentarias que utilizan salmuera o soluciones azucaradas en sus productos. En ambos casos, incluso el aire de la f\u00e1brica por s\u00ed solo contribuye a la degradaci\u00f3n acelerada de la planta. contribuye a la degradaci\u00f3n acelerada de la maquinaria.<\/p><\/div>\n\t\t\t\t<\/div>\n\t\t\t\t<\/div>\n\t\t\t\t<div class=\"elementor-element elementor-element-604ca9de elementor-button-info elementor-align-left elementor-widget elementor-widget-button\" data-id=\"604ca9de\" data-element_type=\"widget\" data-widget_type=\"button.default\">\n\t\t\t\t<div class=\"elementor-widget-container\">\n\t\t\t\t\t<div class=\"elementor-button-wrapper\">\n\t\t\t<a href=\"https:\/\/focusonpack.com\/es\/automatic-corrosive-liquid-filling-machine\/\" class=\"elementor-button-link elementor-button elementor-size-sm\" role=\"button\">\n\t\t\t\t\t\t<span class=\"elementor-button-content-wrapper\">\n\t\t\t\t\t\t<span class=\"elementor-button-text\">Productos<\/span>\n\t\t<\/span>\n\t\t\t\t\t<\/a>\n\t\t<\/div>\n\t\t\t\t<\/div>\n\t\t\t\t<\/div>\n\t\t\t\t\t\t<\/div>\n\t\t\t<\/div>\n\t\t<\/div>\n\t\t\t\t\t\t<\/div>\n\t\t\t<\/div>\n\t\t<\/section>\n\t\t\t\t\t\t<\/div>\n\t\t\t<\/div>\n\t\t<\/div>","protected":false},"excerpt":{"rendered":"<p>Corrosive Liquid Filling Machi&hellip;<\/p>","protected":false},"author":1,"featured_media":0,"parent":0,"menu_order":0,"comment_status":"closed","ping_status":"closed","template":"elementor_header_footer","meta":{"footnotes":""},"class_list":["post-2493","page","type-page","status-publish","hentry","no-thumb"],"yoast_head":"<!-- This site is optimized with the Yoast SEO plugin v24.8.1 - https:\/\/yoast.com\/wordpress\/plugins\/seo\/ -->\n<title>Corrosive Liquid Filling Machine - Focus on pack<\/title>\n<meta name=\"robots\" content=\"index, follow, max-snippet:-1, max-image-preview:large, max-video-preview:-1\" \/>\n<link rel=\"canonical\" href=\"https:\/\/focusonpack.com\/es\/maquina-de-llenado-de-liquidos-corrosivos\/\" \/>\n<meta property=\"og:locale\" content=\"es_ES\" \/>\n<meta property=\"og:type\" content=\"article\" \/>\n<meta property=\"og:title\" content=\"Corrosive Liquid Filling Machine - Focus on pack\" \/>\n<meta property=\"og:description\" content=\"Corrosive Liquid Filling Machi&hellip;\" \/>\n<meta property=\"og:url\" content=\"https:\/\/focusonpack.com\/es\/maquina-de-llenado-de-liquidos-corrosivos\/\" \/>\n<meta property=\"og:site_name\" content=\"Focus on pack\" \/>\n<meta property=\"article:modified_time\" content=\"2025-03-29T08:37:39+00:00\" \/>\n<meta property=\"og:image\" content=\"https:\/\/focusonpack.com\/wp-content\/uploads\/2023\/07\/corrosive11.jpg\" \/>\n<meta name=\"twitter:card\" content=\"summary_large_image\" \/>\n<meta name=\"twitter:label1\" content=\"Tiempo de lectura\" \/>\n\t<meta name=\"twitter:data1\" content=\"1 minuto\" \/>\n<script type=\"application\/ld+json\" class=\"yoast-schema-graph\">{\"@context\":\"https:\/\/schema.org\",\"@graph\":[{\"@type\":\"WebPage\",\"@id\":\"https:\/\/focusonpack.com\/corrosive-liquid-filling-machine\/\",\"url\":\"https:\/\/focusonpack.com\/corrosive-liquid-filling-machine\/\",\"name\":\"Corrosive Liquid Filling Machine - Focus on pack\",\"isPartOf\":{\"@id\":\"https:\/\/focusonpack.com\/#website\"},\"primaryImageOfPage\":{\"@id\":\"https:\/\/focusonpack.com\/corrosive-liquid-filling-machine\/#primaryimage\"},\"image\":{\"@id\":\"https:\/\/focusonpack.com\/corrosive-liquid-filling-machine\/#primaryimage\"},\"thumbnailUrl\":\"https:\/\/focusonpack.com\/wp-content\/uploads\/2023\/07\/corrosive11.jpg\",\"datePublished\":\"2020-05-08T02:34:52+00:00\",\"dateModified\":\"2025-03-29T08:37:39+00:00\",\"breadcrumb\":{\"@id\":\"https:\/\/focusonpack.com\/corrosive-liquid-filling-machine\/#breadcrumb\"},\"inLanguage\":\"es\",\"potentialAction\":[{\"@type\":\"ReadAction\",\"target\":[\"https:\/\/focusonpack.com\/corrosive-liquid-filling-machine\/\"]}]},{\"@type\":\"ImageObject\",\"inLanguage\":\"es\",\"@id\":\"https:\/\/focusonpack.com\/corrosive-liquid-filling-machine\/#primaryimage\",\"url\":\"https:\/\/focusonpack.com\/wp-content\/uploads\/2023\/07\/corrosive11.jpg\",\"contentUrl\":\"https:\/\/focusonpack.com\/wp-content\/uploads\/2023\/07\/corrosive11.jpg\"},{\"@type\":\"BreadcrumbList\",\"@id\":\"https:\/\/focusonpack.com\/corrosive-liquid-filling-machine\/#breadcrumb\",\"itemListElement\":[{\"@type\":\"ListItem\",\"position\":1,\"name\":\"\u9996\u9875\",\"item\":\"https:\/\/focusonpack.com\/\"},{\"@type\":\"ListItem\",\"position\":2,\"name\":\"Corrosive Liquid Filling Machine\"}]},{\"@type\":\"WebSite\",\"@id\":\"https:\/\/focusonpack.com\/#website\",\"url\":\"https:\/\/focusonpack.com\/\",\"name\":\"Focus on pack\",\"description\":\"water processing line,package machine, filling machine\",\"potentialAction\":[{\"@type\":\"SearchAction\",\"target\":{\"@type\":\"EntryPoint\",\"urlTemplate\":\"https:\/\/focusonpack.com\/?s={search_term_string}\"},\"query-input\":{\"@type\":\"PropertyValueSpecification\",\"valueRequired\":true,\"valueName\":\"search_term_string\"}}],\"inLanguage\":\"es\"}]}<\/script>\n<!-- \/ Yoast SEO plugin. -->","yoast_head_json":{"title":"Corrosive Liquid Filling Machine - Focus on pack","robots":{"index":"index","follow":"follow","max-snippet":"max-snippet:-1","max-image-preview":"max-image-preview:large","max-video-preview":"max-video-preview:-1"},"canonical":"https:\/\/focusonpack.com\/es\/maquina-de-llenado-de-liquidos-corrosivos\/","og_locale":"es_ES","og_type":"article","og_title":"Corrosive Liquid Filling Machine - Focus on pack","og_description":"Corrosive Liquid Filling Machi&hellip;","og_url":"https:\/\/focusonpack.com\/es\/maquina-de-llenado-de-liquidos-corrosivos\/","og_site_name":"Focus on pack","article_modified_time":"2025-03-29T08:37:39+00:00","og_image":[{"url":"https:\/\/focusonpack.com\/wp-content\/uploads\/2023\/07\/corrosive11.jpg","type":"","width":"","height":""}],"twitter_card":"summary_large_image","twitter_misc":{"Tiempo de lectura":"1 minuto"},"schema":{"@context":"https:\/\/schema.org","@graph":[{"@type":"WebPage","@id":"https:\/\/focusonpack.com\/corrosive-liquid-filling-machine\/","url":"https:\/\/focusonpack.com\/corrosive-liquid-filling-machine\/","name":"Corrosive Liquid Filling Machine - Focus on pack","isPartOf":{"@id":"https:\/\/focusonpack.com\/#website"},"primaryImageOfPage":{"@id":"https:\/\/focusonpack.com\/corrosive-liquid-filling-machine\/#primaryimage"},"image":{"@id":"https:\/\/focusonpack.com\/corrosive-liquid-filling-machine\/#primaryimage"},"thumbnailUrl":"https:\/\/focusonpack.com\/wp-content\/uploads\/2023\/07\/corrosive11.jpg","datePublished":"2020-05-08T02:34:52+00:00","dateModified":"2025-03-29T08:37:39+00:00","breadcrumb":{"@id":"https:\/\/focusonpack.com\/corrosive-liquid-filling-machine\/#breadcrumb"},"inLanguage":"es","potentialAction":[{"@type":"ReadAction","target":["https:\/\/focusonpack.com\/corrosive-liquid-filling-machine\/"]}]},{"@type":"ImageObject","inLanguage":"es","@id":"https:\/\/focusonpack.com\/corrosive-liquid-filling-machine\/#primaryimage","url":"https:\/\/focusonpack.com\/wp-content\/uploads\/2023\/07\/corrosive11.jpg","contentUrl":"https:\/\/focusonpack.com\/wp-content\/uploads\/2023\/07\/corrosive11.jpg"},{"@type":"BreadcrumbList","@id":"https:\/\/focusonpack.com\/corrosive-liquid-filling-machine\/#breadcrumb","itemListElement":[{"@type":"ListItem","position":1,"name":"\u9996\u9875","item":"https:\/\/focusonpack.com\/"},{"@type":"ListItem","position":2,"name":"Corrosive Liquid Filling Machine"}]},{"@type":"WebSite","@id":"https:\/\/focusonpack.com\/#website","url":"https:\/\/focusonpack.com\/","name":"Focus on pack","description":"water processing line,package machine, filling machine","potentialAction":[{"@type":"SearchAction","target":{"@type":"EntryPoint","urlTemplate":"https:\/\/focusonpack.com\/?s={search_term_string}"},"query-input":{"@type":"PropertyValueSpecification","valueRequired":true,"valueName":"search_term_string"}}],"inLanguage":"es"}]}},"_links":{"self":[{"href":"https:\/\/focusonpack.com\/es\/wp-json\/wp\/v2\/pages\/2493","targetHints":{"allow":["GET"]}}],"collection":[{"href":"https:\/\/focusonpack.com\/es\/wp-json\/wp\/v2\/pages"}],"about":[{"href":"https:\/\/focusonpack.com\/es\/wp-json\/wp\/v2\/types\/page"}],"author":[{"embeddable":true,"href":"https:\/\/focusonpack.com\/es\/wp-json\/wp\/v2\/users\/1"}],"replies":[{"embeddable":true,"href":"https:\/\/focusonpack.com\/es\/wp-json\/wp\/v2\/comments?post=2493"}],"version-history":[{"count":13,"href":"https:\/\/focusonpack.com\/es\/wp-json\/wp\/v2\/pages\/2493\/revisions"}],"predecessor-version":[{"id":4634,"href":"https:\/\/focusonpack.com\/es\/wp-json\/wp\/v2\/pages\/2493\/revisions\/4634"}],"wp:attachment":[{"href":"https:\/\/focusonpack.com\/es\/wp-json\/wp\/v2\/media?parent=2493"}],"curies":[{"name":"wp","href":"https:\/\/api.w.org\/{rel}","templated":true}]}}