{"id":2497,"date":"2020-05-08T10:35:08","date_gmt":"2020-05-08T02:35:08","guid":{"rendered":"https:\/\/focusonpack.com\/?page_id=2497"},"modified":"2025-03-27T15:48:20","modified_gmt":"2025-03-27T07:48:20","slug":"milk-yogurt-filling-machine","status":"publish","type":"page","link":"https:\/\/focusonpack.com\/es\/maquina-llenadora-de-yogur-de-leche\/","title":{"rendered":"M\u00e1quina llenadora de yogur de leche"},"content":{"rendered":"<div data-elementor-type=\"wp-page\" data-elementor-id=\"2497\" class=\"elementor elementor-2497\" data-elementor-settings=\"[]\">\n\t\t\t<div class=\"elementor-inner\">\n\t\t\t\t<div class=\"elementor-section-wrap\">\n\t\t\t\t\t\t\t<section class=\"elementor-element elementor-element-3e90c9d8 elementor-section-boxed elementor-section-height-default elementor-section-height-default elementor-section elementor-top-section\" data-id=\"3e90c9d8\" data-element_type=\"section\">\n\t\t\t\t\t\t<div class=\"elementor-container elementor-column-gap-default\">\n\t\t\t\t<div class=\"elementor-row\">\n\t\t\t\t<div class=\"elementor-element elementor-element-1e52c76c elementor-column elementor-col-100 elementor-top-column\" data-id=\"1e52c76c\" data-element_type=\"column\">\n\t\t\t<div class=\"elementor-column-wrap  elementor-element-populated\">\n\t\t\t\t\t<div class=\"elementor-widget-wrap\">\n\t\t\t\t<div class=\"elementor-element elementor-element-44a42eef elementor-widget elementor-widget-heading\" data-id=\"44a42eef\" data-element_type=\"widget\" data-widget_type=\"heading.default\">\n\t\t\t\t<div class=\"elementor-widget-container\">\n\t\t\t<h3 class=\"elementor-heading-title elementor-size-default\">M\u00e1quina llenadora de yogur de leche<\/h3>\t\t<\/div>\n\t\t\t\t<\/div>\n\t\t\t\t<div class=\"elementor-element elementor-element-7da18de0 elementor-widget elementor-widget-text-editor\" data-id=\"7da18de0\" data-element_type=\"widget\" data-widget_type=\"text-editor.default\">\n\t\t\t\t<div class=\"elementor-widget-container\">\n\t\t\t\t\t<div class=\"elementor-text-editor elementor-clearfix\"><p>La m\u00e1quina de llenado de yogurt de leche es ampliamente utilizada para llenar leche fresca refrigerada o yogurt en botellas de PE, yogurt para beber refrigerado en botellas de PS y esterilizaci\u00f3n a alta temperatura de productos de larga duraci\u00f3n en condiciones normales sin refrigerador, como leche de soja, leche de arroz, productos l\u00e1cteos con sabor de larga duraci\u00f3n, productos de t\u00e9, bebidas \u00e1cidas o no \u00e1cidas y otros productos. de larga duraci\u00f3n, productos de t\u00e9, bebidas \u00e1cidas o no \u00e1cidas y otros productos l\u00e1cteos envasados en botellas de pl\u00e1stico y vidrio. 2 en 1 llenadora-selladora M\u00e1quina de llenado y sellado 2 en 1, m\u00e1quina de llenado y sellado 3 en 1 con enjuague y m\u00e1quina de sellado y tapado 4 en 1 con enjuague.<\/p><\/div>\n\t\t\t\t<\/div>\n\t\t\t\t<\/div>\n\t\t\t\t\t\t<\/div>\n\t\t\t<\/div>\n\t\t<\/div>\n\t\t\t\t\t\t<\/div>\n\t\t\t<\/div>\n\t\t<\/section>\n\t\t\t\t<section class=\"elementor-element elementor-element-2abdfc47 elementor-section-boxed elementor-section-height-default elementor-section-height-default elementor-section elementor-top-section\" data-id=\"2abdfc47\" data-element_type=\"section\">\n\t\t\t\t\t\t<div class=\"elementor-container elementor-column-gap-default\">\n\t\t\t\t<div class=\"elementor-row\">\n\t\t\t\t<div class=\"elementor-element elementor-element-2a0efbc9 elementor-column elementor-col-100 elementor-top-column\" data-id=\"2a0efbc9\" data-element_type=\"column\">\n\t\t\t<div class=\"elementor-column-wrap  elementor-element-populated\">\n\t\t\t\t\t<div class=\"elementor-widget-wrap\">\n\t\t\t\t<div class=\"elementor-element elementor-element-5cc7fe1b elementor-widget elementor-widget-divider\" data-id=\"5cc7fe1b\" data-element_type=\"widget\" data-widget_type=\"divider.default\">\n\t\t\t\t<div class=\"elementor-widget-container\">\n\t\t\t\t\t<div class=\"elementor-divider\">\n\t\t\t<span class=\"elementor-divider-separator\">\n\t\t\t\t\t\t<\/span>\n\t\t<\/div>\n\t\t\t\t<\/div>\n\t\t\t\t<\/div>\n\t\t\t\t\t\t<\/div>\n\t\t\t<\/div>\n\t\t<\/div>\n\t\t\t\t\t\t<\/div>\n\t\t\t<\/div>\n\t\t<\/section>\n\t\t\t\t<section class=\"elementor-element elementor-element-2dc24677 elementor-section-boxed elementor-section-height-default elementor-section-height-default elementor-section elementor-top-section\" data-id=\"2dc24677\" data-element_type=\"section\">\n\t\t\t\t\t\t<div class=\"elementor-container elementor-column-gap-default\">\n\t\t\t\t<div class=\"elementor-row\">\n\t\t\t\t<div class=\"elementor-element elementor-element-3b34f15d elementor-column elementor-col-50 elementor-top-column\" data-id=\"3b34f15d\" data-element_type=\"column\">\n\t\t\t<div class=\"elementor-column-wrap  elementor-element-populated\">\n\t\t\t\t\t<div class=\"elementor-widget-wrap\">\n\t\t\t\t<div class=\"elementor-element elementor-element-3e8d53f9 elementor-widget elementor-widget-image\" data-id=\"3e8d53f9\" data-element_type=\"widget\" data-widget_type=\"image.default\">\n\t\t\t\t<div class=\"elementor-widget-container\">\n\t\t\t\t\t<div class=\"elementor-image\">\n\t\t\t\t\t\t\t\t\t\t<img loading=\"lazy\" decoding=\"async\" width=\"309\" height=\"210\" src=\"https:\/\/focusonpack.com\/wp-content\/uploads\/2023\/07\/monoblock-40.jpg\" class=\"elementor-animation-grow attachment-full size-full\" alt=\"\" srcset=\"https:\/\/focusonpack.com\/wp-content\/uploads\/2023\/07\/monoblock-40.jpg 309w, https:\/\/focusonpack.com\/wp-content\/uploads\/2023\/07\/monoblock-40-300x204.jpg 300w\" sizes=\"auto, (max-width: 309px) 100vw, 309px\" \/>\t\t\t\t\t\t\t\t\t\t\t<\/div>\n\t\t\t\t<\/div>\n\t\t\t\t<\/div>\n\t\t\t\t\t\t<\/div>\n\t\t\t<\/div>\n\t\t<\/div>\n\t\t\t\t<div class=\"elementor-element elementor-element-604e3f22 elementor-column elementor-col-50 elementor-top-column\" data-id=\"604e3f22\" data-element_type=\"column\">\n\t\t\t<div class=\"elementor-column-wrap  elementor-element-populated\">\n\t\t\t\t\t<div class=\"elementor-widget-wrap\">\n\t\t\t\t<div class=\"elementor-element elementor-element-f496709 elementor-widget elementor-widget-heading\" data-id=\"f496709\" data-element_type=\"widget\" data-widget_type=\"heading.default\">\n\t\t\t\t<div class=\"elementor-widget-container\">\n\t\t\t<h3 class=\"elementor-heading-title elementor-size-default\">M\u00e1quina llenadora y selladora de yogur de leche<\/h3>\t\t<\/div>\n\t\t\t\t<\/div>\n\t\t\t\t<div class=\"elementor-element elementor-element-30dbfce3 elementor-widget elementor-widget-text-editor\" data-id=\"30dbfce3\" data-element_type=\"widget\" data-widget_type=\"text-editor.default\">\n\t\t\t\t<div class=\"elementor-widget-container\">\n\t\t\t\t\t<div class=\"elementor-text-editor elementor-clearfix\"><p>Esta m\u00e1quina de llenado y sellado de leche y yogur es una m\u00e1quina monobloque de llenado y sellado de tapas de aluminio 2 en 1 totalmente autom\u00e1tica, que combina tres funciones de llenado, formaci\u00f3n de tapas de aluminio y sellado en una sola m\u00e1quina y centro, y realiza los pasos principales de llenado y sellado simult\u00e1neamente en el mismo tiempo. Esta m\u00e1quina de llenado y sellado combina tres funciones de llenado, formado y sellado en una sola m\u00e1quina y en el centro, y realiza los principales pasos de llenado y sellado simult\u00e1neamente en el mismo tiempo, ahorrando m\u00e1s espacio. Esta m\u00e1quina de llenado y sellado est\u00e1 dise\u00f1ada para refrigerar leche fresca o yogur en botellas de PE, refrigerar yogur bebible en botellas de PS y Esterilizaci\u00f3n a alta temperatura de productos de larga duraci\u00f3n bajo condiciones normales sin refrigerador como leche de soya, leche de arroz, productos de leche saborizada de larga duraci\u00f3n, etc. productos de leche aromatizada de larga duraci\u00f3n, productos de t\u00e9, bebidas \u00e1cidas o no \u00e1cidas envasados en botellas de PP y vidrio.<\/p><\/div>\n\t\t\t\t<\/div>\n\t\t\t\t<\/div>\n\t\t\t\t<div class=\"elementor-element elementor-element-1724a408 elementor-button-info elementor-align-left elementor-widget elementor-widget-button\" data-id=\"1724a408\" data-element_type=\"widget\" data-widget_type=\"button.default\">\n\t\t\t\t<div class=\"elementor-widget-container\">\n\t\t\t\t\t<div class=\"elementor-button-wrapper\">\n\t\t\t<a href=\"https:\/\/focusonpack.com\/es\/milk-yogurt-filling-and-sealing-machine\/\" class=\"elementor-button-link elementor-button elementor-size-sm\" role=\"button\">\n\t\t\t\t\t\t<span class=\"elementor-button-content-wrapper\">\n\t\t\t\t\t\t<span class=\"elementor-button-text\">Productos<\/span>\n\t\t<\/span>\n\t\t\t\t\t<\/a>\n\t\t<\/div>\n\t\t\t\t<\/div>\n\t\t\t\t<\/div>\n\t\t\t\t\t\t<\/div>\n\t\t\t<\/div>\n\t\t<\/div>\n\t\t\t\t\t\t<\/div>\n\t\t\t<\/div>\n\t\t<\/section>\n\t\t\t\t\t\t<\/div>\n\t\t\t<\/div>\n\t\t<\/div>","protected":false},"excerpt":{"rendered":"<p>Milk Yogurt Filling Machine Mi&hellip;<\/p>","protected":false},"author":1,"featured_media":0,"parent":0,"menu_order":0,"comment_status":"closed","ping_status":"closed","template":"elementor_header_footer","meta":{"footnotes":""},"class_list":["post-2497","page","type-page","status-publish","hentry","no-thumb"],"yoast_head":"<!-- This site is optimized with the Yoast SEO plugin v24.8.1 - https:\/\/yoast.com\/wordpress\/plugins\/seo\/ -->\n<title>Milk Yogurt Filling Machine - Focus on pack<\/title>\n<meta name=\"robots\" content=\"index, follow, max-snippet:-1, max-image-preview:large, max-video-preview:-1\" \/>\n<link rel=\"canonical\" href=\"https:\/\/focusonpack.com\/es\/maquina-llenadora-de-yogur-de-leche\/\" \/>\n<meta property=\"og:locale\" content=\"es_ES\" \/>\n<meta property=\"og:type\" content=\"article\" \/>\n<meta property=\"og:title\" content=\"Milk Yogurt Filling Machine - Focus on pack\" \/>\n<meta property=\"og:description\" content=\"Milk Yogurt Filling Machine Mi&hellip;\" \/>\n<meta property=\"og:url\" content=\"https:\/\/focusonpack.com\/es\/maquina-llenadora-de-yogur-de-leche\/\" \/>\n<meta property=\"og:site_name\" content=\"Focus on pack\" \/>\n<meta property=\"article:modified_time\" content=\"2025-03-27T07:48:20+00:00\" \/>\n<meta property=\"og:image\" content=\"https:\/\/focusonpack.com\/wp-content\/uploads\/2023\/07\/monoblock-40.jpg\" \/>\n<meta name=\"twitter:card\" content=\"summary_large_image\" \/>\n<meta name=\"twitter:label1\" content=\"Tiempo de lectura\" \/>\n\t<meta name=\"twitter:data1\" content=\"1 minuto\" \/>\n<script type=\"application\/ld+json\" class=\"yoast-schema-graph\">{\"@context\":\"https:\/\/schema.org\",\"@graph\":[{\"@type\":\"WebPage\",\"@id\":\"https:\/\/focusonpack.com\/milk-yogurt-filling-machine\/\",\"url\":\"https:\/\/focusonpack.com\/milk-yogurt-filling-machine\/\",\"name\":\"Milk Yogurt Filling Machine - Focus on pack\",\"isPartOf\":{\"@id\":\"https:\/\/focusonpack.com\/#website\"},\"primaryImageOfPage\":{\"@id\":\"https:\/\/focusonpack.com\/milk-yogurt-filling-machine\/#primaryimage\"},\"image\":{\"@id\":\"https:\/\/focusonpack.com\/milk-yogurt-filling-machine\/#primaryimage\"},\"thumbnailUrl\":\"https:\/\/focusonpack.com\/wp-content\/uploads\/2023\/07\/monoblock-40.jpg\",\"datePublished\":\"2020-05-08T02:35:08+00:00\",\"dateModified\":\"2025-03-27T07:48:20+00:00\",\"breadcrumb\":{\"@id\":\"https:\/\/focusonpack.com\/milk-yogurt-filling-machine\/#breadcrumb\"},\"inLanguage\":\"es\",\"potentialAction\":[{\"@type\":\"ReadAction\",\"target\":[\"https:\/\/focusonpack.com\/milk-yogurt-filling-machine\/\"]}]},{\"@type\":\"ImageObject\",\"inLanguage\":\"es\",\"@id\":\"https:\/\/focusonpack.com\/milk-yogurt-filling-machine\/#primaryimage\",\"url\":\"https:\/\/focusonpack.com\/wp-content\/uploads\/2023\/07\/monoblock-40.jpg\",\"contentUrl\":\"https:\/\/focusonpack.com\/wp-content\/uploads\/2023\/07\/monoblock-40.jpg\"},{\"@type\":\"BreadcrumbList\",\"@id\":\"https:\/\/focusonpack.com\/milk-yogurt-filling-machine\/#breadcrumb\",\"itemListElement\":[{\"@type\":\"ListItem\",\"position\":1,\"name\":\"\u9996\u9875\",\"item\":\"https:\/\/focusonpack.com\/\"},{\"@type\":\"ListItem\",\"position\":2,\"name\":\"Milk Yogurt Filling Machine\"}]},{\"@type\":\"WebSite\",\"@id\":\"https:\/\/focusonpack.com\/#website\",\"url\":\"https:\/\/focusonpack.com\/\",\"name\":\"Focus on pack\",\"description\":\"water processing line,package machine, filling machine\",\"potentialAction\":[{\"@type\":\"SearchAction\",\"target\":{\"@type\":\"EntryPoint\",\"urlTemplate\":\"https:\/\/focusonpack.com\/?s={search_term_string}\"},\"query-input\":{\"@type\":\"PropertyValueSpecification\",\"valueRequired\":true,\"valueName\":\"search_term_string\"}}],\"inLanguage\":\"es\"}]}<\/script>\n<!-- \/ Yoast SEO plugin. -->","yoast_head_json":{"title":"Milk Yogurt Filling Machine - Focus on pack","robots":{"index":"index","follow":"follow","max-snippet":"max-snippet:-1","max-image-preview":"max-image-preview:large","max-video-preview":"max-video-preview:-1"},"canonical":"https:\/\/focusonpack.com\/es\/maquina-llenadora-de-yogur-de-leche\/","og_locale":"es_ES","og_type":"article","og_title":"Milk Yogurt Filling Machine - Focus on pack","og_description":"Milk Yogurt Filling Machine Mi&hellip;","og_url":"https:\/\/focusonpack.com\/es\/maquina-llenadora-de-yogur-de-leche\/","og_site_name":"Focus on pack","article_modified_time":"2025-03-27T07:48:20+00:00","og_image":[{"url":"https:\/\/focusonpack.com\/wp-content\/uploads\/2023\/07\/monoblock-40.jpg","type":"","width":"","height":""}],"twitter_card":"summary_large_image","twitter_misc":{"Tiempo de lectura":"1 minuto"},"schema":{"@context":"https:\/\/schema.org","@graph":[{"@type":"WebPage","@id":"https:\/\/focusonpack.com\/milk-yogurt-filling-machine\/","url":"https:\/\/focusonpack.com\/milk-yogurt-filling-machine\/","name":"Milk Yogurt Filling Machine - Focus on pack","isPartOf":{"@id":"https:\/\/focusonpack.com\/#website"},"primaryImageOfPage":{"@id":"https:\/\/focusonpack.com\/milk-yogurt-filling-machine\/#primaryimage"},"image":{"@id":"https:\/\/focusonpack.com\/milk-yogurt-filling-machine\/#primaryimage"},"thumbnailUrl":"https:\/\/focusonpack.com\/wp-content\/uploads\/2023\/07\/monoblock-40.jpg","datePublished":"2020-05-08T02:35:08+00:00","dateModified":"2025-03-27T07:48:20+00:00","breadcrumb":{"@id":"https:\/\/focusonpack.com\/milk-yogurt-filling-machine\/#breadcrumb"},"inLanguage":"es","potentialAction":[{"@type":"ReadAction","target":["https:\/\/focusonpack.com\/milk-yogurt-filling-machine\/"]}]},{"@type":"ImageObject","inLanguage":"es","@id":"https:\/\/focusonpack.com\/milk-yogurt-filling-machine\/#primaryimage","url":"https:\/\/focusonpack.com\/wp-content\/uploads\/2023\/07\/monoblock-40.jpg","contentUrl":"https:\/\/focusonpack.com\/wp-content\/uploads\/2023\/07\/monoblock-40.jpg"},{"@type":"BreadcrumbList","@id":"https:\/\/focusonpack.com\/milk-yogurt-filling-machine\/#breadcrumb","itemListElement":[{"@type":"ListItem","position":1,"name":"\u9996\u9875","item":"https:\/\/focusonpack.com\/"},{"@type":"ListItem","position":2,"name":"Milk Yogurt Filling Machine"}]},{"@type":"WebSite","@id":"https:\/\/focusonpack.com\/#website","url":"https:\/\/focusonpack.com\/","name":"Focus on pack","description":"water processing line,package machine, filling machine","potentialAction":[{"@type":"SearchAction","target":{"@type":"EntryPoint","urlTemplate":"https:\/\/focusonpack.com\/?s={search_term_string}"},"query-input":{"@type":"PropertyValueSpecification","valueRequired":true,"valueName":"search_term_string"}}],"inLanguage":"es"}]}},"_links":{"self":[{"href":"https:\/\/focusonpack.com\/es\/wp-json\/wp\/v2\/pages\/2497","targetHints":{"allow":["GET"]}}],"collection":[{"href":"https:\/\/focusonpack.com\/es\/wp-json\/wp\/v2\/pages"}],"about":[{"href":"https:\/\/focusonpack.com\/es\/wp-json\/wp\/v2\/types\/page"}],"author":[{"embeddable":true,"href":"https:\/\/focusonpack.com\/es\/wp-json\/wp\/v2\/users\/1"}],"replies":[{"embeddable":true,"href":"https:\/\/focusonpack.com\/es\/wp-json\/wp\/v2\/comments?post=2497"}],"version-history":[{"count":14,"href":"https:\/\/focusonpack.com\/es\/wp-json\/wp\/v2\/pages\/2497\/revisions"}],"predecessor-version":[{"id":4590,"href":"https:\/\/focusonpack.com\/es\/wp-json\/wp\/v2\/pages\/2497\/revisions\/4590"}],"wp:attachment":[{"href":"https:\/\/focusonpack.com\/es\/wp-json\/wp\/v2\/media?parent=2497"}],"curies":[{"name":"wp","href":"https:\/\/api.w.org\/{rel}","templated":true}]}}