{"id":2499,"date":"2020-05-08T10:35:13","date_gmt":"2020-05-08T02:35:13","guid":{"rendered":"https:\/\/focusonpack.com\/?page_id=2499"},"modified":"2025-03-24T15:38:15","modified_gmt":"2025-03-24T07:38:15","slug":"carbonated-soft-drink-filling-machine","status":"publish","type":"page","link":"https:\/\/focusonpack.com\/es\/maquina-llenadora-de-refrescos-carbonatados\/","title":{"rendered":"M\u00e1quina llenadora de refrescos carbonatados"},"content":{"rendered":"<div data-elementor-type=\"wp-page\" data-elementor-id=\"2499\" class=\"elementor elementor-2499\" data-elementor-settings=\"[]\">\n\t\t\t<div class=\"elementor-inner\">\n\t\t\t\t<div class=\"elementor-section-wrap\">\n\t\t\t\t\t\t\t<section class=\"elementor-element elementor-element-540a5ae7 elementor-section-boxed elementor-section-height-default elementor-section-height-default elementor-section elementor-top-section\" data-id=\"540a5ae7\" data-element_type=\"section\">\n\t\t\t\t\t\t<div class=\"elementor-container elementor-column-gap-default\">\n\t\t\t\t<div class=\"elementor-row\">\n\t\t\t\t<div class=\"elementor-element elementor-element-5d4a3646 elementor-column elementor-col-100 elementor-top-column\" data-id=\"5d4a3646\" data-element_type=\"column\">\n\t\t\t<div class=\"elementor-column-wrap  elementor-element-populated\">\n\t\t\t\t\t<div class=\"elementor-widget-wrap\">\n\t\t\t\t<div class=\"elementor-element elementor-element-30f22ef4 elementor-widget elementor-widget-heading\" data-id=\"30f22ef4\" data-element_type=\"widget\" data-widget_type=\"heading.default\">\n\t\t\t\t<div class=\"elementor-widget-container\">\n\t\t\t<h3 class=\"elementor-heading-title elementor-size-default\">M\u00e1quina llenadora de refrescos carbonatados<\/h3>\t\t<\/div>\n\t\t\t\t<\/div>\n\t\t\t\t<div class=\"elementor-element elementor-element-1d9dd23c elementor-widget elementor-widget-text-editor\" data-id=\"1d9dd23c\" data-element_type=\"widget\" data-widget_type=\"text-editor.default\">\n\t\t\t\t<div class=\"elementor-widget-container\">\n\t\t\t\t\t<div class=\"elementor-text-editor elementor-clearfix\"><p>Ofrecemos m\u00e1quinas llenadoras autom\u00e1ticas de bebidas carbonatadas, m\u00e1quinas llenadoras de agua carbonatada, m\u00e1quinas llenadoras de bebidas carbonatadas, m\u00e1quinas llenadoras de refrescos carbonatados y m\u00e1quinas llenadoras de cerveza. que se utilizan para llenar coca cola, licor, agua de soda, champ\u00e1n, vino de c\u00f3ctel, cerveza, vino, alcohol, etc en PET, botellas de vidrio, pop puede y lata. botellas de vidrio, latas de refresco y latas de hojalata.<\/p><\/div>\n\t\t\t\t<\/div>\n\t\t\t\t<\/div>\n\t\t\t\t\t\t<\/div>\n\t\t\t<\/div>\n\t\t<\/div>\n\t\t\t\t\t\t<\/div>\n\t\t\t<\/div>\n\t\t<\/section>\n\t\t\t\t<section class=\"elementor-element elementor-element-5066844d elementor-section-boxed elementor-section-height-default elementor-section-height-default elementor-section elementor-top-section\" data-id=\"5066844d\" data-element_type=\"section\">\n\t\t\t\t\t\t<div class=\"elementor-container elementor-column-gap-default\">\n\t\t\t\t<div class=\"elementor-row\">\n\t\t\t\t<div class=\"elementor-element elementor-element-39c765e6 elementor-column elementor-col-100 elementor-top-column\" data-id=\"39c765e6\" data-element_type=\"column\">\n\t\t\t<div class=\"elementor-column-wrap  elementor-element-populated\">\n\t\t\t\t\t<div class=\"elementor-widget-wrap\">\n\t\t\t\t<div class=\"elementor-element elementor-element-72096b7 elementor-widget elementor-widget-divider\" data-id=\"72096b7\" data-element_type=\"widget\" data-widget_type=\"divider.default\">\n\t\t\t\t<div class=\"elementor-widget-container\">\n\t\t\t\t\t<div class=\"elementor-divider\">\n\t\t\t<span class=\"elementor-divider-separator\">\n\t\t\t\t\t\t<\/span>\n\t\t<\/div>\n\t\t\t\t<\/div>\n\t\t\t\t<\/div>\n\t\t\t\t\t\t<\/div>\n\t\t\t<\/div>\n\t\t<\/div>\n\t\t\t\t\t\t<\/div>\n\t\t\t<\/div>\n\t\t<\/section>\n\t\t\t\t<section class=\"elementor-element elementor-element-544c3713 elementor-section-boxed elementor-section-height-default elementor-section-height-default elementor-section elementor-top-section\" data-id=\"544c3713\" data-element_type=\"section\">\n\t\t\t\t\t\t<div class=\"elementor-container elementor-column-gap-default\">\n\t\t\t\t<div class=\"elementor-row\">\n\t\t\t\t<div class=\"elementor-element elementor-element-2dc61fd0 elementor-column elementor-col-50 elementor-top-column\" data-id=\"2dc61fd0\" data-element_type=\"column\">\n\t\t\t<div class=\"elementor-column-wrap  elementor-element-populated\">\n\t\t\t\t\t<div class=\"elementor-widget-wrap\">\n\t\t\t\t<div class=\"elementor-element elementor-element-35fa474a elementor-widget elementor-widget-image\" data-id=\"35fa474a\" data-element_type=\"widget\" data-widget_type=\"image.default\">\n\t\t\t\t<div class=\"elementor-widget-container\">\n\t\t\t\t\t<div class=\"elementor-image\">\n\t\t\t\t\t\t\t\t\t\t<img decoding=\"async\" src=\"https:\/\/focusonpack.com\/wp-content\/uploads\/elementor\/thumbs\/monoblock-2-2-q9o7o62nrc2se9gc9z7lu4eq6de8dmayu04kppc6vk.jpg\" title=\"monobloque-2-2\" alt=\"monobloque-2-2\" class=\"elementor-animation-grow\" \/>\t\t\t\t\t\t\t\t\t\t\t<\/div>\n\t\t\t\t<\/div>\n\t\t\t\t<\/div>\n\t\t\t\t\t\t<\/div>\n\t\t\t<\/div>\n\t\t<\/div>\n\t\t\t\t<div class=\"elementor-element elementor-element-2c3f2657 elementor-column elementor-col-50 elementor-top-column\" data-id=\"2c3f2657\" data-element_type=\"column\">\n\t\t\t<div class=\"elementor-column-wrap  elementor-element-populated\">\n\t\t\t\t\t<div class=\"elementor-widget-wrap\">\n\t\t\t\t<div class=\"elementor-element elementor-element-42e1950 elementor-widget elementor-widget-heading\" data-id=\"42e1950\" data-element_type=\"widget\" data-widget_type=\"heading.default\">\n\t\t\t\t<div class=\"elementor-widget-container\">\n\t\t\t<h3 class=\"elementor-heading-title elementor-size-default\">M\u00e1quina embotelladora de refrescos carbonatados\/agua\/bebidas en PET<\/h3>\t\t<\/div>\n\t\t\t\t<\/div>\n\t\t\t\t<div class=\"elementor-element elementor-element-53c33e47 elementor-widget elementor-widget-text-editor\" data-id=\"53c33e47\" data-element_type=\"widget\" data-widget_type=\"text-editor.default\">\n\t\t\t\t<div class=\"elementor-widget-container\">\n\t\t\t\t\t<div class=\"elementor-text-editor elementor-clearfix\"><p>La m\u00e1quina llenadora de refrescos carbonatados\/agua\/bebidas est\u00e1 especialmente dise\u00f1ada para la producci\u00f3n a peque\u00f1a y mediana escala de refrescos carbonatados y sin gas, como coca cola, bebidas espirituosas, etc., en botellas de PET de 0 a 2 litros. como coca cola, bebidas espirituosas, agua con gas, etc., en botellas de PET de 0,2 a 2 litros, integrando el llenado y el tapado en una sola m\u00e1quina. La robusta base se apoya en pies ajustables y est\u00e1 fabricada con revestimiento de acero inoxidable fijado al bastidor tubular. Todas las piezas en contacto con el l\u00edquido son de acero inoxidable y pl\u00e1stico de calidad alimentaria. a otro tama\u00f1o, equipado con las \u00faltimas boquillas de llenado a contrapresi\u00f3n para un llenado preciso, sistema de taponado pick and place, componentes electr\u00f3nicos cr\u00edticos y controles PLC fabricados por el Ministerio de Comercio. Los componentes electr\u00f3nicos cr\u00edticos y los controles PLC est\u00e1n fabricados por Siemens, Mitsubishi y Omron, etc. Toda la informaci\u00f3n de producci\u00f3n y los controles de automatizaci\u00f3n se muestran digitalmente.<\/p><\/div>\n\t\t\t\t<\/div>\n\t\t\t\t<\/div>\n\t\t\t\t<div class=\"elementor-element elementor-element-659779e1 elementor-button-info elementor-align-left elementor-widget elementor-widget-button\" data-id=\"659779e1\" data-element_type=\"widget\" data-widget_type=\"button.default\">\n\t\t\t\t<div class=\"elementor-widget-container\">\n\t\t\t\t\t<div class=\"elementor-button-wrapper\">\n\t\t\t<a href=\"https:\/\/focusonpack.com\/es\/maquina-embotelladora-de-bebidas-gaseosas-para-mascotas\/\" class=\"elementor-button-link elementor-button elementor-size-sm\" role=\"button\">\n\t\t\t\t\t\t<span class=\"elementor-button-content-wrapper\">\n\t\t\t\t\t\t<span class=\"elementor-button-text\">Productos<\/span>\n\t\t<\/span>\n\t\t\t\t\t<\/a>\n\t\t<\/div>\n\t\t\t\t<\/div>\n\t\t\t\t<\/div>\n\t\t\t\t\t\t<\/div>\n\t\t\t<\/div>\n\t\t<\/div>\n\t\t\t\t\t\t<\/div>\n\t\t\t<\/div>\n\t\t<\/section>\n\t\t\t\t\t\t<\/div>\n\t\t\t<\/div>\n\t\t<\/div>","protected":false},"excerpt":{"rendered":"<p>Carbonated Soft Drink Filling &hellip;<\/p>","protected":false},"author":1,"featured_media":0,"parent":0,"menu_order":0,"comment_status":"closed","ping_status":"closed","template":"elementor_header_footer","meta":{"footnotes":""},"class_list":["post-2499","page","type-page","status-publish","hentry","no-thumb"],"yoast_head":"<!-- This site is optimized with the Yoast SEO plugin v24.8.1 - https:\/\/yoast.com\/wordpress\/plugins\/seo\/ -->\n<title>Carbonated Soft Drink Filling Machine - Focus on pack<\/title>\n<meta name=\"robots\" content=\"index, follow, max-snippet:-1, max-image-preview:large, max-video-preview:-1\" \/>\n<link rel=\"canonical\" href=\"https:\/\/focusonpack.com\/es\/maquina-llenadora-de-refrescos-carbonatados\/\" \/>\n<meta property=\"og:locale\" content=\"es_ES\" \/>\n<meta property=\"og:type\" content=\"article\" \/>\n<meta property=\"og:title\" content=\"Carbonated Soft Drink Filling Machine - Focus on pack\" \/>\n<meta property=\"og:description\" content=\"Carbonated Soft Drink Filling &hellip;\" \/>\n<meta property=\"og:url\" content=\"https:\/\/focusonpack.com\/es\/maquina-llenadora-de-refrescos-carbonatados\/\" \/>\n<meta property=\"og:site_name\" content=\"Focus on pack\" \/>\n<meta property=\"article:modified_time\" content=\"2025-03-24T07:38:15+00:00\" \/>\n<meta property=\"og:image\" content=\"https:\/\/focusonpack.com\/wp-content\/uploads\/elementor\/thumbs\/monoblock-2-2-q9o7o62nrc2se9gc9z7lu4eq6de8dmayu04kppc6vk.jpg\" \/>\n<meta name=\"twitter:card\" content=\"summary_large_image\" \/>\n<meta name=\"twitter:label1\" content=\"Tiempo de lectura\" \/>\n\t<meta name=\"twitter:data1\" content=\"1 minuto\" \/>\n<script type=\"application\/ld+json\" class=\"yoast-schema-graph\">{\"@context\":\"https:\/\/schema.org\",\"@graph\":[{\"@type\":\"WebPage\",\"@id\":\"https:\/\/focusonpack.com\/carbonated-soft-drink-filling-machine\/\",\"url\":\"https:\/\/focusonpack.com\/carbonated-soft-drink-filling-machine\/\",\"name\":\"Carbonated Soft Drink Filling Machine - Focus on pack\",\"isPartOf\":{\"@id\":\"https:\/\/focusonpack.com\/#website\"},\"primaryImageOfPage\":{\"@id\":\"https:\/\/focusonpack.com\/carbonated-soft-drink-filling-machine\/#primaryimage\"},\"image\":{\"@id\":\"https:\/\/focusonpack.com\/carbonated-soft-drink-filling-machine\/#primaryimage\"},\"thumbnailUrl\":\"https:\/\/focusonpack.com\/wp-content\/uploads\/elementor\/thumbs\/monoblock-2-2-q9o7o62nrc2se9gc9z7lu4eq6de8dmayu04kppc6vk.jpg\",\"datePublished\":\"2020-05-08T02:35:13+00:00\",\"dateModified\":\"2025-03-24T07:38:15+00:00\",\"breadcrumb\":{\"@id\":\"https:\/\/focusonpack.com\/carbonated-soft-drink-filling-machine\/#breadcrumb\"},\"inLanguage\":\"es\",\"potentialAction\":[{\"@type\":\"ReadAction\",\"target\":[\"https:\/\/focusonpack.com\/carbonated-soft-drink-filling-machine\/\"]}]},{\"@type\":\"ImageObject\",\"inLanguage\":\"es\",\"@id\":\"https:\/\/focusonpack.com\/carbonated-soft-drink-filling-machine\/#primaryimage\",\"url\":\"https:\/\/focusonpack.com\/wp-content\/uploads\/elementor\/thumbs\/monoblock-2-2-q9o7o62nrc2se9gc9z7lu4eq6de8dmayu04kppc6vk.jpg\",\"contentUrl\":\"https:\/\/focusonpack.com\/wp-content\/uploads\/elementor\/thumbs\/monoblock-2-2-q9o7o62nrc2se9gc9z7lu4eq6de8dmayu04kppc6vk.jpg\"},{\"@type\":\"BreadcrumbList\",\"@id\":\"https:\/\/focusonpack.com\/carbonated-soft-drink-filling-machine\/#breadcrumb\",\"itemListElement\":[{\"@type\":\"ListItem\",\"position\":1,\"name\":\"\u9996\u9875\",\"item\":\"https:\/\/focusonpack.com\/\"},{\"@type\":\"ListItem\",\"position\":2,\"name\":\"Carbonated Soft Drink Filling Machine\"}]},{\"@type\":\"WebSite\",\"@id\":\"https:\/\/focusonpack.com\/#website\",\"url\":\"https:\/\/focusonpack.com\/\",\"name\":\"Focus on pack\",\"description\":\"water processing line,package machine, filling machine\",\"potentialAction\":[{\"@type\":\"SearchAction\",\"target\":{\"@type\":\"EntryPoint\",\"urlTemplate\":\"https:\/\/focusonpack.com\/?s={search_term_string}\"},\"query-input\":{\"@type\":\"PropertyValueSpecification\",\"valueRequired\":true,\"valueName\":\"search_term_string\"}}],\"inLanguage\":\"es\"}]}<\/script>\n<!-- \/ Yoast SEO plugin. -->","yoast_head_json":{"title":"Carbonated Soft Drink Filling Machine - Focus on pack","robots":{"index":"index","follow":"follow","max-snippet":"max-snippet:-1","max-image-preview":"max-image-preview:large","max-video-preview":"max-video-preview:-1"},"canonical":"https:\/\/focusonpack.com\/es\/maquina-llenadora-de-refrescos-carbonatados\/","og_locale":"es_ES","og_type":"article","og_title":"Carbonated Soft Drink Filling Machine - Focus on pack","og_description":"Carbonated Soft Drink Filling &hellip;","og_url":"https:\/\/focusonpack.com\/es\/maquina-llenadora-de-refrescos-carbonatados\/","og_site_name":"Focus on pack","article_modified_time":"2025-03-24T07:38:15+00:00","og_image":[{"url":"https:\/\/focusonpack.com\/wp-content\/uploads\/elementor\/thumbs\/monoblock-2-2-q9o7o62nrc2se9gc9z7lu4eq6de8dmayu04kppc6vk.jpg","type":"","width":"","height":""}],"twitter_card":"summary_large_image","twitter_misc":{"Tiempo de lectura":"1 minuto"},"schema":{"@context":"https:\/\/schema.org","@graph":[{"@type":"WebPage","@id":"https:\/\/focusonpack.com\/carbonated-soft-drink-filling-machine\/","url":"https:\/\/focusonpack.com\/carbonated-soft-drink-filling-machine\/","name":"Carbonated Soft Drink Filling Machine - Focus on pack","isPartOf":{"@id":"https:\/\/focusonpack.com\/#website"},"primaryImageOfPage":{"@id":"https:\/\/focusonpack.com\/carbonated-soft-drink-filling-machine\/#primaryimage"},"image":{"@id":"https:\/\/focusonpack.com\/carbonated-soft-drink-filling-machine\/#primaryimage"},"thumbnailUrl":"https:\/\/focusonpack.com\/wp-content\/uploads\/elementor\/thumbs\/monoblock-2-2-q9o7o62nrc2se9gc9z7lu4eq6de8dmayu04kppc6vk.jpg","datePublished":"2020-05-08T02:35:13+00:00","dateModified":"2025-03-24T07:38:15+00:00","breadcrumb":{"@id":"https:\/\/focusonpack.com\/carbonated-soft-drink-filling-machine\/#breadcrumb"},"inLanguage":"es","potentialAction":[{"@type":"ReadAction","target":["https:\/\/focusonpack.com\/carbonated-soft-drink-filling-machine\/"]}]},{"@type":"ImageObject","inLanguage":"es","@id":"https:\/\/focusonpack.com\/carbonated-soft-drink-filling-machine\/#primaryimage","url":"https:\/\/focusonpack.com\/wp-content\/uploads\/elementor\/thumbs\/monoblock-2-2-q9o7o62nrc2se9gc9z7lu4eq6de8dmayu04kppc6vk.jpg","contentUrl":"https:\/\/focusonpack.com\/wp-content\/uploads\/elementor\/thumbs\/monoblock-2-2-q9o7o62nrc2se9gc9z7lu4eq6de8dmayu04kppc6vk.jpg"},{"@type":"BreadcrumbList","@id":"https:\/\/focusonpack.com\/carbonated-soft-drink-filling-machine\/#breadcrumb","itemListElement":[{"@type":"ListItem","position":1,"name":"\u9996\u9875","item":"https:\/\/focusonpack.com\/"},{"@type":"ListItem","position":2,"name":"Carbonated Soft Drink Filling Machine"}]},{"@type":"WebSite","@id":"https:\/\/focusonpack.com\/#website","url":"https:\/\/focusonpack.com\/","name":"Focus on pack","description":"water processing line,package machine, filling machine","potentialAction":[{"@type":"SearchAction","target":{"@type":"EntryPoint","urlTemplate":"https:\/\/focusonpack.com\/?s={search_term_string}"},"query-input":{"@type":"PropertyValueSpecification","valueRequired":true,"valueName":"search_term_string"}}],"inLanguage":"es"}]}},"_links":{"self":[{"href":"https:\/\/focusonpack.com\/es\/wp-json\/wp\/v2\/pages\/2499","targetHints":{"allow":["GET"]}}],"collection":[{"href":"https:\/\/focusonpack.com\/es\/wp-json\/wp\/v2\/pages"}],"about":[{"href":"https:\/\/focusonpack.com\/es\/wp-json\/wp\/v2\/types\/page"}],"author":[{"embeddable":true,"href":"https:\/\/focusonpack.com\/es\/wp-json\/wp\/v2\/users\/1"}],"replies":[{"embeddable":true,"href":"https:\/\/focusonpack.com\/es\/wp-json\/wp\/v2\/comments?post=2499"}],"version-history":[{"count":9,"href":"https:\/\/focusonpack.com\/es\/wp-json\/wp\/v2\/pages\/2499\/revisions"}],"predecessor-version":[{"id":4570,"href":"https:\/\/focusonpack.com\/es\/wp-json\/wp\/v2\/pages\/2499\/revisions\/4570"}],"wp:attachment":[{"href":"https:\/\/focusonpack.com\/es\/wp-json\/wp\/v2\/media?parent=2499"}],"curies":[{"name":"wp","href":"https:\/\/api.w.org\/{rel}","templated":true}]}}