{"id":2582,"date":"2020-05-08T15:37:44","date_gmt":"2020-05-08T07:37:44","guid":{"rendered":"https:\/\/focusonpack.com\/?page_id=2582"},"modified":"2025-03-24T17:12:31","modified_gmt":"2025-03-24T09:12:31","slug":"l-type-automatic-shrink-wrap-machine","status":"publish","type":"page","link":"https:\/\/focusonpack.com\/es\/maquina-de-retractilado\/l-type-automatic-shrink-wrap-machine\/","title":{"rendered":"M\u00e1quina autom\u00e1tica de retractilado tipo L"},"content":{"rendered":"<div data-elementor-type=\"wp-page\" data-elementor-id=\"2582\" class=\"elementor elementor-2582\" data-elementor-settings=\"[]\">\n\t\t\t<div class=\"elementor-inner\">\n\t\t\t\t<div class=\"elementor-section-wrap\">\n\t\t\t\t\t\t\t<section class=\"elementor-element elementor-element-4cc7b88f elementor-section-boxed elementor-section-height-default elementor-section-height-default elementor-section elementor-top-section\" data-id=\"4cc7b88f\" data-element_type=\"section\">\n\t\t\t\t\t\t<div class=\"elementor-container elementor-column-gap-default\">\n\t\t\t\t<div class=\"elementor-row\">\n\t\t\t\t<div class=\"elementor-element elementor-element-58ee941b elementor-column elementor-col-50 elementor-top-column\" data-id=\"58ee941b\" data-element_type=\"column\">\n\t\t\t<div class=\"elementor-column-wrap  elementor-element-populated\">\n\t\t\t\t\t<div class=\"elementor-widget-wrap\">\n\t\t\t\t<div class=\"elementor-element elementor-element-7b449c78 elementor-widget elementor-widget-heading\" data-id=\"7b449c78\" data-element_type=\"widget\" data-widget_type=\"heading.default\">\n\t\t\t\t<div class=\"elementor-widget-container\">\n\t\t\t<h3 class=\"elementor-heading-title elementor-size-default\">M\u00e1quina autom\u00e1tica de retractilado tipo L<\/h3>\t\t<\/div>\n\t\t\t\t<\/div>\n\t\t\t\t<div class=\"elementor-element elementor-element-5040a130 elementor-widget elementor-widget-text-editor\" data-id=\"5040a130\" data-element_type=\"widget\" data-widget_type=\"text-editor.default\">\n\t\t\t\t<div class=\"elementor-widget-container\">\n\t\t\t\t\t<div class=\"elementor-text-editor elementor-clearfix\"><p>La m\u00e1quina de retractilado industrial autom\u00e1tica tipo L est\u00e1 dise\u00f1ada para envasar botellas, tarros, conservas y productos industriales en paquetes individuales o en agrupaciones en sus respectivos formatos, sin soporte, con soporte de almohadilla o con soporte de bandeja. Cada m\u00e1quina de retractilado consta de un sistema de retractilado para envolver botellas, tarros y productos enlatados e industriales sin soporte, con soporte de almohadilla o con soporte de bandeja. Cada m\u00e1quina de retractilado consta de un transportador de alimentaci\u00f3n lateral, una enfardadora, un t\u00fanel de retractilado y un transportador de descarga, y puede incorporarse a una l\u00ednea existente.<\/p><\/div>\n\t\t\t\t<\/div>\n\t\t\t\t<\/div>\n\t\t\t\t<div class=\"elementor-element elementor-element-431f73c3 elementor-widget elementor-widget-text-editor\" data-id=\"431f73c3\" data-element_type=\"widget\" data-widget_type=\"text-editor.default\">\n\t\t\t\t<div class=\"elementor-widget-container\">\n\t\t\t\t\t<div class=\"elementor-text-editor elementor-clearfix\"><p>After filling capping and labeling , Products are transported by side mounted slat conveyor to bundler. the individual items are collated into their respective formats (eg.either 4 x 6 bottles(500l) or in other packaging configurations such as the 3 x 4 bottles(750ml) or 2 x 3 bottles(1500ml). The collated product is then pushed to sealing and cutting station by air cylinder. Shrink wrapper machine commonly use two reels of film which are joined to form a web. The product to be wrapped passes through the web. The sealing bar descends to sealing and cut the film to form an envelope around the package.<\/p><\/div>\n\t\t\t\t<\/div>\n\t\t\t\t<\/div>\n\t\t\t\t<div class=\"elementor-element elementor-element-02d4b60 elementor-widget elementor-widget-text-editor\" data-id=\"02d4b60\" data-element_type=\"widget\" data-widget_type=\"text-editor.default\">\n\t\t\t\t<div class=\"elementor-widget-container\">\n\t\t\t\t\t<div class=\"elementor-text-editor elementor-clearfix\"><p>The wrapped products will be pushed into shrink tunnel by the next products to be wrapped, In the shrink tunnel, recirculated hot air shrinks the film around the products tightly and neatly leaving two open ends at thesides. As the shrink wrapped product exits the shrink tunnel,forced air cooling is used to tighten the sleeve wrap to achieve a strong, secure pack ready for stacking on a pallet or placing in a shipping carton.<\/p><p>All processes on the Shrink Wrapping Equipment are controlled by a programmable logic controller.<\/p><\/div>\n\t\t\t\t<\/div>\n\t\t\t\t<\/div>\n\t\t\t\t<div class=\"elementor-element elementor-element-499469a7 elementor-widget elementor-widget-heading\" data-id=\"499469a7\" data-element_type=\"widget\" data-widget_type=\"heading.default\">\n\t\t\t\t<div class=\"elementor-widget-container\">\n\t\t\t<h3 class=\"elementor-heading-title elementor-size-default\">Features of Wrapper<\/h3>\t\t<\/div>\n\t\t\t\t<\/div>\n\t\t\t\t<div class=\"elementor-element elementor-element-1dcf263c elementor-widget elementor-widget-text-editor\" data-id=\"1dcf263c\" data-element_type=\"widget\" data-widget_type=\"text-editor.default\">\n\t\t\t\t<div class=\"elementor-widget-container\">\n\t\t\t\t\t<div class=\"elementor-text-editor elementor-clearfix\"><p>\u2022 Heavy duty frame construction made on painted steel tube<br \/>\u2022 Wheels and height adjustable legs for transport and positioning<br \/>\u2022 Machine orientation: from right to left or from left to right<br \/>\u2022 Flexibility to wrap trayed and trayless packs<br \/>\u2022 Side-mounted multi-lane Infeed conveyor with Lane Divider<br \/>\u2022 Heavy duty infeed belt able to cope with any pack weight<br \/>\u2022 Very easy access to collation area for rapid change overs with quick release parts<br \/>\u2022 Heavy duty Teflon coated sealing blade for strong, reliable seals and a long blade life<br \/>\u2022 Pneumatic presser over the exit table to hold the product during the cutting and sealing process<br \/>\u2022 Ergonomically positioned film reels allowing easy loading of film and simple film thread up<br \/>\u2022 Powered film drive to ensure lightweight products are easy to wrap<br \/>\u2022 PLC control and touch screen HMI interface<br \/>\u2022 Variable speed control by inverter<br \/>\u2022 Easy to corporate with existing production line or off line<\/p><\/div>\n\t\t\t\t<\/div>\n\t\t\t\t<\/div>\n\t\t\t\t<div class=\"elementor-element elementor-element-abd4219 elementor-widget elementor-widget-heading\" data-id=\"abd4219\" data-element_type=\"widget\" data-widget_type=\"heading.default\">\n\t\t\t\t<div class=\"elementor-widget-container\">\n\t\t\t<h3 class=\"elementor-heading-title elementor-size-default\">Features of Shrink Tunnel<\/h3>\t\t<\/div>\n\t\t\t\t<\/div>\n\t\t\t\t<div class=\"elementor-element elementor-element-c0e411a elementor-widget elementor-widget-text-editor\" data-id=\"c0e411a\" data-element_type=\"widget\" data-widget_type=\"text-editor.default\">\n\t\t\t\t<div class=\"elementor-widget-container\">\n\t\t\t\t\t<div class=\"elementor-text-editor elementor-clearfix\"><p>\u2022 Heavy duty welded steel frame with adjustable height<br \/>\u2022 Wheels and height adjustable legs for transport and positioning<br \/>\u2022 Insulated shrink tunnel chamber<br \/>\u2022 Stainless steel heating elements for long life<br \/>\u2022 Shrink tunnel opening is 24&#8243;W X 16&#8243;H<br \/>\u2022 Adjustable conveyor speed<br \/>\u2022 Adjustable temperature control<br \/>\u2022 Dual blower design with adjustable air flow<br \/>\u2022 Durable and non-stick teflon mesh conveyor belt<br \/>\u2022 Tunnel discharge cooling station for fast film curing<br \/>\u2022 Discharging idle roller conveyor for accumulation and easy transportation<\/p><\/div>\n\t\t\t\t<\/div>\n\t\t\t\t<\/div>\n\t\t\t\t<div class=\"elementor-element elementor-element-39d025fd elementor-widget elementor-widget-heading\" data-id=\"39d025fd\" data-element_type=\"widget\" data-widget_type=\"heading.default\">\n\t\t\t\t<div class=\"elementor-widget-container\">\n\t\t\t<h3 class=\"elementor-heading-title elementor-size-default\">Especificaciones t\u00e9cnicas<\/h3>\t\t<\/div>\n\t\t\t\t<\/div>\n\t\t\t\t<div class=\"elementor-element elementor-element-12ddc3a0 elementor-widget elementor-widget-text-editor\" data-id=\"12ddc3a0\" data-element_type=\"widget\" data-widget_type=\"text-editor.default\">\n\t\t\t\t<div class=\"elementor-widget-container\">\n\t\t\t\t\t<div class=\"elementor-text-editor elementor-clearfix\"><table width=\"760\">\n<tbody>\n<tr>\n<td width=\"241\">Velocidad de embalaje<\/td>\n<td width=\"253\">8-10 Paquetes\/Min<\/td>\n<\/tr>\n<tr>\n<td>Tama\u00f1o m\u00e1ximo del paquete<\/td>\n<td>600(L)x400(W)x350(H)mm<\/td>\n<\/tr>\n<tr>\n<td>Pel\u00edcula aplicable<\/td>\n<td>Film de polietileno (PE)<\/td>\n<\/tr>\n<tr>\n<td>Anchura m\u00e1xima de pel\u00edcula<\/td>\n<td>600 mm<\/td>\n<\/tr>\n<tr>\n<td>Espesor m\u00e1ximo de pel\u00edcula<\/td>\n<td>100Micro<\/td>\n<\/tr>\n<tr>\n<td>Suministro el\u00e9ctrico para cintas transportadoras<\/td>\n<td>220V 50\/60HZ 1PH 0,75KW<\/td>\n<\/tr>\n<tr>\n<td>Envolvedora de mangas Suministro el\u00e9ctrico<\/td>\n<td>220V 50\/60HZ 1PH 1,20KW<\/td>\n<\/tr>\n<tr>\n<td>T\u00fanel de retracci\u00f3n Suministro el\u00e9ctrico<\/td>\n<td>380V 50\/60HZ 3PH 26,00KW<\/td>\n<\/tr>\n<tr>\n<td>C\u00e1mara de t\u00fanel de retracci\u00f3n<\/td>\n<td>1800x600x400mm<\/td>\n<\/tr>\n<tr>\n<td>Dimensi\u00f3n del transportador<\/td>\n<td>2700x350x900mm<\/td>\n<\/tr>\n<tr>\n<td>Dimensi\u00f3n de la envoltura<\/td>\n<td>1500x910x2000mm<\/td>\n<\/tr>\n<tr>\n<td>Dimensi\u00f3n del t\u00fanel de retracci\u00f3n<\/td>\n<td>3300x900x1850mm<\/td>\n<\/tr>\n<tr>\n<td>Transportador de rodillos locos<\/td>\n<td>1200x800x950mm<\/td>\n<\/tr>\n<tr>\n<td>Peso del transportador<\/td>\n<td>180kgs<\/td>\n<\/tr>\n<tr>\n<td>Peso de la envoltura de la manga<\/td>\n<td>500 kg<\/td>\n<\/tr>\n<tr>\n<td>Peso del t\u00fanel de retracci\u00f3n<\/td>\n<td>600kgs<\/td>\n<\/tr>\n<tr>\n<td>Peso del rodillo loco<\/td>\n<td>60kgs<\/td>\n<\/tr>\n<\/tbody>\n<\/table><\/div>\n\t\t\t\t<\/div>\n\t\t\t\t<\/div>\n\t\t\t\t<div class=\"elementor-element elementor-element-749cc1ea elementor-widget elementor-widget-text-editor\" data-id=\"749cc1ea\" data-element_type=\"widget\" data-widget_type=\"text-editor.default\">\n\t\t\t\t<div class=\"elementor-widget-container\">\n\t\t\t\t\t<div class=\"elementor-text-editor elementor-clearfix\"><p>\u00a0<\/p><p>* Especificaciones sujetas a cambios sin previo aviso, Todos los derechos reservados.<\/p><\/div>\n\t\t\t\t<\/div>\n\t\t\t\t<\/div>\n\t\t\t\t\t\t<\/div>\n\t\t\t<\/div>\n\t\t<\/div>\n\t\t\t\t<div class=\"elementor-element elementor-element-67464391 elementor-column elementor-col-50 elementor-top-column\" data-id=\"67464391\" data-element_type=\"column\">\n\t\t\t<div class=\"elementor-column-wrap  elementor-element-populated\">\n\t\t\t\t\t<div class=\"elementor-widget-wrap\">\n\t\t\t\t<div class=\"elementor-element elementor-element-5a88ad3b elementor-widget elementor-widget-spacer\" data-id=\"5a88ad3b\" data-element_type=\"widget\" data-widget_type=\"spacer.default\">\n\t\t\t\t<div class=\"elementor-widget-container\">\n\t\t\t\t\t<div class=\"elementor-spacer\">\n\t\t\t<div class=\"elementor-spacer-inner\"><\/div>\n\t\t<\/div>\n\t\t\t\t<\/div>\n\t\t\t\t<\/div>\n\t\t\t\t<div class=\"elementor-element elementor-element-2170e027 elementor-widget elementor-widget-image\" data-id=\"2170e027\" data-element_type=\"widget\" data-widget_type=\"image.default\">\n\t\t\t\t<div class=\"elementor-widget-container\">\n\t\t\t\t\t<div class=\"elementor-image\">\n\t\t\t\t\t\t\t\t\t\t<img loading=\"lazy\" decoding=\"async\" width=\"413\" height=\"233\" src=\"https:\/\/focusonpack.com\/wp-content\/uploads\/2020\/05\/L-Wrap.jpg\" class=\"elementor-animation-grow attachment-full size-full\" alt=\"\" srcset=\"https:\/\/focusonpack.com\/wp-content\/uploads\/2020\/05\/L-Wrap.jpg 413w, https:\/\/focusonpack.com\/wp-content\/uploads\/2020\/05\/L-Wrap-300x169.jpg 300w\" sizes=\"auto, (max-width: 413px) 100vw, 413px\" \/>\t\t\t\t\t\t\t\t\t\t\t<\/div>\n\t\t\t\t<\/div>\n\t\t\t\t<\/div>\n\t\t\t\t<div class=\"elementor-element elementor-element-41f31e30 elementor-button-info elementor-align-center elementor-widget elementor-widget-button\" data-id=\"41f31e30\" data-element_type=\"widget\" data-widget_type=\"button.default\">\n\t\t\t\t<div class=\"elementor-widget-container\">\n\t\t\t\t\t<div class=\"elementor-button-wrapper\">\n\t\t\t<a href=\"https:\/\/focusonpack.com\/es\/contacto\/\" class=\"elementor-button-link elementor-button elementor-size-sm\" role=\"button\">\n\t\t\t\t\t\t<span class=\"elementor-button-content-wrapper\">\n\t\t\t\t\t\t<span class=\"elementor-button-text\">Solicitar presupuesto<\/span>\n\t\t<\/span>\n\t\t\t\t\t<\/a>\n\t\t<\/div>\n\t\t\t\t<\/div>\n\t\t\t\t<\/div>\n\t\t\t\t\t\t<\/div>\n\t\t\t<\/div>\n\t\t<\/div>\n\t\t\t\t\t\t<\/div>\n\t\t\t<\/div>\n\t\t<\/section>\n\t\t\t\t\t\t<\/div>\n\t\t\t<\/div>\n\t\t<\/div>","protected":false},"excerpt":{"rendered":"<p>L type Automatic Shrink Wrap M&hellip;<\/p>","protected":false},"author":1,"featured_media":0,"parent":2373,"menu_order":0,"comment_status":"closed","ping_status":"closed","template":"elementor_header_footer","meta":{"footnotes":""},"class_list":["post-2582","page","type-page","status-publish","hentry","no-thumb"],"yoast_head":"<!-- This site is optimized with the Yoast SEO plugin v24.8.1 - https:\/\/yoast.com\/wordpress\/plugins\/seo\/ -->\n<title>L type Automatic Shrink Wrap Machine - Focus on pack<\/title>\n<meta name=\"robots\" content=\"index, follow, max-snippet:-1, max-image-preview:large, max-video-preview:-1\" \/>\n<link rel=\"canonical\" href=\"https:\/\/focusonpack.com\/es\/maquina-de-retractilado\/l-type-automatic-shrink-wrap-machine\/\" \/>\n<meta property=\"og:locale\" content=\"es_ES\" \/>\n<meta property=\"og:type\" content=\"article\" \/>\n<meta property=\"og:title\" content=\"L type Automatic Shrink Wrap Machine - Focus on pack\" \/>\n<meta property=\"og:description\" content=\"L type Automatic Shrink Wrap M&hellip;\" \/>\n<meta property=\"og:url\" content=\"https:\/\/focusonpack.com\/es\/maquina-de-retractilado\/l-type-automatic-shrink-wrap-machine\/\" \/>\n<meta property=\"og:site_name\" content=\"Focus on pack\" \/>\n<meta property=\"article:modified_time\" content=\"2025-03-24T09:12:31+00:00\" \/>\n<meta property=\"og:image\" content=\"https:\/\/focusonpack.com\/wp-content\/uploads\/2020\/05\/L-Wrap.jpg\" \/>\n<meta name=\"twitter:card\" content=\"summary_large_image\" \/>\n<meta name=\"twitter:label1\" content=\"Tiempo de lectura\" \/>\n\t<meta name=\"twitter:data1\" content=\"4 minutos\" \/>\n<script type=\"application\/ld+json\" class=\"yoast-schema-graph\">{\"@context\":\"https:\/\/schema.org\",\"@graph\":[{\"@type\":\"WebPage\",\"@id\":\"https:\/\/focusonpack.com\/shrink-wrapping-machine\/l-type-automatic-shrink-wrap-machine\/\",\"url\":\"https:\/\/focusonpack.com\/shrink-wrapping-machine\/l-type-automatic-shrink-wrap-machine\/\",\"name\":\"L type Automatic Shrink Wrap Machine - Focus on pack\",\"isPartOf\":{\"@id\":\"https:\/\/focusonpack.com\/#website\"},\"primaryImageOfPage\":{\"@id\":\"https:\/\/focusonpack.com\/shrink-wrapping-machine\/l-type-automatic-shrink-wrap-machine\/#primaryimage\"},\"image\":{\"@id\":\"https:\/\/focusonpack.com\/shrink-wrapping-machine\/l-type-automatic-shrink-wrap-machine\/#primaryimage\"},\"thumbnailUrl\":\"https:\/\/focusonpack.com\/wp-content\/uploads\/2020\/05\/L-Wrap.jpg\",\"datePublished\":\"2020-05-08T07:37:44+00:00\",\"dateModified\":\"2025-03-24T09:12:31+00:00\",\"breadcrumb\":{\"@id\":\"https:\/\/focusonpack.com\/shrink-wrapping-machine\/l-type-automatic-shrink-wrap-machine\/#breadcrumb\"},\"inLanguage\":\"es\",\"potentialAction\":[{\"@type\":\"ReadAction\",\"target\":[\"https:\/\/focusonpack.com\/shrink-wrapping-machine\/l-type-automatic-shrink-wrap-machine\/\"]}]},{\"@type\":\"ImageObject\",\"inLanguage\":\"es\",\"@id\":\"https:\/\/focusonpack.com\/shrink-wrapping-machine\/l-type-automatic-shrink-wrap-machine\/#primaryimage\",\"url\":\"https:\/\/focusonpack.com\/wp-content\/uploads\/2020\/05\/L-Wrap.jpg\",\"contentUrl\":\"https:\/\/focusonpack.com\/wp-content\/uploads\/2020\/05\/L-Wrap.jpg\"},{\"@type\":\"BreadcrumbList\",\"@id\":\"https:\/\/focusonpack.com\/shrink-wrapping-machine\/l-type-automatic-shrink-wrap-machine\/#breadcrumb\",\"itemListElement\":[{\"@type\":\"ListItem\",\"position\":1,\"name\":\"\u9996\u9875\",\"item\":\"https:\/\/focusonpack.com\/\"},{\"@type\":\"ListItem\",\"position\":2,\"name\":\"Shrink Wrapping Machine\",\"item\":\"https:\/\/focusonpack.com\/shrink-wrapping-machine\/\"},{\"@type\":\"ListItem\",\"position\":3,\"name\":\"L type Automatic Shrink Wrap Machine\"}]},{\"@type\":\"WebSite\",\"@id\":\"https:\/\/focusonpack.com\/#website\",\"url\":\"https:\/\/focusonpack.com\/\",\"name\":\"Focus on pack\",\"description\":\"\",\"potentialAction\":[{\"@type\":\"SearchAction\",\"target\":{\"@type\":\"EntryPoint\",\"urlTemplate\":\"https:\/\/focusonpack.com\/?s={search_term_string}\"},\"query-input\":{\"@type\":\"PropertyValueSpecification\",\"valueRequired\":true,\"valueName\":\"search_term_string\"}}],\"inLanguage\":\"es\"}]}<\/script>\n<!-- \/ Yoast SEO plugin. -->","yoast_head_json":{"title":"L type Automatic Shrink Wrap Machine - Focus on pack","robots":{"index":"index","follow":"follow","max-snippet":"max-snippet:-1","max-image-preview":"max-image-preview:large","max-video-preview":"max-video-preview:-1"},"canonical":"https:\/\/focusonpack.com\/es\/maquina-de-retractilado\/l-type-automatic-shrink-wrap-machine\/","og_locale":"es_ES","og_type":"article","og_title":"L type Automatic Shrink Wrap Machine - Focus on pack","og_description":"L type Automatic Shrink Wrap M&hellip;","og_url":"https:\/\/focusonpack.com\/es\/maquina-de-retractilado\/l-type-automatic-shrink-wrap-machine\/","og_site_name":"Focus on pack","article_modified_time":"2025-03-24T09:12:31+00:00","og_image":[{"url":"https:\/\/focusonpack.com\/wp-content\/uploads\/2020\/05\/L-Wrap.jpg","type":"","width":"","height":""}],"twitter_card":"summary_large_image","twitter_misc":{"Tiempo de lectura":"4 minutos"},"schema":{"@context":"https:\/\/schema.org","@graph":[{"@type":"WebPage","@id":"https:\/\/focusonpack.com\/shrink-wrapping-machine\/l-type-automatic-shrink-wrap-machine\/","url":"https:\/\/focusonpack.com\/shrink-wrapping-machine\/l-type-automatic-shrink-wrap-machine\/","name":"L type Automatic Shrink Wrap Machine - Focus on pack","isPartOf":{"@id":"https:\/\/focusonpack.com\/#website"},"primaryImageOfPage":{"@id":"https:\/\/focusonpack.com\/shrink-wrapping-machine\/l-type-automatic-shrink-wrap-machine\/#primaryimage"},"image":{"@id":"https:\/\/focusonpack.com\/shrink-wrapping-machine\/l-type-automatic-shrink-wrap-machine\/#primaryimage"},"thumbnailUrl":"https:\/\/focusonpack.com\/wp-content\/uploads\/2020\/05\/L-Wrap.jpg","datePublished":"2020-05-08T07:37:44+00:00","dateModified":"2025-03-24T09:12:31+00:00","breadcrumb":{"@id":"https:\/\/focusonpack.com\/shrink-wrapping-machine\/l-type-automatic-shrink-wrap-machine\/#breadcrumb"},"inLanguage":"es","potentialAction":[{"@type":"ReadAction","target":["https:\/\/focusonpack.com\/shrink-wrapping-machine\/l-type-automatic-shrink-wrap-machine\/"]}]},{"@type":"ImageObject","inLanguage":"es","@id":"https:\/\/focusonpack.com\/shrink-wrapping-machine\/l-type-automatic-shrink-wrap-machine\/#primaryimage","url":"https:\/\/focusonpack.com\/wp-content\/uploads\/2020\/05\/L-Wrap.jpg","contentUrl":"https:\/\/focusonpack.com\/wp-content\/uploads\/2020\/05\/L-Wrap.jpg"},{"@type":"BreadcrumbList","@id":"https:\/\/focusonpack.com\/shrink-wrapping-machine\/l-type-automatic-shrink-wrap-machine\/#breadcrumb","itemListElement":[{"@type":"ListItem","position":1,"name":"\u9996\u9875","item":"https:\/\/focusonpack.com\/"},{"@type":"ListItem","position":2,"name":"Shrink Wrapping Machine","item":"https:\/\/focusonpack.com\/shrink-wrapping-machine\/"},{"@type":"ListItem","position":3,"name":"L type Automatic Shrink Wrap Machine"}]},{"@type":"WebSite","@id":"https:\/\/focusonpack.com\/#website","url":"https:\/\/focusonpack.com\/","name":"Focus on pack","description":"","potentialAction":[{"@type":"SearchAction","target":{"@type":"EntryPoint","urlTemplate":"https:\/\/focusonpack.com\/?s={search_term_string}"},"query-input":{"@type":"PropertyValueSpecification","valueRequired":true,"valueName":"search_term_string"}}],"inLanguage":"es"}]}},"_links":{"self":[{"href":"https:\/\/focusonpack.com\/es\/wp-json\/wp\/v2\/pages\/2582","targetHints":{"allow":["GET"]}}],"collection":[{"href":"https:\/\/focusonpack.com\/es\/wp-json\/wp\/v2\/pages"}],"about":[{"href":"https:\/\/focusonpack.com\/es\/wp-json\/wp\/v2\/types\/page"}],"author":[{"embeddable":true,"href":"https:\/\/focusonpack.com\/es\/wp-json\/wp\/v2\/users\/1"}],"replies":[{"embeddable":true,"href":"https:\/\/focusonpack.com\/es\/wp-json\/wp\/v2\/comments?post=2582"}],"version-history":[{"count":12,"href":"https:\/\/focusonpack.com\/es\/wp-json\/wp\/v2\/pages\/2582\/revisions"}],"predecessor-version":[{"id":4584,"href":"https:\/\/focusonpack.com\/es\/wp-json\/wp\/v2\/pages\/2582\/revisions\/4584"}],"up":[{"embeddable":true,"href":"https:\/\/focusonpack.com\/es\/wp-json\/wp\/v2\/pages\/2373"}],"wp:attachment":[{"href":"https:\/\/focusonpack.com\/es\/wp-json\/wp\/v2\/media?parent=2582"}],"curies":[{"name":"wp","href":"https:\/\/api.w.org\/{rel}","templated":true}]}}