{"id":2625,"date":"2020-05-08T15:55:32","date_gmt":"2020-05-08T07:55:32","guid":{"rendered":"https:\/\/focusonpack.com\/?page_id=2625"},"modified":"2023-07-21T11:08:00","modified_gmt":"2023-07-21T03:08:00","slug":"automatic-horizontal-wrap-around-labeling-machine","status":"publish","type":"page","link":"https:\/\/focusonpack.com\/es\/etiquetadora-horizontal-automatica\/","title":{"rendered":"M\u00e1quina etiquetadora horizontal autom\u00e1tica"},"content":{"rendered":"<div data-elementor-type=\"wp-page\" data-elementor-id=\"2625\" class=\"elementor elementor-2625\" data-elementor-settings=\"[]\">\n\t\t\t<div class=\"elementor-inner\">\n\t\t\t\t<div class=\"elementor-section-wrap\">\n\t\t\t\t\t\t\t<section class=\"elementor-element elementor-element-6f20141b elementor-section-boxed elementor-section-height-default elementor-section-height-default elementor-section elementor-top-section\" data-id=\"6f20141b\" data-element_type=\"section\">\n\t\t\t\t\t\t<div class=\"elementor-container elementor-column-gap-default\">\n\t\t\t\t<div class=\"elementor-row\">\n\t\t\t\t<div class=\"elementor-element elementor-element-3634018e elementor-column elementor-col-50 elementor-top-column\" data-id=\"3634018e\" data-element_type=\"column\">\n\t\t\t<div class=\"elementor-column-wrap  elementor-element-populated\">\n\t\t\t\t\t<div class=\"elementor-widget-wrap\">\n\t\t\t\t<div class=\"elementor-element elementor-element-4c67d4ca elementor-widget elementor-widget-heading\" data-id=\"4c67d4ca\" data-element_type=\"widget\" data-widget_type=\"heading.default\">\n\t\t\t\t<div class=\"elementor-widget-container\">\n\t\t\t<h3 class=\"elementor-heading-title elementor-size-default\">M\u00e1quina etiquetadora horizontal autom\u00e1tica<\/h3>\t\t<\/div>\n\t\t\t\t<\/div>\n\t\t\t\t<div class=\"elementor-element elementor-element-5b65d988 elementor-widget elementor-widget-heading\" data-id=\"5b65d988\" data-element_type=\"widget\" data-widget_type=\"heading.default\">\n\t\t\t\t<div class=\"elementor-widget-container\">\n\t\t\t<h3 class=\"elementor-heading-title elementor-size-default\">Etiquetadora horizontal autom\u00e1tica<\/h3>\t\t<\/div>\n\t\t\t\t<\/div>\n\t\t\t\t<div class=\"elementor-element elementor-element-166d4058 elementor-widget elementor-widget-text-editor\" data-id=\"166d4058\" data-element_type=\"widget\" data-widget_type=\"text-editor.default\">\n\t\t\t\t<div class=\"elementor-widget-container\">\n\t\t\t\t\t<div class=\"elementor-text-editor elementor-clearfix\"><p>Las etiquetadoras horizontales autom\u00e1ticas o las etiquetadoras inestables de productos redondos utilizan un transportador de rodillos para colocar las etiquetas m\u00e1s peque\u00f1as. Los sistemas horizontales de etiquetado envolvente pueden alimentarse manualmente con un canal de alimentaci\u00f3n o de forma totalmente autom\u00e1tica con almacenes de alimentaci\u00f3n y descarga. Los sistemas horizontales de etiquetado envolvente pueden alimentarse manualmente mediante una rampa de entrada o estar totalmente automatizados con almacenes de entrada y descarga, los productos se alimentan manual o autom\u00e1ticamente en el lecho del transportador de rodillos, que se desplaza por debajo de un conjunto de cinta envolvente. El movimiento rotatorio de la cinta hace girar el producto en el bolsillo del rodillo y la etiqueta se limpia. Los productos t\u00edpicos de las etiquetadoras de envoltura horizontal son Los productos t\u00edpicos para las etiquetadoras de envoltura horizontal son viales, bol\u00edgrafos, barras de labios, l\u00e1pices de colores, inhaladores, barras de pegamento, jeringuillas, tubos de ensayo, salchichas, pilas, ampollas, palillos y otros. Los productos t\u00edpicos de las etiquetadoras horizontales son viales, bol\u00edgrafos, l\u00e1pices de labios, ceras, inhaladores, barras de pegamento, jeringuillas, tubos de ensayo, salchichas, pilas, ampollas, palillos y otros recipientes cil\u00edndricos de pl\u00e1stico o vidrio de di\u00e1metro peque\u00f1o.<\/p><\/div>\n\t\t\t\t<\/div>\n\t\t\t\t<\/div>\n\t\t\t\t<div class=\"elementor-element elementor-element-4e57a5a elementor-widget elementor-widget-text-editor\" data-id=\"4e57a5a\" data-element_type=\"widget\" data-widget_type=\"text-editor.default\">\n\t\t\t\t<div class=\"elementor-widget-container\">\n\t\t\t\t\t<div class=\"elementor-text-editor elementor-clearfix\"><p>La etiquetadora horizontal autom\u00e1tica de viales est\u00e1 fabricada en acero inoxidable 304 y aluminio anodizado, y ha sido cuidadosamente tratada para protegerla de los efectos de los entornos m\u00e1s adversos. de rodillos en \u00e1ngulo que garantiza un etiquetado preciso al sujetar el producto por un lado a medida que pasa por el cabezal etiquetador. El cabezal de etiquetado est\u00e1 totalmente sincronizado con la cinta transportadora. El cabezal de etiquetado est\u00e1 totalmente sincronizado con la cinta transportadora. Otras caracter\u00edsticas son el control por PLC y la interfaz de usuario HMI de f\u00e1cil manejo, la recogida de banda asistida, el sensor de producto sin contacto para huecos de etiquetas y envases y el sensor de acumulaci\u00f3n opcional. sensor de acumulaci\u00f3n opcional.<\/p><\/div>\n\t\t\t\t<\/div>\n\t\t\t\t<\/div>\n\t\t\t\t<div class=\"elementor-element elementor-element-5c2fdafe elementor-widget elementor-widget-heading\" data-id=\"5c2fdafe\" data-element_type=\"widget\" data-widget_type=\"heading.default\">\n\t\t\t\t<div class=\"elementor-widget-container\">\n\t\t\t<h3 class=\"elementor-heading-title elementor-size-default\">Caracter\u00edsticas principales<\/h3>\t\t<\/div>\n\t\t\t\t<\/div>\n\t\t\t\t<div class=\"elementor-element elementor-element-f8b8e1c elementor-widget elementor-widget-text-editor\" data-id=\"f8b8e1c\" data-element_type=\"widget\" data-widget_type=\"text-editor.default\">\n\t\t\t\t<div class=\"elementor-widget-container\">\n\t\t\t\t\t<div class=\"elementor-text-editor elementor-clearfix\"><p>\uf105 Componentes de aluminio anodizado fabricados en acero inoxidable de alta resistencia<\/p><p>\uf105 Los componentes electr\u00f3nicos son de marca mundialmente conocida<\/p><p>\uf105 Aplicaci\u00f3n de etiquetas en envases redondos, delgados, poco manejables y no autoportantes<\/p><p>\uf105 Rueda separadora de entrada de botellas de velocidad variable<\/p><p>\uf105 Control PLC y HMI de f\u00e1cil manejo<\/p><p>\uf105 El servomotor proporciona un etiquetado preciso y repetible a alta velocidad<\/p><p>\uf105 Cabezal de etiquetado y cinta transportadora sincronizados autom\u00e1ticamente<\/p><p>\uf105 Toma de red asistida<\/p><p>\uf105 Detecci\u00f3n de etiquetas bajas o ausentes con sistema de parada autom\u00e1tica para evitar el etiquetado incorrecto<\/p><p>\uf105 Sensores fotoel\u00e9ctricos de ojo sin contacto<\/p><p>\uf105 Contador de etiquetas<\/p><\/div>\n\t\t\t\t<\/div>\n\t\t\t\t<\/div>\n\t\t\t\t<div class=\"elementor-element elementor-element-7b151af2 elementor-widget elementor-widget-heading\" data-id=\"7b151af2\" data-element_type=\"widget\" data-widget_type=\"heading.default\">\n\t\t\t\t<div class=\"elementor-widget-container\">\n\t\t\t<h3 class=\"elementor-heading-title elementor-size-default\">Opciones disponibles<\/h3>\t\t<\/div>\n\t\t\t\t<\/div>\n\t\t\t\t<div class=\"elementor-element elementor-element-32c88899 elementor-widget elementor-widget-text-editor\" data-id=\"32c88899\" data-element_type=\"widget\" data-widget_type=\"text-editor.default\">\n\t\t\t\t<div class=\"elementor-widget-container\">\n\t\t\t\t\t<div class=\"elementor-text-editor elementor-clearfix\"><p>\uf105 Codificador de impresi\u00f3n en caliente con base (imprime caracteres directamente en la etiqueta)<\/p><p>\uf105 Sensores de etiquetas transparentes (capaces de detectar etiquetas transparentes)<\/p><\/div>\n\t\t\t\t<\/div>\n\t\t\t\t<\/div>\n\t\t\t\t<div class=\"elementor-element elementor-element-6d15913f elementor-widget elementor-widget-heading\" data-id=\"6d15913f\" data-element_type=\"widget\" data-widget_type=\"heading.default\">\n\t\t\t\t<div class=\"elementor-widget-container\">\n\t\t\t<h3 class=\"elementor-heading-title elementor-size-default\">Especificaciones t\u00e9cnicas<\/h3>\t\t<\/div>\n\t\t\t\t<\/div>\n\t\t\t\t<div class=\"elementor-element elementor-element-2716aa0f elementor-widget elementor-widget-text-editor\" data-id=\"2716aa0f\" data-element_type=\"widget\" data-widget_type=\"text-editor.default\">\n\t\t\t\t<div class=\"elementor-widget-container\">\n\t\t\t\t\t<div class=\"elementor-text-editor elementor-clearfix\"><table border=\"0\" cellpadding=\"0\" cellspacing=\"0\" width=\"633\" height=\"240\" style=\"width: 474.77pt;\">\n<colgroup>\n<col width=\"146\" style=\"width:109.50pt;\">\n<col width=\"487\" style=\"width:365.25pt;\">\n <\/colgroup>\n<tbody>\n<tr height=\"20\" style=\"height:15.00pt;\">\n<td height=\"20\" width=\"146\" x:str=\"\" style=\"height:15.00pt;width:109.50pt;\">Direcci\u00f3n<\/td>\n<td width=\"487\" x:str=\"\" style=\"width:365.25pt;\">De izquierda a derecha o de derecha a izquierda<\/td>\n<\/tr>\n<tr height=\"20\" style=\"height:15.00pt;\">\n<td height=\"20\" x:str=\"\" style=\"height:15.00pt;\">velocidad<\/td>\n<td x:str=\"\">120-250CPM(Dependiendo de las caracter\u00edsticas del producto y la velocidad de alimentaci\u00f3n)<\/td>\n<\/tr>\n<tr height=\"20\" style=\"height:15.00pt;\">\n<td height=\"20\" x:str=\"\" style=\"height:15.00pt;\">Di\u00e1metro del contenedor&nbsp;<\/td>\n<td x:str=\"\">9-23 mm<\/td>\n<\/tr>\n<tr height=\"20\" style=\"height:15.00pt;\">\n<td height=\"20\" x:str=\"\" style=\"height:15.00pt;\">Altura del contenedor<\/td>\n<td x:str=\"\">25-150 mm<\/td>\n<\/tr>\n<tr height=\"20\" style=\"height:15.00pt;\">\n<td height=\"20\" x:str=\"\" style=\"height:15.00pt;\">Longitud de la etiqueta<\/td>\n<td x:str=\"\">15-80 mm<\/td>\n<\/tr>\n<tr height=\"20\" style=\"height:15.00pt;\">\n<td height=\"20\" x:str=\"\" style=\"height:15.00pt;\">Altura de la etiqueta<\/td>\n<td x:str=\"\">10-60mm<\/td>\n<\/tr>\n<tr height=\"20\" style=\"height:15.00pt;\">\n<td height=\"20\" x:str=\"\" style=\"height:15.00pt;\">Precisi\u00f3n del etiquetado<\/td>\n<td x:str=\"\">\u00b10,5mm(Sujeto a las caracter\u00edsticas del producto)<\/td>\n<\/tr>\n<tr height=\"20\" style=\"height:15.00pt;\">\n<td height=\"20\" x:str=\"\" style=\"height:15.00pt;\">Tama\u00f1o del rollo de etiquetas<\/td>\n<td x:str=\"\">320 mm (m\u00e1x.)<\/td>\n<\/tr>\n<tr height=\"20\" style=\"height:15.00pt;\">\n<td height=\"20\" x:str=\"\" style=\"height:15.00pt;\">Etiqueta Tama\u00f1o del n\u00facleo<\/td>\n<td x:str=\"\">76 mm<\/td>\n<\/tr>\n<tr height=\"20\" style=\"height:15.00pt;\">\n<td height=\"20\" x:str=\"\" style=\"height:15.00pt;\">Suministro el\u00e9ctrico<\/td>\n<td x:str=\"\">110\/220v 50\/60hz 1ph 2500w<\/td>\n<\/tr>\n<tr height=\"20\" style=\"height:15.00pt;\">\n<td height=\"20\" x:str=\"\" style=\"height:15.00pt;\">Peso&nbsp;<\/td>\n<td x:str=\"\">200kgs<\/td>\n<\/tr>\n<tr height=\"20\" style=\"height:15.00pt;\">\n<td height=\"20\" x:str=\"\" style=\"height:15.00pt;\">Dimensi\u00f3n<\/td>\n<td x:str=\"\">1800x900x1300mm<\/td>\n<\/tr>\n<\/tbody>\n<\/table><\/div>\n\t\t\t\t<\/div>\n\t\t\t\t<\/div>\n\t\t\t\t<div class=\"elementor-element elementor-element-3648dd5b elementor-widget elementor-widget-text-editor\" data-id=\"3648dd5b\" data-element_type=\"widget\" data-widget_type=\"text-editor.default\">\n\t\t\t\t<div class=\"elementor-widget-container\">\n\t\t\t\t\t<div class=\"elementor-text-editor elementor-clearfix\"><p>\uf013 Especificaciones sujetas a cambios sin previo aviso, Todos los derechos reservados.<\/p><\/div>\n\t\t\t\t<\/div>\n\t\t\t\t<\/div>\n\t\t\t\t\t\t<\/div>\n\t\t\t<\/div>\n\t\t<\/div>\n\t\t\t\t<div class=\"elementor-element elementor-element-9b9ca67 elementor-column elementor-col-50 elementor-top-column\" data-id=\"9b9ca67\" data-element_type=\"column\">\n\t\t\t<div class=\"elementor-column-wrap  elementor-element-populated\">\n\t\t\t\t\t<div class=\"elementor-widget-wrap\">\n\t\t\t\t<div class=\"elementor-element elementor-element-61cd8b98 elementor-widget elementor-widget-spacer\" data-id=\"61cd8b98\" data-element_type=\"widget\" data-widget_type=\"spacer.default\">\n\t\t\t\t<div class=\"elementor-widget-container\">\n\t\t\t\t\t<div class=\"elementor-spacer\">\n\t\t\t<div class=\"elementor-spacer-inner\"><\/div>\n\t\t<\/div>\n\t\t\t\t<\/div>\n\t\t\t\t<\/div>\n\t\t\t\t<div class=\"elementor-element elementor-element-76fff4ca elementor-widget elementor-widget-image\" data-id=\"76fff4ca\" data-element_type=\"widget\" data-widget_type=\"image.default\">\n\t\t\t\t<div class=\"elementor-widget-container\">\n\t\t\t\t\t<div class=\"elementor-image\">\n\t\t\t\t\t\t\t\t\t\t<img loading=\"lazy\" decoding=\"async\" width=\"304\" height=\"241\" src=\"https:\/\/focusonpack.com\/wp-content\/uploads\/2023\/07\/label-5-5.jpg\" class=\"attachment-full size-full\" alt=\"\" srcset=\"https:\/\/focusonpack.com\/wp-content\/uploads\/2023\/07\/label-5-5.jpg 304w, https:\/\/focusonpack.com\/wp-content\/uploads\/2023\/07\/label-5-5-300x238.jpg 300w\" sizes=\"auto, (max-width: 304px) 100vw, 304px\" \/>\t\t\t\t\t\t\t\t\t\t\t<\/div>\n\t\t\t\t<\/div>\n\t\t\t\t<\/div>\n\t\t\t\t<div class=\"elementor-element elementor-element-f4e9ffe elementor-button-info elementor-align-center elementor-widget elementor-widget-button\" data-id=\"f4e9ffe\" data-element_type=\"widget\" data-widget_type=\"button.default\">\n\t\t\t\t<div class=\"elementor-widget-container\">\n\t\t\t\t\t<div class=\"elementor-button-wrapper\">\n\t\t\t<a href=\"https:\/\/focusonpack.com\/es\/contacto\/\" class=\"elementor-button-link elementor-button elementor-size-sm\" role=\"button\">\n\t\t\t\t\t\t<span class=\"elementor-button-content-wrapper\">\n\t\t\t\t\t\t<span class=\"elementor-button-text\">Solicitar presupuesto<\/span>\n\t\t<\/span>\n\t\t\t\t\t<\/a>\n\t\t<\/div>\n\t\t\t\t<\/div>\n\t\t\t\t<\/div>\n\t\t\t\t\t\t<\/div>\n\t\t\t<\/div>\n\t\t<\/div>\n\t\t\t\t\t\t<\/div>\n\t\t\t<\/div>\n\t\t<\/section>\n\t\t\t\t\t\t<\/div>\n\t\t\t<\/div>\n\t\t<\/div>","protected":false},"excerpt":{"rendered":"<p>Automatic Horizontal Wrap Arou&hellip;<\/p>","protected":false},"author":1,"featured_media":0,"parent":0,"menu_order":0,"comment_status":"closed","ping_status":"closed","template":"elementor_header_footer","meta":{"footnotes":""},"class_list":["post-2625","page","type-page","status-publish","hentry","no-thumb"],"yoast_head":"<!-- This site is optimized with the Yoast SEO plugin v24.8.1 - https:\/\/yoast.com\/wordpress\/plugins\/seo\/ -->\n<title>Automatic Horizontal Wrap Around Labeling Machine - Focus on pack<\/title>\n<meta name=\"robots\" content=\"index, follow, max-snippet:-1, max-image-preview:large, max-video-preview:-1\" \/>\n<link rel=\"canonical\" href=\"https:\/\/focusonpack.com\/es\/etiquetadora-horizontal-automatica\/\" \/>\n<meta property=\"og:locale\" content=\"es_ES\" \/>\n<meta property=\"og:type\" content=\"article\" \/>\n<meta property=\"og:title\" content=\"Automatic Horizontal Wrap Around Labeling Machine - Focus on pack\" \/>\n<meta property=\"og:description\" content=\"Automatic Horizontal Wrap Arou&hellip;\" \/>\n<meta property=\"og:url\" content=\"https:\/\/focusonpack.com\/es\/etiquetadora-horizontal-automatica\/\" \/>\n<meta property=\"og:site_name\" content=\"Focus on pack\" \/>\n<meta property=\"article:modified_time\" content=\"2023-07-21T03:08:00+00:00\" \/>\n<meta property=\"og:image\" content=\"https:\/\/focusonpack.com\/wp-content\/uploads\/2023\/07\/label-5-5.jpg\" \/>\n<meta name=\"twitter:card\" content=\"summary_large_image\" \/>\n<meta name=\"twitter:label1\" content=\"Tiempo de lectura\" \/>\n\t<meta name=\"twitter:data1\" content=\"2 minutos\" \/>\n<script type=\"application\/ld+json\" class=\"yoast-schema-graph\">{\"@context\":\"https:\/\/schema.org\",\"@graph\":[{\"@type\":\"WebPage\",\"@id\":\"https:\/\/focusonpack.com\/automatic-horizontal-wrap-around-labeling-machine\/\",\"url\":\"https:\/\/focusonpack.com\/automatic-horizontal-wrap-around-labeling-machine\/\",\"name\":\"Automatic Horizontal Wrap Around Labeling Machine - Focus on pack\",\"isPartOf\":{\"@id\":\"https:\/\/focusonpack.com\/#website\"},\"primaryImageOfPage\":{\"@id\":\"https:\/\/focusonpack.com\/automatic-horizontal-wrap-around-labeling-machine\/#primaryimage\"},\"image\":{\"@id\":\"https:\/\/focusonpack.com\/automatic-horizontal-wrap-around-labeling-machine\/#primaryimage\"},\"thumbnailUrl\":\"https:\/\/focusonpack.com\/wp-content\/uploads\/2023\/07\/label-5-5.jpg\",\"datePublished\":\"2020-05-08T07:55:32+00:00\",\"dateModified\":\"2023-07-21T03:08:00+00:00\",\"breadcrumb\":{\"@id\":\"https:\/\/focusonpack.com\/automatic-horizontal-wrap-around-labeling-machine\/#breadcrumb\"},\"inLanguage\":\"es\",\"potentialAction\":[{\"@type\":\"ReadAction\",\"target\":[\"https:\/\/focusonpack.com\/automatic-horizontal-wrap-around-labeling-machine\/\"]}]},{\"@type\":\"ImageObject\",\"inLanguage\":\"es\",\"@id\":\"https:\/\/focusonpack.com\/automatic-horizontal-wrap-around-labeling-machine\/#primaryimage\",\"url\":\"https:\/\/focusonpack.com\/wp-content\/uploads\/2023\/07\/label-5-5.jpg\",\"contentUrl\":\"https:\/\/focusonpack.com\/wp-content\/uploads\/2023\/07\/label-5-5.jpg\"},{\"@type\":\"BreadcrumbList\",\"@id\":\"https:\/\/focusonpack.com\/automatic-horizontal-wrap-around-labeling-machine\/#breadcrumb\",\"itemListElement\":[{\"@type\":\"ListItem\",\"position\":1,\"name\":\"\u9996\u9875\",\"item\":\"https:\/\/focusonpack.com\/\"},{\"@type\":\"ListItem\",\"position\":2,\"name\":\"Automatic Horizontal Wrap Around Labeling Machine\"}]},{\"@type\":\"WebSite\",\"@id\":\"https:\/\/focusonpack.com\/#website\",\"url\":\"https:\/\/focusonpack.com\/\",\"name\":\"Focus on pack\",\"description\":\"\",\"potentialAction\":[{\"@type\":\"SearchAction\",\"target\":{\"@type\":\"EntryPoint\",\"urlTemplate\":\"https:\/\/focusonpack.com\/?s={search_term_string}\"},\"query-input\":{\"@type\":\"PropertyValueSpecification\",\"valueRequired\":true,\"valueName\":\"search_term_string\"}}],\"inLanguage\":\"es\"}]}<\/script>\n<!-- \/ Yoast SEO plugin. -->","yoast_head_json":{"title":"Automatic Horizontal Wrap Around Labeling Machine - Focus on pack","robots":{"index":"index","follow":"follow","max-snippet":"max-snippet:-1","max-image-preview":"max-image-preview:large","max-video-preview":"max-video-preview:-1"},"canonical":"https:\/\/focusonpack.com\/es\/etiquetadora-horizontal-automatica\/","og_locale":"es_ES","og_type":"article","og_title":"Automatic Horizontal Wrap Around Labeling Machine - Focus on pack","og_description":"Automatic Horizontal Wrap Arou&hellip;","og_url":"https:\/\/focusonpack.com\/es\/etiquetadora-horizontal-automatica\/","og_site_name":"Focus on pack","article_modified_time":"2023-07-21T03:08:00+00:00","og_image":[{"url":"https:\/\/focusonpack.com\/wp-content\/uploads\/2023\/07\/label-5-5.jpg","type":"","width":"","height":""}],"twitter_card":"summary_large_image","twitter_misc":{"Tiempo de lectura":"2 minutos"},"schema":{"@context":"https:\/\/schema.org","@graph":[{"@type":"WebPage","@id":"https:\/\/focusonpack.com\/automatic-horizontal-wrap-around-labeling-machine\/","url":"https:\/\/focusonpack.com\/automatic-horizontal-wrap-around-labeling-machine\/","name":"Automatic Horizontal Wrap Around Labeling Machine - Focus on pack","isPartOf":{"@id":"https:\/\/focusonpack.com\/#website"},"primaryImageOfPage":{"@id":"https:\/\/focusonpack.com\/automatic-horizontal-wrap-around-labeling-machine\/#primaryimage"},"image":{"@id":"https:\/\/focusonpack.com\/automatic-horizontal-wrap-around-labeling-machine\/#primaryimage"},"thumbnailUrl":"https:\/\/focusonpack.com\/wp-content\/uploads\/2023\/07\/label-5-5.jpg","datePublished":"2020-05-08T07:55:32+00:00","dateModified":"2023-07-21T03:08:00+00:00","breadcrumb":{"@id":"https:\/\/focusonpack.com\/automatic-horizontal-wrap-around-labeling-machine\/#breadcrumb"},"inLanguage":"es","potentialAction":[{"@type":"ReadAction","target":["https:\/\/focusonpack.com\/automatic-horizontal-wrap-around-labeling-machine\/"]}]},{"@type":"ImageObject","inLanguage":"es","@id":"https:\/\/focusonpack.com\/automatic-horizontal-wrap-around-labeling-machine\/#primaryimage","url":"https:\/\/focusonpack.com\/wp-content\/uploads\/2023\/07\/label-5-5.jpg","contentUrl":"https:\/\/focusonpack.com\/wp-content\/uploads\/2023\/07\/label-5-5.jpg"},{"@type":"BreadcrumbList","@id":"https:\/\/focusonpack.com\/automatic-horizontal-wrap-around-labeling-machine\/#breadcrumb","itemListElement":[{"@type":"ListItem","position":1,"name":"\u9996\u9875","item":"https:\/\/focusonpack.com\/"},{"@type":"ListItem","position":2,"name":"Automatic Horizontal Wrap Around Labeling Machine"}]},{"@type":"WebSite","@id":"https:\/\/focusonpack.com\/#website","url":"https:\/\/focusonpack.com\/","name":"Focus on pack","description":"","potentialAction":[{"@type":"SearchAction","target":{"@type":"EntryPoint","urlTemplate":"https:\/\/focusonpack.com\/?s={search_term_string}"},"query-input":{"@type":"PropertyValueSpecification","valueRequired":true,"valueName":"search_term_string"}}],"inLanguage":"es"}]}},"_links":{"self":[{"href":"https:\/\/focusonpack.com\/es\/wp-json\/wp\/v2\/pages\/2625","targetHints":{"allow":["GET"]}}],"collection":[{"href":"https:\/\/focusonpack.com\/es\/wp-json\/wp\/v2\/pages"}],"about":[{"href":"https:\/\/focusonpack.com\/es\/wp-json\/wp\/v2\/types\/page"}],"author":[{"embeddable":true,"href":"https:\/\/focusonpack.com\/es\/wp-json\/wp\/v2\/users\/1"}],"replies":[{"embeddable":true,"href":"https:\/\/focusonpack.com\/es\/wp-json\/wp\/v2\/comments?post=2625"}],"version-history":[{"count":10,"href":"https:\/\/focusonpack.com\/es\/wp-json\/wp\/v2\/pages\/2625\/revisions"}],"predecessor-version":[{"id":4071,"href":"https:\/\/focusonpack.com\/es\/wp-json\/wp\/v2\/pages\/2625\/revisions\/4071"}],"wp:attachment":[{"href":"https:\/\/focusonpack.com\/es\/wp-json\/wp\/v2\/media?parent=2625"}],"curies":[{"name":"wp","href":"https:\/\/api.w.org\/{rel}","templated":true}]}}