{"id":2915,"date":"2020-05-09T17:05:45","date_gmt":"2020-05-09T09:05:45","guid":{"rendered":"https:\/\/focusonpack.com\/?page_id=2915"},"modified":"2025-03-20T10:48:40","modified_gmt":"2025-03-20T02:48:40","slug":"2000-3000-bottles-per-hour-water-bottling-machine","status":"publish","type":"page","link":"https:\/\/focusonpack.com\/es\/maquina-llenadora-de-agua\/2000-3000-bottles-per-hour-water-bottling-machine\/","title":{"rendered":"M\u00e1quina embotelladora de agua de 2000-3000 botellas por hora"},"content":{"rendered":"<div data-elementor-type=\"wp-page\" data-elementor-id=\"2915\" class=\"elementor elementor-2915\" data-elementor-settings=\"[]\">\n\t\t\t<div class=\"elementor-inner\">\n\t\t\t\t<div class=\"elementor-section-wrap\">\n\t\t\t\t\t\t\t<section class=\"elementor-element elementor-element-22a7817 elementor-section-boxed elementor-section-height-default elementor-section-height-default elementor-section elementor-top-section\" data-id=\"22a7817\" data-element_type=\"section\">\n\t\t\t\t\t\t<div class=\"elementor-container elementor-column-gap-default\">\n\t\t\t\t<div class=\"elementor-row\">\n\t\t\t\t<div class=\"elementor-element elementor-element-ea57348 elementor-column elementor-col-50 elementor-top-column\" data-id=\"ea57348\" data-element_type=\"column\">\n\t\t\t<div class=\"elementor-column-wrap  elementor-element-populated\">\n\t\t\t\t\t<div class=\"elementor-widget-wrap\">\n\t\t\t\t<div class=\"elementor-element elementor-element-99f9dc4 elementor-widget elementor-widget-heading\" data-id=\"99f9dc4\" data-element_type=\"widget\" data-widget_type=\"heading.default\">\n\t\t\t\t<div class=\"elementor-widget-container\">\n\t\t\t<h3 class=\"elementor-heading-title elementor-size-default\">M\u00e1quina embotelladora de agua de 2000-3000 botellas por hora<\/h3>\t\t<\/div>\n\t\t\t\t<\/div>\n\t\t\t\t<div class=\"elementor-element elementor-element-d6183f8 elementor-widget elementor-widget-text-editor\" data-id=\"d6183f8\" data-element_type=\"widget\" data-widget_type=\"text-editor.default\">\n\t\t\t\t<div class=\"elementor-widget-container\">\n\t\t\t\t\t<div class=\"elementor-text-editor elementor-clearfix\"><p>Esta serie de m\u00e1quinas embotelladoras de agua han sido dise\u00f1adas para que las empresas de nueva creaci\u00f3n envasen agua purificada, agua mineral y bebidas sin gas en botellas de PET. Esta serie de m\u00e1quinas embotelladoras de agua han sido dise\u00f1adas para empresas de nueva creaci\u00f3n para envasar agua purificada, agua mineral y bebidas sin gas en botellas de PET de 200ml a 1500ml, integrando enjuague, llenado y taponado en una sola, que incluye 8 v\u00e1lvulas de enjuague, 8 cabezales de llenado y 3 conjuntos de cabezales de taponado. Se pueden alcanzar de 2000 a 3000 botellas por hora. Esta peque\u00f1a planta embotelladora de agua est\u00e1 especialmente dise\u00f1ada para sustituir al sistema en l\u00ednea. el movimiento continuo de la m\u00e1quina de llenado rotativo hace que sea r\u00e1pido aparte del sistema en l\u00ednea, la construcci\u00f3n compacta ahorra su valioso espacio, el m\u00f3dulo monobloque hace m\u00e1s estable que el sistema en l\u00ednea, el sistema en l\u00ednea puede ser sustituido por la m\u00e1quina de llenado rotativo. El m\u00f3dulo monobloque es m\u00e1s estable que el sistema en l\u00ednea, el cambio r\u00e1pido minimiza el tiempo de inactividad de un tama\u00f1o a otro, el control por PLC, todos los motores est\u00e1n sincronizados, f\u00e1cil manejo y mantenimiento. El operario carga las botellas en el transportador a\u00e9reo, el enjuague, el llenado y el taponado son totalmente autom\u00e1ticos.<\/p><\/div>\n\t\t\t\t<\/div>\n\t\t\t\t<\/div>\n\t\t\t\t<div class=\"elementor-element elementor-element-efbcf75 elementor-widget elementor-widget-text-editor\" data-id=\"efbcf75\" data-element_type=\"widget\" data-widget_type=\"text-editor.default\">\n\t\t\t\t<div class=\"elementor-widget-container\">\n\t\t\t\t\t<div class=\"elementor-text-editor elementor-clearfix\"><p>Water bottling machine works on simple principle. The plastic bottles are loaded on air conveyor manually and fed into rinsing station automatically. A star wheel then transfers the bottles to the neck holding gripper of the rinsing station. Bottles are indexed 180\u00b0 along the rail, rinsed internally and dripped. Well rinsed bottles are automatically transferred by a star wheel to the filling station, during the filling stage, bottles are picked up by the neck and are allocated under individual filing valve, the fill-to-level valve is so price and accurate and gives even filling in all bottles at same level. The filled bottles are then transferred to the capping station via a star wheel, The bottles automatically move for the capping stage where the caps release from the sorter on to the bottles.The caps are sealed automatically using special capping hands. The entire system is enclosed in a stainless steel\/glass outer casing. After the capping stage the bottle are automatically ejected out to the out feed conveyor. The whole equipment is sleek and is capable of bottling various sizes of PET bottles ranging from 200 ml to 1500ml.<\/p><\/div>\n\t\t\t\t<\/div>\n\t\t\t\t<\/div>\n\t\t\t\t<div class=\"elementor-element elementor-element-eb85ff4 elementor-widget elementor-widget-heading\" data-id=\"eb85ff4\" data-element_type=\"widget\" data-widget_type=\"heading.default\">\n\t\t\t\t<div class=\"elementor-widget-container\">\n\t\t\t<h3 class=\"elementor-heading-title elementor-size-default\">Caracter\u00edsticas principales<\/h3>\t\t<\/div>\n\t\t\t\t<\/div>\n\t\t\t\t<div class=\"elementor-element elementor-element-2a3b230 elementor-widget elementor-widget-text-editor\" data-id=\"2a3b230\" data-element_type=\"widget\" data-widget_type=\"text-editor.default\">\n\t\t\t\t<div class=\"elementor-widget-container\">\n\t\t\t\t\t<div class=\"elementor-text-editor elementor-clearfix\"><p>\u2022&nbsp; Complete set includes air conveyor, monoblock rinsing filling capping machine and discharge&nbsp;<span style=\"letter-spacing: -0.6px;\">conveyor<\/span><\/p>\n<p>\u2022&nbsp; Compact design saves space<\/p>\n<p>\u2022&nbsp; Heavy duty carbon steel tubular frame makes machine stable and durable enclosed with stainless<\/p>\n<p>&nbsp; &nbsp;steel sheathing secured to the tubular frame<\/p>\n<p>\u2022&nbsp; All parts that contact the bottle and liquid are made of stainless steel or food grade plastic material<\/p>\n<p>\u2022&nbsp; All drive train components located inside machine base to be protected from aggressive<\/p>\n<p>&nbsp; &nbsp;environment, extended life, clean and unobstructed cabinet surface.<\/p>\n<p>\u2022&nbsp; Rinsing, filling and capping are integrated into one<\/p>\n<p>\u2022&nbsp; Unique design bottle neck suspend system makes bottle move smoothly<\/p>\n<p>\u2022&nbsp; Precise and accurate fill-to-level valves give even filling in all bottles at same level<\/p>\n<p>\u2022&nbsp; No bottle, No filling<\/p>\n<p>\u2022&nbsp; Magnetic capping head eliminates over-tightening of caps<\/p>\n<p>\u2022&nbsp; No bottle, No capping<\/p>\n<p>\u2022&nbsp; Fast and easy changeover for various bottle sizes minimizes down time<\/p>\n<p>\u2022&nbsp; PLC control and friendly touch screen HMI interface<\/p>\n<p>\u2022&nbsp; Adjustable speed by inverter<\/p>\n<p>\u2022&nbsp; Easy to operate, clean and maintai<\/p><\/div>\n\t\t\t\t<\/div>\n\t\t\t\t<\/div>\n\t\t\t\t<div class=\"elementor-element elementor-element-a6ea234 elementor-widget elementor-widget-heading\" data-id=\"a6ea234\" data-element_type=\"widget\" data-widget_type=\"heading.default\">\n\t\t\t\t<div class=\"elementor-widget-container\">\n\t\t\t<h3 class=\"elementor-heading-title elementor-size-default\">Accesorios<\/h3>\t\t<\/div>\n\t\t\t\t<\/div>\n\t\t\t\t<div class=\"elementor-element elementor-element-a4885e3 elementor-widget elementor-widget-text-editor\" data-id=\"a4885e3\" data-element_type=\"widget\" data-widget_type=\"text-editor.default\">\n\t\t\t\t<div class=\"elementor-widget-container\">\n\t\t\t\t\t<div class=\"elementor-text-editor elementor-clearfix\"><p>\u2022\u00a0\u00a0Infeed air conveyor with Blower<\/p><p>\u2022\u00a0\u00a0Outfeed conveyor with tabletop slat chain<\/p><p>\u2022\u00a0\u00a0Automatic cap elevator\/feeder<\/p><\/div>\n\t\t\t\t<\/div>\n\t\t\t\t<\/div>\n\t\t\t\t<div class=\"elementor-element elementor-element-8eb4992 elementor-widget elementor-widget-heading\" data-id=\"8eb4992\" data-element_type=\"widget\" data-widget_type=\"heading.default\">\n\t\t\t\t<div class=\"elementor-widget-container\">\n\t\t\t<h3 class=\"elementor-heading-title elementor-size-default\">Especificaciones t\u00e9cnicas<\/h3>\t\t<\/div>\n\t\t\t\t<\/div>\n\t\t\t\t<div class=\"elementor-element elementor-element-8306be7 elementor-widget elementor-widget-text-editor\" data-id=\"8306be7\" data-element_type=\"widget\" data-widget_type=\"text-editor.default\">\n\t\t\t\t<div class=\"elementor-widget-container\">\n\t\t\t\t\t<div class=\"elementor-text-editor elementor-clearfix\"><table style=\"height: 508px;\" width=\"680\">\n<tbody>\n<tr>\n<td width=\"267\">Modelo<\/td>\n<td width=\"303\">CGF 8-8-3<\/td>\n<\/tr>\n<tr>\n<td>Capacidad de producci\u00f3n<\/td>\n<td>2000-3000Bottles\/Hr at 500ml volume<\/td>\n<\/tr>\n<tr>\n<td>V\u00e1lvulas de enjuague<\/td>\n<td>8<\/td>\n<\/tr>\n<tr>\n<td>N\u00ba de cabezales de llenado<\/td>\n<td>8<\/td>\n<\/tr>\n<tr>\n<td>N\u00famero de tapas<\/td>\n<td>3<\/td>\n<\/tr>\n<tr>\n<td>Di\u00e1metro de botella aplicable<\/td>\n<td>\u03a650 mm ~\u03a690 mm<\/td>\n<\/tr>\n<tr>\n<td>Altura de la botella aplicable<\/td>\n<td>150 mm - 310 mm<\/td>\n<\/tr>\n<tr>\n<td>Di\u00e1metro del tap\u00f3n roscado aplicable<\/td>\n<td>\u03a625 mm ~\u03a635 mm<\/td>\n<\/tr>\n<tr>\n<td>Altura de la tapa del tornillo aplicable<\/td>\n<td>15 mm - 25 mm Tap\u00f3n roscado<\/td>\n<\/tr>\n<tr>\n<td>Tensi\u00f3n de alimentaci\u00f3n<\/td>\n<td>220\/380V 50\/60HZ 3PH<\/td>\n<\/tr>\n<tr>\n<td>Motor principal<\/td>\n<td>1,5 KW<\/td>\n<\/tr>\n<tr>\n<td>Peso<\/td>\n<td>1800 kgs(approx)<\/td>\n<\/tr>\n<tr>\n<td>Dimensiones (sin transportador)<\/td>\n<td>2100 x 1500 x 2150 mm<\/td>\n<\/tr>\n<\/tbody>\n<\/table><\/div>\n\t\t\t\t<\/div>\n\t\t\t\t<\/div>\n\t\t\t\t<div class=\"elementor-element elementor-element-797ed0f elementor-invisible elementor-widget elementor-widget-heading\" data-id=\"797ed0f\" data-element_type=\"widget\" data-settings=\"{&quot;_animation&quot;:&quot;none&quot;}\" data-widget_type=\"heading.default\">\n\t\t\t\t<div class=\"elementor-widget-container\">\n\t\t\t<h3 class=\"elementor-heading-title elementor-size-default\"><span style=\"font-size: 16px; font-weight: 400; white-space-collapse: collapse; background-color: rgb(255, 255, 255);\">* Especificaciones sujetas a cambios sin previo aviso, Todos los derechos reservados.<\/span><\/h3>\t\t<\/div>\n\t\t\t\t<\/div>\n\t\t\t\t\t\t<\/div>\n\t\t\t<\/div>\n\t\t<\/div>\n\t\t\t\t<div class=\"elementor-element elementor-element-573fa33 elementor-column elementor-col-50 elementor-top-column\" data-id=\"573fa33\" data-element_type=\"column\">\n\t\t\t<div class=\"elementor-column-wrap  elementor-element-populated\">\n\t\t\t\t\t<div class=\"elementor-widget-wrap\">\n\t\t\t\t<div class=\"elementor-element elementor-element-ac38f06 elementor-widget elementor-widget-spacer\" data-id=\"ac38f06\" data-element_type=\"widget\" data-widget_type=\"spacer.default\">\n\t\t\t\t<div class=\"elementor-widget-container\">\n\t\t\t\t\t<div class=\"elementor-spacer\">\n\t\t\t<div class=\"elementor-spacer-inner\"><\/div>\n\t\t<\/div>\n\t\t\t\t<\/div>\n\t\t\t\t<\/div>\n\t\t\t\t<div class=\"elementor-element elementor-element-43b9c29 elementor-widget elementor-widget-image\" data-id=\"43b9c29\" data-element_type=\"widget\" data-widget_type=\"image.default\">\n\t\t\t\t<div class=\"elementor-widget-container\">\n\t\t\t\t\t<div class=\"elementor-image\">\n\t\t\t\t\t\t\t\t\t\t\t<a href=\"https:\/\/focusonpack.com\/wp-content\/uploads\/2025\/03\/2000-3000-Bottles-per-Hour-Water-Bottling-Machine-logo.png\">\n\t\t\t\t\t\t\t<img loading=\"lazy\" decoding=\"async\" width=\"792\" height=\"494\" src=\"https:\/\/focusonpack.com\/wp-content\/uploads\/2025\/03\/2000-3000-Bottles-per-Hour-Water-Bottling-Machine-e1742364597757.png\" class=\"elementor-animation-grow attachment-full size-full\" alt=\"\" srcset=\"https:\/\/focusonpack.com\/wp-content\/uploads\/2025\/03\/2000-3000-Bottles-per-Hour-Water-Bottling-Machine-e1742364597757.png 792w, https:\/\/focusonpack.com\/wp-content\/uploads\/2025\/03\/2000-3000-Bottles-per-Hour-Water-Bottling-Machine-e1742364597757-300x187.png 300w, https:\/\/focusonpack.com\/wp-content\/uploads\/2025\/03\/2000-3000-Bottles-per-Hour-Water-Bottling-Machine-e1742364597757-768x479.png 768w, https:\/\/focusonpack.com\/wp-content\/uploads\/2025\/03\/2000-3000-Bottles-per-Hour-Water-Bottling-Machine-e1742364597757-600x374.png 600w\" sizes=\"auto, (max-width: 792px) 100vw, 792px\" \/>\t\t\t\t\t\t\t\t<\/a>\n\t\t\t\t\t\t\t\t\t\t\t<\/div>\n\t\t\t\t<\/div>\n\t\t\t\t<\/div>\n\t\t\t\t<div class=\"elementor-element elementor-element-3e0b302 elementor-button-info elementor-align-center elementor-widget elementor-widget-button\" data-id=\"3e0b302\" data-element_type=\"widget\" data-widget_type=\"button.default\">\n\t\t\t\t<div class=\"elementor-widget-container\">\n\t\t\t\t\t<div class=\"elementor-button-wrapper\">\n\t\t\t<a href=\"https:\/\/focusonpack.com\/es\/contacto\/\" class=\"elementor-button-link elementor-button elementor-size-sm\" role=\"button\">\n\t\t\t\t\t\t<span class=\"elementor-button-content-wrapper\">\n\t\t\t\t\t\t<span class=\"elementor-button-text\">Solicitar presupuesto<\/span>\n\t\t<\/span>\n\t\t\t\t\t<\/a>\n\t\t<\/div>\n\t\t\t\t<\/div>\n\t\t\t\t<\/div>\n\t\t\t\t\t\t<\/div>\n\t\t\t<\/div>\n\t\t<\/div>\n\t\t\t\t\t\t<\/div>\n\t\t\t<\/div>\n\t\t<\/section>\n\t\t\t\t\t\t<\/div>\n\t\t\t<\/div>\n\t\t<\/div>","protected":false},"excerpt":{"rendered":"<p>2000-3000 Bottles per Hour Wat&hellip;<\/p>","protected":false},"author":1,"featured_media":0,"parent":2500,"menu_order":0,"comment_status":"closed","ping_status":"closed","template":"elementor_header_footer","meta":{"footnotes":""},"class_list":["post-2915","page","type-page","status-publish","hentry","no-thumb"],"yoast_head":"<!-- This site is optimized with the Yoast SEO plugin v24.8.1 - https:\/\/yoast.com\/wordpress\/plugins\/seo\/ -->\n<title>2000-3000 Bottles per Hour Water Bottling Machine - Focus on pack<\/title>\n<meta name=\"robots\" content=\"index, follow, max-snippet:-1, max-image-preview:large, max-video-preview:-1\" \/>\n<link rel=\"canonical\" href=\"https:\/\/focusonpack.com\/es\/maquina-llenadora-de-agua\/2000-3000-bottles-per-hour-water-bottling-machine\/\" \/>\n<meta property=\"og:locale\" content=\"es_ES\" \/>\n<meta property=\"og:type\" content=\"article\" \/>\n<meta property=\"og:title\" content=\"2000-3000 Bottles per Hour Water Bottling Machine - Focus on pack\" \/>\n<meta property=\"og:description\" content=\"2000-3000 Bottles per Hour Wat&hellip;\" \/>\n<meta property=\"og:url\" content=\"https:\/\/focusonpack.com\/es\/maquina-llenadora-de-agua\/2000-3000-bottles-per-hour-water-bottling-machine\/\" \/>\n<meta property=\"og:site_name\" content=\"Focus on pack\" \/>\n<meta property=\"article:modified_time\" content=\"2025-03-20T02:48:40+00:00\" \/>\n<meta property=\"og:image\" content=\"https:\/\/focusonpack.com\/wp-content\/uploads\/2025\/03\/2000-3000-Bottles-per-Hour-Water-Bottling-Machine-e1742364597757.png\" \/>\n<meta name=\"twitter:card\" content=\"summary_large_image\" \/>\n<meta name=\"twitter:label1\" content=\"Tiempo de lectura\" \/>\n\t<meta name=\"twitter:data1\" content=\"3 minutos\" \/>\n<script type=\"application\/ld+json\" class=\"yoast-schema-graph\">{\"@context\":\"https:\/\/schema.org\",\"@graph\":[{\"@type\":\"WebPage\",\"@id\":\"https:\/\/focusonpack.com\/water-filling-machine\/2000-3000-bottles-per-hour-water-bottling-machine\/\",\"url\":\"https:\/\/focusonpack.com\/water-filling-machine\/2000-3000-bottles-per-hour-water-bottling-machine\/\",\"name\":\"2000-3000 Bottles per Hour Water Bottling Machine - Focus on pack\",\"isPartOf\":{\"@id\":\"https:\/\/focusonpack.com\/#website\"},\"primaryImageOfPage\":{\"@id\":\"https:\/\/focusonpack.com\/water-filling-machine\/2000-3000-bottles-per-hour-water-bottling-machine\/#primaryimage\"},\"image\":{\"@id\":\"https:\/\/focusonpack.com\/water-filling-machine\/2000-3000-bottles-per-hour-water-bottling-machine\/#primaryimage\"},\"thumbnailUrl\":\"https:\/\/focusonpack.com\/wp-content\/uploads\/2025\/03\/2000-3000-Bottles-per-Hour-Water-Bottling-Machine-e1742364597757.png\",\"datePublished\":\"2020-05-09T09:05:45+00:00\",\"dateModified\":\"2025-03-20T02:48:40+00:00\",\"breadcrumb\":{\"@id\":\"https:\/\/focusonpack.com\/water-filling-machine\/2000-3000-bottles-per-hour-water-bottling-machine\/#breadcrumb\"},\"inLanguage\":\"es\",\"potentialAction\":[{\"@type\":\"ReadAction\",\"target\":[\"https:\/\/focusonpack.com\/water-filling-machine\/2000-3000-bottles-per-hour-water-bottling-machine\/\"]}]},{\"@type\":\"ImageObject\",\"inLanguage\":\"es\",\"@id\":\"https:\/\/focusonpack.com\/water-filling-machine\/2000-3000-bottles-per-hour-water-bottling-machine\/#primaryimage\",\"url\":\"https:\/\/focusonpack.com\/wp-content\/uploads\/2025\/03\/2000-3000-Bottles-per-Hour-Water-Bottling-Machine-e1742364597757.png\",\"contentUrl\":\"https:\/\/focusonpack.com\/wp-content\/uploads\/2025\/03\/2000-3000-Bottles-per-Hour-Water-Bottling-Machine-e1742364597757.png\"},{\"@type\":\"BreadcrumbList\",\"@id\":\"https:\/\/focusonpack.com\/water-filling-machine\/2000-3000-bottles-per-hour-water-bottling-machine\/#breadcrumb\",\"itemListElement\":[{\"@type\":\"ListItem\",\"position\":1,\"name\":\"\u9996\u9875\",\"item\":\"https:\/\/focusonpack.com\/\"},{\"@type\":\"ListItem\",\"position\":2,\"name\":\"Water Filling Machine\",\"item\":\"https:\/\/focusonpack.com\/water-filling-machine\/\"},{\"@type\":\"ListItem\",\"position\":3,\"name\":\"2000-3000 Bottles per Hour Water Bottling Machine\"}]},{\"@type\":\"WebSite\",\"@id\":\"https:\/\/focusonpack.com\/#website\",\"url\":\"https:\/\/focusonpack.com\/\",\"name\":\"Focus on pack\",\"description\":\"\",\"potentialAction\":[{\"@type\":\"SearchAction\",\"target\":{\"@type\":\"EntryPoint\",\"urlTemplate\":\"https:\/\/focusonpack.com\/?s={search_term_string}\"},\"query-input\":{\"@type\":\"PropertyValueSpecification\",\"valueRequired\":true,\"valueName\":\"search_term_string\"}}],\"inLanguage\":\"es\"}]}<\/script>\n<!-- \/ Yoast SEO plugin. -->","yoast_head_json":{"title":"2000-3000 Bottles per Hour Water Bottling Machine - Focus on pack","robots":{"index":"index","follow":"follow","max-snippet":"max-snippet:-1","max-image-preview":"max-image-preview:large","max-video-preview":"max-video-preview:-1"},"canonical":"https:\/\/focusonpack.com\/es\/maquina-llenadora-de-agua\/2000-3000-bottles-per-hour-water-bottling-machine\/","og_locale":"es_ES","og_type":"article","og_title":"2000-3000 Bottles per Hour Water Bottling Machine - Focus on pack","og_description":"2000-3000 Bottles per Hour Wat&hellip;","og_url":"https:\/\/focusonpack.com\/es\/maquina-llenadora-de-agua\/2000-3000-bottles-per-hour-water-bottling-machine\/","og_site_name":"Focus on pack","article_modified_time":"2025-03-20T02:48:40+00:00","og_image":[{"url":"https:\/\/focusonpack.com\/wp-content\/uploads\/2025\/03\/2000-3000-Bottles-per-Hour-Water-Bottling-Machine-e1742364597757.png","type":"","width":"","height":""}],"twitter_card":"summary_large_image","twitter_misc":{"Tiempo de lectura":"3 minutos"},"schema":{"@context":"https:\/\/schema.org","@graph":[{"@type":"WebPage","@id":"https:\/\/focusonpack.com\/water-filling-machine\/2000-3000-bottles-per-hour-water-bottling-machine\/","url":"https:\/\/focusonpack.com\/water-filling-machine\/2000-3000-bottles-per-hour-water-bottling-machine\/","name":"2000-3000 Bottles per Hour Water Bottling Machine - Focus on pack","isPartOf":{"@id":"https:\/\/focusonpack.com\/#website"},"primaryImageOfPage":{"@id":"https:\/\/focusonpack.com\/water-filling-machine\/2000-3000-bottles-per-hour-water-bottling-machine\/#primaryimage"},"image":{"@id":"https:\/\/focusonpack.com\/water-filling-machine\/2000-3000-bottles-per-hour-water-bottling-machine\/#primaryimage"},"thumbnailUrl":"https:\/\/focusonpack.com\/wp-content\/uploads\/2025\/03\/2000-3000-Bottles-per-Hour-Water-Bottling-Machine-e1742364597757.png","datePublished":"2020-05-09T09:05:45+00:00","dateModified":"2025-03-20T02:48:40+00:00","breadcrumb":{"@id":"https:\/\/focusonpack.com\/water-filling-machine\/2000-3000-bottles-per-hour-water-bottling-machine\/#breadcrumb"},"inLanguage":"es","potentialAction":[{"@type":"ReadAction","target":["https:\/\/focusonpack.com\/water-filling-machine\/2000-3000-bottles-per-hour-water-bottling-machine\/"]}]},{"@type":"ImageObject","inLanguage":"es","@id":"https:\/\/focusonpack.com\/water-filling-machine\/2000-3000-bottles-per-hour-water-bottling-machine\/#primaryimage","url":"https:\/\/focusonpack.com\/wp-content\/uploads\/2025\/03\/2000-3000-Bottles-per-Hour-Water-Bottling-Machine-e1742364597757.png","contentUrl":"https:\/\/focusonpack.com\/wp-content\/uploads\/2025\/03\/2000-3000-Bottles-per-Hour-Water-Bottling-Machine-e1742364597757.png"},{"@type":"BreadcrumbList","@id":"https:\/\/focusonpack.com\/water-filling-machine\/2000-3000-bottles-per-hour-water-bottling-machine\/#breadcrumb","itemListElement":[{"@type":"ListItem","position":1,"name":"\u9996\u9875","item":"https:\/\/focusonpack.com\/"},{"@type":"ListItem","position":2,"name":"Water Filling Machine","item":"https:\/\/focusonpack.com\/water-filling-machine\/"},{"@type":"ListItem","position":3,"name":"2000-3000 Bottles per Hour Water Bottling Machine"}]},{"@type":"WebSite","@id":"https:\/\/focusonpack.com\/#website","url":"https:\/\/focusonpack.com\/","name":"Focus on pack","description":"","potentialAction":[{"@type":"SearchAction","target":{"@type":"EntryPoint","urlTemplate":"https:\/\/focusonpack.com\/?s={search_term_string}"},"query-input":{"@type":"PropertyValueSpecification","valueRequired":true,"valueName":"search_term_string"}}],"inLanguage":"es"}]}},"_links":{"self":[{"href":"https:\/\/focusonpack.com\/es\/wp-json\/wp\/v2\/pages\/2915","targetHints":{"allow":["GET"]}}],"collection":[{"href":"https:\/\/focusonpack.com\/es\/wp-json\/wp\/v2\/pages"}],"about":[{"href":"https:\/\/focusonpack.com\/es\/wp-json\/wp\/v2\/types\/page"}],"author":[{"embeddable":true,"href":"https:\/\/focusonpack.com\/es\/wp-json\/wp\/v2\/users\/1"}],"replies":[{"embeddable":true,"href":"https:\/\/focusonpack.com\/es\/wp-json\/wp\/v2\/comments?post=2915"}],"version-history":[{"count":35,"href":"https:\/\/focusonpack.com\/es\/wp-json\/wp\/v2\/pages\/2915\/revisions"}],"predecessor-version":[{"id":4557,"href":"https:\/\/focusonpack.com\/es\/wp-json\/wp\/v2\/pages\/2915\/revisions\/4557"}],"up":[{"embeddable":true,"href":"https:\/\/focusonpack.com\/es\/wp-json\/wp\/v2\/pages\/2500"}],"wp:attachment":[{"href":"https:\/\/focusonpack.com\/es\/wp-json\/wp\/v2\/media?parent=2915"}],"curies":[{"name":"wp","href":"https:\/\/api.w.org\/{rel}","templated":true}]}}