{"id":2939,"date":"2020-05-11T10:24:35","date_gmt":"2020-05-11T02:24:35","guid":{"rendered":"https:\/\/focusonpack.com\/?page_id=2939"},"modified":"2025-03-24T16:37:35","modified_gmt":"2025-03-24T08:37:35","slug":"4000-5000-bottles-per-hour-water-filling-machine","status":"publish","type":"page","link":"https:\/\/focusonpack.com\/es\/maquina-llenadora-de-agua\/4000-5000-bottles-per-hour-water-filling-machine\/","title":{"rendered":"M\u00e1quina llenadora de agua de 4000-5000 botellas por hora"},"content":{"rendered":"<div data-elementor-type=\"wp-page\" data-elementor-id=\"2939\" class=\"elementor elementor-2939\" data-elementor-settings=\"[]\">\n\t\t\t<div class=\"elementor-inner\">\n\t\t\t\t<div class=\"elementor-section-wrap\">\n\t\t\t\t\t\t\t<section class=\"elementor-element elementor-element-4574303e elementor-section-boxed elementor-section-height-default elementor-section-height-default elementor-section elementor-top-section\" data-id=\"4574303e\" data-element_type=\"section\">\n\t\t\t\t\t\t<div class=\"elementor-container elementor-column-gap-default\">\n\t\t\t\t<div class=\"elementor-row\">\n\t\t\t\t<div class=\"elementor-element elementor-element-19b000e4 elementor-column elementor-col-50 elementor-top-column\" data-id=\"19b000e4\" data-element_type=\"column\">\n\t\t\t<div class=\"elementor-column-wrap  elementor-element-populated\">\n\t\t\t\t\t<div class=\"elementor-widget-wrap\">\n\t\t\t\t<div class=\"elementor-element elementor-element-76ae412f elementor-widget elementor-widget-heading\" data-id=\"76ae412f\" data-element_type=\"widget\" data-widget_type=\"heading.default\">\n\t\t\t\t<div class=\"elementor-widget-container\">\n\t\t\t<h3 class=\"elementor-heading-title elementor-size-default\">M\u00e1quina llenadora de agua de 4000-5000 botellas por hora<\/h3>\t\t<\/div>\n\t\t\t\t<\/div>\n\t\t\t\t<div class=\"elementor-element elementor-element-7ec2c17e elementor-widget elementor-widget-text-editor\" data-id=\"7ec2c17e\" data-element_type=\"widget\" data-widget_type=\"text-editor.default\">\n\t\t\t\t<div class=\"elementor-widget-container\">\n\t\t\t\t\t<div class=\"elementor-text-editor elementor-clearfix\"><p>Esta m\u00e1quina autom\u00e1tica de llenado de botellas de agua es una m\u00e1quina de llenado rotativa totalmente autom\u00e1tica para el llenado de botellas de agua y bebidas sin gas que se envasan en botellas de pl\u00e1stico de 200ml a 1500ml. que se envasan en botellas de pl\u00e1stico de 200 ml a 1.500 ml, que incluye 14 v\u00e1lvulas de enjuague, 12 cabezales de llenado y 5 conjuntos de cabezales de taponado. Esta duradera y fiable m\u00e1quina autom\u00e1tica de llenado de agua puede alcanzar una velocidad de 4.000 a 5.000 botellas por hora. El enjuague, el llenado y el taponado de las botellas est\u00e1n integrados en una m\u00e1quina sincronizada totalmente autom\u00e1tica. El enjuague, el llenado y el taponado de las botellas se integran en una m\u00e1quina sincronizada totalmente autom\u00e1tica. La base de gran resistencia se apoya en pies ajustables y est\u00e1 fabricada con revestimiento de acero inoxidable fijado al bastidor tubular. Todas las piezas que entran en contacto con las botellas son de acero inoxidable o de pl\u00e1stico apto para uso alimentario. Viene con transportadores de aire de 2 metros, transportadores de salida de 4 metros y elevador autom\u00e1tico de tapas.<\/p><\/div>\n\t\t\t\t<\/div>\n\t\t\t\t<\/div>\n\t\t\t\t<div class=\"elementor-element elementor-element-26a68651 elementor-widget elementor-widget-text-editor\" data-id=\"26a68651\" data-element_type=\"widget\" data-widget_type=\"text-editor.default\">\n\t\t\t\t<div class=\"elementor-widget-container\">\n\t\t\t\t\t<div class=\"elementor-text-editor elementor-clearfix\"><p><strong>Rinsing Station &#8211;<\/strong> The rotary rinsing turret consists of individual bottle neck grippers and spray nozzles to rinse the inside of PET bottles. All contact parts are made of stainless steel or food grade plastic material. The bottle grabbers take the bottles from the inlet starwheel guaranteeing a secure grip. The bottle is turned upside down and centered above a spraying nozzle that directs a stream of rinse water into the bottle. After being rinsed, the bottle is automatically turned over to an upright position.<\/p><\/div>\n\t\t\t\t<\/div>\n\t\t\t\t<\/div>\n\t\t\t\t<div class=\"elementor-element elementor-element-f174331 elementor-widget elementor-widget-text-editor\" data-id=\"f174331\" data-element_type=\"widget\" data-widget_type=\"text-editor.default\">\n\t\t\t\t<div class=\"elementor-widget-container\">\n\t\t\t\t\t<div class=\"elementor-text-editor elementor-clearfix\"><p><strong>Filling Station &#8211;<\/strong> The Filler has gravity style, stainless steel fill heads that are suitable to fill thin flowable liquids in PET bottles, which can be either 2 stage filling nozzles with a fast and slow filling cycle, or single stage nozzles, Filling valves are made of stainless steel with food grade gaskets. The filling valves are secured to allow easy assembly and disassembly. Each valve is internally polished. If the bottle is not present the valve does not deliver any product.<\/p><\/div>\n\t\t\t\t<\/div>\n\t\t\t\t<\/div>\n\t\t\t\t<div class=\"elementor-element elementor-element-dc3f2c4 elementor-widget elementor-widget-text-editor\" data-id=\"dc3f2c4\" data-element_type=\"widget\" data-widget_type=\"text-editor.default\">\n\t\t\t\t<div class=\"elementor-widget-container\">\n\t\t\t\t\t<div class=\"elementor-text-editor elementor-clearfix\"><p><strong>Capping Station &#8211;<\/strong> The Capper consists of an internal steel structure with stainless steel casing. Fixed components include the cap hopper, cap feeder and cam actuating capping heads. The cap feeder and all<br \/>contact parts are made of stainless steel or food grade plastic. The cap feeder guides the caps onto a chute for pick-up. A rotative capping turret with magnetic chuck heads applies plastic screw caps on PET bottles.<\/p><\/div>\n\t\t\t\t<\/div>\n\t\t\t\t<\/div>\n\t\t\t\t<div class=\"elementor-element elementor-element-0aa7aaf elementor-widget elementor-widget-text-editor\" data-id=\"0aa7aaf\" data-element_type=\"widget\" data-widget_type=\"text-editor.default\">\n\t\t\t\t<div class=\"elementor-widget-container\">\n\t\t\t\t\t<div class=\"elementor-text-editor elementor-clearfix\"><p><strong>Monoblock Base &#8211;<\/strong> The sturdy base is supported by adjustable feet and is made with heavy duty carbon steel sheathing secured to the tubular frame. The base houses the motor and drive gears. It is accessible through stainless steel removable doors. The Rinser\/Filler\/Capper is motorized by a single AC electric motor and controlled by an inverter.<\/p><\/div>\n\t\t\t\t<\/div>\n\t\t\t\t<\/div>\n\t\t\t\t<div class=\"elementor-element elementor-element-875227f elementor-widget elementor-widget-text-editor\" data-id=\"875227f\" data-element_type=\"widget\" data-widget_type=\"text-editor.default\">\n\t\t\t\t<div class=\"elementor-widget-container\">\n\t\t\t\t\t<div class=\"elementor-text-editor elementor-clearfix\"><p><strong>Electrical Panel &#8211;<\/strong> The electric panel contains the inverter, motor starters, PLC, and other electro-mechanical<br \/>components. The inverter enables the operator to vary the rate of production to synchronize the Rinser\/Riller\/Capper with other packaging machines running on the same line. An Emergency Stop button is mounted on front of touch screen panel.<\/p><\/div>\n\t\t\t\t<\/div>\n\t\t\t\t<\/div>\n\t\t\t\t<div class=\"elementor-element elementor-element-54d3b490 elementor-widget elementor-widget-heading\" data-id=\"54d3b490\" data-element_type=\"widget\" data-widget_type=\"heading.default\">\n\t\t\t\t<div class=\"elementor-widget-container\">\n\t\t\t<h3 class=\"elementor-heading-title elementor-size-default\">Accesorios<\/h3>\t\t<\/div>\n\t\t\t\t<\/div>\n\t\t\t\t<div class=\"elementor-element elementor-element-16f1da20 elementor-widget elementor-widget-text-editor\" data-id=\"16f1da20\" data-element_type=\"widget\" data-widget_type=\"text-editor.default\">\n\t\t\t\t<div class=\"elementor-widget-container\">\n\t\t\t\t\t<div class=\"elementor-text-editor elementor-clearfix\"><p>\u2022\u00a0 Infeed air conveyor with Blower<br \/>\u2022\u00a0 Outfeed conveyor with tabletop slat chain<br \/>\u2022\u00a0 Automatic cap elevator\/feeder<\/p><\/div>\n\t\t\t\t<\/div>\n\t\t\t\t<\/div>\n\t\t\t\t<div class=\"elementor-element elementor-element-8d58c13 elementor-widget elementor-widget-heading\" data-id=\"8d58c13\" data-element_type=\"widget\" data-widget_type=\"heading.default\">\n\t\t\t\t<div class=\"elementor-widget-container\">\n\t\t\t<h3 class=\"elementor-heading-title elementor-size-default\">Especificaciones t\u00e9cnicas<\/h3>\t\t<\/div>\n\t\t\t\t<\/div>\n\t\t\t\t<div class=\"elementor-element elementor-element-7d5251c7 elementor-widget elementor-widget-text-editor\" data-id=\"7d5251c7\" data-element_type=\"widget\" data-widget_type=\"text-editor.default\">\n\t\t\t\t<div class=\"elementor-widget-container\">\n\t\t\t\t\t<div class=\"elementor-text-editor elementor-clearfix\"><table width=\"760\">\n<tbody>\n<tr>\n<td width=\"267\">Modelo<\/td>\n<td width=\"303\">CGF 14-12-5<\/td>\n<\/tr>\n<tr>\n<td>Capacidad de producci\u00f3n<\/td>\n<td>4000-5000 botellas\/hora a 500 ml de volumen<\/td>\n<\/tr>\n<tr>\n<td>V\u00e1lvulas de enjuague<\/td>\n<td>14<\/td>\n<\/tr>\n<tr>\n<td>N\u00ba de cabezales de llenado<\/td>\n<td>12<\/td>\n<\/tr>\n<tr>\n<td>N\u00famero de tapas<\/td>\n<td>5<\/td>\n<\/tr>\n<tr>\n<td>Di\u00e1metro de botella aplicable<\/td>\n<td>\u03a650 mm ~\u03a690 mm<\/td>\n<\/tr>\n<tr>\n<td>Altura de la botella aplicable<\/td>\n<td>150 mm - 310 mm<\/td>\n<\/tr>\n<tr>\n<td>Di\u00e1metro del tap\u00f3n roscado aplicable<\/td>\n<td>\u03a625 mm ~\u03a635 mm<\/td>\n<\/tr>\n<tr>\n<td>Altura de la tapa del tornillo aplicable<\/td>\n<td>15 mm - 25 mm Tap\u00f3n roscado<\/td>\n<\/tr>\n<tr>\n<td>Tensi\u00f3n de alimentaci\u00f3n<\/td>\n<td>220\/380V 50\/60HZ 3PH<\/td>\n<\/tr>\n<tr>\n<td>Motor principal<\/td>\n<td>1,5 KW<\/td>\n<\/tr>\n<tr>\n<td>Peso<\/td>\n<td>2500 kgs (aprox)<\/td>\n<\/tr>\n<tr>\n<td>Dimensiones (sin transportador)<\/td>\n<td>2400 x 1700 x 2150 mm<\/td>\n<\/tr>\n<\/tbody>\n<\/table><\/div>\n\t\t\t\t<\/div>\n\t\t\t\t<\/div>\n\t\t\t\t<div class=\"elementor-element elementor-element-41ece4bc elementor-widget elementor-widget-text-editor\" data-id=\"41ece4bc\" data-element_type=\"widget\" data-widget_type=\"text-editor.default\">\n\t\t\t\t<div class=\"elementor-widget-container\">\n\t\t\t\t\t<div class=\"elementor-text-editor elementor-clearfix\"><p>* Especificaciones sujetas a cambios sin previo aviso, Todos los derechos reservados.<\/p><\/div>\n\t\t\t\t<\/div>\n\t\t\t\t<\/div>\n\t\t\t\t\t\t<\/div>\n\t\t\t<\/div>\n\t\t<\/div>\n\t\t\t\t<div class=\"elementor-element elementor-element-a091b24 elementor-column elementor-col-50 elementor-top-column\" data-id=\"a091b24\" data-element_type=\"column\">\n\t\t\t<div class=\"elementor-column-wrap  elementor-element-populated\">\n\t\t\t\t\t<div class=\"elementor-widget-wrap\">\n\t\t\t\t<div class=\"elementor-element elementor-element-66cc7484 elementor-widget elementor-widget-spacer\" data-id=\"66cc7484\" data-element_type=\"widget\" data-widget_type=\"spacer.default\">\n\t\t\t\t<div class=\"elementor-widget-container\">\n\t\t\t\t\t<div class=\"elementor-spacer\">\n\t\t\t<div class=\"elementor-spacer-inner\"><\/div>\n\t\t<\/div>\n\t\t\t\t<\/div>\n\t\t\t\t<\/div>\n\t\t\t\t<div class=\"elementor-element elementor-element-7bd3b47d elementor-widget elementor-widget-image\" data-id=\"7bd3b47d\" data-element_type=\"widget\" data-widget_type=\"image.default\">\n\t\t\t\t<div class=\"elementor-widget-container\">\n\t\t\t\t\t<div class=\"elementor-image\">\n\t\t\t\t\t\t\t\t\t\t<img loading=\"lazy\" decoding=\"async\" width=\"311\" height=\"213\" src=\"https:\/\/focusonpack.com\/wp-content\/uploads\/2020\/05\/water-filling-machine-2.jpg\" class=\"elementor-animation-grow attachment-full size-full\" alt=\"\" srcset=\"https:\/\/focusonpack.com\/wp-content\/uploads\/2020\/05\/water-filling-machine-2.jpg 311w, https:\/\/focusonpack.com\/wp-content\/uploads\/2020\/05\/water-filling-machine-2-300x205.jpg 300w\" sizes=\"auto, (max-width: 311px) 100vw, 311px\" \/>\t\t\t\t\t\t\t\t\t\t\t<\/div>\n\t\t\t\t<\/div>\n\t\t\t\t<\/div>\n\t\t\t\t<div class=\"elementor-element elementor-element-2fa03caf elementor-button-info elementor-align-center elementor-widget elementor-widget-button\" data-id=\"2fa03caf\" data-element_type=\"widget\" data-widget_type=\"button.default\">\n\t\t\t\t<div class=\"elementor-widget-container\">\n\t\t\t\t\t<div class=\"elementor-button-wrapper\">\n\t\t\t<a href=\"https:\/\/focusonpack.com\/es\/contacto\/\" class=\"elementor-button-link elementor-button elementor-size-sm\" role=\"button\">\n\t\t\t\t\t\t<span class=\"elementor-button-content-wrapper\">\n\t\t\t\t\t\t<span class=\"elementor-button-text\">Solicitar presupuesto<\/span>\n\t\t<\/span>\n\t\t\t\t\t<\/a>\n\t\t<\/div>\n\t\t\t\t<\/div>\n\t\t\t\t<\/div>\n\t\t\t\t\t\t<\/div>\n\t\t\t<\/div>\n\t\t<\/div>\n\t\t\t\t\t\t<\/div>\n\t\t\t<\/div>\n\t\t<\/section>\n\t\t\t\t\t\t<\/div>\n\t\t\t<\/div>\n\t\t<\/div>","protected":false},"excerpt":{"rendered":"<p>4000-5000 Bottles per Hour Wat&hellip;<\/p>","protected":false},"author":1,"featured_media":0,"parent":2500,"menu_order":0,"comment_status":"closed","ping_status":"closed","template":"elementor_header_footer","meta":{"footnotes":""},"class_list":["post-2939","page","type-page","status-publish","hentry","no-thumb"],"yoast_head":"<!-- This site is optimized with the Yoast SEO plugin v24.8.1 - https:\/\/yoast.com\/wordpress\/plugins\/seo\/ -->\n<title>4000-5000 Bottles per Hour Water Filling Machine - Focus on pack<\/title>\n<meta name=\"robots\" content=\"index, follow, max-snippet:-1, max-image-preview:large, max-video-preview:-1\" \/>\n<link rel=\"canonical\" href=\"https:\/\/focusonpack.com\/es\/maquina-llenadora-de-agua\/4000-5000-bottles-per-hour-water-filling-machine\/\" \/>\n<meta property=\"og:locale\" content=\"es_ES\" \/>\n<meta property=\"og:type\" content=\"article\" \/>\n<meta property=\"og:title\" content=\"4000-5000 Bottles per Hour Water Filling Machine - Focus on pack\" \/>\n<meta property=\"og:description\" content=\"4000-5000 Bottles per Hour Wat&hellip;\" \/>\n<meta property=\"og:url\" content=\"https:\/\/focusonpack.com\/es\/maquina-llenadora-de-agua\/4000-5000-bottles-per-hour-water-filling-machine\/\" \/>\n<meta property=\"og:site_name\" content=\"Focus on pack\" \/>\n<meta property=\"article:modified_time\" content=\"2025-03-24T08:37:35+00:00\" \/>\n<meta property=\"og:image\" content=\"https:\/\/focusonpack.com\/wp-content\/uploads\/2020\/05\/water-filling-machine-2.jpg\" \/>\n<meta name=\"twitter:card\" content=\"summary_large_image\" \/>\n<meta name=\"twitter:label1\" content=\"Tiempo de lectura\" \/>\n\t<meta name=\"twitter:data1\" content=\"4 minutos\" \/>\n<script type=\"application\/ld+json\" class=\"yoast-schema-graph\">{\"@context\":\"https:\/\/schema.org\",\"@graph\":[{\"@type\":\"WebPage\",\"@id\":\"https:\/\/focusonpack.com\/water-filling-machine\/4000-5000-bottles-per-hour-water-filling-machine\/\",\"url\":\"https:\/\/focusonpack.com\/water-filling-machine\/4000-5000-bottles-per-hour-water-filling-machine\/\",\"name\":\"4000-5000 Bottles per Hour Water Filling Machine - Focus on pack\",\"isPartOf\":{\"@id\":\"https:\/\/focusonpack.com\/#website\"},\"primaryImageOfPage\":{\"@id\":\"https:\/\/focusonpack.com\/water-filling-machine\/4000-5000-bottles-per-hour-water-filling-machine\/#primaryimage\"},\"image\":{\"@id\":\"https:\/\/focusonpack.com\/water-filling-machine\/4000-5000-bottles-per-hour-water-filling-machine\/#primaryimage\"},\"thumbnailUrl\":\"https:\/\/focusonpack.com\/wp-content\/uploads\/2020\/05\/water-filling-machine-2.jpg\",\"datePublished\":\"2020-05-11T02:24:35+00:00\",\"dateModified\":\"2025-03-24T08:37:35+00:00\",\"breadcrumb\":{\"@id\":\"https:\/\/focusonpack.com\/water-filling-machine\/4000-5000-bottles-per-hour-water-filling-machine\/#breadcrumb\"},\"inLanguage\":\"es\",\"potentialAction\":[{\"@type\":\"ReadAction\",\"target\":[\"https:\/\/focusonpack.com\/water-filling-machine\/4000-5000-bottles-per-hour-water-filling-machine\/\"]}]},{\"@type\":\"ImageObject\",\"inLanguage\":\"es\",\"@id\":\"https:\/\/focusonpack.com\/water-filling-machine\/4000-5000-bottles-per-hour-water-filling-machine\/#primaryimage\",\"url\":\"https:\/\/focusonpack.com\/wp-content\/uploads\/2020\/05\/water-filling-machine-2.jpg\",\"contentUrl\":\"https:\/\/focusonpack.com\/wp-content\/uploads\/2020\/05\/water-filling-machine-2.jpg\"},{\"@type\":\"BreadcrumbList\",\"@id\":\"https:\/\/focusonpack.com\/water-filling-machine\/4000-5000-bottles-per-hour-water-filling-machine\/#breadcrumb\",\"itemListElement\":[{\"@type\":\"ListItem\",\"position\":1,\"name\":\"\u9996\u9875\",\"item\":\"https:\/\/focusonpack.com\/\"},{\"@type\":\"ListItem\",\"position\":2,\"name\":\"Water Filling Machine\",\"item\":\"https:\/\/focusonpack.com\/water-filling-machine\/\"},{\"@type\":\"ListItem\",\"position\":3,\"name\":\"4000-5000 Bottles per Hour Water Filling Machine\"}]},{\"@type\":\"WebSite\",\"@id\":\"https:\/\/focusonpack.com\/#website\",\"url\":\"https:\/\/focusonpack.com\/\",\"name\":\"Focus on pack\",\"description\":\"\",\"potentialAction\":[{\"@type\":\"SearchAction\",\"target\":{\"@type\":\"EntryPoint\",\"urlTemplate\":\"https:\/\/focusonpack.com\/?s={search_term_string}\"},\"query-input\":{\"@type\":\"PropertyValueSpecification\",\"valueRequired\":true,\"valueName\":\"search_term_string\"}}],\"inLanguage\":\"es\"}]}<\/script>\n<!-- \/ Yoast SEO plugin. -->","yoast_head_json":{"title":"4000-5000 Bottles per Hour Water Filling Machine - Focus on pack","robots":{"index":"index","follow":"follow","max-snippet":"max-snippet:-1","max-image-preview":"max-image-preview:large","max-video-preview":"max-video-preview:-1"},"canonical":"https:\/\/focusonpack.com\/es\/maquina-llenadora-de-agua\/4000-5000-bottles-per-hour-water-filling-machine\/","og_locale":"es_ES","og_type":"article","og_title":"4000-5000 Bottles per Hour Water Filling Machine - Focus on pack","og_description":"4000-5000 Bottles per Hour Wat&hellip;","og_url":"https:\/\/focusonpack.com\/es\/maquina-llenadora-de-agua\/4000-5000-bottles-per-hour-water-filling-machine\/","og_site_name":"Focus on pack","article_modified_time":"2025-03-24T08:37:35+00:00","og_image":[{"url":"https:\/\/focusonpack.com\/wp-content\/uploads\/2020\/05\/water-filling-machine-2.jpg","type":"","width":"","height":""}],"twitter_card":"summary_large_image","twitter_misc":{"Tiempo de lectura":"4 minutos"},"schema":{"@context":"https:\/\/schema.org","@graph":[{"@type":"WebPage","@id":"https:\/\/focusonpack.com\/water-filling-machine\/4000-5000-bottles-per-hour-water-filling-machine\/","url":"https:\/\/focusonpack.com\/water-filling-machine\/4000-5000-bottles-per-hour-water-filling-machine\/","name":"4000-5000 Bottles per Hour Water Filling Machine - Focus on pack","isPartOf":{"@id":"https:\/\/focusonpack.com\/#website"},"primaryImageOfPage":{"@id":"https:\/\/focusonpack.com\/water-filling-machine\/4000-5000-bottles-per-hour-water-filling-machine\/#primaryimage"},"image":{"@id":"https:\/\/focusonpack.com\/water-filling-machine\/4000-5000-bottles-per-hour-water-filling-machine\/#primaryimage"},"thumbnailUrl":"https:\/\/focusonpack.com\/wp-content\/uploads\/2020\/05\/water-filling-machine-2.jpg","datePublished":"2020-05-11T02:24:35+00:00","dateModified":"2025-03-24T08:37:35+00:00","breadcrumb":{"@id":"https:\/\/focusonpack.com\/water-filling-machine\/4000-5000-bottles-per-hour-water-filling-machine\/#breadcrumb"},"inLanguage":"es","potentialAction":[{"@type":"ReadAction","target":["https:\/\/focusonpack.com\/water-filling-machine\/4000-5000-bottles-per-hour-water-filling-machine\/"]}]},{"@type":"ImageObject","inLanguage":"es","@id":"https:\/\/focusonpack.com\/water-filling-machine\/4000-5000-bottles-per-hour-water-filling-machine\/#primaryimage","url":"https:\/\/focusonpack.com\/wp-content\/uploads\/2020\/05\/water-filling-machine-2.jpg","contentUrl":"https:\/\/focusonpack.com\/wp-content\/uploads\/2020\/05\/water-filling-machine-2.jpg"},{"@type":"BreadcrumbList","@id":"https:\/\/focusonpack.com\/water-filling-machine\/4000-5000-bottles-per-hour-water-filling-machine\/#breadcrumb","itemListElement":[{"@type":"ListItem","position":1,"name":"\u9996\u9875","item":"https:\/\/focusonpack.com\/"},{"@type":"ListItem","position":2,"name":"Water Filling Machine","item":"https:\/\/focusonpack.com\/water-filling-machine\/"},{"@type":"ListItem","position":3,"name":"4000-5000 Bottles per Hour Water Filling Machine"}]},{"@type":"WebSite","@id":"https:\/\/focusonpack.com\/#website","url":"https:\/\/focusonpack.com\/","name":"Focus on pack","description":"","potentialAction":[{"@type":"SearchAction","target":{"@type":"EntryPoint","urlTemplate":"https:\/\/focusonpack.com\/?s={search_term_string}"},"query-input":{"@type":"PropertyValueSpecification","valueRequired":true,"valueName":"search_term_string"}}],"inLanguage":"es"}]}},"_links":{"self":[{"href":"https:\/\/focusonpack.com\/es\/wp-json\/wp\/v2\/pages\/2939","targetHints":{"allow":["GET"]}}],"collection":[{"href":"https:\/\/focusonpack.com\/es\/wp-json\/wp\/v2\/pages"}],"about":[{"href":"https:\/\/focusonpack.com\/es\/wp-json\/wp\/v2\/types\/page"}],"author":[{"embeddable":true,"href":"https:\/\/focusonpack.com\/es\/wp-json\/wp\/v2\/users\/1"}],"replies":[{"embeddable":true,"href":"https:\/\/focusonpack.com\/es\/wp-json\/wp\/v2\/comments?post=2939"}],"version-history":[{"count":20,"href":"https:\/\/focusonpack.com\/es\/wp-json\/wp\/v2\/pages\/2939\/revisions"}],"predecessor-version":[{"id":4565,"href":"https:\/\/focusonpack.com\/es\/wp-json\/wp\/v2\/pages\/2939\/revisions\/4565"}],"up":[{"embeddable":true,"href":"https:\/\/focusonpack.com\/es\/wp-json\/wp\/v2\/pages\/2500"}],"wp:attachment":[{"href":"https:\/\/focusonpack.com\/es\/wp-json\/wp\/v2\/media?parent=2939"}],"curies":[{"name":"wp","href":"https:\/\/api.w.org\/{rel}","templated":true}]}}