{"id":2960,"date":"2020-05-11T10:37:02","date_gmt":"2020-05-11T02:37:02","guid":{"rendered":"https:\/\/focusonpack.com\/?page_id=2960"},"modified":"2025-03-27T15:36:44","modified_gmt":"2025-03-27T07:36:44","slug":"carbonated-soft-drink-water-beverage-pet-bottling-machine","status":"publish","type":"page","link":"https:\/\/focusonpack.com\/es\/maquina-llenadora-de-refrescos-carbonatados\/maquina-embotelladora-de-bebidas-gaseosas-para-mascotas\/","title":{"rendered":"M\u00e1quina embotelladora de refrescos carbonatados\/agua\/bebidas en PET"},"content":{"rendered":"<div data-elementor-type=\"wp-page\" data-elementor-id=\"2960\" class=\"elementor elementor-2960\" data-elementor-settings=\"[]\">\n\t\t\t<div class=\"elementor-inner\">\n\t\t\t\t<div class=\"elementor-section-wrap\">\n\t\t\t\t\t\t\t<section class=\"elementor-element elementor-element-9c0d60b elementor-section-boxed elementor-section-height-default elementor-section-height-default elementor-section elementor-top-section\" data-id=\"9c0d60b\" data-element_type=\"section\">\n\t\t\t\t\t\t<div class=\"elementor-container elementor-column-gap-default\">\n\t\t\t\t<div class=\"elementor-row\">\n\t\t\t\t<div class=\"elementor-element elementor-element-25034a59 elementor-column elementor-col-50 elementor-top-column\" data-id=\"25034a59\" data-element_type=\"column\">\n\t\t\t<div class=\"elementor-column-wrap  elementor-element-populated\">\n\t\t\t\t\t<div class=\"elementor-widget-wrap\">\n\t\t\t\t<div class=\"elementor-element elementor-element-3217455f elementor-widget elementor-widget-heading\" data-id=\"3217455f\" data-element_type=\"widget\" data-widget_type=\"heading.default\">\n\t\t\t\t<div class=\"elementor-widget-container\">\n\t\t\t<h3 class=\"elementor-heading-title elementor-size-default\">M\u00e1quina embotelladora de refrescos carbonatados\/agua\/bebidas en PET<\/h3>\t\t<\/div>\n\t\t\t\t<\/div>\n\t\t\t\t<div class=\"elementor-element elementor-element-462673bb elementor-widget elementor-widget-heading\" data-id=\"462673bb\" data-element_type=\"widget\" data-widget_type=\"heading.default\">\n\t\t\t\t<div class=\"elementor-widget-container\">\n\t\t\t<h3 class=\"elementor-heading-title elementor-size-default\">M\u00e1quina llenadora de botellas PET de refrescos carbonatados\/agua\/bebidas<\/h3>\t\t<\/div>\n\t\t\t\t<\/div>\n\t\t\t\t<div class=\"elementor-element elementor-element-425fbe75 elementor-widget elementor-widget-text-editor\" data-id=\"425fbe75\" data-element_type=\"widget\" data-widget_type=\"text-editor.default\">\n\t\t\t\t<div class=\"elementor-widget-container\">\n\t\t\t\t\t<div class=\"elementor-text-editor elementor-clearfix\"><p>La m\u00e1quina llenadora de refrescos carbonatados\/agua\/bebidas est\u00e1 especialmente dise\u00f1ada para la producci\u00f3n a peque\u00f1a y mediana escala de refrescos carbonatados y sin gas, como coca cola, bebidas espirituosas, etc., en botellas de PET de 0 a 2 litros. como coca cola, bebidas espirituosas, agua con gas, etc., en botellas de PET de 0,2 a 2 litros, integrando el llenado y el tapado en una sola m\u00e1quina. La robusta base se apoya en pies ajustables y est\u00e1 fabricada con revestimiento de acero inoxidable fijado al bastidor tubular. Todas las piezas en contacto con el l\u00edquido son de acero inoxidable y pl\u00e1stico de calidad alimentaria. a otro tama\u00f1o, equipado con las \u00faltimas boquillas de llenado a contrapresi\u00f3n para un llenado preciso, sistema de taponado pick and place, componentes electr\u00f3nicos cr\u00edticos y controles PLC fabricados por el Ministerio de Comercio. Los componentes electr\u00f3nicos cr\u00edticos y los controles PLC est\u00e1n fabricados por Siemens, Mitsubishi y Omron, etc. Toda la informaci\u00f3n de producci\u00f3n y los controles de automatizaci\u00f3n se muestran digitalmente.<\/p><\/div>\n\t\t\t\t<\/div>\n\t\t\t\t<\/div>\n\t\t\t\t<div class=\"elementor-element elementor-element-5cbc178c elementor-widget elementor-widget-text-editor\" data-id=\"5cbc178c\" data-element_type=\"widget\" data-widget_type=\"text-editor.default\">\n\t\t\t\t<div class=\"elementor-widget-container\">\n\t\t\t\t\t<div class=\"elementor-text-editor elementor-clearfix\"><p>El transportador a\u00e9reo transporta las botellas hasta la estrella de entrada de la m\u00e1quina, que las separa y las lleva hasta el centro de las pinzas. El transportador a\u00e9reo transporta las botellas hasta la estrella de entrada de la m\u00e1quina, que las separa y las transporta hasta el centro de las pinzas. A continuaci\u00f3n, las pinzas agarran el cuello de la botella con dos almohadillas de goma dura. A continuaci\u00f3n, las pinzas agarran el cuello de la botella con dos almohadillas de caucho duro. Una vez agarrada la botella, una leva le da la vuelta. La rueda de estrella de salida, sincronizada con las pinzas, toma las botellas y las pasa a la llenadora. La estrella de salida, sincronizada con las pinzas, toma las botellas y las pasa a la llenadora. Simult\u00e1neamente, se abre una segunda v\u00e1lvula de ventilaci\u00f3n (purga) para desplazar el aire previamente oxigenado del contenedor. Una vez que todo el ox\u00edgeno ha sido sustituido por CO2, se abre la v\u00e1lvula de ventilaci\u00f3n para desplazar el aire previamente oxigenado del contenedor. Una vez que todo el ox\u00edgeno ha sido sustituido por CO2, se cierra el respiradero y se abre otra v\u00e1lvula para permitir que el producto fluya hacia el interior del recipiente a trav\u00e9s de la pared de la botella. Una vez completado el llenado Una vez completado el llenado, se abre un orificio de ventilaci\u00f3n para permitir que salga el exceso de producto, lo que define el cl\u00e1sico nivel de llenado de l\u00edquido que se ve en todas las bebidas carbonatadas. Finalmente el llenado Una vez completado el llenado, se abre un orificio de ventilaci\u00f3n para permitir que salga el exceso de producto, lo que define el cl\u00e1sico nivel de llenado de l\u00edquido que se ve en todas las bebidas carbonatadas. Por \u00faltimo, el envase lleno est\u00e1 listo para el sellado y, cuanto m\u00e1s r\u00e1pido, mejor. Las bebidas carbonatadas embotelladas pueden ir directamente a la estaci\u00f3n de tapado sin mucha preocupaci\u00f3n, ya que la espuma causada por el CO2 que escapa impide que el ox\u00edgeno atmosf\u00e9rico entre en el producto. Las botellas pasan autom\u00e1ticamente a la fase de taponado, en la que los tapones se sueltan del clasificador y se colocan en las botellas. Los tapones se sellan autom\u00e1ticamente mediante unas manecillas de taponado especiales. Tras la fase de taponado, las botellas se expulsan autom\u00e1ticamente a la cinta transportadora de salida. Todo el equipo es elegante y puede embotellar botellas de PET de distintos tama\u00f1os, desde 200 ml hasta 2 litros.<\/p><\/div>\n\t\t\t\t<\/div>\n\t\t\t\t<\/div>\n\t\t\t\t<div class=\"elementor-element elementor-element-267af8f8 elementor-widget elementor-widget-heading\" data-id=\"267af8f8\" data-element_type=\"widget\" data-widget_type=\"heading.default\">\n\t\t\t\t<div class=\"elementor-widget-container\">\n\t\t\t<h3 class=\"elementor-heading-title elementor-size-default\">Caracter\u00edsticas principales<\/h3>\t\t<\/div>\n\t\t\t\t<\/div>\n\t\t\t\t<div class=\"elementor-element elementor-element-414dccc5 elementor-widget elementor-widget-text-editor\" data-id=\"414dccc5\" data-element_type=\"widget\" data-widget_type=\"text-editor.default\">\n\t\t\t\t<div class=\"elementor-widget-container\">\n\t\t\t\t\t<div class=\"elementor-text-editor elementor-clearfix\"><p>- Integre el enjuague, el llenado y el taponado de botellas en una sola operaci\u00f3n<br \/>- Incluye transportador a\u00e9reo de entrada de botellas, enjuagadora-llenadora-taponadora tri-bloc y transportador de salida y elevador de tapones.<br \/>- Todas las piezas que entran en contacto con la botella y el l\u00edquido son de acero inoxidable o material pl\u00e1stico apto para uso alimentario<br \/>- El husillo de avance, la estrella de avance y la gu\u00eda son de pl\u00e1stico silencioso y de bajo desgaste.<br \/>- La robusta base se apoya en cuatro pies y est\u00e1 fabricada con revestimiento de acero inoxidable fijado al<br \/>\u00a0 \u00a0 bastidor tubular<br \/>- Todos los componentes del grupo motopropulsor situados en el interior de la base de la m\u00e1quina deben estar protegidos de un entorno agresivo, una vida \u00fatil prolongada, una superficie del armario limpia y sin obstrucciones. superficie del armario sin obstrucciones<br \/>- Las botellas se enjuagan interna y externamente, Sin botella no hay enjuague<br \/>- Las v\u00e1lvulas de llenado de contrapresi\u00f3n precisas y exactas proporcionan un llenado uniforme en todas las botellas al mismo nivel,<br \/>\u00a0 \u00a0Sin botella, sin relleno<br \/>- El cabezal de taponado magn\u00e9tico elimina el apriete excesivo de los tapones, Sin botella, Sin taponado<br \/>- Control PLC e interfaz HMI de pantalla t\u00e1ctil<br \/>- Velocidad regulable mediante inversor<br \/>- Cambio r\u00e1pido y sencillo a varios tama\u00f1os de botella<br \/>- El sistema de suspensi\u00f3n del cuello de la botella de dise\u00f1o exclusivo hace que la botella se mueva suavemente<br \/>- F\u00e1cil de manejar, limpiar y mantener<\/p><\/div>\n\t\t\t\t<\/div>\n\t\t\t\t<\/div>\n\t\t\t\t<div class=\"elementor-element elementor-element-499b37bd elementor-widget elementor-widget-heading\" data-id=\"499b37bd\" data-element_type=\"widget\" data-widget_type=\"heading.default\">\n\t\t\t\t<div class=\"elementor-widget-container\">\n\t\t\t<h3 class=\"elementor-heading-title elementor-size-default\">Accesorios<\/h3>\t\t<\/div>\n\t\t\t\t<\/div>\n\t\t\t\t<div class=\"elementor-element elementor-element-4c5908d4 elementor-widget elementor-widget-text-editor\" data-id=\"4c5908d4\" data-element_type=\"widget\" data-widget_type=\"text-editor.default\">\n\t\t\t\t<div class=\"elementor-widget-container\">\n\t\t\t\t\t<div class=\"elementor-text-editor elementor-clearfix\"><p>- Transportador a\u00e9reo de alimentaci\u00f3n con soplador<br \/>- Transportador de salida con cadena de tablillas de mesa<br \/>- Elevador\/alimentador autom\u00e1tico de tapones<\/p><\/div>\n\t\t\t\t<\/div>\n\t\t\t\t<\/div>\n\t\t\t\t<div class=\"elementor-element elementor-element-6cf73845 elementor-widget elementor-widget-heading\" data-id=\"6cf73845\" data-element_type=\"widget\" data-widget_type=\"heading.default\">\n\t\t\t\t<div class=\"elementor-widget-container\">\n\t\t\t<h3 class=\"elementor-heading-title elementor-size-default\">Especificaciones t\u00e9cnicas<\/h3>\t\t<\/div>\n\t\t\t\t<\/div>\n\t\t\t\t<div class=\"elementor-element elementor-element-30db3965 elementor-widget elementor-widget-text-editor\" data-id=\"30db3965\" data-element_type=\"widget\" data-widget_type=\"text-editor.default\">\n\t\t\t\t<div class=\"elementor-widget-container\">\n\t\t\t\t\t<div class=\"elementor-text-editor elementor-clearfix\"><table width=\"760\">\n<tbody>\n<tr>\n<td width=\"267\">Modelo<\/td>\n<td width=\"128\">DCGF14-12-5<\/td>\n<td width=\"121\">DCGF18-18-6<\/td>\n<td width=\"120\">DCGF24-24-8<\/td>\n<td width=\"124\">DCGF32-32-10<\/td>\n<\/tr>\n<tr>\n<td>Capacidad de producci\u00f3n<\/td>\n<td>300BPH<\/td>\n<td>5000BPH<\/td>\n<td>7000BPH<\/td>\n<td>10000BPH<\/td>\n<\/tr>\n<tr>\n<td>V\u00e1lvulas de enjuague<\/td>\n<td>14<\/td>\n<td>18<\/td>\n<td>24<\/td>\n<td>32<\/td>\n<\/tr>\n<tr>\n<td>N\u00ba de cabezales de llenado<\/td>\n<td>12<\/td>\n<td>18<\/td>\n<td>24<\/td>\n<td>32<\/td>\n<\/tr>\n<tr>\n<td>N\u00famero de tapas<\/td>\n<td>5<\/td>\n<td>6<\/td>\n<td>8<\/td>\n<td>10<\/td>\n<\/tr>\n<tr>\n<td>Di\u00e1metro de botella aplicable<\/td>\n<td colspan=\"4\">\u03a650 mm ~\u03a690 mm<\/td>\n<\/tr>\n<tr>\n<td>Altura de la botella aplicable<\/td>\n<td colspan=\"4\">150 mm - 310 mm<\/td>\n<\/tr>\n<tr>\n<td>Di\u00e1metro del tap\u00f3n roscado aplicable<\/td>\n<td colspan=\"4\">\u03a625 mm ~\u03a635 mm<\/td>\n<\/tr>\n<tr>\n<td>Altura de la tapa del tornillo aplicable<\/td>\n<td colspan=\"4\">15 mm - 25 mm Tap\u00f3n roscado<\/td>\n<\/tr>\n<tr>\n<td>Tensi\u00f3n de alimentaci\u00f3n&nbsp;<\/td>\n<td colspan=\"4\">220\/380V 50\/60HZ 3PH<\/td>\n<\/tr>\n<tr>\n<td>Motor principal<\/td>\n<td>2,2 KW<\/td>\n<td>3,5 KW<\/td>\n<td>4,5 KW<\/td>\n<td>6KW<\/td>\n<\/tr>\n<tr>\n<td>Peso<\/td>\n<td>2500 kgs<\/td>\n<td>3500 kgs<\/td>\n<td>4500 kgs<\/td>\n<td>6000 kgs<\/td>\n<\/tr>\n<tr>\n<td>Dimensiones (sin transportador)<\/td>\n<td>2,1 x 1,5 x 2,15 m<\/td>\n<td>2,3 x 1,7 x 2,4 m<\/td>\n<td>2,8 x 2,2 x 2,4 m<\/td>\n<td>2,9 x 2,2 x 2,5 m<\/td>\n<\/tr>\n<\/tbody>\n<\/table><\/div>\n\t\t\t\t<\/div>\n\t\t\t\t<\/div>\n\t\t\t\t<div class=\"elementor-element elementor-element-56a196dd elementor-widget elementor-widget-text-editor\" data-id=\"56a196dd\" data-element_type=\"widget\" data-widget_type=\"text-editor.default\">\n\t\t\t\t<div class=\"elementor-widget-container\">\n\t\t\t\t\t<div class=\"elementor-text-editor elementor-clearfix\"><p>* Especificaciones sujetas a cambios sin previo aviso, Todos los derechos reservados.<\/p><\/div>\n\t\t\t\t<\/div>\n\t\t\t\t<\/div>\n\t\t\t\t\t\t<\/div>\n\t\t\t<\/div>\n\t\t<\/div>\n\t\t\t\t<div class=\"elementor-element elementor-element-7df6942d elementor-column elementor-col-50 elementor-top-column\" data-id=\"7df6942d\" data-element_type=\"column\">\n\t\t\t<div class=\"elementor-column-wrap  elementor-element-populated\">\n\t\t\t\t\t<div class=\"elementor-widget-wrap\">\n\t\t\t\t<div class=\"elementor-element elementor-element-771fb8bf elementor-widget elementor-widget-spacer\" data-id=\"771fb8bf\" data-element_type=\"widget\" data-widget_type=\"spacer.default\">\n\t\t\t\t<div class=\"elementor-widget-container\">\n\t\t\t\t\t<div class=\"elementor-spacer\">\n\t\t\t<div class=\"elementor-spacer-inner\"><\/div>\n\t\t<\/div>\n\t\t\t\t<\/div>\n\t\t\t\t<\/div>\n\t\t\t\t<div class=\"elementor-element elementor-element-5564bd67 elementor-widget elementor-widget-image\" data-id=\"5564bd67\" data-element_type=\"widget\" data-widget_type=\"image.default\">\n\t\t\t\t<div class=\"elementor-widget-container\">\n\t\t\t\t\t<div class=\"elementor-image\">\n\t\t\t\t\t\t\t\t\t\t<img loading=\"lazy\" decoding=\"async\" width=\"310\" height=\"209\" src=\"https:\/\/focusonpack.com\/wp-content\/uploads\/2023\/07\/monoblock-2-2.jpg\" class=\"elementor-animation-grow attachment-full size-full\" alt=\"\" srcset=\"https:\/\/focusonpack.com\/wp-content\/uploads\/2023\/07\/monoblock-2-2.jpg 310w, https:\/\/focusonpack.com\/wp-content\/uploads\/2023\/07\/monoblock-2-2-300x202.jpg 300w\" sizes=\"auto, (max-width: 310px) 100vw, 310px\" \/>\t\t\t\t\t\t\t\t\t\t\t<\/div>\n\t\t\t\t<\/div>\n\t\t\t\t<\/div>\n\t\t\t\t<div class=\"elementor-element elementor-element-1cccde4 elementor-button-info elementor-align-center elementor-widget elementor-widget-button\" data-id=\"1cccde4\" data-element_type=\"widget\" data-widget_type=\"button.default\">\n\t\t\t\t<div class=\"elementor-widget-container\">\n\t\t\t\t\t<div class=\"elementor-button-wrapper\">\n\t\t\t<a href=\"https:\/\/focusonpack.com\/es\/contacto\/\" class=\"elementor-button-link elementor-button elementor-size-sm\" role=\"button\">\n\t\t\t\t\t\t<span class=\"elementor-button-content-wrapper\">\n\t\t\t\t\t\t<span class=\"elementor-button-text\">Solicitar presupuesto<\/span>\n\t\t<\/span>\n\t\t\t\t\t<\/a>\n\t\t<\/div>\n\t\t\t\t<\/div>\n\t\t\t\t<\/div>\n\t\t\t\t\t\t<\/div>\n\t\t\t<\/div>\n\t\t<\/div>\n\t\t\t\t\t\t<\/div>\n\t\t\t<\/div>\n\t\t<\/section>\n\t\t\t\t\t\t<\/div>\n\t\t\t<\/div>\n\t\t<\/div>","protected":false},"excerpt":{"rendered":"<p>Carbonated Soft Drink\/Water\/Be&hellip;<\/p>","protected":false},"author":1,"featured_media":0,"parent":2499,"menu_order":0,"comment_status":"closed","ping_status":"closed","template":"elementor_header_footer","meta":{"footnotes":""},"class_list":["post-2960","page","type-page","status-publish","hentry","no-thumb"],"yoast_head":"<!-- This site is optimized with the Yoast SEO plugin v24.8.1 - https:\/\/yoast.com\/wordpress\/plugins\/seo\/ -->\n<title>Carbonated Soft Drink\/Water\/Beverage PET Bottling Machine - Focus on pack<\/title>\n<meta name=\"robots\" content=\"index, follow, max-snippet:-1, max-image-preview:large, max-video-preview:-1\" \/>\n<link rel=\"canonical\" href=\"https:\/\/focusonpack.com\/es\/maquina-llenadora-de-refrescos-carbonatados\/maquina-embotelladora-de-bebidas-gaseosas-para-mascotas\/\" \/>\n<meta property=\"og:locale\" content=\"es_ES\" \/>\n<meta property=\"og:type\" content=\"article\" \/>\n<meta property=\"og:title\" content=\"Carbonated Soft Drink\/Water\/Beverage PET Bottling Machine - Focus on pack\" \/>\n<meta property=\"og:description\" content=\"Carbonated Soft Drink\/Water\/Be&hellip;\" \/>\n<meta property=\"og:url\" content=\"https:\/\/focusonpack.com\/es\/maquina-llenadora-de-refrescos-carbonatados\/maquina-embotelladora-de-bebidas-gaseosas-para-mascotas\/\" \/>\n<meta property=\"og:site_name\" content=\"Focus on pack\" \/>\n<meta property=\"article:modified_time\" content=\"2025-03-27T07:36:44+00:00\" \/>\n<meta property=\"og:image\" content=\"https:\/\/focusonpack.com\/wp-content\/uploads\/2023\/07\/monoblock-2-2.jpg\" \/>\n<meta name=\"twitter:card\" content=\"summary_large_image\" \/>\n<meta name=\"twitter:label1\" content=\"Tiempo de lectura\" \/>\n\t<meta name=\"twitter:data1\" content=\"5 minutos\" \/>\n<script type=\"application\/ld+json\" class=\"yoast-schema-graph\">{\"@context\":\"https:\/\/schema.org\",\"@graph\":[{\"@type\":\"WebPage\",\"@id\":\"https:\/\/focusonpack.com\/carbonated-soft-drink-filling-machine\/carbonated-soft-drink-water-beverage-pet-bottling-machine\/\",\"url\":\"https:\/\/focusonpack.com\/carbonated-soft-drink-filling-machine\/carbonated-soft-drink-water-beverage-pet-bottling-machine\/\",\"name\":\"Carbonated Soft Drink\/Water\/Beverage PET Bottling Machine - Focus on pack\",\"isPartOf\":{\"@id\":\"https:\/\/focusonpack.com\/#website\"},\"primaryImageOfPage\":{\"@id\":\"https:\/\/focusonpack.com\/carbonated-soft-drink-filling-machine\/carbonated-soft-drink-water-beverage-pet-bottling-machine\/#primaryimage\"},\"image\":{\"@id\":\"https:\/\/focusonpack.com\/carbonated-soft-drink-filling-machine\/carbonated-soft-drink-water-beverage-pet-bottling-machine\/#primaryimage\"},\"thumbnailUrl\":\"https:\/\/focusonpack.com\/wp-content\/uploads\/2023\/07\/monoblock-2-2.jpg\",\"datePublished\":\"2020-05-11T02:37:02+00:00\",\"dateModified\":\"2025-03-27T07:36:44+00:00\",\"breadcrumb\":{\"@id\":\"https:\/\/focusonpack.com\/carbonated-soft-drink-filling-machine\/carbonated-soft-drink-water-beverage-pet-bottling-machine\/#breadcrumb\"},\"inLanguage\":\"es\",\"potentialAction\":[{\"@type\":\"ReadAction\",\"target\":[\"https:\/\/focusonpack.com\/carbonated-soft-drink-filling-machine\/carbonated-soft-drink-water-beverage-pet-bottling-machine\/\"]}]},{\"@type\":\"ImageObject\",\"inLanguage\":\"es\",\"@id\":\"https:\/\/focusonpack.com\/carbonated-soft-drink-filling-machine\/carbonated-soft-drink-water-beverage-pet-bottling-machine\/#primaryimage\",\"url\":\"https:\/\/focusonpack.com\/wp-content\/uploads\/2023\/07\/monoblock-2-2.jpg\",\"contentUrl\":\"https:\/\/focusonpack.com\/wp-content\/uploads\/2023\/07\/monoblock-2-2.jpg\"},{\"@type\":\"BreadcrumbList\",\"@id\":\"https:\/\/focusonpack.com\/carbonated-soft-drink-filling-machine\/carbonated-soft-drink-water-beverage-pet-bottling-machine\/#breadcrumb\",\"itemListElement\":[{\"@type\":\"ListItem\",\"position\":1,\"name\":\"\u9996\u9875\",\"item\":\"https:\/\/focusonpack.com\/\"},{\"@type\":\"ListItem\",\"position\":2,\"name\":\"Carbonated Soft Drink Filling Machine\",\"item\":\"https:\/\/focusonpack.com\/carbonated-soft-drink-filling-machine\/\"},{\"@type\":\"ListItem\",\"position\":3,\"name\":\"Carbonated Soft Drink\/Water\/Beverage PET Bottling Machine\"}]},{\"@type\":\"WebSite\",\"@id\":\"https:\/\/focusonpack.com\/#website\",\"url\":\"https:\/\/focusonpack.com\/\",\"name\":\"Focus on pack\",\"description\":\"\",\"potentialAction\":[{\"@type\":\"SearchAction\",\"target\":{\"@type\":\"EntryPoint\",\"urlTemplate\":\"https:\/\/focusonpack.com\/?s={search_term_string}\"},\"query-input\":{\"@type\":\"PropertyValueSpecification\",\"valueRequired\":true,\"valueName\":\"search_term_string\"}}],\"inLanguage\":\"es\"}]}<\/script>\n<!-- \/ Yoast SEO plugin. -->","yoast_head_json":{"title":"Carbonated Soft Drink\/Water\/Beverage PET Bottling Machine - Focus on pack","robots":{"index":"index","follow":"follow","max-snippet":"max-snippet:-1","max-image-preview":"max-image-preview:large","max-video-preview":"max-video-preview:-1"},"canonical":"https:\/\/focusonpack.com\/es\/maquina-llenadora-de-refrescos-carbonatados\/maquina-embotelladora-de-bebidas-gaseosas-para-mascotas\/","og_locale":"es_ES","og_type":"article","og_title":"Carbonated Soft Drink\/Water\/Beverage PET Bottling Machine - Focus on pack","og_description":"Carbonated Soft Drink\/Water\/Be&hellip;","og_url":"https:\/\/focusonpack.com\/es\/maquina-llenadora-de-refrescos-carbonatados\/maquina-embotelladora-de-bebidas-gaseosas-para-mascotas\/","og_site_name":"Focus on pack","article_modified_time":"2025-03-27T07:36:44+00:00","og_image":[{"url":"https:\/\/focusonpack.com\/wp-content\/uploads\/2023\/07\/monoblock-2-2.jpg","type":"","width":"","height":""}],"twitter_card":"summary_large_image","twitter_misc":{"Tiempo de lectura":"5 minutos"},"schema":{"@context":"https:\/\/schema.org","@graph":[{"@type":"WebPage","@id":"https:\/\/focusonpack.com\/carbonated-soft-drink-filling-machine\/carbonated-soft-drink-water-beverage-pet-bottling-machine\/","url":"https:\/\/focusonpack.com\/carbonated-soft-drink-filling-machine\/carbonated-soft-drink-water-beverage-pet-bottling-machine\/","name":"Carbonated Soft Drink\/Water\/Beverage PET Bottling Machine - Focus on pack","isPartOf":{"@id":"https:\/\/focusonpack.com\/#website"},"primaryImageOfPage":{"@id":"https:\/\/focusonpack.com\/carbonated-soft-drink-filling-machine\/carbonated-soft-drink-water-beverage-pet-bottling-machine\/#primaryimage"},"image":{"@id":"https:\/\/focusonpack.com\/carbonated-soft-drink-filling-machine\/carbonated-soft-drink-water-beverage-pet-bottling-machine\/#primaryimage"},"thumbnailUrl":"https:\/\/focusonpack.com\/wp-content\/uploads\/2023\/07\/monoblock-2-2.jpg","datePublished":"2020-05-11T02:37:02+00:00","dateModified":"2025-03-27T07:36:44+00:00","breadcrumb":{"@id":"https:\/\/focusonpack.com\/carbonated-soft-drink-filling-machine\/carbonated-soft-drink-water-beverage-pet-bottling-machine\/#breadcrumb"},"inLanguage":"es","potentialAction":[{"@type":"ReadAction","target":["https:\/\/focusonpack.com\/carbonated-soft-drink-filling-machine\/carbonated-soft-drink-water-beverage-pet-bottling-machine\/"]}]},{"@type":"ImageObject","inLanguage":"es","@id":"https:\/\/focusonpack.com\/carbonated-soft-drink-filling-machine\/carbonated-soft-drink-water-beverage-pet-bottling-machine\/#primaryimage","url":"https:\/\/focusonpack.com\/wp-content\/uploads\/2023\/07\/monoblock-2-2.jpg","contentUrl":"https:\/\/focusonpack.com\/wp-content\/uploads\/2023\/07\/monoblock-2-2.jpg"},{"@type":"BreadcrumbList","@id":"https:\/\/focusonpack.com\/carbonated-soft-drink-filling-machine\/carbonated-soft-drink-water-beverage-pet-bottling-machine\/#breadcrumb","itemListElement":[{"@type":"ListItem","position":1,"name":"\u9996\u9875","item":"https:\/\/focusonpack.com\/"},{"@type":"ListItem","position":2,"name":"Carbonated Soft Drink Filling Machine","item":"https:\/\/focusonpack.com\/carbonated-soft-drink-filling-machine\/"},{"@type":"ListItem","position":3,"name":"Carbonated Soft Drink\/Water\/Beverage PET Bottling Machine"}]},{"@type":"WebSite","@id":"https:\/\/focusonpack.com\/#website","url":"https:\/\/focusonpack.com\/","name":"Focus on pack","description":"","potentialAction":[{"@type":"SearchAction","target":{"@type":"EntryPoint","urlTemplate":"https:\/\/focusonpack.com\/?s={search_term_string}"},"query-input":{"@type":"PropertyValueSpecification","valueRequired":true,"valueName":"search_term_string"}}],"inLanguage":"es"}]}},"_links":{"self":[{"href":"https:\/\/focusonpack.com\/es\/wp-json\/wp\/v2\/pages\/2960","targetHints":{"allow":["GET"]}}],"collection":[{"href":"https:\/\/focusonpack.com\/es\/wp-json\/wp\/v2\/pages"}],"about":[{"href":"https:\/\/focusonpack.com\/es\/wp-json\/wp\/v2\/types\/page"}],"author":[{"embeddable":true,"href":"https:\/\/focusonpack.com\/es\/wp-json\/wp\/v2\/users\/1"}],"replies":[{"embeddable":true,"href":"https:\/\/focusonpack.com\/es\/wp-json\/wp\/v2\/comments?post=2960"}],"version-history":[{"count":17,"href":"https:\/\/focusonpack.com\/es\/wp-json\/wp\/v2\/pages\/2960\/revisions"}],"predecessor-version":[{"id":4587,"href":"https:\/\/focusonpack.com\/es\/wp-json\/wp\/v2\/pages\/2960\/revisions\/4587"}],"up":[{"embeddable":true,"href":"https:\/\/focusonpack.com\/es\/wp-json\/wp\/v2\/pages\/2499"}],"wp:attachment":[{"href":"https:\/\/focusonpack.com\/es\/wp-json\/wp\/v2\/media?parent=2960"}],"curies":[{"name":"wp","href":"https:\/\/api.w.org\/{rel}","templated":true}]}}