{"id":3113,"date":"2020-05-11T16:16:35","date_gmt":"2020-05-11T08:16:35","guid":{"rendered":"https:\/\/focusonpack.com\/?page_id=3113"},"modified":"2025-03-27T16:08:26","modified_gmt":"2025-03-27T08:08:26","slug":"5500bph-4-cavity-high-efficiency-automatic-pet-bottle-machine","status":"publish","type":"page","link":"https:\/\/focusonpack.com\/es\/maquina-automatica-de-moldeo-por-soplado-y-estirado-para-mascotas\/5500bph-4-cavidad-de-alta-eficiencia-maquina-automatica-de-botellas-de-pet\/","title":{"rendered":"5500BPH M\u00e1quina autom\u00e1tica de 4 cavidades para botellas PET de alta eficiencia"},"content":{"rendered":"<div data-elementor-type=\"wp-page\" data-elementor-id=\"3113\" class=\"elementor elementor-3113\" data-elementor-settings=\"[]\">\n\t\t\t<div class=\"elementor-inner\">\n\t\t\t\t<div class=\"elementor-section-wrap\">\n\t\t\t\t\t\t\t<section class=\"elementor-element elementor-element-26fdd3d0 elementor-section-boxed elementor-section-height-default elementor-section-height-default elementor-section elementor-top-section\" data-id=\"26fdd3d0\" data-element_type=\"section\">\n\t\t\t\t\t\t<div class=\"elementor-container elementor-column-gap-default\">\n\t\t\t\t<div class=\"elementor-row\">\n\t\t\t\t<div class=\"elementor-element elementor-element-af52e11 elementor-column elementor-col-50 elementor-top-column\" data-id=\"af52e11\" data-element_type=\"column\">\n\t\t\t<div class=\"elementor-column-wrap  elementor-element-populated\">\n\t\t\t\t\t<div class=\"elementor-widget-wrap\">\n\t\t\t\t<div class=\"elementor-element elementor-element-4b63e7c7 elementor-invisible elementor-widget elementor-widget-heading\" data-id=\"4b63e7c7\" data-element_type=\"widget\" data-settings=\"{&quot;_animation&quot;:&quot;fadeIn&quot;}\" data-widget_type=\"heading.default\">\n\t\t\t\t<div class=\"elementor-widget-container\">\n\t\t\t<h3 class=\"elementor-heading-title elementor-size-default\">5500BPH M\u00e1quina autom\u00e1tica de 4 cavidades para botellas PET de alta eficiencia<\/h3>\t\t<\/div>\n\t\t\t\t<\/div>\n\t\t\t\t<div class=\"elementor-element elementor-element-419233f7 elementor-widget elementor-widget-text-editor\" data-id=\"419233f7\" data-element_type=\"widget\" data-widget_type=\"text-editor.default\">\n\t\t\t\t<div class=\"elementor-widget-container\">\n\t\t\t\t\t<div class=\"elementor-text-editor elementor-clearfix\"><p>La m\u00e1quina autom\u00e1tica de 4 cavidades de alta eficiencia para la fabricaci\u00f3n de botellas de PET es una nueva generaci\u00f3n de m\u00e1quina totalmente autom\u00e1tica y vers\u00e1til para la producci\u00f3n en masa de botellas de PET con la \u00faltima tecnolog\u00eda. Las botellas de PET con la \u00faltima tecnolog\u00eda. Velocidad de 5500 botellas por hora a 500 ml se puede lograr. La amplia aplicabilidad que van desde 50 ml a 2000 ml tanto para cuello estrecho y ancho, la capacidad fiable que la m\u00e1quina sopladora de PET convertido en popular y atractivo para el tama\u00f1o medio y peque\u00f1o fabricante de botellas y bebidas. La amplia aplicabilidad que van desde 50ml a 2000ml tanto para cuello estrecho y ancho, la capacidad fiable que la m\u00e1quina sopladora de PET convertido en popular y atractivo para la botella de tama\u00f1o mediano y peque\u00f1o y los fabricantes de bebidas de todo el mundo. Esta m\u00e1quina sopladora de PET est\u00e1 construida con un bastidor tubular de alta resistencia, las piezas neum\u00e1ticas cr\u00edticas y la electr\u00f3nica son de marca mundialmente famosa. Original de Alemania FESTO cilindros de aire, SIMENS PLC y pantalla t\u00e1ctil HMI, Suiza EUGEN SEITZ v\u00e1lvulas de soplado, Jap\u00f3n Mitsubishi servomotor, EE.UU. MAC solenoide etc.. solenoide etc.<\/p><\/div>\n\t\t\t\t<\/div>\n\t\t\t\t<\/div>\n\t\t\t\t<div class=\"elementor-element elementor-element-6affdf78 elementor-widget elementor-widget-text-editor\" data-id=\"6affdf78\" data-element_type=\"widget\" data-widget_type=\"text-editor.default\">\n\t\t\t\t<div class=\"elementor-widget-container\">\n\t\t\t\t\t<div class=\"elementor-text-editor elementor-clearfix\"><p>La m\u00e1quina autom\u00e1tica de moldeo por soplado de PET se pone en marcha cuando las preformas se cargan en la tolva a granel de gran capacidad y f\u00e1cil carga. A continuaci\u00f3n, las preformas se alinean y se cargan en una rampa, donde se introducen por gravedad en los portapreformas. Las preformas pasan por los t\u00faneles de calentamiento, donde se calientan a la temperatura \u00f3ptima de soplado antes de entrar en los moldes. Desde los calentadores, las preformas se cargan en los moldes dise\u00f1ados a medida, donde se soplan cuatro botellas a la vez. Un enfriador de l\u00edquidos presurizado mantiene la temperatura del molde en un rango controlado para garantizar que el molde no se vuelque. Un enfriador de l\u00edquidos presurizado mantiene la temperatura del molde en un rango controlado para garantizar que se soplan botellas de alta calidad de forma constante. Las botellas sopladas se transfieren directamente al transportador de salida, que puede conectarse f\u00e1cilmente a un transportador a\u00e9reo, sin necesidad de utilizar m\u00e1quinas orientadoras de botellas adicionales.<\/p><\/div>\n\t\t\t\t<\/div>\n\t\t\t\t<\/div>\n\t\t\t\t<div class=\"elementor-element elementor-element-1953fd79 elementor-invisible elementor-widget elementor-widget-heading\" data-id=\"1953fd79\" data-element_type=\"widget\" data-settings=\"{&quot;_animation&quot;:&quot;fadeIn&quot;}\" data-widget_type=\"heading.default\">\n\t\t\t\t<div class=\"elementor-widget-container\">\n\t\t\t<h3 class=\"elementor-heading-title elementor-size-default\">Especificaciones t\u00e9cnicas<\/h3>\t\t<\/div>\n\t\t\t\t<\/div>\n\t\t\t\t<div class=\"elementor-element elementor-element-7f6e7679 elementor-widget elementor-widget-text-editor\" data-id=\"7f6e7679\" data-element_type=\"widget\" data-widget_type=\"text-editor.default\">\n\t\t\t\t<div class=\"elementor-widget-container\">\n\t\t\t\t\t<div class=\"elementor-text-editor elementor-clearfix\"><table width=\"720\">\n<tbody>\n<tr>\n<td width=\"241\">Modelo<\/td>\n<td width=\"235\">HZ-5500<\/td>\n<\/tr>\n<tr>\n<td>N\u00ba de cavidad<\/td>\n<td>4 Cavidad<\/td>\n<\/tr>\n<tr>\n<td>Capacidad de producci\u00f3n<\/td>\n<td>5500 BPH<\/td>\n<\/tr>\n<tr>\n<td>Volumen m\u00e1ximo del contenedor<\/td>\n<td>2 L<\/td>\n<\/tr>\n<tr>\n<td>Di\u00e1metro m\u00e1ximo del cuello<\/td>\n<td>38 mm<\/td>\n<\/tr>\n<tr>\n<td>Di\u00e1metro m\u00e1ximo del contenedor<\/td>\n<td>115 mm<\/td>\n<\/tr>\n<tr>\n<td>Altura m\u00e1xima del contenedor<\/td>\n<td>340 mm<\/td>\n<\/tr>\n<tr>\n<td>Potencia calor\u00edfica<\/td>\n<td>35 KW<\/td>\n<\/tr>\n<tr>\n<td>Baja presi\u00f3n de funcionamiento<\/td>\n<td>0,8 Mpa<\/td>\n<\/tr>\n<tr>\n<td>Presi\u00f3n de soplado<\/td>\n<td>3,5 Mpa<\/td>\n<\/tr>\n<tr>\n<td>Dimensiones de la m\u00e1quina (L x A x A)<\/td>\n<td>3,7 x 1,55 x 2,7 M<\/td>\n<\/tr>\n<tr>\n<td>Peso de la m\u00e1quina<\/td>\n<td>4500 kgs (aprox)<\/td>\n<\/tr>\n<tr>\n<td>Dimensi\u00f3n del transportador<\/td>\n<td>1,5 x 0,85 x 2,2 M<\/td>\n<\/tr>\n<tr>\n<td>Peso del transportador<\/td>\n<td>500 kgs (aprox)<\/td>\n<\/tr>\n<\/tbody>\n<\/table><\/div>\n\t\t\t\t<\/div>\n\t\t\t\t<\/div>\n\t\t\t\t<div class=\"elementor-element elementor-element-53410f05 elementor-widget elementor-widget-text-editor\" data-id=\"53410f05\" data-element_type=\"widget\" data-widget_type=\"text-editor.default\">\n\t\t\t\t<div class=\"elementor-widget-container\">\n\t\t\t\t\t<div class=\"elementor-text-editor elementor-clearfix\"><p>\u00a0<\/p><p>* Especificaciones sujetas a cambios sin previo aviso, Todos los derechos reservados.<\/p><\/div>\n\t\t\t\t<\/div>\n\t\t\t\t<\/div>\n\t\t\t\t\t\t<\/div>\n\t\t\t<\/div>\n\t\t<\/div>\n\t\t\t\t<div class=\"elementor-element elementor-element-59d66ee1 elementor-column elementor-col-50 elementor-top-column\" data-id=\"59d66ee1\" data-element_type=\"column\">\n\t\t\t<div class=\"elementor-column-wrap  elementor-element-populated\">\n\t\t\t\t\t<div class=\"elementor-widget-wrap\">\n\t\t\t\t<div class=\"elementor-element elementor-element-16059733 elementor-widget elementor-widget-spacer\" data-id=\"16059733\" data-element_type=\"widget\" data-widget_type=\"spacer.default\">\n\t\t\t\t<div class=\"elementor-widget-container\">\n\t\t\t\t\t<div class=\"elementor-spacer\">\n\t\t\t<div class=\"elementor-spacer-inner\"><\/div>\n\t\t<\/div>\n\t\t\t\t<\/div>\n\t\t\t\t<\/div>\n\t\t\t\t<div class=\"elementor-element elementor-element-341f9822 elementor-widget elementor-widget-image\" data-id=\"341f9822\" data-element_type=\"widget\" data-widget_type=\"image.default\">\n\t\t\t\t<div class=\"elementor-widget-container\">\n\t\t\t\t\t<div class=\"elementor-image\">\n\t\t\t\t\t\t\t\t\t\t\t<a href=\"https:\/\/focusonpack.com\/wp-content\/uploads\/2025\/03\/5500BPH-4-Cavity-High-Efficiency-Automatic-PET-Bottle-Machine.jpg\">\n\t\t\t\t\t\t\t<img loading=\"lazy\" decoding=\"async\" width=\"600\" height=\"400\" src=\"https:\/\/focusonpack.com\/wp-content\/uploads\/2025\/03\/5500BPH-4-Cavity-High-Efficiency-Automatic-PET-Bottle-Machine.jpg\" class=\"elementor-animation-grow attachment-full size-full\" alt=\"\" srcset=\"https:\/\/focusonpack.com\/wp-content\/uploads\/2025\/03\/5500BPH-4-Cavity-High-Efficiency-Automatic-PET-Bottle-Machine.jpg 600w, https:\/\/focusonpack.com\/wp-content\/uploads\/2025\/03\/5500BPH-4-Cavity-High-Efficiency-Automatic-PET-Bottle-Machine-300x200.jpg 300w, https:\/\/focusonpack.com\/wp-content\/uploads\/2025\/03\/5500BPH-4-Cavity-High-Efficiency-Automatic-PET-Bottle-Machine-270x180.jpg 270w\" sizes=\"auto, (max-width: 600px) 100vw, 600px\" \/>\t\t\t\t\t\t\t\t<\/a>\n\t\t\t\t\t\t\t\t\t\t\t<\/div>\n\t\t\t\t<\/div>\n\t\t\t\t<\/div>\n\t\t\t\t<div class=\"elementor-element elementor-element-29a4a731 elementor-button-info elementor-align-center elementor-widget elementor-widget-button\" data-id=\"29a4a731\" data-element_type=\"widget\" data-widget_type=\"button.default\">\n\t\t\t\t<div class=\"elementor-widget-container\">\n\t\t\t\t\t<div class=\"elementor-button-wrapper\">\n\t\t\t<a href=\"https:\/\/focusonpack.com\/es\/contacto\/\" class=\"elementor-button-link elementor-button elementor-size-sm\" role=\"button\">\n\t\t\t\t\t\t<span class=\"elementor-button-content-wrapper\">\n\t\t\t\t\t\t<span class=\"elementor-button-text\">Solicitar presupuesto<\/span>\n\t\t<\/span>\n\t\t\t\t\t<\/a>\n\t\t<\/div>\n\t\t\t\t<\/div>\n\t\t\t\t<\/div>\n\t\t\t\t\t\t<\/div>\n\t\t\t<\/div>\n\t\t<\/div>\n\t\t\t\t\t\t<\/div>\n\t\t\t<\/div>\n\t\t<\/section>\n\t\t\t\t\t\t<\/div>\n\t\t\t<\/div>\n\t\t<\/div>","protected":false},"excerpt":{"rendered":"<p>5500BPH 4 Cavity High Efficien&hellip;<\/p>","protected":false},"author":1,"featured_media":0,"parent":2570,"menu_order":0,"comment_status":"closed","ping_status":"closed","template":"elementor_header_footer","meta":{"footnotes":""},"class_list":["post-3113","page","type-page","status-publish","hentry","no-thumb"],"yoast_head":"<!-- This site is optimized with the Yoast SEO plugin v24.8.1 - https:\/\/yoast.com\/wordpress\/plugins\/seo\/ -->\n<title>5500BPH 4 Cavity High Efficiency Automatic PET Bottle Machine - Focus on pack<\/title>\n<meta name=\"robots\" content=\"index, follow, max-snippet:-1, max-image-preview:large, max-video-preview:-1\" \/>\n<link rel=\"canonical\" href=\"https:\/\/focusonpack.com\/es\/maquina-automatica-de-moldeo-por-soplado-y-estirado-para-mascotas\/5500bph-4-cavidad-de-alta-eficiencia-maquina-automatica-de-botellas-de-pet\/\" \/>\n<meta property=\"og:locale\" content=\"es_ES\" \/>\n<meta property=\"og:type\" content=\"article\" \/>\n<meta property=\"og:title\" content=\"5500BPH 4 Cavity High Efficiency Automatic PET Bottle Machine - Focus on pack\" \/>\n<meta property=\"og:description\" content=\"5500BPH 4 Cavity High Efficien&hellip;\" \/>\n<meta property=\"og:url\" content=\"https:\/\/focusonpack.com\/es\/maquina-automatica-de-moldeo-por-soplado-y-estirado-para-mascotas\/5500bph-4-cavidad-de-alta-eficiencia-maquina-automatica-de-botellas-de-pet\/\" \/>\n<meta property=\"og:site_name\" content=\"Focus on pack\" \/>\n<meta property=\"article:modified_time\" content=\"2025-03-27T08:08:26+00:00\" \/>\n<meta property=\"og:image\" content=\"https:\/\/focusonpack.com\/wp-content\/uploads\/2025\/03\/5500BPH-4-Cavity-High-Efficiency-Automatic-PET-Bottle-Machine.jpg\" \/>\n<meta name=\"twitter:card\" content=\"summary_large_image\" \/>\n<meta name=\"twitter:label1\" content=\"Tiempo de lectura\" \/>\n\t<meta name=\"twitter:data1\" content=\"2 minutos\" \/>\n<script type=\"application\/ld+json\" class=\"yoast-schema-graph\">{\"@context\":\"https:\/\/schema.org\",\"@graph\":[{\"@type\":\"WebPage\",\"@id\":\"https:\/\/focusonpack.com\/fully-automatic-pet-stretch-blow-molding-machine\/5500bph-4-cavity-high-efficiency-automatic-pet-bottle-machine\/\",\"url\":\"https:\/\/focusonpack.com\/fully-automatic-pet-stretch-blow-molding-machine\/5500bph-4-cavity-high-efficiency-automatic-pet-bottle-machine\/\",\"name\":\"5500BPH 4 Cavity High Efficiency Automatic PET Bottle Machine - Focus on pack\",\"isPartOf\":{\"@id\":\"https:\/\/focusonpack.com\/#website\"},\"primaryImageOfPage\":{\"@id\":\"https:\/\/focusonpack.com\/fully-automatic-pet-stretch-blow-molding-machine\/5500bph-4-cavity-high-efficiency-automatic-pet-bottle-machine\/#primaryimage\"},\"image\":{\"@id\":\"https:\/\/focusonpack.com\/fully-automatic-pet-stretch-blow-molding-machine\/5500bph-4-cavity-high-efficiency-automatic-pet-bottle-machine\/#primaryimage\"},\"thumbnailUrl\":\"https:\/\/focusonpack.com\/wp-content\/uploads\/2025\/03\/5500BPH-4-Cavity-High-Efficiency-Automatic-PET-Bottle-Machine.jpg\",\"datePublished\":\"2020-05-11T08:16:35+00:00\",\"dateModified\":\"2025-03-27T08:08:26+00:00\",\"breadcrumb\":{\"@id\":\"https:\/\/focusonpack.com\/fully-automatic-pet-stretch-blow-molding-machine\/5500bph-4-cavity-high-efficiency-automatic-pet-bottle-machine\/#breadcrumb\"},\"inLanguage\":\"es\",\"potentialAction\":[{\"@type\":\"ReadAction\",\"target\":[\"https:\/\/focusonpack.com\/fully-automatic-pet-stretch-blow-molding-machine\/5500bph-4-cavity-high-efficiency-automatic-pet-bottle-machine\/\"]}]},{\"@type\":\"ImageObject\",\"inLanguage\":\"es\",\"@id\":\"https:\/\/focusonpack.com\/fully-automatic-pet-stretch-blow-molding-machine\/5500bph-4-cavity-high-efficiency-automatic-pet-bottle-machine\/#primaryimage\",\"url\":\"https:\/\/focusonpack.com\/wp-content\/uploads\/2025\/03\/5500BPH-4-Cavity-High-Efficiency-Automatic-PET-Bottle-Machine.jpg\",\"contentUrl\":\"https:\/\/focusonpack.com\/wp-content\/uploads\/2025\/03\/5500BPH-4-Cavity-High-Efficiency-Automatic-PET-Bottle-Machine.jpg\"},{\"@type\":\"BreadcrumbList\",\"@id\":\"https:\/\/focusonpack.com\/fully-automatic-pet-stretch-blow-molding-machine\/5500bph-4-cavity-high-efficiency-automatic-pet-bottle-machine\/#breadcrumb\",\"itemListElement\":[{\"@type\":\"ListItem\",\"position\":1,\"name\":\"\u9996\u9875\",\"item\":\"https:\/\/focusonpack.com\/\"},{\"@type\":\"ListItem\",\"position\":2,\"name\":\"Fully Automatic PET Stretch Blow Molding Machine\",\"item\":\"https:\/\/focusonpack.com\/fully-automatic-pet-stretch-blow-molding-machine\/\"},{\"@type\":\"ListItem\",\"position\":3,\"name\":\"5500BPH 4 Cavity High Efficiency Automatic PET Bottle Machine\"}]},{\"@type\":\"WebSite\",\"@id\":\"https:\/\/focusonpack.com\/#website\",\"url\":\"https:\/\/focusonpack.com\/\",\"name\":\"Focus on pack\",\"description\":\"\",\"potentialAction\":[{\"@type\":\"SearchAction\",\"target\":{\"@type\":\"EntryPoint\",\"urlTemplate\":\"https:\/\/focusonpack.com\/?s={search_term_string}\"},\"query-input\":{\"@type\":\"PropertyValueSpecification\",\"valueRequired\":true,\"valueName\":\"search_term_string\"}}],\"inLanguage\":\"es\"}]}<\/script>\n<!-- \/ Yoast SEO plugin. -->","yoast_head_json":{"title":"5500BPH 4 Cavity High Efficiency Automatic PET Bottle Machine - Focus on pack","robots":{"index":"index","follow":"follow","max-snippet":"max-snippet:-1","max-image-preview":"max-image-preview:large","max-video-preview":"max-video-preview:-1"},"canonical":"https:\/\/focusonpack.com\/es\/maquina-automatica-de-moldeo-por-soplado-y-estirado-para-mascotas\/5500bph-4-cavidad-de-alta-eficiencia-maquina-automatica-de-botellas-de-pet\/","og_locale":"es_ES","og_type":"article","og_title":"5500BPH 4 Cavity High Efficiency Automatic PET Bottle Machine - Focus on pack","og_description":"5500BPH 4 Cavity High Efficien&hellip;","og_url":"https:\/\/focusonpack.com\/es\/maquina-automatica-de-moldeo-por-soplado-y-estirado-para-mascotas\/5500bph-4-cavidad-de-alta-eficiencia-maquina-automatica-de-botellas-de-pet\/","og_site_name":"Focus on pack","article_modified_time":"2025-03-27T08:08:26+00:00","og_image":[{"url":"https:\/\/focusonpack.com\/wp-content\/uploads\/2025\/03\/5500BPH-4-Cavity-High-Efficiency-Automatic-PET-Bottle-Machine.jpg","type":"","width":"","height":""}],"twitter_card":"summary_large_image","twitter_misc":{"Tiempo de lectura":"2 minutos"},"schema":{"@context":"https:\/\/schema.org","@graph":[{"@type":"WebPage","@id":"https:\/\/focusonpack.com\/fully-automatic-pet-stretch-blow-molding-machine\/5500bph-4-cavity-high-efficiency-automatic-pet-bottle-machine\/","url":"https:\/\/focusonpack.com\/fully-automatic-pet-stretch-blow-molding-machine\/5500bph-4-cavity-high-efficiency-automatic-pet-bottle-machine\/","name":"5500BPH 4 Cavity High Efficiency Automatic PET Bottle Machine - Focus on pack","isPartOf":{"@id":"https:\/\/focusonpack.com\/#website"},"primaryImageOfPage":{"@id":"https:\/\/focusonpack.com\/fully-automatic-pet-stretch-blow-molding-machine\/5500bph-4-cavity-high-efficiency-automatic-pet-bottle-machine\/#primaryimage"},"image":{"@id":"https:\/\/focusonpack.com\/fully-automatic-pet-stretch-blow-molding-machine\/5500bph-4-cavity-high-efficiency-automatic-pet-bottle-machine\/#primaryimage"},"thumbnailUrl":"https:\/\/focusonpack.com\/wp-content\/uploads\/2025\/03\/5500BPH-4-Cavity-High-Efficiency-Automatic-PET-Bottle-Machine.jpg","datePublished":"2020-05-11T08:16:35+00:00","dateModified":"2025-03-27T08:08:26+00:00","breadcrumb":{"@id":"https:\/\/focusonpack.com\/fully-automatic-pet-stretch-blow-molding-machine\/5500bph-4-cavity-high-efficiency-automatic-pet-bottle-machine\/#breadcrumb"},"inLanguage":"es","potentialAction":[{"@type":"ReadAction","target":["https:\/\/focusonpack.com\/fully-automatic-pet-stretch-blow-molding-machine\/5500bph-4-cavity-high-efficiency-automatic-pet-bottle-machine\/"]}]},{"@type":"ImageObject","inLanguage":"es","@id":"https:\/\/focusonpack.com\/fully-automatic-pet-stretch-blow-molding-machine\/5500bph-4-cavity-high-efficiency-automatic-pet-bottle-machine\/#primaryimage","url":"https:\/\/focusonpack.com\/wp-content\/uploads\/2025\/03\/5500BPH-4-Cavity-High-Efficiency-Automatic-PET-Bottle-Machine.jpg","contentUrl":"https:\/\/focusonpack.com\/wp-content\/uploads\/2025\/03\/5500BPH-4-Cavity-High-Efficiency-Automatic-PET-Bottle-Machine.jpg"},{"@type":"BreadcrumbList","@id":"https:\/\/focusonpack.com\/fully-automatic-pet-stretch-blow-molding-machine\/5500bph-4-cavity-high-efficiency-automatic-pet-bottle-machine\/#breadcrumb","itemListElement":[{"@type":"ListItem","position":1,"name":"\u9996\u9875","item":"https:\/\/focusonpack.com\/"},{"@type":"ListItem","position":2,"name":"Fully Automatic PET Stretch Blow Molding Machine","item":"https:\/\/focusonpack.com\/fully-automatic-pet-stretch-blow-molding-machine\/"},{"@type":"ListItem","position":3,"name":"5500BPH 4 Cavity High Efficiency Automatic PET Bottle Machine"}]},{"@type":"WebSite","@id":"https:\/\/focusonpack.com\/#website","url":"https:\/\/focusonpack.com\/","name":"Focus on pack","description":"","potentialAction":[{"@type":"SearchAction","target":{"@type":"EntryPoint","urlTemplate":"https:\/\/focusonpack.com\/?s={search_term_string}"},"query-input":{"@type":"PropertyValueSpecification","valueRequired":true,"valueName":"search_term_string"}}],"inLanguage":"es"}]}},"_links":{"self":[{"href":"https:\/\/focusonpack.com\/es\/wp-json\/wp\/v2\/pages\/3113","targetHints":{"allow":["GET"]}}],"collection":[{"href":"https:\/\/focusonpack.com\/es\/wp-json\/wp\/v2\/pages"}],"about":[{"href":"https:\/\/focusonpack.com\/es\/wp-json\/wp\/v2\/types\/page"}],"author":[{"embeddable":true,"href":"https:\/\/focusonpack.com\/es\/wp-json\/wp\/v2\/users\/1"}],"replies":[{"embeddable":true,"href":"https:\/\/focusonpack.com\/es\/wp-json\/wp\/v2\/comments?post=3113"}],"version-history":[{"count":14,"href":"https:\/\/focusonpack.com\/es\/wp-json\/wp\/v2\/pages\/3113\/revisions"}],"predecessor-version":[{"id":4600,"href":"https:\/\/focusonpack.com\/es\/wp-json\/wp\/v2\/pages\/3113\/revisions\/4600"}],"up":[{"embeddable":true,"href":"https:\/\/focusonpack.com\/es\/wp-json\/wp\/v2\/pages\/2570"}],"wp:attachment":[{"href":"https:\/\/focusonpack.com\/es\/wp-json\/wp\/v2\/media?parent=3113"}],"curies":[{"name":"wp","href":"https:\/\/api.w.org\/{rel}","templated":true}]}}