{"id":3114,"date":"2020-05-11T16:16:47","date_gmt":"2020-05-11T08:16:47","guid":{"rendered":"https:\/\/focusonpack.com\/?page_id=3114"},"modified":"2025-03-21T17:09:17","modified_gmt":"2025-03-21T09:09:17","slug":"800bph-semi-automatic-pet-blowing-machine","status":"publish","type":"page","link":"https:\/\/focusonpack.com\/es\/maquina-sopladora-semiautomatica-de-botellas-de-pet\/800bph-maquina-sopladora-semiautomatica-para-mascotas\/","title":{"rendered":"M\u00e1quina sopladora de PET semiautom\u00e1tica de 800BPH"},"content":{"rendered":"<div data-elementor-type=\"wp-page\" data-elementor-id=\"3114\" class=\"elementor elementor-3114\" data-elementor-settings=\"[]\">\n\t\t\t<div class=\"elementor-inner\">\n\t\t\t\t<div class=\"elementor-section-wrap\">\n\t\t\t\t\t\t\t<section class=\"elementor-element elementor-element-165d5369 elementor-section-boxed elementor-section-height-default elementor-section-height-default elementor-section elementor-top-section\" data-id=\"165d5369\" data-element_type=\"section\">\n\t\t\t\t\t\t<div class=\"elementor-container elementor-column-gap-default\">\n\t\t\t\t<div class=\"elementor-row\">\n\t\t\t\t<div class=\"elementor-element elementor-element-8f8f834 elementor-column elementor-col-50 elementor-top-column\" data-id=\"8f8f834\" data-element_type=\"column\">\n\t\t\t<div class=\"elementor-column-wrap  elementor-element-populated\">\n\t\t\t\t\t<div class=\"elementor-widget-wrap\">\n\t\t\t\t<div class=\"elementor-element elementor-element-1a247209 elementor-widget elementor-widget-heading\" data-id=\"1a247209\" data-element_type=\"widget\" data-widget_type=\"heading.default\">\n\t\t\t\t<div class=\"elementor-widget-container\">\n\t\t\t<h3 class=\"elementor-heading-title elementor-size-default\">M\u00e1quina sopladora de PET semiautom\u00e1tica de 800BPH<\/h3>\t\t<\/div>\n\t\t\t\t<\/div>\n\t\t\t\t<div class=\"elementor-element elementor-element-68da5a0e elementor-widget elementor-widget-text-editor\" data-id=\"68da5a0e\" data-element_type=\"widget\" data-widget_type=\"text-editor.default\">\n\t\t\t\t<div class=\"elementor-widget-container\">\n\t\t\t\t\t<div class=\"elementor-text-editor elementor-clearfix\"><p>La m\u00e1quina sopladora de botellas de PET semiautom\u00e1tica es la soluci\u00f3n ideal para la producci\u00f3n en masa de botellas de PET para empresas de nueva creaci\u00f3n y de peque\u00f1a escala, y es capaz de producir una amplia variedad de botellas de PET de alta calidad que van desde 50 ml a 6000 ml para muchas industrias como agua embotellada, zumos, productos l\u00e1cteos, detergente l\u00edquido, aceite vegetal, cosm\u00e9ticos, productos farmac\u00e9uticos y de cuidado personal, que son s\u00f3lo algunos ejemplos. Se puede alcanzar una velocidad de 800 botellas por hora a 500 ml. La m\u00e1quina est\u00e1ndar incluye precalentador y secador de soplado. La m\u00e1quina est\u00e1ndar incluye precalentador y sopladora, el compresor de aire y los filtros de aire son opcionales.<\/p><\/div>\n\t\t\t\t<\/div>\n\t\t\t\t<\/div>\n\t\t\t\t<div class=\"elementor-element elementor-element-3796fb8c elementor-widget elementor-widget-text-editor\" data-id=\"3796fb8c\" data-element_type=\"widget\" data-widget_type=\"text-editor.default\">\n\t\t\t\t<div class=\"elementor-widget-container\">\n\t\t\t\t\t<div class=\"elementor-text-editor elementor-clearfix\"><p>Esta m\u00e1quina sopladora de botellas de pl\u00e1stico no requiere operarios altamente cualificados para producir botellas de calidad constante. El proceso de fabricaci\u00f3n de botellas comienza cargando las preformas en el precalentador. El proceso de fabricaci\u00f3n de botellas comienza cargando las preformas en el precalentador. El precalentador utiliza un carril de velocidad variable que desplaza las preformas a trav\u00e9s de un t\u00fanel de calentamiento. El t\u00fanel de calentamiento tiene elementos calefactores especialmente dise\u00f1ados para un funcionamiento de calentamiento uniforme con un mantenimiento m\u00ednimo.<\/p><\/div>\n\t\t\t\t<\/div>\n\t\t\t\t<\/div>\n\t\t\t\t<div class=\"elementor-element elementor-element-b58be03 elementor-widget elementor-widget-text-editor\" data-id=\"b58be03\" data-element_type=\"widget\" data-widget_type=\"text-editor.default\">\n\t\t\t\t<div class=\"elementor-widget-container\">\n\t\t\t\t\t<div class=\"elementor-text-editor elementor-clearfix\"><p>Cuando las preformas han hecho un viaje por el precalentador, se cargan manualmente de dos en dos en la sopladora. El operario pulsa los dos botones de cierre del molde para cerrarlo, que est\u00e1 especialmente dise\u00f1ado para un funcionamiento seguro. Una vez formadas las botellas en el ciclo de soplado, se retiran y el ciclo contin\u00faa. Una vez formadas las botellas en el ciclo de soplado, se retiran y el ciclo contin\u00faa.<\/p><\/div>\n\t\t\t\t<\/div>\n\t\t\t\t<\/div>\n\t\t\t\t<div class=\"elementor-element elementor-element-7e3019cf elementor-widget elementor-widget-heading\" data-id=\"7e3019cf\" data-element_type=\"widget\" data-widget_type=\"heading.default\">\n\t\t\t\t<div class=\"elementor-widget-container\">\n\t\t\t<h3 class=\"elementor-heading-title elementor-size-default\">Caracter\u00edsticas principales<\/h3>\t\t<\/div>\n\t\t\t\t<\/div>\n\t\t\t\t<div class=\"elementor-element elementor-element-57933355 elementor-widget elementor-widget-text-editor\" data-id=\"57933355\" data-element_type=\"widget\" data-widget_type=\"text-editor.default\">\n\t\t\t\t<div class=\"elementor-widget-container\">\n\t\t\t\t\t<div class=\"elementor-text-editor elementor-clearfix\"><p>- Puede manejarse f\u00e1cilmente sin ninguna formaci\u00f3n especial ni operaci\u00f3n de seguridad<br \/>- Cilindro de aire FESTO original<br \/>- Minimice su inversi\u00f3n inicial empezando con poco<br \/>- A\u00f1ada sistemas adicionales de forma econ\u00f3mica a medida que su empresa crece<br \/>- Se pueden producir simult\u00e1neamente botellas de distintos tama\u00f1os para satisfacer sus necesidades exactas<br \/>- El cambio de una talla a otra puede realizarse de forma sencilla y r\u00e1pida<br \/>- Los costes de utillaje (moldes) son bajos ya que el dise\u00f1o del sistema es sencillo<br \/>- Los sistemas pueden dedicarse a producir determinados tama\u00f1os de botella<br \/>- Corto periodo de formaci\u00f3n del operario gracias a la sencillez del dise\u00f1o.<br \/>- Los costes de mantenimiento se reducen al m\u00ednimo y no se requiere personal altamente cualificado.<br \/>- Funcionamiento sencillo que no requiere operarios altamente cualificados<\/p><\/div>\n\t\t\t\t<\/div>\n\t\t\t\t<\/div>\n\t\t\t\t<div class=\"elementor-element elementor-element-1e99e714 elementor-widget elementor-widget-heading\" data-id=\"1e99e714\" data-element_type=\"widget\" data-widget_type=\"heading.default\">\n\t\t\t\t<div class=\"elementor-widget-container\">\n\t\t\t<h3 class=\"elementor-heading-title elementor-size-default\">Especificaciones t\u00e9cnicas<\/h3>\t\t<\/div>\n\t\t\t\t<\/div>\n\t\t\t\t<div class=\"elementor-element elementor-element-5242cb1a elementor-widget elementor-widget-text-editor\" data-id=\"5242cb1a\" data-element_type=\"widget\" data-widget_type=\"text-editor.default\">\n\t\t\t\t<div class=\"elementor-widget-container\">\n\t\t\t\t\t<div class=\"elementor-text-editor elementor-clearfix\"><table width=\"778\"><tbody><tr><td width=\"241\">Modelo\u00a0<\/td><td width=\"220\">HZ-880\u00a0<\/td><td width=\"167\">HZ-880(S)\u00a0<\/td><td width=\"150\">HZ-880(L)<\/td><\/tr><tr><td>Material de preforma aplicable\u00a0<\/td><td>PET\/PP<\/td><td>PET\/PP<\/td><td>PET\/PP<\/td><\/tr><tr><td>Tama\u00f1o de la botella y n\u00famero de cavidades<\/td><td>0,05-2,0 L(2-cav); 3-6 L(1-cav)<\/td><td>0,05-2,0 L(cavidad)<\/td><td>3-6 L(2-cavidad)<\/td><\/tr><tr><td>Capacidad de producci\u00f3n\u00a0<\/td><td>700-1000 HPB\u00a0<\/td><td>700-1000 HPB\u00a0<\/td><td>600-800 HBP<\/td><\/tr><tr><td>Altura m\u00e1xima de la botella\u00a0<\/td><td>360 mm\u00a0<\/td><td>360 mm\u00a0<\/td><td>360 mm\u00a0<\/td><\/tr><tr><td>Di\u00e1metro m\u00e1ximo de la botella\u00a0<\/td><td>180 mm\u00a0<\/td><td>180 mm\u00a0<\/td><td>180 mm\u00a0<\/td><\/tr><tr><td>Dimensi\u00f3n m\u00e1xima de la placa del molde (LxA)<\/td><td>420 x 500 mm\u00a0<\/td><td>320 x 420 mm\u00a0<\/td><td>450 x 620 mm<\/td><\/tr><tr><td>Fuerza de sujeci\u00f3n\u00a0<\/td><td>180 KN\u00a0<\/td><td>120 KN\u00a0<\/td><td>220 KN\u00a0<\/td><\/tr><tr><td>Consumo de energ\u00eda\u00a0<\/td><td>12 kw<\/td><td>12 kw<\/td><td>12 kw<\/td><\/tr><tr><td>Fuente de alimentaci\u00f3n\u00a0<\/td><td>220~380V\/50~60 HZ\u00a0<\/td><td>220~380V\/50~60HZ<\/td><td>220~380V\/50~60HZ<\/td><\/tr><tr><td>Dimensiones de la m\u00e1quina (L x A x A)\u00a0<\/td><td>1,66 x 0,74 x 2,2 M\u00a0<\/td><td>1,2 x 0,55 x 1,9 M<\/td><td>1,7 x 0,82 x 2,2 M<\/td><\/tr><tr><td>Peso de la m\u00e1quina\u00a0<\/td><td>700 kg (aprox.)<\/td><td>500 kg (aprox.)<\/td><td>900kgs (aprox)<\/td><\/tr><tr><td>Dimensiones del precalentador (L x A x A)\u00a0<\/td><td>1,46 x 0,71 x 1,58 M\u00a0<\/td><td>1,46 x 0,71 x 1,58 M\u00a0<\/td><td>1,77 x 0,72 x 1,58 M<\/td><\/tr><tr><td>Peso del precalentador\u00a0<\/td><td>300 kgs (aprox)\u00a0<\/td><td>300 kgs (aprox)\u00a0<\/td><td>500 kgs (aprox)\u00a0<\/td><\/tr><\/tbody><\/table><\/div>\n\t\t\t\t<\/div>\n\t\t\t\t<\/div>\n\t\t\t\t<div class=\"elementor-element elementor-element-38b7431d elementor-widget elementor-widget-text-editor\" data-id=\"38b7431d\" data-element_type=\"widget\" data-widget_type=\"text-editor.default\">\n\t\t\t\t<div class=\"elementor-widget-container\">\n\t\t\t\t\t<div class=\"elementor-text-editor elementor-clearfix\"><p>\uf013 Especificaciones sujetas a cambios sin previo aviso, Todos los derechos reservados.<\/p><\/div>\n\t\t\t\t<\/div>\n\t\t\t\t<\/div>\n\t\t\t\t\t\t<\/div>\n\t\t\t<\/div>\n\t\t<\/div>\n\t\t\t\t<div class=\"elementor-element elementor-element-2053c062 elementor-column elementor-col-50 elementor-top-column\" data-id=\"2053c062\" data-element_type=\"column\">\n\t\t\t<div class=\"elementor-column-wrap  elementor-element-populated\">\n\t\t\t\t\t<div class=\"elementor-widget-wrap\">\n\t\t\t\t<div class=\"elementor-element elementor-element-22222b44 elementor-widget elementor-widget-image\" data-id=\"22222b44\" data-element_type=\"widget\" data-widget_type=\"image.default\">\n\t\t\t\t<div class=\"elementor-widget-container\">\n\t\t\t\t\t<div class=\"elementor-image\">\n\t\t\t\t\t\t\t\t\t\t\t<a href=\"https:\/\/focusonpack.com\/wp-content\/uploads\/2025\/03\/Semi-Automatic-PET-Bottle-Blowing-Machine-logo.png\">\n\t\t\t\t\t\t\t<img loading=\"lazy\" decoding=\"async\" width=\"1041\" height=\"776\" src=\"https:\/\/focusonpack.com\/wp-content\/uploads\/2025\/03\/Semi-Automatic-PET-Bottle-Blowing-Machine.png\" class=\"elementor-animation-grow attachment-full size-full\" alt=\"\" srcset=\"https:\/\/focusonpack.com\/wp-content\/uploads\/2025\/03\/Semi-Automatic-PET-Bottle-Blowing-Machine.png 1041w, https:\/\/focusonpack.com\/wp-content\/uploads\/2025\/03\/Semi-Automatic-PET-Bottle-Blowing-Machine-300x224.png 300w, https:\/\/focusonpack.com\/wp-content\/uploads\/2025\/03\/Semi-Automatic-PET-Bottle-Blowing-Machine-1024x763.png 1024w, https:\/\/focusonpack.com\/wp-content\/uploads\/2025\/03\/Semi-Automatic-PET-Bottle-Blowing-Machine-768x572.png 768w, https:\/\/focusonpack.com\/wp-content\/uploads\/2025\/03\/Semi-Automatic-PET-Bottle-Blowing-Machine-270x200.png 270w, https:\/\/focusonpack.com\/wp-content\/uploads\/2025\/03\/Semi-Automatic-PET-Bottle-Blowing-Machine-600x447.png 600w\" sizes=\"auto, (max-width: 1041px) 100vw, 1041px\" \/>\t\t\t\t\t\t\t\t<\/a>\n\t\t\t\t\t\t\t\t\t\t\t<\/div>\n\t\t\t\t<\/div>\n\t\t\t\t<\/div>\n\t\t\t\t<div class=\"elementor-element elementor-element-46684abb elementor-button-info elementor-align-center elementor-widget elementor-widget-button\" data-id=\"46684abb\" data-element_type=\"widget\" data-widget_type=\"button.default\">\n\t\t\t\t<div class=\"elementor-widget-container\">\n\t\t\t\t\t<div class=\"elementor-button-wrapper\">\n\t\t\t<a href=\"https:\/\/focusonpack.com\/es\/contacto\/\" class=\"elementor-button-link elementor-button elementor-size-sm\" role=\"button\">\n\t\t\t\t\t\t<span class=\"elementor-button-content-wrapper\">\n\t\t\t\t\t\t<span class=\"elementor-button-text\">Solicitar presupuesto<\/span>\n\t\t<\/span>\n\t\t\t\t\t<\/a>\n\t\t<\/div>\n\t\t\t\t<\/div>\n\t\t\t\t<\/div>\n\t\t\t\t\t\t<\/div>\n\t\t\t<\/div>\n\t\t<\/div>\n\t\t\t\t\t\t<\/div>\n\t\t\t<\/div>\n\t\t<\/section>\n\t\t\t\t\t\t<\/div>\n\t\t\t<\/div>\n\t\t<\/div>","protected":false},"excerpt":{"rendered":"<p>800BPH Semi Automatic PET Blow&hellip;<\/p>","protected":false},"author":1,"featured_media":0,"parent":2571,"menu_order":0,"comment_status":"closed","ping_status":"closed","template":"elementor_header_footer","meta":{"footnotes":""},"class_list":["post-3114","page","type-page","status-publish","hentry","no-thumb"],"yoast_head":"<!-- This site is optimized with the Yoast SEO plugin v24.8.1 - https:\/\/yoast.com\/wordpress\/plugins\/seo\/ -->\n<title>800BPH Semi Automatic PET Blowing Machine - Focus on pack<\/title>\n<meta name=\"robots\" content=\"index, follow, max-snippet:-1, max-image-preview:large, max-video-preview:-1\" \/>\n<link rel=\"canonical\" href=\"https:\/\/focusonpack.com\/es\/maquina-sopladora-semiautomatica-de-botellas-de-pet\/800bph-maquina-sopladora-semiautomatica-para-mascotas\/\" \/>\n<meta property=\"og:locale\" content=\"es_ES\" \/>\n<meta property=\"og:type\" content=\"article\" \/>\n<meta property=\"og:title\" content=\"800BPH Semi Automatic PET Blowing Machine - Focus on pack\" \/>\n<meta property=\"og:description\" content=\"800BPH Semi Automatic PET Blow&hellip;\" \/>\n<meta property=\"og:url\" content=\"https:\/\/focusonpack.com\/es\/maquina-sopladora-semiautomatica-de-botellas-de-pet\/800bph-maquina-sopladora-semiautomatica-para-mascotas\/\" \/>\n<meta property=\"og:site_name\" content=\"Focus on pack\" \/>\n<meta property=\"article:modified_time\" content=\"2025-03-21T09:09:17+00:00\" \/>\n<meta property=\"og:image\" content=\"https:\/\/focusonpack.com\/wp-content\/uploads\/2025\/03\/Semi-Automatic-PET-Bottle-Blowing-Machine.png\" \/>\n<meta name=\"twitter:card\" content=\"summary_large_image\" \/>\n<meta name=\"twitter:label1\" content=\"Tiempo de lectura\" \/>\n\t<meta name=\"twitter:data1\" content=\"3 minutos\" \/>\n<script type=\"application\/ld+json\" class=\"yoast-schema-graph\">{\"@context\":\"https:\/\/schema.org\",\"@graph\":[{\"@type\":\"WebPage\",\"@id\":\"https:\/\/focusonpack.com\/semi-automatic-pet-bottle-blowing-machine\/800bph-semi-automatic-pet-blowing-machine\/\",\"url\":\"https:\/\/focusonpack.com\/semi-automatic-pet-bottle-blowing-machine\/800bph-semi-automatic-pet-blowing-machine\/\",\"name\":\"800BPH Semi Automatic PET Blowing Machine - Focus on pack\",\"isPartOf\":{\"@id\":\"https:\/\/focusonpack.com\/#website\"},\"primaryImageOfPage\":{\"@id\":\"https:\/\/focusonpack.com\/semi-automatic-pet-bottle-blowing-machine\/800bph-semi-automatic-pet-blowing-machine\/#primaryimage\"},\"image\":{\"@id\":\"https:\/\/focusonpack.com\/semi-automatic-pet-bottle-blowing-machine\/800bph-semi-automatic-pet-blowing-machine\/#primaryimage\"},\"thumbnailUrl\":\"https:\/\/focusonpack.com\/wp-content\/uploads\/2025\/03\/Semi-Automatic-PET-Bottle-Blowing-Machine.png\",\"datePublished\":\"2020-05-11T08:16:47+00:00\",\"dateModified\":\"2025-03-21T09:09:17+00:00\",\"breadcrumb\":{\"@id\":\"https:\/\/focusonpack.com\/semi-automatic-pet-bottle-blowing-machine\/800bph-semi-automatic-pet-blowing-machine\/#breadcrumb\"},\"inLanguage\":\"es\",\"potentialAction\":[{\"@type\":\"ReadAction\",\"target\":[\"https:\/\/focusonpack.com\/semi-automatic-pet-bottle-blowing-machine\/800bph-semi-automatic-pet-blowing-machine\/\"]}]},{\"@type\":\"ImageObject\",\"inLanguage\":\"es\",\"@id\":\"https:\/\/focusonpack.com\/semi-automatic-pet-bottle-blowing-machine\/800bph-semi-automatic-pet-blowing-machine\/#primaryimage\",\"url\":\"https:\/\/focusonpack.com\/wp-content\/uploads\/2025\/03\/Semi-Automatic-PET-Bottle-Blowing-Machine.png\",\"contentUrl\":\"https:\/\/focusonpack.com\/wp-content\/uploads\/2025\/03\/Semi-Automatic-PET-Bottle-Blowing-Machine.png\"},{\"@type\":\"BreadcrumbList\",\"@id\":\"https:\/\/focusonpack.com\/semi-automatic-pet-bottle-blowing-machine\/800bph-semi-automatic-pet-blowing-machine\/#breadcrumb\",\"itemListElement\":[{\"@type\":\"ListItem\",\"position\":1,\"name\":\"\u9996\u9875\",\"item\":\"https:\/\/focusonpack.com\/\"},{\"@type\":\"ListItem\",\"position\":2,\"name\":\"Semi Automatic PET Bottle Blowing Machine\",\"item\":\"https:\/\/focusonpack.com\/semi-automatic-pet-bottle-blowing-machine\/\"},{\"@type\":\"ListItem\",\"position\":3,\"name\":\"800BPH Semi Automatic PET Blowing Machine\"}]},{\"@type\":\"WebSite\",\"@id\":\"https:\/\/focusonpack.com\/#website\",\"url\":\"https:\/\/focusonpack.com\/\",\"name\":\"Focus on pack\",\"description\":\"\",\"potentialAction\":[{\"@type\":\"SearchAction\",\"target\":{\"@type\":\"EntryPoint\",\"urlTemplate\":\"https:\/\/focusonpack.com\/?s={search_term_string}\"},\"query-input\":{\"@type\":\"PropertyValueSpecification\",\"valueRequired\":true,\"valueName\":\"search_term_string\"}}],\"inLanguage\":\"es\"}]}<\/script>\n<!-- \/ Yoast SEO plugin. -->","yoast_head_json":{"title":"800BPH Semi Automatic PET Blowing Machine - Focus on pack","robots":{"index":"index","follow":"follow","max-snippet":"max-snippet:-1","max-image-preview":"max-image-preview:large","max-video-preview":"max-video-preview:-1"},"canonical":"https:\/\/focusonpack.com\/es\/maquina-sopladora-semiautomatica-de-botellas-de-pet\/800bph-maquina-sopladora-semiautomatica-para-mascotas\/","og_locale":"es_ES","og_type":"article","og_title":"800BPH Semi Automatic PET Blowing Machine - Focus on pack","og_description":"800BPH Semi Automatic PET Blow&hellip;","og_url":"https:\/\/focusonpack.com\/es\/maquina-sopladora-semiautomatica-de-botellas-de-pet\/800bph-maquina-sopladora-semiautomatica-para-mascotas\/","og_site_name":"Focus on pack","article_modified_time":"2025-03-21T09:09:17+00:00","og_image":[{"url":"https:\/\/focusonpack.com\/wp-content\/uploads\/2025\/03\/Semi-Automatic-PET-Bottle-Blowing-Machine.png","type":"","width":"","height":""}],"twitter_card":"summary_large_image","twitter_misc":{"Tiempo de lectura":"3 minutos"},"schema":{"@context":"https:\/\/schema.org","@graph":[{"@type":"WebPage","@id":"https:\/\/focusonpack.com\/semi-automatic-pet-bottle-blowing-machine\/800bph-semi-automatic-pet-blowing-machine\/","url":"https:\/\/focusonpack.com\/semi-automatic-pet-bottle-blowing-machine\/800bph-semi-automatic-pet-blowing-machine\/","name":"800BPH Semi Automatic PET Blowing Machine - Focus on pack","isPartOf":{"@id":"https:\/\/focusonpack.com\/#website"},"primaryImageOfPage":{"@id":"https:\/\/focusonpack.com\/semi-automatic-pet-bottle-blowing-machine\/800bph-semi-automatic-pet-blowing-machine\/#primaryimage"},"image":{"@id":"https:\/\/focusonpack.com\/semi-automatic-pet-bottle-blowing-machine\/800bph-semi-automatic-pet-blowing-machine\/#primaryimage"},"thumbnailUrl":"https:\/\/focusonpack.com\/wp-content\/uploads\/2025\/03\/Semi-Automatic-PET-Bottle-Blowing-Machine.png","datePublished":"2020-05-11T08:16:47+00:00","dateModified":"2025-03-21T09:09:17+00:00","breadcrumb":{"@id":"https:\/\/focusonpack.com\/semi-automatic-pet-bottle-blowing-machine\/800bph-semi-automatic-pet-blowing-machine\/#breadcrumb"},"inLanguage":"es","potentialAction":[{"@type":"ReadAction","target":["https:\/\/focusonpack.com\/semi-automatic-pet-bottle-blowing-machine\/800bph-semi-automatic-pet-blowing-machine\/"]}]},{"@type":"ImageObject","inLanguage":"es","@id":"https:\/\/focusonpack.com\/semi-automatic-pet-bottle-blowing-machine\/800bph-semi-automatic-pet-blowing-machine\/#primaryimage","url":"https:\/\/focusonpack.com\/wp-content\/uploads\/2025\/03\/Semi-Automatic-PET-Bottle-Blowing-Machine.png","contentUrl":"https:\/\/focusonpack.com\/wp-content\/uploads\/2025\/03\/Semi-Automatic-PET-Bottle-Blowing-Machine.png"},{"@type":"BreadcrumbList","@id":"https:\/\/focusonpack.com\/semi-automatic-pet-bottle-blowing-machine\/800bph-semi-automatic-pet-blowing-machine\/#breadcrumb","itemListElement":[{"@type":"ListItem","position":1,"name":"\u9996\u9875","item":"https:\/\/focusonpack.com\/"},{"@type":"ListItem","position":2,"name":"Semi Automatic PET Bottle Blowing Machine","item":"https:\/\/focusonpack.com\/semi-automatic-pet-bottle-blowing-machine\/"},{"@type":"ListItem","position":3,"name":"800BPH Semi Automatic PET Blowing Machine"}]},{"@type":"WebSite","@id":"https:\/\/focusonpack.com\/#website","url":"https:\/\/focusonpack.com\/","name":"Focus on pack","description":"","potentialAction":[{"@type":"SearchAction","target":{"@type":"EntryPoint","urlTemplate":"https:\/\/focusonpack.com\/?s={search_term_string}"},"query-input":{"@type":"PropertyValueSpecification","valueRequired":true,"valueName":"search_term_string"}}],"inLanguage":"es"}]}},"_links":{"self":[{"href":"https:\/\/focusonpack.com\/es\/wp-json\/wp\/v2\/pages\/3114","targetHints":{"allow":["GET"]}}],"collection":[{"href":"https:\/\/focusonpack.com\/es\/wp-json\/wp\/v2\/pages"}],"about":[{"href":"https:\/\/focusonpack.com\/es\/wp-json\/wp\/v2\/types\/page"}],"author":[{"embeddable":true,"href":"https:\/\/focusonpack.com\/es\/wp-json\/wp\/v2\/users\/1"}],"replies":[{"embeddable":true,"href":"https:\/\/focusonpack.com\/es\/wp-json\/wp\/v2\/comments?post=3114"}],"version-history":[{"count":13,"href":"https:\/\/focusonpack.com\/es\/wp-json\/wp\/v2\/pages\/3114\/revisions"}],"predecessor-version":[{"id":4552,"href":"https:\/\/focusonpack.com\/es\/wp-json\/wp\/v2\/pages\/3114\/revisions\/4552"}],"up":[{"embeddable":true,"href":"https:\/\/focusonpack.com\/es\/wp-json\/wp\/v2\/pages\/2571"}],"wp:attachment":[{"href":"https:\/\/focusonpack.com\/es\/wp-json\/wp\/v2\/media?parent=3114"}],"curies":[{"name":"wp","href":"https:\/\/api.w.org\/{rel}","templated":true}]}}