{"id":3116,"date":"2020-05-11T16:16:38","date_gmt":"2020-05-11T08:16:38","guid":{"rendered":"https:\/\/focusonpack.com\/?page_id=3116"},"modified":"2025-03-27T16:06:46","modified_gmt":"2025-03-27T08:06:46","slug":"2500bph-3-cavity-stretch-blow-molding-machine","status":"publish","type":"page","link":"https:\/\/focusonpack.com\/es\/maquina-automatica-de-moldeo-por-soplado-y-estirado-para-mascotas\/2500bph-3-cavity-stretch-blow-molding-machine\/","title":{"rendered":"2500BPH M\u00e1quina de moldeo por soplado y estirado de 3 cavidades"},"content":{"rendered":"<div data-elementor-type=\"wp-page\" data-elementor-id=\"3116\" class=\"elementor elementor-3116\" data-elementor-settings=\"[]\">\n\t\t\t<div class=\"elementor-inner\">\n\t\t\t\t<div class=\"elementor-section-wrap\">\n\t\t\t\t\t\t\t<section class=\"elementor-element elementor-element-4ff3f592 elementor-section-boxed elementor-section-height-default elementor-section-height-default elementor-section elementor-top-section\" data-id=\"4ff3f592\" data-element_type=\"section\">\n\t\t\t\t\t\t<div class=\"elementor-container elementor-column-gap-default\">\n\t\t\t\t<div class=\"elementor-row\">\n\t\t\t\t<div class=\"elementor-element elementor-element-5d2db6f8 elementor-column elementor-col-50 elementor-top-column\" data-id=\"5d2db6f8\" data-element_type=\"column\">\n\t\t\t<div class=\"elementor-column-wrap  elementor-element-populated\">\n\t\t\t\t\t<div class=\"elementor-widget-wrap\">\n\t\t\t\t<div class=\"elementor-element elementor-element-11eecfdb elementor-invisible elementor-widget elementor-widget-heading\" data-id=\"11eecfdb\" data-element_type=\"widget\" data-settings=\"{&quot;_animation&quot;:&quot;fadeIn&quot;}\" data-widget_type=\"heading.default\">\n\t\t\t\t<div class=\"elementor-widget-container\">\n\t\t\t<h3 class=\"elementor-heading-title elementor-size-default\">2500BPH M\u00e1quina de moldeo por soplado y estirado de 3 cavidades<\/h3>\t\t<\/div>\n\t\t\t\t<\/div>\n\t\t\t\t<div class=\"elementor-element elementor-element-69419785 elementor-widget elementor-widget-text-editor\" data-id=\"69419785\" data-element_type=\"widget\" data-widget_type=\"text-editor.default\">\n\t\t\t\t<div class=\"elementor-widget-container\">\n\t\t\t\t\t<div class=\"elementor-text-editor elementor-clearfix\"><p>Esta m\u00e1quina de moldeo por soplado y estirado es una m\u00e1quina de moldeo por soplado y estirado de PET totalmente autom\u00e1tica especialmente dise\u00f1ada por nuestra empresa. El proceso de fabricaci\u00f3n de botellas se realiza de forma totalmente autom\u00e1tica, eliminando costosas labores y reduciendo el consumo de energ\u00eda. Es el mejor socio de la l\u00ednea de llenado de agua embotellada con capacidad de 2000 a 3000 botellas por hora. En comparaci\u00f3n con la m\u00e1quina de moldeo por soplado de PET semiautom\u00e1tica, se ahorrar\u00e1 el coste de 3 trabajadores y el consumo de energ\u00eda. Puede producir botellas de hasta 1,50 litros con una capacidad de 2500 botellas por hora, que es 3 veces superior a la m\u00e1quina sopladora de PET semiautom\u00e1tica y el coste de la m\u00e1quina es menor. m\u00e1quina de soplado y el costo de la m\u00e1quina es menos de 3 veces.<\/p><\/div>\n\t\t\t\t<\/div>\n\t\t\t\t<\/div>\n\t\t\t\t<div class=\"elementor-element elementor-element-7d86153b elementor-widget elementor-widget-text-editor\" data-id=\"7d86153b\" data-element_type=\"widget\" data-widget_type=\"text-editor.default\">\n\t\t\t\t<div class=\"elementor-widget-container\">\n\t\t\t\t\t<div class=\"elementor-text-editor elementor-clearfix\"><p>Automatic plastic bottle blow molding machine starts as jumble preforms are loaded into the easy to load,extra large capacity bulk hopper, An elevator moves preforms up to a gravity-based sorter, which aligns preforms on a conveyor.Preforms are then aligned and loaded onto a chute, where they are gravity-fed into the preform holders. The preforms move through the heat tunnels, where they are heated to the optimal blowing temperature prior to entering the molds. From the heaters, preforms are loaded into the custom-designed molds where four bottles are blown at a time. A pressurized liquid chiller keeps the mold temperature in a controlled range to ensure that consistently high-quality bottles are blown.The blown bottles are ejected automatically onto exit conveyor.<\/p><\/div>\n\t\t\t\t<\/div>\n\t\t\t\t<\/div>\n\t\t\t\t<div class=\"elementor-element elementor-element-22ee6f7d elementor-invisible elementor-widget elementor-widget-heading\" data-id=\"22ee6f7d\" data-element_type=\"widget\" data-settings=\"{&quot;_animation&quot;:&quot;fadeIn&quot;}\" data-widget_type=\"heading.default\">\n\t\t\t\t<div class=\"elementor-widget-container\">\n\t\t\t<h3 class=\"elementor-heading-title elementor-size-default\">Caracter\u00edsticas principales<\/h3>\t\t<\/div>\n\t\t\t\t<\/div>\n\t\t\t\t<div class=\"elementor-element elementor-element-118c5cec elementor-widget elementor-widget-text-editor\" data-id=\"118c5cec\" data-element_type=\"widget\" data-widget_type=\"text-editor.default\">\n\t\t\t\t<div class=\"elementor-widget-container\">\n\t\t\t\t\t<div class=\"elementor-text-editor elementor-clearfix\"><p>\u2022 Heavy duty construction and brand parts are used<\/p>\n<p>\u2022&nbsp;Compact design minimizes space occupation<\/p>\n<p>\u2022&nbsp;Makes your own bottles when you need them, minimizing inventory storage and vendor delivery<\/p>\n<p>\u2022 problems problems<\/p>\n<p>\u2022&nbsp;Produces up to 2500 bottles an hour<\/p>\n<p>\u2022&nbsp;Handles multi-sized and shaped preforms<\/p>\n<p>\u2022&nbsp;Produces bottles of up to 1500ml<\/p>\n<p>\u2022&nbsp;Easy-to-change molds reduces down-time for different container size<\/p>\n<p>\u2022&nbsp;Easy-to-use PLC touch-screen controls&nbsp;<\/p><\/div>\n\t\t\t\t<\/div>\n\t\t\t\t<\/div>\n\t\t\t\t<div class=\"elementor-element elementor-element-27ba0c58 elementor-invisible elementor-widget elementor-widget-heading\" data-id=\"27ba0c58\" data-element_type=\"widget\" data-settings=\"{&quot;_animation&quot;:&quot;fadeIn&quot;}\" data-widget_type=\"heading.default\">\n\t\t\t\t<div class=\"elementor-widget-container\">\n\t\t\t<h3 class=\"elementor-heading-title elementor-size-default\">Especificaciones t\u00e9cnicas<\/h3>\t\t<\/div>\n\t\t\t\t<\/div>\n\t\t\t\t<div class=\"elementor-element elementor-element-4f5ced88 elementor-widget elementor-widget-text-editor\" data-id=\"4f5ced88\" data-element_type=\"widget\" data-widget_type=\"text-editor.default\">\n\t\t\t\t<div class=\"elementor-widget-container\">\n\t\t\t\t\t<div class=\"elementor-text-editor elementor-clearfix\"><table width=\"720\">\n<tbody>\n<tr>\n<td width=\"241\">Modelo<\/td>\n<td width=\"235\">HZ-880B<\/td>\n<\/tr>\n<tr>\n<td>N\u00ba de cavidad<\/td>\n<td>3 Cavidad<\/td>\n<\/tr>\n<tr>\n<td>Material de preforma aplicable<\/td>\n<td>PET<\/td>\n<\/tr>\n<tr>\n<td>Tama\u00f1o de la botella<\/td>\n<td>50-1500 ml<\/td>\n<\/tr>\n<tr>\n<td>Capacidad de producci\u00f3n<\/td>\n<td>2500-2800 HPB<\/td>\n<\/tr>\n<tr>\n<td>Consumo de energ\u00eda<\/td>\n<td>15 kw<\/td>\n<\/tr>\n<tr>\n<td>Fuente de alimentaci\u00f3n<\/td>\n<td>220~380V\/50~60 HZ<\/td>\n<\/tr>\n<tr>\n<td>Dimensiones de la m\u00e1quina (L x A x A)<\/td>\n<td>2,0 x 0,85 x 2,2 M<\/td>\n<\/tr>\n<tr>\n<td>Peso de la m\u00e1quina<\/td>\n<td>1200kgs (aprox)<\/td>\n<\/tr>\n<tr>\n<td>Dimensiones del precalentador (L x A x A)<\/td>\n<td>1.5&#215;0.85&#215;2.2<\/td>\n<\/tr>\n<tr>\n<td>Peso del precalentador<\/td>\n<td>500 kgs (aprox)<\/td>\n<\/tr>\n<\/tbody>\n<\/table><\/div>\n\t\t\t\t<\/div>\n\t\t\t\t<\/div>\n\t\t\t\t<div class=\"elementor-element elementor-element-44e065c2 elementor-widget elementor-widget-text-editor\" data-id=\"44e065c2\" data-element_type=\"widget\" data-widget_type=\"text-editor.default\">\n\t\t\t\t<div class=\"elementor-widget-container\">\n\t\t\t\t\t<div class=\"elementor-text-editor elementor-clearfix\"><p>\u00a0<\/p><p>* Especificaciones sujetas a cambios sin previo aviso, Todos los derechos reservados.<\/p><\/div>\n\t\t\t\t<\/div>\n\t\t\t\t<\/div>\n\t\t\t\t\t\t<\/div>\n\t\t\t<\/div>\n\t\t<\/div>\n\t\t\t\t<div class=\"elementor-element elementor-element-3da44b55 elementor-column elementor-col-50 elementor-top-column\" data-id=\"3da44b55\" data-element_type=\"column\">\n\t\t\t<div class=\"elementor-column-wrap  elementor-element-populated\">\n\t\t\t\t\t<div class=\"elementor-widget-wrap\">\n\t\t\t\t<div class=\"elementor-element elementor-element-28bab307 elementor-widget elementor-widget-image\" data-id=\"28bab307\" data-element_type=\"widget\" data-widget_type=\"image.default\">\n\t\t\t\t<div class=\"elementor-widget-container\">\n\t\t\t\t\t<div class=\"elementor-image\">\n\t\t\t\t\t\t\t\t\t\t\t<a href=\"https:\/\/focusonpack.com\/wp-content\/uploads\/2025\/03\/2500BPH-3-Cavity-Stretch-Blow-Molding-Machine-logo.png\">\n\t\t\t\t\t\t\t<img loading=\"lazy\" decoding=\"async\" width=\"963\" height=\"711\" src=\"https:\/\/focusonpack.com\/wp-content\/uploads\/2025\/03\/2500BPH-3-Cavity-Stretch-Blow-Molding-Machine.png\" class=\"elementor-animation-grow attachment-full size-full\" alt=\"\" srcset=\"https:\/\/focusonpack.com\/wp-content\/uploads\/2025\/03\/2500BPH-3-Cavity-Stretch-Blow-Molding-Machine.png 963w, https:\/\/focusonpack.com\/wp-content\/uploads\/2025\/03\/2500BPH-3-Cavity-Stretch-Blow-Molding-Machine-300x221.png 300w, https:\/\/focusonpack.com\/wp-content\/uploads\/2025\/03\/2500BPH-3-Cavity-Stretch-Blow-Molding-Machine-768x567.png 768w, https:\/\/focusonpack.com\/wp-content\/uploads\/2025\/03\/2500BPH-3-Cavity-Stretch-Blow-Molding-Machine-270x200.png 270w, https:\/\/focusonpack.com\/wp-content\/uploads\/2025\/03\/2500BPH-3-Cavity-Stretch-Blow-Molding-Machine-600x443.png 600w\" sizes=\"auto, (max-width: 963px) 100vw, 963px\" \/>\t\t\t\t\t\t\t\t<\/a>\n\t\t\t\t\t\t\t\t\t\t\t<\/div>\n\t\t\t\t<\/div>\n\t\t\t\t<\/div>\n\t\t\t\t<div class=\"elementor-element elementor-element-4098539b elementor-button-info elementor-align-center elementor-widget elementor-widget-button\" data-id=\"4098539b\" data-element_type=\"widget\" data-widget_type=\"button.default\">\n\t\t\t\t<div class=\"elementor-widget-container\">\n\t\t\t\t\t<div class=\"elementor-button-wrapper\">\n\t\t\t<a href=\"https:\/\/focusonpack.com\/es\/contacto\/\" class=\"elementor-button-link elementor-button elementor-size-sm\" role=\"button\">\n\t\t\t\t\t\t<span class=\"elementor-button-content-wrapper\">\n\t\t\t\t\t\t<span class=\"elementor-button-text\">Solicitar presupuesto<\/span>\n\t\t<\/span>\n\t\t\t\t\t<\/a>\n\t\t<\/div>\n\t\t\t\t<\/div>\n\t\t\t\t<\/div>\n\t\t\t\t\t\t<\/div>\n\t\t\t<\/div>\n\t\t<\/div>\n\t\t\t\t\t\t<\/div>\n\t\t\t<\/div>\n\t\t<\/section>\n\t\t\t\t\t\t<\/div>\n\t\t\t<\/div>\n\t\t<\/div>","protected":false},"excerpt":{"rendered":"<p>2500BPH 3 Cavity Stretch Blow &hellip;<\/p>","protected":false},"author":1,"featured_media":0,"parent":2570,"menu_order":0,"comment_status":"closed","ping_status":"closed","template":"elementor_header_footer","meta":{"footnotes":""},"class_list":["post-3116","page","type-page","status-publish","hentry","no-thumb"],"yoast_head":"<!-- This site is optimized with the Yoast SEO plugin v24.8.1 - https:\/\/yoast.com\/wordpress\/plugins\/seo\/ -->\n<title>2500BPH 3 Cavity Stretch Blow Molding Machine - Focus on pack<\/title>\n<meta name=\"robots\" content=\"index, follow, max-snippet:-1, max-image-preview:large, max-video-preview:-1\" \/>\n<link rel=\"canonical\" href=\"https:\/\/focusonpack.com\/es\/maquina-automatica-de-moldeo-por-soplado-y-estirado-para-mascotas\/2500bph-3-cavity-stretch-blow-molding-machine\/\" \/>\n<meta property=\"og:locale\" content=\"es_ES\" \/>\n<meta property=\"og:type\" content=\"article\" \/>\n<meta property=\"og:title\" content=\"2500BPH 3 Cavity Stretch Blow Molding Machine - Focus on pack\" \/>\n<meta property=\"og:description\" content=\"2500BPH 3 Cavity Stretch Blow &hellip;\" \/>\n<meta property=\"og:url\" content=\"https:\/\/focusonpack.com\/es\/maquina-automatica-de-moldeo-por-soplado-y-estirado-para-mascotas\/2500bph-3-cavity-stretch-blow-molding-machine\/\" \/>\n<meta property=\"og:site_name\" content=\"Focus on pack\" \/>\n<meta property=\"article:modified_time\" content=\"2025-03-27T08:06:46+00:00\" \/>\n<meta property=\"og:image\" content=\"https:\/\/focusonpack.com\/wp-content\/uploads\/2025\/03\/2500BPH-3-Cavity-Stretch-Blow-Molding-Machine.png\" \/>\n<meta name=\"twitter:card\" content=\"summary_large_image\" \/>\n<meta name=\"twitter:label1\" content=\"Tiempo de lectura\" \/>\n\t<meta name=\"twitter:data1\" content=\"2 minutos\" \/>\n<script type=\"application\/ld+json\" class=\"yoast-schema-graph\">{\"@context\":\"https:\/\/schema.org\",\"@graph\":[{\"@type\":\"WebPage\",\"@id\":\"https:\/\/focusonpack.com\/fully-automatic-pet-stretch-blow-molding-machine\/2500bph-3-cavity-stretch-blow-molding-machine\/\",\"url\":\"https:\/\/focusonpack.com\/fully-automatic-pet-stretch-blow-molding-machine\/2500bph-3-cavity-stretch-blow-molding-machine\/\",\"name\":\"2500BPH 3 Cavity Stretch Blow Molding Machine - Focus on pack\",\"isPartOf\":{\"@id\":\"https:\/\/focusonpack.com\/#website\"},\"primaryImageOfPage\":{\"@id\":\"https:\/\/focusonpack.com\/fully-automatic-pet-stretch-blow-molding-machine\/2500bph-3-cavity-stretch-blow-molding-machine\/#primaryimage\"},\"image\":{\"@id\":\"https:\/\/focusonpack.com\/fully-automatic-pet-stretch-blow-molding-machine\/2500bph-3-cavity-stretch-blow-molding-machine\/#primaryimage\"},\"thumbnailUrl\":\"https:\/\/focusonpack.com\/wp-content\/uploads\/2025\/03\/2500BPH-3-Cavity-Stretch-Blow-Molding-Machine.png\",\"datePublished\":\"2020-05-11T08:16:38+00:00\",\"dateModified\":\"2025-03-27T08:06:46+00:00\",\"breadcrumb\":{\"@id\":\"https:\/\/focusonpack.com\/fully-automatic-pet-stretch-blow-molding-machine\/2500bph-3-cavity-stretch-blow-molding-machine\/#breadcrumb\"},\"inLanguage\":\"es\",\"potentialAction\":[{\"@type\":\"ReadAction\",\"target\":[\"https:\/\/focusonpack.com\/fully-automatic-pet-stretch-blow-molding-machine\/2500bph-3-cavity-stretch-blow-molding-machine\/\"]}]},{\"@type\":\"ImageObject\",\"inLanguage\":\"es\",\"@id\":\"https:\/\/focusonpack.com\/fully-automatic-pet-stretch-blow-molding-machine\/2500bph-3-cavity-stretch-blow-molding-machine\/#primaryimage\",\"url\":\"https:\/\/focusonpack.com\/wp-content\/uploads\/2025\/03\/2500BPH-3-Cavity-Stretch-Blow-Molding-Machine.png\",\"contentUrl\":\"https:\/\/focusonpack.com\/wp-content\/uploads\/2025\/03\/2500BPH-3-Cavity-Stretch-Blow-Molding-Machine.png\"},{\"@type\":\"BreadcrumbList\",\"@id\":\"https:\/\/focusonpack.com\/fully-automatic-pet-stretch-blow-molding-machine\/2500bph-3-cavity-stretch-blow-molding-machine\/#breadcrumb\",\"itemListElement\":[{\"@type\":\"ListItem\",\"position\":1,\"name\":\"\u9996\u9875\",\"item\":\"https:\/\/focusonpack.com\/\"},{\"@type\":\"ListItem\",\"position\":2,\"name\":\"Fully Automatic PET Stretch Blow Molding Machine\",\"item\":\"https:\/\/focusonpack.com\/fully-automatic-pet-stretch-blow-molding-machine\/\"},{\"@type\":\"ListItem\",\"position\":3,\"name\":\"2500BPH 3 Cavity Stretch Blow Molding Machine\"}]},{\"@type\":\"WebSite\",\"@id\":\"https:\/\/focusonpack.com\/#website\",\"url\":\"https:\/\/focusonpack.com\/\",\"name\":\"Focus on pack\",\"description\":\"\",\"potentialAction\":[{\"@type\":\"SearchAction\",\"target\":{\"@type\":\"EntryPoint\",\"urlTemplate\":\"https:\/\/focusonpack.com\/?s={search_term_string}\"},\"query-input\":{\"@type\":\"PropertyValueSpecification\",\"valueRequired\":true,\"valueName\":\"search_term_string\"}}],\"inLanguage\":\"es\"}]}<\/script>\n<!-- \/ Yoast SEO plugin. -->","yoast_head_json":{"title":"2500BPH 3 Cavity Stretch Blow Molding Machine - Focus on pack","robots":{"index":"index","follow":"follow","max-snippet":"max-snippet:-1","max-image-preview":"max-image-preview:large","max-video-preview":"max-video-preview:-1"},"canonical":"https:\/\/focusonpack.com\/es\/maquina-automatica-de-moldeo-por-soplado-y-estirado-para-mascotas\/2500bph-3-cavity-stretch-blow-molding-machine\/","og_locale":"es_ES","og_type":"article","og_title":"2500BPH 3 Cavity Stretch Blow Molding Machine - Focus on pack","og_description":"2500BPH 3 Cavity Stretch Blow &hellip;","og_url":"https:\/\/focusonpack.com\/es\/maquina-automatica-de-moldeo-por-soplado-y-estirado-para-mascotas\/2500bph-3-cavity-stretch-blow-molding-machine\/","og_site_name":"Focus on pack","article_modified_time":"2025-03-27T08:06:46+00:00","og_image":[{"url":"https:\/\/focusonpack.com\/wp-content\/uploads\/2025\/03\/2500BPH-3-Cavity-Stretch-Blow-Molding-Machine.png","type":"","width":"","height":""}],"twitter_card":"summary_large_image","twitter_misc":{"Tiempo de lectura":"2 minutos"},"schema":{"@context":"https:\/\/schema.org","@graph":[{"@type":"WebPage","@id":"https:\/\/focusonpack.com\/fully-automatic-pet-stretch-blow-molding-machine\/2500bph-3-cavity-stretch-blow-molding-machine\/","url":"https:\/\/focusonpack.com\/fully-automatic-pet-stretch-blow-molding-machine\/2500bph-3-cavity-stretch-blow-molding-machine\/","name":"2500BPH 3 Cavity Stretch Blow Molding Machine - Focus on pack","isPartOf":{"@id":"https:\/\/focusonpack.com\/#website"},"primaryImageOfPage":{"@id":"https:\/\/focusonpack.com\/fully-automatic-pet-stretch-blow-molding-machine\/2500bph-3-cavity-stretch-blow-molding-machine\/#primaryimage"},"image":{"@id":"https:\/\/focusonpack.com\/fully-automatic-pet-stretch-blow-molding-machine\/2500bph-3-cavity-stretch-blow-molding-machine\/#primaryimage"},"thumbnailUrl":"https:\/\/focusonpack.com\/wp-content\/uploads\/2025\/03\/2500BPH-3-Cavity-Stretch-Blow-Molding-Machine.png","datePublished":"2020-05-11T08:16:38+00:00","dateModified":"2025-03-27T08:06:46+00:00","breadcrumb":{"@id":"https:\/\/focusonpack.com\/fully-automatic-pet-stretch-blow-molding-machine\/2500bph-3-cavity-stretch-blow-molding-machine\/#breadcrumb"},"inLanguage":"es","potentialAction":[{"@type":"ReadAction","target":["https:\/\/focusonpack.com\/fully-automatic-pet-stretch-blow-molding-machine\/2500bph-3-cavity-stretch-blow-molding-machine\/"]}]},{"@type":"ImageObject","inLanguage":"es","@id":"https:\/\/focusonpack.com\/fully-automatic-pet-stretch-blow-molding-machine\/2500bph-3-cavity-stretch-blow-molding-machine\/#primaryimage","url":"https:\/\/focusonpack.com\/wp-content\/uploads\/2025\/03\/2500BPH-3-Cavity-Stretch-Blow-Molding-Machine.png","contentUrl":"https:\/\/focusonpack.com\/wp-content\/uploads\/2025\/03\/2500BPH-3-Cavity-Stretch-Blow-Molding-Machine.png"},{"@type":"BreadcrumbList","@id":"https:\/\/focusonpack.com\/fully-automatic-pet-stretch-blow-molding-machine\/2500bph-3-cavity-stretch-blow-molding-machine\/#breadcrumb","itemListElement":[{"@type":"ListItem","position":1,"name":"\u9996\u9875","item":"https:\/\/focusonpack.com\/"},{"@type":"ListItem","position":2,"name":"Fully Automatic PET Stretch Blow Molding Machine","item":"https:\/\/focusonpack.com\/fully-automatic-pet-stretch-blow-molding-machine\/"},{"@type":"ListItem","position":3,"name":"2500BPH 3 Cavity Stretch Blow Molding Machine"}]},{"@type":"WebSite","@id":"https:\/\/focusonpack.com\/#website","url":"https:\/\/focusonpack.com\/","name":"Focus on pack","description":"","potentialAction":[{"@type":"SearchAction","target":{"@type":"EntryPoint","urlTemplate":"https:\/\/focusonpack.com\/?s={search_term_string}"},"query-input":{"@type":"PropertyValueSpecification","valueRequired":true,"valueName":"search_term_string"}}],"inLanguage":"es"}]}},"_links":{"self":[{"href":"https:\/\/focusonpack.com\/es\/wp-json\/wp\/v2\/pages\/3116","targetHints":{"allow":["GET"]}}],"collection":[{"href":"https:\/\/focusonpack.com\/es\/wp-json\/wp\/v2\/pages"}],"about":[{"href":"https:\/\/focusonpack.com\/es\/wp-json\/wp\/v2\/types\/page"}],"author":[{"embeddable":true,"href":"https:\/\/focusonpack.com\/es\/wp-json\/wp\/v2\/users\/1"}],"replies":[{"embeddable":true,"href":"https:\/\/focusonpack.com\/es\/wp-json\/wp\/v2\/comments?post=3116"}],"version-history":[{"count":18,"href":"https:\/\/focusonpack.com\/es\/wp-json\/wp\/v2\/pages\/3116\/revisions"}],"predecessor-version":[{"id":4598,"href":"https:\/\/focusonpack.com\/es\/wp-json\/wp\/v2\/pages\/3116\/revisions\/4598"}],"up":[{"embeddable":true,"href":"https:\/\/focusonpack.com\/es\/wp-json\/wp\/v2\/pages\/2570"}],"wp:attachment":[{"href":"https:\/\/focusonpack.com\/es\/wp-json\/wp\/v2\/media?parent=3116"}],"curies":[{"name":"wp","href":"https:\/\/api.w.org\/{rel}","templated":true}]}}