{"id":3118,"date":"2020-05-11T16:16:45","date_gmt":"2020-05-11T08:16:45","guid":{"rendered":"https:\/\/focusonpack.com\/?page_id=3118"},"modified":"2025-03-27T16:05:07","modified_gmt":"2025-03-27T08:05:07","slug":"1500bph-semi-automatic-pet-blowing-machine","status":"publish","type":"page","link":"https:\/\/focusonpack.com\/es\/maquina-sopladora-semiautomatica-de-botellas-de-pet\/1500bph-semi-automatic-pet-blowing-machine\/","title":{"rendered":"1500BPH M\u00e1quina sopladora de PET semiautom\u00e1tica"},"content":{"rendered":"<div data-elementor-type=\"wp-page\" data-elementor-id=\"3118\" class=\"elementor elementor-3118\" data-elementor-settings=\"[]\">\n\t\t\t<div class=\"elementor-inner\">\n\t\t\t\t<div class=\"elementor-section-wrap\">\n\t\t\t\t\t\t\t<section class=\"elementor-element elementor-element-2913fc7a elementor-section-boxed elementor-section-height-default elementor-section-height-default elementor-section elementor-top-section\" data-id=\"2913fc7a\" data-element_type=\"section\">\n\t\t\t\t\t\t<div class=\"elementor-container elementor-column-gap-default\">\n\t\t\t\t<div class=\"elementor-row\">\n\t\t\t\t<div class=\"elementor-element elementor-element-1cf96641 elementor-column elementor-col-50 elementor-top-column\" data-id=\"1cf96641\" data-element_type=\"column\">\n\t\t\t<div class=\"elementor-column-wrap  elementor-element-populated\">\n\t\t\t\t\t<div class=\"elementor-widget-wrap\">\n\t\t\t\t<div class=\"elementor-element elementor-element-bbd8a5f elementor-widget elementor-widget-heading\" data-id=\"bbd8a5f\" data-element_type=\"widget\" data-widget_type=\"heading.default\">\n\t\t\t\t<div class=\"elementor-widget-container\">\n\t\t\t<h3 class=\"elementor-heading-title elementor-size-default\">1500BPH M\u00e1quina sopladora de PET semiautom\u00e1tica<\/h3>\t\t<\/div>\n\t\t\t\t<\/div>\n\t\t\t\t<div class=\"elementor-element elementor-element-4e1b105d elementor-widget elementor-widget-text-editor\" data-id=\"4e1b105d\" data-element_type=\"widget\" data-widget_type=\"text-editor.default\">\n\t\t\t\t<div class=\"elementor-widget-container\">\n\t\t\t\t\t<div class=\"elementor-text-editor elementor-clearfix\"><p>Esta m\u00e1quina semiautom\u00e1tica de moldeo por soplado que viene con 1 pieza de precalentador de preformas y 2 piezas de moldeadores de soplado se desarrolla sobre la base de la versi\u00f3n est\u00e1ndar. Esta m\u00e1quina semiautom\u00e1tica de moldeo por soplado que viene con 1 pieza de precalentador de preformas y 2 piezas de moldeadores de soplado se desarrolla sobre la base de la versi\u00f3n est\u00e1ndar con 1 pieza de precalentador de preformas y 1 pieza de moldeador de soplado. precalentamiento especialmente alargado y dise\u00f1ado puede trabajar para 2 piezas de moldeadores. Dos operadores pueden soplar botellas al mismo tiempo, lo que permite producir botellas de dos tama\u00f1os diferentes. Se puede alcanzar una velocidad de 1500 botellas por hora. Esta m\u00e1quina sopladora semiautom\u00e1tica de botellas PET tiene la capacidad de producir una variedad de tama\u00f1os y formas de botellas de PET de cuello estrecho o ancho que van desde 50ml a 5000ml que son ampliamente utilizados en la industria del agua embotellada. Se utiliza en la industria del agua embotellada, zumos, refrescos carbonatados, aceites comestibles, cosm\u00e9ticos, cuidado personal, productos farmac\u00e9uticos, etc. Se caracteriza por su dise\u00f1o compacto, alta eficiencia y ahorro de energ\u00eda. dise\u00f1o compacto, alta eficiencia, ahorro de consumo de energ\u00eda, ahorro de costes de mano de obra, bajo precio, f\u00e1cil mantenimiento, microprocesador de configuraci\u00f3n, f\u00e1cil de operar sin Es una soluci\u00f3n ideal para la puesta en marcha y peque\u00f1a escala fabricante de botellas y fabricante de bebidas.<\/p><\/div>\n\t\t\t\t<\/div>\n\t\t\t\t<\/div>\n\t\t\t\t<div class=\"elementor-element elementor-element-3b4a44b1 elementor-widget elementor-widget-heading\" data-id=\"3b4a44b1\" data-element_type=\"widget\" data-widget_type=\"heading.default\">\n\t\t\t\t<div class=\"elementor-widget-container\">\n\t\t\t<h3 class=\"elementor-heading-title elementor-size-default\">Caracter\u00edsticas principales<\/h3>\t\t<\/div>\n\t\t\t\t<\/div>\n\t\t\t\t<div class=\"elementor-element elementor-element-7c231944 elementor-widget elementor-widget-text-editor\" data-id=\"7c231944\" data-element_type=\"widget\" data-widget_type=\"text-editor.default\">\n\t\t\t\t<div class=\"elementor-widget-container\">\n\t\t\t\t\t<div class=\"elementor-text-editor elementor-clearfix\"><p>\u2022 Heavy duty tubular frame construction<br \/>\u2022 Compact design minimizes footprint<br \/>\u2022 Specially designed preheater helps to save power<br \/>\u2022 Easy to operate without any special training<br \/>- Cilindro de aire FESTO original<br \/>\u2022 Quality lamp ensures uniform heating for PET preforms<br \/>\u2022 Heating tubes are adjustable up and down, forward and backward to suite various preform sizes and shapes.<br \/>\u2022 Equipped with special designed air storage unit<br \/>\u2022 Temperature is easily set in microprocessor and independently<br \/>\u2022 Heating zones is adjustable to meet production variations.<\/p><\/div>\n\t\t\t\t<\/div>\n\t\t\t\t<\/div>\n\t\t\t\t<div class=\"elementor-element elementor-element-4603f93a elementor-widget elementor-widget-heading\" data-id=\"4603f93a\" data-element_type=\"widget\" data-widget_type=\"heading.default\">\n\t\t\t\t<div class=\"elementor-widget-container\">\n\t\t\t<h3 class=\"elementor-heading-title elementor-size-default\">Especificaciones t\u00e9cnicas<\/h3>\t\t<\/div>\n\t\t\t\t<\/div>\n\t\t\t\t<div class=\"elementor-element elementor-element-6da17007 elementor-widget elementor-widget-text-editor\" data-id=\"6da17007\" data-element_type=\"widget\" data-widget_type=\"text-editor.default\">\n\t\t\t\t<div class=\"elementor-widget-container\">\n\t\t\t\t\t<div class=\"elementor-text-editor elementor-clearfix\"><table width=\"760\">\n<tbody>\n<tr>\n<td width=\"241\">Modelo<\/td>\n<td width=\"235\">HZ-551<\/td>\n<\/tr>\n<tr>\n<td>Material de preforma aplicable<\/td>\n<td>PET\/PP<\/td>\n<\/tr>\n<tr>\n<td>Tama\u00f1o de la botella y n\u00famero de cavidades<\/td>\n<td>0.05-2.5(4-cavity);3-6(1-cavity)<\/td>\n<\/tr>\n<tr>\n<td>Capacidad de producci\u00f3n<\/td>\n<td>1400-2000BPH<\/td>\n<\/tr>\n<tr>\n<td>Altura m\u00e1xima de la botella<\/td>\n<td>360 mm<\/td>\n<\/tr>\n<tr>\n<td>Di\u00e1metro m\u00e1ximo de la botella<\/td>\n<td>180 mm<\/td>\n<\/tr>\n<tr>\n<td>Dimensi\u00f3n m\u00e1xima de la placa del molde (LxA)<\/td>\n<td>420 x 500 mm<\/td>\n<\/tr>\n<tr>\n<td>Fuerza de sujeci\u00f3n<\/td>\n<td>180 KN<\/td>\n<\/tr>\n<tr>\n<td>Consumo de energ\u00eda<\/td>\n<td>24 kw<\/td>\n<\/tr>\n<tr>\n<td>Fuente de alimentaci\u00f3n<\/td>\n<td>220~380V\/50~60 HZ<\/td>\n<\/tr>\n<tr>\n<td>Dimensiones de la m\u00e1quina (L x A x A)<\/td>\n<td>1,66 x 0,74 x 2,2 M<\/td>\n<\/tr>\n<tr>\n<td>Peso de la m\u00e1quina<\/td>\n<td>700 kg (aprox.)<\/td>\n<\/tr>\n<tr>\n<td>Dimensiones del precalentador (L x A x A)<\/td>\n<td>1.77&#215;0.72&#215;1.58<\/td>\n<\/tr>\n<tr>\n<td>Peso del precalentador<\/td>\n<td>500 kgs (aprox)<\/td>\n<\/tr>\n<\/tbody>\n<\/table><\/div>\n\t\t\t\t<\/div>\n\t\t\t\t<\/div>\n\t\t\t\t<div class=\"elementor-element elementor-element-6ec3278e elementor-widget elementor-widget-text-editor\" data-id=\"6ec3278e\" data-element_type=\"widget\" data-widget_type=\"text-editor.default\">\n\t\t\t\t<div class=\"elementor-widget-container\">\n\t\t\t\t\t<div class=\"elementor-text-editor elementor-clearfix\"><p>\u00a0<\/p><p>* Especificaciones sujetas a cambios sin previo aviso, Todos los derechos reservados.<\/p><\/div>\n\t\t\t\t<\/div>\n\t\t\t\t<\/div>\n\t\t\t\t\t\t<\/div>\n\t\t\t<\/div>\n\t\t<\/div>\n\t\t\t\t<div class=\"elementor-element elementor-element-7e6f49c4 elementor-column elementor-col-50 elementor-top-column\" data-id=\"7e6f49c4\" data-element_type=\"column\">\n\t\t\t<div class=\"elementor-column-wrap  elementor-element-populated\">\n\t\t\t\t\t<div class=\"elementor-widget-wrap\">\n\t\t\t\t<div class=\"elementor-element elementor-element-2d4634f7 elementor-widget elementor-widget-image\" data-id=\"2d4634f7\" data-element_type=\"widget\" data-widget_type=\"image.default\">\n\t\t\t\t<div class=\"elementor-widget-container\">\n\t\t\t\t\t<div class=\"elementor-image\">\n\t\t\t\t\t\t\t\t\t\t\t<a href=\"https:\/\/focusonpack.com\/wp-content\/uploads\/2025\/03\/1500BPH-Semi-Automatic-PET-Blowing-Machine-logo.png\">\n\t\t\t\t\t\t\t<img loading=\"lazy\" decoding=\"async\" width=\"1065\" height=\"791\" src=\"https:\/\/focusonpack.com\/wp-content\/uploads\/2025\/03\/1500BPH-Semi-Automatic-PET-Blowing-Machine.png\" class=\"elementor-animation-grow attachment-full size-full\" alt=\"\" srcset=\"https:\/\/focusonpack.com\/wp-content\/uploads\/2025\/03\/1500BPH-Semi-Automatic-PET-Blowing-Machine.png 1065w, https:\/\/focusonpack.com\/wp-content\/uploads\/2025\/03\/1500BPH-Semi-Automatic-PET-Blowing-Machine-300x223.png 300w, https:\/\/focusonpack.com\/wp-content\/uploads\/2025\/03\/1500BPH-Semi-Automatic-PET-Blowing-Machine-1024x761.png 1024w, https:\/\/focusonpack.com\/wp-content\/uploads\/2025\/03\/1500BPH-Semi-Automatic-PET-Blowing-Machine-768x570.png 768w, https:\/\/focusonpack.com\/wp-content\/uploads\/2025\/03\/1500BPH-Semi-Automatic-PET-Blowing-Machine-270x200.png 270w, https:\/\/focusonpack.com\/wp-content\/uploads\/2025\/03\/1500BPH-Semi-Automatic-PET-Blowing-Machine-600x446.png 600w\" sizes=\"auto, (max-width: 1065px) 100vw, 1065px\" \/>\t\t\t\t\t\t\t\t<\/a>\n\t\t\t\t\t\t\t\t\t\t\t<\/div>\n\t\t\t\t<\/div>\n\t\t\t\t<\/div>\n\t\t\t\t<div class=\"elementor-element elementor-element-6fcaa1fa elementor-button-info elementor-align-center elementor-widget elementor-widget-button\" data-id=\"6fcaa1fa\" data-element_type=\"widget\" data-widget_type=\"button.default\">\n\t\t\t\t<div class=\"elementor-widget-container\">\n\t\t\t\t\t<div class=\"elementor-button-wrapper\">\n\t\t\t<a href=\"https:\/\/focusonpack.com\/es\/contacto\/\" class=\"elementor-button-link elementor-button elementor-size-sm\" role=\"button\">\n\t\t\t\t\t\t<span class=\"elementor-button-content-wrapper\">\n\t\t\t\t\t\t<span class=\"elementor-button-text\">Solicitar presupuesto<\/span>\n\t\t<\/span>\n\t\t\t\t\t<\/a>\n\t\t<\/div>\n\t\t\t\t<\/div>\n\t\t\t\t<\/div>\n\t\t\t\t\t\t<\/div>\n\t\t\t<\/div>\n\t\t<\/div>\n\t\t\t\t\t\t<\/div>\n\t\t\t<\/div>\n\t\t<\/section>\n\t\t\t\t\t\t<\/div>\n\t\t\t<\/div>\n\t\t<\/div>","protected":false},"excerpt":{"rendered":"<p>1500BPH Semi Automatic PET Blo&hellip;<\/p>","protected":false},"author":1,"featured_media":0,"parent":2571,"menu_order":0,"comment_status":"closed","ping_status":"closed","template":"elementor_header_footer","meta":{"footnotes":""},"class_list":["post-3118","page","type-page","status-publish","hentry","no-thumb"],"yoast_head":"<!-- This site is optimized with the Yoast SEO plugin v24.8.1 - https:\/\/yoast.com\/wordpress\/plugins\/seo\/ -->\n<title>1500BPH Semi Automatic PET Blowing Machine - Focus on pack<\/title>\n<meta name=\"robots\" content=\"index, follow, max-snippet:-1, max-image-preview:large, max-video-preview:-1\" \/>\n<link rel=\"canonical\" href=\"https:\/\/focusonpack.com\/es\/maquina-sopladora-semiautomatica-de-botellas-de-pet\/1500bph-semi-automatic-pet-blowing-machine\/\" \/>\n<meta property=\"og:locale\" content=\"es_ES\" \/>\n<meta property=\"og:type\" content=\"article\" \/>\n<meta property=\"og:title\" content=\"1500BPH Semi Automatic PET Blowing Machine - Focus on pack\" \/>\n<meta property=\"og:description\" content=\"1500BPH Semi Automatic PET Blo&hellip;\" \/>\n<meta property=\"og:url\" content=\"https:\/\/focusonpack.com\/es\/maquina-sopladora-semiautomatica-de-botellas-de-pet\/1500bph-semi-automatic-pet-blowing-machine\/\" \/>\n<meta property=\"og:site_name\" content=\"Focus on pack\" \/>\n<meta property=\"article:modified_time\" content=\"2025-03-27T08:05:07+00:00\" \/>\n<meta property=\"og:image\" content=\"https:\/\/focusonpack.com\/wp-content\/uploads\/2025\/03\/1500BPH-Semi-Automatic-PET-Blowing-Machine.png\" \/>\n<meta name=\"twitter:card\" content=\"summary_large_image\" \/>\n<meta name=\"twitter:label1\" content=\"Tiempo de lectura\" \/>\n\t<meta name=\"twitter:data1\" content=\"3 minutos\" \/>\n<script type=\"application\/ld+json\" class=\"yoast-schema-graph\">{\"@context\":\"https:\/\/schema.org\",\"@graph\":[{\"@type\":\"WebPage\",\"@id\":\"https:\/\/focusonpack.com\/semi-automatic-pet-bottle-blowing-machine\/1500bph-semi-automatic-pet-blowing-machine\/\",\"url\":\"https:\/\/focusonpack.com\/semi-automatic-pet-bottle-blowing-machine\/1500bph-semi-automatic-pet-blowing-machine\/\",\"name\":\"1500BPH Semi Automatic PET Blowing Machine - Focus on pack\",\"isPartOf\":{\"@id\":\"https:\/\/focusonpack.com\/#website\"},\"primaryImageOfPage\":{\"@id\":\"https:\/\/focusonpack.com\/semi-automatic-pet-bottle-blowing-machine\/1500bph-semi-automatic-pet-blowing-machine\/#primaryimage\"},\"image\":{\"@id\":\"https:\/\/focusonpack.com\/semi-automatic-pet-bottle-blowing-machine\/1500bph-semi-automatic-pet-blowing-machine\/#primaryimage\"},\"thumbnailUrl\":\"https:\/\/focusonpack.com\/wp-content\/uploads\/2025\/03\/1500BPH-Semi-Automatic-PET-Blowing-Machine.png\",\"datePublished\":\"2020-05-11T08:16:45+00:00\",\"dateModified\":\"2025-03-27T08:05:07+00:00\",\"breadcrumb\":{\"@id\":\"https:\/\/focusonpack.com\/semi-automatic-pet-bottle-blowing-machine\/1500bph-semi-automatic-pet-blowing-machine\/#breadcrumb\"},\"inLanguage\":\"es\",\"potentialAction\":[{\"@type\":\"ReadAction\",\"target\":[\"https:\/\/focusonpack.com\/semi-automatic-pet-bottle-blowing-machine\/1500bph-semi-automatic-pet-blowing-machine\/\"]}]},{\"@type\":\"ImageObject\",\"inLanguage\":\"es\",\"@id\":\"https:\/\/focusonpack.com\/semi-automatic-pet-bottle-blowing-machine\/1500bph-semi-automatic-pet-blowing-machine\/#primaryimage\",\"url\":\"https:\/\/focusonpack.com\/wp-content\/uploads\/2025\/03\/1500BPH-Semi-Automatic-PET-Blowing-Machine.png\",\"contentUrl\":\"https:\/\/focusonpack.com\/wp-content\/uploads\/2025\/03\/1500BPH-Semi-Automatic-PET-Blowing-Machine.png\"},{\"@type\":\"BreadcrumbList\",\"@id\":\"https:\/\/focusonpack.com\/semi-automatic-pet-bottle-blowing-machine\/1500bph-semi-automatic-pet-blowing-machine\/#breadcrumb\",\"itemListElement\":[{\"@type\":\"ListItem\",\"position\":1,\"name\":\"\u9996\u9875\",\"item\":\"https:\/\/focusonpack.com\/\"},{\"@type\":\"ListItem\",\"position\":2,\"name\":\"Semi Automatic PET Bottle Blowing Machine\",\"item\":\"https:\/\/focusonpack.com\/semi-automatic-pet-bottle-blowing-machine\/\"},{\"@type\":\"ListItem\",\"position\":3,\"name\":\"1500BPH Semi Automatic PET Blowing Machine\"}]},{\"@type\":\"WebSite\",\"@id\":\"https:\/\/focusonpack.com\/#website\",\"url\":\"https:\/\/focusonpack.com\/\",\"name\":\"Focus on pack\",\"description\":\"water processing line,package machine, filling machine\",\"potentialAction\":[{\"@type\":\"SearchAction\",\"target\":{\"@type\":\"EntryPoint\",\"urlTemplate\":\"https:\/\/focusonpack.com\/?s={search_term_string}\"},\"query-input\":{\"@type\":\"PropertyValueSpecification\",\"valueRequired\":true,\"valueName\":\"search_term_string\"}}],\"inLanguage\":\"es\"}]}<\/script>\n<!-- \/ Yoast SEO plugin. -->","yoast_head_json":{"title":"1500BPH Semi Automatic PET Blowing Machine - Focus on pack","robots":{"index":"index","follow":"follow","max-snippet":"max-snippet:-1","max-image-preview":"max-image-preview:large","max-video-preview":"max-video-preview:-1"},"canonical":"https:\/\/focusonpack.com\/es\/maquina-sopladora-semiautomatica-de-botellas-de-pet\/1500bph-semi-automatic-pet-blowing-machine\/","og_locale":"es_ES","og_type":"article","og_title":"1500BPH Semi Automatic PET Blowing Machine - Focus on pack","og_description":"1500BPH Semi Automatic PET Blo&hellip;","og_url":"https:\/\/focusonpack.com\/es\/maquina-sopladora-semiautomatica-de-botellas-de-pet\/1500bph-semi-automatic-pet-blowing-machine\/","og_site_name":"Focus on pack","article_modified_time":"2025-03-27T08:05:07+00:00","og_image":[{"url":"https:\/\/focusonpack.com\/wp-content\/uploads\/2025\/03\/1500BPH-Semi-Automatic-PET-Blowing-Machine.png","type":"","width":"","height":""}],"twitter_card":"summary_large_image","twitter_misc":{"Tiempo de lectura":"3 minutos"},"schema":{"@context":"https:\/\/schema.org","@graph":[{"@type":"WebPage","@id":"https:\/\/focusonpack.com\/semi-automatic-pet-bottle-blowing-machine\/1500bph-semi-automatic-pet-blowing-machine\/","url":"https:\/\/focusonpack.com\/semi-automatic-pet-bottle-blowing-machine\/1500bph-semi-automatic-pet-blowing-machine\/","name":"1500BPH Semi Automatic PET Blowing Machine - Focus on pack","isPartOf":{"@id":"https:\/\/focusonpack.com\/#website"},"primaryImageOfPage":{"@id":"https:\/\/focusonpack.com\/semi-automatic-pet-bottle-blowing-machine\/1500bph-semi-automatic-pet-blowing-machine\/#primaryimage"},"image":{"@id":"https:\/\/focusonpack.com\/semi-automatic-pet-bottle-blowing-machine\/1500bph-semi-automatic-pet-blowing-machine\/#primaryimage"},"thumbnailUrl":"https:\/\/focusonpack.com\/wp-content\/uploads\/2025\/03\/1500BPH-Semi-Automatic-PET-Blowing-Machine.png","datePublished":"2020-05-11T08:16:45+00:00","dateModified":"2025-03-27T08:05:07+00:00","breadcrumb":{"@id":"https:\/\/focusonpack.com\/semi-automatic-pet-bottle-blowing-machine\/1500bph-semi-automatic-pet-blowing-machine\/#breadcrumb"},"inLanguage":"es","potentialAction":[{"@type":"ReadAction","target":["https:\/\/focusonpack.com\/semi-automatic-pet-bottle-blowing-machine\/1500bph-semi-automatic-pet-blowing-machine\/"]}]},{"@type":"ImageObject","inLanguage":"es","@id":"https:\/\/focusonpack.com\/semi-automatic-pet-bottle-blowing-machine\/1500bph-semi-automatic-pet-blowing-machine\/#primaryimage","url":"https:\/\/focusonpack.com\/wp-content\/uploads\/2025\/03\/1500BPH-Semi-Automatic-PET-Blowing-Machine.png","contentUrl":"https:\/\/focusonpack.com\/wp-content\/uploads\/2025\/03\/1500BPH-Semi-Automatic-PET-Blowing-Machine.png"},{"@type":"BreadcrumbList","@id":"https:\/\/focusonpack.com\/semi-automatic-pet-bottle-blowing-machine\/1500bph-semi-automatic-pet-blowing-machine\/#breadcrumb","itemListElement":[{"@type":"ListItem","position":1,"name":"\u9996\u9875","item":"https:\/\/focusonpack.com\/"},{"@type":"ListItem","position":2,"name":"Semi Automatic PET Bottle Blowing Machine","item":"https:\/\/focusonpack.com\/semi-automatic-pet-bottle-blowing-machine\/"},{"@type":"ListItem","position":3,"name":"1500BPH Semi Automatic PET Blowing Machine"}]},{"@type":"WebSite","@id":"https:\/\/focusonpack.com\/#website","url":"https:\/\/focusonpack.com\/","name":"Focus on pack","description":"water processing line,package machine, filling machine","potentialAction":[{"@type":"SearchAction","target":{"@type":"EntryPoint","urlTemplate":"https:\/\/focusonpack.com\/?s={search_term_string}"},"query-input":{"@type":"PropertyValueSpecification","valueRequired":true,"valueName":"search_term_string"}}],"inLanguage":"es"}]}},"_links":{"self":[{"href":"https:\/\/focusonpack.com\/es\/wp-json\/wp\/v2\/pages\/3118","targetHints":{"allow":["GET"]}}],"collection":[{"href":"https:\/\/focusonpack.com\/es\/wp-json\/wp\/v2\/pages"}],"about":[{"href":"https:\/\/focusonpack.com\/es\/wp-json\/wp\/v2\/types\/page"}],"author":[{"embeddable":true,"href":"https:\/\/focusonpack.com\/es\/wp-json\/wp\/v2\/users\/1"}],"replies":[{"embeddable":true,"href":"https:\/\/focusonpack.com\/es\/wp-json\/wp\/v2\/comments?post=3118"}],"version-history":[{"count":11,"href":"https:\/\/focusonpack.com\/es\/wp-json\/wp\/v2\/pages\/3118\/revisions"}],"predecessor-version":[{"id":4596,"href":"https:\/\/focusonpack.com\/es\/wp-json\/wp\/v2\/pages\/3118\/revisions\/4596"}],"up":[{"embeddable":true,"href":"https:\/\/focusonpack.com\/es\/wp-json\/wp\/v2\/pages\/2571"}],"wp:attachment":[{"href":"https:\/\/focusonpack.com\/es\/wp-json\/wp\/v2\/media?parent=3118"}],"curies":[{"name":"wp","href":"https:\/\/api.w.org\/{rel}","templated":true}]}}