{"id":3303,"date":"2020-05-15T16:53:46","date_gmt":"2020-05-15T08:53:46","guid":{"rendered":"https:\/\/focusonpack.com\/?page_id=3303"},"modified":"2025-03-29T16:01:48","modified_gmt":"2025-03-29T08:01:48","slug":"rotary-piston-filling-machine-for-viscous-liquids","status":"publish","type":"page","link":"https:\/\/focusonpack.com\/es\/maquina-llenadora-de-piston\/rotary-piston-filling-machine-for-viscous-liquids\/","title":{"rendered":"Rotary Piston Filling Machine for Viscous Liquids"},"content":{"rendered":"<div data-elementor-type=\"wp-page\" data-elementor-id=\"3303\" class=\"elementor elementor-3303\" data-elementor-settings=\"[]\">\n\t\t\t<div class=\"elementor-inner\">\n\t\t\t\t<div class=\"elementor-section-wrap\">\n\t\t\t\t\t\t\t<section class=\"elementor-element elementor-element-763dab4c elementor-section-boxed elementor-section-height-default elementor-section-height-default elementor-section elementor-top-section\" data-id=\"763dab4c\" data-element_type=\"section\">\n\t\t\t\t\t\t<div class=\"elementor-container elementor-column-gap-default\">\n\t\t\t\t<div class=\"elementor-row\">\n\t\t\t\t<div class=\"elementor-element elementor-element-56b87014 elementor-column elementor-col-50 elementor-top-column\" data-id=\"56b87014\" data-element_type=\"column\">\n\t\t\t<div class=\"elementor-column-wrap  elementor-element-populated\">\n\t\t\t\t\t<div class=\"elementor-widget-wrap\">\n\t\t\t\t<div class=\"elementor-element elementor-element-435240fa elementor-widget elementor-widget-heading\" data-id=\"435240fa\" data-element_type=\"widget\" data-widget_type=\"heading.default\">\n\t\t\t\t<div class=\"elementor-widget-container\">\n\t\t\t<h3 class=\"elementor-heading-title elementor-size-default\">Rotary Piston Filling Machine for Viscous Liquids<\/h3>\t\t<\/div>\n\t\t\t\t<\/div>\n\t\t\t\t<div class=\"elementor-element elementor-element-25df2f1e elementor-widget elementor-widget-heading\" data-id=\"25df2f1e\" data-element_type=\"widget\" data-widget_type=\"heading.default\">\n\t\t\t\t<div class=\"elementor-widget-container\">\n\t\t\t<h3 class=\"elementor-heading-title elementor-size-default\">Rotary Piston Filler for High Viscosity Liquids<\/h3>\t\t<\/div>\n\t\t\t\t<\/div>\n\t\t\t\t<div class=\"elementor-element elementor-element-48cd6806 elementor-widget elementor-widget-text-editor\" data-id=\"48cd6806\" data-element_type=\"widget\" data-widget_type=\"text-editor.default\">\n\t\t\t\t<div class=\"elementor-widget-container\">\n\t\t\t\t\t<div class=\"elementor-text-editor elementor-clearfix\"><p>Rotary piston liquid filling machine is engineered for high speed requirements, it is necessary to move away from the inline piston filler machines and instead to rotary piston filling machines. In this format, filling system can be designed for an almost unlimited number of production requirements Rotary piston filler design is based on filling every container to a pre-determined weight, this provides the most accurate fill weights regardless of fluctuations in product and container characteristics.<\/p><\/div>\n\t\t\t\t<\/div>\n\t\t\t\t<\/div>\n\t\t\t\t<div class=\"elementor-element elementor-element-3b3b6829 elementor-widget elementor-widget-text-editor\" data-id=\"3b3b6829\" data-element_type=\"widget\" data-widget_type=\"text-editor.default\">\n\t\t\t\t<div class=\"elementor-widget-container\">\n\t\t\t\t\t<div class=\"elementor-text-editor elementor-clearfix\"><p>Containers are fed onto the rotary piston filler, separated, positioned on individual filling stations under custom designed filling valves, product is drawn into a cylinder as the piston is lifted by the piston roller traveling up an inclined cam track. At the top of the piston stroke the valve is rotated, closing the intake port and opening the discharge port. On the downstroke, the piston gently moves the product out of the cylinder, through the valve and into the container. If no container is present, the valve remains in the intake position and the product is gently returned to the filler bowl. It is designed for an almost unlimited number of production requirements and capable of volumetric filling low viscosity(thin) liquid to high viscosity(thick) liquid or creams with or without particulates. But it is better for filling pastes, creams, lotions, gels.<\/p><\/div>\n\t\t\t\t<\/div>\n\t\t\t\t<\/div>\n\t\t\t\t<div class=\"elementor-element elementor-element-497d27fe elementor-widget elementor-widget-heading\" data-id=\"497d27fe\" data-element_type=\"widget\" data-widget_type=\"heading.default\">\n\t\t\t\t<div class=\"elementor-widget-container\">\n\t\t\t<h3 class=\"elementor-heading-title elementor-size-default\">Caracter\u00edsticas principales<\/h3>\t\t<\/div>\n\t\t\t\t<\/div>\n\t\t\t\t<div class=\"elementor-element elementor-element-4626d34 elementor-widget elementor-widget-text-editor\" data-id=\"4626d34\" data-element_type=\"widget\" data-widget_type=\"text-editor.default\">\n\t\t\t\t<div class=\"elementor-widget-container\">\n\t\t\t\t\t<div class=\"elementor-text-editor elementor-clearfix\"><p>\u2022 Numbers of Filling Head:6,8,10,12,14,16,18,20,24,32,40<\/p><p>\u2022 Filling speed:up to 150Bottles\/Min<\/p><p>\u2022 Capable of filling thin to thick liquid<\/p><p>\u2022 Food grade stainless steel constructed and plastics<\/p><p>\u2022 Custom filling nozzle from splashing<\/p><p>\u2022 Drip-free filling nozzle<\/p><p>\u2022 High accuracy fill,less product waste<\/p><p>\u2022 Variable frequency AC drive system<\/p><p>\u2022 Safety guard<\/p><p>- Controles PLC f\u00e1ciles de usar con HMI de pantalla t\u00e1ctil<\/p><p>\u2022 Filler bowl slopped for easy drainage<\/p><p>\u2022 Tool free strip down for easy cleaning<\/p><p>\u2022 All drive train components located inside machine base<\/p><p>\u2022 Operate standalone or integrate with Rinser and Capper in Monobloc Configuration<\/p><p>\u2022 No tool removal of pistons and valve plugs<\/p><p>\u2022 No bottle\/No fill<\/p><p>\u00a0<\/p><p>C\u00f3mo elegir la m\u00e1quina autom\u00e1tica de llenado de pist\u00f3n es un gran reto para los clientes,Si su no est\u00e1 seguro de c\u00f3mo<\/p><p>elija una m\u00e1quina de llenado de pist\u00f3n,Por favor, h\u00e1gamelo saber<\/p><p>- Qu\u00e9 producto rellenar<\/p><p>- Qu\u00e9 capacidad de producci\u00f3n alcanzar<\/p><p>- Material y forma de los contenedores<\/p><p>- Qu\u00e9 tama\u00f1o de recipientes llenar<\/p><p>Nuestro equipo de profesionales le ayudar\u00e1 a elegir<\/p><p>P\u00f3ngase en contacto con nosotros para que le asesoremos sobre la mejor soluci\u00f3n para usted.<\/p><\/div>\n\t\t\t\t<\/div>\n\t\t\t\t<\/div>\n\t\t\t\t\t\t<\/div>\n\t\t\t<\/div>\n\t\t<\/div>\n\t\t\t\t<div class=\"elementor-element elementor-element-1b8f3663 elementor-column elementor-col-50 elementor-top-column\" data-id=\"1b8f3663\" data-element_type=\"column\">\n\t\t\t<div class=\"elementor-column-wrap  elementor-element-populated\">\n\t\t\t\t\t<div class=\"elementor-widget-wrap\">\n\t\t\t\t<div class=\"elementor-element elementor-element-50588bda elementor-widget elementor-widget-spacer\" data-id=\"50588bda\" data-element_type=\"widget\" data-widget_type=\"spacer.default\">\n\t\t\t\t<div class=\"elementor-widget-container\">\n\t\t\t\t\t<div class=\"elementor-spacer\">\n\t\t\t<div class=\"elementor-spacer-inner\"><\/div>\n\t\t<\/div>\n\t\t\t\t<\/div>\n\t\t\t\t<\/div>\n\t\t\t\t<div class=\"elementor-element elementor-element-708e8b74 elementor-widget elementor-widget-image\" data-id=\"708e8b74\" data-element_type=\"widget\" data-widget_type=\"image.default\">\n\t\t\t\t<div class=\"elementor-widget-container\">\n\t\t\t\t\t<div class=\"elementor-image\">\n\t\t\t\t\t\t\t\t\t\t<img loading=\"lazy\" decoding=\"async\" width=\"294\" height=\"203\" src=\"https:\/\/focusonpack.com\/wp-content\/uploads\/2023\/07\/viscous0.jpg\" class=\"elementor-animation-grow attachment-full size-full\" alt=\"\" \/>\t\t\t\t\t\t\t\t\t\t\t<\/div>\n\t\t\t\t<\/div>\n\t\t\t\t<\/div>\n\t\t\t\t<div class=\"elementor-element elementor-element-2654e0de elementor-button-info elementor-align-center elementor-widget elementor-widget-button\" data-id=\"2654e0de\" data-element_type=\"widget\" data-widget_type=\"button.default\">\n\t\t\t\t<div class=\"elementor-widget-container\">\n\t\t\t\t\t<div class=\"elementor-button-wrapper\">\n\t\t\t<a href=\"https:\/\/focusonpack.com\/es\/contacto\/\" class=\"elementor-button-link elementor-button elementor-size-sm\" role=\"button\">\n\t\t\t\t\t\t<span class=\"elementor-button-content-wrapper\">\n\t\t\t\t\t\t<span class=\"elementor-button-text\">Solicitar presupuesto<\/span>\n\t\t<\/span>\n\t\t\t\t\t<\/a>\n\t\t<\/div>\n\t\t\t\t<\/div>\n\t\t\t\t<\/div>\n\t\t\t\t\t\t<\/div>\n\t\t\t<\/div>\n\t\t<\/div>\n\t\t\t\t\t\t<\/div>\n\t\t\t<\/div>\n\t\t<\/section>\n\t\t\t\t\t\t<\/div>\n\t\t\t<\/div>\n\t\t<\/div>","protected":false},"excerpt":{"rendered":"<p>Rotary Piston Filling Machine &hellip;<\/p>","protected":false},"author":1,"featured_media":0,"parent":2495,"menu_order":0,"comment_status":"closed","ping_status":"closed","template":"elementor_header_footer","meta":{"footnotes":""},"class_list":["post-3303","page","type-page","status-publish","hentry","no-thumb"],"yoast_head":"<!-- This site is optimized with the Yoast SEO plugin v24.8.1 - https:\/\/yoast.com\/wordpress\/plugins\/seo\/ -->\n<title>Rotary Piston Filling Machine for Viscous Liquids - Focus on pack<\/title>\n<meta name=\"robots\" content=\"index, follow, max-snippet:-1, max-image-preview:large, max-video-preview:-1\" \/>\n<link rel=\"canonical\" href=\"https:\/\/focusonpack.com\/es\/maquina-llenadora-de-piston\/rotary-piston-filling-machine-for-viscous-liquids\/\" \/>\n<meta property=\"og:locale\" content=\"es_ES\" \/>\n<meta property=\"og:type\" content=\"article\" \/>\n<meta property=\"og:title\" content=\"Rotary Piston Filling Machine for Viscous Liquids - Focus on pack\" \/>\n<meta property=\"og:description\" content=\"Rotary Piston Filling Machine &hellip;\" \/>\n<meta property=\"og:url\" content=\"https:\/\/focusonpack.com\/es\/maquina-llenadora-de-piston\/rotary-piston-filling-machine-for-viscous-liquids\/\" \/>\n<meta property=\"og:site_name\" content=\"Focus on pack\" \/>\n<meta property=\"article:modified_time\" content=\"2025-03-29T08:01:48+00:00\" \/>\n<meta property=\"og:image\" content=\"https:\/\/focusonpack.com\/wp-content\/uploads\/2023\/07\/viscous0.jpg\" \/>\n<meta name=\"twitter:card\" content=\"summary_large_image\" \/>\n<meta name=\"twitter:label1\" content=\"Tiempo de lectura\" \/>\n\t<meta name=\"twitter:data1\" content=\"3 minutos\" \/>\n<script type=\"application\/ld+json\" class=\"yoast-schema-graph\">{\"@context\":\"https:\/\/schema.org\",\"@graph\":[{\"@type\":\"WebPage\",\"@id\":\"https:\/\/focusonpack.com\/piston-filling-machine\/rotary-piston-filling-machine-for-viscous-liquids\/\",\"url\":\"https:\/\/focusonpack.com\/piston-filling-machine\/rotary-piston-filling-machine-for-viscous-liquids\/\",\"name\":\"Rotary Piston Filling Machine for Viscous Liquids - Focus on pack\",\"isPartOf\":{\"@id\":\"https:\/\/focusonpack.com\/#website\"},\"primaryImageOfPage\":{\"@id\":\"https:\/\/focusonpack.com\/piston-filling-machine\/rotary-piston-filling-machine-for-viscous-liquids\/#primaryimage\"},\"image\":{\"@id\":\"https:\/\/focusonpack.com\/piston-filling-machine\/rotary-piston-filling-machine-for-viscous-liquids\/#primaryimage\"},\"thumbnailUrl\":\"https:\/\/focusonpack.com\/wp-content\/uploads\/2023\/07\/viscous0.jpg\",\"datePublished\":\"2020-05-15T08:53:46+00:00\",\"dateModified\":\"2025-03-29T08:01:48+00:00\",\"breadcrumb\":{\"@id\":\"https:\/\/focusonpack.com\/piston-filling-machine\/rotary-piston-filling-machine-for-viscous-liquids\/#breadcrumb\"},\"inLanguage\":\"es\",\"potentialAction\":[{\"@type\":\"ReadAction\",\"target\":[\"https:\/\/focusonpack.com\/piston-filling-machine\/rotary-piston-filling-machine-for-viscous-liquids\/\"]}]},{\"@type\":\"ImageObject\",\"inLanguage\":\"es\",\"@id\":\"https:\/\/focusonpack.com\/piston-filling-machine\/rotary-piston-filling-machine-for-viscous-liquids\/#primaryimage\",\"url\":\"https:\/\/focusonpack.com\/wp-content\/uploads\/2023\/07\/viscous0.jpg\",\"contentUrl\":\"https:\/\/focusonpack.com\/wp-content\/uploads\/2023\/07\/viscous0.jpg\"},{\"@type\":\"BreadcrumbList\",\"@id\":\"https:\/\/focusonpack.com\/piston-filling-machine\/rotary-piston-filling-machine-for-viscous-liquids\/#breadcrumb\",\"itemListElement\":[{\"@type\":\"ListItem\",\"position\":1,\"name\":\"\u9996\u9875\",\"item\":\"https:\/\/focusonpack.com\/\"},{\"@type\":\"ListItem\",\"position\":2,\"name\":\"Piston Filling Machine\",\"item\":\"https:\/\/focusonpack.com\/piston-filling-machine\/\"},{\"@type\":\"ListItem\",\"position\":3,\"name\":\"Rotary Piston Filling Machine for Viscous Liquids\"}]},{\"@type\":\"WebSite\",\"@id\":\"https:\/\/focusonpack.com\/#website\",\"url\":\"https:\/\/focusonpack.com\/\",\"name\":\"Focus on pack\",\"description\":\"\",\"potentialAction\":[{\"@type\":\"SearchAction\",\"target\":{\"@type\":\"EntryPoint\",\"urlTemplate\":\"https:\/\/focusonpack.com\/?s={search_term_string}\"},\"query-input\":{\"@type\":\"PropertyValueSpecification\",\"valueRequired\":true,\"valueName\":\"search_term_string\"}}],\"inLanguage\":\"es\"}]}<\/script>\n<!-- \/ Yoast SEO plugin. -->","yoast_head_json":{"title":"Rotary Piston Filling Machine for Viscous Liquids - Focus on pack","robots":{"index":"index","follow":"follow","max-snippet":"max-snippet:-1","max-image-preview":"max-image-preview:large","max-video-preview":"max-video-preview:-1"},"canonical":"https:\/\/focusonpack.com\/es\/maquina-llenadora-de-piston\/rotary-piston-filling-machine-for-viscous-liquids\/","og_locale":"es_ES","og_type":"article","og_title":"Rotary Piston Filling Machine for Viscous Liquids - Focus on pack","og_description":"Rotary Piston Filling Machine &hellip;","og_url":"https:\/\/focusonpack.com\/es\/maquina-llenadora-de-piston\/rotary-piston-filling-machine-for-viscous-liquids\/","og_site_name":"Focus on pack","article_modified_time":"2025-03-29T08:01:48+00:00","og_image":[{"url":"https:\/\/focusonpack.com\/wp-content\/uploads\/2023\/07\/viscous0.jpg","type":"","width":"","height":""}],"twitter_card":"summary_large_image","twitter_misc":{"Tiempo de lectura":"3 minutos"},"schema":{"@context":"https:\/\/schema.org","@graph":[{"@type":"WebPage","@id":"https:\/\/focusonpack.com\/piston-filling-machine\/rotary-piston-filling-machine-for-viscous-liquids\/","url":"https:\/\/focusonpack.com\/piston-filling-machine\/rotary-piston-filling-machine-for-viscous-liquids\/","name":"Rotary Piston Filling Machine for Viscous Liquids - Focus on pack","isPartOf":{"@id":"https:\/\/focusonpack.com\/#website"},"primaryImageOfPage":{"@id":"https:\/\/focusonpack.com\/piston-filling-machine\/rotary-piston-filling-machine-for-viscous-liquids\/#primaryimage"},"image":{"@id":"https:\/\/focusonpack.com\/piston-filling-machine\/rotary-piston-filling-machine-for-viscous-liquids\/#primaryimage"},"thumbnailUrl":"https:\/\/focusonpack.com\/wp-content\/uploads\/2023\/07\/viscous0.jpg","datePublished":"2020-05-15T08:53:46+00:00","dateModified":"2025-03-29T08:01:48+00:00","breadcrumb":{"@id":"https:\/\/focusonpack.com\/piston-filling-machine\/rotary-piston-filling-machine-for-viscous-liquids\/#breadcrumb"},"inLanguage":"es","potentialAction":[{"@type":"ReadAction","target":["https:\/\/focusonpack.com\/piston-filling-machine\/rotary-piston-filling-machine-for-viscous-liquids\/"]}]},{"@type":"ImageObject","inLanguage":"es","@id":"https:\/\/focusonpack.com\/piston-filling-machine\/rotary-piston-filling-machine-for-viscous-liquids\/#primaryimage","url":"https:\/\/focusonpack.com\/wp-content\/uploads\/2023\/07\/viscous0.jpg","contentUrl":"https:\/\/focusonpack.com\/wp-content\/uploads\/2023\/07\/viscous0.jpg"},{"@type":"BreadcrumbList","@id":"https:\/\/focusonpack.com\/piston-filling-machine\/rotary-piston-filling-machine-for-viscous-liquids\/#breadcrumb","itemListElement":[{"@type":"ListItem","position":1,"name":"\u9996\u9875","item":"https:\/\/focusonpack.com\/"},{"@type":"ListItem","position":2,"name":"Piston Filling Machine","item":"https:\/\/focusonpack.com\/piston-filling-machine\/"},{"@type":"ListItem","position":3,"name":"Rotary Piston Filling Machine for Viscous Liquids"}]},{"@type":"WebSite","@id":"https:\/\/focusonpack.com\/#website","url":"https:\/\/focusonpack.com\/","name":"Focus on pack","description":"","potentialAction":[{"@type":"SearchAction","target":{"@type":"EntryPoint","urlTemplate":"https:\/\/focusonpack.com\/?s={search_term_string}"},"query-input":{"@type":"PropertyValueSpecification","valueRequired":true,"valueName":"search_term_string"}}],"inLanguage":"es"}]}},"_links":{"self":[{"href":"https:\/\/focusonpack.com\/es\/wp-json\/wp\/v2\/pages\/3303","targetHints":{"allow":["GET"]}}],"collection":[{"href":"https:\/\/focusonpack.com\/es\/wp-json\/wp\/v2\/pages"}],"about":[{"href":"https:\/\/focusonpack.com\/es\/wp-json\/wp\/v2\/types\/page"}],"author":[{"embeddable":true,"href":"https:\/\/focusonpack.com\/es\/wp-json\/wp\/v2\/users\/1"}],"replies":[{"embeddable":true,"href":"https:\/\/focusonpack.com\/es\/wp-json\/wp\/v2\/comments?post=3303"}],"version-history":[{"count":8,"href":"https:\/\/focusonpack.com\/es\/wp-json\/wp\/v2\/pages\/3303\/revisions"}],"predecessor-version":[{"id":4629,"href":"https:\/\/focusonpack.com\/es\/wp-json\/wp\/v2\/pages\/3303\/revisions\/4629"}],"up":[{"embeddable":true,"href":"https:\/\/focusonpack.com\/es\/wp-json\/wp\/v2\/pages\/2495"}],"wp:attachment":[{"href":"https:\/\/focusonpack.com\/es\/wp-json\/wp\/v2\/media?parent=3303"}],"curies":[{"name":"wp","href":"https:\/\/api.w.org\/{rel}","templated":true}]}}