{"id":3304,"date":"2020-05-15T16:53:53","date_gmt":"2020-05-15T08:53:53","guid":{"rendered":"https:\/\/focusonpack.com\/?page_id=3304"},"modified":"2025-03-29T15:58:35","modified_gmt":"2025-03-29T07:58:35","slug":"automatic-economical-thin-and-thick-liquid-volumetric-piston-filling-machine","status":"publish","type":"page","link":"https:\/\/focusonpack.com\/es\/maquina-llenadora-de-piston\/maquina-automatica-y-economica-de-llenado-volumetrico-de-liquidos-finos-y-espesos-por-piston\/","title":{"rendered":"M\u00e1quina llenadora volum\u00e9trica de l\u00edquidos finos y espesos de pist\u00f3n autom\u00e1tica y econ\u00f3mica"},"content":{"rendered":"<div data-elementor-type=\"wp-page\" data-elementor-id=\"3304\" class=\"elementor elementor-3304\" data-elementor-settings=\"[]\">\n\t\t\t<div class=\"elementor-inner\">\n\t\t\t\t<div class=\"elementor-section-wrap\">\n\t\t\t\t\t\t\t<section class=\"elementor-element elementor-element-75d46199 elementor-section-boxed elementor-section-height-default elementor-section-height-default elementor-section elementor-top-section\" data-id=\"75d46199\" data-element_type=\"section\">\n\t\t\t\t\t\t<div class=\"elementor-container elementor-column-gap-default\">\n\t\t\t\t<div class=\"elementor-row\">\n\t\t\t\t<div class=\"elementor-element elementor-element-74b1511c elementor-column elementor-col-50 elementor-top-column\" data-id=\"74b1511c\" data-element_type=\"column\">\n\t\t\t<div class=\"elementor-column-wrap  elementor-element-populated\">\n\t\t\t\t\t<div class=\"elementor-widget-wrap\">\n\t\t\t\t<div class=\"elementor-element elementor-element-12c2f04a elementor-widget elementor-widget-heading\" data-id=\"12c2f04a\" data-element_type=\"widget\" data-widget_type=\"heading.default\">\n\t\t\t\t<div class=\"elementor-widget-container\">\n\t\t\t<h3 class=\"elementor-heading-title elementor-size-default\">M\u00e1quina llenadora volum\u00e9trica de l\u00edquidos finos y espesos de pist\u00f3n autom\u00e1tica y econ\u00f3mica<\/h3>\t\t<\/div>\n\t\t\t\t<\/div>\n\t\t\t\t<div class=\"elementor-element elementor-element-7634e895 elementor-widget elementor-widget-heading\" data-id=\"7634e895\" data-element_type=\"widget\" data-widget_type=\"heading.default\">\n\t\t\t\t<div class=\"elementor-widget-container\">\n\t\t\t<h3 class=\"elementor-heading-title elementor-size-default\">Llenadora autom\u00e1tica asequible de pist\u00f3n volum\u00e9trica de l\u00edquidos de baja a alta viscosidad<\/h3>\t\t<\/div>\n\t\t\t\t<\/div>\n\t\t\t\t<div class=\"elementor-element elementor-element-4ebe2c42 elementor-widget elementor-widget-text-editor\" data-id=\"4ebe2c42\" data-element_type=\"widget\" data-widget_type=\"text-editor.default\">\n\t\t\t\t<div class=\"elementor-widget-container\">\n\t\t\t\t\t<div class=\"elementor-text-editor elementor-clearfix\"><p>Esta econ\u00f3mica m\u00e1quina llenadora de pist\u00f3n volum\u00e9trica lineal totalmente autom\u00e1tica es una mejora de la m\u00e1quina llenadora de pist\u00f3n semiautom\u00e1tica de l\u00edquidos de pist\u00f3n para aumentar la producci\u00f3n y ahorrar costes de mano de obra automatizando su l\u00ednea con la llenadora de pist\u00f3n de sobremesa de 2 o 4 cabezales existente. bastidor de acero inoxidable de alta resistencia, controles de pantalla t\u00e1ctil, compuertas de indexaci\u00f3n neum\u00e1ticas y sensores para evitar el llenado cuando no hay botellas y cinta transportadora. .<\/p><\/div>\n\t\t\t\t<\/div>\n\t\t\t\t<\/div>\n\t\t\t\t<div class=\"elementor-element elementor-element-77142790 elementor-widget elementor-widget-text-editor\" data-id=\"77142790\" data-element_type=\"widget\" data-widget_type=\"text-editor.default\">\n\t\t\t\t<div class=\"elementor-widget-container\">\n\t\t\t\t\t<div class=\"elementor-text-editor elementor-clearfix\"><p>Disponibles en 2 y 4 cabezales de llenado, la mesa giratoria, la taponadora neum\u00e1tica manual o la taponadora motorizada pueden incorporarse al transportador para aumentar la producci\u00f3n y ahorrar costes de mano de obra. La mesa giratoria, la taponadora neum\u00e1tica manual o la taponadora motorizada pueden incorporarse a la cinta transportadora para aumentar la producci\u00f3n y ahorrar costes de mano de obra. La v\u00e1lvula de retenci\u00f3n y la v\u00e1lvula rotativa est\u00e1n disponibles para manipular l\u00edquidos de baja a alta viscosidad, nata y pasta con trozos o part\u00edculas. La v\u00e1lvula de retenci\u00f3n y la v\u00e1lvula rotativa est\u00e1n disponibles para manipular l\u00edquidos de baja a alta viscosidad, nata y pasta con trozos o part\u00edculas.<\/p><\/div>\n\t\t\t\t<\/div>\n\t\t\t\t<\/div>\n\t\t\t\t<div class=\"elementor-element elementor-element-7c4b8361 elementor-widget elementor-widget-heading\" data-id=\"7c4b8361\" data-element_type=\"widget\" data-widget_type=\"heading.default\">\n\t\t\t\t<div class=\"elementor-widget-container\">\n\t\t\t<h3 class=\"elementor-heading-title elementor-size-default\">Caracter\u00edsticas principales<\/h3>\t\t<\/div>\n\t\t\t\t<\/div>\n\t\t\t\t<div class=\"elementor-element elementor-element-7c05a1c9 elementor-widget elementor-widget-text-editor\" data-id=\"7c05a1c9\" data-element_type=\"widget\" data-widget_type=\"text-editor.default\">\n\t\t\t\t<div class=\"elementor-widget-container\">\n\t\t\t\t\t<div class=\"elementor-text-editor elementor-clearfix\"><p>- N\u00famero de cabezales de llenado 1,2 y 4<\/p>\n<p>- Tama\u00f1o de llenado hasta 5000 ml<\/p>\n<p>- Construcci\u00f3n robusta de acero inoxidable<\/p>\n<p>- V\u00e1lvula rotativa para l\u00edquidos de alta viscosidad y v\u00e1lvula antirretorno para l\u00edquidos de baja viscosidad opcionales<\/p>\n<p>- Control PLC e interfaz de operaci\u00f3n de pantalla t\u00e1ctil<\/p>\n<p>- Kit de indexaci\u00f3n autom\u00e1tica de botellas<\/p>\n<p>- Sin botella\/Sin sensor de llenado<\/p>\n<p>- Cambios sencillos y r\u00e1pidos<\/p>\n<p>- Dise\u00f1ado para facilitar la limpieza<\/p>\n<p>- Aumentar la capacidad de producci\u00f3n<\/p>\n<p>- Manos libres del operario para m\u00e1s trabajo<\/p><\/div>\n\t\t\t\t<\/div>\n\t\t\t\t<\/div>\n\t\t\t\t<div class=\"elementor-element elementor-element-4de1baae elementor-widget elementor-widget-text-editor\" data-id=\"4de1baae\" data-element_type=\"widget\" data-widget_type=\"text-editor.default\">\n\t\t\t\t<div class=\"elementor-widget-container\">\n\t\t\t\t\t<div class=\"elementor-text-editor elementor-clearfix\"><p>* Especificaciones sujetas a cambios sin previo aviso, Todos los derechos reservados.<\/p><\/div>\n\t\t\t\t<\/div>\n\t\t\t\t<\/div>\n\t\t\t\t<div class=\"elementor-element elementor-element-471fda49 elementor-widget elementor-widget-text-editor\" data-id=\"471fda49\" data-element_type=\"widget\" data-widget_type=\"text-editor.default\">\n\t\t\t\t<div class=\"elementor-widget-container\">\n\t\t\t\t\t<div class=\"elementor-text-editor elementor-clearfix\"><p>C\u00f3mo elegir la m\u00e1quina autom\u00e1tica de llenado de pist\u00f3n es un gran reto para los clientes,Si su no est\u00e1 seguro de c\u00f3mo<\/p>\n<p>elija una m\u00e1quina de llenado de pist\u00f3n,Por favor, h\u00e1gamelo saber<\/p>\n<p>- Qu\u00e9 producto rellenar<\/p>\n<p>- Qu\u00e9 capacidad de producci\u00f3n alcanzar<\/p>\n<p>- Material y forma de los contenedores<\/p>\n<p>- Qu\u00e9 tama\u00f1o de recipientes llenar<\/p>\n<p>Nuestro equipo de profesionales le ayudar\u00e1 a elegir<\/p>\n<p>P\u00f3ngase en contacto con nosotros para que le asesoremos sobre la mejor soluci\u00f3n para usted.<\/p><\/div>\n\t\t\t\t<\/div>\n\t\t\t\t<\/div>\n\t\t\t\t\t\t<\/div>\n\t\t\t<\/div>\n\t\t<\/div>\n\t\t\t\t<div class=\"elementor-element elementor-element-377d2316 elementor-column elementor-col-50 elementor-top-column\" data-id=\"377d2316\" data-element_type=\"column\">\n\t\t\t<div class=\"elementor-column-wrap  elementor-element-populated\">\n\t\t\t\t\t<div class=\"elementor-widget-wrap\">\n\t\t\t\t<div class=\"elementor-element elementor-element-6a31757 elementor-widget elementor-widget-spacer\" data-id=\"6a31757\" data-element_type=\"widget\" data-widget_type=\"spacer.default\">\n\t\t\t\t<div class=\"elementor-widget-container\">\n\t\t\t\t\t<div class=\"elementor-spacer\">\n\t\t\t<div class=\"elementor-spacer-inner\"><\/div>\n\t\t<\/div>\n\t\t\t\t<\/div>\n\t\t\t\t<\/div>\n\t\t\t\t<div class=\"elementor-element elementor-element-46bc68a0 elementor-widget elementor-widget-image\" data-id=\"46bc68a0\" data-element_type=\"widget\" data-widget_type=\"image.default\">\n\t\t\t\t<div class=\"elementor-widget-container\">\n\t\t\t\t\t<div class=\"elementor-image\">\n\t\t\t\t\t\t\t\t\t\t<img loading=\"lazy\" decoding=\"async\" width=\"294\" height=\"194\" src=\"https:\/\/focusonpack.com\/wp-content\/uploads\/2020\/05\/thin.jpg\" class=\"elementor-animation-grow attachment-full size-full\" alt=\"\" \/>\t\t\t\t\t\t\t\t\t\t\t<\/div>\n\t\t\t\t<\/div>\n\t\t\t\t<\/div>\n\t\t\t\t<div class=\"elementor-element elementor-element-2ec7bf13 elementor-button-info elementor-align-center elementor-widget elementor-widget-button\" data-id=\"2ec7bf13\" data-element_type=\"widget\" data-widget_type=\"button.default\">\n\t\t\t\t<div class=\"elementor-widget-container\">\n\t\t\t\t\t<div class=\"elementor-button-wrapper\">\n\t\t\t<a href=\"https:\/\/focusonpack.com\/es\/contacto\/\" class=\"elementor-button-link elementor-button elementor-size-sm\" role=\"button\">\n\t\t\t\t\t\t<span class=\"elementor-button-content-wrapper\">\n\t\t\t\t\t\t<span class=\"elementor-button-text\">Solicitar presupuesto<\/span>\n\t\t<\/span>\n\t\t\t\t\t<\/a>\n\t\t<\/div>\n\t\t\t\t<\/div>\n\t\t\t\t<\/div>\n\t\t\t\t\t\t<\/div>\n\t\t\t<\/div>\n\t\t<\/div>\n\t\t\t\t\t\t<\/div>\n\t\t\t<\/div>\n\t\t<\/section>\n\t\t\t\t\t\t<\/div>\n\t\t\t<\/div>\n\t\t<\/div>","protected":false},"excerpt":{"rendered":"<p>Automatic Economical Thin and &hellip;<\/p>","protected":false},"author":1,"featured_media":0,"parent":2495,"menu_order":0,"comment_status":"closed","ping_status":"closed","template":"elementor_header_footer","meta":{"footnotes":""},"class_list":["post-3304","page","type-page","status-publish","hentry","no-thumb"],"yoast_head":"<!-- This site is optimized with the Yoast SEO plugin v24.8.1 - https:\/\/yoast.com\/wordpress\/plugins\/seo\/ -->\n<title>Automatic Economical Thin and Thick Liquid Volumetric Piston Filling Machine - Focus on pack<\/title>\n<meta name=\"robots\" content=\"index, follow, max-snippet:-1, max-image-preview:large, max-video-preview:-1\" \/>\n<link rel=\"canonical\" href=\"https:\/\/focusonpack.com\/es\/maquina-llenadora-de-piston\/maquina-automatica-y-economica-de-llenado-volumetrico-de-liquidos-finos-y-espesos-por-piston\/\" \/>\n<meta property=\"og:locale\" content=\"es_ES\" \/>\n<meta property=\"og:type\" content=\"article\" \/>\n<meta property=\"og:title\" content=\"Automatic Economical Thin and Thick Liquid Volumetric Piston Filling Machine - Focus on pack\" \/>\n<meta property=\"og:description\" content=\"Automatic Economical Thin and &hellip;\" \/>\n<meta property=\"og:url\" content=\"https:\/\/focusonpack.com\/es\/maquina-llenadora-de-piston\/maquina-automatica-y-economica-de-llenado-volumetrico-de-liquidos-finos-y-espesos-por-piston\/\" \/>\n<meta property=\"og:site_name\" content=\"Focus on pack\" \/>\n<meta property=\"article:modified_time\" content=\"2025-03-29T07:58:35+00:00\" \/>\n<meta property=\"og:image\" content=\"https:\/\/focusonpack.com\/wp-content\/uploads\/2020\/05\/thin.jpg\" \/>\n<meta name=\"twitter:card\" content=\"summary_large_image\" \/>\n<meta name=\"twitter:label1\" content=\"Tiempo de lectura\" \/>\n\t<meta name=\"twitter:data1\" content=\"2 minutos\" \/>\n<script type=\"application\/ld+json\" class=\"yoast-schema-graph\">{\"@context\":\"https:\/\/schema.org\",\"@graph\":[{\"@type\":\"WebPage\",\"@id\":\"https:\/\/focusonpack.com\/piston-filling-machine\/automatic-economical-thin-and-thick-liquid-volumetric-piston-filling-machine\/\",\"url\":\"https:\/\/focusonpack.com\/piston-filling-machine\/automatic-economical-thin-and-thick-liquid-volumetric-piston-filling-machine\/\",\"name\":\"Automatic Economical Thin and Thick Liquid Volumetric Piston Filling Machine - Focus on pack\",\"isPartOf\":{\"@id\":\"https:\/\/focusonpack.com\/#website\"},\"primaryImageOfPage\":{\"@id\":\"https:\/\/focusonpack.com\/piston-filling-machine\/automatic-economical-thin-and-thick-liquid-volumetric-piston-filling-machine\/#primaryimage\"},\"image\":{\"@id\":\"https:\/\/focusonpack.com\/piston-filling-machine\/automatic-economical-thin-and-thick-liquid-volumetric-piston-filling-machine\/#primaryimage\"},\"thumbnailUrl\":\"https:\/\/focusonpack.com\/wp-content\/uploads\/2020\/05\/thin.jpg\",\"datePublished\":\"2020-05-15T08:53:53+00:00\",\"dateModified\":\"2025-03-29T07:58:35+00:00\",\"breadcrumb\":{\"@id\":\"https:\/\/focusonpack.com\/piston-filling-machine\/automatic-economical-thin-and-thick-liquid-volumetric-piston-filling-machine\/#breadcrumb\"},\"inLanguage\":\"es\",\"potentialAction\":[{\"@type\":\"ReadAction\",\"target\":[\"https:\/\/focusonpack.com\/piston-filling-machine\/automatic-economical-thin-and-thick-liquid-volumetric-piston-filling-machine\/\"]}]},{\"@type\":\"ImageObject\",\"inLanguage\":\"es\",\"@id\":\"https:\/\/focusonpack.com\/piston-filling-machine\/automatic-economical-thin-and-thick-liquid-volumetric-piston-filling-machine\/#primaryimage\",\"url\":\"https:\/\/focusonpack.com\/wp-content\/uploads\/2020\/05\/thin.jpg\",\"contentUrl\":\"https:\/\/focusonpack.com\/wp-content\/uploads\/2020\/05\/thin.jpg\"},{\"@type\":\"BreadcrumbList\",\"@id\":\"https:\/\/focusonpack.com\/piston-filling-machine\/automatic-economical-thin-and-thick-liquid-volumetric-piston-filling-machine\/#breadcrumb\",\"itemListElement\":[{\"@type\":\"ListItem\",\"position\":1,\"name\":\"\u9996\u9875\",\"item\":\"https:\/\/focusonpack.com\/\"},{\"@type\":\"ListItem\",\"position\":2,\"name\":\"Piston Filling Machine\",\"item\":\"https:\/\/focusonpack.com\/piston-filling-machine\/\"},{\"@type\":\"ListItem\",\"position\":3,\"name\":\"Automatic Economical Thin and Thick Liquid Volumetric Piston Filling Machine\"}]},{\"@type\":\"WebSite\",\"@id\":\"https:\/\/focusonpack.com\/#website\",\"url\":\"https:\/\/focusonpack.com\/\",\"name\":\"Focus on pack\",\"description\":\"water processing line,package machine, filling machine\",\"potentialAction\":[{\"@type\":\"SearchAction\",\"target\":{\"@type\":\"EntryPoint\",\"urlTemplate\":\"https:\/\/focusonpack.com\/?s={search_term_string}\"},\"query-input\":{\"@type\":\"PropertyValueSpecification\",\"valueRequired\":true,\"valueName\":\"search_term_string\"}}],\"inLanguage\":\"es\"}]}<\/script>\n<!-- \/ Yoast SEO plugin. -->","yoast_head_json":{"title":"Automatic Economical Thin and Thick Liquid Volumetric Piston Filling Machine - Focus on pack","robots":{"index":"index","follow":"follow","max-snippet":"max-snippet:-1","max-image-preview":"max-image-preview:large","max-video-preview":"max-video-preview:-1"},"canonical":"https:\/\/focusonpack.com\/es\/maquina-llenadora-de-piston\/maquina-automatica-y-economica-de-llenado-volumetrico-de-liquidos-finos-y-espesos-por-piston\/","og_locale":"es_ES","og_type":"article","og_title":"Automatic Economical Thin and Thick Liquid Volumetric Piston Filling Machine - Focus on pack","og_description":"Automatic Economical Thin and &hellip;","og_url":"https:\/\/focusonpack.com\/es\/maquina-llenadora-de-piston\/maquina-automatica-y-economica-de-llenado-volumetrico-de-liquidos-finos-y-espesos-por-piston\/","og_site_name":"Focus on pack","article_modified_time":"2025-03-29T07:58:35+00:00","og_image":[{"url":"https:\/\/focusonpack.com\/wp-content\/uploads\/2020\/05\/thin.jpg","type":"","width":"","height":""}],"twitter_card":"summary_large_image","twitter_misc":{"Tiempo de lectura":"2 minutos"},"schema":{"@context":"https:\/\/schema.org","@graph":[{"@type":"WebPage","@id":"https:\/\/focusonpack.com\/piston-filling-machine\/automatic-economical-thin-and-thick-liquid-volumetric-piston-filling-machine\/","url":"https:\/\/focusonpack.com\/piston-filling-machine\/automatic-economical-thin-and-thick-liquid-volumetric-piston-filling-machine\/","name":"Automatic Economical Thin and Thick Liquid Volumetric Piston Filling Machine - Focus on pack","isPartOf":{"@id":"https:\/\/focusonpack.com\/#website"},"primaryImageOfPage":{"@id":"https:\/\/focusonpack.com\/piston-filling-machine\/automatic-economical-thin-and-thick-liquid-volumetric-piston-filling-machine\/#primaryimage"},"image":{"@id":"https:\/\/focusonpack.com\/piston-filling-machine\/automatic-economical-thin-and-thick-liquid-volumetric-piston-filling-machine\/#primaryimage"},"thumbnailUrl":"https:\/\/focusonpack.com\/wp-content\/uploads\/2020\/05\/thin.jpg","datePublished":"2020-05-15T08:53:53+00:00","dateModified":"2025-03-29T07:58:35+00:00","breadcrumb":{"@id":"https:\/\/focusonpack.com\/piston-filling-machine\/automatic-economical-thin-and-thick-liquid-volumetric-piston-filling-machine\/#breadcrumb"},"inLanguage":"es","potentialAction":[{"@type":"ReadAction","target":["https:\/\/focusonpack.com\/piston-filling-machine\/automatic-economical-thin-and-thick-liquid-volumetric-piston-filling-machine\/"]}]},{"@type":"ImageObject","inLanguage":"es","@id":"https:\/\/focusonpack.com\/piston-filling-machine\/automatic-economical-thin-and-thick-liquid-volumetric-piston-filling-machine\/#primaryimage","url":"https:\/\/focusonpack.com\/wp-content\/uploads\/2020\/05\/thin.jpg","contentUrl":"https:\/\/focusonpack.com\/wp-content\/uploads\/2020\/05\/thin.jpg"},{"@type":"BreadcrumbList","@id":"https:\/\/focusonpack.com\/piston-filling-machine\/automatic-economical-thin-and-thick-liquid-volumetric-piston-filling-machine\/#breadcrumb","itemListElement":[{"@type":"ListItem","position":1,"name":"\u9996\u9875","item":"https:\/\/focusonpack.com\/"},{"@type":"ListItem","position":2,"name":"Piston Filling Machine","item":"https:\/\/focusonpack.com\/piston-filling-machine\/"},{"@type":"ListItem","position":3,"name":"Automatic Economical Thin and Thick Liquid Volumetric Piston Filling Machine"}]},{"@type":"WebSite","@id":"https:\/\/focusonpack.com\/#website","url":"https:\/\/focusonpack.com\/","name":"Focus on pack","description":"water processing line,package machine, filling machine","potentialAction":[{"@type":"SearchAction","target":{"@type":"EntryPoint","urlTemplate":"https:\/\/focusonpack.com\/?s={search_term_string}"},"query-input":{"@type":"PropertyValueSpecification","valueRequired":true,"valueName":"search_term_string"}}],"inLanguage":"es"}]}},"_links":{"self":[{"href":"https:\/\/focusonpack.com\/es\/wp-json\/wp\/v2\/pages\/3304","targetHints":{"allow":["GET"]}}],"collection":[{"href":"https:\/\/focusonpack.com\/es\/wp-json\/wp\/v2\/pages"}],"about":[{"href":"https:\/\/focusonpack.com\/es\/wp-json\/wp\/v2\/types\/page"}],"author":[{"embeddable":true,"href":"https:\/\/focusonpack.com\/es\/wp-json\/wp\/v2\/users\/1"}],"replies":[{"embeddable":true,"href":"https:\/\/focusonpack.com\/es\/wp-json\/wp\/v2\/comments?post=3304"}],"version-history":[{"count":10,"href":"https:\/\/focusonpack.com\/es\/wp-json\/wp\/v2\/pages\/3304\/revisions"}],"predecessor-version":[{"id":4628,"href":"https:\/\/focusonpack.com\/es\/wp-json\/wp\/v2\/pages\/3304\/revisions\/4628"}],"up":[{"embeddable":true,"href":"https:\/\/focusonpack.com\/es\/wp-json\/wp\/v2\/pages\/2495"}],"wp:attachment":[{"href":"https:\/\/focusonpack.com\/es\/wp-json\/wp\/v2\/media?parent=3304"}],"curies":[{"name":"wp","href":"https:\/\/api.w.org\/{rel}","templated":true}]}}