{"id":3309,"date":"2020-05-15T16:54:11","date_gmt":"2020-05-15T08:54:11","guid":{"rendered":"https:\/\/focusonpack.com\/?page_id=3309"},"modified":"2025-03-29T15:46:29","modified_gmt":"2025-03-29T07:46:29","slug":"automatic-linear-piston-filling-machine","status":"publish","type":"page","link":"https:\/\/focusonpack.com\/es\/maquina-llenadora-de-piston\/maquina-automatica-de-llenado-de-piston-lineal\/","title":{"rendered":"M\u00e1quina llenadora autom\u00e1tica de pist\u00f3n lineal"},"content":{"rendered":"<div data-elementor-type=\"wp-page\" data-elementor-id=\"3309\" class=\"elementor elementor-3309\" data-elementor-settings=\"[]\">\n\t\t\t<div class=\"elementor-inner\">\n\t\t\t\t<div class=\"elementor-section-wrap\">\n\t\t\t\t\t\t\t<section class=\"elementor-element elementor-element-1cef5bcc elementor-section-boxed elementor-section-height-default elementor-section-height-default elementor-section elementor-top-section\" data-id=\"1cef5bcc\" data-element_type=\"section\">\n\t\t\t\t\t\t<div class=\"elementor-container elementor-column-gap-default\">\n\t\t\t\t<div class=\"elementor-row\">\n\t\t\t\t<div class=\"elementor-element elementor-element-1955896e elementor-column elementor-col-50 elementor-top-column\" data-id=\"1955896e\" data-element_type=\"column\">\n\t\t\t<div class=\"elementor-column-wrap  elementor-element-populated\">\n\t\t\t\t\t<div class=\"elementor-widget-wrap\">\n\t\t\t\t<div class=\"elementor-element elementor-element-fa3274d elementor-widget elementor-widget-heading\" data-id=\"fa3274d\" data-element_type=\"widget\" data-widget_type=\"heading.default\">\n\t\t\t\t<div class=\"elementor-widget-container\">\n\t\t\t<h3 class=\"elementor-heading-title elementor-size-default\">M\u00e1quina llenadora autom\u00e1tica de pist\u00f3n lineal<\/h3>\t\t<\/div>\n\t\t\t\t<\/div>\n\t\t\t\t<div class=\"elementor-element elementor-element-5d67c079 elementor-widget elementor-widget-heading\" data-id=\"5d67c079\" data-element_type=\"widget\" data-widget_type=\"heading.default\">\n\t\t\t\t<div class=\"elementor-widget-container\">\n\t\t\t<h3 class=\"elementor-heading-title elementor-size-default\">Llenadora autom\u00e1tica de pist\u00f3n en l\u00ednea para l\u00edquidos finos y espesos<\/h3>\t\t<\/div>\n\t\t\t\t<\/div>\n\t\t\t\t<div class=\"elementor-element elementor-element-4235af11 elementor-widget elementor-widget-text-editor\" data-id=\"4235af11\" data-element_type=\"widget\" data-widget_type=\"text-editor.default\">\n\t\t\t\t<div class=\"elementor-widget-container\">\n\t\t\t\t\t<div class=\"elementor-text-editor elementor-clearfix\"><p>La llenadora autom\u00e1tica de pist\u00f3n lineal es una llenadora de pist\u00f3n extremadamente flexible capaz de llenar con precisi\u00f3n y rapidez una amplia variedad de productos, desde l\u00edquidos de baja viscosidad hasta pastas o cremas de alta viscosidad, con o sin trozos o part\u00edculas. Ampliamente utilizada en la industria alimentaria (p. ej., m\u00e1quina de llenado de pasta, m\u00e1quina de llenado de mantequilla, m\u00e1quina de llenado de mermelada, m\u00e1quina de llenado de ketchup, m\u00e1quina de llenado de miel, m\u00e1quina de llenado de aceite comestible). Ampliamente utilizado en la industria alimentaria (por ejemplo, m\u00e1quina de llenado de pasta, m\u00e1quina de llenado de mantequilla, m\u00e1quina de llenado de mermelada, m\u00e1quina de llenado de ketchup, m\u00e1quina de llenado de miel, m\u00e1quina de llenado de aceite comestible, m\u00e1quina de llenado de salsa). Ampliamente utilizado en la industria alimentaria (por ejemplo, m\u00e1quina de llenado de pasta, m\u00e1quina de llenado de mantequilla, m\u00e1quina de llenado de mermelada, m\u00e1quina de llenado de ketchup, m\u00e1quina de llenado de miel, m\u00e1quina de llenado de aceite comestible, m\u00e1quina de llenado de salsa, etc.); industria de productos para el hogar (por ejemplo, m\u00e1quina de llenado de champ\u00fa, m\u00e1quina de llenado de jab\u00f3n l\u00edquido, m\u00e1quina de llenado de jab\u00f3n de manos, etc.), industria de productos de cuidado personal, etc. (por ejemplo, m\u00e1quinas llenadoras de champ\u00fa, m\u00e1quinas llenadoras de jab\u00f3n l\u00edquido, m\u00e1quinas llenadoras de jab\u00f3n de manos, etc.), industria del cuidado personal (por ejemplo, m\u00e1quinas llenadoras de cremas, m\u00e1quinas llenadoras de lociones, m\u00e1quinas llenadoras de geles, m\u00e1quinas llenadoras de perfumes, etc.); industria qu\u00edmica (por ejemplo, m\u00e1quinas llenadoras de productos qu\u00edmicos, m\u00e1quinas llenadoras de aceite, m\u00e1quinas llenadoras de salsas, etc.) Industria qu\u00edmica(p. ej., m\u00e1quina de llenado de grasas, m\u00e1quina de llenado de lubricantes, etc.); industria farmac\u00e9utica(p. ej., m\u00e1quina de llenado de ung\u00fcentos, m\u00e1quina de llenado de l\u00edquidos e Industria farmac\u00e9utica (por ejemplo, m\u00e1quinas de llenado de pomadas, m\u00e1quinas de llenado de l\u00edquidos, etc.).<\/p><\/div>\n\t\t\t\t<\/div>\n\t\t\t\t<\/div>\n\t\t\t\t<div class=\"elementor-element elementor-element-4d70e386 elementor-widget elementor-widget-text-editor\" data-id=\"4d70e386\" data-element_type=\"widget\" data-widget_type=\"text-editor.default\">\n\t\t\t\t<div class=\"elementor-widget-container\">\n\t\t\t\t\t<div class=\"elementor-text-editor elementor-clearfix\"><p>La llenadora autom\u00e1tica de pist\u00f3n lineal est\u00e1 dise\u00f1ada para dispensar en l\u00ednea, de forma completamente autom\u00e1tica y en m\u00faltiples posiciones, l\u00edquidos y pastas en vol\u00famenes que oscilan entre 5 ml y 5.000 m por ciclo. Disponible en configuraciones de 2, 4, 6, 8, 10 y 12 boquillas para adaptarse a los requisitos de producci\u00f3n espec\u00edficos. aumentar la producci\u00f3n en 100% conservando un valioso espacio en la l\u00ednea.<\/p><\/div>\n\t\t\t\t<\/div>\n\t\t\t\t<\/div>\n\t\t\t\t<div class=\"elementor-element elementor-element-46307ca elementor-widget elementor-widget-text-editor\" data-id=\"46307ca\" data-element_type=\"widget\" data-widget_type=\"text-editor.default\">\n\t\t\t\t<div class=\"elementor-widget-container\">\n\t\t\t\t\t<div class=\"elementor-text-editor elementor-clearfix\"><p>La maquinaria de llenado de l\u00edquidos de pist\u00f3n lineal est\u00e1 fabricada con un bastidor de acero inoxidable 304, viene de serie con control PLC y pantalla t\u00e1ctil HMI que garantizan un control fiable y repetible con una intervenci\u00f3n m\u00ednima del operario. control fiable y repetible con una intervenci\u00f3n m\u00ednima del operario. precisi\u00f3n de hasta +\/- 0,5%, movimiento del husillo accionado por servomotor de alta precisi\u00f3n, m\u00e1s r\u00e1pido y preciso que el sistema neum\u00e1tico, acero inoxidable de calidad alimentaria y componentes de aluminio anodizado, adem\u00e1s de muchas otras caracter\u00edsticas disponibles con transportador motorizado y paquete de indexaci\u00f3n para la manipulaci\u00f3n y el posicionamiento integrados de los envases. para la manipulaci\u00f3n y el posicionamiento integrados de los envases, la funci\u00f3n Sin envase\/Sin llenado detecta los envases que faltan o que est\u00e1n mal colocados para evitar residuos y derrames de producto. La funci\u00f3n Sin contenedor\/Sin llenado detecta los contenedores que faltan o est\u00e1n mal colocados para evitar el vertido de residuos y productos. El exclusivo control de velocidad variable e independiente y el actuador de llenado de doble etapa proporcionan un control preciso \"sin vertido\" para aplicaciones de llenado final o llenado de aplicaciones dif\u00edciles. El exclusivo actuador y control de velocidad variable e independiente de un llenado de doble etapa proporciona un control preciso \"sin derrames\" para aplicaciones de rellenado o llenado de productos dif\u00edciles.<\/p><\/div>\n\t\t\t\t<\/div>\n\t\t\t\t<\/div>\n\t\t\t\t<div class=\"elementor-element elementor-element-a6f9d71 elementor-widget elementor-widget-text-editor\" data-id=\"a6f9d71\" data-element_type=\"widget\" data-widget_type=\"text-editor.default\">\n\t\t\t\t<div class=\"elementor-widget-container\">\n\t\t\t\t\t<div class=\"elementor-text-editor elementor-clearfix\"><p>Las botellas vac\u00edas se colocan en el transportador principal antes de entrar en la llenadora de pist\u00f3n. Las botellas entran en la llenadora y se cuentan mediante sensores \u00f3pticos para garantizar que el n\u00famero de botellas es el correcto. Las botellas entran en la llenadora y se cuentan mediante sensores \u00f3pticos para garantizar que el n\u00famero de botellas es el correcto. Una vez colocadas, las botellas se bloquean en su posici\u00f3n mediante el mecanismo de sujeci\u00f3n de botellas accionado neum\u00e1ticamente. Esto garantiza que las botellas est\u00e9n situadas correctamente debajo de cada cabezal de llenado para minimizar los llenados por defecto o por exceso. El proceso de llenado comienza cuando una serie de v\u00e1lvulas de acero inoxidable descienden hasta las botellas para conseguir un llenado r\u00e1pido, preciso y uniforme. Una vez alcanzado el volumen objetivo, el cilindro de salida se retira de su posici\u00f3n y permite el llenado de las botellas mediante el mecanismo de sujeci\u00f3n de botellas accionado neum\u00e1ticamente. Una vez alcanzado el volumen deseado, el cilindro de salida se retira de su posici\u00f3n y permite que las botellas llenas sigan avanzando por la cinta transportadora para las operaciones de sellado.<\/p><\/div>\n\t\t\t\t<\/div>\n\t\t\t\t<\/div>\n\t\t\t\t<div class=\"elementor-element elementor-element-24ab3811 elementor-widget elementor-widget-heading\" data-id=\"24ab3811\" data-element_type=\"widget\" data-widget_type=\"heading.default\">\n\t\t\t\t<div class=\"elementor-widget-container\">\n\t\t\t<h3 class=\"elementor-heading-title elementor-size-default\">Caracter\u00edsticas principales<\/h3>\t\t<\/div>\n\t\t\t\t<\/div>\n\t\t\t\t<div class=\"elementor-element elementor-element-28a64997 elementor-widget elementor-widget-text-editor\" data-id=\"28a64997\" data-element_type=\"widget\" data-widget_type=\"text-editor.default\">\n\t\t\t\t<div class=\"elementor-widget-container\">\n\t\t\t\t\t<div class=\"elementor-text-editor elementor-clearfix\"><p>- N\u00famero de cabezales de llenado: 2,4,6,8,10,12.<\/p>\n<p>- Tama\u00f1o de llenado: hasta 5000 ml<\/p>\n<p>- Velocidad de producci\u00f3n 10-80Botellas\/Min depende del l\u00edquido y las botellas<\/p>\n<p>- Construcci\u00f3n de acero inoxidable resistente<\/p>\n<p>- Acero inoxidable Dep\u00f3sito<\/p>\n<p>- Kit de \u00edndice de embotellado autom\u00e1tico con contador de botellas<\/p>\n<p>- Compuertas indexadoras neum\u00e1ticas (cuenta atr\u00e1s, cuenta atr\u00e1s)<\/p>\n<p>- Sistema autom\u00e1tico de flotador detector del nivel de producto<\/p>\n<p>- Altura de la boquilla f\u00e1cilmente ajustable para viales y galones<\/p>\n<p>- Controles PLC f\u00e1ciles de usar con HMI de pantalla t\u00e1ctil<\/p>\n<p>- Sin botella\/Sin sensor de llenado<\/p>\n<p>- El sensor de reserva de botellas (aguas abajo) retrasa el funcionamiento hasta que se elimina el atasco<\/p>\n<p>- Capacidad de salida de varias dosis por envase para envases grandes<\/p>\n<p>- Racores r\u00e1pidos de acero inoxidable f\u00e1ciles de limpiar<\/p>\n<p>- Bandeja de goteo<\/p>\n<p>- Boquillas de cabezal de inmersi\u00f3n para rellenar de abajo arriba y reducir la espuma<\/p>\n<p>- Cuelgacuellos para recipientes con abertura peque\u00f1a<\/p><\/div>\n\t\t\t\t<\/div>\n\t\t\t\t<\/div>\n\t\t\t\t<div class=\"elementor-element elementor-element-3c9c84d1 elementor-widget elementor-widget-text-editor\" data-id=\"3c9c84d1\" data-element_type=\"widget\" data-widget_type=\"text-editor.default\">\n\t\t\t\t<div class=\"elementor-widget-container\">\n\t\t\t\t\t<div class=\"elementor-text-editor elementor-clearfix\"><p>* Especificaciones sujetas a cambios sin previo aviso, Todos los derechos reservados.<\/p><\/div>\n\t\t\t\t<\/div>\n\t\t\t\t<\/div>\n\t\t\t\t<div class=\"elementor-element elementor-element-11e396b2 elementor-widget elementor-widget-text-editor\" data-id=\"11e396b2\" data-element_type=\"widget\" data-widget_type=\"text-editor.default\">\n\t\t\t\t<div class=\"elementor-widget-container\">\n\t\t\t\t\t<div class=\"elementor-text-editor elementor-clearfix\"><p>C\u00f3mo elegir la m\u00e1quina de llenado autom\u00e1tico de pist\u00f3n es un gran reto para los clientes, Si no est\u00e1 seguro de c\u00f3mo elegir una m\u00e1quina de llenado de pist\u00f3n, por favor h\u00e1gamelo saber<\/p>\n<p>- Qu\u00e9 producto rellenar<\/p>\n<p>- Qu\u00e9 capacidad de producci\u00f3n alcanzar<\/p>\n<p>- Material y forma de los contenedores<\/p>\n<p>- Qu\u00e9 tama\u00f1o de recipientes llenar<\/p>\n<p>Nuestro equipo de profesionales le ayudar\u00e1 a elegir<\/p>\n<p>P\u00f3ngase en contacto con nosotros para que le asesoremos sobre la mejor soluci\u00f3n para usted.<\/p><\/div>\n\t\t\t\t<\/div>\n\t\t\t\t<\/div>\n\t\t\t\t\t\t<\/div>\n\t\t\t<\/div>\n\t\t<\/div>\n\t\t\t\t<div class=\"elementor-element elementor-element-45b56432 elementor-column elementor-col-50 elementor-top-column\" data-id=\"45b56432\" data-element_type=\"column\">\n\t\t\t<div class=\"elementor-column-wrap  elementor-element-populated\">\n\t\t\t\t\t<div class=\"elementor-widget-wrap\">\n\t\t\t\t<div class=\"elementor-element elementor-element-1c4d07a6 elementor-widget elementor-widget-spacer\" data-id=\"1c4d07a6\" data-element_type=\"widget\" data-widget_type=\"spacer.default\">\n\t\t\t\t<div class=\"elementor-widget-container\">\n\t\t\t\t\t<div class=\"elementor-spacer\">\n\t\t\t<div class=\"elementor-spacer-inner\"><\/div>\n\t\t<\/div>\n\t\t\t\t<\/div>\n\t\t\t\t<\/div>\n\t\t\t\t<div class=\"elementor-element elementor-element-2506e992 elementor-widget elementor-widget-image\" data-id=\"2506e992\" data-element_type=\"widget\" data-widget_type=\"image.default\">\n\t\t\t\t<div class=\"elementor-widget-container\">\n\t\t\t\t\t<div class=\"elementor-image\">\n\t\t\t\t\t\t\t\t\t\t<img loading=\"lazy\" decoding=\"async\" width=\"315\" height=\"220\" src=\"https:\/\/focusonpack.com\/wp-content\/uploads\/2023\/07\/Liquid-filling-machine.jpg\" class=\"elementor-animation-grow attachment-full size-full\" alt=\"\" srcset=\"https:\/\/focusonpack.com\/wp-content\/uploads\/2023\/07\/Liquid-filling-machine.jpg 315w, https:\/\/focusonpack.com\/wp-content\/uploads\/2023\/07\/Liquid-filling-machine-300x210.jpg 300w\" sizes=\"auto, (max-width: 315px) 100vw, 315px\" \/>\t\t\t\t\t\t\t\t\t\t\t<\/div>\n\t\t\t\t<\/div>\n\t\t\t\t<\/div>\n\t\t\t\t<div class=\"elementor-element elementor-element-58221107 elementor-button-info elementor-align-center elementor-widget elementor-widget-button\" data-id=\"58221107\" data-element_type=\"widget\" data-widget_type=\"button.default\">\n\t\t\t\t<div class=\"elementor-widget-container\">\n\t\t\t\t\t<div class=\"elementor-button-wrapper\">\n\t\t\t<a href=\"https:\/\/focusonpack.com\/es\/contacto\/\" class=\"elementor-button-link elementor-button elementor-size-sm\" role=\"button\">\n\t\t\t\t\t\t<span class=\"elementor-button-content-wrapper\">\n\t\t\t\t\t\t<span class=\"elementor-button-text\">Solicitar presupuesto<\/span>\n\t\t<\/span>\n\t\t\t\t\t<\/a>\n\t\t<\/div>\n\t\t\t\t<\/div>\n\t\t\t\t<\/div>\n\t\t\t\t\t\t<\/div>\n\t\t\t<\/div>\n\t\t<\/div>\n\t\t\t\t\t\t<\/div>\n\t\t\t<\/div>\n\t\t<\/section>\n\t\t\t\t\t\t<\/div>\n\t\t\t<\/div>\n\t\t<\/div>","protected":false},"excerpt":{"rendered":"<p>Automatic Linear Piston Fillin&hellip;<\/p>","protected":false},"author":1,"featured_media":0,"parent":2495,"menu_order":0,"comment_status":"closed","ping_status":"closed","template":"elementor_header_footer","meta":{"footnotes":""},"class_list":["post-3309","page","type-page","status-publish","hentry","no-thumb"],"yoast_head":"<!-- This site is optimized with the Yoast SEO plugin v24.8.1 - https:\/\/yoast.com\/wordpress\/plugins\/seo\/ -->\n<title>Automatic Linear Piston Filling Machine - Focus on pack<\/title>\n<meta name=\"robots\" content=\"index, follow, max-snippet:-1, max-image-preview:large, max-video-preview:-1\" \/>\n<link rel=\"canonical\" href=\"https:\/\/focusonpack.com\/es\/maquina-llenadora-de-piston\/maquina-automatica-de-llenado-de-piston-lineal\/\" \/>\n<meta property=\"og:locale\" content=\"es_ES\" \/>\n<meta property=\"og:type\" content=\"article\" \/>\n<meta property=\"og:title\" content=\"Automatic Linear Piston Filling Machine - Focus on pack\" \/>\n<meta property=\"og:description\" content=\"Automatic Linear Piston Fillin&hellip;\" \/>\n<meta property=\"og:url\" content=\"https:\/\/focusonpack.com\/es\/maquina-llenadora-de-piston\/maquina-automatica-de-llenado-de-piston-lineal\/\" \/>\n<meta property=\"og:site_name\" content=\"Focus on pack\" \/>\n<meta property=\"article:modified_time\" content=\"2025-03-29T07:46:29+00:00\" \/>\n<meta property=\"og:image\" content=\"https:\/\/focusonpack.com\/wp-content\/uploads\/2023\/07\/Liquid-filling-machine.jpg\" \/>\n<meta name=\"twitter:card\" content=\"summary_large_image\" \/>\n<meta name=\"twitter:label1\" content=\"Tiempo de lectura\" \/>\n\t<meta name=\"twitter:data1\" content=\"4 minutos\" \/>\n<script type=\"application\/ld+json\" class=\"yoast-schema-graph\">{\"@context\":\"https:\/\/schema.org\",\"@graph\":[{\"@type\":\"WebPage\",\"@id\":\"https:\/\/focusonpack.com\/piston-filling-machine\/automatic-linear-piston-filling-machine\/\",\"url\":\"https:\/\/focusonpack.com\/piston-filling-machine\/automatic-linear-piston-filling-machine\/\",\"name\":\"Automatic Linear Piston Filling Machine - Focus on pack\",\"isPartOf\":{\"@id\":\"https:\/\/focusonpack.com\/#website\"},\"primaryImageOfPage\":{\"@id\":\"https:\/\/focusonpack.com\/piston-filling-machine\/automatic-linear-piston-filling-machine\/#primaryimage\"},\"image\":{\"@id\":\"https:\/\/focusonpack.com\/piston-filling-machine\/automatic-linear-piston-filling-machine\/#primaryimage\"},\"thumbnailUrl\":\"https:\/\/focusonpack.com\/wp-content\/uploads\/2023\/07\/Liquid-filling-machine.jpg\",\"datePublished\":\"2020-05-15T08:54:11+00:00\",\"dateModified\":\"2025-03-29T07:46:29+00:00\",\"breadcrumb\":{\"@id\":\"https:\/\/focusonpack.com\/piston-filling-machine\/automatic-linear-piston-filling-machine\/#breadcrumb\"},\"inLanguage\":\"es\",\"potentialAction\":[{\"@type\":\"ReadAction\",\"target\":[\"https:\/\/focusonpack.com\/piston-filling-machine\/automatic-linear-piston-filling-machine\/\"]}]},{\"@type\":\"ImageObject\",\"inLanguage\":\"es\",\"@id\":\"https:\/\/focusonpack.com\/piston-filling-machine\/automatic-linear-piston-filling-machine\/#primaryimage\",\"url\":\"https:\/\/focusonpack.com\/wp-content\/uploads\/2023\/07\/Liquid-filling-machine.jpg\",\"contentUrl\":\"https:\/\/focusonpack.com\/wp-content\/uploads\/2023\/07\/Liquid-filling-machine.jpg\"},{\"@type\":\"BreadcrumbList\",\"@id\":\"https:\/\/focusonpack.com\/piston-filling-machine\/automatic-linear-piston-filling-machine\/#breadcrumb\",\"itemListElement\":[{\"@type\":\"ListItem\",\"position\":1,\"name\":\"\u9996\u9875\",\"item\":\"https:\/\/focusonpack.com\/\"},{\"@type\":\"ListItem\",\"position\":2,\"name\":\"Piston Filling Machine\",\"item\":\"https:\/\/focusonpack.com\/piston-filling-machine\/\"},{\"@type\":\"ListItem\",\"position\":3,\"name\":\"Automatic Linear Piston Filling Machine\"}]},{\"@type\":\"WebSite\",\"@id\":\"https:\/\/focusonpack.com\/#website\",\"url\":\"https:\/\/focusonpack.com\/\",\"name\":\"Focus on pack\",\"description\":\"water processing line,package machine, filling machine\",\"potentialAction\":[{\"@type\":\"SearchAction\",\"target\":{\"@type\":\"EntryPoint\",\"urlTemplate\":\"https:\/\/focusonpack.com\/?s={search_term_string}\"},\"query-input\":{\"@type\":\"PropertyValueSpecification\",\"valueRequired\":true,\"valueName\":\"search_term_string\"}}],\"inLanguage\":\"es\"}]}<\/script>\n<!-- \/ Yoast SEO plugin. -->","yoast_head_json":{"title":"Automatic Linear Piston Filling Machine - Focus on pack","robots":{"index":"index","follow":"follow","max-snippet":"max-snippet:-1","max-image-preview":"max-image-preview:large","max-video-preview":"max-video-preview:-1"},"canonical":"https:\/\/focusonpack.com\/es\/maquina-llenadora-de-piston\/maquina-automatica-de-llenado-de-piston-lineal\/","og_locale":"es_ES","og_type":"article","og_title":"Automatic Linear Piston Filling Machine - Focus on pack","og_description":"Automatic Linear Piston Fillin&hellip;","og_url":"https:\/\/focusonpack.com\/es\/maquina-llenadora-de-piston\/maquina-automatica-de-llenado-de-piston-lineal\/","og_site_name":"Focus on pack","article_modified_time":"2025-03-29T07:46:29+00:00","og_image":[{"url":"https:\/\/focusonpack.com\/wp-content\/uploads\/2023\/07\/Liquid-filling-machine.jpg","type":"","width":"","height":""}],"twitter_card":"summary_large_image","twitter_misc":{"Tiempo de lectura":"4 minutos"},"schema":{"@context":"https:\/\/schema.org","@graph":[{"@type":"WebPage","@id":"https:\/\/focusonpack.com\/piston-filling-machine\/automatic-linear-piston-filling-machine\/","url":"https:\/\/focusonpack.com\/piston-filling-machine\/automatic-linear-piston-filling-machine\/","name":"Automatic Linear Piston Filling Machine - Focus on pack","isPartOf":{"@id":"https:\/\/focusonpack.com\/#website"},"primaryImageOfPage":{"@id":"https:\/\/focusonpack.com\/piston-filling-machine\/automatic-linear-piston-filling-machine\/#primaryimage"},"image":{"@id":"https:\/\/focusonpack.com\/piston-filling-machine\/automatic-linear-piston-filling-machine\/#primaryimage"},"thumbnailUrl":"https:\/\/focusonpack.com\/wp-content\/uploads\/2023\/07\/Liquid-filling-machine.jpg","datePublished":"2020-05-15T08:54:11+00:00","dateModified":"2025-03-29T07:46:29+00:00","breadcrumb":{"@id":"https:\/\/focusonpack.com\/piston-filling-machine\/automatic-linear-piston-filling-machine\/#breadcrumb"},"inLanguage":"es","potentialAction":[{"@type":"ReadAction","target":["https:\/\/focusonpack.com\/piston-filling-machine\/automatic-linear-piston-filling-machine\/"]}]},{"@type":"ImageObject","inLanguage":"es","@id":"https:\/\/focusonpack.com\/piston-filling-machine\/automatic-linear-piston-filling-machine\/#primaryimage","url":"https:\/\/focusonpack.com\/wp-content\/uploads\/2023\/07\/Liquid-filling-machine.jpg","contentUrl":"https:\/\/focusonpack.com\/wp-content\/uploads\/2023\/07\/Liquid-filling-machine.jpg"},{"@type":"BreadcrumbList","@id":"https:\/\/focusonpack.com\/piston-filling-machine\/automatic-linear-piston-filling-machine\/#breadcrumb","itemListElement":[{"@type":"ListItem","position":1,"name":"\u9996\u9875","item":"https:\/\/focusonpack.com\/"},{"@type":"ListItem","position":2,"name":"Piston Filling Machine","item":"https:\/\/focusonpack.com\/piston-filling-machine\/"},{"@type":"ListItem","position":3,"name":"Automatic Linear Piston Filling Machine"}]},{"@type":"WebSite","@id":"https:\/\/focusonpack.com\/#website","url":"https:\/\/focusonpack.com\/","name":"Focus on pack","description":"water processing line,package machine, filling machine","potentialAction":[{"@type":"SearchAction","target":{"@type":"EntryPoint","urlTemplate":"https:\/\/focusonpack.com\/?s={search_term_string}"},"query-input":{"@type":"PropertyValueSpecification","valueRequired":true,"valueName":"search_term_string"}}],"inLanguage":"es"}]}},"_links":{"self":[{"href":"https:\/\/focusonpack.com\/es\/wp-json\/wp\/v2\/pages\/3309","targetHints":{"allow":["GET"]}}],"collection":[{"href":"https:\/\/focusonpack.com\/es\/wp-json\/wp\/v2\/pages"}],"about":[{"href":"https:\/\/focusonpack.com\/es\/wp-json\/wp\/v2\/types\/page"}],"author":[{"embeddable":true,"href":"https:\/\/focusonpack.com\/es\/wp-json\/wp\/v2\/users\/1"}],"replies":[{"embeddable":true,"href":"https:\/\/focusonpack.com\/es\/wp-json\/wp\/v2\/comments?post=3309"}],"version-history":[{"count":12,"href":"https:\/\/focusonpack.com\/es\/wp-json\/wp\/v2\/pages\/3309\/revisions"}],"predecessor-version":[{"id":4623,"href":"https:\/\/focusonpack.com\/es\/wp-json\/wp\/v2\/pages\/3309\/revisions\/4623"}],"up":[{"embeddable":true,"href":"https:\/\/focusonpack.com\/es\/wp-json\/wp\/v2\/pages\/2495"}],"wp:attachment":[{"href":"https:\/\/focusonpack.com\/es\/wp-json\/wp\/v2\/media?parent=3309"}],"curies":[{"name":"wp","href":"https:\/\/api.w.org\/{rel}","templated":true}]}}