{"id":3312,"date":"2020-05-15T16:54:17","date_gmt":"2020-05-15T08:54:17","guid":{"rendered":"https:\/\/focusonpack.com\/?page_id=3312"},"modified":"2025-03-29T15:35:39","modified_gmt":"2025-03-29T07:35:39","slug":"dual-lane-volumetric-bottle-liquid-filler-machine","status":"publish","type":"page","link":"https:\/\/focusonpack.com\/es\/maquina-de-llenado-por-gravedad\/dual-lane-volumetric-bottle-liquid-filler-machine\/","title":{"rendered":"M\u00e1quina llenadora volum\u00e9trica de botellas de l\u00edquido de doble v\u00eda"},"content":{"rendered":"<div data-elementor-type=\"wp-page\" data-elementor-id=\"3312\" class=\"elementor elementor-3312\" data-elementor-settings=\"[]\">\n\t\t\t<div class=\"elementor-inner\">\n\t\t\t\t<div class=\"elementor-section-wrap\">\n\t\t\t\t\t\t\t<section class=\"elementor-element elementor-element-525d593d elementor-section-boxed elementor-section-height-default elementor-section-height-default elementor-section elementor-top-section\" data-id=\"525d593d\" data-element_type=\"section\">\n\t\t\t\t\t\t<div class=\"elementor-container elementor-column-gap-default\">\n\t\t\t\t<div class=\"elementor-row\">\n\t\t\t\t<div class=\"elementor-element elementor-element-44340978 elementor-column elementor-col-50 elementor-top-column\" data-id=\"44340978\" data-element_type=\"column\">\n\t\t\t<div class=\"elementor-column-wrap  elementor-element-populated\">\n\t\t\t\t\t<div class=\"elementor-widget-wrap\">\n\t\t\t\t<div class=\"elementor-element elementor-element-3ed02a76 elementor-widget elementor-widget-heading\" data-id=\"3ed02a76\" data-element_type=\"widget\" data-widget_type=\"heading.default\">\n\t\t\t\t<div class=\"elementor-widget-container\">\n\t\t\t<h3 class=\"elementor-heading-title elementor-size-default\">M\u00e1quina llenadora volum\u00e9trica de botellas de l\u00edquido de doble v\u00eda<\/h3>\t\t<\/div>\n\t\t\t\t<\/div>\n\t\t\t\t<div class=\"elementor-element elementor-element-6fbb4159 elementor-widget elementor-widget-text-editor\" data-id=\"6fbb4159\" data-element_type=\"widget\" data-widget_type=\"text-editor.default\">\n\t\t\t\t<div class=\"elementor-widget-container\">\n\t\t\t\t\t<div class=\"elementor-text-editor elementor-clearfix\"><p>Dual lane volumetric filler is designed to provide high speed, no-drip and parallel processing with an output up to 150 containers per minute, increase production by 100% while preserving valuable line space and offer you maximum efficiency in your line. Models of dual lane liquid fillers are available in two to sixteen filling station configuration per lane. As one set of containers are being filled, the other are being transferred, the flow never stops.<\/p><\/div>\n\t\t\t\t<\/div>\n\t\t\t\t<\/div>\n\t\t\t\t<div class=\"elementor-element elementor-element-2f9664bf elementor-widget elementor-widget-text-editor\" data-id=\"2f9664bf\" data-element_type=\"widget\" data-widget_type=\"text-editor.default\">\n\t\t\t\t<div class=\"elementor-widget-container\">\n\t\t\t\t\t<div class=\"elementor-text-editor elementor-clearfix\"><p>The dual lane liquid filler designed for this customer&#8217;s application is volumetric system, configured to meet sanitary food grade standards, and equipped with air operated electronically controlled valve to ensure clean no-drip fills. A special shut off diving nozzle system, which allows for high speed, no-splash filling, has an adjustable dive and withdrawal speed. Dive depth is quickly set using a mechanical stop with quick release fasteners. The nozzle rack is adjusted easily for proper vertical and horizontal positioning for various size containers. No-tool adjustments are made using handwheels or quick release fasteners. All adjustments to the diving nozzle system and the nozzle rack can be made easily without the use of any tools.<\/p><\/div>\n\t\t\t\t<\/div>\n\t\t\t\t<\/div>\n\t\t\t\t<div class=\"elementor-element elementor-element-62c5b550 elementor-widget elementor-widget-heading\" data-id=\"62c5b550\" data-element_type=\"widget\" data-widget_type=\"heading.default\">\n\t\t\t\t<div class=\"elementor-widget-container\">\n\t\t\t<h3 class=\"elementor-heading-title elementor-size-default\">Caracter\u00edsticas principales<\/h3>\t\t<\/div>\n\t\t\t\t<\/div>\n\t\t\t\t<div class=\"elementor-element elementor-element-7b5361ac elementor-widget elementor-widget-text-editor\" data-id=\"7b5361ac\" data-element_type=\"widget\" data-widget_type=\"text-editor.default\">\n\t\t\t\t<div class=\"elementor-widget-container\">\n\t\t\t\t\t<div class=\"elementor-text-editor elementor-clearfix\"><p>\u2022 Heavy duty stainless steel construction<\/p>\n<p>- Acero inoxidable Dep\u00f3sito<\/p>\n<p>- Sistema autom\u00e1tico de flotador detector del nivel de producto<\/p>\n<p>\u2022 Guaranteed accuracy +\/-1%<\/p>\n<p>\u2022 Wide fill range and container sizes<\/p>\n<p>\u2022 Positive shut-off &amp; drip-free nozzle designs<\/p>\n<p>- Controles PLC f\u00e1ciles de usar con HMI de pantalla t\u00e1ctil<\/p>\n<p>\u2022 Dual gate indexing with neck clamp positioning<\/p>\n<p>\u2022 Single lane infeed with lane diverter<\/p>\n<p>\u2022 No container\/ No fill<\/p>\n<p>\u2022 Choice of top fill, bottom-up or laminar flow<\/p>\n<p>\u2022 Programmable flow and fill rates<\/p>\n<p>\u2022 Perfected and proven RVM performance<\/p>\n<p>\u2022 Change-over without parts and &#8220;no tools<\/p><\/div>\n\t\t\t\t<\/div>\n\t\t\t\t<\/div>\n\t\t\t\t<div class=\"elementor-element elementor-element-3e52b929 elementor-widget elementor-widget-heading\" data-id=\"3e52b929\" data-element_type=\"widget\" data-widget_type=\"heading.default\">\n\t\t\t\t<div class=\"elementor-widget-container\">\n\t\t\t<h3 class=\"elementor-heading-title elementor-size-default\">Especificaciones t\u00e9cnicas<\/h3>\t\t<\/div>\n\t\t\t\t<\/div>\n\t\t\t\t<div class=\"elementor-element elementor-element-347a823f elementor-widget elementor-widget-text-editor\" data-id=\"347a823f\" data-element_type=\"widget\" data-widget_type=\"text-editor.default\">\n\t\t\t\t<div class=\"elementor-widget-container\">\n\t\t\t\t\t<div class=\"elementor-text-editor elementor-clearfix\"><table style=\"width: 760px;\" border=\"0\" width=\"760\" cellspacing=\"0\" cellpadding=\"0\"><colgroup><col style=\"width: 116.25pt;\" width=\"155\" \/> <col style=\"width: 411.00pt;\" width=\"548\" \/> <\/colgroup>\n<tbody>\n<tr style=\"height: 15.00pt;\">\n<td class=\"et2\" style=\"height: 15.00pt; width: 116.25pt;\" width=\"155\" height=\"20\">N\u00ba de cabezales de llenado\u00a0<\/td>\n<td class=\"et2\" style=\"width: 411.00pt;\" width=\"548\">16&#215;2<\/td>\n<\/tr>\n<tr style=\"height: 15.00pt;\">\n<td class=\"et2\" style=\"height: 15.00pt;\" height=\"20\">Filling Size<\/td>\n<td class=\"et2\">40-1000ml<\/td>\n<\/tr>\n<tr style=\"height: 15.00pt;\">\n<td class=\"et2\" style=\"height: 15.00pt;\" height=\"20\">Capacidad de producci\u00f3n\u00a0<\/td>\n<td class=\"et2\">9000BPH based on 100ml(depending on liquid characters and container size)<\/td>\n<\/tr>\n<tr style=\"height: 15.00pt;\">\n<td class=\"et2\" style=\"height: 15.00pt;\" height=\"20\">Filling Accuracy\u00a0<\/td>\n<td class=\"et2\">\u00b11%<\/td>\n<\/tr>\n<tr style=\"height: 15.00pt;\">\n<td class=\"et2\" style=\"height: 15.00pt;\" height=\"20\">Di\u00e1metro del contenedor\u00a0<\/td>\n<td class=\"et2\">40-100mm<\/td>\n<\/tr>\n<tr style=\"height: 15.00pt;\">\n<td class=\"et2\" style=\"height: 15.00pt;\" height=\"20\">Altura del contenedor<\/td>\n<td class=\"et2\">60-300mm<\/td>\n<\/tr>\n<tr style=\"height: 15.00pt;\">\n<td class=\"et2\" style=\"height: 15.00pt;\" height=\"20\">Presi\u00f3n atmosf\u00e9rica\u00a0<\/td>\n<td class=\"et2\">0.6-0.8MPA<\/td>\n<\/tr>\n<tr style=\"height: 15.00pt;\">\n<td class=\"et2\" style=\"height: 15.00pt;\" height=\"20\">Consumo de energ\u00eda\u00a0<\/td>\n<td class=\"et2\">2KW<\/td>\n<\/tr>\n<tr style=\"height: 15.00pt;\">\n<td class=\"et2\" style=\"height: 15.00pt;\" height=\"20\">Suministro el\u00e9ctrico\u00a0<\/td>\n<td class=\"et2\">220\/110V 50\/60HZ 1PH<\/td>\n<\/tr>\n<tr style=\"height: 15.00pt;\">\n<td class=\"et2\" style=\"height: 15.00pt;\" height=\"20\">Peso de la m\u00e1quina\u00a0<\/td>\n<td class=\"et2\">950kgs<\/td>\n<\/tr>\n<tr style=\"height: 15.00pt;\">\n<td class=\"et2\" style=\"height: 15.00pt;\" height=\"20\">Dimensi\u00f3n de la m\u00e1quina<\/td>\n<td class=\"et2\">1950x1350x2400mm<\/td>\n<\/tr>\n<\/tbody>\n<\/table><\/div>\n\t\t\t\t<\/div>\n\t\t\t\t<\/div>\n\t\t\t\t<div class=\"elementor-element elementor-element-668c515e elementor-widget elementor-widget-text-editor\" data-id=\"668c515e\" data-element_type=\"widget\" data-widget_type=\"text-editor.default\">\n\t\t\t\t<div class=\"elementor-widget-container\">\n\t\t\t\t\t<div class=\"elementor-text-editor elementor-clearfix\"><p>* Especificaciones sujetas a cambios sin previo aviso, Todos los derechos reservados.<\/p><\/div>\n\t\t\t\t<\/div>\n\t\t\t\t<\/div>\n\t\t\t\t<div class=\"elementor-element elementor-element-76dd4ff1 elementor-widget elementor-widget-heading\" data-id=\"76dd4ff1\" data-element_type=\"widget\" data-widget_type=\"heading.default\">\n\t\t\t\t<div class=\"elementor-widget-container\">\n\t\t\t<h3 class=\"elementor-heading-title elementor-size-default\">How to choose dual lane volumetric liquid bottle filler<\/h3>\t\t<\/div>\n\t\t\t\t<\/div>\n\t\t\t\t<div class=\"elementor-element elementor-element-1a8b6097 elementor-widget elementor-widget-text-editor\" data-id=\"1a8b6097\" data-element_type=\"widget\" data-widget_type=\"text-editor.default\">\n\t\t\t\t<div class=\"elementor-widget-container\">\n\t\t\t\t\t<div class=\"elementor-text-editor elementor-clearfix\"><p>advice on the best filing machine to fit your requirements.<\/p>\n<p>- Qu\u00e9 producto rellenar<\/p>\n<p>- Qu\u00e9 capacidad de producci\u00f3n alcanzar<\/p>\n<p>- Material y forma de los contenedores<\/p>\n<p>\u2022 What size to fill<\/p><\/div>\n\t\t\t\t<\/div>\n\t\t\t\t<\/div>\n\t\t\t\t\t\t<\/div>\n\t\t\t<\/div>\n\t\t<\/div>\n\t\t\t\t<div class=\"elementor-element elementor-element-372996ba elementor-column elementor-col-50 elementor-top-column\" data-id=\"372996ba\" data-element_type=\"column\">\n\t\t\t<div class=\"elementor-column-wrap  elementor-element-populated\">\n\t\t\t\t\t<div class=\"elementor-widget-wrap\">\n\t\t\t\t<div class=\"elementor-element elementor-element-700ca572 elementor-widget elementor-widget-image\" data-id=\"700ca572\" data-element_type=\"widget\" data-widget_type=\"image.default\">\n\t\t\t\t<div class=\"elementor-widget-container\">\n\t\t\t\t\t<div class=\"elementor-image\">\n\t\t\t\t\t\t\t\t\t\t<img loading=\"lazy\" decoding=\"async\" width=\"288\" height=\"350\" src=\"https:\/\/focusonpack.com\/wp-content\/uploads\/2023\/07\/dual-lane0.jpg\" class=\"elementor-animation-grow attachment-full size-full\" alt=\"\" srcset=\"https:\/\/focusonpack.com\/wp-content\/uploads\/2023\/07\/dual-lane0.jpg 288w, https:\/\/focusonpack.com\/wp-content\/uploads\/2023\/07\/dual-lane0-247x300.jpg 247w\" sizes=\"auto, (max-width: 288px) 100vw, 288px\" \/>\t\t\t\t\t\t\t\t\t\t\t<\/div>\n\t\t\t\t<\/div>\n\t\t\t\t<\/div>\n\t\t\t\t<div class=\"elementor-element elementor-element-427be5ee elementor-button-info elementor-align-center elementor-widget elementor-widget-button\" data-id=\"427be5ee\" data-element_type=\"widget\" data-widget_type=\"button.default\">\n\t\t\t\t<div class=\"elementor-widget-container\">\n\t\t\t\t\t<div class=\"elementor-button-wrapper\">\n\t\t\t<a href=\"https:\/\/focusonpack.com\/es\/contacto\/\" class=\"elementor-button-link elementor-button elementor-size-sm\" role=\"button\">\n\t\t\t\t\t\t<span class=\"elementor-button-content-wrapper\">\n\t\t\t\t\t\t<span class=\"elementor-button-text\">Solicitar presupuesto<\/span>\n\t\t<\/span>\n\t\t\t\t\t<\/a>\n\t\t<\/div>\n\t\t\t\t<\/div>\n\t\t\t\t<\/div>\n\t\t\t\t\t\t<\/div>\n\t\t\t<\/div>\n\t\t<\/div>\n\t\t\t\t\t\t<\/div>\n\t\t\t<\/div>\n\t\t<\/section>\n\t\t\t\t\t\t<\/div>\n\t\t\t<\/div>\n\t\t<\/div>","protected":false},"excerpt":{"rendered":"<p>Dual Lane Volumetric Bottle Li&hellip;<\/p>","protected":false},"author":1,"featured_media":0,"parent":2496,"menu_order":0,"comment_status":"closed","ping_status":"closed","template":"elementor_header_footer","meta":{"footnotes":""},"class_list":["post-3312","page","type-page","status-publish","hentry","no-thumb"],"yoast_head":"<!-- This site is optimized with the Yoast SEO plugin v24.8.1 - https:\/\/yoast.com\/wordpress\/plugins\/seo\/ -->\n<title>Dual Lane Volumetric Bottle Liquid Filler Machine - Focus on pack<\/title>\n<meta name=\"robots\" content=\"index, follow, max-snippet:-1, max-image-preview:large, max-video-preview:-1\" \/>\n<link rel=\"canonical\" href=\"https:\/\/focusonpack.com\/es\/maquina-de-llenado-por-gravedad\/dual-lane-volumetric-bottle-liquid-filler-machine\/\" \/>\n<meta property=\"og:locale\" content=\"es_ES\" \/>\n<meta property=\"og:type\" content=\"article\" \/>\n<meta property=\"og:title\" content=\"Dual Lane Volumetric Bottle Liquid Filler Machine - Focus on pack\" \/>\n<meta property=\"og:description\" content=\"Dual Lane Volumetric Bottle Li&hellip;\" \/>\n<meta property=\"og:url\" content=\"https:\/\/focusonpack.com\/es\/maquina-de-llenado-por-gravedad\/dual-lane-volumetric-bottle-liquid-filler-machine\/\" \/>\n<meta property=\"og:site_name\" content=\"Focus on pack\" \/>\n<meta property=\"article:modified_time\" content=\"2025-03-29T07:35:39+00:00\" \/>\n<meta property=\"og:image\" content=\"https:\/\/focusonpack.com\/wp-content\/uploads\/2023\/07\/dual-lane0.jpg\" \/>\n<meta name=\"twitter:card\" content=\"summary_large_image\" \/>\n<meta name=\"twitter:label1\" content=\"Tiempo de lectura\" \/>\n\t<meta name=\"twitter:data1\" content=\"3 minutos\" \/>\n<script type=\"application\/ld+json\" class=\"yoast-schema-graph\">{\"@context\":\"https:\/\/schema.org\",\"@graph\":[{\"@type\":\"WebPage\",\"@id\":\"https:\/\/focusonpack.com\/gravity-filling-machine\/dual-lane-volumetric-bottle-liquid-filler-machine\/\",\"url\":\"https:\/\/focusonpack.com\/gravity-filling-machine\/dual-lane-volumetric-bottle-liquid-filler-machine\/\",\"name\":\"Dual Lane Volumetric Bottle Liquid Filler Machine - Focus on pack\",\"isPartOf\":{\"@id\":\"https:\/\/focusonpack.com\/#website\"},\"primaryImageOfPage\":{\"@id\":\"https:\/\/focusonpack.com\/gravity-filling-machine\/dual-lane-volumetric-bottle-liquid-filler-machine\/#primaryimage\"},\"image\":{\"@id\":\"https:\/\/focusonpack.com\/gravity-filling-machine\/dual-lane-volumetric-bottle-liquid-filler-machine\/#primaryimage\"},\"thumbnailUrl\":\"https:\/\/focusonpack.com\/wp-content\/uploads\/2023\/07\/dual-lane0.jpg\",\"datePublished\":\"2020-05-15T08:54:17+00:00\",\"dateModified\":\"2025-03-29T07:35:39+00:00\",\"breadcrumb\":{\"@id\":\"https:\/\/focusonpack.com\/gravity-filling-machine\/dual-lane-volumetric-bottle-liquid-filler-machine\/#breadcrumb\"},\"inLanguage\":\"es\",\"potentialAction\":[{\"@type\":\"ReadAction\",\"target\":[\"https:\/\/focusonpack.com\/gravity-filling-machine\/dual-lane-volumetric-bottle-liquid-filler-machine\/\"]}]},{\"@type\":\"ImageObject\",\"inLanguage\":\"es\",\"@id\":\"https:\/\/focusonpack.com\/gravity-filling-machine\/dual-lane-volumetric-bottle-liquid-filler-machine\/#primaryimage\",\"url\":\"https:\/\/focusonpack.com\/wp-content\/uploads\/2023\/07\/dual-lane0.jpg\",\"contentUrl\":\"https:\/\/focusonpack.com\/wp-content\/uploads\/2023\/07\/dual-lane0.jpg\"},{\"@type\":\"BreadcrumbList\",\"@id\":\"https:\/\/focusonpack.com\/gravity-filling-machine\/dual-lane-volumetric-bottle-liquid-filler-machine\/#breadcrumb\",\"itemListElement\":[{\"@type\":\"ListItem\",\"position\":1,\"name\":\"\u9996\u9875\",\"item\":\"https:\/\/focusonpack.com\/\"},{\"@type\":\"ListItem\",\"position\":2,\"name\":\"Gravity Filling Machine\",\"item\":\"https:\/\/focusonpack.com\/gravity-filling-machine\/\"},{\"@type\":\"ListItem\",\"position\":3,\"name\":\"Dual Lane Volumetric Bottle Liquid Filler Machine\"}]},{\"@type\":\"WebSite\",\"@id\":\"https:\/\/focusonpack.com\/#website\",\"url\":\"https:\/\/focusonpack.com\/\",\"name\":\"Focus on pack\",\"description\":\"\",\"potentialAction\":[{\"@type\":\"SearchAction\",\"target\":{\"@type\":\"EntryPoint\",\"urlTemplate\":\"https:\/\/focusonpack.com\/?s={search_term_string}\"},\"query-input\":{\"@type\":\"PropertyValueSpecification\",\"valueRequired\":true,\"valueName\":\"search_term_string\"}}],\"inLanguage\":\"es\"}]}<\/script>\n<!-- \/ Yoast SEO plugin. -->","yoast_head_json":{"title":"Dual Lane Volumetric Bottle Liquid Filler Machine - Focus on pack","robots":{"index":"index","follow":"follow","max-snippet":"max-snippet:-1","max-image-preview":"max-image-preview:large","max-video-preview":"max-video-preview:-1"},"canonical":"https:\/\/focusonpack.com\/es\/maquina-de-llenado-por-gravedad\/dual-lane-volumetric-bottle-liquid-filler-machine\/","og_locale":"es_ES","og_type":"article","og_title":"Dual Lane Volumetric Bottle Liquid Filler Machine - Focus on pack","og_description":"Dual Lane Volumetric Bottle Li&hellip;","og_url":"https:\/\/focusonpack.com\/es\/maquina-de-llenado-por-gravedad\/dual-lane-volumetric-bottle-liquid-filler-machine\/","og_site_name":"Focus on pack","article_modified_time":"2025-03-29T07:35:39+00:00","og_image":[{"url":"https:\/\/focusonpack.com\/wp-content\/uploads\/2023\/07\/dual-lane0.jpg","type":"","width":"","height":""}],"twitter_card":"summary_large_image","twitter_misc":{"Tiempo de lectura":"3 minutos"},"schema":{"@context":"https:\/\/schema.org","@graph":[{"@type":"WebPage","@id":"https:\/\/focusonpack.com\/gravity-filling-machine\/dual-lane-volumetric-bottle-liquid-filler-machine\/","url":"https:\/\/focusonpack.com\/gravity-filling-machine\/dual-lane-volumetric-bottle-liquid-filler-machine\/","name":"Dual Lane Volumetric Bottle Liquid Filler Machine - Focus on pack","isPartOf":{"@id":"https:\/\/focusonpack.com\/#website"},"primaryImageOfPage":{"@id":"https:\/\/focusonpack.com\/gravity-filling-machine\/dual-lane-volumetric-bottle-liquid-filler-machine\/#primaryimage"},"image":{"@id":"https:\/\/focusonpack.com\/gravity-filling-machine\/dual-lane-volumetric-bottle-liquid-filler-machine\/#primaryimage"},"thumbnailUrl":"https:\/\/focusonpack.com\/wp-content\/uploads\/2023\/07\/dual-lane0.jpg","datePublished":"2020-05-15T08:54:17+00:00","dateModified":"2025-03-29T07:35:39+00:00","breadcrumb":{"@id":"https:\/\/focusonpack.com\/gravity-filling-machine\/dual-lane-volumetric-bottle-liquid-filler-machine\/#breadcrumb"},"inLanguage":"es","potentialAction":[{"@type":"ReadAction","target":["https:\/\/focusonpack.com\/gravity-filling-machine\/dual-lane-volumetric-bottle-liquid-filler-machine\/"]}]},{"@type":"ImageObject","inLanguage":"es","@id":"https:\/\/focusonpack.com\/gravity-filling-machine\/dual-lane-volumetric-bottle-liquid-filler-machine\/#primaryimage","url":"https:\/\/focusonpack.com\/wp-content\/uploads\/2023\/07\/dual-lane0.jpg","contentUrl":"https:\/\/focusonpack.com\/wp-content\/uploads\/2023\/07\/dual-lane0.jpg"},{"@type":"BreadcrumbList","@id":"https:\/\/focusonpack.com\/gravity-filling-machine\/dual-lane-volumetric-bottle-liquid-filler-machine\/#breadcrumb","itemListElement":[{"@type":"ListItem","position":1,"name":"\u9996\u9875","item":"https:\/\/focusonpack.com\/"},{"@type":"ListItem","position":2,"name":"Gravity Filling Machine","item":"https:\/\/focusonpack.com\/gravity-filling-machine\/"},{"@type":"ListItem","position":3,"name":"Dual Lane Volumetric Bottle Liquid Filler Machine"}]},{"@type":"WebSite","@id":"https:\/\/focusonpack.com\/#website","url":"https:\/\/focusonpack.com\/","name":"Focus on pack","description":"","potentialAction":[{"@type":"SearchAction","target":{"@type":"EntryPoint","urlTemplate":"https:\/\/focusonpack.com\/?s={search_term_string}"},"query-input":{"@type":"PropertyValueSpecification","valueRequired":true,"valueName":"search_term_string"}}],"inLanguage":"es"}]}},"_links":{"self":[{"href":"https:\/\/focusonpack.com\/es\/wp-json\/wp\/v2\/pages\/3312","targetHints":{"allow":["GET"]}}],"collection":[{"href":"https:\/\/focusonpack.com\/es\/wp-json\/wp\/v2\/pages"}],"about":[{"href":"https:\/\/focusonpack.com\/es\/wp-json\/wp\/v2\/types\/page"}],"author":[{"embeddable":true,"href":"https:\/\/focusonpack.com\/es\/wp-json\/wp\/v2\/users\/1"}],"replies":[{"embeddable":true,"href":"https:\/\/focusonpack.com\/es\/wp-json\/wp\/v2\/comments?post=3312"}],"version-history":[{"count":11,"href":"https:\/\/focusonpack.com\/es\/wp-json\/wp\/v2\/pages\/3312\/revisions"}],"predecessor-version":[{"id":4620,"href":"https:\/\/focusonpack.com\/es\/wp-json\/wp\/v2\/pages\/3312\/revisions\/4620"}],"up":[{"embeddable":true,"href":"https:\/\/focusonpack.com\/es\/wp-json\/wp\/v2\/pages\/2496"}],"wp:attachment":[{"href":"https:\/\/focusonpack.com\/es\/wp-json\/wp\/v2\/media?parent=3312"}],"curies":[{"name":"wp","href":"https:\/\/api.w.org\/{rel}","templated":true}]}}