{"id":3452,"date":"2020-05-16T13:37:00","date_gmt":"2020-05-16T05:37:00","guid":{"rendered":"https:\/\/focusonpack.com\/?page_id=3452"},"modified":"2023-07-21T14:23:38","modified_gmt":"2023-07-21T06:23:38","slug":"automatic-spindle-capping-machine-with-centrifugal-or-vibratory-feeder","status":"publish","type":"page","link":"https:\/\/focusonpack.com\/es\/taponadora-automatica-de-husillo-con-alimentador-centrifugo-o-vibratorio\/","title":{"rendered":"M\u00e1quina tapadora autom\u00e1tica de husillo con alimentador centr\u00edfugo o vibratorio"},"content":{"rendered":"<div data-elementor-type=\"wp-page\" data-elementor-id=\"3452\" class=\"elementor elementor-3452\" data-elementor-settings=\"[]\">\n\t\t\t<div class=\"elementor-inner\">\n\t\t\t\t<div class=\"elementor-section-wrap\">\n\t\t\t\t\t\t\t<section class=\"elementor-element elementor-element-5221eee elementor-section-boxed elementor-section-height-default elementor-section-height-default elementor-section elementor-top-section\" data-id=\"5221eee\" data-element_type=\"section\">\n\t\t\t\t\t\t<div class=\"elementor-container elementor-column-gap-default\">\n\t\t\t\t<div class=\"elementor-row\">\n\t\t\t\t<div class=\"elementor-element elementor-element-3894e649 elementor-column elementor-col-50 elementor-top-column\" data-id=\"3894e649\" data-element_type=\"column\">\n\t\t\t<div class=\"elementor-column-wrap  elementor-element-populated\">\n\t\t\t\t\t<div class=\"elementor-widget-wrap\">\n\t\t\t\t<div class=\"elementor-element elementor-element-435a2a83 elementor-widget elementor-widget-heading\" data-id=\"435a2a83\" data-element_type=\"widget\" data-widget_type=\"heading.default\">\n\t\t\t\t<div class=\"elementor-widget-container\">\n\t\t\t<h3 class=\"elementor-heading-title elementor-size-default\">M\u00e1quina tapadora autom\u00e1tica de husillo con alimentador centr\u00edfugo o vibratorio<\/h3>\t\t<\/div>\n\t\t\t\t<\/div>\n\t\t\t\t<div class=\"elementor-element elementor-element-16383f9d elementor-widget elementor-widget-text-editor\" data-id=\"16383f9d\" data-element_type=\"widget\" data-widget_type=\"text-editor.default\">\n\t\t\t\t<div class=\"elementor-widget-container\">\n\t\t\t\t\t<div class=\"elementor-text-editor elementor-clearfix\"><p>La taponadora autom\u00e1tica de husillo permite el taponado continuo de tapones de rosca en un sistema de envasado automatizado. se compone de tres m\u00f3dulos: la taponadora, la tolva de tapones y el clasificador de tapones, centr\u00edfugo o vibratorio seg\u00fan el tipo de tap\u00f3n. El clasificador de tapones orienta los tapones para su entrada final en la tolva y, a continuaci\u00f3n, los tapones entran en la taponadora. El dispositivo clasificador de tapones orienta los tapones en posici\u00f3n para su entrada final en el vertedero, despu\u00e9s los tapones entran en el vertedero. El cabezal de selecci\u00f3n sujeta los tapones en un lugar espec\u00edfico donde se colocan en las botellas a medida que \u00e9stas pasan. Cada tap\u00f3n es sujetado por dedos de acero inoxidable mientras espera una botella. A medida que la botella avanza por el transportador, el cuello de la botella atrapa el borde del tap\u00f3n y lo arrastra fuera del cabezal de recogida con una acci\u00f3n de nivelaci\u00f3n asistida por la placa niveladora, que se fabrica a medida para cada tama\u00f1o de tap\u00f3n. Una barra estabilizadora mantiene el tap\u00f3n en su sitio cuando el envase empieza a pasar por la taponadora. Los tapones que pasan por la taponadora de husillo se enroscan mediante conjuntos de husillos de apriete. Cada conjunto de husillos de la taponadora de husillo apretar\u00e1 el tap\u00f3n en el envase hasta que se alcance el par de apriete ideal. Cada juego de husillos de la taponadora de husillo apretar\u00e1 el tap\u00f3n en el envase hasta alcanzar el par de apriete ideal. Los husillos de apriete pueden elevarse o bajarse para adaptarse a envases de diferentes tama\u00f1os. Del mismo modo, la taponadora de husillo permite ampliar o reducir el espacio entre los conjuntos de husillos, lo que tambi\u00e9n permite a la taponadora manejar una gama de anchos de envase.<\/p><\/div>\n\t\t\t\t<\/div>\n\t\t\t\t<\/div>\n\t\t\t\t<div class=\"elementor-element elementor-element-65c0c683 elementor-widget elementor-widget-heading\" data-id=\"65c0c683\" data-element_type=\"widget\" data-widget_type=\"heading.default\">\n\t\t\t\t<div class=\"elementor-widget-container\">\n\t\t\t<h3 class=\"elementor-heading-title elementor-size-default\">Caracter\u00edsticas principales<\/h3>\t\t<\/div>\n\t\t\t\t<\/div>\n\t\t\t\t<div class=\"elementor-element elementor-element-75b10bfa elementor-widget elementor-widget-text-editor\" data-id=\"75b10bfa\" data-element_type=\"widget\" data-widget_type=\"text-editor.default\">\n\t\t\t\t<div class=\"elementor-widget-container\">\n\t\t\t\t\t<div class=\"elementor-text-editor elementor-clearfix\"><p>Coloque y apriete una amplia gama de tipos de tapones, incluidos<\/p><p>Tapas planas, ovaladas, abatibles, con tirador, de seguridad, a prueba de ni\u00f1os, deportivas, sobretapas con<\/p><p>juntas de inducci\u00f3n<\/p><p>Manipula una gran variedad de tipos de botellas, como PET, PP, PVC, HDPE, LDPE y vidrio, as\u00ed como diversas formas.<\/p><p>y tama\u00f1os<\/p><p>Estructura de acero inoxidable 304 de gran resistencia y componentes de aluminio anodizado<\/p><p>El dise\u00f1o de bastidor en C se enrolla en el transportador existente<\/p><p>Vibratoria o centr\u00edfuga opcional en funci\u00f3n de las c\u00e1psulas<\/p><p>Un elevador de tapa opcional utilizado para aumentar la eficacia<\/p><p>Controles de accionamiento de velocidad variable para ruedas de husillo y correas de pinzas<\/p><p>Vertedor de tapas de acero inoxidable, sin herramientas para facilitar el cambio<\/p><p>Un estabilizador de tapones para facilitar el arranque de los tapones<\/p><p>Conjunto de cintas de sujeci\u00f3n con cintas de sujeci\u00f3n de botellas ajustables<\/p><p>Seis husillos de apriete (tres juegos)<\/p><p>Husillos ajustables individualmente con pomos de bloqueo<\/p><p>Ajuste el\u00e9ctrico de la altura para diferentes alturas de botella<\/p><p>Cambio sin herramientas para diferentes tama\u00f1os de botellas y tapones<\/p><p>Montado sobre ruedas para mayor portabilidad con niveladores resistentes a las vibraciones<\/p><p>Paneles de acceso a la carrocer\u00eda f\u00e1cilmente desmontables<\/p><p>No es necesario ning\u00fan operario de la taponadora una vez que los tapones est\u00e1n en el dispositivo de clasificaci\u00f3n<\/p><\/div>\n\t\t\t\t<\/div>\n\t\t\t\t<\/div>\n\t\t\t\t<div class=\"elementor-element elementor-element-1bb98d3a elementor-widget elementor-widget-heading\" data-id=\"1bb98d3a\" data-element_type=\"widget\" data-widget_type=\"heading.default\">\n\t\t\t\t<div class=\"elementor-widget-container\">\n\t\t\t<h3 class=\"elementor-heading-title elementor-size-default\">Especificaciones t\u00e9cnicas<\/h3>\t\t<\/div>\n\t\t\t\t<\/div>\n\t\t\t\t<div class=\"elementor-element elementor-element-2d7cd74c elementor-widget elementor-widget-text-editor\" data-id=\"2d7cd74c\" data-element_type=\"widget\" data-widget_type=\"text-editor.default\">\n\t\t\t\t<div class=\"elementor-widget-container\">\n\t\t\t\t\t<div class=\"elementor-text-editor elementor-clearfix\"><table border=\"0\" cellpadding=\"0\" cellspacing=\"0\" width=\"664\" height=\"180\" style=\"width: 498.02pt;\">\n <colgroup><col width=\"192\" style=\"width:144.00pt;\">\n <col width=\"235\" style=\"width:176.25pt;\">\n <col width=\"237\" style=\"width:177.75pt;\">\n <\/colgroup><tbody><tr height=\"20\" style=\"height:15.00pt;\">\n  <td class=\"et2\" height=\"20\" width=\"192\" x:str=\"\" style=\"height:15.00pt;width:144.00pt;\">Capacidad&nbsp;<\/td>\n  <td class=\"et2\" width=\"235\" x:str=\"\" style=\"width:176.25pt;\">\u22648000BPH&nbsp;<\/td>\n  <td class=\"et2\" width=\"237\" x:str=\"\" style=\"width:177.75pt;\">4500BPH<\/td>\n <\/tr>\n <tr height=\"20\" style=\"height:15.00pt;\">\n  <td class=\"et2\" height=\"20\" x:str=\"\" style=\"height:15.00pt;\">Di\u00e1metro de la botella<\/td>\n  <td class=\"et2\" x:str=\"\">\u03a635-140mm<\/td>\n  <td class=\"et2\" x:str=\"\">\u03a650-100mm<\/td>\n <\/tr>\n <tr height=\"20\" style=\"height:15.00pt;\">\n  <td class=\"et2\" height=\"20\" x:str=\"\" style=\"height:15.00pt;\">Altura de la botella<\/td>\n  <td class=\"et2\" x:str=\"\">50-300 mm&nbsp;<\/td>\n  <td class=\"et2\" x:str=\"\">50-200mm<\/td>\n <\/tr>\n <tr height=\"20\" style=\"height:15.00pt;\">\n  <td class=\"et2\" height=\"20\" x:str=\"\" style=\"height:15.00pt;\">Di\u00e1metro de la tapa&nbsp;<\/td>\n  <td class=\"et2\" x:str=\"\">\u03a615-70mm<\/td>\n  <td class=\"et2\" x:str=\"\">\u03a630-100mm<\/td>\n <\/tr>\n <tr height=\"20\" style=\"height:15.00pt;\">\n  <td class=\"et2\" height=\"20\" x:str=\"\" style=\"height:15.00pt;\">Presi\u00f3n atmosf\u00e9rica<\/td>\n  <td class=\"et2\" x:str=\"\">0,6-0,8Mpa<\/td>\n  <td class=\"et2\" x:str=\"\">0,6-0,8Mpa<\/td>\n <\/tr>\n <tr height=\"20\" style=\"height:15.00pt;\">\n  <td class=\"et2\" height=\"20\" x:str=\"\" style=\"height:15.00pt;\">Tensi\u00f3n&nbsp;<\/td>\n  <td class=\"et2\" x:str=\"\">AC 220V 50\/60HZ<\/td>\n  <td class=\"et2\" x:str=\"\">AC 220V 50\/60HZ<\/td>\n <\/tr>\n <tr height=\"20\" style=\"height:15.00pt;\">\n  <td class=\"et2\" height=\"20\" x:str=\"\" style=\"height:15.00pt;\">Consumo de energ\u00eda<\/td>\n  <td class=\"et2\" x:str=\"\">1,5 KW&nbsp;<\/td>\n  <td class=\"et2\" x:str=\"\">1,5 KW<\/td>\n <\/tr>\n <tr height=\"20\" style=\"height:15.00pt;\">\n  <td class=\"et2\" height=\"20\" x:str=\"\" style=\"height:15.00pt;\">Peso (aprox.)&nbsp;<\/td>\n  <td class=\"et2\" x:str=\"\">750KGS&nbsp;<\/td>\n  <td class=\"et2\" x:str=\"\">650KGS<\/td>\n <\/tr>\n <tr height=\"20\" style=\"height:15.00pt;\">\n  <td class=\"et2\" height=\"20\" x:str=\"\" style=\"height:15.00pt;\">Dimensi\u00f3n&nbsp;<\/td>\n  <td class=\"et2\" x:str=\"\">2000(L) x 930(A) x 2100(Al)mm<\/td>\n  <td class=\"et2\" x:str=\"\">2000(L) x 930(A) x 2100(Al)mm<\/td>\n <\/tr>\n<\/tbody><\/table><\/div>\n\t\t\t\t<\/div>\n\t\t\t\t<\/div>\n\t\t\t\t<div class=\"elementor-element elementor-element-1ee29f14 elementor-widget elementor-widget-text-editor\" data-id=\"1ee29f14\" data-element_type=\"widget\" data-widget_type=\"text-editor.default\">\n\t\t\t\t<div class=\"elementor-widget-container\">\n\t\t\t\t\t<div class=\"elementor-text-editor elementor-clearfix\"><p>\uf013 Especificaciones sujetas a cambios sin previo aviso, Todos los derechos reservados.<\/p><\/div>\n\t\t\t\t<\/div>\n\t\t\t\t<\/div>\n\t\t\t\t\t\t<\/div>\n\t\t\t<\/div>\n\t\t<\/div>\n\t\t\t\t<div class=\"elementor-element elementor-element-170dac5f elementor-column elementor-col-50 elementor-top-column\" data-id=\"170dac5f\" data-element_type=\"column\">\n\t\t\t<div class=\"elementor-column-wrap  elementor-element-populated\">\n\t\t\t\t\t<div class=\"elementor-widget-wrap\">\n\t\t\t\t<div class=\"elementor-element elementor-element-7e167f6f elementor-widget elementor-widget-spacer\" data-id=\"7e167f6f\" data-element_type=\"widget\" data-widget_type=\"spacer.default\">\n\t\t\t\t<div class=\"elementor-widget-container\">\n\t\t\t\t\t<div class=\"elementor-spacer\">\n\t\t\t<div class=\"elementor-spacer-inner\"><\/div>\n\t\t<\/div>\n\t\t\t\t<\/div>\n\t\t\t\t<\/div>\n\t\t\t\t<div class=\"elementor-element elementor-element-62ecdb14 elementor-widget elementor-widget-image\" data-id=\"62ecdb14\" data-element_type=\"widget\" data-widget_type=\"image.default\">\n\t\t\t\t<div class=\"elementor-widget-container\">\n\t\t\t\t\t<div class=\"elementor-image\">\n\t\t\t\t\t\t\t\t\t\t<img loading=\"lazy\" decoding=\"async\" width=\"393\" height=\"629\" src=\"https:\/\/focusonpack.com\/wp-content\/uploads\/2023\/07\/capcap32.jpg\" class=\"attachment-full size-full\" alt=\"\" srcset=\"https:\/\/focusonpack.com\/wp-content\/uploads\/2023\/07\/capcap32.jpg 393w, https:\/\/focusonpack.com\/wp-content\/uploads\/2023\/07\/capcap32-187x300.jpg 187w\" sizes=\"auto, (max-width: 393px) 100vw, 393px\" \/>\t\t\t\t\t\t\t\t\t\t\t<\/div>\n\t\t\t\t<\/div>\n\t\t\t\t<\/div>\n\t\t\t\t<div class=\"elementor-element elementor-element-74a6e16 elementor-button-info elementor-align-center elementor-widget elementor-widget-button\" data-id=\"74a6e16\" data-element_type=\"widget\" data-widget_type=\"button.default\">\n\t\t\t\t<div class=\"elementor-widget-container\">\n\t\t\t\t\t<div class=\"elementor-button-wrapper\">\n\t\t\t<a href=\"https:\/\/focusonpack.com\/es\/contacto\/\" class=\"elementor-button-link elementor-button elementor-size-sm\" role=\"button\">\n\t\t\t\t\t\t<span class=\"elementor-button-content-wrapper\">\n\t\t\t\t\t\t<span class=\"elementor-button-text\">Solicitar presupuesto<\/span>\n\t\t<\/span>\n\t\t\t\t\t<\/a>\n\t\t<\/div>\n\t\t\t\t<\/div>\n\t\t\t\t<\/div>\n\t\t\t\t\t\t<\/div>\n\t\t\t<\/div>\n\t\t<\/div>\n\t\t\t\t\t\t<\/div>\n\t\t\t<\/div>\n\t\t<\/section>\n\t\t\t\t\t\t<\/div>\n\t\t\t<\/div>\n\t\t<\/div>","protected":false},"excerpt":{"rendered":"<p>Automatic Spindle Capping Mach&hellip;<\/p>","protected":false},"author":1,"featured_media":0,"parent":0,"menu_order":0,"comment_status":"closed","ping_status":"closed","template":"elementor_header_footer","meta":{"footnotes":""},"class_list":["post-3452","page","type-page","status-publish","hentry","no-thumb"],"yoast_head":"<!-- This site is optimized with the Yoast SEO plugin v24.8.1 - https:\/\/yoast.com\/wordpress\/plugins\/seo\/ -->\n<title>Automatic Spindle Capping Machine With Centrifugal Or Vibratory Feeder - Focus on pack<\/title>\n<meta name=\"robots\" content=\"index, follow, max-snippet:-1, max-image-preview:large, max-video-preview:-1\" \/>\n<link rel=\"canonical\" href=\"https:\/\/focusonpack.com\/es\/taponadora-automatica-de-husillo-con-alimentador-centrifugo-o-vibratorio\/\" \/>\n<meta property=\"og:locale\" content=\"es_ES\" \/>\n<meta property=\"og:type\" content=\"article\" \/>\n<meta property=\"og:title\" content=\"Automatic Spindle Capping Machine With Centrifugal Or Vibratory Feeder - Focus on pack\" \/>\n<meta property=\"og:description\" content=\"Automatic Spindle Capping Mach&hellip;\" \/>\n<meta property=\"og:url\" content=\"https:\/\/focusonpack.com\/es\/taponadora-automatica-de-husillo-con-alimentador-centrifugo-o-vibratorio\/\" \/>\n<meta property=\"og:site_name\" content=\"Focus on pack\" \/>\n<meta property=\"article:modified_time\" content=\"2023-07-21T06:23:38+00:00\" \/>\n<meta property=\"og:image\" content=\"https:\/\/focusonpack.com\/wp-content\/uploads\/2023\/07\/capcap32.jpg\" \/>\n<meta name=\"twitter:card\" content=\"summary_large_image\" \/>\n<meta name=\"twitter:label1\" content=\"Tiempo de lectura\" \/>\n\t<meta name=\"twitter:data1\" content=\"2 minutos\" \/>\n<script type=\"application\/ld+json\" class=\"yoast-schema-graph\">{\"@context\":\"https:\/\/schema.org\",\"@graph\":[{\"@type\":\"WebPage\",\"@id\":\"https:\/\/focusonpack.com\/automatic-spindle-capping-machine-with-centrifugal-or-vibratory-feeder\/\",\"url\":\"https:\/\/focusonpack.com\/automatic-spindle-capping-machine-with-centrifugal-or-vibratory-feeder\/\",\"name\":\"Automatic Spindle Capping Machine With Centrifugal Or Vibratory Feeder - Focus on pack\",\"isPartOf\":{\"@id\":\"https:\/\/focusonpack.com\/#website\"},\"primaryImageOfPage\":{\"@id\":\"https:\/\/focusonpack.com\/automatic-spindle-capping-machine-with-centrifugal-or-vibratory-feeder\/#primaryimage\"},\"image\":{\"@id\":\"https:\/\/focusonpack.com\/automatic-spindle-capping-machine-with-centrifugal-or-vibratory-feeder\/#primaryimage\"},\"thumbnailUrl\":\"https:\/\/focusonpack.com\/wp-content\/uploads\/2023\/07\/capcap32.jpg\",\"datePublished\":\"2020-05-16T05:37:00+00:00\",\"dateModified\":\"2023-07-21T06:23:38+00:00\",\"breadcrumb\":{\"@id\":\"https:\/\/focusonpack.com\/automatic-spindle-capping-machine-with-centrifugal-or-vibratory-feeder\/#breadcrumb\"},\"inLanguage\":\"es\",\"potentialAction\":[{\"@type\":\"ReadAction\",\"target\":[\"https:\/\/focusonpack.com\/automatic-spindle-capping-machine-with-centrifugal-or-vibratory-feeder\/\"]}]},{\"@type\":\"ImageObject\",\"inLanguage\":\"es\",\"@id\":\"https:\/\/focusonpack.com\/automatic-spindle-capping-machine-with-centrifugal-or-vibratory-feeder\/#primaryimage\",\"url\":\"https:\/\/focusonpack.com\/wp-content\/uploads\/2023\/07\/capcap32.jpg\",\"contentUrl\":\"https:\/\/focusonpack.com\/wp-content\/uploads\/2023\/07\/capcap32.jpg\"},{\"@type\":\"BreadcrumbList\",\"@id\":\"https:\/\/focusonpack.com\/automatic-spindle-capping-machine-with-centrifugal-or-vibratory-feeder\/#breadcrumb\",\"itemListElement\":[{\"@type\":\"ListItem\",\"position\":1,\"name\":\"\u9996\u9875\",\"item\":\"https:\/\/focusonpack.com\/\"},{\"@type\":\"ListItem\",\"position\":2,\"name\":\"Automatic Spindle Capping Machine With Centrifugal Or Vibratory Feeder\"}]},{\"@type\":\"WebSite\",\"@id\":\"https:\/\/focusonpack.com\/#website\",\"url\":\"https:\/\/focusonpack.com\/\",\"name\":\"Focus on pack\",\"description\":\"\",\"potentialAction\":[{\"@type\":\"SearchAction\",\"target\":{\"@type\":\"EntryPoint\",\"urlTemplate\":\"https:\/\/focusonpack.com\/?s={search_term_string}\"},\"query-input\":{\"@type\":\"PropertyValueSpecification\",\"valueRequired\":true,\"valueName\":\"search_term_string\"}}],\"inLanguage\":\"es\"}]}<\/script>\n<!-- \/ Yoast SEO plugin. -->","yoast_head_json":{"title":"Automatic Spindle Capping Machine With Centrifugal Or Vibratory Feeder - Focus on pack","robots":{"index":"index","follow":"follow","max-snippet":"max-snippet:-1","max-image-preview":"max-image-preview:large","max-video-preview":"max-video-preview:-1"},"canonical":"https:\/\/focusonpack.com\/es\/taponadora-automatica-de-husillo-con-alimentador-centrifugo-o-vibratorio\/","og_locale":"es_ES","og_type":"article","og_title":"Automatic Spindle Capping Machine With Centrifugal Or Vibratory Feeder - Focus on pack","og_description":"Automatic Spindle Capping Mach&hellip;","og_url":"https:\/\/focusonpack.com\/es\/taponadora-automatica-de-husillo-con-alimentador-centrifugo-o-vibratorio\/","og_site_name":"Focus on pack","article_modified_time":"2023-07-21T06:23:38+00:00","og_image":[{"url":"https:\/\/focusonpack.com\/wp-content\/uploads\/2023\/07\/capcap32.jpg","type":"","width":"","height":""}],"twitter_card":"summary_large_image","twitter_misc":{"Tiempo de lectura":"2 minutos"},"schema":{"@context":"https:\/\/schema.org","@graph":[{"@type":"WebPage","@id":"https:\/\/focusonpack.com\/automatic-spindle-capping-machine-with-centrifugal-or-vibratory-feeder\/","url":"https:\/\/focusonpack.com\/automatic-spindle-capping-machine-with-centrifugal-or-vibratory-feeder\/","name":"Automatic Spindle Capping Machine With Centrifugal Or Vibratory Feeder - Focus on pack","isPartOf":{"@id":"https:\/\/focusonpack.com\/#website"},"primaryImageOfPage":{"@id":"https:\/\/focusonpack.com\/automatic-spindle-capping-machine-with-centrifugal-or-vibratory-feeder\/#primaryimage"},"image":{"@id":"https:\/\/focusonpack.com\/automatic-spindle-capping-machine-with-centrifugal-or-vibratory-feeder\/#primaryimage"},"thumbnailUrl":"https:\/\/focusonpack.com\/wp-content\/uploads\/2023\/07\/capcap32.jpg","datePublished":"2020-05-16T05:37:00+00:00","dateModified":"2023-07-21T06:23:38+00:00","breadcrumb":{"@id":"https:\/\/focusonpack.com\/automatic-spindle-capping-machine-with-centrifugal-or-vibratory-feeder\/#breadcrumb"},"inLanguage":"es","potentialAction":[{"@type":"ReadAction","target":["https:\/\/focusonpack.com\/automatic-spindle-capping-machine-with-centrifugal-or-vibratory-feeder\/"]}]},{"@type":"ImageObject","inLanguage":"es","@id":"https:\/\/focusonpack.com\/automatic-spindle-capping-machine-with-centrifugal-or-vibratory-feeder\/#primaryimage","url":"https:\/\/focusonpack.com\/wp-content\/uploads\/2023\/07\/capcap32.jpg","contentUrl":"https:\/\/focusonpack.com\/wp-content\/uploads\/2023\/07\/capcap32.jpg"},{"@type":"BreadcrumbList","@id":"https:\/\/focusonpack.com\/automatic-spindle-capping-machine-with-centrifugal-or-vibratory-feeder\/#breadcrumb","itemListElement":[{"@type":"ListItem","position":1,"name":"\u9996\u9875","item":"https:\/\/focusonpack.com\/"},{"@type":"ListItem","position":2,"name":"Automatic Spindle Capping Machine With Centrifugal Or Vibratory Feeder"}]},{"@type":"WebSite","@id":"https:\/\/focusonpack.com\/#website","url":"https:\/\/focusonpack.com\/","name":"Focus on pack","description":"","potentialAction":[{"@type":"SearchAction","target":{"@type":"EntryPoint","urlTemplate":"https:\/\/focusonpack.com\/?s={search_term_string}"},"query-input":{"@type":"PropertyValueSpecification","valueRequired":true,"valueName":"search_term_string"}}],"inLanguage":"es"}]}},"_links":{"self":[{"href":"https:\/\/focusonpack.com\/es\/wp-json\/wp\/v2\/pages\/3452","targetHints":{"allow":["GET"]}}],"collection":[{"href":"https:\/\/focusonpack.com\/es\/wp-json\/wp\/v2\/pages"}],"about":[{"href":"https:\/\/focusonpack.com\/es\/wp-json\/wp\/v2\/types\/page"}],"author":[{"embeddable":true,"href":"https:\/\/focusonpack.com\/es\/wp-json\/wp\/v2\/users\/1"}],"replies":[{"embeddable":true,"href":"https:\/\/focusonpack.com\/es\/wp-json\/wp\/v2\/comments?post=3452"}],"version-history":[{"count":9,"href":"https:\/\/focusonpack.com\/es\/wp-json\/wp\/v2\/pages\/3452\/revisions"}],"predecessor-version":[{"id":4103,"href":"https:\/\/focusonpack.com\/es\/wp-json\/wp\/v2\/pages\/3452\/revisions\/4103"}],"wp:attachment":[{"href":"https:\/\/focusonpack.com\/es\/wp-json\/wp\/v2\/media?parent=3452"}],"curies":[{"name":"wp","href":"https:\/\/api.w.org\/{rel}","templated":true}]}}