{"id":3456,"date":"2020-05-16T13:37:06","date_gmt":"2020-05-16T05:37:06","guid":{"rendered":"https:\/\/focusonpack.com\/?page_id=3456"},"modified":"2025-03-29T16:44:50","modified_gmt":"2025-03-29T08:44:50","slug":"automatic-corrosive-liquid-filling-machine","status":"publish","type":"page","link":"https:\/\/focusonpack.com\/es\/maquina-de-llenado-de-liquidos-corrosivos\/automatic-corrosive-liquid-filling-machine\/","title":{"rendered":"M\u00e1quina llenadora autom\u00e1tica de l\u00edquidos corrosivos"},"content":{"rendered":"<div data-elementor-type=\"wp-page\" data-elementor-id=\"3456\" class=\"elementor elementor-3456\" data-elementor-settings=\"[]\">\n\t\t\t<div class=\"elementor-inner\">\n\t\t\t\t<div class=\"elementor-section-wrap\">\n\t\t\t\t\t\t\t<section class=\"elementor-element elementor-element-43c1d77a elementor-section-boxed elementor-section-height-default elementor-section-height-default elementor-section elementor-top-section\" data-id=\"43c1d77a\" data-element_type=\"section\">\n\t\t\t\t\t\t<div class=\"elementor-container elementor-column-gap-default\">\n\t\t\t\t<div class=\"elementor-row\">\n\t\t\t\t<div class=\"elementor-element elementor-element-17bdb6ea elementor-column elementor-col-50 elementor-top-column\" data-id=\"17bdb6ea\" data-element_type=\"column\">\n\t\t\t<div class=\"elementor-column-wrap  elementor-element-populated\">\n\t\t\t\t\t<div class=\"elementor-widget-wrap\">\n\t\t\t\t<div class=\"elementor-element elementor-element-79f3f8df elementor-widget elementor-widget-heading\" data-id=\"79f3f8df\" data-element_type=\"widget\" data-widget_type=\"heading.default\">\n\t\t\t\t<div class=\"elementor-widget-container\">\n\t\t\t<h3 class=\"elementor-heading-title elementor-size-default\">M\u00e1quina llenadora autom\u00e1tica de l\u00edquidos corrosivos<\/h3>\t\t<\/div>\n\t\t\t\t<\/div>\n\t\t\t\t<div class=\"elementor-element elementor-element-4de0517d elementor-widget elementor-widget-text-editor\" data-id=\"4de0517d\" data-element_type=\"widget\" data-widget_type=\"text-editor.default\">\n\t\t\t\t<div class=\"elementor-widget-container\">\n\t\t\t\t\t<div class=\"elementor-text-editor elementor-clearfix\"><p>Automatic corrosive filler is engineered to withstand harsh liquid and environments. Each filling machine is built from corrosive resistant plastic material custom to tolerate the corrosive environments and suited to the products they intended for including not only chemical plants producing strong acids, pesticide and bleach but also food plants using brine or sugar solutions in their products. In both cases, even the factory air alone contributes to the accelerated degradation of the machinery.<\/p><\/div>\n\t\t\t\t<\/div>\n\t\t\t\t<\/div>\n\t\t\t\t<div class=\"elementor-element elementor-element-38ff98db elementor-widget elementor-widget-text-editor\" data-id=\"38ff98db\" data-element_type=\"widget\" data-widget_type=\"text-editor.default\">\n\t\t\t\t<div class=\"elementor-widget-container\">\n\t\t\t\t\t<div class=\"elementor-text-editor elementor-clearfix\"><p>Empty containers are conveyed to the corrosive liquid filling machinery through an plastic conveyor, The in- gate cylinder opens, out-gate cylinder closes. the inlet sensor detects quantity of bottles. After set quantity bottles are positioned under filling nozzle, Bottle neck grabbers hold bottle in position.the fill cycle is initiated, After completing the filling operation,the out-gate cylinder withdraws itself from its position and allows the filled bottles to go further on the conveyor for the sealing operations. To minimize foaming, Diving head is available, nozzles will go upwards slowly from bottom level of bottles towards neck during filling. No container no filling system arrangement is standard feature of the machine. The main drive of the machine and conveyor drive consist of AC motor with synchronized variable frequency drive.<\/p><\/div>\n\t\t\t\t<\/div>\n\t\t\t\t<\/div>\n\t\t\t\t<div class=\"elementor-element elementor-element-4c344f10 elementor-widget elementor-widget-heading\" data-id=\"4c344f10\" data-element_type=\"widget\" data-widget_type=\"heading.default\">\n\t\t\t\t<div class=\"elementor-widget-container\">\n\t\t\t<h3 class=\"elementor-heading-title elementor-size-default\">Caracter\u00edsticas principales<\/h3>\t\t<\/div>\n\t\t\t\t<\/div>\n\t\t\t\t<div class=\"elementor-element elementor-element-402e8b51 elementor-widget elementor-widget-text-editor\" data-id=\"402e8b51\" data-element_type=\"widget\" data-widget_type=\"text-editor.default\">\n\t\t\t\t<div class=\"elementor-widget-container\">\n\t\t\t\t\t<div class=\"elementor-text-editor elementor-clearfix\"><p>\u2022 Heavy duty plastic construction<\/p><p>\u2022 Controls PVC \/ Polyurethane Contact Parts<\/p><p>\u2022 Plastic reservoir<\/p><p>\u2022 Acid resistant tabletop chain<\/p><p>- Sistema autom\u00e1tico de flotador detector del nivel de producto<\/p><p>\u2022 Safety guarding<\/p><p>\u2022 Easily adjustable nozzle height settings accommodate different height containers<\/p><p>- Compuertas indexadoras neum\u00e1ticas (cuenta atr\u00e1s, cuenta atr\u00e1s)<\/p><p>- Capacidad de salida de varias dosis por envase para envases grandes<\/p><p>- Controles PLC f\u00e1ciles de usar con HMI de pantalla t\u00e1ctil<\/p><p>- Racores r\u00e1pidos de acero inoxidable f\u00e1ciles de limpiar<\/p><p>\u2022 Neck grabbers for containers wtih small opening<\/p><p>\u2022 No bottle\/No fill<\/p><\/div>\n\t\t\t\t<\/div>\n\t\t\t\t<\/div>\n\t\t\t\t<div class=\"elementor-element elementor-element-5d8117d9 elementor-widget elementor-widget-heading\" data-id=\"5d8117d9\" data-element_type=\"widget\" data-widget_type=\"heading.default\">\n\t\t\t\t<div class=\"elementor-widget-container\">\n\t\t\t<h3 class=\"elementor-heading-title elementor-size-default\">Opciones disponibles<\/h3>\t\t<\/div>\n\t\t\t\t<\/div>\n\t\t\t\t<div class=\"elementor-element elementor-element-e1c1f1a elementor-widget elementor-widget-text-editor\" data-id=\"e1c1f1a\" data-element_type=\"widget\" data-widget_type=\"text-editor.default\">\n\t\t\t\t<div class=\"elementor-widget-container\">\n\t\t\t\t\t<div class=\"elementor-text-editor elementor-clearfix\"><p>\u2022 Various indexing systems &#8211; pin or gate,timing screw,starwheel and shuttle<\/p><p>- Boquillas de cabezal de inmersi\u00f3n para rellenar de abajo arriba y reducir la espuma<\/p><p>- Bandeja de goteo<\/p><\/div>\n\t\t\t\t<\/div>\n\t\t\t\t<\/div>\n\t\t\t\t<div class=\"elementor-element elementor-element-fee4138 elementor-widget elementor-widget-heading\" data-id=\"fee4138\" data-element_type=\"widget\" data-widget_type=\"heading.default\">\n\t\t\t\t<div class=\"elementor-widget-container\">\n\t\t\t<h3 class=\"elementor-heading-title elementor-size-default\">Especificaciones t\u00e9cnicas<\/h3>\t\t<\/div>\n\t\t\t\t<\/div>\n\t\t\t\t<div class=\"elementor-element elementor-element-3f79481d elementor-widget elementor-widget-text-editor\" data-id=\"3f79481d\" data-element_type=\"widget\" data-widget_type=\"text-editor.default\">\n\t\t\t\t<div class=\"elementor-widget-container\">\n\t\t\t\t\t<div class=\"elementor-text-editor elementor-clearfix\"><table border=\"0\" cellpadding=\"0\" cellspacing=\"0\" width=\"782\" height=\"220\" style=\"width: 586.52pt;\">\n <colgroup><col width=\"155\" style=\"width:116.25pt;\">\n <col width=\"327\" style=\"width:245.25pt;\">\n <col width=\"300\" style=\"width:225.00pt;\">\n <\/colgroup><tbody><tr height=\"20\" style=\"height:15.00pt;\">\n  <td class=\"et2\" height=\"20\" width=\"155\" x:str=\"\" style=\"height:15.00pt;width:116.25pt;\">N\u00ba de cabezales de llenado&nbsp;<\/td>\n  <td class=\"et3\" width=\"327\" x:str=\"\" style=\"width:245.25pt;\">16(Available with 4,6,8,10,12,14)<\/td>\n  <td class=\"et2\" width=\"300\" x:str=\"\" style=\"width:225.00pt;\">12((Available with 4,6,8,10,14,16)<\/td>\n <\/tr>\n <tr height=\"20\" style=\"height:15.00pt;\">\n  <td class=\"et2\" height=\"20\" x:str=\"\" style=\"height:15.00pt;\">Filling Size<\/td>\n  <td class=\"et2\" x:str=\"\">50-1000ml(based on 100ml)&nbsp;<\/td>\n  <td class=\"et2\" x:str=\"\">100-5000ml<\/td>\n <\/tr>\n <tr height=\"20\" style=\"height:15.00pt;\">\n  <td class=\"et2\" height=\"20\" x:str=\"\" style=\"height:15.00pt;\">Capacidad de producci\u00f3n&nbsp;<\/td>\n  <td class=\"et2\" x:str=\"\">7200BPH based on 100ml&nbsp;<\/td>\n  <td class=\"et2\" x:str=\"\">6500BPH based on 100ml<\/td>\n <\/tr>\n <tr height=\"20\" style=\"height:15.00pt;\">\n  <td class=\"et2\" height=\"20\" x:str=\"\" style=\"height:15.00pt;\">Filling Accuracy&nbsp;<\/td>\n  <td class=\"et2\" x:str=\"\">\u00b11%<\/td>\n  <td class=\"et2\" x:str=\"\">\u00b11%<\/td>\n <\/tr>\n <tr height=\"20\" style=\"height:15.00pt;\">\n  <td class=\"et2\" height=\"20\" x:str=\"\" style=\"height:15.00pt;\">Di\u00e1metro del contenedor<\/td>\n  <td class=\"et2\" x:str=\"\">40-100mm<\/td>\n  <td class=\"et2\" x:str=\"\">40-160mm<\/td>\n <\/tr>\n <tr height=\"20\" style=\"height:15.00pt;\">\n  <td class=\"et2\" height=\"20\" x:str=\"\" style=\"height:15.00pt;\">Altura del contenedor<\/td>\n  <td class=\"et2\" x:str=\"\">60-300mm<\/td>\n  <td class=\"et2\" x:str=\"\">\u2264300mm<\/td>\n <\/tr>\n <tr height=\"20\" style=\"height:15.00pt;\">\n  <td class=\"et2\" height=\"20\" x:str=\"\" style=\"height:15.00pt;\">Presi\u00f3n atmosf\u00e9rica&nbsp;<\/td>\n  <td class=\"et2\" x:str=\"\">0.6-0.8MPA<\/td>\n  <td class=\"et2\" x:str=\"\">0.6-0.8MPA<\/td>\n <\/tr>\n <tr height=\"20\" style=\"height:15.00pt;\">\n  <td class=\"et2\" height=\"20\" x:str=\"\" style=\"height:15.00pt;\">Consumo de energ\u00eda&nbsp;<\/td>\n  <td class=\"et2\" x:str=\"\">1,5 KW<\/td>\n  <td class=\"et2\" x:str=\"\">1,5 KW<\/td>\n <\/tr>\n <tr height=\"20\" style=\"height:15.00pt;\">\n  <td class=\"et2\" height=\"20\" x:str=\"\" style=\"height:15.00pt;\">Suministro el\u00e9ctrico&nbsp;<\/td>\n  <td class=\"et2\" x:str=\"\">220\/110V 50\/60HZ 1PH<\/td>\n  <td class=\"et2\" x:str=\"\">220\/110V 50\/60HZ 1PH<\/td>\n <\/tr>\n <tr height=\"20\" style=\"height:15.00pt;\">\n  <td class=\"et2\" height=\"20\" x:str=\"\" style=\"height:15.00pt;\">Peso de la m\u00e1quina&nbsp;<\/td>\n  <td class=\"et2\" x:str=\"\">750kgs&nbsp;<\/td>\n  <td class=\"et2\" x:str=\"\">750kgs&nbsp;<\/td>\n <\/tr>\n <tr height=\"20\" style=\"height:15.00pt;\">\n  <td class=\"et2\" height=\"20\" x:str=\"\" style=\"height:15.00pt;\">Dimensi\u00f3n de la m\u00e1quina<\/td>\n  <td class=\"et2\" x:str=\"\">&nbsp;2000x1030x2300mm&nbsp;<\/td>\n  <td class=\"et2\" x:str=\"\">2000x1030x2300mm<\/td>\n <\/tr>\n<\/tbody><\/table><\/div>\n\t\t\t\t<\/div>\n\t\t\t\t<\/div>\n\t\t\t\t<div class=\"elementor-element elementor-element-67c1e444 elementor-widget elementor-widget-text-editor\" data-id=\"67c1e444\" data-element_type=\"widget\" data-widget_type=\"text-editor.default\">\n\t\t\t\t<div class=\"elementor-widget-container\">\n\t\t\t\t\t<div class=\"elementor-text-editor elementor-clearfix\"><p>* Especificaciones sujetas a cambios sin previo aviso, Todos los derechos reservados.<\/p><\/div>\n\t\t\t\t<\/div>\n\t\t\t\t<\/div>\n\t\t\t\t<div class=\"elementor-element elementor-element-2d837fa9 elementor-widget elementor-widget-heading\" data-id=\"2d837fa9\" data-element_type=\"widget\" data-widget_type=\"heading.default\">\n\t\t\t\t<div class=\"elementor-widget-container\">\n\t\t\t<h3 class=\"elementor-heading-title elementor-size-default\">How to choose corrosive liquid filling machine<\/h3>\t\t<\/div>\n\t\t\t\t<\/div>\n\t\t\t\t<div class=\"elementor-element elementor-element-741f6de2 elementor-widget elementor-widget-text-editor\" data-id=\"741f6de2\" data-element_type=\"widget\" data-widget_type=\"text-editor.default\">\n\t\t\t\t<div class=\"elementor-widget-container\">\n\t\t\t\t\t<div class=\"elementor-text-editor elementor-clearfix\"><p>Output depends on fill size,viscosity of the liquid and type of container,Available with 4, 6, 8, 10, 12, 14 and 16 filling head. if you are unsure how to choose, please let us know and our professional team will give you specific advice on the best filing machine to fit your requirements.<\/p><p>- Qu\u00e9 producto rellenar<\/p><p>- Qu\u00e9 capacidad de producci\u00f3n alcanzar<\/p><p>- Material y forma de los contenedores<\/p><p>\u2022 What size to fill<\/p><\/div>\n\t\t\t\t<\/div>\n\t\t\t\t<\/div>\n\t\t\t\t\t\t<\/div>\n\t\t\t<\/div>\n\t\t<\/div>\n\t\t\t\t<div class=\"elementor-element elementor-element-511092e2 elementor-column elementor-col-50 elementor-top-column\" data-id=\"511092e2\" data-element_type=\"column\">\n\t\t\t<div class=\"elementor-column-wrap  elementor-element-populated\">\n\t\t\t\t\t<div class=\"elementor-widget-wrap\">\n\t\t\t\t<div class=\"elementor-element elementor-element-7f4f9d2f elementor-widget elementor-widget-image\" data-id=\"7f4f9d2f\" data-element_type=\"widget\" data-widget_type=\"image.default\">\n\t\t\t\t<div class=\"elementor-widget-container\">\n\t\t\t\t\t<div class=\"elementor-image\">\n\t\t\t\t\t\t\t\t\t\t<img loading=\"lazy\" decoding=\"async\" width=\"303\" height=\"320\" src=\"https:\/\/focusonpack.com\/wp-content\/uploads\/2023\/07\/corrosive22.jpg\" class=\"elementor-animation-grow attachment-full size-full\" alt=\"\" srcset=\"https:\/\/focusonpack.com\/wp-content\/uploads\/2023\/07\/corrosive22.jpg 303w, https:\/\/focusonpack.com\/wp-content\/uploads\/2023\/07\/corrosive22-284x300.jpg 284w\" sizes=\"auto, (max-width: 303px) 100vw, 303px\" \/>\t\t\t\t\t\t\t\t\t\t\t<\/div>\n\t\t\t\t<\/div>\n\t\t\t\t<\/div>\n\t\t\t\t<div class=\"elementor-element elementor-element-7cdb77f3 elementor-button-info elementor-align-center elementor-widget elementor-widget-button\" data-id=\"7cdb77f3\" data-element_type=\"widget\" data-widget_type=\"button.default\">\n\t\t\t\t<div class=\"elementor-widget-container\">\n\t\t\t\t\t<div class=\"elementor-button-wrapper\">\n\t\t\t<a href=\"https:\/\/focusonpack.com\/es\/contacto\/\" class=\"elementor-button-link elementor-button elementor-size-sm\" role=\"button\">\n\t\t\t\t\t\t<span class=\"elementor-button-content-wrapper\">\n\t\t\t\t\t\t<span class=\"elementor-button-text\">Solicitar presupuesto<\/span>\n\t\t<\/span>\n\t\t\t\t\t<\/a>\n\t\t<\/div>\n\t\t\t\t<\/div>\n\t\t\t\t<\/div>\n\t\t\t\t\t\t<\/div>\n\t\t\t<\/div>\n\t\t<\/div>\n\t\t\t\t\t\t<\/div>\n\t\t\t<\/div>\n\t\t<\/section>\n\t\t\t\t\t\t<\/div>\n\t\t\t<\/div>\n\t\t<\/div>","protected":false},"excerpt":{"rendered":"<p>Automatic Corrosive Liquid Fil&hellip;<\/p>","protected":false},"author":1,"featured_media":0,"parent":2493,"menu_order":0,"comment_status":"closed","ping_status":"closed","template":"elementor_header_footer","meta":{"footnotes":""},"class_list":["post-3456","page","type-page","status-publish","hentry","no-thumb"],"yoast_head":"<!-- This site is optimized with the Yoast SEO plugin v24.8.1 - https:\/\/yoast.com\/wordpress\/plugins\/seo\/ -->\n<title>Automatic Corrosive Liquid Filling Machine - Focus on pack<\/title>\n<meta name=\"robots\" content=\"index, follow, max-snippet:-1, max-image-preview:large, max-video-preview:-1\" \/>\n<link rel=\"canonical\" href=\"https:\/\/focusonpack.com\/es\/maquina-de-llenado-de-liquidos-corrosivos\/automatic-corrosive-liquid-filling-machine\/\" \/>\n<meta property=\"og:locale\" content=\"es_ES\" \/>\n<meta property=\"og:type\" content=\"article\" \/>\n<meta property=\"og:title\" content=\"Automatic Corrosive Liquid Filling Machine - Focus on pack\" \/>\n<meta property=\"og:description\" content=\"Automatic Corrosive Liquid Fil&hellip;\" \/>\n<meta property=\"og:url\" content=\"https:\/\/focusonpack.com\/es\/maquina-de-llenado-de-liquidos-corrosivos\/automatic-corrosive-liquid-filling-machine\/\" \/>\n<meta property=\"og:site_name\" content=\"Focus on pack\" \/>\n<meta property=\"article:modified_time\" content=\"2025-03-29T08:44:50+00:00\" \/>\n<meta property=\"og:image\" content=\"https:\/\/focusonpack.com\/wp-content\/uploads\/2023\/07\/corrosive22.jpg\" \/>\n<meta name=\"twitter:card\" content=\"summary_large_image\" \/>\n<meta name=\"twitter:label1\" content=\"Tiempo de lectura\" \/>\n\t<meta name=\"twitter:data1\" content=\"3 minutos\" \/>\n<script type=\"application\/ld+json\" class=\"yoast-schema-graph\">{\"@context\":\"https:\/\/schema.org\",\"@graph\":[{\"@type\":\"WebPage\",\"@id\":\"https:\/\/focusonpack.com\/corrosive-liquid-filling-machine\/automatic-corrosive-liquid-filling-machine\/\",\"url\":\"https:\/\/focusonpack.com\/corrosive-liquid-filling-machine\/automatic-corrosive-liquid-filling-machine\/\",\"name\":\"Automatic Corrosive Liquid Filling Machine - Focus on pack\",\"isPartOf\":{\"@id\":\"https:\/\/focusonpack.com\/#website\"},\"primaryImageOfPage\":{\"@id\":\"https:\/\/focusonpack.com\/corrosive-liquid-filling-machine\/automatic-corrosive-liquid-filling-machine\/#primaryimage\"},\"image\":{\"@id\":\"https:\/\/focusonpack.com\/corrosive-liquid-filling-machine\/automatic-corrosive-liquid-filling-machine\/#primaryimage\"},\"thumbnailUrl\":\"https:\/\/focusonpack.com\/wp-content\/uploads\/2023\/07\/corrosive22.jpg\",\"datePublished\":\"2020-05-16T05:37:06+00:00\",\"dateModified\":\"2025-03-29T08:44:50+00:00\",\"breadcrumb\":{\"@id\":\"https:\/\/focusonpack.com\/corrosive-liquid-filling-machine\/automatic-corrosive-liquid-filling-machine\/#breadcrumb\"},\"inLanguage\":\"es\",\"potentialAction\":[{\"@type\":\"ReadAction\",\"target\":[\"https:\/\/focusonpack.com\/corrosive-liquid-filling-machine\/automatic-corrosive-liquid-filling-machine\/\"]}]},{\"@type\":\"ImageObject\",\"inLanguage\":\"es\",\"@id\":\"https:\/\/focusonpack.com\/corrosive-liquid-filling-machine\/automatic-corrosive-liquid-filling-machine\/#primaryimage\",\"url\":\"https:\/\/focusonpack.com\/wp-content\/uploads\/2023\/07\/corrosive22.jpg\",\"contentUrl\":\"https:\/\/focusonpack.com\/wp-content\/uploads\/2023\/07\/corrosive22.jpg\"},{\"@type\":\"BreadcrumbList\",\"@id\":\"https:\/\/focusonpack.com\/corrosive-liquid-filling-machine\/automatic-corrosive-liquid-filling-machine\/#breadcrumb\",\"itemListElement\":[{\"@type\":\"ListItem\",\"position\":1,\"name\":\"\u9996\u9875\",\"item\":\"https:\/\/focusonpack.com\/\"},{\"@type\":\"ListItem\",\"position\":2,\"name\":\"Corrosive Liquid Filling Machine\",\"item\":\"https:\/\/focusonpack.com\/corrosive-liquid-filling-machine\/\"},{\"@type\":\"ListItem\",\"position\":3,\"name\":\"Automatic Corrosive Liquid Filling Machine\"}]},{\"@type\":\"WebSite\",\"@id\":\"https:\/\/focusonpack.com\/#website\",\"url\":\"https:\/\/focusonpack.com\/\",\"name\":\"Focus on pack\",\"description\":\"\",\"potentialAction\":[{\"@type\":\"SearchAction\",\"target\":{\"@type\":\"EntryPoint\",\"urlTemplate\":\"https:\/\/focusonpack.com\/?s={search_term_string}\"},\"query-input\":{\"@type\":\"PropertyValueSpecification\",\"valueRequired\":true,\"valueName\":\"search_term_string\"}}],\"inLanguage\":\"es\"}]}<\/script>\n<!-- \/ Yoast SEO plugin. -->","yoast_head_json":{"title":"Automatic Corrosive Liquid Filling Machine - Focus on pack","robots":{"index":"index","follow":"follow","max-snippet":"max-snippet:-1","max-image-preview":"max-image-preview:large","max-video-preview":"max-video-preview:-1"},"canonical":"https:\/\/focusonpack.com\/es\/maquina-de-llenado-de-liquidos-corrosivos\/automatic-corrosive-liquid-filling-machine\/","og_locale":"es_ES","og_type":"article","og_title":"Automatic Corrosive Liquid Filling Machine - Focus on pack","og_description":"Automatic Corrosive Liquid Fil&hellip;","og_url":"https:\/\/focusonpack.com\/es\/maquina-de-llenado-de-liquidos-corrosivos\/automatic-corrosive-liquid-filling-machine\/","og_site_name":"Focus on pack","article_modified_time":"2025-03-29T08:44:50+00:00","og_image":[{"url":"https:\/\/focusonpack.com\/wp-content\/uploads\/2023\/07\/corrosive22.jpg","type":"","width":"","height":""}],"twitter_card":"summary_large_image","twitter_misc":{"Tiempo de lectura":"3 minutos"},"schema":{"@context":"https:\/\/schema.org","@graph":[{"@type":"WebPage","@id":"https:\/\/focusonpack.com\/corrosive-liquid-filling-machine\/automatic-corrosive-liquid-filling-machine\/","url":"https:\/\/focusonpack.com\/corrosive-liquid-filling-machine\/automatic-corrosive-liquid-filling-machine\/","name":"Automatic Corrosive Liquid Filling Machine - Focus on pack","isPartOf":{"@id":"https:\/\/focusonpack.com\/#website"},"primaryImageOfPage":{"@id":"https:\/\/focusonpack.com\/corrosive-liquid-filling-machine\/automatic-corrosive-liquid-filling-machine\/#primaryimage"},"image":{"@id":"https:\/\/focusonpack.com\/corrosive-liquid-filling-machine\/automatic-corrosive-liquid-filling-machine\/#primaryimage"},"thumbnailUrl":"https:\/\/focusonpack.com\/wp-content\/uploads\/2023\/07\/corrosive22.jpg","datePublished":"2020-05-16T05:37:06+00:00","dateModified":"2025-03-29T08:44:50+00:00","breadcrumb":{"@id":"https:\/\/focusonpack.com\/corrosive-liquid-filling-machine\/automatic-corrosive-liquid-filling-machine\/#breadcrumb"},"inLanguage":"es","potentialAction":[{"@type":"ReadAction","target":["https:\/\/focusonpack.com\/corrosive-liquid-filling-machine\/automatic-corrosive-liquid-filling-machine\/"]}]},{"@type":"ImageObject","inLanguage":"es","@id":"https:\/\/focusonpack.com\/corrosive-liquid-filling-machine\/automatic-corrosive-liquid-filling-machine\/#primaryimage","url":"https:\/\/focusonpack.com\/wp-content\/uploads\/2023\/07\/corrosive22.jpg","contentUrl":"https:\/\/focusonpack.com\/wp-content\/uploads\/2023\/07\/corrosive22.jpg"},{"@type":"BreadcrumbList","@id":"https:\/\/focusonpack.com\/corrosive-liquid-filling-machine\/automatic-corrosive-liquid-filling-machine\/#breadcrumb","itemListElement":[{"@type":"ListItem","position":1,"name":"\u9996\u9875","item":"https:\/\/focusonpack.com\/"},{"@type":"ListItem","position":2,"name":"Corrosive Liquid Filling Machine","item":"https:\/\/focusonpack.com\/corrosive-liquid-filling-machine\/"},{"@type":"ListItem","position":3,"name":"Automatic Corrosive Liquid Filling Machine"}]},{"@type":"WebSite","@id":"https:\/\/focusonpack.com\/#website","url":"https:\/\/focusonpack.com\/","name":"Focus on pack","description":"","potentialAction":[{"@type":"SearchAction","target":{"@type":"EntryPoint","urlTemplate":"https:\/\/focusonpack.com\/?s={search_term_string}"},"query-input":{"@type":"PropertyValueSpecification","valueRequired":true,"valueName":"search_term_string"}}],"inLanguage":"es"}]}},"_links":{"self":[{"href":"https:\/\/focusonpack.com\/es\/wp-json\/wp\/v2\/pages\/3456","targetHints":{"allow":["GET"]}}],"collection":[{"href":"https:\/\/focusonpack.com\/es\/wp-json\/wp\/v2\/pages"}],"about":[{"href":"https:\/\/focusonpack.com\/es\/wp-json\/wp\/v2\/types\/page"}],"author":[{"embeddable":true,"href":"https:\/\/focusonpack.com\/es\/wp-json\/wp\/v2\/users\/1"}],"replies":[{"embeddable":true,"href":"https:\/\/focusonpack.com\/es\/wp-json\/wp\/v2\/comments?post=3456"}],"version-history":[{"count":12,"href":"https:\/\/focusonpack.com\/es\/wp-json\/wp\/v2\/pages\/3456\/revisions"}],"predecessor-version":[{"id":4638,"href":"https:\/\/focusonpack.com\/es\/wp-json\/wp\/v2\/pages\/3456\/revisions\/4638"}],"up":[{"embeddable":true,"href":"https:\/\/focusonpack.com\/es\/wp-json\/wp\/v2\/pages\/2493"}],"wp:attachment":[{"href":"https:\/\/focusonpack.com\/es\/wp-json\/wp\/v2\/media?parent=3456"}],"curies":[{"name":"wp","href":"https:\/\/api.w.org\/{rel}","templated":true}]}}