{"id":3643,"date":"2020-05-16T17:14:06","date_gmt":"2020-05-16T09:14:06","guid":{"rendered":"https:\/\/focusonpack.com\/?page_id=3643"},"modified":"2023-07-21T11:16:06","modified_gmt":"2023-07-21T03:16:06","slug":"wt-ro-5000-prefiltration-and-reverse-osmosis","status":"publish","type":"page","link":"https:\/\/focusonpack.com\/es\/wt-ro-5000-prefiltration-and-reverse-osmosis\/","title":{"rendered":"WT-RO-5000 Prefiltraci\u00f3n y \u00f3smosis inversa"},"content":{"rendered":"<div data-elementor-type=\"wp-page\" data-elementor-id=\"3643\" class=\"elementor elementor-3643\" data-elementor-settings=\"[]\">\n\t\t\t<div class=\"elementor-inner\">\n\t\t\t\t<div class=\"elementor-section-wrap\">\n\t\t\t\t\t\t\t<section class=\"elementor-element elementor-element-3eb6a8bf elementor-section-boxed elementor-section-height-default elementor-section-height-default elementor-section elementor-top-section\" data-id=\"3eb6a8bf\" data-element_type=\"section\">\n\t\t\t\t\t\t<div class=\"elementor-container elementor-column-gap-default\">\n\t\t\t\t<div class=\"elementor-row\">\n\t\t\t\t<div class=\"elementor-element elementor-element-650cc212 elementor-column elementor-col-50 elementor-top-column\" data-id=\"650cc212\" data-element_type=\"column\">\n\t\t\t<div class=\"elementor-column-wrap  elementor-element-populated\">\n\t\t\t\t\t<div class=\"elementor-widget-wrap\">\n\t\t\t\t<div class=\"elementor-element elementor-element-4502b012 elementor-widget elementor-widget-heading\" data-id=\"4502b012\" data-element_type=\"widget\" data-widget_type=\"heading.default\">\n\t\t\t\t<div class=\"elementor-widget-container\">\n\t\t\t<h3 class=\"elementor-heading-title elementor-size-default\">WT-RO-5000 Prefiltraci\u00f3n y \u00f3smosis inversa<\/h3>\t\t<\/div>\n\t\t\t\t<\/div>\n\t\t\t\t<div class=\"elementor-element elementor-element-b340db7 elementor-widget elementor-widget-text-editor\" data-id=\"b340db7\" data-element_type=\"widget\" data-widget_type=\"text-editor.default\">\n\t\t\t\t<div class=\"elementor-widget-container\">\n\t\t\t\t\t<div class=\"elementor-text-editor elementor-clearfix\"><p>WT-RO-5000 commercial and industrial reverse osmosis systems are engineered to economically produce high purity water by removal of dissolved minerals, bacteria, particles, and organic impurities. Each machine is constructed using the highest quality components and materials for reliable operation and exceptional performance. Product water capacity is 5000 liters per hour. Standard machine comes with pre-treatment including sand filter for removal of suspended solids and turbidity, activated carbon filter providing cost effective removal of chlorine, chloramines, and\/or organics that can cause taste, odor, or color in water, dosing pump by which an antiscalant solution should be dosed before the reverse osmosis membranes to disperse calcium carbonate and sulfates precipitates in order to avoid scaling, a 5mirco cartridge filter prior to the high pressure pump serve as the final barrier to water born particles and reverse osmosis system which is a process in which dissolved inorganic solids (such as salts) are removed from a solution (such as water). This is accomplished by pressure of high pressure pump pushing the water through a semi permeable membrane. The membrane which is about as thick as cellophane allows only the water to pass through, not the impurities or contaminates. These impurities and contaminates are flushed down the drain.<\/p><\/div>\n\t\t\t\t<\/div>\n\t\t\t\t<\/div>\n\t\t\t\t<div class=\"elementor-element elementor-element-27ce86b9 elementor-widget elementor-widget-text-editor\" data-id=\"27ce86b9\" data-element_type=\"widget\" data-widget_type=\"text-editor.default\">\n\t\t\t\t<div class=\"elementor-widget-container\">\n\t\t\t\t\t<div class=\"elementor-text-editor elementor-clearfix\"><p><strong>Itinerario t\u00e9cnico e instrucciones del diagrama de flujo<\/strong><\/p><p>Dep\u00f3sito de agua bruta \u2192 Bomba de aumento de presi\u00f3n \u2192 Filtro de arena \u2192 Filtro de carb\u00f3n activado \u2192 Microfiltro ablandador<br \/>\u2192 Bomba de alta presi\u00f3n \u2192 \u00d3smosis inversa \u2192 Dep\u00f3sito de permeado<\/p><\/div>\n\t\t\t\t<\/div>\n\t\t\t\t<\/div>\n\t\t\t\t<div class=\"elementor-element elementor-element-14df022e elementor-widget elementor-widget-heading\" data-id=\"14df022e\" data-element_type=\"widget\" data-widget_type=\"heading.default\">\n\t\t\t\t<div class=\"elementor-widget-container\">\n\t\t\t<h3 class=\"elementor-heading-title elementor-size-default\">Caracter\u00edsticas principales<\/h3>\t\t<\/div>\n\t\t\t\t<\/div>\n\t\t\t\t<div class=\"elementor-element elementor-element-70164d22 elementor-widget elementor-widget-text-editor\" data-id=\"70164d22\" data-element_type=\"widget\" data-widget_type=\"text-editor.default\">\n\t\t\t\t<div class=\"elementor-widget-container\">\n\t\t\t\t\t<div class=\"elementor-text-editor elementor-clearfix\"><p><strong>Materiales de construcci\u00f3n<\/strong><\/p><p>Bastidor: SS304<\/p><p>Elementos de membrana:Hidr\u00e1ulica ESPA2-4040<\/p><p>Carcasas de membrana: SS304<\/p><p>Tuber\u00edas de baja presi\u00f3n: SS304<\/p><p>Tuber\u00edas de alta presi\u00f3n: SS304<\/p><\/div>\n\t\t\t\t<\/div>\n\t\t\t\t<\/div>\n\t\t\t\t<div class=\"elementor-element elementor-element-53a2b5f5 elementor-widget elementor-widget-text-editor\" data-id=\"53a2b5f5\" data-element_type=\"widget\" data-widget_type=\"text-editor.default\">\n\t\t\t\t<div class=\"elementor-widget-container\">\n\t\t\t\t\t<div class=\"elementor-text-editor elementor-clearfix\"><p><b>Bomba y motor<\/b><\/p><p>Bomba: centr\u00edfuga multietapa vertical 304SS<\/p><p>Motor: TEFC, 380\/460 VCA, trif\u00e1sico, 50\/60 Hz.<\/p><\/div>\n\t\t\t\t<\/div>\n\t\t\t\t<\/div>\n\t\t\t\t<div class=\"elementor-element elementor-element-194ae3ff elementor-widget elementor-widget-text-editor\" data-id=\"194ae3ff\" data-element_type=\"widget\" data-widget_type=\"text-editor.default\">\n\t\t\t\t<div class=\"elementor-widget-container\">\n\t\t\t\t\t<div class=\"elementor-text-editor elementor-clearfix\"><p><b>Caracter\u00edsticas est\u00e1ndar<\/b><\/p><p>Elementos de membrana de alto rechazo de 4\" x 40<\/p><p>Carcasa del prefiltro de sedimentos de 5 micras<\/p><p>Electrov\u00e1lvula de entrada autom\u00e1tica<\/p><p>Control PLC<\/p><p>Conductividad del agua del producto<\/p><p>Man\u00f3metros de funcionamiento<\/p><p>Caudal\u00edmetros de productos y concentrados<\/p><p>V\u00e1lvulas de control de caudal de concentrado y reciclado<\/p><p>Presostato de baja presi\u00f3n de entrada con alarma de desconexi\u00f3n<\/p><p>Lavado autom\u00e1tico\/manual<\/p><\/div>\n\t\t\t\t<\/div>\n\t\t\t\t<\/div>\n\t\t\t\t<div class=\"elementor-element elementor-element-46eaef7 elementor-widget elementor-widget-text-editor\" data-id=\"46eaef7\" data-element_type=\"widget\" data-widget_type=\"text-editor.default\">\n\t\t\t\t<div class=\"elementor-widget-container\">\n\t\t\t\t\t<div class=\"elementor-text-editor elementor-clearfix\"><p><strong>Equipamiento opcional disponible<\/strong><br \/>Dep\u00f3sitos atmosf\u00e9ricos con control de nivel y bombas de represurizaci\u00f3n<br \/>Recipientes de almacenamiento a presi\u00f3n<br \/>UV<br \/>Generador de ozono<br \/>Sistemas de limpieza in situ (CIP) con membranas<br \/>Sistemas de inyecci\u00f3n de productos qu\u00edmicos de pretratamiento<\/p><\/div>\n\t\t\t\t<\/div>\n\t\t\t\t<\/div>\n\t\t\t\t<div class=\"elementor-element elementor-element-20c3ef0f elementor-widget elementor-widget-heading\" data-id=\"20c3ef0f\" data-element_type=\"widget\" data-widget_type=\"heading.default\">\n\t\t\t\t<div class=\"elementor-widget-container\">\n\t\t\t<h3 class=\"elementor-heading-title elementor-size-default\">Especificaciones t\u00e9cnicas<\/h3>\t\t<\/div>\n\t\t\t\t<\/div>\n\t\t\t\t<div class=\"elementor-element elementor-element-10a579d3 elementor-widget elementor-widget-text-editor\" data-id=\"10a579d3\" data-element_type=\"widget\" data-widget_type=\"text-editor.default\">\n\t\t\t\t<div class=\"elementor-widget-container\">\n\t\t\t\t\t<div class=\"elementor-text-editor elementor-clearfix\"><table style=\"width: 301.52pt;\" border=\"0\" width=\"402\" cellspacing=\"0\" cellpadding=\"0\">\n<colgroup>\n<col style=\"width: 129.75pt;\" width=\"173\">\n<col style=\"width: 171.75pt;\" width=\"229\"> <\/colgroup>\n<tbody>\n<tr style=\"height: 15.00pt;\">\n<td class=\"et2\" style=\"height: 15.00pt; width: 129.75pt;\" width=\"173\" height=\"20\">Modelo&nbsp;<\/td>\n<td class=\"et2\" style=\"width: 171.75pt;\" width=\"229\">WT-RO-5000<\/td>\n<\/tr>\n<tr style=\"height: 15.00pt;\">\n<td class=\"et2\" style=\"height: 15.00pt;\" height=\"20\">Capacidad<\/td>\n<td class=\"et2\">5000LPH (litros por hora)<\/td>\n<\/tr>\n<tr style=\"height: 15.00pt;\">\n<td class=\"et2\" style=\"height: 15.00pt;\" height=\"20\">Recuperaci\u00f3n nominal&nbsp;<\/td>\n<td class=\"et2\">65-75%<\/td>\n<\/tr>\n<tr style=\"height: 15.00pt;\">\n<td class=\"et2\" style=\"height: 15.00pt;\" height=\"20\">Rechazo nominal de sal<\/td>\n<td class=\"et3\">99.60%<\/td>\n<\/tr>\n<tr style=\"height: 15.00pt;\">\n<td class=\"et2\" style=\"height: 15.00pt;\" height=\"20\">Temperatura de funcionamiento<\/td>\n<td class=\"et2\">15\u00b0C-45\u00b0C<\/td>\n<\/tr>\n<tr style=\"height: 15.00pt;\">\n<td class=\"et2\" style=\"height: 15.00pt;\" height=\"20\">Temperatura de dise\u00f1o<\/td>\n<td class=\"et2\">25\u00b0C<\/td>\n<\/tr>\n<tr style=\"height: 15.00pt;\">\n<td class=\"et2\" style=\"height: 15.00pt;\" height=\"20\">Bomba de alimentaci\u00f3n<\/td>\n<td class=\"et2\">1,1 KW<\/td>\n<\/tr>\n<tr style=\"height: 15.00pt;\">\n<td class=\"et2\" style=\"height: 15.00pt;\" height=\"20\">Bomba de alta presi\u00f3n&nbsp;<\/td>\n<td class=\"et2\">5,5 KW<\/td>\n<\/tr>\n<tr style=\"height: 15.00pt;\">\n<td class=\"et2\" style=\"height: 15.00pt;\" height=\"20\">Tensi\u00f3n<\/td>\n<td class=\"et2\">220V \/380V\/460V - 50Hz\/60Hz<\/td>\n<\/tr>\n<\/tbody>\n<\/table><\/div>\n\t\t\t\t<\/div>\n\t\t\t\t<\/div>\n\t\t\t\t<div class=\"elementor-element elementor-element-2c782a92 elementor-widget elementor-widget-text-editor\" data-id=\"2c782a92\" data-element_type=\"widget\" data-widget_type=\"text-editor.default\">\n\t\t\t\t<div class=\"elementor-widget-container\">\n\t\t\t\t\t<div class=\"elementor-text-editor elementor-clearfix\"><p>\uf013 Especificaciones sujetas a cambios sin previo aviso, Todos los derechos reservados.<\/p><\/div>\n\t\t\t\t<\/div>\n\t\t\t\t<\/div>\n\t\t\t\t\t\t<\/div>\n\t\t\t<\/div>\n\t\t<\/div>\n\t\t\t\t<div class=\"elementor-element elementor-element-697d39f7 elementor-column elementor-col-50 elementor-top-column\" data-id=\"697d39f7\" data-element_type=\"column\">\n\t\t\t<div class=\"elementor-column-wrap  elementor-element-populated\">\n\t\t\t\t\t<div class=\"elementor-widget-wrap\">\n\t\t\t\t<div class=\"elementor-element elementor-element-52192b3c elementor-widget elementor-widget-spacer\" data-id=\"52192b3c\" data-element_type=\"widget\" data-widget_type=\"spacer.default\">\n\t\t\t\t<div class=\"elementor-widget-container\">\n\t\t\t\t\t<div class=\"elementor-spacer\">\n\t\t\t<div class=\"elementor-spacer-inner\"><\/div>\n\t\t<\/div>\n\t\t\t\t<\/div>\n\t\t\t\t<\/div>\n\t\t\t\t<div class=\"elementor-element elementor-element-4ac62634 elementor-widget elementor-widget-image\" data-id=\"4ac62634\" data-element_type=\"widget\" data-widget_type=\"image.default\">\n\t\t\t\t<div class=\"elementor-widget-container\">\n\t\t\t\t\t<div class=\"elementor-image\">\n\t\t\t\t\t\t\t\t\t\t<img loading=\"lazy\" decoding=\"async\" width=\"302\" height=\"195\" src=\"https:\/\/focusonpack.com\/wp-content\/uploads\/2023\/07\/wt3.jpg\" class=\"attachment-full size-full\" alt=\"\" srcset=\"https:\/\/focusonpack.com\/wp-content\/uploads\/2023\/07\/wt3.jpg 302w, https:\/\/focusonpack.com\/wp-content\/uploads\/2023\/07\/wt3-300x195.jpg 300w\" sizes=\"auto, (max-width: 302px) 100vw, 302px\" \/>\t\t\t\t\t\t\t\t\t\t\t<\/div>\n\t\t\t\t<\/div>\n\t\t\t\t<\/div>\n\t\t\t\t<div class=\"elementor-element elementor-element-22024d34 elementor-button-info elementor-align-center elementor-widget elementor-widget-button\" data-id=\"22024d34\" data-element_type=\"widget\" data-widget_type=\"button.default\">\n\t\t\t\t<div class=\"elementor-widget-container\">\n\t\t\t\t\t<div class=\"elementor-button-wrapper\">\n\t\t\t<a href=\"https:\/\/focusonpack.com\/es\/contacto\/\" class=\"elementor-button-link elementor-button elementor-size-sm\" role=\"button\">\n\t\t\t\t\t\t<span class=\"elementor-button-content-wrapper\">\n\t\t\t\t\t\t<span class=\"elementor-button-text\">Solicitar presupuesto<\/span>\n\t\t<\/span>\n\t\t\t\t\t<\/a>\n\t\t<\/div>\n\t\t\t\t<\/div>\n\t\t\t\t<\/div>\n\t\t\t\t\t\t<\/div>\n\t\t\t<\/div>\n\t\t<\/div>\n\t\t\t\t\t\t<\/div>\n\t\t\t<\/div>\n\t\t<\/section>\n\t\t\t\t\t\t<\/div>\n\t\t\t<\/div>\n\t\t<\/div>","protected":false},"excerpt":{"rendered":"<p>WT-RO-5000 Prefiltration and R&hellip;<\/p>","protected":false},"author":1,"featured_media":0,"parent":0,"menu_order":0,"comment_status":"closed","ping_status":"closed","template":"elementor_header_footer","meta":{"footnotes":""},"class_list":["post-3643","page","type-page","status-publish","hentry","no-thumb"],"yoast_head":"<!-- This site is optimized with the Yoast SEO plugin v24.8.1 - https:\/\/yoast.com\/wordpress\/plugins\/seo\/ -->\n<title>WT-RO-5000 Prefiltration and Reverse Osmosis - Focus on pack<\/title>\n<meta name=\"robots\" content=\"index, follow, max-snippet:-1, max-image-preview:large, max-video-preview:-1\" \/>\n<link rel=\"canonical\" href=\"https:\/\/focusonpack.com\/es\/wt-ro-5000-prefiltration-and-reverse-osmosis\/\" \/>\n<meta property=\"og:locale\" content=\"es_ES\" \/>\n<meta property=\"og:type\" content=\"article\" \/>\n<meta property=\"og:title\" content=\"WT-RO-5000 Prefiltration and Reverse Osmosis - Focus on pack\" \/>\n<meta property=\"og:description\" content=\"WT-RO-5000 Prefiltration and R&hellip;\" \/>\n<meta property=\"og:url\" content=\"https:\/\/focusonpack.com\/es\/wt-ro-5000-prefiltration-and-reverse-osmosis\/\" \/>\n<meta property=\"og:site_name\" content=\"Focus on pack\" \/>\n<meta property=\"article:modified_time\" content=\"2023-07-21T03:16:06+00:00\" \/>\n<meta property=\"og:image\" content=\"https:\/\/focusonpack.com\/wp-content\/uploads\/2023\/07\/wt3.jpg\" \/>\n<meta name=\"twitter:card\" content=\"summary_large_image\" \/>\n<meta name=\"twitter:label1\" content=\"Tiempo de lectura\" \/>\n\t<meta name=\"twitter:data1\" content=\"2 minutos\" \/>\n<script type=\"application\/ld+json\" class=\"yoast-schema-graph\">{\"@context\":\"https:\/\/schema.org\",\"@graph\":[{\"@type\":\"WebPage\",\"@id\":\"https:\/\/focusonpack.com\/wt-ro-5000-prefiltration-and-reverse-osmosis\/\",\"url\":\"https:\/\/focusonpack.com\/wt-ro-5000-prefiltration-and-reverse-osmosis\/\",\"name\":\"WT-RO-5000 Prefiltration and Reverse Osmosis - Focus on pack\",\"isPartOf\":{\"@id\":\"https:\/\/focusonpack.com\/#website\"},\"primaryImageOfPage\":{\"@id\":\"https:\/\/focusonpack.com\/wt-ro-5000-prefiltration-and-reverse-osmosis\/#primaryimage\"},\"image\":{\"@id\":\"https:\/\/focusonpack.com\/wt-ro-5000-prefiltration-and-reverse-osmosis\/#primaryimage\"},\"thumbnailUrl\":\"https:\/\/focusonpack.com\/wp-content\/uploads\/2023\/07\/wt3.jpg\",\"datePublished\":\"2020-05-16T09:14:06+00:00\",\"dateModified\":\"2023-07-21T03:16:06+00:00\",\"breadcrumb\":{\"@id\":\"https:\/\/focusonpack.com\/wt-ro-5000-prefiltration-and-reverse-osmosis\/#breadcrumb\"},\"inLanguage\":\"es\",\"potentialAction\":[{\"@type\":\"ReadAction\",\"target\":[\"https:\/\/focusonpack.com\/wt-ro-5000-prefiltration-and-reverse-osmosis\/\"]}]},{\"@type\":\"ImageObject\",\"inLanguage\":\"es\",\"@id\":\"https:\/\/focusonpack.com\/wt-ro-5000-prefiltration-and-reverse-osmosis\/#primaryimage\",\"url\":\"https:\/\/focusonpack.com\/wp-content\/uploads\/2023\/07\/wt3.jpg\",\"contentUrl\":\"https:\/\/focusonpack.com\/wp-content\/uploads\/2023\/07\/wt3.jpg\"},{\"@type\":\"BreadcrumbList\",\"@id\":\"https:\/\/focusonpack.com\/wt-ro-5000-prefiltration-and-reverse-osmosis\/#breadcrumb\",\"itemListElement\":[{\"@type\":\"ListItem\",\"position\":1,\"name\":\"\u9996\u9875\",\"item\":\"https:\/\/focusonpack.com\/\"},{\"@type\":\"ListItem\",\"position\":2,\"name\":\"WT-RO-5000 Prefiltration and Reverse Osmosis\"}]},{\"@type\":\"WebSite\",\"@id\":\"https:\/\/focusonpack.com\/#website\",\"url\":\"https:\/\/focusonpack.com\/\",\"name\":\"Focus on pack\",\"description\":\"\",\"potentialAction\":[{\"@type\":\"SearchAction\",\"target\":{\"@type\":\"EntryPoint\",\"urlTemplate\":\"https:\/\/focusonpack.com\/?s={search_term_string}\"},\"query-input\":{\"@type\":\"PropertyValueSpecification\",\"valueRequired\":true,\"valueName\":\"search_term_string\"}}],\"inLanguage\":\"es\"}]}<\/script>\n<!-- \/ Yoast SEO plugin. -->","yoast_head_json":{"title":"WT-RO-5000 Prefiltration and Reverse Osmosis - Focus on pack","robots":{"index":"index","follow":"follow","max-snippet":"max-snippet:-1","max-image-preview":"max-image-preview:large","max-video-preview":"max-video-preview:-1"},"canonical":"https:\/\/focusonpack.com\/es\/wt-ro-5000-prefiltration-and-reverse-osmosis\/","og_locale":"es_ES","og_type":"article","og_title":"WT-RO-5000 Prefiltration and Reverse Osmosis - Focus on pack","og_description":"WT-RO-5000 Prefiltration and R&hellip;","og_url":"https:\/\/focusonpack.com\/es\/wt-ro-5000-prefiltration-and-reverse-osmosis\/","og_site_name":"Focus on pack","article_modified_time":"2023-07-21T03:16:06+00:00","og_image":[{"url":"https:\/\/focusonpack.com\/wp-content\/uploads\/2023\/07\/wt3.jpg","type":"","width":"","height":""}],"twitter_card":"summary_large_image","twitter_misc":{"Tiempo de lectura":"2 minutos"},"schema":{"@context":"https:\/\/schema.org","@graph":[{"@type":"WebPage","@id":"https:\/\/focusonpack.com\/wt-ro-5000-prefiltration-and-reverse-osmosis\/","url":"https:\/\/focusonpack.com\/wt-ro-5000-prefiltration-and-reverse-osmosis\/","name":"WT-RO-5000 Prefiltration and Reverse Osmosis - Focus on pack","isPartOf":{"@id":"https:\/\/focusonpack.com\/#website"},"primaryImageOfPage":{"@id":"https:\/\/focusonpack.com\/wt-ro-5000-prefiltration-and-reverse-osmosis\/#primaryimage"},"image":{"@id":"https:\/\/focusonpack.com\/wt-ro-5000-prefiltration-and-reverse-osmosis\/#primaryimage"},"thumbnailUrl":"https:\/\/focusonpack.com\/wp-content\/uploads\/2023\/07\/wt3.jpg","datePublished":"2020-05-16T09:14:06+00:00","dateModified":"2023-07-21T03:16:06+00:00","breadcrumb":{"@id":"https:\/\/focusonpack.com\/wt-ro-5000-prefiltration-and-reverse-osmosis\/#breadcrumb"},"inLanguage":"es","potentialAction":[{"@type":"ReadAction","target":["https:\/\/focusonpack.com\/wt-ro-5000-prefiltration-and-reverse-osmosis\/"]}]},{"@type":"ImageObject","inLanguage":"es","@id":"https:\/\/focusonpack.com\/wt-ro-5000-prefiltration-and-reverse-osmosis\/#primaryimage","url":"https:\/\/focusonpack.com\/wp-content\/uploads\/2023\/07\/wt3.jpg","contentUrl":"https:\/\/focusonpack.com\/wp-content\/uploads\/2023\/07\/wt3.jpg"},{"@type":"BreadcrumbList","@id":"https:\/\/focusonpack.com\/wt-ro-5000-prefiltration-and-reverse-osmosis\/#breadcrumb","itemListElement":[{"@type":"ListItem","position":1,"name":"\u9996\u9875","item":"https:\/\/focusonpack.com\/"},{"@type":"ListItem","position":2,"name":"WT-RO-5000 Prefiltration and Reverse Osmosis"}]},{"@type":"WebSite","@id":"https:\/\/focusonpack.com\/#website","url":"https:\/\/focusonpack.com\/","name":"Focus on pack","description":"","potentialAction":[{"@type":"SearchAction","target":{"@type":"EntryPoint","urlTemplate":"https:\/\/focusonpack.com\/?s={search_term_string}"},"query-input":{"@type":"PropertyValueSpecification","valueRequired":true,"valueName":"search_term_string"}}],"inLanguage":"es"}]}},"_links":{"self":[{"href":"https:\/\/focusonpack.com\/es\/wp-json\/wp\/v2\/pages\/3643","targetHints":{"allow":["GET"]}}],"collection":[{"href":"https:\/\/focusonpack.com\/es\/wp-json\/wp\/v2\/pages"}],"about":[{"href":"https:\/\/focusonpack.com\/es\/wp-json\/wp\/v2\/types\/page"}],"author":[{"embeddable":true,"href":"https:\/\/focusonpack.com\/es\/wp-json\/wp\/v2\/users\/1"}],"replies":[{"embeddable":true,"href":"https:\/\/focusonpack.com\/es\/wp-json\/wp\/v2\/comments?post=3643"}],"version-history":[{"count":8,"href":"https:\/\/focusonpack.com\/es\/wp-json\/wp\/v2\/pages\/3643\/revisions"}],"predecessor-version":[{"id":4077,"href":"https:\/\/focusonpack.com\/es\/wp-json\/wp\/v2\/pages\/3643\/revisions\/4077"}],"wp:attachment":[{"href":"https:\/\/focusonpack.com\/es\/wp-json\/wp\/v2\/media?parent=3643"}],"curies":[{"name":"wp","href":"https:\/\/api.w.org\/{rel}","templated":true}]}}