{"id":3644,"date":"2020-05-16T17:14:08","date_gmt":"2020-05-16T09:14:08","guid":{"rendered":"https:\/\/focusonpack.com\/?page_id=3644"},"modified":"2023-07-21T11:19:14","modified_gmt":"2023-07-21T03:19:14","slug":"wt-ro-3000-prefilter-and-reverse-osmosis","status":"publish","type":"page","link":"https:\/\/focusonpack.com\/es\/wt-ro-3000-prefilter-and-reverse-osmosis\/","title":{"rendered":"WT-RO-3000 Prefilter and Reverse Osmosis"},"content":{"rendered":"<div data-elementor-type=\"wp-page\" data-elementor-id=\"3644\" class=\"elementor elementor-3644\" data-elementor-settings=\"[]\">\n\t\t\t<div class=\"elementor-inner\">\n\t\t\t\t<div class=\"elementor-section-wrap\">\n\t\t\t\t\t\t\t<section class=\"elementor-element elementor-element-78e544a1 elementor-section-boxed elementor-section-height-default elementor-section-height-default elementor-section elementor-top-section\" data-id=\"78e544a1\" data-element_type=\"section\">\n\t\t\t\t\t\t<div class=\"elementor-container elementor-column-gap-default\">\n\t\t\t\t<div class=\"elementor-row\">\n\t\t\t\t<div class=\"elementor-element elementor-element-6ae1a85c elementor-column elementor-col-50 elementor-top-column\" data-id=\"6ae1a85c\" data-element_type=\"column\">\n\t\t\t<div class=\"elementor-column-wrap  elementor-element-populated\">\n\t\t\t\t\t<div class=\"elementor-widget-wrap\">\n\t\t\t\t<div class=\"elementor-element elementor-element-56e48fb7 elementor-widget elementor-widget-heading\" data-id=\"56e48fb7\" data-element_type=\"widget\" data-widget_type=\"heading.default\">\n\t\t\t\t<div class=\"elementor-widget-container\">\n\t\t\t<h3 class=\"elementor-heading-title elementor-size-default\">WT-RO-3000 Prefilter and Reverse Osmosis<\/h3>\t\t<\/div>\n\t\t\t\t<\/div>\n\t\t\t\t<div class=\"elementor-element elementor-element-1e902f8e elementor-widget elementor-widget-text-editor\" data-id=\"1e902f8e\" data-element_type=\"widget\" data-widget_type=\"text-editor.default\">\n\t\t\t\t<div class=\"elementor-widget-container\">\n\t\t\t\t\t<div class=\"elementor-text-editor elementor-clearfix\"><p>WT-RO-3000 pre-filter and reverse osmosis is has been engineered to treat raw water from ground and surface to be drinkable water. It has ability to produce 3000 liters purified water per hour and built with heavy duty stainless steel 304, pre filters and reverse osmosis are mounted on frame for easy installation, HYDRANAUTICS membranes are used, Critical electronic components are world famous brand. Complete set includes pre-fitlers and reverse osmosis system. There are more than one pre-filter used in a Reverse Osmosis system, the most common being sand and carbon filters. These pre-filters are used to protect the RO membranes by removing sand silt, dirt, and other sediment that could clog the system. Additionally, carbon filter is used to remove taste, odor, organic contaminants, and chlorine, which can damage the RO membranes, Water softening is the reduction of the concentration of calcium, magnesium, and certain other metals in hard water, Cartridge filters, almost universally used in all RO systems prior to the high pressure pump, serve as the final barrier to water born particles. The nominal rating commonly used in RO applications is in the range of 5 &#8211; 15 microns. Reverse osmosis (RO) is a membrane-technology filtration method that removes many types of large molecules and ions from solutions by applying pressure to the solution when it is on one side of a selective membrane. The result is that the solute is retained on the pressurized side of the membrane and the pure water is allowed to pass to the other side. To be \u201cselective,\u201d this membrane should not allow large molecules or ions through the pores (holes), but should allow smaller components of the solution (such as the pure water) to pass freely.<\/p><\/div>\n\t\t\t\t<\/div>\n\t\t\t\t<\/div>\n\t\t\t\t<div class=\"elementor-element elementor-element-776f16d0 elementor-widget elementor-widget-text-editor\" data-id=\"776f16d0\" data-element_type=\"widget\" data-widget_type=\"text-editor.default\">\n\t\t\t\t<div class=\"elementor-widget-container\">\n\t\t\t\t\t<div class=\"elementor-text-editor elementor-clearfix\"><p><strong>Itinerario t\u00e9cnico e instrucciones del diagrama de flujo<\/strong><\/p><p>Dep\u00f3sito de agua bruta \u2192 Bomba de aumento de presi\u00f3n \u2192 Filtro de arena \u2192 Filtro de carb\u00f3n activado \u2192 Microfiltro ablandador<br \/>\u2192 Bomba de alta presi\u00f3n \u2192 \u00d3smosis inversa \u2192 Dep\u00f3sito de permeado<\/p><\/div>\n\t\t\t\t<\/div>\n\t\t\t\t<\/div>\n\t\t\t\t<div class=\"elementor-element elementor-element-6f8921fe elementor-widget elementor-widget-heading\" data-id=\"6f8921fe\" data-element_type=\"widget\" data-widget_type=\"heading.default\">\n\t\t\t\t<div class=\"elementor-widget-container\">\n\t\t\t<h3 class=\"elementor-heading-title elementor-size-default\">Caracter\u00edsticas principales<\/h3>\t\t<\/div>\n\t\t\t\t<\/div>\n\t\t\t\t<div class=\"elementor-element elementor-element-21a14d5f elementor-widget elementor-widget-text-editor\" data-id=\"21a14d5f\" data-element_type=\"widget\" data-widget_type=\"text-editor.default\">\n\t\t\t\t<div class=\"elementor-widget-container\">\n\t\t\t\t\t<div class=\"elementor-text-editor elementor-clearfix\"><p><strong>Materiales de construcci\u00f3n<\/strong><\/p><p>Bastidor: SS304<\/p><p>Elementos de membrana:Hidr\u00e1ulica ESPA2-4040<\/p><p>Carcasas de membrana: SS304<\/p><p>Tuber\u00edas de baja presi\u00f3n: SS304<\/p><p>Tuber\u00edas de alta presi\u00f3n: SS304<\/p><\/div>\n\t\t\t\t<\/div>\n\t\t\t\t<\/div>\n\t\t\t\t<div class=\"elementor-element elementor-element-2a67d0ee elementor-widget elementor-widget-text-editor\" data-id=\"2a67d0ee\" data-element_type=\"widget\" data-widget_type=\"text-editor.default\">\n\t\t\t\t<div class=\"elementor-widget-container\">\n\t\t\t\t\t<div class=\"elementor-text-editor elementor-clearfix\"><p><b>Bomba y motor<\/b><\/p><p>Bomba: centr\u00edfuga multietapa vertical 304SS<\/p><p>Motor: TEFC, 380\/460 VCA, trif\u00e1sico, 50\/60 Hz.<\/p><\/div>\n\t\t\t\t<\/div>\n\t\t\t\t<\/div>\n\t\t\t\t<div class=\"elementor-element elementor-element-b859799 elementor-widget elementor-widget-text-editor\" data-id=\"b859799\" data-element_type=\"widget\" data-widget_type=\"text-editor.default\">\n\t\t\t\t<div class=\"elementor-widget-container\">\n\t\t\t\t\t<div class=\"elementor-text-editor elementor-clearfix\"><p><b>Caracter\u00edsticas est\u00e1ndar<\/b><\/p><p>Elementos de membrana de alto rechazo de 4\" x 40<\/p><p>Carcasa del prefiltro de sedimentos de 5 micras<\/p><p>Electrov\u00e1lvula de entrada autom\u00e1tica<\/p><p>Control PLC<\/p><p>Conductividad del agua del producto<\/p><p>Man\u00f3metros de funcionamiento<\/p><p>Caudal\u00edmetros de productos y concentrados<\/p><p>V\u00e1lvulas de control de caudal de concentrado y reciclado<\/p><p>Presostato de baja presi\u00f3n de entrada con alarma de desconexi\u00f3n<\/p><p>Lavado autom\u00e1tico\/manual<\/p><\/div>\n\t\t\t\t<\/div>\n\t\t\t\t<\/div>\n\t\t\t\t<div class=\"elementor-element elementor-element-161221ac elementor-widget elementor-widget-text-editor\" data-id=\"161221ac\" data-element_type=\"widget\" data-widget_type=\"text-editor.default\">\n\t\t\t\t<div class=\"elementor-widget-container\">\n\t\t\t\t\t<div class=\"elementor-text-editor elementor-clearfix\"><p><strong>Equipamiento opcional disponible<\/strong><br \/>Dep\u00f3sitos atmosf\u00e9ricos con control de nivel y bombas de represurizaci\u00f3n<br \/>Recipientes de almacenamiento a presi\u00f3n<br \/>UV<br \/>Generador de ozono<br \/>Sistemas de limpieza in situ (CIP) con membranas<br \/>Sistemas de inyecci\u00f3n de productos qu\u00edmicos de pretratamiento<\/p><\/div>\n\t\t\t\t<\/div>\n\t\t\t\t<\/div>\n\t\t\t\t<div class=\"elementor-element elementor-element-55ec9a79 elementor-widget elementor-widget-heading\" data-id=\"55ec9a79\" data-element_type=\"widget\" data-widget_type=\"heading.default\">\n\t\t\t\t<div class=\"elementor-widget-container\">\n\t\t\t<h3 class=\"elementor-heading-title elementor-size-default\">Especificaciones t\u00e9cnicas<\/h3>\t\t<\/div>\n\t\t\t\t<\/div>\n\t\t\t\t<div class=\"elementor-element elementor-element-777a5f34 elementor-widget elementor-widget-text-editor\" data-id=\"777a5f34\" data-element_type=\"widget\" data-widget_type=\"text-editor.default\">\n\t\t\t\t<div class=\"elementor-widget-container\">\n\t\t\t\t\t<div class=\"elementor-text-editor elementor-clearfix\"><table border=\"0\" cellpadding=\"0\" cellspacing=\"0\" width=\"402\" height=\"180\" style=\"width: 301.52pt;\">\n<colgroup>\n<col width=\"173\" style=\"width:129.75pt;\">\n<col width=\"229\" style=\"width:171.75pt;\">\n <\/colgroup>\n<tbody>\n<tr height=\"20\" style=\"height:15.00pt;\">\n<td class=\"et2\" height=\"20\" width=\"173\" x:str=\"\" style=\"height:15.00pt;width:129.75pt;\">Modelo&nbsp;<\/td>\n<td class=\"et2\" width=\"229\" x:str=\"\" style=\"width:171.75pt;\">WT-RO-3000<\/td>\n<\/tr>\n<tr height=\"20\" style=\"height:15.00pt;\">\n<td class=\"et2\" height=\"20\" x:str=\"\" style=\"height:15.00pt;\">Capacidad<\/td>\n<td class=\"et2\" x:str=\"\">3000LPH(Liter per Hour)<\/td>\n<\/tr>\n<tr height=\"20\" style=\"height:15.00pt;\">\n<td class=\"et2\" height=\"20\" x:str=\"\" style=\"height:15.00pt;\">Recuperaci\u00f3n nominal&nbsp;<\/td>\n<td class=\"et2\" x:str=\"\">65-75%<\/td>\n<\/tr>\n<tr height=\"20\" style=\"height:15.00pt;\">\n<td class=\"et2\" height=\"20\" x:str=\"\" style=\"height:15.00pt;\">Rechazo nominal de sal<\/td>\n<td class=\"et3\" x:num=\"0.996\">99.60%<\/td>\n<\/tr>\n<tr height=\"20\" style=\"height:15.00pt;\">\n<td class=\"et2\" height=\"20\" x:str=\"\" style=\"height:15.00pt;\">Temperatura de funcionamiento<\/td>\n<td class=\"et2\" x:str=\"\">15\u00b0C-45\u00b0C<\/td>\n<\/tr>\n<tr height=\"20\" style=\"height:15.00pt;\">\n<td class=\"et2\" height=\"20\" x:str=\"\" style=\"height:15.00pt;\">Temperatura de dise\u00f1o<\/td>\n<td class=\"et2\" x:str=\"\">25\u00b0C<\/td>\n<\/tr>\n<tr height=\"20\" style=\"height:15.00pt;\">\n<td class=\"et2\" height=\"20\" x:str=\"\" style=\"height:15.00pt;\">Bomba de alimentaci\u00f3n<\/td>\n<td class=\"et2\" x:str=\"\">1,1 KW<\/td>\n<\/tr>\n<tr height=\"20\" style=\"height:15.00pt;\">\n<td class=\"et2\" height=\"20\" x:str=\"\" style=\"height:15.00pt;\">Bomba de alta presi\u00f3n&nbsp;<\/td>\n<td class=\"et2\" x:str=\"\">3KW<\/td>\n<\/tr>\n<tr height=\"20\" style=\"height:15.00pt;\">\n<td class=\"et2\" height=\"20\" x:str=\"\" style=\"height:15.00pt;\">Tensi\u00f3n<\/td>\n<td class=\"et2\" x:str=\"\">220V \/380V\/460V - 50Hz\/60Hz<\/td>\n<\/tr>\n<\/tbody>\n<\/table><\/div>\n\t\t\t\t<\/div>\n\t\t\t\t<\/div>\n\t\t\t\t<div class=\"elementor-element elementor-element-48655eeb elementor-widget elementor-widget-text-editor\" data-id=\"48655eeb\" data-element_type=\"widget\" data-widget_type=\"text-editor.default\">\n\t\t\t\t<div class=\"elementor-widget-container\">\n\t\t\t\t\t<div class=\"elementor-text-editor elementor-clearfix\"><p>\uf013 Especificaciones sujetas a cambios sin previo aviso, Todos los derechos reservados.<\/p><\/div>\n\t\t\t\t<\/div>\n\t\t\t\t<\/div>\n\t\t\t\t\t\t<\/div>\n\t\t\t<\/div>\n\t\t<\/div>\n\t\t\t\t<div class=\"elementor-element elementor-element-76e27c4f elementor-column elementor-col-50 elementor-top-column\" data-id=\"76e27c4f\" data-element_type=\"column\">\n\t\t\t<div class=\"elementor-column-wrap  elementor-element-populated\">\n\t\t\t\t\t<div class=\"elementor-widget-wrap\">\n\t\t\t\t<div class=\"elementor-element elementor-element-67a14b16 elementor-widget elementor-widget-spacer\" data-id=\"67a14b16\" data-element_type=\"widget\" data-widget_type=\"spacer.default\">\n\t\t\t\t<div class=\"elementor-widget-container\">\n\t\t\t\t\t<div class=\"elementor-spacer\">\n\t\t\t<div class=\"elementor-spacer-inner\"><\/div>\n\t\t<\/div>\n\t\t\t\t<\/div>\n\t\t\t\t<\/div>\n\t\t\t\t<div class=\"elementor-element elementor-element-7b7ccb46 elementor-widget elementor-widget-image\" data-id=\"7b7ccb46\" data-element_type=\"widget\" data-widget_type=\"image.default\">\n\t\t\t\t<div class=\"elementor-widget-container\">\n\t\t\t\t\t<div class=\"elementor-image\">\n\t\t\t\t\t\t\t\t\t\t<img loading=\"lazy\" decoding=\"async\" width=\"302\" height=\"195\" src=\"https:\/\/focusonpack.com\/wp-content\/uploads\/2023\/07\/wt3.jpg\" class=\"attachment-full size-full\" alt=\"\" srcset=\"https:\/\/focusonpack.com\/wp-content\/uploads\/2023\/07\/wt3.jpg 302w, https:\/\/focusonpack.com\/wp-content\/uploads\/2023\/07\/wt3-300x195.jpg 300w\" sizes=\"auto, (max-width: 302px) 100vw, 302px\" \/>\t\t\t\t\t\t\t\t\t\t\t<\/div>\n\t\t\t\t<\/div>\n\t\t\t\t<\/div>\n\t\t\t\t<div class=\"elementor-element elementor-element-5f80228c elementor-button-info elementor-align-center elementor-widget elementor-widget-button\" data-id=\"5f80228c\" data-element_type=\"widget\" data-widget_type=\"button.default\">\n\t\t\t\t<div class=\"elementor-widget-container\">\n\t\t\t\t\t<div class=\"elementor-button-wrapper\">\n\t\t\t<a href=\"https:\/\/focusonpack.com\/es\/contacto\/\" class=\"elementor-button-link elementor-button elementor-size-sm\" role=\"button\">\n\t\t\t\t\t\t<span class=\"elementor-button-content-wrapper\">\n\t\t\t\t\t\t<span class=\"elementor-button-text\">Solicitar presupuesto<\/span>\n\t\t<\/span>\n\t\t\t\t\t<\/a>\n\t\t<\/div>\n\t\t\t\t<\/div>\n\t\t\t\t<\/div>\n\t\t\t\t\t\t<\/div>\n\t\t\t<\/div>\n\t\t<\/div>\n\t\t\t\t\t\t<\/div>\n\t\t\t<\/div>\n\t\t<\/section>\n\t\t\t\t\t\t<\/div>\n\t\t\t<\/div>\n\t\t<\/div>","protected":false},"excerpt":{"rendered":"<p>WT-RO-3000 Prefilter and Rever&hellip;<\/p>","protected":false},"author":1,"featured_media":0,"parent":0,"menu_order":0,"comment_status":"closed","ping_status":"closed","template":"elementor_header_footer","meta":{"footnotes":""},"class_list":["post-3644","page","type-page","status-publish","hentry","no-thumb"],"yoast_head":"<!-- This site is optimized with the Yoast SEO plugin v24.8.1 - https:\/\/yoast.com\/wordpress\/plugins\/seo\/ -->\n<title>WT-RO-3000 Prefilter and Reverse Osmosis - Focus on pack<\/title>\n<meta name=\"robots\" content=\"index, follow, max-snippet:-1, max-image-preview:large, max-video-preview:-1\" \/>\n<link rel=\"canonical\" href=\"https:\/\/focusonpack.com\/es\/wt-ro-3000-prefilter-and-reverse-osmosis\/\" \/>\n<meta property=\"og:locale\" content=\"es_ES\" \/>\n<meta property=\"og:type\" content=\"article\" \/>\n<meta property=\"og:title\" content=\"WT-RO-3000 Prefilter and Reverse Osmosis - Focus on pack\" \/>\n<meta property=\"og:description\" content=\"WT-RO-3000 Prefilter and Rever&hellip;\" \/>\n<meta property=\"og:url\" content=\"https:\/\/focusonpack.com\/es\/wt-ro-3000-prefilter-and-reverse-osmosis\/\" \/>\n<meta property=\"og:site_name\" content=\"Focus on pack\" \/>\n<meta property=\"article:modified_time\" content=\"2023-07-21T03:19:14+00:00\" \/>\n<meta property=\"og:image\" content=\"https:\/\/focusonpack.com\/wp-content\/uploads\/2023\/07\/wt3.jpg\" \/>\n<meta name=\"twitter:card\" content=\"summary_large_image\" \/>\n<meta name=\"twitter:label1\" content=\"Tiempo de lectura\" \/>\n\t<meta name=\"twitter:data1\" content=\"2 minutos\" \/>\n<script type=\"application\/ld+json\" class=\"yoast-schema-graph\">{\"@context\":\"https:\/\/schema.org\",\"@graph\":[{\"@type\":\"WebPage\",\"@id\":\"https:\/\/focusonpack.com\/wt-ro-3000-prefilter-and-reverse-osmosis\/\",\"url\":\"https:\/\/focusonpack.com\/wt-ro-3000-prefilter-and-reverse-osmosis\/\",\"name\":\"WT-RO-3000 Prefilter and Reverse Osmosis - Focus on pack\",\"isPartOf\":{\"@id\":\"https:\/\/focusonpack.com\/#website\"},\"primaryImageOfPage\":{\"@id\":\"https:\/\/focusonpack.com\/wt-ro-3000-prefilter-and-reverse-osmosis\/#primaryimage\"},\"image\":{\"@id\":\"https:\/\/focusonpack.com\/wt-ro-3000-prefilter-and-reverse-osmosis\/#primaryimage\"},\"thumbnailUrl\":\"https:\/\/focusonpack.com\/wp-content\/uploads\/2023\/07\/wt3.jpg\",\"datePublished\":\"2020-05-16T09:14:08+00:00\",\"dateModified\":\"2023-07-21T03:19:14+00:00\",\"breadcrumb\":{\"@id\":\"https:\/\/focusonpack.com\/wt-ro-3000-prefilter-and-reverse-osmosis\/#breadcrumb\"},\"inLanguage\":\"es\",\"potentialAction\":[{\"@type\":\"ReadAction\",\"target\":[\"https:\/\/focusonpack.com\/wt-ro-3000-prefilter-and-reverse-osmosis\/\"]}]},{\"@type\":\"ImageObject\",\"inLanguage\":\"es\",\"@id\":\"https:\/\/focusonpack.com\/wt-ro-3000-prefilter-and-reverse-osmosis\/#primaryimage\",\"url\":\"https:\/\/focusonpack.com\/wp-content\/uploads\/2023\/07\/wt3.jpg\",\"contentUrl\":\"https:\/\/focusonpack.com\/wp-content\/uploads\/2023\/07\/wt3.jpg\"},{\"@type\":\"BreadcrumbList\",\"@id\":\"https:\/\/focusonpack.com\/wt-ro-3000-prefilter-and-reverse-osmosis\/#breadcrumb\",\"itemListElement\":[{\"@type\":\"ListItem\",\"position\":1,\"name\":\"\u9996\u9875\",\"item\":\"https:\/\/focusonpack.com\/\"},{\"@type\":\"ListItem\",\"position\":2,\"name\":\"WT-RO-3000 Prefilter and Reverse Osmosis\"}]},{\"@type\":\"WebSite\",\"@id\":\"https:\/\/focusonpack.com\/#website\",\"url\":\"https:\/\/focusonpack.com\/\",\"name\":\"Focus on pack\",\"description\":\"\",\"potentialAction\":[{\"@type\":\"SearchAction\",\"target\":{\"@type\":\"EntryPoint\",\"urlTemplate\":\"https:\/\/focusonpack.com\/?s={search_term_string}\"},\"query-input\":{\"@type\":\"PropertyValueSpecification\",\"valueRequired\":true,\"valueName\":\"search_term_string\"}}],\"inLanguage\":\"es\"}]}<\/script>\n<!-- \/ Yoast SEO plugin. -->","yoast_head_json":{"title":"WT-RO-3000 Prefilter and Reverse Osmosis - Focus on pack","robots":{"index":"index","follow":"follow","max-snippet":"max-snippet:-1","max-image-preview":"max-image-preview:large","max-video-preview":"max-video-preview:-1"},"canonical":"https:\/\/focusonpack.com\/es\/wt-ro-3000-prefilter-and-reverse-osmosis\/","og_locale":"es_ES","og_type":"article","og_title":"WT-RO-3000 Prefilter and Reverse Osmosis - Focus on pack","og_description":"WT-RO-3000 Prefilter and Rever&hellip;","og_url":"https:\/\/focusonpack.com\/es\/wt-ro-3000-prefilter-and-reverse-osmosis\/","og_site_name":"Focus on pack","article_modified_time":"2023-07-21T03:19:14+00:00","og_image":[{"url":"https:\/\/focusonpack.com\/wp-content\/uploads\/2023\/07\/wt3.jpg","type":"","width":"","height":""}],"twitter_card":"summary_large_image","twitter_misc":{"Tiempo de lectura":"2 minutos"},"schema":{"@context":"https:\/\/schema.org","@graph":[{"@type":"WebPage","@id":"https:\/\/focusonpack.com\/wt-ro-3000-prefilter-and-reverse-osmosis\/","url":"https:\/\/focusonpack.com\/wt-ro-3000-prefilter-and-reverse-osmosis\/","name":"WT-RO-3000 Prefilter and Reverse Osmosis - Focus on pack","isPartOf":{"@id":"https:\/\/focusonpack.com\/#website"},"primaryImageOfPage":{"@id":"https:\/\/focusonpack.com\/wt-ro-3000-prefilter-and-reverse-osmosis\/#primaryimage"},"image":{"@id":"https:\/\/focusonpack.com\/wt-ro-3000-prefilter-and-reverse-osmosis\/#primaryimage"},"thumbnailUrl":"https:\/\/focusonpack.com\/wp-content\/uploads\/2023\/07\/wt3.jpg","datePublished":"2020-05-16T09:14:08+00:00","dateModified":"2023-07-21T03:19:14+00:00","breadcrumb":{"@id":"https:\/\/focusonpack.com\/wt-ro-3000-prefilter-and-reverse-osmosis\/#breadcrumb"},"inLanguage":"es","potentialAction":[{"@type":"ReadAction","target":["https:\/\/focusonpack.com\/wt-ro-3000-prefilter-and-reverse-osmosis\/"]}]},{"@type":"ImageObject","inLanguage":"es","@id":"https:\/\/focusonpack.com\/wt-ro-3000-prefilter-and-reverse-osmosis\/#primaryimage","url":"https:\/\/focusonpack.com\/wp-content\/uploads\/2023\/07\/wt3.jpg","contentUrl":"https:\/\/focusonpack.com\/wp-content\/uploads\/2023\/07\/wt3.jpg"},{"@type":"BreadcrumbList","@id":"https:\/\/focusonpack.com\/wt-ro-3000-prefilter-and-reverse-osmosis\/#breadcrumb","itemListElement":[{"@type":"ListItem","position":1,"name":"\u9996\u9875","item":"https:\/\/focusonpack.com\/"},{"@type":"ListItem","position":2,"name":"WT-RO-3000 Prefilter and Reverse Osmosis"}]},{"@type":"WebSite","@id":"https:\/\/focusonpack.com\/#website","url":"https:\/\/focusonpack.com\/","name":"Focus on pack","description":"","potentialAction":[{"@type":"SearchAction","target":{"@type":"EntryPoint","urlTemplate":"https:\/\/focusonpack.com\/?s={search_term_string}"},"query-input":{"@type":"PropertyValueSpecification","valueRequired":true,"valueName":"search_term_string"}}],"inLanguage":"es"}]}},"_links":{"self":[{"href":"https:\/\/focusonpack.com\/es\/wp-json\/wp\/v2\/pages\/3644","targetHints":{"allow":["GET"]}}],"collection":[{"href":"https:\/\/focusonpack.com\/es\/wp-json\/wp\/v2\/pages"}],"about":[{"href":"https:\/\/focusonpack.com\/es\/wp-json\/wp\/v2\/types\/page"}],"author":[{"embeddable":true,"href":"https:\/\/focusonpack.com\/es\/wp-json\/wp\/v2\/users\/1"}],"replies":[{"embeddable":true,"href":"https:\/\/focusonpack.com\/es\/wp-json\/wp\/v2\/comments?post=3644"}],"version-history":[{"count":8,"href":"https:\/\/focusonpack.com\/es\/wp-json\/wp\/v2\/pages\/3644\/revisions"}],"predecessor-version":[{"id":4080,"href":"https:\/\/focusonpack.com\/es\/wp-json\/wp\/v2\/pages\/3644\/revisions\/4080"}],"wp:attachment":[{"href":"https:\/\/focusonpack.com\/es\/wp-json\/wp\/v2\/media?parent=3644"}],"curies":[{"name":"wp","href":"https:\/\/api.w.org\/{rel}","templated":true}]}}