{"id":3645,"date":"2020-05-16T17:14:10","date_gmt":"2020-05-16T09:14:10","guid":{"rendered":"https:\/\/focusonpack.com\/?page_id=3645"},"modified":"2023-07-21T11:19:06","modified_gmt":"2023-07-21T03:19:06","slug":"wt-ro-2000-water-treatment-and-reverse-osmosis","status":"publish","type":"page","link":"https:\/\/focusonpack.com\/es\/wt-ro-2000-tratamiento-del-agua-y-osmosis-inversa\/","title":{"rendered":"WT-RO-2000 Tratamiento del agua y \u00f3smosis inversa"},"content":{"rendered":"<div data-elementor-type=\"wp-page\" data-elementor-id=\"3645\" class=\"elementor elementor-3645\" data-elementor-settings=\"[]\">\n\t\t\t<div class=\"elementor-inner\">\n\t\t\t\t<div class=\"elementor-section-wrap\">\n\t\t\t\t\t\t\t<section class=\"elementor-element elementor-element-23688f1b elementor-section-boxed elementor-section-height-default elementor-section-height-default elementor-section elementor-top-section\" data-id=\"23688f1b\" data-element_type=\"section\">\n\t\t\t\t\t\t<div class=\"elementor-container elementor-column-gap-default\">\n\t\t\t\t<div class=\"elementor-row\">\n\t\t\t\t<div class=\"elementor-element elementor-element-65bac0f6 elementor-column elementor-col-50 elementor-top-column\" data-id=\"65bac0f6\" data-element_type=\"column\">\n\t\t\t<div class=\"elementor-column-wrap  elementor-element-populated\">\n\t\t\t\t\t<div class=\"elementor-widget-wrap\">\n\t\t\t\t<div class=\"elementor-element elementor-element-4d9c2640 elementor-widget elementor-widget-heading\" data-id=\"4d9c2640\" data-element_type=\"widget\" data-widget_type=\"heading.default\">\n\t\t\t\t<div class=\"elementor-widget-container\">\n\t\t\t<h3 class=\"elementor-heading-title elementor-size-default\">WT-RO-2000 Tratamiento del agua y \u00f3smosis inversa<\/h3>\t\t<\/div>\n\t\t\t\t<\/div>\n\t\t\t\t<div class=\"elementor-element elementor-element-5af9ecda elementor-widget elementor-widget-text-editor\" data-id=\"5af9ecda\" data-element_type=\"widget\" data-widget_type=\"text-editor.default\">\n\t\t\t\t<div class=\"elementor-widget-container\">\n\t\t\t\t\t<div class=\"elementor-text-editor elementor-clearfix\"><p>El sistema de tratamiento de agua y \u00f3smosis inversa WT-RO-2000 ha sido dise\u00f1ado para convertir el agua bruta procedente de aguas subterr\u00e1neas o superficiales en agua potable segura, con una capacidad de 2000 litros por hora. de 2000 litros por hora, compuesto por un filtro de arena para eliminar las part\u00edculas, la turbidez, la arena y el \u00f3xido, un filtro de carb\u00f3n activado para eliminar el cloro, los pesticidas, los herbicidas, los desinfectantes y los COV. el cloro, los pesticidas, los herbicidas, los desinfectantes y los COV que, de otro modo, podr\u00edan da\u00f1ar la membrana de \u00f3smosis inversa, un ablandador de agua para reducir dureza del agua, un microfiltro es necesario como \u00faltimo paso antes de las membranas de \u00f3smosis inversa para evitar que cualquier residuo, part\u00edculas de arena o material de las tuber\u00edas da\u00f1en las membranas. El proceso de \u00f3smosis inversa utiliza una membrana semipermeable para separar y eliminar los s\u00f3lidos disueltos, los org\u00e1nicos, los pir\u00f3genos, la materia colodial submicr\u00f3nica, los virus y otras sustancias de las membranas de \u00f3smosis inversa. El proceso de \u00f3smosis inversa utiliza una membrana semipermeable para separar y eliminar del agua los s\u00f3lidos disueltos, los org\u00e1nicos, los pir\u00f3genos, la materia colodial submicr\u00f3nica, los virus y las bacterias. El proceso se denomina \u00f3smosis \"inversa\", ya que requiere presi\u00f3n para forzar el agua pura a trav\u00e9s de una membrana, dejando atr\u00e1s las impurezas. La \u00f3smosis inversa es capaz de eliminar 95 - 99% del total de s\u00f3lidos disueltos (TDS) y 99% de todas las bacterias, proporcionando as\u00ed agua pura y segura.<\/p><\/div>\n\t\t\t\t<\/div>\n\t\t\t\t<\/div>\n\t\t\t\t<div class=\"elementor-element elementor-element-4a12d0d5 elementor-widget elementor-widget-text-editor\" data-id=\"4a12d0d5\" data-element_type=\"widget\" data-widget_type=\"text-editor.default\">\n\t\t\t\t<div class=\"elementor-widget-container\">\n\t\t\t\t\t<div class=\"elementor-text-editor elementor-clearfix\"><p><strong>Itinerario t\u00e9cnico e instrucciones del diagrama de flujo<\/strong><\/p><p>Dep\u00f3sito de agua bruta \u2192 Bomba de aumento de presi\u00f3n \u2192 Filtro de arena \u2192 Filtro de carb\u00f3n activado \u2192 Microfiltro ablandador<br \/>\u2192 Bomba de alta presi\u00f3n \u2192 \u00d3smosis inversa \u2192 Dep\u00f3sito de permeado<\/p><\/div>\n\t\t\t\t<\/div>\n\t\t\t\t<\/div>\n\t\t\t\t<div class=\"elementor-element elementor-element-711dc873 elementor-widget elementor-widget-heading\" data-id=\"711dc873\" data-element_type=\"widget\" data-widget_type=\"heading.default\">\n\t\t\t\t<div class=\"elementor-widget-container\">\n\t\t\t<h3 class=\"elementor-heading-title elementor-size-default\">Caracter\u00edsticas principales<\/h3>\t\t<\/div>\n\t\t\t\t<\/div>\n\t\t\t\t<div class=\"elementor-element elementor-element-1f0066c1 elementor-widget elementor-widget-text-editor\" data-id=\"1f0066c1\" data-element_type=\"widget\" data-widget_type=\"text-editor.default\">\n\t\t\t\t<div class=\"elementor-widget-container\">\n\t\t\t\t\t<div class=\"elementor-text-editor elementor-clearfix\"><p><strong>Materiales de construcci\u00f3n<\/strong><\/p><p>Bastidor: SS304<\/p><p>Elementos de membrana:Hidr\u00e1ulica ESPA2-4040<\/p><p>Carcasas de membrana: SS304<\/p><p>Tuber\u00edas de baja presi\u00f3n: SS304<\/p><p>Tuber\u00edas de alta presi\u00f3n: SS304<\/p><\/div>\n\t\t\t\t<\/div>\n\t\t\t\t<\/div>\n\t\t\t\t<div class=\"elementor-element elementor-element-3826057b elementor-widget elementor-widget-text-editor\" data-id=\"3826057b\" data-element_type=\"widget\" data-widget_type=\"text-editor.default\">\n\t\t\t\t<div class=\"elementor-widget-container\">\n\t\t\t\t\t<div class=\"elementor-text-editor elementor-clearfix\"><p><b>Bomba y motor<\/b><\/p><p>Bomba: centr\u00edfuga multietapa vertical 304SS<\/p><p>Motor: TEFC, 380\/460 VCA, trif\u00e1sico, 50\/60 Hz.<\/p><\/div>\n\t\t\t\t<\/div>\n\t\t\t\t<\/div>\n\t\t\t\t<div class=\"elementor-element elementor-element-54e382d elementor-widget elementor-widget-text-editor\" data-id=\"54e382d\" data-element_type=\"widget\" data-widget_type=\"text-editor.default\">\n\t\t\t\t<div class=\"elementor-widget-container\">\n\t\t\t\t\t<div class=\"elementor-text-editor elementor-clearfix\"><p><b>Caracter\u00edsticas est\u00e1ndar<\/b><\/p><p>Elementos de membrana de alto rechazo de 4\" x 40<\/p><p>Carcasa del prefiltro de sedimentos de 5 micras<\/p><p>Electrov\u00e1lvula de entrada autom\u00e1tica<\/p><p>Control PLC<\/p><p>Conductividad del agua del producto<\/p><p>Man\u00f3metros de funcionamiento<\/p><p>Caudal\u00edmetros de productos y concentrados<\/p><p>V\u00e1lvulas de control de caudal de concentrado y reciclado<\/p><p>Presostato de baja presi\u00f3n de entrada con alarma de desconexi\u00f3n<\/p><p>Lavado autom\u00e1tico\/manual<\/p><\/div>\n\t\t\t\t<\/div>\n\t\t\t\t<\/div>\n\t\t\t\t<div class=\"elementor-element elementor-element-5db9cd02 elementor-widget elementor-widget-text-editor\" data-id=\"5db9cd02\" data-element_type=\"widget\" data-widget_type=\"text-editor.default\">\n\t\t\t\t<div class=\"elementor-widget-container\">\n\t\t\t\t\t<div class=\"elementor-text-editor elementor-clearfix\"><p><strong>Equipamiento opcional disponible<\/strong><br \/>Dep\u00f3sitos atmosf\u00e9ricos con control de nivel y bombas de represurizaci\u00f3n<br \/>Recipientes de almacenamiento a presi\u00f3n<br \/>UV<br \/>Generador de ozono<br \/>Sistemas de limpieza in situ (CIP) con membranas<br \/>Sistemas de inyecci\u00f3n de productos qu\u00edmicos de pretratamiento<\/p><\/div>\n\t\t\t\t<\/div>\n\t\t\t\t<\/div>\n\t\t\t\t<div class=\"elementor-element elementor-element-747946f2 elementor-widget elementor-widget-heading\" data-id=\"747946f2\" data-element_type=\"widget\" data-widget_type=\"heading.default\">\n\t\t\t\t<div class=\"elementor-widget-container\">\n\t\t\t<h3 class=\"elementor-heading-title elementor-size-default\">Especificaciones t\u00e9cnicas<\/h3>\t\t<\/div>\n\t\t\t\t<\/div>\n\t\t\t\t<div class=\"elementor-element elementor-element-16b3e886 elementor-widget elementor-widget-text-editor\" data-id=\"16b3e886\" data-element_type=\"widget\" data-widget_type=\"text-editor.default\">\n\t\t\t\t<div class=\"elementor-widget-container\">\n\t\t\t\t\t<div class=\"elementor-text-editor elementor-clearfix\"><table border=\"0\" cellpadding=\"0\" cellspacing=\"0\" width=\"402\" height=\"180\" style=\"width: 301.52pt;\">\n<colgroup>\n<col width=\"173\" style=\"width:129.75pt;\">\n<col width=\"229\" style=\"width:171.75pt;\">\n <\/colgroup>\n<tbody>\n<tr height=\"20\" style=\"height:15.00pt;\">\n<td class=\"et2\" height=\"20\" width=\"173\" x:str=\"\" style=\"height:15.00pt;width:129.75pt;\">Modelo&nbsp;<\/td>\n<td class=\"et2\" width=\"229\" x:str=\"\" style=\"width:171.75pt;\">WT-RO-2000<\/td>\n<\/tr>\n<tr height=\"20\" style=\"height:15.00pt;\">\n<td class=\"et2\" height=\"20\" x:str=\"\" style=\"height:15.00pt;\">Capacidad<\/td>\n<td class=\"et2\" x:str=\"\">2000LPH (litros por hora)<\/td>\n<\/tr>\n<tr height=\"20\" style=\"height:15.00pt;\">\n<td class=\"et2\" height=\"20\" x:str=\"\" style=\"height:15.00pt;\">Recuperaci\u00f3n nominal&nbsp;<\/td>\n<td class=\"et2\" x:str=\"\">65-75%<\/td>\n<\/tr>\n<tr height=\"20\" style=\"height:15.00pt;\">\n<td class=\"et2\" height=\"20\" x:str=\"\" style=\"height:15.00pt;\">Rechazo nominal de sal<\/td>\n<td class=\"et3\" x:num=\"0.996\">99.60%<\/td>\n<\/tr>\n<tr height=\"20\" style=\"height:15.00pt;\">\n<td class=\"et2\" height=\"20\" x:str=\"\" style=\"height:15.00pt;\">Temperatura de funcionamiento<\/td>\n<td class=\"et2\" x:str=\"\">15\u00b0C-45\u00b0C<\/td>\n<\/tr>\n<tr height=\"20\" style=\"height:15.00pt;\">\n<td class=\"et2\" height=\"20\" x:str=\"\" style=\"height:15.00pt;\">Temperatura de dise\u00f1o<\/td>\n<td class=\"et2\" x:str=\"\">25\u00b0C<\/td>\n<\/tr>\n<tr height=\"20\" style=\"height:15.00pt;\">\n<td class=\"et2\" height=\"20\" x:str=\"\" style=\"height:15.00pt;\">Bomba de alimentaci\u00f3n<\/td>\n<td class=\"et2\" x:str=\"\">0,75 KW<\/td>\n<\/tr>\n<tr height=\"20\" style=\"height:15.00pt;\">\n<td class=\"et2\" height=\"20\" x:str=\"\" style=\"height:15.00pt;\">Bomba de alta presi\u00f3n&nbsp;<\/td>\n<td class=\"et2\" x:str=\"\">2,2 KW<\/td>\n<\/tr>\n<tr height=\"20\" style=\"height:15.00pt;\">\n<td class=\"et2\" height=\"20\" x:str=\"\" style=\"height:15.00pt;\">Tensi\u00f3n<\/td>\n<td class=\"et2\" x:str=\"\">220V \/380V\/460V - 50Hz\/60Hz<\/td>\n<\/tr>\n<\/tbody>\n<\/table><\/div>\n\t\t\t\t<\/div>\n\t\t\t\t<\/div>\n\t\t\t\t<div class=\"elementor-element elementor-element-3f5a5bb4 elementor-widget elementor-widget-text-editor\" data-id=\"3f5a5bb4\" data-element_type=\"widget\" data-widget_type=\"text-editor.default\">\n\t\t\t\t<div class=\"elementor-widget-container\">\n\t\t\t\t\t<div class=\"elementor-text-editor elementor-clearfix\"><p>\uf013 Especificaciones sujetas a cambios sin previo aviso, Todos los derechos reservados.<\/p><\/div>\n\t\t\t\t<\/div>\n\t\t\t\t<\/div>\n\t\t\t\t\t\t<\/div>\n\t\t\t<\/div>\n\t\t<\/div>\n\t\t\t\t<div class=\"elementor-element elementor-element-42765cc7 elementor-column elementor-col-50 elementor-top-column\" data-id=\"42765cc7\" data-element_type=\"column\">\n\t\t\t<div class=\"elementor-column-wrap  elementor-element-populated\">\n\t\t\t\t\t<div class=\"elementor-widget-wrap\">\n\t\t\t\t<div class=\"elementor-element elementor-element-679fa913 elementor-widget elementor-widget-spacer\" data-id=\"679fa913\" data-element_type=\"widget\" data-widget_type=\"spacer.default\">\n\t\t\t\t<div class=\"elementor-widget-container\">\n\t\t\t\t\t<div class=\"elementor-spacer\">\n\t\t\t<div class=\"elementor-spacer-inner\"><\/div>\n\t\t<\/div>\n\t\t\t\t<\/div>\n\t\t\t\t<\/div>\n\t\t\t\t<div class=\"elementor-element elementor-element-30e70b21 elementor-widget elementor-widget-image\" data-id=\"30e70b21\" data-element_type=\"widget\" data-widget_type=\"image.default\">\n\t\t\t\t<div class=\"elementor-widget-container\">\n\t\t\t\t\t<div class=\"elementor-image\">\n\t\t\t\t\t\t\t\t\t\t<img loading=\"lazy\" decoding=\"async\" width=\"302\" height=\"195\" src=\"https:\/\/focusonpack.com\/wp-content\/uploads\/2023\/07\/wt2.jpg\" class=\"attachment-full size-full\" alt=\"\" srcset=\"https:\/\/focusonpack.com\/wp-content\/uploads\/2023\/07\/wt2.jpg 302w, https:\/\/focusonpack.com\/wp-content\/uploads\/2023\/07\/wt2-300x195.jpg 300w\" sizes=\"auto, (max-width: 302px) 100vw, 302px\" \/>\t\t\t\t\t\t\t\t\t\t\t<\/div>\n\t\t\t\t<\/div>\n\t\t\t\t<\/div>\n\t\t\t\t<div class=\"elementor-element elementor-element-5708855c elementor-button-info elementor-align-center elementor-widget elementor-widget-button\" data-id=\"5708855c\" data-element_type=\"widget\" data-widget_type=\"button.default\">\n\t\t\t\t<div class=\"elementor-widget-container\">\n\t\t\t\t\t<div class=\"elementor-button-wrapper\">\n\t\t\t<a href=\"https:\/\/focusonpack.com\/es\/contacto\/\" class=\"elementor-button-link elementor-button elementor-size-sm\" role=\"button\">\n\t\t\t\t\t\t<span class=\"elementor-button-content-wrapper\">\n\t\t\t\t\t\t<span class=\"elementor-button-text\">Solicitar presupuesto<\/span>\n\t\t<\/span>\n\t\t\t\t\t<\/a>\n\t\t<\/div>\n\t\t\t\t<\/div>\n\t\t\t\t<\/div>\n\t\t\t\t\t\t<\/div>\n\t\t\t<\/div>\n\t\t<\/div>\n\t\t\t\t\t\t<\/div>\n\t\t\t<\/div>\n\t\t<\/section>\n\t\t\t\t\t\t<\/div>\n\t\t\t<\/div>\n\t\t<\/div>","protected":false},"excerpt":{"rendered":"<p>WT-RO-2000 Water Treatment and&hellip;<\/p>","protected":false},"author":1,"featured_media":0,"parent":0,"menu_order":0,"comment_status":"closed","ping_status":"closed","template":"elementor_header_footer","meta":{"footnotes":""},"class_list":["post-3645","page","type-page","status-publish","hentry","no-thumb"],"yoast_head":"<!-- This site is optimized with the Yoast SEO plugin v24.8.1 - https:\/\/yoast.com\/wordpress\/plugins\/seo\/ -->\n<title>WT-RO-2000 Water Treatment and Reverse Osmosis - Focus on pack<\/title>\n<meta name=\"robots\" content=\"index, follow, max-snippet:-1, max-image-preview:large, max-video-preview:-1\" \/>\n<link rel=\"canonical\" href=\"https:\/\/focusonpack.com\/es\/wt-ro-2000-tratamiento-del-agua-y-osmosis-inversa\/\" \/>\n<meta property=\"og:locale\" content=\"es_ES\" \/>\n<meta property=\"og:type\" content=\"article\" \/>\n<meta property=\"og:title\" content=\"WT-RO-2000 Water Treatment and Reverse Osmosis - Focus on pack\" \/>\n<meta property=\"og:description\" content=\"WT-RO-2000 Water Treatment and&hellip;\" \/>\n<meta property=\"og:url\" content=\"https:\/\/focusonpack.com\/es\/wt-ro-2000-tratamiento-del-agua-y-osmosis-inversa\/\" \/>\n<meta property=\"og:site_name\" content=\"Focus on pack\" \/>\n<meta property=\"article:modified_time\" content=\"2023-07-21T03:19:06+00:00\" \/>\n<meta property=\"og:image\" content=\"https:\/\/focusonpack.com\/wp-content\/uploads\/2023\/07\/wt2.jpg\" \/>\n<meta name=\"twitter:card\" content=\"summary_large_image\" \/>\n<meta name=\"twitter:label1\" content=\"Tiempo de lectura\" \/>\n\t<meta name=\"twitter:data1\" content=\"2 minutos\" \/>\n<script type=\"application\/ld+json\" class=\"yoast-schema-graph\">{\"@context\":\"https:\/\/schema.org\",\"@graph\":[{\"@type\":\"WebPage\",\"@id\":\"https:\/\/focusonpack.com\/wt-ro-2000-water-treatment-and-reverse-osmosis\/\",\"url\":\"https:\/\/focusonpack.com\/wt-ro-2000-water-treatment-and-reverse-osmosis\/\",\"name\":\"WT-RO-2000 Water Treatment and Reverse Osmosis - Focus on pack\",\"isPartOf\":{\"@id\":\"https:\/\/focusonpack.com\/#website\"},\"primaryImageOfPage\":{\"@id\":\"https:\/\/focusonpack.com\/wt-ro-2000-water-treatment-and-reverse-osmosis\/#primaryimage\"},\"image\":{\"@id\":\"https:\/\/focusonpack.com\/wt-ro-2000-water-treatment-and-reverse-osmosis\/#primaryimage\"},\"thumbnailUrl\":\"https:\/\/focusonpack.com\/wp-content\/uploads\/2023\/07\/wt2.jpg\",\"datePublished\":\"2020-05-16T09:14:10+00:00\",\"dateModified\":\"2023-07-21T03:19:06+00:00\",\"breadcrumb\":{\"@id\":\"https:\/\/focusonpack.com\/wt-ro-2000-water-treatment-and-reverse-osmosis\/#breadcrumb\"},\"inLanguage\":\"es\",\"potentialAction\":[{\"@type\":\"ReadAction\",\"target\":[\"https:\/\/focusonpack.com\/wt-ro-2000-water-treatment-and-reverse-osmosis\/\"]}]},{\"@type\":\"ImageObject\",\"inLanguage\":\"es\",\"@id\":\"https:\/\/focusonpack.com\/wt-ro-2000-water-treatment-and-reverse-osmosis\/#primaryimage\",\"url\":\"https:\/\/focusonpack.com\/wp-content\/uploads\/2023\/07\/wt2.jpg\",\"contentUrl\":\"https:\/\/focusonpack.com\/wp-content\/uploads\/2023\/07\/wt2.jpg\"},{\"@type\":\"BreadcrumbList\",\"@id\":\"https:\/\/focusonpack.com\/wt-ro-2000-water-treatment-and-reverse-osmosis\/#breadcrumb\",\"itemListElement\":[{\"@type\":\"ListItem\",\"position\":1,\"name\":\"\u9996\u9875\",\"item\":\"https:\/\/focusonpack.com\/\"},{\"@type\":\"ListItem\",\"position\":2,\"name\":\"WT-RO-2000 Water Treatment and Reverse Osmosis\"}]},{\"@type\":\"WebSite\",\"@id\":\"https:\/\/focusonpack.com\/#website\",\"url\":\"https:\/\/focusonpack.com\/\",\"name\":\"Focus on pack\",\"description\":\"\",\"potentialAction\":[{\"@type\":\"SearchAction\",\"target\":{\"@type\":\"EntryPoint\",\"urlTemplate\":\"https:\/\/focusonpack.com\/?s={search_term_string}\"},\"query-input\":{\"@type\":\"PropertyValueSpecification\",\"valueRequired\":true,\"valueName\":\"search_term_string\"}}],\"inLanguage\":\"es\"}]}<\/script>\n<!-- \/ Yoast SEO plugin. -->","yoast_head_json":{"title":"WT-RO-2000 Water Treatment and Reverse Osmosis - Focus on pack","robots":{"index":"index","follow":"follow","max-snippet":"max-snippet:-1","max-image-preview":"max-image-preview:large","max-video-preview":"max-video-preview:-1"},"canonical":"https:\/\/focusonpack.com\/es\/wt-ro-2000-tratamiento-del-agua-y-osmosis-inversa\/","og_locale":"es_ES","og_type":"article","og_title":"WT-RO-2000 Water Treatment and Reverse Osmosis - Focus on pack","og_description":"WT-RO-2000 Water Treatment and&hellip;","og_url":"https:\/\/focusonpack.com\/es\/wt-ro-2000-tratamiento-del-agua-y-osmosis-inversa\/","og_site_name":"Focus on pack","article_modified_time":"2023-07-21T03:19:06+00:00","og_image":[{"url":"https:\/\/focusonpack.com\/wp-content\/uploads\/2023\/07\/wt2.jpg","type":"","width":"","height":""}],"twitter_card":"summary_large_image","twitter_misc":{"Tiempo de lectura":"2 minutos"},"schema":{"@context":"https:\/\/schema.org","@graph":[{"@type":"WebPage","@id":"https:\/\/focusonpack.com\/wt-ro-2000-water-treatment-and-reverse-osmosis\/","url":"https:\/\/focusonpack.com\/wt-ro-2000-water-treatment-and-reverse-osmosis\/","name":"WT-RO-2000 Water Treatment and Reverse Osmosis - Focus on pack","isPartOf":{"@id":"https:\/\/focusonpack.com\/#website"},"primaryImageOfPage":{"@id":"https:\/\/focusonpack.com\/wt-ro-2000-water-treatment-and-reverse-osmosis\/#primaryimage"},"image":{"@id":"https:\/\/focusonpack.com\/wt-ro-2000-water-treatment-and-reverse-osmosis\/#primaryimage"},"thumbnailUrl":"https:\/\/focusonpack.com\/wp-content\/uploads\/2023\/07\/wt2.jpg","datePublished":"2020-05-16T09:14:10+00:00","dateModified":"2023-07-21T03:19:06+00:00","breadcrumb":{"@id":"https:\/\/focusonpack.com\/wt-ro-2000-water-treatment-and-reverse-osmosis\/#breadcrumb"},"inLanguage":"es","potentialAction":[{"@type":"ReadAction","target":["https:\/\/focusonpack.com\/wt-ro-2000-water-treatment-and-reverse-osmosis\/"]}]},{"@type":"ImageObject","inLanguage":"es","@id":"https:\/\/focusonpack.com\/wt-ro-2000-water-treatment-and-reverse-osmosis\/#primaryimage","url":"https:\/\/focusonpack.com\/wp-content\/uploads\/2023\/07\/wt2.jpg","contentUrl":"https:\/\/focusonpack.com\/wp-content\/uploads\/2023\/07\/wt2.jpg"},{"@type":"BreadcrumbList","@id":"https:\/\/focusonpack.com\/wt-ro-2000-water-treatment-and-reverse-osmosis\/#breadcrumb","itemListElement":[{"@type":"ListItem","position":1,"name":"\u9996\u9875","item":"https:\/\/focusonpack.com\/"},{"@type":"ListItem","position":2,"name":"WT-RO-2000 Water Treatment and Reverse Osmosis"}]},{"@type":"WebSite","@id":"https:\/\/focusonpack.com\/#website","url":"https:\/\/focusonpack.com\/","name":"Focus on pack","description":"","potentialAction":[{"@type":"SearchAction","target":{"@type":"EntryPoint","urlTemplate":"https:\/\/focusonpack.com\/?s={search_term_string}"},"query-input":{"@type":"PropertyValueSpecification","valueRequired":true,"valueName":"search_term_string"}}],"inLanguage":"es"}]}},"_links":{"self":[{"href":"https:\/\/focusonpack.com\/es\/wp-json\/wp\/v2\/pages\/3645","targetHints":{"allow":["GET"]}}],"collection":[{"href":"https:\/\/focusonpack.com\/es\/wp-json\/wp\/v2\/pages"}],"about":[{"href":"https:\/\/focusonpack.com\/es\/wp-json\/wp\/v2\/types\/page"}],"author":[{"embeddable":true,"href":"https:\/\/focusonpack.com\/es\/wp-json\/wp\/v2\/users\/1"}],"replies":[{"embeddable":true,"href":"https:\/\/focusonpack.com\/es\/wp-json\/wp\/v2\/comments?post=3645"}],"version-history":[{"count":8,"href":"https:\/\/focusonpack.com\/es\/wp-json\/wp\/v2\/pages\/3645\/revisions"}],"predecessor-version":[{"id":4079,"href":"https:\/\/focusonpack.com\/es\/wp-json\/wp\/v2\/pages\/3645\/revisions\/4079"}],"wp:attachment":[{"href":"https:\/\/focusonpack.com\/es\/wp-json\/wp\/v2\/media?parent=3645"}],"curies":[{"name":"wp","href":"https:\/\/api.w.org\/{rel}","templated":true}]}}