{"id":3646,"date":"2020-05-16T17:14:12","date_gmt":"2020-05-16T09:14:12","guid":{"rendered":"https:\/\/focusonpack.com\/?page_id=3646"},"modified":"2023-07-21T11:16:24","modified_gmt":"2023-07-21T03:16:24","slug":"wt-ro-1000-pretreatment-and-reverse-osmosis","status":"publish","type":"page","link":"https:\/\/focusonpack.com\/es\/wt-ro-1000-pretreatment-and-reverse-osmosis\/","title":{"rendered":"WT-RO-1000 Pretreatment and Reverse Osmosis"},"content":{"rendered":"<div data-elementor-type=\"wp-page\" data-elementor-id=\"3646\" class=\"elementor elementor-3646\" data-elementor-settings=\"[]\">\n\t\t\t<div class=\"elementor-inner\">\n\t\t\t\t<div class=\"elementor-section-wrap\">\n\t\t\t\t\t\t\t<section class=\"elementor-element elementor-element-171488a4 elementor-section-boxed elementor-section-height-default elementor-section-height-default elementor-section elementor-top-section\" data-id=\"171488a4\" data-element_type=\"section\">\n\t\t\t\t\t\t<div class=\"elementor-container elementor-column-gap-default\">\n\t\t\t\t<div class=\"elementor-row\">\n\t\t\t\t<div class=\"elementor-element elementor-element-474f017 elementor-column elementor-col-50 elementor-top-column\" data-id=\"474f017\" data-element_type=\"column\">\n\t\t\t<div class=\"elementor-column-wrap  elementor-element-populated\">\n\t\t\t\t\t<div class=\"elementor-widget-wrap\">\n\t\t\t\t<div class=\"elementor-element elementor-element-4a279952 elementor-widget elementor-widget-heading\" data-id=\"4a279952\" data-element_type=\"widget\" data-widget_type=\"heading.default\">\n\t\t\t\t<div class=\"elementor-widget-container\">\n\t\t\t<h3 class=\"elementor-heading-title elementor-size-default\">WT-RO-1000 Pretreatment and Reverse Osmosis<\/h3>\t\t<\/div>\n\t\t\t\t<\/div>\n\t\t\t\t<div class=\"elementor-element elementor-element-6b2175a0 elementor-widget elementor-widget-text-editor\" data-id=\"6b2175a0\" data-element_type=\"widget\" data-widget_type=\"text-editor.default\">\n\t\t\t\t<div class=\"elementor-widget-container\">\n\t\t\t\t\t<div class=\"elementor-text-editor elementor-clearfix\"><p>WT-RO-1000 industrial pretreatment and reverse osmosis water system with product capacity 1000 liters per hour is a highly effective water treatment process for reducing up to 99% of dissolved mineral salts, organics, and other particles by forcing water under pressure through a semi-permeable membrane. The process is named reverse osmosis because it is the opposite of the natural osmotic process, where water from a solution with a low concentration of dissolved solids travels through a membrane seeking to dilute a higher concentration solution. A reverse osmosis water system is induced by applying pressure with a pump to a solution with a high concentration of dissolved solids, causing water from the concentrated solution to pass through the membrane. This water is referred to as product water. Dissolved solids do not pass through the membrane; they are continually flushed to drain as waste. This flushing action also keeps the membrane surface from fouling or scaling. In order to protect the delicate RO membranes against organic fouling, mineral scaling, and chemical degradation, our reverse osmosis system comes with pretreatment\u2013 sand filter, carbon filter, water softener and micro filter.<\/p><\/div>\n\t\t\t\t<\/div>\n\t\t\t\t<\/div>\n\t\t\t\t<div class=\"elementor-element elementor-element-c7d9a1f elementor-widget elementor-widget-text-editor\" data-id=\"c7d9a1f\" data-element_type=\"widget\" data-widget_type=\"text-editor.default\">\n\t\t\t\t<div class=\"elementor-widget-container\">\n\t\t\t\t\t<div class=\"elementor-text-editor elementor-clearfix\"><p><strong>Itinerario t\u00e9cnico e instrucciones del diagrama de flujo<\/strong><\/p><p>Dep\u00f3sito de agua bruta \u2192 Bomba de aumento de presi\u00f3n \u2192 Filtro de arena \u2192 Filtro de carb\u00f3n activado \u2192 Microfiltro ablandador<br \/>\u2192 Bomba de alta presi\u00f3n \u2192 \u00d3smosis inversa \u2192 Dep\u00f3sito de permeado<\/p><\/div>\n\t\t\t\t<\/div>\n\t\t\t\t<\/div>\n\t\t\t\t<div class=\"elementor-element elementor-element-6d126956 elementor-widget elementor-widget-heading\" data-id=\"6d126956\" data-element_type=\"widget\" data-widget_type=\"heading.default\">\n\t\t\t\t<div class=\"elementor-widget-container\">\n\t\t\t<h3 class=\"elementor-heading-title elementor-size-default\">Caracter\u00edsticas principales<\/h3>\t\t<\/div>\n\t\t\t\t<\/div>\n\t\t\t\t<div class=\"elementor-element elementor-element-6468ceb elementor-widget elementor-widget-text-editor\" data-id=\"6468ceb\" data-element_type=\"widget\" data-widget_type=\"text-editor.default\">\n\t\t\t\t<div class=\"elementor-widget-container\">\n\t\t\t\t\t<div class=\"elementor-text-editor elementor-clearfix\"><p><strong>Materiales de construcci\u00f3n<\/strong><\/p><p>Bastidor: SS304<\/p><p>Elementos de membrana:Hidr\u00e1ulica ESPA2-4040<\/p><p>Carcasas de membrana: SS304<\/p><p>Tuber\u00edas de baja presi\u00f3n: SS304<\/p><p>Tuber\u00edas de alta presi\u00f3n: SS304<\/p><\/div>\n\t\t\t\t<\/div>\n\t\t\t\t<\/div>\n\t\t\t\t<div class=\"elementor-element elementor-element-ec44625 elementor-widget elementor-widget-text-editor\" data-id=\"ec44625\" data-element_type=\"widget\" data-widget_type=\"text-editor.default\">\n\t\t\t\t<div class=\"elementor-widget-container\">\n\t\t\t\t\t<div class=\"elementor-text-editor elementor-clearfix\"><p><b>Bomba y motor<\/b><\/p><p>Bomba: centr\u00edfuga multietapa vertical 304SS<\/p><p>Motor: TEFC, 380\/460 VCA, trif\u00e1sico, 50\/60 Hz.<\/p><\/div>\n\t\t\t\t<\/div>\n\t\t\t\t<\/div>\n\t\t\t\t<div class=\"elementor-element elementor-element-6e1507b elementor-widget elementor-widget-text-editor\" data-id=\"6e1507b\" data-element_type=\"widget\" data-widget_type=\"text-editor.default\">\n\t\t\t\t<div class=\"elementor-widget-container\">\n\t\t\t\t\t<div class=\"elementor-text-editor elementor-clearfix\"><p><b>Caracter\u00edsticas est\u00e1ndar<\/b><\/p><p>Elementos de membrana de alto rechazo de 4\" x 40<\/p><p>Carcasa del prefiltro de sedimentos de 5 micras<\/p><p>Electrov\u00e1lvula de entrada autom\u00e1tica<\/p><p>Control PLC<\/p><p>Conductividad del agua del producto<\/p><p>Man\u00f3metros de funcionamiento<\/p><p>Caudal\u00edmetros de productos y concentrados<\/p><p>V\u00e1lvulas de control de caudal de concentrado y reciclado<\/p><p>Presostato de baja presi\u00f3n de entrada con alarma de desconexi\u00f3n<\/p><p>Lavado autom\u00e1tico\/manual<\/p><\/div>\n\t\t\t\t<\/div>\n\t\t\t\t<\/div>\n\t\t\t\t<div class=\"elementor-element elementor-element-010d384 elementor-widget elementor-widget-text-editor\" data-id=\"010d384\" data-element_type=\"widget\" data-widget_type=\"text-editor.default\">\n\t\t\t\t<div class=\"elementor-widget-container\">\n\t\t\t\t\t<div class=\"elementor-text-editor elementor-clearfix\"><p><strong>Equipamiento opcional disponible<\/strong><br \/>Dep\u00f3sitos atmosf\u00e9ricos con control de nivel y bombas de represurizaci\u00f3n<br \/>Recipientes de almacenamiento a presi\u00f3n<br \/>UV<br \/>Generador de ozono<br \/>Sistemas de limpieza in situ (CIP) con membranas<br \/>Sistemas de inyecci\u00f3n de productos qu\u00edmicos de pretratamiento<\/p><\/div>\n\t\t\t\t<\/div>\n\t\t\t\t<\/div>\n\t\t\t\t<div class=\"elementor-element elementor-element-3b3970e7 elementor-widget elementor-widget-heading\" data-id=\"3b3970e7\" data-element_type=\"widget\" data-widget_type=\"heading.default\">\n\t\t\t\t<div class=\"elementor-widget-container\">\n\t\t\t<h3 class=\"elementor-heading-title elementor-size-default\">Especificaciones t\u00e9cnicas<\/h3>\t\t<\/div>\n\t\t\t\t<\/div>\n\t\t\t\t<div class=\"elementor-element elementor-element-4753c35a elementor-widget elementor-widget-text-editor\" data-id=\"4753c35a\" data-element_type=\"widget\" data-widget_type=\"text-editor.default\">\n\t\t\t\t<div class=\"elementor-widget-container\">\n\t\t\t\t\t<div class=\"elementor-text-editor elementor-clearfix\"><table border=\"0\" cellpadding=\"0\" cellspacing=\"0\" width=\"402\" height=\"180\" style=\"width: 301.52pt;\">\n <colgroup><col width=\"173\" style=\"width:129.75pt;\">\n <col width=\"229\" style=\"width:171.75pt;\">\n <\/colgroup><tbody><tr height=\"20\" style=\"height:15.00pt;\">\n  <td class=\"et2\" height=\"20\" width=\"173\" x:str=\"\" style=\"height:15.00pt;width:129.75pt;\">Modelo&nbsp;<\/td>\n  <td class=\"et2\" width=\"229\" x:str=\"\" style=\"width:171.75pt;\">WT-RO-1000<\/td>\n <\/tr>\n <tr height=\"20\" style=\"height:15.00pt;\">\n  <td class=\"et2\" height=\"20\" x:str=\"\" style=\"height:15.00pt;\">Capacidad<\/td>\n  <td class=\"et2\" x:str=\"\">1000LPH(Liter per Hour)<\/td>\n <\/tr>\n <tr height=\"20\" style=\"height:15.00pt;\">\n  <td class=\"et2\" height=\"20\" x:str=\"\" style=\"height:15.00pt;\">Recuperaci\u00f3n nominal&nbsp;<\/td>\n  <td class=\"et2\" x:str=\"\">65-75%<\/td>\n <\/tr>\n <tr height=\"20\" style=\"height:15.00pt;\">\n  <td class=\"et2\" height=\"20\" x:str=\"\" style=\"height:15.00pt;\">Rechazo nominal de sal<\/td>\n  <td class=\"et3\" x:num=\"0.996\">99.60%<\/td>\n <\/tr>\n <tr height=\"20\" style=\"height:15.00pt;\">\n  <td class=\"et2\" height=\"20\" x:str=\"\" style=\"height:15.00pt;\">Temperatura de funcionamiento<\/td>\n  <td class=\"et2\" x:str=\"\">15\u00b0C-45\u00b0C<\/td>\n <\/tr>\n <tr height=\"20\" style=\"height:15.00pt;\">\n  <td class=\"et2\" height=\"20\" x:str=\"\" style=\"height:15.00pt;\">Temperatura de dise\u00f1o<\/td>\n  <td class=\"et2\" x:str=\"\">25\u00b0C<\/td>\n <\/tr>\n <tr height=\"20\" style=\"height:15.00pt;\">\n  <td class=\"et2\" height=\"20\" x:str=\"\" style=\"height:15.00pt;\">Bomba de alimentaci\u00f3n<\/td>\n  <td class=\"et2\" x:str=\"\">0,75 KW<\/td>\n <\/tr>\n <tr height=\"20\" style=\"height:15.00pt;\">\n  <td class=\"et2\" height=\"20\" x:str=\"\" style=\"height:15.00pt;\">Bomba de alta presi\u00f3n&nbsp;<\/td>\n  <td class=\"et2\" x:str=\"\">1.50KW<\/td>\n <\/tr>\n <tr height=\"20\" style=\"height:15.00pt;\">\n  <td class=\"et2\" height=\"20\" x:str=\"\" style=\"height:15.00pt;\">Tensi\u00f3n<\/td>\n  <td class=\"et2\" x:str=\"\">220V \/380V\/460V - 50Hz\/60Hz<\/td>\n <\/tr>\n<\/tbody><\/table><\/div>\n\t\t\t\t<\/div>\n\t\t\t\t<\/div>\n\t\t\t\t<div class=\"elementor-element elementor-element-38bf75df elementor-widget elementor-widget-text-editor\" data-id=\"38bf75df\" data-element_type=\"widget\" data-widget_type=\"text-editor.default\">\n\t\t\t\t<div class=\"elementor-widget-container\">\n\t\t\t\t\t<div class=\"elementor-text-editor elementor-clearfix\"><p>\uf013 Especificaciones sujetas a cambios sin previo aviso, Todos los derechos reservados.<\/p><\/div>\n\t\t\t\t<\/div>\n\t\t\t\t<\/div>\n\t\t\t\t\t\t<\/div>\n\t\t\t<\/div>\n\t\t<\/div>\n\t\t\t\t<div class=\"elementor-element elementor-element-40c2dca4 elementor-column elementor-col-50 elementor-top-column\" data-id=\"40c2dca4\" data-element_type=\"column\">\n\t\t\t<div class=\"elementor-column-wrap  elementor-element-populated\">\n\t\t\t\t\t<div class=\"elementor-widget-wrap\">\n\t\t\t\t<div class=\"elementor-element elementor-element-45e6c083 elementor-widget elementor-widget-spacer\" data-id=\"45e6c083\" data-element_type=\"widget\" data-widget_type=\"spacer.default\">\n\t\t\t\t<div class=\"elementor-widget-container\">\n\t\t\t\t\t<div class=\"elementor-spacer\">\n\t\t\t<div class=\"elementor-spacer-inner\"><\/div>\n\t\t<\/div>\n\t\t\t\t<\/div>\n\t\t\t\t<\/div>\n\t\t\t\t<div class=\"elementor-element elementor-element-8e63d6b elementor-widget elementor-widget-image\" data-id=\"8e63d6b\" data-element_type=\"widget\" data-widget_type=\"image.default\">\n\t\t\t\t<div class=\"elementor-widget-container\">\n\t\t\t\t\t<div class=\"elementor-image\">\n\t\t\t\t\t\t\t\t\t\t<img loading=\"lazy\" decoding=\"async\" width=\"309\" height=\"208\" src=\"https:\/\/focusonpack.com\/wp-content\/uploads\/2023\/07\/1t.jpg\" class=\"attachment-full size-full\" alt=\"\" srcset=\"https:\/\/focusonpack.com\/wp-content\/uploads\/2023\/07\/1t.jpg 309w, https:\/\/focusonpack.com\/wp-content\/uploads\/2023\/07\/1t-300x202.jpg 300w\" sizes=\"auto, (max-width: 309px) 100vw, 309px\" \/>\t\t\t\t\t\t\t\t\t\t\t<\/div>\n\t\t\t\t<\/div>\n\t\t\t\t<\/div>\n\t\t\t\t<div class=\"elementor-element elementor-element-91329a0 elementor-button-info elementor-align-center elementor-widget elementor-widget-button\" data-id=\"91329a0\" data-element_type=\"widget\" data-widget_type=\"button.default\">\n\t\t\t\t<div class=\"elementor-widget-container\">\n\t\t\t\t\t<div class=\"elementor-button-wrapper\">\n\t\t\t<a href=\"https:\/\/focusonpack.com\/es\/contacto\/\" class=\"elementor-button-link elementor-button elementor-size-sm\" role=\"button\">\n\t\t\t\t\t\t<span class=\"elementor-button-content-wrapper\">\n\t\t\t\t\t\t<span class=\"elementor-button-text\">Solicitar presupuesto<\/span>\n\t\t<\/span>\n\t\t\t\t\t<\/a>\n\t\t<\/div>\n\t\t\t\t<\/div>\n\t\t\t\t<\/div>\n\t\t\t\t\t\t<\/div>\n\t\t\t<\/div>\n\t\t<\/div>\n\t\t\t\t\t\t<\/div>\n\t\t\t<\/div>\n\t\t<\/section>\n\t\t\t\t\t\t<\/div>\n\t\t\t<\/div>\n\t\t<\/div>","protected":false},"excerpt":{"rendered":"<p>WT-RO-1000 Pretreatment and Re&hellip;<\/p>","protected":false},"author":1,"featured_media":0,"parent":0,"menu_order":0,"comment_status":"closed","ping_status":"closed","template":"elementor_header_footer","meta":{"footnotes":""},"class_list":["post-3646","page","type-page","status-publish","hentry","no-thumb"],"yoast_head":"<!-- This site is optimized with the Yoast SEO plugin v24.8.1 - https:\/\/yoast.com\/wordpress\/plugins\/seo\/ -->\n<title>WT-RO-1000 Pretreatment and Reverse Osmosis - Focus on pack<\/title>\n<meta name=\"robots\" content=\"index, follow, max-snippet:-1, max-image-preview:large, max-video-preview:-1\" \/>\n<link rel=\"canonical\" href=\"https:\/\/focusonpack.com\/es\/wt-ro-1000-pretreatment-and-reverse-osmosis\/\" \/>\n<meta property=\"og:locale\" content=\"es_ES\" \/>\n<meta property=\"og:type\" content=\"article\" \/>\n<meta property=\"og:title\" content=\"WT-RO-1000 Pretreatment and Reverse Osmosis - Focus on pack\" \/>\n<meta property=\"og:description\" content=\"WT-RO-1000 Pretreatment and Re&hellip;\" \/>\n<meta property=\"og:url\" content=\"https:\/\/focusonpack.com\/es\/wt-ro-1000-pretreatment-and-reverse-osmosis\/\" \/>\n<meta property=\"og:site_name\" content=\"Focus on pack\" \/>\n<meta property=\"article:modified_time\" content=\"2023-07-21T03:16:24+00:00\" \/>\n<meta property=\"og:image\" content=\"https:\/\/focusonpack.com\/wp-content\/uploads\/2023\/07\/1t.jpg\" \/>\n<meta name=\"twitter:card\" content=\"summary_large_image\" \/>\n<meta name=\"twitter:label1\" content=\"Tiempo de lectura\" \/>\n\t<meta name=\"twitter:data1\" content=\"2 minutos\" \/>\n<script type=\"application\/ld+json\" class=\"yoast-schema-graph\">{\"@context\":\"https:\/\/schema.org\",\"@graph\":[{\"@type\":\"WebPage\",\"@id\":\"https:\/\/focusonpack.com\/wt-ro-1000-pretreatment-and-reverse-osmosis\/\",\"url\":\"https:\/\/focusonpack.com\/wt-ro-1000-pretreatment-and-reverse-osmosis\/\",\"name\":\"WT-RO-1000 Pretreatment and Reverse Osmosis - Focus on pack\",\"isPartOf\":{\"@id\":\"https:\/\/focusonpack.com\/#website\"},\"primaryImageOfPage\":{\"@id\":\"https:\/\/focusonpack.com\/wt-ro-1000-pretreatment-and-reverse-osmosis\/#primaryimage\"},\"image\":{\"@id\":\"https:\/\/focusonpack.com\/wt-ro-1000-pretreatment-and-reverse-osmosis\/#primaryimage\"},\"thumbnailUrl\":\"https:\/\/focusonpack.com\/wp-content\/uploads\/2023\/07\/1t.jpg\",\"datePublished\":\"2020-05-16T09:14:12+00:00\",\"dateModified\":\"2023-07-21T03:16:24+00:00\",\"breadcrumb\":{\"@id\":\"https:\/\/focusonpack.com\/wt-ro-1000-pretreatment-and-reverse-osmosis\/#breadcrumb\"},\"inLanguage\":\"es\",\"potentialAction\":[{\"@type\":\"ReadAction\",\"target\":[\"https:\/\/focusonpack.com\/wt-ro-1000-pretreatment-and-reverse-osmosis\/\"]}]},{\"@type\":\"ImageObject\",\"inLanguage\":\"es\",\"@id\":\"https:\/\/focusonpack.com\/wt-ro-1000-pretreatment-and-reverse-osmosis\/#primaryimage\",\"url\":\"https:\/\/focusonpack.com\/wp-content\/uploads\/2023\/07\/1t.jpg\",\"contentUrl\":\"https:\/\/focusonpack.com\/wp-content\/uploads\/2023\/07\/1t.jpg\"},{\"@type\":\"BreadcrumbList\",\"@id\":\"https:\/\/focusonpack.com\/wt-ro-1000-pretreatment-and-reverse-osmosis\/#breadcrumb\",\"itemListElement\":[{\"@type\":\"ListItem\",\"position\":1,\"name\":\"\u9996\u9875\",\"item\":\"https:\/\/focusonpack.com\/\"},{\"@type\":\"ListItem\",\"position\":2,\"name\":\"WT-RO-1000 Pretreatment and Reverse Osmosis\"}]},{\"@type\":\"WebSite\",\"@id\":\"https:\/\/focusonpack.com\/#website\",\"url\":\"https:\/\/focusonpack.com\/\",\"name\":\"Focus on pack\",\"description\":\"\",\"potentialAction\":[{\"@type\":\"SearchAction\",\"target\":{\"@type\":\"EntryPoint\",\"urlTemplate\":\"https:\/\/focusonpack.com\/?s={search_term_string}\"},\"query-input\":{\"@type\":\"PropertyValueSpecification\",\"valueRequired\":true,\"valueName\":\"search_term_string\"}}],\"inLanguage\":\"es\"}]}<\/script>\n<!-- \/ Yoast SEO plugin. -->","yoast_head_json":{"title":"WT-RO-1000 Pretreatment and Reverse Osmosis - Focus on pack","robots":{"index":"index","follow":"follow","max-snippet":"max-snippet:-1","max-image-preview":"max-image-preview:large","max-video-preview":"max-video-preview:-1"},"canonical":"https:\/\/focusonpack.com\/es\/wt-ro-1000-pretreatment-and-reverse-osmosis\/","og_locale":"es_ES","og_type":"article","og_title":"WT-RO-1000 Pretreatment and Reverse Osmosis - Focus on pack","og_description":"WT-RO-1000 Pretreatment and Re&hellip;","og_url":"https:\/\/focusonpack.com\/es\/wt-ro-1000-pretreatment-and-reverse-osmosis\/","og_site_name":"Focus on pack","article_modified_time":"2023-07-21T03:16:24+00:00","og_image":[{"url":"https:\/\/focusonpack.com\/wp-content\/uploads\/2023\/07\/1t.jpg","type":"","width":"","height":""}],"twitter_card":"summary_large_image","twitter_misc":{"Tiempo de lectura":"2 minutos"},"schema":{"@context":"https:\/\/schema.org","@graph":[{"@type":"WebPage","@id":"https:\/\/focusonpack.com\/wt-ro-1000-pretreatment-and-reverse-osmosis\/","url":"https:\/\/focusonpack.com\/wt-ro-1000-pretreatment-and-reverse-osmosis\/","name":"WT-RO-1000 Pretreatment and Reverse Osmosis - Focus on pack","isPartOf":{"@id":"https:\/\/focusonpack.com\/#website"},"primaryImageOfPage":{"@id":"https:\/\/focusonpack.com\/wt-ro-1000-pretreatment-and-reverse-osmosis\/#primaryimage"},"image":{"@id":"https:\/\/focusonpack.com\/wt-ro-1000-pretreatment-and-reverse-osmosis\/#primaryimage"},"thumbnailUrl":"https:\/\/focusonpack.com\/wp-content\/uploads\/2023\/07\/1t.jpg","datePublished":"2020-05-16T09:14:12+00:00","dateModified":"2023-07-21T03:16:24+00:00","breadcrumb":{"@id":"https:\/\/focusonpack.com\/wt-ro-1000-pretreatment-and-reverse-osmosis\/#breadcrumb"},"inLanguage":"es","potentialAction":[{"@type":"ReadAction","target":["https:\/\/focusonpack.com\/wt-ro-1000-pretreatment-and-reverse-osmosis\/"]}]},{"@type":"ImageObject","inLanguage":"es","@id":"https:\/\/focusonpack.com\/wt-ro-1000-pretreatment-and-reverse-osmosis\/#primaryimage","url":"https:\/\/focusonpack.com\/wp-content\/uploads\/2023\/07\/1t.jpg","contentUrl":"https:\/\/focusonpack.com\/wp-content\/uploads\/2023\/07\/1t.jpg"},{"@type":"BreadcrumbList","@id":"https:\/\/focusonpack.com\/wt-ro-1000-pretreatment-and-reverse-osmosis\/#breadcrumb","itemListElement":[{"@type":"ListItem","position":1,"name":"\u9996\u9875","item":"https:\/\/focusonpack.com\/"},{"@type":"ListItem","position":2,"name":"WT-RO-1000 Pretreatment and Reverse Osmosis"}]},{"@type":"WebSite","@id":"https:\/\/focusonpack.com\/#website","url":"https:\/\/focusonpack.com\/","name":"Focus on pack","description":"","potentialAction":[{"@type":"SearchAction","target":{"@type":"EntryPoint","urlTemplate":"https:\/\/focusonpack.com\/?s={search_term_string}"},"query-input":{"@type":"PropertyValueSpecification","valueRequired":true,"valueName":"search_term_string"}}],"inLanguage":"es"}]}},"_links":{"self":[{"href":"https:\/\/focusonpack.com\/es\/wp-json\/wp\/v2\/pages\/3646","targetHints":{"allow":["GET"]}}],"collection":[{"href":"https:\/\/focusonpack.com\/es\/wp-json\/wp\/v2\/pages"}],"about":[{"href":"https:\/\/focusonpack.com\/es\/wp-json\/wp\/v2\/types\/page"}],"author":[{"embeddable":true,"href":"https:\/\/focusonpack.com\/es\/wp-json\/wp\/v2\/users\/1"}],"replies":[{"embeddable":true,"href":"https:\/\/focusonpack.com\/es\/wp-json\/wp\/v2\/comments?post=3646"}],"version-history":[{"count":11,"href":"https:\/\/focusonpack.com\/es\/wp-json\/wp\/v2\/pages\/3646\/revisions"}],"predecessor-version":[{"id":4078,"href":"https:\/\/focusonpack.com\/es\/wp-json\/wp\/v2\/pages\/3646\/revisions\/4078"}],"wp:attachment":[{"href":"https:\/\/focusonpack.com\/es\/wp-json\/wp\/v2\/media?parent=3646"}],"curies":[{"name":"wp","href":"https:\/\/api.w.org\/{rel}","templated":true}]}}