{"id":3691,"date":"2020-05-18T10:26:05","date_gmt":"2020-05-18T02:26:05","guid":{"rendered":"https:\/\/focusonpack.com\/?page_id=3691"},"modified":"2020-05-18T14:07:39","modified_gmt":"2020-05-18T06:07:39","slug":"monoblock-fill-plug-cap-machine","status":"publish","type":"page","link":"https:\/\/focusonpack.com\/es\/maquina-de-tapones-de-llenado-monobloque\/","title":{"rendered":"M\u00e1quina de tapones de llenado monobloque"},"content":{"rendered":"<div data-elementor-type=\"wp-page\" data-elementor-id=\"3691\" class=\"elementor elementor-3691\" data-elementor-settings=\"[]\">\n\t\t\t<div class=\"elementor-inner\">\n\t\t\t\t<div class=\"elementor-section-wrap\">\n\t\t\t\t\t\t\t<section class=\"elementor-element elementor-element-2d634c97 elementor-section-boxed elementor-section-height-default elementor-section-height-default elementor-section elementor-top-section\" data-id=\"2d634c97\" data-element_type=\"section\">\n\t\t\t\t\t\t<div class=\"elementor-container elementor-column-gap-default\">\n\t\t\t\t<div class=\"elementor-row\">\n\t\t\t\t<div class=\"elementor-element elementor-element-1155c944 elementor-column elementor-col-50 elementor-top-column\" data-id=\"1155c944\" data-element_type=\"column\">\n\t\t\t<div class=\"elementor-column-wrap  elementor-element-populated\">\n\t\t\t\t\t<div class=\"elementor-widget-wrap\">\n\t\t\t\t<div class=\"elementor-element elementor-element-1a83f86c elementor-widget elementor-widget-heading\" data-id=\"1a83f86c\" data-element_type=\"widget\" data-widget_type=\"heading.default\">\n\t\t\t\t<div class=\"elementor-widget-container\">\n\t\t\t<h3 class=\"elementor-heading-title elementor-size-default\">M\u00e1quina de tapones de llenado monobloque<\/h3>\t\t<\/div>\n\t\t\t\t<\/div>\n\t\t\t\t<div class=\"elementor-element elementor-element-3c2237b8 elementor-widget elementor-widget-text-editor\" data-id=\"3c2237b8\" data-element_type=\"widget\" data-widget_type=\"text-editor.default\">\n\t\t\t\t<div class=\"elementor-widget-container\">\n\t\t\t\t\t<div class=\"elementor-text-editor elementor-clearfix\"><p>La m\u00e1quina monobloque de llenado, taponado y colocaci\u00f3n de tapones puede estar equipada con una plataforma multipuesto de indexaci\u00f3n simple o doble que puede configurarse para manipular varios tipos de envases. Esta m\u00e1quina monobloque de punta de llenado\/colocaci\u00f3n de tapones de varias estaciones puede estar equipada con una plataforma de indexaci\u00f3n simple o doble que puede configurarse para manejar varios tipos de aplicaciones. Esta m\u00e1quina monobloque de llenado\/colocaci\u00f3n de tapones puede equiparse con diversos sistemas de llenado y dosificaci\u00f3n (por ejemplo, llenado volum\u00e9trico por pist\u00f3n, llenado perist\u00e1ltico, etc.). Las opciones de clasificaci\u00f3n incluyen un recipiente centr\u00edfugo o un sistema vibratorio para puntas, tapones y obturadores. Las opciones de clasificaci\u00f3n incluyen un bol centr\u00edfugo o un sistema vibratorio para puntas, tapones y tapones. El dise\u00f1o de perfil bajo es f\u00e1cil de limpiar y mantener para cumplir las normas y reglamentos GMP. El dise\u00f1o de perfil bajo es f\u00e1cil de limpiar y mantener para cumplir las normas y reglamentos GMP. Las puertas de acero inoxidable de la parte delantera y trasera de la m\u00e1quina proporcionan un acceso r\u00e1pido a los componentes internos y a los controles el\u00e9ctricos.<\/p><\/div>\n\t\t\t\t<\/div>\n\t\t\t\t<\/div>\n\t\t\t\t<div class=\"elementor-element elementor-element-b4495ad elementor-widget elementor-widget-text-editor\" data-id=\"b4495ad\" data-element_type=\"widget\" data-widget_type=\"text-editor.default\">\n\t\t\t\t<div class=\"elementor-widget-container\">\n\t\t\t\t\t<div class=\"elementor-text-editor elementor-clearfix\"><p>La m\u00e1quina autom\u00e1tica de llenado, taponado y taponado monobloque de \u00edndice simple o doble puede adaptarse a una operaci\u00f3n de llenado de uno, dos o tres pasos. Los envases se llevan primero al conjunto de indexaci\u00f3n de la torreta desde el desencajonado a granel o se cargan manualmente. A medida que estos envases se mueven alrededor de la rueda de estrella, los l\u00edquidos pueden introducirse mediante llenadoras de pist\u00f3n, llenadoras de bomba perist\u00e1ltica u otras m\u00e1quinas de llenado. Una vez llenos, la rueda de estrella puede desplazarse una o dos posiciones m\u00e1s hasta un punto en el que se encuentre el tap\u00f3n\/bomba\/m\u00e1quina de llenado. Una vez llena, la rueda de estrella puede desplazarse una o dos posiciones m\u00e1s hasta un punto en el que se introducir\u00e1 el tap\u00f3n\/la punta y, a continuaci\u00f3n, hasta otra posici\u00f3n en la que el tap\u00f3n\/la punta se pisar\u00e1 o se sellar\u00e1 de otro modo al envase. Una vez llenado y tapado, la rueda de estrella puede liberar el envase hacia una etiquetadora como paso final. Una opci\u00f3n eficaz, eficiente y que ahorra espacio a un sistema en l\u00ednea para el envase y el producto adecuados.<\/p><\/div>\n\t\t\t\t<\/div>\n\t\t\t\t<\/div>\n\t\t\t\t<div class=\"elementor-element elementor-element-64084832 elementor-widget elementor-widget-heading\" data-id=\"64084832\" data-element_type=\"widget\" data-widget_type=\"heading.default\">\n\t\t\t\t<div class=\"elementor-widget-container\">\n\t\t\t<h3 class=\"elementor-heading-title elementor-size-default\">Caracter\u00edsticas principales<\/h3>\t\t<\/div>\n\t\t\t\t<\/div>\n\t\t\t\t<div class=\"elementor-element elementor-element-214eb909 elementor-widget elementor-widget-text-editor\" data-id=\"214eb909\" data-element_type=\"widget\" data-widget_type=\"text-editor.default\">\n\t\t\t\t<div class=\"elementor-widget-container\">\n\t\t\t\t\t<div class=\"elementor-text-editor elementor-clearfix\"><p>\uf105 Construcci\u00f3n de acero inoxidable resistente<\/p><p>\uf105 Control PLC<\/p><p>\uf105 Interfaz de funcionamiento con pantalla t\u00e1ctil<\/p><p>\uf105 La bomba perist\u00e1ltica evita la contaminaci\u00f3n cruzada<\/p><p>\uf105 Kit de indexaci\u00f3n autom\u00e1tica de botellas<\/p><p>\uf105 Sin botella\/Sin sensor de llenado<\/p><p>\uf105 Sensor sin botella\/sin tap\u00f3n<\/p><p>\uf105 Cambios sencillos y r\u00e1pidos<\/p><p>\uf105 Dise\u00f1ado para facilitar la limpieza<\/p><\/div>\n\t\t\t\t<\/div>\n\t\t\t\t<\/div>\n\t\t\t\t<div class=\"elementor-element elementor-element-3c68fc3e elementor-widget elementor-widget-heading\" data-id=\"3c68fc3e\" data-element_type=\"widget\" data-widget_type=\"heading.default\">\n\t\t\t\t<div class=\"elementor-widget-container\">\n\t\t\t<h3 class=\"elementor-heading-title elementor-size-default\">Especificaciones t\u00e9cnicas<\/h3>\t\t<\/div>\n\t\t\t\t<\/div>\n\t\t\t\t<div class=\"elementor-element elementor-element-21251d44 elementor-widget elementor-widget-text-editor\" data-id=\"21251d44\" data-element_type=\"widget\" data-widget_type=\"text-editor.default\">\n\t\t\t\t<div class=\"elementor-widget-container\">\n\t\t\t\t\t<div class=\"elementor-text-editor elementor-clearfix\"><table style=\"width: 380.27pt;\" border=\"0\" width=\"507\" cellspacing=\"0\" cellpadding=\"0\"><colgroup><col style=\"width: 116.25pt;\" width=\"155\" \/> <col style=\"width: 264.00pt;\" width=\"352\" \/> <\/colgroup><tbody><tr style=\"height: 15.00pt;\"><td class=\"et2\" style=\"height: 15.00pt; width: 116.25pt;\" width=\"155\" height=\"20\">N\u00ba de cabezales de llenado\u00a0<\/td><td class=\"et2\" style=\"width: 264.00pt;\" width=\"352\">1,2,3,4<\/td><\/tr><tr style=\"height: 15.00pt;\"><td class=\"et2\" style=\"height: 15.00pt;\" height=\"20\">Rango de llenado<\/td><td class=\"et2\">2-50 ml<\/td><\/tr><tr style=\"height: 15.00pt;\"><td class=\"et2\" style=\"height: 15.00pt;\" height=\"20\">velocidad<\/td><td class=\"et2\">30-80 botellas\/hora<\/td><\/tr><tr style=\"height: 15.00pt;\"><td class=\"et2\" style=\"height: 15.00pt;\" height=\"20\">M\u00e9todo de llenado<\/td><td class=\"et2\">Bomba perist\u00e1ltica o Pist\u00f3n de llenado<\/td><\/tr><tr style=\"height: 15.00pt;\"><td class=\"et2\" style=\"height: 15.00pt;\" height=\"20\">Precisi\u00f3n de llenado<\/td><td class=\"et2\">\u226599%<\/td><\/tr><tr style=\"height: 15.00pt;\"><td class=\"et2\" style=\"height: 15.00pt;\" height=\"20\">Tipo de contenedor<\/td><td class=\"et2\">Recipientes redondos, cuadrados, rectangulares y ovalados<\/td><\/tr><tr style=\"height: 15.00pt;\"><td class=\"et2\" style=\"height: 15.00pt;\" height=\"20\">Potencia\u00a0<\/td><td class=\"et2\">220V 50\/60HZ 1PH o 380V 50\/60HZ 3PH<\/td><\/tr><tr style=\"height: 15.00pt;\"><td class=\"et2\" style=\"height: 15.00pt;\" height=\"20\">Total (aprox.)\u00a0<\/td><td class=\"et2\">2500x1300x1800mm<\/td><\/tr><\/tbody><\/table><\/div>\n\t\t\t\t<\/div>\n\t\t\t\t<\/div>\n\t\t\t\t<div class=\"elementor-element elementor-element-5d078c22 elementor-widget elementor-widget-text-editor\" data-id=\"5d078c22\" data-element_type=\"widget\" data-widget_type=\"text-editor.default\">\n\t\t\t\t<div class=\"elementor-widget-container\">\n\t\t\t\t\t<div class=\"elementor-text-editor elementor-clearfix\"><p>\uf013 Especificaciones sujetas a cambios sin previo aviso, Todos los derechos reservados.<\/p><\/div>\n\t\t\t\t<\/div>\n\t\t\t\t<\/div>\n\t\t\t\t\t\t<\/div>\n\t\t\t<\/div>\n\t\t<\/div>\n\t\t\t\t<div class=\"elementor-element elementor-element-7b1cae89 elementor-column elementor-col-50 elementor-top-column\" data-id=\"7b1cae89\" data-element_type=\"column\">\n\t\t\t<div class=\"elementor-column-wrap  elementor-element-populated\">\n\t\t\t\t\t<div class=\"elementor-widget-wrap\">\n\t\t\t\t<div class=\"elementor-element elementor-element-3c518e24 elementor-widget elementor-widget-image\" data-id=\"3c518e24\" data-element_type=\"widget\" data-widget_type=\"image.default\">\n\t\t\t\t<div class=\"elementor-widget-container\">\n\t\t\t\t\t<div class=\"elementor-image\">\n\t\t\t\t\t\t\t\t\t\t<img loading=\"lazy\" decoding=\"async\" width=\"372\" height=\"315\" src=\"https:\/\/focusonpack.com\/wp-content\/uploads\/2020\/05\/monmon.jpg\" class=\"attachment-full size-full\" alt=\"\" srcset=\"https:\/\/focusonpack.com\/wp-content\/uploads\/2020\/05\/monmon.jpg 372w, https:\/\/focusonpack.com\/wp-content\/uploads\/2020\/05\/monmon-300x254.jpg 300w\" sizes=\"auto, (max-width: 372px) 100vw, 372px\" \/>\t\t\t\t\t\t\t\t\t\t\t<\/div>\n\t\t\t\t<\/div>\n\t\t\t\t<\/div>\n\t\t\t\t<div class=\"elementor-element elementor-element-47ab0f9 elementor-button-info elementor-align-center elementor-widget elementor-widget-button\" data-id=\"47ab0f9\" data-element_type=\"widget\" data-widget_type=\"button.default\">\n\t\t\t\t<div class=\"elementor-widget-container\">\n\t\t\t\t\t<div class=\"elementor-button-wrapper\">\n\t\t\t<a href=\"https:\/\/focusonpack.com\/es\/contacto\/\" class=\"elementor-button-link elementor-button elementor-size-sm\" role=\"button\">\n\t\t\t\t\t\t<span class=\"elementor-button-content-wrapper\">\n\t\t\t\t\t\t<span class=\"elementor-button-text\">Solicitar presupuesto<\/span>\n\t\t<\/span>\n\t\t\t\t\t<\/a>\n\t\t<\/div>\n\t\t\t\t<\/div>\n\t\t\t\t<\/div>\n\t\t\t\t\t\t<\/div>\n\t\t\t<\/div>\n\t\t<\/div>\n\t\t\t\t\t\t<\/div>\n\t\t\t<\/div>\n\t\t<\/section>\n\t\t\t\t\t\t<\/div>\n\t\t\t<\/div>\n\t\t<\/div>","protected":false},"excerpt":{"rendered":"<p>Monoblock Fill Plug Cap Machin&hellip;<\/p>","protected":false},"author":1,"featured_media":0,"parent":0,"menu_order":0,"comment_status":"closed","ping_status":"closed","template":"elementor_header_footer","meta":{"footnotes":""},"class_list":["post-3691","page","type-page","status-publish","hentry","no-thumb"],"yoast_head":"<!-- This site is optimized with the Yoast SEO plugin v24.8.1 - https:\/\/yoast.com\/wordpress\/plugins\/seo\/ -->\n<title>Monoblock Fill Plug Cap Machine - Focus on pack<\/title>\n<meta name=\"robots\" content=\"index, follow, max-snippet:-1, max-image-preview:large, max-video-preview:-1\" \/>\n<link rel=\"canonical\" href=\"https:\/\/focusonpack.com\/es\/maquina-de-tapones-de-llenado-monobloque\/\" \/>\n<meta property=\"og:locale\" content=\"es_ES\" \/>\n<meta property=\"og:type\" content=\"article\" \/>\n<meta property=\"og:title\" content=\"Monoblock Fill Plug Cap Machine - Focus on pack\" \/>\n<meta property=\"og:description\" content=\"Monoblock Fill Plug Cap Machin&hellip;\" \/>\n<meta property=\"og:url\" content=\"https:\/\/focusonpack.com\/es\/maquina-de-tapones-de-llenado-monobloque\/\" \/>\n<meta property=\"og:site_name\" content=\"Focus on pack\" \/>\n<meta property=\"article:modified_time\" content=\"2020-05-18T06:07:39+00:00\" \/>\n<meta property=\"og:image\" content=\"https:\/\/focusonpack.com\/wp-content\/uploads\/2020\/05\/monmon.jpg\" \/>\n<meta name=\"twitter:card\" content=\"summary_large_image\" \/>\n<meta name=\"twitter:label1\" content=\"Tiempo de lectura\" \/>\n\t<meta name=\"twitter:data1\" content=\"2 minutos\" \/>\n<script type=\"application\/ld+json\" class=\"yoast-schema-graph\">{\"@context\":\"https:\/\/schema.org\",\"@graph\":[{\"@type\":\"WebPage\",\"@id\":\"https:\/\/focusonpack.com\/monoblock-fill-plug-cap-machine\/\",\"url\":\"https:\/\/focusonpack.com\/monoblock-fill-plug-cap-machine\/\",\"name\":\"Monoblock Fill Plug Cap Machine - Focus on pack\",\"isPartOf\":{\"@id\":\"https:\/\/focusonpack.com\/#website\"},\"primaryImageOfPage\":{\"@id\":\"https:\/\/focusonpack.com\/monoblock-fill-plug-cap-machine\/#primaryimage\"},\"image\":{\"@id\":\"https:\/\/focusonpack.com\/monoblock-fill-plug-cap-machine\/#primaryimage\"},\"thumbnailUrl\":\"https:\/\/focusonpack.com\/wp-content\/uploads\/2020\/05\/monmon.jpg\",\"datePublished\":\"2020-05-18T02:26:05+00:00\",\"dateModified\":\"2020-05-18T06:07:39+00:00\",\"breadcrumb\":{\"@id\":\"https:\/\/focusonpack.com\/monoblock-fill-plug-cap-machine\/#breadcrumb\"},\"inLanguage\":\"es\",\"potentialAction\":[{\"@type\":\"ReadAction\",\"target\":[\"https:\/\/focusonpack.com\/monoblock-fill-plug-cap-machine\/\"]}]},{\"@type\":\"ImageObject\",\"inLanguage\":\"es\",\"@id\":\"https:\/\/focusonpack.com\/monoblock-fill-plug-cap-machine\/#primaryimage\",\"url\":\"https:\/\/focusonpack.com\/wp-content\/uploads\/2020\/05\/monmon.jpg\",\"contentUrl\":\"https:\/\/focusonpack.com\/wp-content\/uploads\/2020\/05\/monmon.jpg\"},{\"@type\":\"BreadcrumbList\",\"@id\":\"https:\/\/focusonpack.com\/monoblock-fill-plug-cap-machine\/#breadcrumb\",\"itemListElement\":[{\"@type\":\"ListItem\",\"position\":1,\"name\":\"\u9996\u9875\",\"item\":\"https:\/\/focusonpack.com\/\"},{\"@type\":\"ListItem\",\"position\":2,\"name\":\"Monoblock Fill Plug Cap Machine\"}]},{\"@type\":\"WebSite\",\"@id\":\"https:\/\/focusonpack.com\/#website\",\"url\":\"https:\/\/focusonpack.com\/\",\"name\":\"Focus on pack\",\"description\":\"\",\"potentialAction\":[{\"@type\":\"SearchAction\",\"target\":{\"@type\":\"EntryPoint\",\"urlTemplate\":\"https:\/\/focusonpack.com\/?s={search_term_string}\"},\"query-input\":{\"@type\":\"PropertyValueSpecification\",\"valueRequired\":true,\"valueName\":\"search_term_string\"}}],\"inLanguage\":\"es\"}]}<\/script>\n<!-- \/ Yoast SEO plugin. -->","yoast_head_json":{"title":"Monoblock Fill Plug Cap Machine - Focus on pack","robots":{"index":"index","follow":"follow","max-snippet":"max-snippet:-1","max-image-preview":"max-image-preview:large","max-video-preview":"max-video-preview:-1"},"canonical":"https:\/\/focusonpack.com\/es\/maquina-de-tapones-de-llenado-monobloque\/","og_locale":"es_ES","og_type":"article","og_title":"Monoblock Fill Plug Cap Machine - Focus on pack","og_description":"Monoblock Fill Plug Cap Machin&hellip;","og_url":"https:\/\/focusonpack.com\/es\/maquina-de-tapones-de-llenado-monobloque\/","og_site_name":"Focus on pack","article_modified_time":"2020-05-18T06:07:39+00:00","og_image":[{"url":"https:\/\/focusonpack.com\/wp-content\/uploads\/2020\/05\/monmon.jpg","type":"","width":"","height":""}],"twitter_card":"summary_large_image","twitter_misc":{"Tiempo de lectura":"2 minutos"},"schema":{"@context":"https:\/\/schema.org","@graph":[{"@type":"WebPage","@id":"https:\/\/focusonpack.com\/monoblock-fill-plug-cap-machine\/","url":"https:\/\/focusonpack.com\/monoblock-fill-plug-cap-machine\/","name":"Monoblock Fill Plug Cap Machine - Focus on pack","isPartOf":{"@id":"https:\/\/focusonpack.com\/#website"},"primaryImageOfPage":{"@id":"https:\/\/focusonpack.com\/monoblock-fill-plug-cap-machine\/#primaryimage"},"image":{"@id":"https:\/\/focusonpack.com\/monoblock-fill-plug-cap-machine\/#primaryimage"},"thumbnailUrl":"https:\/\/focusonpack.com\/wp-content\/uploads\/2020\/05\/monmon.jpg","datePublished":"2020-05-18T02:26:05+00:00","dateModified":"2020-05-18T06:07:39+00:00","breadcrumb":{"@id":"https:\/\/focusonpack.com\/monoblock-fill-plug-cap-machine\/#breadcrumb"},"inLanguage":"es","potentialAction":[{"@type":"ReadAction","target":["https:\/\/focusonpack.com\/monoblock-fill-plug-cap-machine\/"]}]},{"@type":"ImageObject","inLanguage":"es","@id":"https:\/\/focusonpack.com\/monoblock-fill-plug-cap-machine\/#primaryimage","url":"https:\/\/focusonpack.com\/wp-content\/uploads\/2020\/05\/monmon.jpg","contentUrl":"https:\/\/focusonpack.com\/wp-content\/uploads\/2020\/05\/monmon.jpg"},{"@type":"BreadcrumbList","@id":"https:\/\/focusonpack.com\/monoblock-fill-plug-cap-machine\/#breadcrumb","itemListElement":[{"@type":"ListItem","position":1,"name":"\u9996\u9875","item":"https:\/\/focusonpack.com\/"},{"@type":"ListItem","position":2,"name":"Monoblock Fill Plug Cap Machine"}]},{"@type":"WebSite","@id":"https:\/\/focusonpack.com\/#website","url":"https:\/\/focusonpack.com\/","name":"Focus on pack","description":"","potentialAction":[{"@type":"SearchAction","target":{"@type":"EntryPoint","urlTemplate":"https:\/\/focusonpack.com\/?s={search_term_string}"},"query-input":{"@type":"PropertyValueSpecification","valueRequired":true,"valueName":"search_term_string"}}],"inLanguage":"es"}]}},"_links":{"self":[{"href":"https:\/\/focusonpack.com\/es\/wp-json\/wp\/v2\/pages\/3691","targetHints":{"allow":["GET"]}}],"collection":[{"href":"https:\/\/focusonpack.com\/es\/wp-json\/wp\/v2\/pages"}],"about":[{"href":"https:\/\/focusonpack.com\/es\/wp-json\/wp\/v2\/types\/page"}],"author":[{"embeddable":true,"href":"https:\/\/focusonpack.com\/es\/wp-json\/wp\/v2\/users\/1"}],"replies":[{"embeddable":true,"href":"https:\/\/focusonpack.com\/es\/wp-json\/wp\/v2\/comments?post=3691"}],"version-history":[{"count":8,"href":"https:\/\/focusonpack.com\/es\/wp-json\/wp\/v2\/pages\/3691\/revisions"}],"predecessor-version":[{"id":3735,"href":"https:\/\/focusonpack.com\/es\/wp-json\/wp\/v2\/pages\/3691\/revisions\/3735"}],"wp:attachment":[{"href":"https:\/\/focusonpack.com\/es\/wp-json\/wp\/v2\/media?parent=3691"}],"curies":[{"name":"wp","href":"https:\/\/api.w.org\/{rel}","templated":true}]}}