{"id":4300,"date":"2025-03-18T17:16:18","date_gmt":"2025-03-18T09:16:18","guid":{"rendered":"https:\/\/focusonpack.com\/?page_id=4300"},"modified":"2025-03-20T10:17:05","modified_gmt":"2025-03-20T02:17:05","slug":"washing-filling-capping-machine5-gallon-2","status":"publish","type":"page","link":"https:\/\/focusonpack.com\/es\/maquina-llenadora-de-agua\/washing-filling-capping-machine5-gallon-2\/","title":{"rendered":"Lavadora-llenadora-taponadora (5 galones)"},"content":{"rendered":"<div data-elementor-type=\"wp-page\" data-elementor-id=\"4300\" class=\"elementor elementor-4300\" data-elementor-settings=\"[]\">\n\t\t\t<div class=\"elementor-inner\">\n\t\t\t\t<div class=\"elementor-section-wrap\">\n\t\t\t\t\t\t\t<section class=\"elementor-element elementor-element-4f33af69 elementor-section-boxed elementor-section-height-default elementor-section-height-default elementor-section elementor-top-section\" data-id=\"4f33af69\" data-element_type=\"section\">\n\t\t\t\t\t\t<div class=\"elementor-container elementor-column-gap-default\">\n\t\t\t\t<div class=\"elementor-row\">\n\t\t\t\t<div class=\"elementor-element elementor-element-130cae15 elementor-column elementor-col-50 elementor-top-column\" data-id=\"130cae15\" data-element_type=\"column\">\n\t\t\t<div class=\"elementor-column-wrap  elementor-element-populated\">\n\t\t\t\t\t<div class=\"elementor-widget-wrap\">\n\t\t\t\t<div class=\"elementor-element elementor-element-6f676878 elementor-invisible elementor-widget elementor-widget-heading\" data-id=\"6f676878\" data-element_type=\"widget\" data-settings=\"{&quot;_animation&quot;:&quot;fadeIn&quot;}\" data-widget_type=\"heading.default\">\n\t\t\t\t<div class=\"elementor-widget-container\">\n\t\t\t<h3 class=\"elementor-heading-title elementor-size-default\">Lavadora-llenadora-taponadora (5 galones)<\/h3>\t\t<\/div>\n\t\t\t\t<\/div>\n\t\t\t\t<div class=\"elementor-element elementor-element-46493ff1 elementor-widget elementor-widget-text-editor\" data-id=\"46493ff1\" data-element_type=\"widget\" data-widget_type=\"text-editor.default\">\n\t\t\t\t<div class=\"elementor-widget-container\">\n\t\t\t\t\t<div class=\"elementor-text-editor elementor-clearfix\"><p>Esta m\u00e1quina de lavado, llenado y tapado est\u00e1 completamente integrada en un sistema modular de embotellado de agua para botellas de 3, 5 y otras botellas flexibles. Hay disponible una amplia gama de modelos, cada uno dise\u00f1ado para incluir la lavadora de botellas, la taponadora y el sistema transportador de interconexi\u00f3n en un conjunto altamente eficiente que puede ser operado por un n\u00famero m\u00ednimo de personal. Hay disponibles configuraciones para capacidades de 150, 300, 450, 600, 900 y 1200 botellas por hora (BPH).<\/p><\/div>\n\t\t\t\t<\/div>\n\t\t\t\t<\/div>\n\t\t\t\t<div class=\"elementor-element elementor-element-40b96b96 elementor-invisible elementor-widget elementor-widget-heading\" data-id=\"40b96b96\" data-element_type=\"widget\" data-settings=\"{&quot;_animation&quot;:&quot;fadeIn&quot;}\" data-widget_type=\"heading.default\">\n\t\t\t\t<div class=\"elementor-widget-container\">\n\t\t\t<h3 class=\"elementor-heading-title elementor-size-default\">Operating Sequence<\/h3>\t\t<\/div>\n\t\t\t\t<\/div>\n\t\t\t\t<div class=\"elementor-element elementor-element-504bb18b elementor-widget elementor-widget-text-editor\" data-id=\"504bb18b\" data-element_type=\"widget\" data-widget_type=\"text-editor.default\">\n\t\t\t\t<div class=\"elementor-widget-container\">\n\t\t\t\t\t<div class=\"elementor-text-editor elementor-clearfix\"><ul><li><strong>1. Washing<\/strong><ul class=\"sub-list\"><li><strong>1). Main wash<\/strong><p>Wash detergent solution is heated by electric heaters or steam coils inside the wash tank, the main wash pump recirculates the solution under high pressure through stainless steel spray nozzles. Multiple nozzles direct the spray inside and outside each bottle.<\/p><\/li><li><strong>2). Sanitize<\/strong><p>Ozonated water is used to sanitize the inside of the bottle. The solution is introduced from wash tank via a pump to the sanitizer solenoid valve on the washer. The valve opens for a few seconds during each cycle, long enough for sanitizer solution to contact all interior surfaces of the bottle. The spray time is operator adjustable.<\/p><\/li><li><strong>3). Recirculated rinse<\/strong><p>Semi-fresh rinse water is recirculated from the rinse tank. The bottles are thoroughly sprayed inside and out to remove any residual wash solution. The water drains back into the rinse tank where it is filtered and recirculated. A constant supply of fresh water filling into the rinse tank from the final rinse keeps the detergent residual in the rinse water at a very low level.<\/p><\/li><li><strong>4). Final rinse<\/strong><p>Fresh or product water is sprayed into the bottle to remove all semi-fresh rinse and sanitizer solution residual, leaving the bottle completely clean and ready for filling. If filling with distilled or purified water, only product water is recommended for final rinse, otherwise any clean source can be used.<\/p><\/li><\/ul><\/li><li><strong>2. Filling<\/strong><p>After washing, the bottles automatically unload onto the filler infeed conveyor. The filler may be close-coupled to the bottle washer or independent and connected by covered conveyor. Fill times for 5-gallon bottles can be as low as 6-8 seconds. A special overfill recovery system prevents overflow onto the conveyor and the floor, and recovers valuable product water for return to the fill pump.<\/p><\/li><li><strong>3. Capping<\/strong><p>After filling, bottles move to capping station where the caps are sorted and waiting for picking, when the bottles pass by, caps are picked and placed by bottles, the exclusive cap snap spinner orientor system ensures proper cap placement, caps are pressed onto bottle tightly.<\/p><\/li><\/ul><\/div>\n\t\t\t\t<\/div>\n\t\t\t\t<\/div>\n\t\t\t\t\t\t<\/div>\n\t\t\t<\/div>\n\t\t<\/div>\n\t\t\t\t<div class=\"elementor-element elementor-element-261ac7c1 elementor-column elementor-col-50 elementor-top-column\" data-id=\"261ac7c1\" data-element_type=\"column\">\n\t\t\t<div class=\"elementor-column-wrap  elementor-element-populated\">\n\t\t\t\t\t<div class=\"elementor-widget-wrap\">\n\t\t\t\t<div class=\"elementor-element elementor-element-43a2a14 elementor-widget elementor-widget-image\" data-id=\"43a2a14\" data-element_type=\"widget\" data-widget_type=\"image.default\">\n\t\t\t\t<div class=\"elementor-widget-container\">\n\t\t\t\t\t<div class=\"elementor-image\">\n\t\t\t\t\t\t\t\t\t\t\t<a href=\"https:\/\/focusonpack.com\/wp-content\/uploads\/2025\/03\/Washing-Filling-Capping-Machine5-Gallon-logo.png\">\n\t\t\t\t\t\t\t<img loading=\"lazy\" decoding=\"async\" width=\"1273\" height=\"792\" src=\"https:\/\/focusonpack.com\/wp-content\/uploads\/2025\/03\/Washing-Filling-Capping-Machine5-Gallon-1.png\" class=\"elementor-animation-grow attachment-full size-full\" alt=\"\" srcset=\"https:\/\/focusonpack.com\/wp-content\/uploads\/2025\/03\/Washing-Filling-Capping-Machine5-Gallon-1.png 1273w, https:\/\/focusonpack.com\/wp-content\/uploads\/2025\/03\/Washing-Filling-Capping-Machine5-Gallon-1-300x187.png 300w, https:\/\/focusonpack.com\/wp-content\/uploads\/2025\/03\/Washing-Filling-Capping-Machine5-Gallon-1-1024x637.png 1024w, https:\/\/focusonpack.com\/wp-content\/uploads\/2025\/03\/Washing-Filling-Capping-Machine5-Gallon-1-768x478.png 768w, https:\/\/focusonpack.com\/wp-content\/uploads\/2025\/03\/Washing-Filling-Capping-Machine5-Gallon-1-600x373.png 600w\" sizes=\"auto, (max-width: 1273px) 100vw, 1273px\" \/>\t\t\t\t\t\t\t\t<\/a>\n\t\t\t\t\t\t\t\t\t\t\t<\/div>\n\t\t\t\t<\/div>\n\t\t\t\t<\/div>\n\t\t\t\t<div class=\"elementor-element elementor-element-3a46837b elementor-button-info elementor-align-center elementor-widget elementor-widget-button\" data-id=\"3a46837b\" data-element_type=\"widget\" data-widget_type=\"button.default\">\n\t\t\t\t<div class=\"elementor-widget-container\">\n\t\t\t\t\t<div class=\"elementor-button-wrapper\">\n\t\t\t<a href=\"https:\/\/focusonpack.com\/es\/contacto\/\" class=\"elementor-button-link elementor-button elementor-size-sm\" role=\"button\">\n\t\t\t\t\t\t<span class=\"elementor-button-content-wrapper\">\n\t\t\t\t\t\t<span class=\"elementor-button-text\">Solicitar presupuesto<\/span>\n\t\t<\/span>\n\t\t\t\t\t<\/a>\n\t\t<\/div>\n\t\t\t\t<\/div>\n\t\t\t\t<\/div>\n\t\t\t\t\t\t<\/div>\n\t\t\t<\/div>\n\t\t<\/div>\n\t\t\t\t\t\t<\/div>\n\t\t\t<\/div>\n\t\t<\/section>\n\t\t\t\t<section class=\"elementor-element elementor-element-308e4534 elementor-section-boxed elementor-section-height-default elementor-section-height-default elementor-section elementor-top-section\" data-id=\"308e4534\" data-element_type=\"section\">\n\t\t\t\t\t\t<div class=\"elementor-container elementor-column-gap-default\">\n\t\t\t\t<div class=\"elementor-row\">\n\t\t\t\t<div class=\"elementor-element elementor-element-68b37b0b elementor-column elementor-col-25 elementor-top-column\" data-id=\"68b37b0b\" data-element_type=\"column\">\n\t\t\t<div class=\"elementor-column-wrap  elementor-element-populated\">\n\t\t\t\t\t<div class=\"elementor-widget-wrap\">\n\t\t\t\t<div class=\"elementor-element elementor-element-fda2acf elementor-invisible elementor-widget elementor-widget-image\" data-id=\"fda2acf\" data-element_type=\"widget\" data-settings=\"{&quot;_animation&quot;:&quot;fadeIn&quot;}\" data-widget_type=\"image.default\">\n\t\t\t\t<div class=\"elementor-widget-container\">\n\t\t\t\t\t<div class=\"elementor-image\">\n\t\t\t\t\t\t\t<figure class=\"wp-caption\">\n\t\t\t\t\t\t\t\t\t\t<img loading=\"lazy\" decoding=\"async\" width=\"770\" height=\"414\" src=\"https:\/\/focusonpack.com\/wp-content\/uploads\/2025\/03\/Main-wash-770x414.png\" class=\"attachment-factoryplus-single-project-thumb size-factoryplus-single-project-thumb\" alt=\"\" srcset=\"https:\/\/focusonpack.com\/wp-content\/uploads\/2025\/03\/Main-wash-770x414.png 770w, https:\/\/focusonpack.com\/wp-content\/uploads\/2025\/03\/Main-wash-370x200.png 370w\" sizes=\"auto, (max-width: 770px) 100vw, 770px\" \/>\t\t\t\t\t\t\t\t\t\t\t<figcaption class=\"widget-image-caption wp-caption-text\">Main wash<\/figcaption>\n\t\t\t\t\t\t\t\t\t\t<\/figure>\n\t\t\t\t\t<\/div>\n\t\t\t\t<\/div>\n\t\t\t\t<\/div>\n\t\t\t\t\t\t<\/div>\n\t\t\t<\/div>\n\t\t<\/div>\n\t\t\t\t<div class=\"elementor-element elementor-element-36cf5351 elementor-column elementor-col-25 elementor-top-column\" data-id=\"36cf5351\" data-element_type=\"column\">\n\t\t\t<div class=\"elementor-column-wrap  elementor-element-populated\">\n\t\t\t\t\t<div class=\"elementor-widget-wrap\">\n\t\t\t\t<div class=\"elementor-element elementor-element-06794b7 elementor-invisible elementor-widget elementor-widget-image\" data-id=\"06794b7\" data-element_type=\"widget\" data-settings=\"{&quot;_animation&quot;:&quot;fadeIn&quot;}\" data-widget_type=\"image.default\">\n\t\t\t\t<div class=\"elementor-widget-container\">\n\t\t\t\t\t<div class=\"elementor-image\">\n\t\t\t\t\t\t\t<figure class=\"wp-caption\">\n\t\t\t\t\t\t\t\t\t\t<img loading=\"lazy\" decoding=\"async\" width=\"770\" height=\"414\" src=\"https:\/\/focusonpack.com\/wp-content\/uploads\/2025\/03\/Filling-770x414.png\" class=\"attachment-factoryplus-single-project-thumb size-factoryplus-single-project-thumb\" alt=\"\" srcset=\"https:\/\/focusonpack.com\/wp-content\/uploads\/2025\/03\/Filling-770x414.png 770w, https:\/\/focusonpack.com\/wp-content\/uploads\/2025\/03\/Filling-370x200.png 370w\" sizes=\"auto, (max-width: 770px) 100vw, 770px\" \/>\t\t\t\t\t\t\t\t\t\t\t<figcaption class=\"widget-image-caption wp-caption-text\">Filling<\/figcaption>\n\t\t\t\t\t\t\t\t\t\t<\/figure>\n\t\t\t\t\t<\/div>\n\t\t\t\t<\/div>\n\t\t\t\t<\/div>\n\t\t\t\t\t\t<\/div>\n\t\t\t<\/div>\n\t\t<\/div>\n\t\t\t\t<div class=\"elementor-element elementor-element-409bb376 elementor-column elementor-col-25 elementor-top-column\" data-id=\"409bb376\" data-element_type=\"column\">\n\t\t\t<div class=\"elementor-column-wrap  elementor-element-populated\">\n\t\t\t\t\t<div class=\"elementor-widget-wrap\">\n\t\t\t\t<div class=\"elementor-element elementor-element-dd2d848 elementor-invisible elementor-widget elementor-widget-image\" data-id=\"dd2d848\" data-element_type=\"widget\" data-settings=\"{&quot;_animation&quot;:&quot;fadeIn&quot;}\" data-widget_type=\"image.default\">\n\t\t\t\t<div class=\"elementor-widget-container\">\n\t\t\t\t\t<div class=\"elementor-image\">\n\t\t\t\t\t\t\t<figure class=\"wp-caption\">\n\t\t\t\t\t\t\t\t\t\t<img loading=\"lazy\" decoding=\"async\" width=\"770\" height=\"414\" src=\"https:\/\/focusonpack.com\/wp-content\/uploads\/2025\/03\/Capping-770x414.png\" class=\"attachment-factoryplus-single-project-thumb size-factoryplus-single-project-thumb\" alt=\"\" srcset=\"https:\/\/focusonpack.com\/wp-content\/uploads\/2025\/03\/Capping-770x414.png 770w, https:\/\/focusonpack.com\/wp-content\/uploads\/2025\/03\/Capping-370x200.png 370w\" sizes=\"auto, (max-width: 770px) 100vw, 770px\" \/>\t\t\t\t\t\t\t\t\t\t\t<figcaption class=\"widget-image-caption wp-caption-text\">Capping<\/figcaption>\n\t\t\t\t\t\t\t\t\t\t<\/figure>\n\t\t\t\t\t<\/div>\n\t\t\t\t<\/div>\n\t\t\t\t<\/div>\n\t\t\t\t\t\t<\/div>\n\t\t\t<\/div>\n\t\t<\/div>\n\t\t\t\t<div class=\"elementor-element elementor-element-750329e6 elementor-column elementor-col-25 elementor-top-column\" data-id=\"750329e6\" data-element_type=\"column\">\n\t\t\t<div class=\"elementor-column-wrap\">\n\t\t\t\t\t<div class=\"elementor-widget-wrap\">\n\t\t\t\t\t\t<\/div>\n\t\t\t<\/div>\n\t\t<\/div>\n\t\t\t\t\t\t<\/div>\n\t\t\t<\/div>\n\t\t<\/section>\n\t\t\t\t<section class=\"elementor-element elementor-element-2defc453 elementor-section-boxed elementor-section-height-default elementor-section-height-default elementor-section elementor-top-section\" data-id=\"2defc453\" data-element_type=\"section\">\n\t\t\t\t\t\t<div class=\"elementor-container elementor-column-gap-default\">\n\t\t\t\t<div class=\"elementor-row\">\n\t\t\t\t<div class=\"elementor-element elementor-element-54895012 elementor-column elementor-col-100 elementor-top-column\" data-id=\"54895012\" data-element_type=\"column\">\n\t\t\t<div class=\"elementor-column-wrap  elementor-element-populated\">\n\t\t\t\t\t<div class=\"elementor-widget-wrap\">\n\t\t\t\t<div class=\"elementor-element elementor-element-1aa8da44 elementor-invisible elementor-widget elementor-widget-heading\" data-id=\"1aa8da44\" data-element_type=\"widget\" data-settings=\"{&quot;_animation&quot;:&quot;fadeIn&quot;}\" data-widget_type=\"heading.default\">\n\t\t\t\t<div class=\"elementor-widget-container\">\n\t\t\t<h3 class=\"elementor-heading-title elementor-size-default\">Especificaciones t\u00e9cnicas<\/h3>\t\t<\/div>\n\t\t\t\t<\/div>\n\t\t\t\t<div class=\"elementor-element elementor-element-43c47cf1 elementor-widget elementor-widget-text-editor\" data-id=\"43c47cf1\" data-element_type=\"widget\" data-widget_type=\"text-editor.default\">\n\t\t\t\t<div class=\"elementor-widget-container\">\n\t\t\t\t\t<div class=\"elementor-text-editor elementor-clearfix\"><table style=\"letter-spacing: -0.9px; background-color: rgb(255, 255, 255);\">\n<tbody>\n<tr>\n<th>Modelo<\/th>\n<th>QGF-150<\/th>\n<th>QGF-300<\/th>\n<th>QGF-450<\/th>\n<th>QGF-600<\/th>\n<th>QGF-900<\/th>\n<th>QGF-1200<\/th>\n<th>QGF-1500<\/th>\n<\/tr>\n<tr>\n<td>Filling Heads<\/td>\n<td>1<\/td>\n<td>2<\/td>\n<td>3<\/td>\n<td>4<\/td>\n<td>6<\/td>\n<td>8<\/td>\n<td>10<\/td>\n<\/tr>\n<tr>\n<td>Volume (L)<\/td>\n<td>18.9<\/td>\n<td>18.9<\/td>\n<td>18.9<\/td>\n<td>18.9<\/td>\n<td>18.9<\/td>\n<td>18.9<\/td>\n<td>18.9<\/td>\n<\/tr>\n<tr>\n<td>Barrel Size (mm)<\/td>\n<td>\u03c6270&#215;490<\/td>\n<td>\u03c6270&#215;490<\/td>\n<td>\u03c6270&#215;490<\/td>\n<td>\u03c6270&#215;490<\/td>\n<td>\u03c6270&#215;490<\/td>\n<td>\u03c6270&#215;490<\/td>\n<td>\u03c6270&#215;490<\/td>\n<\/tr>\n<tr>\n<td>Capacity (BPH)<\/td>\n<td>150<\/td>\n<td>300<\/td>\n<td>450<\/td>\n<td>600<\/td>\n<td>900<\/td>\n<td>1200<\/td>\n<td>1500<\/td>\n<\/tr>\n<tr>\n<td>Gas Pressure (\u041c\u0440\u0430)<\/td>\n<td>0.4-0.6<\/td>\n<td>0.4-0.6<\/td>\n<td>0.4-0.6<\/td>\n<td>0.6<\/td>\n<td>0.6<\/td>\n<td>0.8<\/td>\n<td>1<\/td>\n<\/tr>\n<tr>\n<td>Air Consumption (m\u00b3\/min)<\/td>\n<td>0.37<\/td>\n<td>0.6<\/td>\n<td>0.8<\/td>\n<td>1<\/td>\n<td>1.5<\/td>\n<td>2<\/td>\n<td>2.1<\/td>\n<\/tr>\n<tr>\n<td>Motor Power (kw)<\/td>\n<td>2.8<\/td>\n<td>3.5<\/td>\n<td>4.5<\/td>\n<td>6<\/td>\n<td>10<\/td>\n<td>13<\/td>\n<td>15<\/td>\n<\/tr>\n<tr>\n<td>Rated Voltage (V)<\/td>\n<td>380V\/50HZ<\/td>\n<td>380V\/50HZ<\/td>\n<td>380V\/50HZ<\/td>\n<td>380V\/50HZ<\/td>\n<td>380V\/50HZ<\/td>\n<td>380V\/50HZ<\/td>\n<td>380V\/50HZ<\/td>\n<\/tr>\n<tr>\n<td>Weight (kg)<\/td>\n<td>680<\/td>\n<td>1500<\/td>\n<td>2100<\/td>\n<td>3000<\/td>\n<td>3500<\/td>\n<td>4000<\/td>\n<td>4300<\/td>\n<\/tr>\n<\/tbody>\n<\/table><span style=\"letter-spacing: -0.9px;\">\u2724 Specifications are subject to change without notice, All rights are reserved.<\/span><\/div>\n\t\t\t\t<\/div>\n\t\t\t\t<\/div>\n\t\t\t\t\t\t<\/div>\n\t\t\t<\/div>\n\t\t<\/div>\n\t\t\t\t\t\t<\/div>\n\t\t\t<\/div>\n\t\t<\/section>\n\t\t\t\t\t\t<\/div>\n\t\t\t<\/div>\n\t\t<\/div>","protected":false},"excerpt":{"rendered":"<p>Washing-Filling-Capping Machin&hellip;<\/p>","protected":false},"author":1,"featured_media":0,"parent":2500,"menu_order":0,"comment_status":"closed","ping_status":"closed","template":"elementor_header_footer","meta":{"footnotes":""},"class_list":["post-4300","page","type-page","status-publish","hentry","no-thumb"],"yoast_head":"<!-- This site is optimized with the Yoast SEO plugin v24.8.1 - https:\/\/yoast.com\/wordpress\/plugins\/seo\/ -->\n<title>Washing-Filling-Capping Machine(5-Gallon) - Focus on pack<\/title>\n<meta name=\"robots\" content=\"index, follow, max-snippet:-1, max-image-preview:large, max-video-preview:-1\" \/>\n<link rel=\"canonical\" href=\"https:\/\/focusonpack.com\/es\/maquina-llenadora-de-agua\/washing-filling-capping-machine5-gallon-2\/\" \/>\n<meta property=\"og:locale\" content=\"es_ES\" \/>\n<meta property=\"og:type\" content=\"article\" \/>\n<meta property=\"og:title\" content=\"Washing-Filling-Capping Machine(5-Gallon) - Focus on pack\" \/>\n<meta property=\"og:description\" content=\"Washing-Filling-Capping Machin&hellip;\" \/>\n<meta property=\"og:url\" content=\"https:\/\/focusonpack.com\/es\/maquina-llenadora-de-agua\/washing-filling-capping-machine5-gallon-2\/\" \/>\n<meta property=\"og:site_name\" content=\"Focus on pack\" \/>\n<meta property=\"article:modified_time\" content=\"2025-03-20T02:17:05+00:00\" \/>\n<meta property=\"og:image\" content=\"https:\/\/focusonpack.com\/wp-content\/uploads\/2025\/03\/Washing-Filling-Capping-Machine5-Gallon-1.png\" \/>\n<meta name=\"twitter:card\" content=\"summary_large_image\" \/>\n<meta name=\"twitter:label1\" content=\"Tiempo de lectura\" \/>\n\t<meta name=\"twitter:data1\" content=\"2 minutos\" \/>\n<script type=\"application\/ld+json\" class=\"yoast-schema-graph\">{\"@context\":\"https:\/\/schema.org\",\"@graph\":[{\"@type\":\"WebPage\",\"@id\":\"https:\/\/focusonpack.com\/water-filling-machine\/washing-filling-capping-machine5-gallon-2\/\",\"url\":\"https:\/\/focusonpack.com\/water-filling-machine\/washing-filling-capping-machine5-gallon-2\/\",\"name\":\"Washing-Filling-Capping Machine(5-Gallon) - Focus on pack\",\"isPartOf\":{\"@id\":\"https:\/\/focusonpack.com\/#website\"},\"primaryImageOfPage\":{\"@id\":\"https:\/\/focusonpack.com\/water-filling-machine\/washing-filling-capping-machine5-gallon-2\/#primaryimage\"},\"image\":{\"@id\":\"https:\/\/focusonpack.com\/water-filling-machine\/washing-filling-capping-machine5-gallon-2\/#primaryimage\"},\"thumbnailUrl\":\"https:\/\/focusonpack.com\/wp-content\/uploads\/2025\/03\/Washing-Filling-Capping-Machine5-Gallon-1.png\",\"datePublished\":\"2025-03-18T09:16:18+00:00\",\"dateModified\":\"2025-03-20T02:17:05+00:00\",\"breadcrumb\":{\"@id\":\"https:\/\/focusonpack.com\/water-filling-machine\/washing-filling-capping-machine5-gallon-2\/#breadcrumb\"},\"inLanguage\":\"es\",\"potentialAction\":[{\"@type\":\"ReadAction\",\"target\":[\"https:\/\/focusonpack.com\/water-filling-machine\/washing-filling-capping-machine5-gallon-2\/\"]}]},{\"@type\":\"ImageObject\",\"inLanguage\":\"es\",\"@id\":\"https:\/\/focusonpack.com\/water-filling-machine\/washing-filling-capping-machine5-gallon-2\/#primaryimage\",\"url\":\"https:\/\/focusonpack.com\/wp-content\/uploads\/2025\/03\/Washing-Filling-Capping-Machine5-Gallon-1.png\",\"contentUrl\":\"https:\/\/focusonpack.com\/wp-content\/uploads\/2025\/03\/Washing-Filling-Capping-Machine5-Gallon-1.png\"},{\"@type\":\"BreadcrumbList\",\"@id\":\"https:\/\/focusonpack.com\/water-filling-machine\/washing-filling-capping-machine5-gallon-2\/#breadcrumb\",\"itemListElement\":[{\"@type\":\"ListItem\",\"position\":1,\"name\":\"\u9996\u9875\",\"item\":\"https:\/\/focusonpack.com\/\"},{\"@type\":\"ListItem\",\"position\":2,\"name\":\"Water Filling Machine\",\"item\":\"https:\/\/focusonpack.com\/water-filling-machine\/\"},{\"@type\":\"ListItem\",\"position\":3,\"name\":\"Washing-Filling-Capping Machine(5-Gallon)\"}]},{\"@type\":\"WebSite\",\"@id\":\"https:\/\/focusonpack.com\/#website\",\"url\":\"https:\/\/focusonpack.com\/\",\"name\":\"Focus on pack\",\"description\":\"\",\"potentialAction\":[{\"@type\":\"SearchAction\",\"target\":{\"@type\":\"EntryPoint\",\"urlTemplate\":\"https:\/\/focusonpack.com\/?s={search_term_string}\"},\"query-input\":{\"@type\":\"PropertyValueSpecification\",\"valueRequired\":true,\"valueName\":\"search_term_string\"}}],\"inLanguage\":\"es\"}]}<\/script>\n<!-- \/ Yoast SEO plugin. -->","yoast_head_json":{"title":"Washing-Filling-Capping Machine(5-Gallon) - Focus on pack","robots":{"index":"index","follow":"follow","max-snippet":"max-snippet:-1","max-image-preview":"max-image-preview:large","max-video-preview":"max-video-preview:-1"},"canonical":"https:\/\/focusonpack.com\/es\/maquina-llenadora-de-agua\/washing-filling-capping-machine5-gallon-2\/","og_locale":"es_ES","og_type":"article","og_title":"Washing-Filling-Capping Machine(5-Gallon) - Focus on pack","og_description":"Washing-Filling-Capping Machin&hellip;","og_url":"https:\/\/focusonpack.com\/es\/maquina-llenadora-de-agua\/washing-filling-capping-machine5-gallon-2\/","og_site_name":"Focus on pack","article_modified_time":"2025-03-20T02:17:05+00:00","og_image":[{"url":"https:\/\/focusonpack.com\/wp-content\/uploads\/2025\/03\/Washing-Filling-Capping-Machine5-Gallon-1.png","type":"","width":"","height":""}],"twitter_card":"summary_large_image","twitter_misc":{"Tiempo de lectura":"2 minutos"},"schema":{"@context":"https:\/\/schema.org","@graph":[{"@type":"WebPage","@id":"https:\/\/focusonpack.com\/water-filling-machine\/washing-filling-capping-machine5-gallon-2\/","url":"https:\/\/focusonpack.com\/water-filling-machine\/washing-filling-capping-machine5-gallon-2\/","name":"Washing-Filling-Capping Machine(5-Gallon) - Focus on pack","isPartOf":{"@id":"https:\/\/focusonpack.com\/#website"},"primaryImageOfPage":{"@id":"https:\/\/focusonpack.com\/water-filling-machine\/washing-filling-capping-machine5-gallon-2\/#primaryimage"},"image":{"@id":"https:\/\/focusonpack.com\/water-filling-machine\/washing-filling-capping-machine5-gallon-2\/#primaryimage"},"thumbnailUrl":"https:\/\/focusonpack.com\/wp-content\/uploads\/2025\/03\/Washing-Filling-Capping-Machine5-Gallon-1.png","datePublished":"2025-03-18T09:16:18+00:00","dateModified":"2025-03-20T02:17:05+00:00","breadcrumb":{"@id":"https:\/\/focusonpack.com\/water-filling-machine\/washing-filling-capping-machine5-gallon-2\/#breadcrumb"},"inLanguage":"es","potentialAction":[{"@type":"ReadAction","target":["https:\/\/focusonpack.com\/water-filling-machine\/washing-filling-capping-machine5-gallon-2\/"]}]},{"@type":"ImageObject","inLanguage":"es","@id":"https:\/\/focusonpack.com\/water-filling-machine\/washing-filling-capping-machine5-gallon-2\/#primaryimage","url":"https:\/\/focusonpack.com\/wp-content\/uploads\/2025\/03\/Washing-Filling-Capping-Machine5-Gallon-1.png","contentUrl":"https:\/\/focusonpack.com\/wp-content\/uploads\/2025\/03\/Washing-Filling-Capping-Machine5-Gallon-1.png"},{"@type":"BreadcrumbList","@id":"https:\/\/focusonpack.com\/water-filling-machine\/washing-filling-capping-machine5-gallon-2\/#breadcrumb","itemListElement":[{"@type":"ListItem","position":1,"name":"\u9996\u9875","item":"https:\/\/focusonpack.com\/"},{"@type":"ListItem","position":2,"name":"Water Filling Machine","item":"https:\/\/focusonpack.com\/water-filling-machine\/"},{"@type":"ListItem","position":3,"name":"Washing-Filling-Capping Machine(5-Gallon)"}]},{"@type":"WebSite","@id":"https:\/\/focusonpack.com\/#website","url":"https:\/\/focusonpack.com\/","name":"Focus on pack","description":"","potentialAction":[{"@type":"SearchAction","target":{"@type":"EntryPoint","urlTemplate":"https:\/\/focusonpack.com\/?s={search_term_string}"},"query-input":{"@type":"PropertyValueSpecification","valueRequired":true,"valueName":"search_term_string"}}],"inLanguage":"es"}]}},"_links":{"self":[{"href":"https:\/\/focusonpack.com\/es\/wp-json\/wp\/v2\/pages\/4300","targetHints":{"allow":["GET"]}}],"collection":[{"href":"https:\/\/focusonpack.com\/es\/wp-json\/wp\/v2\/pages"}],"about":[{"href":"https:\/\/focusonpack.com\/es\/wp-json\/wp\/v2\/types\/page"}],"author":[{"embeddable":true,"href":"https:\/\/focusonpack.com\/es\/wp-json\/wp\/v2\/users\/1"}],"replies":[{"embeddable":true,"href":"https:\/\/focusonpack.com\/es\/wp-json\/wp\/v2\/comments?post=4300"}],"version-history":[{"count":9,"href":"https:\/\/focusonpack.com\/es\/wp-json\/wp\/v2\/pages\/4300\/revisions"}],"predecessor-version":[{"id":4397,"href":"https:\/\/focusonpack.com\/es\/wp-json\/wp\/v2\/pages\/4300\/revisions\/4397"}],"up":[{"embeddable":true,"href":"https:\/\/focusonpack.com\/es\/wp-json\/wp\/v2\/pages\/2500"}],"wp:attachment":[{"href":"https:\/\/focusonpack.com\/es\/wp-json\/wp\/v2\/media?parent=4300"}],"curies":[{"name":"wp","href":"https:\/\/api.w.org\/{rel}","templated":true}]}}