{"id":2369,"date":"2020-05-07T15:52:45","date_gmt":"2020-05-07T07:52:45","guid":{"rendered":"https:\/\/focusonpack.com\/?page_id=2369"},"modified":"2025-03-21T15:29:56","modified_gmt":"2025-03-21T07:29:56","slug":"pet-bottle-blow-molding-machine","status":"publish","type":"page","link":"https:\/\/focusonpack.com\/fr\/machine-de-moulage-par-soufflage-de-bouteilles-en-pet\/","title":{"rendered":"Machine de soufflage de bouteilles PET"},"content":{"rendered":"<div data-elementor-type=\"wp-page\" data-elementor-id=\"2369\" class=\"elementor elementor-2369\" data-elementor-settings=\"[]\">\n\t\t\t<div class=\"elementor-inner\">\n\t\t\t\t<div class=\"elementor-section-wrap\">\n\t\t\t\t\t\t\t<section class=\"elementor-element elementor-element-40f63904 elementor-section-boxed elementor-section-height-default elementor-section-height-default elementor-section elementor-top-section\" data-id=\"40f63904\" data-element_type=\"section\">\n\t\t\t\t\t\t<div class=\"elementor-container elementor-column-gap-default\">\n\t\t\t\t<div class=\"elementor-row\">\n\t\t\t\t<div class=\"elementor-element elementor-element-18a53ea3 elementor-column elementor-col-100 elementor-top-column\" data-id=\"18a53ea3\" data-element_type=\"column\">\n\t\t\t<div class=\"elementor-column-wrap  elementor-element-populated\">\n\t\t\t\t\t<div class=\"elementor-widget-wrap\">\n\t\t\t\t<div class=\"elementor-element elementor-element-cdc8ea6 elementor-widget elementor-widget-heading\" data-id=\"cdc8ea6\" data-element_type=\"widget\" data-widget_type=\"heading.default\">\n\t\t\t\t<div class=\"elementor-widget-container\">\n\t\t\t<h3 class=\"elementor-heading-title elementor-size-default\">Machine de soufflage de bouteilles PET<\/h3>\t\t<\/div>\n\t\t\t\t<\/div>\n\t\t\t\t<div class=\"elementor-element elementor-element-439ed510 elementor-widget elementor-widget-text-editor\" data-id=\"439ed510\" data-element_type=\"widget\" data-widget_type=\"text-editor.default\">\n\t\t\t\t<div class=\"elementor-widget-container\">\n\t\t\t\t\t<div class=\"elementor-text-editor elementor-clearfix\"><p>Nous proposons des machines de soufflage de bouteilles PET semi-automatiques et des machines d'\u00e9tirage-soufflage PET enti\u00e8rement automatiques pour produire des bouteilles en plastique PET de haute qualit\u00e9. de formes, tailles et couleurs vari\u00e9es pour l'eau, les jus, les boissons gazeuses, l'huile v\u00e9g\u00e9tale, l'alcool, les d\u00e9tergents liquides, les cosm\u00e9tiques, les produits pharmaceutiques, les articles de soins personnels. les articles de soins personnels.<\/p><\/div>\n\t\t\t\t<\/div>\n\t\t\t\t<\/div>\n\t\t\t\t\t\t<\/div>\n\t\t\t<\/div>\n\t\t<\/div>\n\t\t\t\t\t\t<\/div>\n\t\t\t<\/div>\n\t\t<\/section>\n\t\t\t\t<section class=\"elementor-element elementor-element-4773c29e elementor-section-boxed elementor-section-height-default elementor-section-height-default elementor-section elementor-top-section\" data-id=\"4773c29e\" data-element_type=\"section\">\n\t\t\t\t\t\t<div class=\"elementor-container elementor-column-gap-default\">\n\t\t\t\t<div class=\"elementor-row\">\n\t\t\t\t<div class=\"elementor-element elementor-element-4631db9d elementor-column elementor-col-100 elementor-top-column\" data-id=\"4631db9d\" data-element_type=\"column\">\n\t\t\t<div class=\"elementor-column-wrap  elementor-element-populated\">\n\t\t\t\t\t<div class=\"elementor-widget-wrap\">\n\t\t\t\t<div class=\"elementor-element elementor-element-4abb40e9 elementor-widget elementor-widget-divider\" data-id=\"4abb40e9\" data-element_type=\"widget\" data-widget_type=\"divider.default\">\n\t\t\t\t<div class=\"elementor-widget-container\">\n\t\t\t\t\t<div class=\"elementor-divider\">\n\t\t\t<span class=\"elementor-divider-separator\">\n\t\t\t\t\t\t<\/span>\n\t\t<\/div>\n\t\t\t\t<\/div>\n\t\t\t\t<\/div>\n\t\t\t\t\t\t<\/div>\n\t\t\t<\/div>\n\t\t<\/div>\n\t\t\t\t\t\t<\/div>\n\t\t\t<\/div>\n\t\t<\/section>\n\t\t\t\t<section class=\"elementor-element elementor-element-2d30680 elementor-section-boxed elementor-section-height-default elementor-section-height-default elementor-section elementor-top-section\" data-id=\"2d30680\" data-element_type=\"section\">\n\t\t\t\t\t\t<div class=\"elementor-container elementor-column-gap-default\">\n\t\t\t\t<div class=\"elementor-row\">\n\t\t\t\t<div class=\"elementor-element elementor-element-6c7ef892 elementor-column elementor-col-50 elementor-top-column\" data-id=\"6c7ef892\" data-element_type=\"column\">\n\t\t\t<div class=\"elementor-column-wrap  elementor-element-populated\">\n\t\t\t\t\t<div class=\"elementor-widget-wrap\">\n\t\t\t\t<div class=\"elementor-element elementor-element-63fe28fe elementor-widget elementor-widget-image\" data-id=\"63fe28fe\" data-element_type=\"widget\" data-widget_type=\"image.default\">\n\t\t\t\t<div class=\"elementor-widget-container\">\n\t\t\t\t\t<div class=\"elementor-image\">\n\t\t\t\t\t\t\t\t\t\t<img loading=\"lazy\" decoding=\"async\" width=\"1041\" height=\"776\" src=\"https:\/\/focusonpack.com\/wp-content\/uploads\/2025\/03\/Semi-Automatic-PET-Bottle-Blowing-Machine.png\" class=\"elementor-animation-grow attachment-full size-full\" alt=\"\" srcset=\"https:\/\/focusonpack.com\/wp-content\/uploads\/2025\/03\/Semi-Automatic-PET-Bottle-Blowing-Machine.png 1041w, https:\/\/focusonpack.com\/wp-content\/uploads\/2025\/03\/Semi-Automatic-PET-Bottle-Blowing-Machine-300x224.png 300w, https:\/\/focusonpack.com\/wp-content\/uploads\/2025\/03\/Semi-Automatic-PET-Bottle-Blowing-Machine-1024x763.png 1024w, https:\/\/focusonpack.com\/wp-content\/uploads\/2025\/03\/Semi-Automatic-PET-Bottle-Blowing-Machine-768x572.png 768w, https:\/\/focusonpack.com\/wp-content\/uploads\/2025\/03\/Semi-Automatic-PET-Bottle-Blowing-Machine-270x200.png 270w, https:\/\/focusonpack.com\/wp-content\/uploads\/2025\/03\/Semi-Automatic-PET-Bottle-Blowing-Machine-600x447.png 600w\" sizes=\"auto, (max-width: 1041px) 100vw, 1041px\" \/>\t\t\t\t\t\t\t\t\t\t\t<\/div>\n\t\t\t\t<\/div>\n\t\t\t\t<\/div>\n\t\t\t\t\t\t<\/div>\n\t\t\t<\/div>\n\t\t<\/div>\n\t\t\t\t<div class=\"elementor-element elementor-element-7a633549 elementor-column elementor-col-50 elementor-top-column\" data-id=\"7a633549\" data-element_type=\"column\">\n\t\t\t<div class=\"elementor-column-wrap  elementor-element-populated\">\n\t\t\t\t\t<div class=\"elementor-widget-wrap\">\n\t\t\t\t<div class=\"elementor-element elementor-element-82c5f8c elementor-widget elementor-widget-heading\" data-id=\"82c5f8c\" data-element_type=\"widget\" data-widget_type=\"heading.default\">\n\t\t\t\t<div class=\"elementor-widget-container\">\n\t\t\t<h3 class=\"elementor-heading-title elementor-size-default\">Machine de soufflage de bouteilles PET semi-automatique<\/h3>\t\t<\/div>\n\t\t\t\t<\/div>\n\t\t\t\t<div class=\"elementor-element elementor-element-302e7504 elementor-widget elementor-widget-text-editor\" data-id=\"302e7504\" data-element_type=\"widget\" data-widget_type=\"text-editor.default\">\n\t\t\t\t<div class=\"elementor-widget-container\">\n\t\t\t\t\t<div class=\"elementor-text-editor elementor-clearfix\"><p>La machine de soufflage de bouteilles PET semi-automatique est la solution la plus rentable pour la production de masse de pots et de bouteilles pour les petites et moyennes entreprises. La machine de soufflage de bouteilles PET semi-automatique \u00e0 deux \u00e9tapes est adapt\u00e9e au soufflage de bouteilles de boissons gazeuses, de bouteilles d'eau min\u00e9rale, de bouteilles de produits cosm\u00e9tiques et de r\u00e9cipients d'eau chaude. La machine de fabrication de bouteilles en PET est \u00e9galement con\u00e7ue pour la production de grands pots et r\u00e9cipients. La machine de moulage par soufflage semi-automatique en PET \u00e0 deux \u00e9tapes est adapt\u00e9e au soufflage de bouteilles de boissons gazeuses, de bouteilles d'eau min\u00e9rale, de bouteilles de produits cosm\u00e9tiques et de bouteilles d'eau chaude. avec commande par micro-ordinateur Le syst\u00e8me de contr\u00f4le par micro-ordinateur permet de contr\u00f4ler les diff\u00e9rents param\u00e8tres techniques avec plus de pr\u00e9cision et de r\u00e9gularit\u00e9. Il peut \u00eatre utilis\u00e9 facilement sans formation sp\u00e9ciale et plus encore. Il peut \u00eatre utilis\u00e9 facilement sans formation sp\u00e9ciale et de mani\u00e8re plus s\u00fbre.<\/p><\/div>\n\t\t\t\t<\/div>\n\t\t\t\t<\/div>\n\t\t\t\t<div class=\"elementor-element elementor-element-48e5d268 elementor-button-info elementor-align-left elementor-widget elementor-widget-button\" data-id=\"48e5d268\" data-element_type=\"widget\" data-widget_type=\"button.default\">\n\t\t\t\t<div class=\"elementor-widget-container\">\n\t\t\t\t\t<div class=\"elementor-button-wrapper\">\n\t\t\t<a href=\"https:\/\/focusonpack.com\/fr\/semi-automatic-pet-bottle-blowing-machine\/\" class=\"elementor-button-link elementor-button elementor-size-sm\" role=\"button\">\n\t\t\t\t\t\t<span class=\"elementor-button-content-wrapper\">\n\t\t\t\t\t\t<span class=\"elementor-button-text\">Voir les produits<\/span>\n\t\t<\/span>\n\t\t\t\t\t<\/a>\n\t\t<\/div>\n\t\t\t\t<\/div>\n\t\t\t\t<\/div>\n\t\t\t\t\t\t<\/div>\n\t\t\t<\/div>\n\t\t<\/div>\n\t\t\t\t\t\t<\/div>\n\t\t\t<\/div>\n\t\t<\/section>\n\t\t\t\t<section class=\"elementor-element elementor-element-13e935e5 elementor-section-boxed elementor-section-height-default elementor-section-height-default elementor-section elementor-top-section\" data-id=\"13e935e5\" data-element_type=\"section\">\n\t\t\t\t\t\t<div class=\"elementor-container elementor-column-gap-default\">\n\t\t\t\t<div class=\"elementor-row\">\n\t\t\t\t<div class=\"elementor-element elementor-element-50761835 elementor-column elementor-col-100 elementor-top-column\" data-id=\"50761835\" data-element_type=\"column\">\n\t\t\t<div class=\"elementor-column-wrap  elementor-element-populated\">\n\t\t\t\t\t<div class=\"elementor-widget-wrap\">\n\t\t\t\t<div class=\"elementor-element elementor-element-2631ca9d elementor-widget elementor-widget-divider\" data-id=\"2631ca9d\" data-element_type=\"widget\" data-widget_type=\"divider.default\">\n\t\t\t\t<div class=\"elementor-widget-container\">\n\t\t\t\t\t<div class=\"elementor-divider\">\n\t\t\t<span class=\"elementor-divider-separator\">\n\t\t\t\t\t\t<\/span>\n\t\t<\/div>\n\t\t\t\t<\/div>\n\t\t\t\t<\/div>\n\t\t\t\t\t\t<\/div>\n\t\t\t<\/div>\n\t\t<\/div>\n\t\t\t\t\t\t<\/div>\n\t\t\t<\/div>\n\t\t<\/section>\n\t\t\t\t<section class=\"elementor-element elementor-element-327b567 elementor-section-boxed elementor-section-height-default elementor-section-height-default elementor-section elementor-top-section\" data-id=\"327b567\" data-element_type=\"section\">\n\t\t\t\t\t\t<div class=\"elementor-container elementor-column-gap-default\">\n\t\t\t\t<div class=\"elementor-row\">\n\t\t\t\t<div class=\"elementor-element elementor-element-6c66d267 elementor-column elementor-col-50 elementor-top-column\" data-id=\"6c66d267\" data-element_type=\"column\">\n\t\t\t<div class=\"elementor-column-wrap  elementor-element-populated\">\n\t\t\t\t\t<div class=\"elementor-widget-wrap\">\n\t\t\t\t<div class=\"elementor-element elementor-element-64dc9ba6 elementor-widget elementor-widget-image\" data-id=\"64dc9ba6\" data-element_type=\"widget\" data-widget_type=\"image.default\">\n\t\t\t\t<div class=\"elementor-widget-container\">\n\t\t\t\t\t<div class=\"elementor-image\">\n\t\t\t\t\t\t\t\t\t\t<img loading=\"lazy\" decoding=\"async\" width=\"898\" height=\"657\" src=\"https:\/\/focusonpack.com\/wp-content\/uploads\/2025\/03\/4500BPH-4-Cavity-Economical-Automatic-PET-Blow-Moulding-Machine.png\" class=\"elementor-animation-grow attachment-full size-full\" alt=\"\" srcset=\"https:\/\/focusonpack.com\/wp-content\/uploads\/2025\/03\/4500BPH-4-Cavity-Economical-Automatic-PET-Blow-Moulding-Machine.png 898w, https:\/\/focusonpack.com\/wp-content\/uploads\/2025\/03\/4500BPH-4-Cavity-Economical-Automatic-PET-Blow-Moulding-Machine-300x219.png 300w, https:\/\/focusonpack.com\/wp-content\/uploads\/2025\/03\/4500BPH-4-Cavity-Economical-Automatic-PET-Blow-Moulding-Machine-768x562.png 768w, https:\/\/focusonpack.com\/wp-content\/uploads\/2025\/03\/4500BPH-4-Cavity-Economical-Automatic-PET-Blow-Moulding-Machine-600x439.png 600w\" sizes=\"auto, (max-width: 898px) 100vw, 898px\" \/>\t\t\t\t\t\t\t\t\t\t\t<\/div>\n\t\t\t\t<\/div>\n\t\t\t\t<\/div>\n\t\t\t\t\t\t<\/div>\n\t\t\t<\/div>\n\t\t<\/div>\n\t\t\t\t<div class=\"elementor-element elementor-element-618902d0 elementor-column elementor-col-50 elementor-top-column\" data-id=\"618902d0\" data-element_type=\"column\">\n\t\t\t<div class=\"elementor-column-wrap  elementor-element-populated\">\n\t\t\t\t\t<div class=\"elementor-widget-wrap\">\n\t\t\t\t<div class=\"elementor-element elementor-element-1be0237 elementor-widget elementor-widget-heading\" data-id=\"1be0237\" data-element_type=\"widget\" data-widget_type=\"heading.default\">\n\t\t\t\t<div class=\"elementor-widget-container\">\n\t\t\t<h3 class=\"elementor-heading-title elementor-size-default\">Machine de moulage par soufflage enti\u00e8rement automatique pour PET Stretch<\/h3>\t\t<\/div>\n\t\t\t\t<\/div>\n\t\t\t\t<div class=\"elementor-element elementor-element-6e407561 elementor-widget elementor-widget-text-editor\" data-id=\"6e407561\" data-element_type=\"widget\" data-widget_type=\"text-editor.default\">\n\t\t\t\t<div class=\"elementor-widget-container\">\n\t\t\t\t\t<div class=\"elementor-text-editor elementor-clearfix\"><p>La machine automatique de moulage par \u00e9tirage-soufflage de PET est une nouvelle g\u00e9n\u00e9ration de machines automatiques de fabrication de bouteilles PET pour la production en masse de bouteilles et de pots en PET. Elle convient parfaitement aux usines de moyenne et grande taille et aux applications o\u00f9 des exigences de qualit\u00e9 rigoureuses doivent \u00eatre respect\u00e9es. Elle convient parfaitement aux usines de moyenne et grande taille et aux applications o\u00f9 des exigences de qualit\u00e9 strictes doivent \u00eatre respect\u00e9es. Une r\u00e9duction substantielle des co\u00fbts d'exploitation est obtenue gr\u00e2ce \u00e0 l'\u00e9conomie de main-d'\u0153uvre. Nous proposons des machines d'\u00e9tirage-soufflage PET automatiques \u00e0 4 cavit\u00e9s, des machines d'\u00e9tirage-soufflage PET automatiques \u00e0 6 cavit\u00e9s et des machines d'\u00e9tirage-soufflage PET \u00e0 8 cavit\u00e9s pour la production de masse de bouteilles et de pots en PET. Nous proposons des machines d'\u00e9tirage-soufflage PET automatiques \u00e0 4 cavit\u00e9s, des machines d'\u00e9tirage-soufflage PET automatiques \u00e0 6 cavit\u00e9s et des machines d'\u00e9tirage-soufflage PET \u00e0 8 cavit\u00e9s pour la production de masse de bouteilles et de bocaux en PET. Elles peuvent souffler des bouteilles de formes telles que des bouteilles de gaz carbonique, de min\u00e9raux, de pesticides, de cosm\u00e9tiques, \u00e0 large ouverture, \u00e0 remplissage \u00e0 chaud et d'autres r\u00e9cipients d'emballage, qui sont fabriqu\u00e9es en plastique de type cristallin tel que le PET et le PP, etc.<\/p><\/div>\n\t\t\t\t<\/div>\n\t\t\t\t<\/div>\n\t\t\t\t<div class=\"elementor-element elementor-element-338bd11b elementor-button-info elementor-align-left elementor-widget elementor-widget-button\" data-id=\"338bd11b\" data-element_type=\"widget\" data-widget_type=\"button.default\">\n\t\t\t\t<div class=\"elementor-widget-container\">\n\t\t\t\t\t<div class=\"elementor-button-wrapper\">\n\t\t\t<a href=\"https:\/\/focusonpack.com\/fr\/fully-automatic-pet-stretch-blow-molding-machine\/\" class=\"elementor-button-link elementor-button elementor-size-sm\" role=\"button\">\n\t\t\t\t\t\t<span class=\"elementor-button-content-wrapper\">\n\t\t\t\t\t\t<span class=\"elementor-button-text\">Voir les produits<\/span>\n\t\t<\/span>\n\t\t\t\t\t<\/a>\n\t\t<\/div>\n\t\t\t\t<\/div>\n\t\t\t\t<\/div>\n\t\t\t\t\t\t<\/div>\n\t\t\t<\/div>\n\t\t<\/div>\n\t\t\t\t\t\t<\/div>\n\t\t\t<\/div>\n\t\t<\/section>\n\t\t\t\t\t\t<\/div>\n\t\t\t<\/div>\n\t\t<\/div>","protected":false},"excerpt":{"rendered":"<p>PET Bottle Blow Molding Machin&hellip;<\/p>","protected":false},"author":1,"featured_media":0,"parent":0,"menu_order":0,"comment_status":"closed","ping_status":"closed","template":"elementor_header_footer","meta":{"footnotes":""},"class_list":["post-2369","page","type-page","status-publish","hentry","no-thumb"],"yoast_head":"<!-- This site is optimized with the Yoast SEO plugin v24.8.1 - https:\/\/yoast.com\/wordpress\/plugins\/seo\/ -->\n<title>PET Bottle Blow Molding Machine - Focus on pack<\/title>\n<meta name=\"robots\" content=\"index, follow, max-snippet:-1, max-image-preview:large, max-video-preview:-1\" \/>\n<link rel=\"canonical\" href=\"https:\/\/focusonpack.com\/fr\/machine-de-moulage-par-soufflage-de-bouteilles-en-pet\/\" \/>\n<meta property=\"og:locale\" content=\"fr_FR\" \/>\n<meta property=\"og:type\" content=\"article\" \/>\n<meta property=\"og:title\" content=\"PET Bottle Blow Molding Machine - Focus on pack\" \/>\n<meta property=\"og:description\" content=\"PET Bottle Blow Molding Machin&hellip;\" \/>\n<meta property=\"og:url\" content=\"https:\/\/focusonpack.com\/fr\/machine-de-moulage-par-soufflage-de-bouteilles-en-pet\/\" \/>\n<meta property=\"og:site_name\" content=\"Focus on pack\" \/>\n<meta property=\"article:modified_time\" content=\"2025-03-21T07:29:56+00:00\" \/>\n<meta property=\"og:image\" content=\"https:\/\/focusonpack.com\/wp-content\/uploads\/2025\/03\/Semi-Automatic-PET-Bottle-Blowing-Machine.png\" \/>\n<meta name=\"twitter:card\" content=\"summary_large_image\" \/>\n<meta name=\"twitter:label1\" content=\"Dur\u00e9e de lecture estim\u00e9e\" \/>\n\t<meta name=\"twitter:data1\" content=\"1 minute\" \/>\n<script type=\"application\/ld+json\" class=\"yoast-schema-graph\">{\"@context\":\"https:\/\/schema.org\",\"@graph\":[{\"@type\":\"WebPage\",\"@id\":\"https:\/\/focusonpack.com\/pet-bottle-blow-molding-machine\/\",\"url\":\"https:\/\/focusonpack.com\/pet-bottle-blow-molding-machine\/\",\"name\":\"PET Bottle Blow Molding Machine - Focus on pack\",\"isPartOf\":{\"@id\":\"https:\/\/focusonpack.com\/#website\"},\"primaryImageOfPage\":{\"@id\":\"https:\/\/focusonpack.com\/pet-bottle-blow-molding-machine\/#primaryimage\"},\"image\":{\"@id\":\"https:\/\/focusonpack.com\/pet-bottle-blow-molding-machine\/#primaryimage\"},\"thumbnailUrl\":\"https:\/\/focusonpack.com\/wp-content\/uploads\/2025\/03\/Semi-Automatic-PET-Bottle-Blowing-Machine.png\",\"datePublished\":\"2020-05-07T07:52:45+00:00\",\"dateModified\":\"2025-03-21T07:29:56+00:00\",\"breadcrumb\":{\"@id\":\"https:\/\/focusonpack.com\/pet-bottle-blow-molding-machine\/#breadcrumb\"},\"inLanguage\":\"fr-FR\",\"potentialAction\":[{\"@type\":\"ReadAction\",\"target\":[\"https:\/\/focusonpack.com\/pet-bottle-blow-molding-machine\/\"]}]},{\"@type\":\"ImageObject\",\"inLanguage\":\"fr-FR\",\"@id\":\"https:\/\/focusonpack.com\/pet-bottle-blow-molding-machine\/#primaryimage\",\"url\":\"https:\/\/focusonpack.com\/wp-content\/uploads\/2025\/03\/Semi-Automatic-PET-Bottle-Blowing-Machine.png\",\"contentUrl\":\"https:\/\/focusonpack.com\/wp-content\/uploads\/2025\/03\/Semi-Automatic-PET-Bottle-Blowing-Machine.png\"},{\"@type\":\"BreadcrumbList\",\"@id\":\"https:\/\/focusonpack.com\/pet-bottle-blow-molding-machine\/#breadcrumb\",\"itemListElement\":[{\"@type\":\"ListItem\",\"position\":1,\"name\":\"\u9996\u9875\",\"item\":\"https:\/\/focusonpack.com\/\"},{\"@type\":\"ListItem\",\"position\":2,\"name\":\"PET Bottle Blow Molding Machine\"}]},{\"@type\":\"WebSite\",\"@id\":\"https:\/\/focusonpack.com\/#website\",\"url\":\"https:\/\/focusonpack.com\/\",\"name\":\"Focus on pack\",\"description\":\"\",\"potentialAction\":[{\"@type\":\"SearchAction\",\"target\":{\"@type\":\"EntryPoint\",\"urlTemplate\":\"https:\/\/focusonpack.com\/?s={search_term_string}\"},\"query-input\":{\"@type\":\"PropertyValueSpecification\",\"valueRequired\":true,\"valueName\":\"search_term_string\"}}],\"inLanguage\":\"fr-FR\"}]}<\/script>\n<!-- \/ Yoast SEO plugin. -->","yoast_head_json":{"title":"PET Bottle Blow Molding Machine - Focus on pack","robots":{"index":"index","follow":"follow","max-snippet":"max-snippet:-1","max-image-preview":"max-image-preview:large","max-video-preview":"max-video-preview:-1"},"canonical":"https:\/\/focusonpack.com\/fr\/machine-de-moulage-par-soufflage-de-bouteilles-en-pet\/","og_locale":"fr_FR","og_type":"article","og_title":"PET Bottle Blow Molding Machine - Focus on pack","og_description":"PET Bottle Blow Molding Machin&hellip;","og_url":"https:\/\/focusonpack.com\/fr\/machine-de-moulage-par-soufflage-de-bouteilles-en-pet\/","og_site_name":"Focus on pack","article_modified_time":"2025-03-21T07:29:56+00:00","og_image":[{"url":"https:\/\/focusonpack.com\/wp-content\/uploads\/2025\/03\/Semi-Automatic-PET-Bottle-Blowing-Machine.png","type":"","width":"","height":""}],"twitter_card":"summary_large_image","twitter_misc":{"Dur\u00e9e de lecture estim\u00e9e":"1 minute"},"schema":{"@context":"https:\/\/schema.org","@graph":[{"@type":"WebPage","@id":"https:\/\/focusonpack.com\/pet-bottle-blow-molding-machine\/","url":"https:\/\/focusonpack.com\/pet-bottle-blow-molding-machine\/","name":"PET Bottle Blow Molding Machine - Focus on pack","isPartOf":{"@id":"https:\/\/focusonpack.com\/#website"},"primaryImageOfPage":{"@id":"https:\/\/focusonpack.com\/pet-bottle-blow-molding-machine\/#primaryimage"},"image":{"@id":"https:\/\/focusonpack.com\/pet-bottle-blow-molding-machine\/#primaryimage"},"thumbnailUrl":"https:\/\/focusonpack.com\/wp-content\/uploads\/2025\/03\/Semi-Automatic-PET-Bottle-Blowing-Machine.png","datePublished":"2020-05-07T07:52:45+00:00","dateModified":"2025-03-21T07:29:56+00:00","breadcrumb":{"@id":"https:\/\/focusonpack.com\/pet-bottle-blow-molding-machine\/#breadcrumb"},"inLanguage":"fr-FR","potentialAction":[{"@type":"ReadAction","target":["https:\/\/focusonpack.com\/pet-bottle-blow-molding-machine\/"]}]},{"@type":"ImageObject","inLanguage":"fr-FR","@id":"https:\/\/focusonpack.com\/pet-bottle-blow-molding-machine\/#primaryimage","url":"https:\/\/focusonpack.com\/wp-content\/uploads\/2025\/03\/Semi-Automatic-PET-Bottle-Blowing-Machine.png","contentUrl":"https:\/\/focusonpack.com\/wp-content\/uploads\/2025\/03\/Semi-Automatic-PET-Bottle-Blowing-Machine.png"},{"@type":"BreadcrumbList","@id":"https:\/\/focusonpack.com\/pet-bottle-blow-molding-machine\/#breadcrumb","itemListElement":[{"@type":"ListItem","position":1,"name":"\u9996\u9875","item":"https:\/\/focusonpack.com\/"},{"@type":"ListItem","position":2,"name":"PET Bottle Blow Molding Machine"}]},{"@type":"WebSite","@id":"https:\/\/focusonpack.com\/#website","url":"https:\/\/focusonpack.com\/","name":"Focus on pack","description":"","potentialAction":[{"@type":"SearchAction","target":{"@type":"EntryPoint","urlTemplate":"https:\/\/focusonpack.com\/?s={search_term_string}"},"query-input":{"@type":"PropertyValueSpecification","valueRequired":true,"valueName":"search_term_string"}}],"inLanguage":"fr-FR"}]}},"_links":{"self":[{"href":"https:\/\/focusonpack.com\/fr\/wp-json\/wp\/v2\/pages\/2369","targetHints":{"allow":["GET"]}}],"collection":[{"href":"https:\/\/focusonpack.com\/fr\/wp-json\/wp\/v2\/pages"}],"about":[{"href":"https:\/\/focusonpack.com\/fr\/wp-json\/wp\/v2\/types\/page"}],"author":[{"embeddable":true,"href":"https:\/\/focusonpack.com\/fr\/wp-json\/wp\/v2\/users\/1"}],"replies":[{"embeddable":true,"href":"https:\/\/focusonpack.com\/fr\/wp-json\/wp\/v2\/comments?post=2369"}],"version-history":[{"count":11,"href":"https:\/\/focusonpack.com\/fr\/wp-json\/wp\/v2\/pages\/2369\/revisions"}],"predecessor-version":[{"id":4533,"href":"https:\/\/focusonpack.com\/fr\/wp-json\/wp\/v2\/pages\/2369\/revisions\/4533"}],"wp:attachment":[{"href":"https:\/\/focusonpack.com\/fr\/wp-json\/wp\/v2\/media?parent=2369"}],"curies":[{"name":"wp","href":"https:\/\/api.w.org\/{rel}","templated":true}]}}