{"id":2393,"date":"2020-05-07T16:21:45","date_gmt":"2020-05-07T08:21:45","guid":{"rendered":"https:\/\/focusonpack.com\/?page_id=2393"},"modified":"2023-08-15T14:46:48","modified_gmt":"2023-08-15T06:46:48","slug":"about-us-2","status":"publish","type":"page","link":"https:\/\/focusonpack.com\/fr\/a-propos-de-nous-2\/","title":{"rendered":"A propos de nous"},"content":{"rendered":"<div data-elementor-type=\"wp-page\" data-elementor-id=\"2393\" class=\"elementor elementor-2393\" data-elementor-settings=\"[]\">\n\t\t\t<div class=\"elementor-inner\">\n\t\t\t\t<div class=\"elementor-section-wrap\">\n\t\t\t\t\t\t\t<section class=\"elementor-element elementor-element-01f1a6a elementor-section-boxed elementor-section-height-default elementor-section-height-default elementor-section elementor-top-section\" data-id=\"01f1a6a\" data-element_type=\"section\">\n\t\t\t\t\t\t<div class=\"elementor-container elementor-column-gap-default\">\n\t\t\t\t<div class=\"elementor-row\">\n\t\t\t\t<div class=\"elementor-element elementor-element-c1fdfda elementor-column elementor-col-100 elementor-top-column\" data-id=\"c1fdfda\" data-element_type=\"column\">\n\t\t\t<div class=\"elementor-column-wrap  elementor-element-populated\">\n\t\t\t\t\t<div class=\"elementor-widget-wrap\">\n\t\t\t\t<div class=\"elementor-element elementor-element-c081f60 elementor-widget elementor-widget-heading\" data-id=\"c081f60\" data-element_type=\"widget\" data-widget_type=\"heading.default\">\n\t\t\t\t<div class=\"elementor-widget-container\">\n\t\t\t<h4 class=\"elementor-heading-title elementor-size-default\">Un leader dans le d\u00e9veloppement et la fabrication de solutions compl\u00e8tes de remplissage et d'emballage cl\u00e9s en main<\/h4>\t\t<\/div>\n\t\t\t\t<\/div>\n\t\t\t\t<div class=\"elementor-element elementor-element-a4e33b5 elementor-widget elementor-widget-text-editor\" data-id=\"a4e33b5\" data-element_type=\"widget\" data-widget_type=\"text-editor.default\">\n\t\t\t\t<div class=\"elementor-widget-container\">\n\t\t\t\t\t<div class=\"elementor-text-editor elementor-clearfix\"><p>Wenzhou Bowei Import and Export Co. est l'un des plus grands fabricants de machines de remplissage et d'emballage en Chine. C'est un d\u00e9veloppeur et un fabricant de premier plan de solutions compl\u00e8tes d'emballage de produits liquides et secs, cl\u00e9s en main, pour la conception, la fabrication, l'installation et la formation. L'entreprise est l'un des principaux d\u00e9veloppeurs et fabricants de solutions compl\u00e8tes d'emballage de produits liquides et secs, cl\u00e9s en main, en mati\u00e8re de conception, de fabrication, d'installation et de formation. Une \u00e9quipe d'ing\u00e9nieurs professionnels con\u00e7oit et fabrique des machines en fonction des caract\u00e9ristiques sp\u00e9cifiques de votre produit, de votre budget et d'autres facteurs. Toutes les machines sont fabriqu\u00e9es dans une installation certifi\u00e9e ISO ou CE. Toutes les machines sont fabriqu\u00e9es dans une usine certifi\u00e9e ISO ou CE afin de garantir le respect des normes les plus strictes de l'industrie.<\/p><\/div>\n\t\t\t\t<\/div>\n\t\t\t\t<\/div>\n\t\t\t\t<div class=\"elementor-element elementor-element-1f8cf80 elementor-widget elementor-widget-text-editor\" data-id=\"1f8cf80\" data-element_type=\"widget\" data-widget_type=\"text-editor.default\">\n\t\t\t\t<div class=\"elementor-widget-container\">\n\t\t\t\t\t<div class=\"elementor-text-editor elementor-clearfix\"><p>Nous offrons une vari\u00e9t\u00e9 de machines de remplissage, y compris des machines de bouchage \u00e0 rin\u00e7age monobloc, des machines de remplissage \u00e0 piston, des machines de remplissage humide \u00e0 filet, des machines de remplissage corrosif, des machines de remplissage par gravit\u00e9, des machines de bouchage monobloc, des machines de bouchage, y compris des machines de bouchage semi-automatiques. machines de remplissage corrosif, machines de remplissage par gravit\u00e9, machines de bouchage monobloc, machines de bouchage, y compris machines de bouchage semi-automatiques, machines de bouchage automatiques \u00e0 broche en ligne et machines de bouchage rotatives, machines d'\u00e9tiquetage, y compris machines de bouchage, machines de bouchage automatiques \u00e0 broche en ligne et machines de bouchage rotatives. les machines \u00e0 boucher, les machines \u00e0 boucher automatiques \u00e0 broche en ligne et les machines \u00e0 boucher rotatives, les machines \u00e0 \u00e9tiqueter, y compris les machines \u00e0 \u00e9tiqueter les manchons thermor\u00e9tractables et les machines \u00e0 \u00e9tiqueter autocollantes d'\u00e9tiquetage auto-adh\u00e9sives, machines de moulage par soufflage de PET, machines d'emballage sous film r\u00e9tractable, syst\u00e8mes de traitement de l'eau et d'osmose inverse.<\/p><\/div>\n\t\t\t\t<\/div>\n\t\t\t\t<\/div>\n\t\t\t\t\t\t<\/div>\n\t\t\t<\/div>\n\t\t<\/div>\n\t\t\t\t\t\t<\/div>\n\t\t\t<\/div>\n\t\t<\/section>\n\t\t\t\t<section class=\"elementor-element elementor-element-ea8e549 elementor-section-boxed elementor-section-height-default elementor-section-height-default elementor-section elementor-top-section\" data-id=\"ea8e549\" data-element_type=\"section\">\n\t\t\t\t\t\t<div class=\"elementor-container elementor-column-gap-default\">\n\t\t\t\t<div class=\"elementor-row\">\n\t\t\t\t<div class=\"elementor-element elementor-element-742b4a0 elementor-column elementor-col-100 elementor-top-column\" data-id=\"742b4a0\" data-element_type=\"column\">\n\t\t\t<div class=\"elementor-column-wrap  elementor-element-populated\">\n\t\t\t\t\t<div class=\"elementor-widget-wrap\">\n\t\t\t\t<div class=\"elementor-element elementor-element-0bad332 elementor-widget elementor-widget-heading\" data-id=\"0bad332\" data-element_type=\"widget\" data-widget_type=\"heading.default\">\n\t\t\t\t<div class=\"elementor-widget-container\">\n\t\t\t<h4 class=\"elementor-heading-title elementor-size-default\">Nous fournissons des \u00e9quipements de remplissage et d'emballage en conception, fabrication, installation et formation.<\/h4>\t\t<\/div>\n\t\t\t\t<\/div>\n\t\t\t\t<div class=\"elementor-element elementor-element-74198e1 elementor-widget elementor-widget-text-editor\" data-id=\"74198e1\" data-element_type=\"widget\" data-widget_type=\"text-editor.default\">\n\t\t\t\t<div class=\"elementor-widget-container\">\n\t\t\t\t\t<div class=\"elementor-text-editor elementor-clearfix\"><p>Nous vous fournissons des \u00e9quipements de remplissage et d'emballage pr\u00e9cis, fiables et performants pour atteindre vos objectifs. Les machines de remplissage assurent un dosage pr\u00e9cis de liquides fluides \u00e0 liquides \u00e0 haute viscosit\u00e9 dans diff\u00e9rents types de r\u00e9cipients, les machines de bouchage placent et serrent les bouchons sur diff\u00e9rents r\u00e9cipients, les machines d'\u00e9tiquetage par manchon r\u00e9tractable appliquent et r\u00e9tractent les \u00e9tiquettes sur les r\u00e9cipients pour d\u00e9corer vos r\u00e9cipients. Les machines \u00e0 boucher placent et serrent les bouchons sur diff\u00e9rents conteneurs, Les machines \u00e0 \u00e9tiqueter les manchons thermor\u00e9tractables appliquent et r\u00e9tractent les \u00e9tiquettes sur les conteneurs pour d\u00e9corer vos produits, Les \u00e9tiqueteuses d'autocollants placent et fixent les \u00e9tiquettes sur vos conteneurs. Les machines d'\u00e9tiquetage par manchon r\u00e9tractable appliquent et r\u00e9tractent les \u00e9tiquettes sur les conteneurs de mani\u00e8re \u00e9tanche afin de d\u00e9corer vos produits.<\/p><\/div>\n\t\t\t\t<\/div>\n\t\t\t\t<\/div>\n\t\t\t\t<div class=\"elementor-element elementor-element-acf6e7a elementor-widget elementor-widget-text-editor\" data-id=\"acf6e7a\" data-element_type=\"widget\" data-widget_type=\"text-editor.default\">\n\t\t\t\t<div class=\"elementor-widget-container\">\n\t\t\t\t\t<div class=\"elementor-text-editor elementor-clearfix\"><p>La ligne de remplissage et d'emballage de liquides comprend des remplisseuses, des boucheuses, des \u00e9tiqueteuses, des codeurs \u00e0 jet d'encre, des machines d'emballage sous film r\u00e9tractable, des d\u00e9m\u00ealeurs de bouteilles, des machines de traitement de l'eau et d'osmose inverse, des machines de moulage par soufflage de PET. Une grande vari\u00e9t\u00e9 de machines de remplissage est disponible pour votre option. qui peuvent remplir des liquides fins ou \u00e9pais dans des r\u00e9cipients en plastique ou en verre, \u00e0 faible vitesse et avec un budget r\u00e9duit pour les entreprises en phase de d\u00e9marrage ou \u00e0 moyenne et haute vitesse qui veulent se d\u00e9velopper. Nous avons des machines de lavage, de remplissage et de bouchage monoblocs pour les boissons, des machines de remplissage \u00e0 piston pour les liquides \u00e9pais, des machines de remplissage par gravit\u00e9 pour les liquides fins, des machines de remplissage \u00e0 poids net et d'autres machines de remplissage. Nous disposons de machines de remplissage monobloc pour liquides \u00e9pais, de machines de remplissage par gravit\u00e9 pour liquides minces, de machines de remplissage \u00e0 poids net pour liquides de moyenne et haute valeur manufactur\u00e9e, de machines de remplissage pour liquides corrosifs ; Boucheuses pour capsules \u00e0 vis, R Boucheuses pour bouchons \u00e0 vis, bouchons ROPP, bouchons couronnes, bouchons \u00e0 pression, bouchons \u00e0 pompe, etc.  Machines de moulage par soufflage de PET, y compris machine de soufflage de PET semi-automatique pour les entreprises d\u00e9butantes, machines de moulage par soufflage de PET automatiques pour la production \u00e0 moyenne et haute vitesse ; Machines d'emballage sous film r\u00e9tractable, y compris machine d'emballage sous film r\u00e9tractable semi-automatique pour les petites entreprises, type L Les machines d'emballage sous film r\u00e9tractable, y compris les fardeleuses semi-automatiques pour les petites entreprises, les fardeleuses en L pour les entreprises de taille moyenne et les fardeleuses en ligne pour les grandes cadences ; Les syst\u00e8mes de traitement de l'eau et d'osmose inverse traitent l'eau brute pour la rendre potable, alimentaire, pharmaceutique, etc. pour la boisson, l'alimentation, les produits pharmaceutiques, les cosm\u00e9tiques, etc.<\/p><\/div>\n\t\t\t\t<\/div>\n\t\t\t\t<\/div>\n\t\t\t\t\t\t<\/div>\n\t\t\t<\/div>\n\t\t<\/div>\n\t\t\t\t\t\t<\/div>\n\t\t\t<\/div>\n\t\t<\/section>\n\t\t\t\t<section class=\"elementor-element elementor-element-6099887 elementor-section-boxed elementor-section-height-default elementor-section-height-default elementor-section elementor-top-section\" data-id=\"6099887\" data-element_type=\"section\">\n\t\t\t\t\t\t<div class=\"elementor-container elementor-column-gap-default\">\n\t\t\t\t<div class=\"elementor-row\">\n\t\t\t\t<div class=\"elementor-element elementor-element-72d53ed elementor-column elementor-col-100 elementor-top-column\" data-id=\"72d53ed\" data-element_type=\"column\">\n\t\t\t<div class=\"elementor-column-wrap  elementor-element-populated\">\n\t\t\t\t\t<div class=\"elementor-widget-wrap\">\n\t\t\t\t<div class=\"elementor-element elementor-element-0321562 elementor-widget elementor-widget-heading\" data-id=\"0321562\" data-element_type=\"widget\" data-widget_type=\"heading.default\">\n\t\t\t\t<div class=\"elementor-widget-container\">\n\t\t\t<h4 class=\"elementor-heading-title elementor-size-default\">Nos machines de remplissage et d'emballage sont largement utilis\u00e9es dans les industries suivantes<\/h4>\t\t<\/div>\n\t\t\t\t<\/div>\n\t\t\t\t<div class=\"elementor-element elementor-element-31dcf88 elementor-widget elementor-widget-text-editor\" data-id=\"31dcf88\" data-element_type=\"widget\" data-widget_type=\"text-editor.default\">\n\t\t\t\t<div class=\"elementor-widget-container\">\n\t\t\t\t\t<div class=\"elementor-text-editor elementor-clearfix\"><p>Nos machines de remplissage et d'emballage sont largement utilis\u00e9es dans les boissons, les produits alimentaires, les produits m\u00e9nagers, les produits de soins personnels, les produits pharmaceutiques et biom\u00e9dicaux, les produits chimiques, etc. Le choix d'un \u00e9quipement ad\u00e9quat est un d\u00e9fi majeur pour les entreprises en phase de d\u00e9marrage ou pour certains clients qui souhaitent d\u00e9velopper leur activit\u00e9. Nos machines de remplissage et d'emballage sont largement utilis\u00e9es dans les boissons, les aliments, les produits m\u00e9nagers, les produits de soins personnels, les produits pharmaceutiques et biom\u00e9dicaux, les produits chimiques, etc. Le choix d'un \u00e9quipement ad\u00e9quat est un grand d\u00e9fi pour les entreprises en phase de d\u00e9marrage ou pour certains clients qui souhaitent d\u00e9velopper leur activit\u00e9. Cela d\u00e9pend de nombreux facteurs, notamment des caract\u00e9ristiques du liquide, de la forme et de la taille du r\u00e9cipient, de la g\u00e9om\u00e9trie et de la taille du bouchon, de la vitesse, etc. Les machines de remplissage et de bouchage \u00e0 rin\u00e7age monobloc sont con\u00e7ues pour l'eau, les boissons gazeuses, les jus, les boissons, le th\u00e9, le lait et le yaourt. La machine de remplissage par gravit\u00e9 est adapt\u00e9e aux liquides fins et fluides, la machine de remplissage \u00e0 piston convient mieux aux liquides \u00e9pais et n'est pas con\u00e7ue pour \u00eatre utilis\u00e9e avec de l'eau. La machine de remplissage \u00e0 piston est la meilleure pour les liquides \u00e9pais avec ou sans particules, la machine de remplissage \u00e0 poids net est con\u00e7ue pour les liquides \u00e0 valve de fabrication moyenne et \u00e9lev\u00e9e, les liquides corrosifs et les liquides \u00e0 valve de fabrication moyenne et \u00e9lev\u00e9e. La remplisseuse de liquides corrosifs est sp\u00e9cialement con\u00e7ue pour remplir des liquides corrosifs. La remplisseuse de bouchons monoblocs est la solution id\u00e9ale pour le remplissage de liquides corrosifs. Vous pouvez cliquer sur le lien qui d\u00e9crit le mieux votre secteur d'activit\u00e9.<\/p><\/div>\n\t\t\t\t<\/div>\n\t\t\t\t<\/div>\n\t\t\t\t\t\t<\/div>\n\t\t\t<\/div>\n\t\t<\/div>\n\t\t\t\t\t\t<\/div>\n\t\t\t<\/div>\n\t\t<\/section>\n\t\t\t\t<section class=\"elementor-element elementor-element-b2f96a6 elementor-section-boxed elementor-section-height-default elementor-section-height-default elementor-section elementor-top-section\" data-id=\"b2f96a6\" data-element_type=\"section\">\n\t\t\t\t\t\t<div class=\"elementor-container elementor-column-gap-default\">\n\t\t\t\t<div class=\"elementor-row\">\n\t\t\t\t<div class=\"elementor-element elementor-element-e770ced elementor-column elementor-col-100 elementor-top-column\" data-id=\"e770ced\" data-element_type=\"column\">\n\t\t\t<div class=\"elementor-column-wrap  elementor-element-populated\">\n\t\t\t\t\t<div class=\"elementor-widget-wrap\">\n\t\t\t\t<div class=\"elementor-element elementor-element-13c8cc8 elementor-widget elementor-widget-heading\" data-id=\"13c8cc8\" data-element_type=\"widget\" data-widget_type=\"heading.default\">\n\t\t\t\t<div class=\"elementor-widget-container\">\n\t\t\t<h4 class=\"elementor-heading-title elementor-size-default\">Notre objectif<\/h4>\t\t<\/div>\n\t\t\t\t<\/div>\n\t\t\t\t<div class=\"elementor-element elementor-element-0a452ff elementor-widget elementor-widget-text-editor\" data-id=\"0a452ff\" data-element_type=\"widget\" data-widget_type=\"text-editor.default\">\n\t\t\t\t<div class=\"elementor-widget-container\">\n\t\t\t\t\t<div class=\"elementor-text-editor elementor-clearfix\"><p>Nous sommes l\u00e0 pour vous aider \u00e0 acqu\u00e9rir des machines d'emballage de qualit\u00e9. Nous nous engageons \u00e0 vous fournir une assistance avant, pendant et apr\u00e8s la vente, et nous pensons que toutes les questions et pr\u00e9occupations m\u00e9ritent une r\u00e9ponse rapide. Nous nous engageons \u00e0 vous fournir une assistance avant, pendant et apr\u00e8s la vente, et nous estimons que toutes les questions et pr\u00e9occupations m\u00e9ritent une r\u00e9ponse rapide. Notre objectif est de vous aider \u00e0 acheter les meilleures machines, au meilleur prix et dans les meilleurs d\u00e9lais. Nous pensons que pour r\u00e9ussir, il faut \u00eatre capable de commercialiser honn\u00eatement son mat\u00e9riel. Nous aimerions grandir et nous d\u00e9velopper avec nos clients, qu'il s'agisse d'une jeune entreprise ou d'une grande soci\u00e9t\u00e9, toujours avec vous.<\/p><\/div>\n\t\t\t\t<\/div>\n\t\t\t\t<\/div>\n\t\t\t\t\t\t<\/div>\n\t\t\t<\/div>\n\t\t<\/div>\n\t\t\t\t\t\t<\/div>\n\t\t\t<\/div>\n\t\t<\/section>\n\t\t\t\t<section class=\"elementor-element elementor-element-e24fa99 elementor-section-full_width elementor-section-height-default elementor-section-height-default elementor-section elementor-top-section\" data-id=\"e24fa99\" data-element_type=\"section\">\n\t\t\t\t\t\t<div class=\"elementor-container elementor-column-gap-default\">\n\t\t\t\t<div class=\"elementor-row\">\n\t\t\t\t<div class=\"elementor-element elementor-element-d87290a elementor-column elementor-col-100 elementor-top-column\" data-id=\"d87290a\" data-element_type=\"column\">\n\t\t\t<div class=\"elementor-column-wrap  elementor-element-populated\">\n\t\t\t\t\t<div class=\"elementor-widget-wrap\">\n\t\t\t\t<div class=\"elementor-element elementor-element-7ebbec8 elementor-widget elementor-widget-image\" data-id=\"7ebbec8\" data-element_type=\"widget\" data-widget_type=\"image.default\">\n\t\t\t\t<div class=\"elementor-widget-container\">\n\t\t\t\t\t<div class=\"elementor-image\">\n\t\t\t\t\t\t\t\t\t\t<img loading=\"lazy\" decoding=\"async\" width=\"2560\" height=\"983\" src=\"https:\/\/focusonpack.com\/wp-content\/uploads\/2023\/08\/about-scaled.jpg\" class=\"attachment-full size-full\" alt=\"\" srcset=\"https:\/\/focusonpack.com\/wp-content\/uploads\/2023\/08\/about-scaled.jpg 2560w, https:\/\/focusonpack.com\/wp-content\/uploads\/2023\/08\/about-300x115.jpg 300w, https:\/\/focusonpack.com\/wp-content\/uploads\/2023\/08\/about-1024x393.jpg 1024w, https:\/\/focusonpack.com\/wp-content\/uploads\/2023\/08\/about-768x295.jpg 768w, https:\/\/focusonpack.com\/wp-content\/uploads\/2023\/08\/about-1536x590.jpg 1536w, https:\/\/focusonpack.com\/wp-content\/uploads\/2023\/08\/about-2048x786.jpg 2048w, https:\/\/focusonpack.com\/wp-content\/uploads\/2023\/08\/about-600x230.jpg 600w\" sizes=\"auto, (max-width: 2560px) 100vw, 2560px\" \/>\t\t\t\t\t\t\t\t\t\t\t<\/div>\n\t\t\t\t<\/div>\n\t\t\t\t<\/div>\n\t\t\t\t\t\t<\/div>\n\t\t\t<\/div>\n\t\t<\/div>\n\t\t\t\t\t\t<\/div>\n\t\t\t<\/div>\n\t\t<\/section>\n\t\t\t\t\t\t<\/div>\n\t\t\t<\/div>\n\t\t<\/div>","protected":false},"excerpt":{"rendered":"<p>A leading developer and manufa&hellip;<\/p>","protected":false},"author":1,"featured_media":0,"parent":0,"menu_order":0,"comment_status":"closed","ping_status":"closed","template":"elementor_header_footer","meta":{"footnotes":""},"class_list":["post-2393","page","type-page","status-publish","hentry","no-thumb"],"yoast_head":"<!-- This site is optimized with the Yoast SEO plugin v24.8.1 - https:\/\/yoast.com\/wordpress\/plugins\/seo\/ -->\n<title>About Us - Focus on pack<\/title>\n<meta name=\"robots\" content=\"index, follow, max-snippet:-1, max-image-preview:large, max-video-preview:-1\" \/>\n<link rel=\"canonical\" href=\"https:\/\/focusonpack.com\/fr\/a-propos-de-nous-2\/\" \/>\n<meta property=\"og:locale\" content=\"fr_FR\" \/>\n<meta property=\"og:type\" content=\"article\" \/>\n<meta property=\"og:title\" content=\"About Us - Focus on pack\" \/>\n<meta property=\"og:description\" content=\"A leading developer and manufa&hellip;\" \/>\n<meta property=\"og:url\" content=\"https:\/\/focusonpack.com\/fr\/a-propos-de-nous-2\/\" \/>\n<meta property=\"og:site_name\" content=\"Focus on pack\" \/>\n<meta property=\"article:modified_time\" content=\"2023-08-15T06:46:48+00:00\" \/>\n<meta property=\"og:image\" content=\"https:\/\/focusonpack.com\/wp-content\/uploads\/2023\/08\/about-scaled.jpg\" \/>\n<meta name=\"twitter:card\" content=\"summary_large_image\" \/>\n<meta name=\"twitter:label1\" content=\"Dur\u00e9e de lecture estim\u00e9e\" \/>\n\t<meta name=\"twitter:data1\" content=\"4 minutes\" \/>\n<script type=\"application\/ld+json\" class=\"yoast-schema-graph\">{\"@context\":\"https:\/\/schema.org\",\"@graph\":[{\"@type\":\"WebPage\",\"@id\":\"https:\/\/focusonpack.com\/about-us-2\/\",\"url\":\"https:\/\/focusonpack.com\/about-us-2\/\",\"name\":\"About Us - Focus on pack\",\"isPartOf\":{\"@id\":\"https:\/\/focusonpack.com\/#website\"},\"primaryImageOfPage\":{\"@id\":\"https:\/\/focusonpack.com\/about-us-2\/#primaryimage\"},\"image\":{\"@id\":\"https:\/\/focusonpack.com\/about-us-2\/#primaryimage\"},\"thumbnailUrl\":\"https:\/\/focusonpack.com\/wp-content\/uploads\/2023\/08\/about-scaled.jpg\",\"datePublished\":\"2020-05-07T08:21:45+00:00\",\"dateModified\":\"2023-08-15T06:46:48+00:00\",\"breadcrumb\":{\"@id\":\"https:\/\/focusonpack.com\/about-us-2\/#breadcrumb\"},\"inLanguage\":\"fr-FR\",\"potentialAction\":[{\"@type\":\"ReadAction\",\"target\":[\"https:\/\/focusonpack.com\/about-us-2\/\"]}]},{\"@type\":\"ImageObject\",\"inLanguage\":\"fr-FR\",\"@id\":\"https:\/\/focusonpack.com\/about-us-2\/#primaryimage\",\"url\":\"https:\/\/focusonpack.com\/wp-content\/uploads\/2023\/08\/about-scaled.jpg\",\"contentUrl\":\"https:\/\/focusonpack.com\/wp-content\/uploads\/2023\/08\/about-scaled.jpg\"},{\"@type\":\"BreadcrumbList\",\"@id\":\"https:\/\/focusonpack.com\/about-us-2\/#breadcrumb\",\"itemListElement\":[{\"@type\":\"ListItem\",\"position\":1,\"name\":\"\u9996\u9875\",\"item\":\"https:\/\/focusonpack.com\/\"},{\"@type\":\"ListItem\",\"position\":2,\"name\":\"About Us\"}]},{\"@type\":\"WebSite\",\"@id\":\"https:\/\/focusonpack.com\/#website\",\"url\":\"https:\/\/focusonpack.com\/\",\"name\":\"Focus on pack\",\"description\":\"\",\"potentialAction\":[{\"@type\":\"SearchAction\",\"target\":{\"@type\":\"EntryPoint\",\"urlTemplate\":\"https:\/\/focusonpack.com\/?s={search_term_string}\"},\"query-input\":{\"@type\":\"PropertyValueSpecification\",\"valueRequired\":true,\"valueName\":\"search_term_string\"}}],\"inLanguage\":\"fr-FR\"}]}<\/script>\n<!-- \/ Yoast SEO plugin. -->","yoast_head_json":{"title":"About Us - Focus on pack","robots":{"index":"index","follow":"follow","max-snippet":"max-snippet:-1","max-image-preview":"max-image-preview:large","max-video-preview":"max-video-preview:-1"},"canonical":"https:\/\/focusonpack.com\/fr\/a-propos-de-nous-2\/","og_locale":"fr_FR","og_type":"article","og_title":"About Us - Focus on pack","og_description":"A leading developer and manufa&hellip;","og_url":"https:\/\/focusonpack.com\/fr\/a-propos-de-nous-2\/","og_site_name":"Focus on pack","article_modified_time":"2023-08-15T06:46:48+00:00","og_image":[{"url":"https:\/\/focusonpack.com\/wp-content\/uploads\/2023\/08\/about-scaled.jpg","type":"","width":"","height":""}],"twitter_card":"summary_large_image","twitter_misc":{"Dur\u00e9e de lecture estim\u00e9e":"4 minutes"},"schema":{"@context":"https:\/\/schema.org","@graph":[{"@type":"WebPage","@id":"https:\/\/focusonpack.com\/about-us-2\/","url":"https:\/\/focusonpack.com\/about-us-2\/","name":"About Us - Focus on pack","isPartOf":{"@id":"https:\/\/focusonpack.com\/#website"},"primaryImageOfPage":{"@id":"https:\/\/focusonpack.com\/about-us-2\/#primaryimage"},"image":{"@id":"https:\/\/focusonpack.com\/about-us-2\/#primaryimage"},"thumbnailUrl":"https:\/\/focusonpack.com\/wp-content\/uploads\/2023\/08\/about-scaled.jpg","datePublished":"2020-05-07T08:21:45+00:00","dateModified":"2023-08-15T06:46:48+00:00","breadcrumb":{"@id":"https:\/\/focusonpack.com\/about-us-2\/#breadcrumb"},"inLanguage":"fr-FR","potentialAction":[{"@type":"ReadAction","target":["https:\/\/focusonpack.com\/about-us-2\/"]}]},{"@type":"ImageObject","inLanguage":"fr-FR","@id":"https:\/\/focusonpack.com\/about-us-2\/#primaryimage","url":"https:\/\/focusonpack.com\/wp-content\/uploads\/2023\/08\/about-scaled.jpg","contentUrl":"https:\/\/focusonpack.com\/wp-content\/uploads\/2023\/08\/about-scaled.jpg"},{"@type":"BreadcrumbList","@id":"https:\/\/focusonpack.com\/about-us-2\/#breadcrumb","itemListElement":[{"@type":"ListItem","position":1,"name":"\u9996\u9875","item":"https:\/\/focusonpack.com\/"},{"@type":"ListItem","position":2,"name":"About Us"}]},{"@type":"WebSite","@id":"https:\/\/focusonpack.com\/#website","url":"https:\/\/focusonpack.com\/","name":"Focus on pack","description":"","potentialAction":[{"@type":"SearchAction","target":{"@type":"EntryPoint","urlTemplate":"https:\/\/focusonpack.com\/?s={search_term_string}"},"query-input":{"@type":"PropertyValueSpecification","valueRequired":true,"valueName":"search_term_string"}}],"inLanguage":"fr-FR"}]}},"_links":{"self":[{"href":"https:\/\/focusonpack.com\/fr\/wp-json\/wp\/v2\/pages\/2393","targetHints":{"allow":["GET"]}}],"collection":[{"href":"https:\/\/focusonpack.com\/fr\/wp-json\/wp\/v2\/pages"}],"about":[{"href":"https:\/\/focusonpack.com\/fr\/wp-json\/wp\/v2\/types\/page"}],"author":[{"embeddable":true,"href":"https:\/\/focusonpack.com\/fr\/wp-json\/wp\/v2\/users\/1"}],"replies":[{"embeddable":true,"href":"https:\/\/focusonpack.com\/fr\/wp-json\/wp\/v2\/comments?post=2393"}],"version-history":[{"count":15,"href":"https:\/\/focusonpack.com\/fr\/wp-json\/wp\/v2\/pages\/2393\/revisions"}],"predecessor-version":[{"id":4140,"href":"https:\/\/focusonpack.com\/fr\/wp-json\/wp\/v2\/pages\/2393\/revisions\/4140"}],"wp:attachment":[{"href":"https:\/\/focusonpack.com\/fr\/wp-json\/wp\/v2\/media?parent=2393"}],"curies":[{"name":"wp","href":"https:\/\/api.w.org\/{rel}","templated":true}]}}