{"id":2395,"date":"2020-05-07T16:21:48","date_gmt":"2020-05-07T08:21:48","guid":{"rendered":"https:\/\/focusonpack.com\/?page_id=2395"},"modified":"2020-05-08T16:28:38","modified_gmt":"2020-05-08T08:28:38","slug":"tech-support","status":"publish","type":"page","link":"https:\/\/focusonpack.com\/fr\/support-technique\/","title":{"rendered":"Support technique"},"content":{"rendered":"<div data-elementor-type=\"wp-page\" data-elementor-id=\"2395\" class=\"elementor elementor-2395\" data-elementor-settings=\"[]\">\n\t\t\t<div class=\"elementor-inner\">\n\t\t\t\t<div class=\"elementor-section-wrap\">\n\t\t\t\t\t\t\t<section class=\"elementor-element elementor-element-e4ee45a elementor-section-boxed elementor-section-height-default elementor-section-height-default elementor-section elementor-top-section\" data-id=\"e4ee45a\" data-element_type=\"section\">\n\t\t\t\t\t\t<div class=\"elementor-container elementor-column-gap-default\">\n\t\t\t\t<div class=\"elementor-row\">\n\t\t\t\t<div class=\"elementor-element elementor-element-b036c5f elementor-column elementor-col-100 elementor-top-column\" data-id=\"b036c5f\" data-element_type=\"column\">\n\t\t\t<div class=\"elementor-column-wrap  elementor-element-populated\">\n\t\t\t\t\t<div class=\"elementor-widget-wrap\">\n\t\t\t\t<div class=\"elementor-element elementor-element-942a5f8 elementor-widget elementor-widget-heading\" data-id=\"942a5f8\" data-element_type=\"widget\" data-widget_type=\"heading.default\">\n\t\t\t\t<div class=\"elementor-widget-container\">\n\t\t\t<h2 class=\"elementor-heading-title elementor-size-default\">Comment construire une usine d'embouteillage d'eau<\/h2>\t\t<\/div>\n\t\t\t\t<\/div>\n\t\t\t\t<div class=\"elementor-element elementor-element-2474fc0 elementor-widget elementor-widget-text-editor\" data-id=\"2474fc0\" data-element_type=\"widget\" data-widget_type=\"text-editor.default\">\n\t\t\t\t<div class=\"elementor-widget-container\">\n\t\t\t\t\t<div class=\"elementor-text-editor elementor-clearfix\"><p>L'eau douce est une ressource rare et importante pour les \u00eatres humains dans la plupart des r\u00e9gions du monde.<br>Cela peut para\u00eetre \u00e9trange, car il y a beaucoup d'eau sur terre : 71% de la terre sont de l'eau, tandis que 29% sont des terres. Presque toute l'eau de la terre, plus de 97%, est de l'eau de mer dans les oc\u00e9ans. La quasi-totalit\u00e9 de l'eau sur terre, soit plus de 97 %, est constitu\u00e9e d'eau de mer dans les oc\u00e9ans. Le reste est appel\u00e9 eau douce, parce qu'elle n'a pas une forte teneur en sel. La majeure partie de l'eau douce de la plan\u00e8te est gel\u00e9e dans les grands glaciers de l'Antarctique et du Groenland. La quasi-totalit\u00e9 de l'eau douce disponible pour l'homme est contenue soit dans le sol et les roches sous la surface, soit dans l'atmosph\u00e8re terrestre. La quasi-totalit\u00e9 de l'eau douce disponible pour l'homme est contenue soit dans le sol et la roche sous la surface, appel\u00e9e eau souterraine, soit dans les rivi\u00e8res et les lacs.<\/p><\/div>\n\t\t\t\t<\/div>\n\t\t\t\t<\/div>\n\t\t\t\t<div class=\"elementor-element elementor-element-0a44b2b elementor-widget elementor-widget-text-editor\" data-id=\"0a44b2b\" data-element_type=\"widget\" data-widget_type=\"text-editor.default\">\n\t\t\t\t<div class=\"elementor-widget-container\">\n\t\t\t\t\t<div class=\"elementor-text-editor elementor-clearfix\"><p>Avec la croissance \u00e9conomique, l'environnement se d\u00e9grade de plus en plus. La pollution de l'eau, en particulier, est tr\u00e8s grave. Il y a 20 ans, nous pouvions voir de l'eau propre dans les rivi\u00e8res qui nous entourent et voir les poissons nager dans les rivi\u00e8res, et nous pouvions entendre les grenouilles coasser dans les rizi\u00e8res pendant la nuit. Nous pouvions voir de l'eau propre dans la rivi\u00e8re qui nous entoure et voir des poissons nager dans la rivi\u00e8re 20 ans auparavant, nous pouvions entendre des grenouilles coasser dans la rizi\u00e8re la nuit. Cependant, dans la plupart des endroits, nous ne pouvons plus rien voir. Autour de nous, il y a de l'eau pollu\u00e9e et malodorante, de l'air sale et du bruit. Dans notre vie quotidienne, les gens utilisent l'eau de nombreuses fa\u00e7ons \u00e0 la maison : boire, cuisiner, se baigner, se brosser les dents, laver les v\u00eatements, faire la vaisselle. Dans notre vie quotidienne, les gens utilisent l'eau de nombreuses fa\u00e7ons \u00e0 la maison : boire, cuisiner, se baigner, se brosser les dents, laver les v\u00eatements, la vaisselle et les voitures, tirer la chasse d'eau des toilettes, arroser les jardins et les pelouses, et remplir les piscines.<\/p><\/div>\n\t\t\t\t<\/div>\n\t\t\t\t<\/div>\n\t\t\t\t<div class=\"elementor-element elementor-element-b9cc5be elementor-widget elementor-widget-text-editor\" data-id=\"b9cc5be\" data-element_type=\"widget\" data-widget_type=\"text-editor.default\">\n\t\t\t\t<div class=\"elementor-widget-container\">\n\t\t\t\t\t<div class=\"elementor-text-editor elementor-clearfix\"><p>L'eau propre et fra\u00eeche est tr\u00e8s importante pour la sant\u00e9 de notre corps. De nombreuses maladies apparaissent \u00e0 cause de l'eau pollu\u00e9e. Notre objectif est de fournir les meilleurs \u00e9quipements pour l'eau. Notre objectif est de fournir les meilleurs \u00e9quipements pour la production d'eau propre afin d'am\u00e9liorer notre qualit\u00e9 de vie et d'aider les personnes qui souhaitent cr\u00e9er leur propre entreprise dans le domaine de l'eau. Il existe de nombreux types d'eau \u00e0 boire en Europe. Il existe de nombreux types d'eau potable en plus de l'eau du robinet ou de l'eau municipale, de l'eau de source, de l'eau min\u00e9rale, de l'eau purifi\u00e9e et de l'eau distill\u00e9e. L'eau min\u00e9rale contient naturellement de nombreux min\u00e9raux dissous - fer, calcium, sulfate, potassium, etc. - et a une teneur en eau d'au moins 250 PPM (parties par partie). L'eau min\u00e9rale contient naturellement de nombreux min\u00e9raux dissous - fer, calcium, sulfate, potassium, etc. - et elle contient au moins 250 PPM (parties par million) de solides dissous totaux (TDS). Pour relativiser cette affirmation, l'eau du robinet contient g\u00e9n\u00e9ralement entre 300 et 400 PPM. Eau purifi\u00e9e - l'eau la plus pure qui soit, l'eau purifi\u00e9e fait r\u00e9f\u00e9rence \u00e0 la qualit\u00e9 de l'eau. Il existe plusieurs fa\u00e7ons d'atteindre cette qualit\u00e9, notamment la distillation, l'osmose inverse, l'\u00e9change d'ions, etc. Pour \u00eatre consid\u00e9r\u00e9e comme purifi\u00e9e, l'eau doit contenir moins de 10 PPM. Notre eau en bouteille est soumise \u00e0 un processus de purification en 10 \u00e9tapes qui \u00e9limine 99,9% des impuret\u00e9s. 99,9% des impuret\u00e9s, ce qui vous donne l'assurance de boire l'eau la plus pure possible.<\/p><\/div>\n\t\t\t\t<\/div>\n\t\t\t\t<\/div>\n\t\t\t\t<div class=\"elementor-element elementor-element-76e8360 elementor-widget elementor-widget-text-editor\" data-id=\"76e8360\" data-element_type=\"widget\" data-widget_type=\"text-editor.default\">\n\t\t\t\t<div class=\"elementor-widget-container\">\n\t\t\t\t\t<div class=\"elementor-text-editor elementor-clearfix\"><p>Pour construire une usine d'embouteillage d'eau, nous avons besoin d'un pr\u00e9traitement (filtre multim\u00e9dia, filtre \u00e0 charbon, adoucisseur et microfiltre) et d'une ultrafiltration pour l'eau de mine. Nous avons besoin d'un pr\u00e9traitement (filtre multim\u00e9dia, filtre \u00e0 charbon, adoucisseur et microfiltre) et d'une ultrafiltration pour l'eau des mines ; d'un traitement de l'eau (filtre multim\u00e9dia, filtre \u00e0 charbon, adoucisseur et microfiltre) et d'une osmose inverse pour l'eau purifi\u00e9e ; un g\u00e9n\u00e9rateur d'ozone est utilis\u00e9 pour tuer les bact\u00e9ries dans l'eau. Le g\u00e9n\u00e9rateur d'ozone est utilis\u00e9 pour tuer les bact\u00e9ries dans l'eau, la machine d'\u00e9tirage-soufflage PET pour produire des bouteilles ; la machine d'embouteillage d'eau est con\u00e7ue pour remplir l'eau dans des bouteilles en int\u00e9grant les bact\u00e9ries et les bact\u00e9ries dans l'eau. La machine d'embouteillage d'eau est con\u00e7ue pour remplir des bouteilles d'eau en int\u00e9grant le rin\u00e7age (lavage), le remplissage et le bouchage en une seule op\u00e9ration ; le codeur \u00e0 jet d'encre est utilis\u00e9 pour imprimer la date de fabrication, le num\u00e9ro de lot et la date d'expiration sur les bouteilles, les bouchons ou les \u00e9tiquettes ; la machine \u00e0 \u00e9tiqueter les manchons r\u00e9tractables est utilis\u00e9e pour appliquer et \u00e9tiqueter les manchons r\u00e9tractables. La machine \u00e0 \u00e9tiqueter les manchons r\u00e9tractables est utilis\u00e9e pour appliquer et r\u00e9tracter les \u00e9tiquettes sur les bouteilles ; la machine \u00e0 emballer sous film r\u00e9tractable regroupe et r\u00e9tr\u00e9cit l'eau embouteill\u00e9e pour le transport.<\/p><\/div>\n\t\t\t\t<\/div>\n\t\t\t\t<\/div>\n\t\t\t\t\t\t<\/div>\n\t\t\t<\/div>\n\t\t<\/div>\n\t\t\t\t\t\t<\/div>\n\t\t\t<\/div>\n\t\t<\/section>\n\t\t\t\t\t\t<\/div>\n\t\t\t<\/div>\n\t\t<\/div>","protected":false},"excerpt":{"rendered":"<p>How to build a water bottling &hellip;<\/p>","protected":false},"author":1,"featured_media":0,"parent":0,"menu_order":0,"comment_status":"closed","ping_status":"closed","template":"elementor_header_footer","meta":{"footnotes":""},"class_list":["post-2395","page","type-page","status-publish","hentry","no-thumb"],"yoast_head":"<!-- This site is optimized with the Yoast SEO plugin v24.8.1 - https:\/\/yoast.com\/wordpress\/plugins\/seo\/ -->\n<title>Tech Support - Focus on pack<\/title>\n<meta name=\"robots\" content=\"index, follow, max-snippet:-1, max-image-preview:large, max-video-preview:-1\" \/>\n<link rel=\"canonical\" href=\"https:\/\/focusonpack.com\/fr\/support-technique\/\" \/>\n<meta property=\"og:locale\" content=\"fr_FR\" \/>\n<meta property=\"og:type\" content=\"article\" \/>\n<meta property=\"og:title\" content=\"Tech Support - Focus on pack\" \/>\n<meta property=\"og:description\" content=\"How to build a water bottling &hellip;\" \/>\n<meta property=\"og:url\" content=\"https:\/\/focusonpack.com\/fr\/support-technique\/\" \/>\n<meta property=\"og:site_name\" content=\"Focus on pack\" \/>\n<meta property=\"article:modified_time\" content=\"2020-05-08T08:28:38+00:00\" \/>\n<meta name=\"twitter:card\" content=\"summary_large_image\" \/>\n<meta name=\"twitter:label1\" content=\"Dur\u00e9e de lecture estim\u00e9e\" \/>\n\t<meta name=\"twitter:data1\" content=\"3 minutes\" \/>\n<script type=\"application\/ld+json\" class=\"yoast-schema-graph\">{\"@context\":\"https:\/\/schema.org\",\"@graph\":[{\"@type\":\"WebPage\",\"@id\":\"https:\/\/focusonpack.com\/tech-support\/\",\"url\":\"https:\/\/focusonpack.com\/tech-support\/\",\"name\":\"Tech Support - Focus on pack\",\"isPartOf\":{\"@id\":\"https:\/\/focusonpack.com\/#website\"},\"datePublished\":\"2020-05-07T08:21:48+00:00\",\"dateModified\":\"2020-05-08T08:28:38+00:00\",\"breadcrumb\":{\"@id\":\"https:\/\/focusonpack.com\/tech-support\/#breadcrumb\"},\"inLanguage\":\"fr-FR\",\"potentialAction\":[{\"@type\":\"ReadAction\",\"target\":[\"https:\/\/focusonpack.com\/tech-support\/\"]}]},{\"@type\":\"BreadcrumbList\",\"@id\":\"https:\/\/focusonpack.com\/tech-support\/#breadcrumb\",\"itemListElement\":[{\"@type\":\"ListItem\",\"position\":1,\"name\":\"\u9996\u9875\",\"item\":\"https:\/\/focusonpack.com\/\"},{\"@type\":\"ListItem\",\"position\":2,\"name\":\"Tech Support\"}]},{\"@type\":\"WebSite\",\"@id\":\"https:\/\/focusonpack.com\/#website\",\"url\":\"https:\/\/focusonpack.com\/\",\"name\":\"Focus on pack\",\"description\":\"\",\"potentialAction\":[{\"@type\":\"SearchAction\",\"target\":{\"@type\":\"EntryPoint\",\"urlTemplate\":\"https:\/\/focusonpack.com\/?s={search_term_string}\"},\"query-input\":{\"@type\":\"PropertyValueSpecification\",\"valueRequired\":true,\"valueName\":\"search_term_string\"}}],\"inLanguage\":\"fr-FR\"}]}<\/script>\n<!-- \/ Yoast SEO plugin. -->","yoast_head_json":{"title":"Tech Support - Focus on pack","robots":{"index":"index","follow":"follow","max-snippet":"max-snippet:-1","max-image-preview":"max-image-preview:large","max-video-preview":"max-video-preview:-1"},"canonical":"https:\/\/focusonpack.com\/fr\/support-technique\/","og_locale":"fr_FR","og_type":"article","og_title":"Tech Support - Focus on pack","og_description":"How to build a water bottling &hellip;","og_url":"https:\/\/focusonpack.com\/fr\/support-technique\/","og_site_name":"Focus on pack","article_modified_time":"2020-05-08T08:28:38+00:00","twitter_card":"summary_large_image","twitter_misc":{"Dur\u00e9e de lecture estim\u00e9e":"3 minutes"},"schema":{"@context":"https:\/\/schema.org","@graph":[{"@type":"WebPage","@id":"https:\/\/focusonpack.com\/tech-support\/","url":"https:\/\/focusonpack.com\/tech-support\/","name":"Tech Support - Focus on pack","isPartOf":{"@id":"https:\/\/focusonpack.com\/#website"},"datePublished":"2020-05-07T08:21:48+00:00","dateModified":"2020-05-08T08:28:38+00:00","breadcrumb":{"@id":"https:\/\/focusonpack.com\/tech-support\/#breadcrumb"},"inLanguage":"fr-FR","potentialAction":[{"@type":"ReadAction","target":["https:\/\/focusonpack.com\/tech-support\/"]}]},{"@type":"BreadcrumbList","@id":"https:\/\/focusonpack.com\/tech-support\/#breadcrumb","itemListElement":[{"@type":"ListItem","position":1,"name":"\u9996\u9875","item":"https:\/\/focusonpack.com\/"},{"@type":"ListItem","position":2,"name":"Tech Support"}]},{"@type":"WebSite","@id":"https:\/\/focusonpack.com\/#website","url":"https:\/\/focusonpack.com\/","name":"Focus on pack","description":"","potentialAction":[{"@type":"SearchAction","target":{"@type":"EntryPoint","urlTemplate":"https:\/\/focusonpack.com\/?s={search_term_string}"},"query-input":{"@type":"PropertyValueSpecification","valueRequired":true,"valueName":"search_term_string"}}],"inLanguage":"fr-FR"}]}},"_links":{"self":[{"href":"https:\/\/focusonpack.com\/fr\/wp-json\/wp\/v2\/pages\/2395","targetHints":{"allow":["GET"]}}],"collection":[{"href":"https:\/\/focusonpack.com\/fr\/wp-json\/wp\/v2\/pages"}],"about":[{"href":"https:\/\/focusonpack.com\/fr\/wp-json\/wp\/v2\/types\/page"}],"author":[{"embeddable":true,"href":"https:\/\/focusonpack.com\/fr\/wp-json\/wp\/v2\/users\/1"}],"replies":[{"embeddable":true,"href":"https:\/\/focusonpack.com\/fr\/wp-json\/wp\/v2\/comments?post=2395"}],"version-history":[{"count":6,"href":"https:\/\/focusonpack.com\/fr\/wp-json\/wp\/v2\/pages\/2395\/revisions"}],"predecessor-version":[{"id":2662,"href":"https:\/\/focusonpack.com\/fr\/wp-json\/wp\/v2\/pages\/2395\/revisions\/2662"}],"wp:attachment":[{"href":"https:\/\/focusonpack.com\/fr\/wp-json\/wp\/v2\/media?parent=2395"}],"curies":[{"name":"wp","href":"https:\/\/api.w.org\/{rel}","templated":true}]}}