{"id":2581,"date":"2020-05-08T15:37:41","date_gmt":"2020-05-08T07:37:41","guid":{"rendered":"https:\/\/focusonpack.com\/?page_id=2581"},"modified":"2025-03-27T16:16:53","modified_gmt":"2025-03-27T08:16:53","slug":"inline-shrink-wrapper-machine","status":"publish","type":"page","link":"https:\/\/focusonpack.com\/fr\/machine-demballage-sous-film-retractable\/machine-a-emballer-par-retraction-en-ligne\/","title":{"rendered":"Machine \u00e0 emballer par r\u00e9traction en ligne"},"content":{"rendered":"<div data-elementor-type=\"wp-page\" data-elementor-id=\"2581\" class=\"elementor elementor-2581\" data-elementor-settings=\"[]\">\n\t\t\t<div class=\"elementor-inner\">\n\t\t\t\t<div class=\"elementor-section-wrap\">\n\t\t\t\t\t\t\t<section class=\"elementor-element elementor-element-1eb3985f elementor-section-boxed elementor-section-height-default elementor-section-height-default elementor-section elementor-top-section\" data-id=\"1eb3985f\" data-element_type=\"section\">\n\t\t\t\t\t\t<div class=\"elementor-container elementor-column-gap-default\">\n\t\t\t\t<div class=\"elementor-row\">\n\t\t\t\t<div class=\"elementor-element elementor-element-3b37178a elementor-column elementor-col-50 elementor-top-column\" data-id=\"3b37178a\" data-element_type=\"column\">\n\t\t\t<div class=\"elementor-column-wrap  elementor-element-populated\">\n\t\t\t\t\t<div class=\"elementor-widget-wrap\">\n\t\t\t\t<div class=\"elementor-element elementor-element-2951b2f6 elementor-widget elementor-widget-heading\" data-id=\"2951b2f6\" data-element_type=\"widget\" data-widget_type=\"heading.default\">\n\t\t\t\t<div class=\"elementor-widget-container\">\n\t\t\t<h3 class=\"elementor-heading-title elementor-size-default\">Machine \u00e0 emballer par r\u00e9traction en ligne<\/h3>\t\t<\/div>\n\t\t\t\t<\/div>\n\t\t\t\t<div class=\"elementor-element elementor-element-355abd3b elementor-widget elementor-widget-text-editor\" data-id=\"355abd3b\" data-element_type=\"widget\" data-widget_type=\"text-editor.default\">\n\t\t\t\t<div class=\"elementor-widget-container\">\n\t\t\t\t\t<div class=\"elementor-text-editor elementor-clearfix\"><p>La fardeleuse en ligne est un \u00e9quipement d'emballage r\u00e9tractable qui utilise une ou deux bobines de film pour envelopper un produit ou des groupes de produits avec un morceau de film l\u00e2che qui est ensuite r\u00e9tract\u00e9 par l'application de chaleur. Ce film est ensuite r\u00e9tract\u00e9 par l'application de chaleur.<\/p><\/div>\n\t\t\t\t<\/div>\n\t\t\t\t<\/div>\n\t\t\t\t<div class=\"elementor-element elementor-element-32dfc822 elementor-widget elementor-widget-text-editor\" data-id=\"32dfc822\" data-element_type=\"widget\" data-widget_type=\"text-editor.default\">\n\t\t\t\t<div class=\"elementor-widget-container\">\n\t\t\t\t\t<div class=\"elementor-text-editor elementor-clearfix\"><p>Apr\u00e8s le remplissage, le bouchage et l'\u00e9tiquetage, les conteneurs de produits sont transport\u00e9s dans l'\u00e9quipement d'emballage sous film r\u00e9tractable au moyen d'un convoyeur en ligne qui d\u00e9pose le produit en 2, 3 ou 4 voies sur la table de regroupement. Des yeux photographiques mont\u00e9s sur le convoyeur d\u00e9tectent le flux des produits. Le cylindre de sortie de bouteille \u00e0 commande pneumatique arr\u00eate une s\u00e9rie de bouteilles, une fois que les produits cibles sont atteints, le cylindre de sortie se retire et le cylindre d'entr\u00e9e se ferme. Le cylindre de sortie de bouteille \u00e0 commande pneumatique arr\u00eate une s\u00e9rie de bouteilles, une fois que les produits cibles sont atteints, le cylindre de sortie se retire de lui-m\u00eame et le cylindre d'entr\u00e9e se ferme. Lorsque le produit croise la bande de film, il passe \u00e0 travers le cadre de scellage et se d\u00e9place sur la table de collationnement. Au fur et \u00e0 mesure que le produit traverse le film, la machine d'emballage sous film r\u00e9tractable d\u00e9tecte l'utilisation du film et d\u00e9marre le d\u00e9rouleur de film motoris\u00e9 qui alimente le film. Lorsque le nombre de films aliment\u00e9s est suffisant, le syst\u00e8me de d\u00e9rouleur de film motoris\u00e9 s'arr\u00eate. Lorsque le produit passe dans le cadre de scellage, le chariot fait avancer le cadre de scellage avec le produit et les barres de scellage se ferment pour former un manchon de film autour du produit. Les barres de soudure coupent et scellent le film. Une fois le d\u00e9lai de soudure \u00e9coul\u00e9, les barres s'ouvrent et le chariot revient \u00e0 sa position initiale. Le produit, qui se trouve maintenant dans le manchon de film, continue \u00e0 avancer sur le convoyeur et est transf\u00e9r\u00e9 sur le convoyeur tunnel de la machine d'emballage sous film r\u00e9tractable. Le convoyeur tunnel de la machine d'emballage sous film r\u00e9tractable \u00e0 vitesse moyenne fait passer le produit dans la chambre du tunnel de r\u00e9traction. Le film se r\u00e9tracte uniform\u00e9ment autour du produit au fur et \u00e0 mesure qu'il traverse le tunnel. Lorsque le produit emball\u00e9 sous film r\u00e9tractable sort du tunnel, le film est encore un peu collant. L'air refroidit le film et permet une manipulation plus rapide du produit. Le produit enti\u00e8rement r\u00e9tract\u00e9 est ensuite transf\u00e9r\u00e9 sur le convoyeur du client qui compl\u00e8te le produit r\u00e9tract\u00e9. Le produit enti\u00e8rement emball\u00e9 sous film r\u00e9tractable est ensuite transf\u00e9r\u00e9 sur le convoyeur du client, compl\u00e9tant ainsi le cycle d'emballage sous film r\u00e9tractable.<\/p><\/div>\n\t\t\t\t<\/div>\n\t\t\t\t<\/div>\n\t\t\t\t<div class=\"elementor-element elementor-element-187e54a5 elementor-widget elementor-widget-heading\" data-id=\"187e54a5\" data-element_type=\"widget\" data-widget_type=\"heading.default\">\n\t\t\t\t<div class=\"elementor-widget-container\">\n\t\t\t<h3 class=\"elementor-heading-title elementor-size-default\">Caract\u00e9ristiques principales<\/h3>\t\t<\/div>\n\t\t\t\t<\/div>\n\t\t\t\t<div class=\"elementor-element elementor-element-208fc6fa elementor-widget elementor-widget-text-editor\" data-id=\"208fc6fa\" data-element_type=\"widget\" data-widget_type=\"text-editor.default\">\n\t\t\t\t<div class=\"elementor-widget-container\">\n\t\t\t\t\t<div class=\"elementor-text-editor elementor-clearfix\"><p>- Construction robuste et r\u00e9sistante de la machine, con\u00e7ue pour fonctionner \u00e0 grande vitesse, de mani\u00e8re durable et toute la journ\u00e9e<br \/>- Composants d\u00e9coup\u00e9s au laser et usin\u00e9s par CNC pour une pr\u00e9cision maximale<br \/>\u00a0 La finition en poudre cuite \u00e0 la machine offre une surface durable et r\u00e9sistante aux rayures et pr\u00e9vient la corrosion.<br \/>- Flexibilit\u00e9 pour emballer le produit dans diff\u00e9rentes configurations telles que 4\u00d76, 3\u00d74, 2\u00d73, etc.<br \/>- M\u00e2choire de scellement unique et robuste, sp\u00e9cialement profil\u00e9e, pour des scellements toujours solides.<br \/>- Contr\u00f4le PLC et r\u00e9glage HMI<br \/>- Lame d'\u00e9tanch\u00e9it\u00e9 rev\u00eatue de t\u00e9flon.<br \/>- Chambre isol\u00e9e du tunnel de r\u00e9traction<br \/>- \u00c9l\u00e9ments chauffants en acier inoxydable pour une longue dur\u00e9e de vie.<br \/>- Double soufflerie avec d\u00e9bit d'air r\u00e9glable<br \/>- Bande transporteuse \u00e0 mailles t\u00e9flon durable et antiadh\u00e9sive<br \/>- Station de refroidissement \u00e0 \u00e9vacuation par tunnel pour un durcissement rapide du film<br \/>- Convoyeur \u00e0 rouleaux de d\u00e9chargement pour l'accumulation et le transport facile<\/p><\/div>\n\t\t\t\t<\/div>\n\t\t\t\t<\/div>\n\t\t\t\t<div class=\"elementor-element elementor-element-65b5b5 elementor-widget elementor-widget-heading\" data-id=\"65b5b5\" data-element_type=\"widget\" data-widget_type=\"heading.default\">\n\t\t\t\t<div class=\"elementor-widget-container\">\n\t\t\t<h3 class=\"elementor-heading-title elementor-size-default\">Sp\u00e9cifications techniques<\/h3>\t\t<\/div>\n\t\t\t\t<\/div>\n\t\t\t\t<div class=\"elementor-element elementor-element-186185e5 elementor-widget elementor-widget-text-editor\" data-id=\"186185e5\" data-element_type=\"widget\" data-widget_type=\"text-editor.default\">\n\t\t\t\t<div class=\"elementor-widget-container\">\n\t\t\t\t\t<div class=\"elementor-text-editor elementor-clearfix\"><table width=\"721\"><tbody><tr><td width=\"235\">Vitesse d'emballage\u00a0<\/td><td width=\"226\">12-18PPM\u00a0<\/td><td width=\"260\">18-25PPM<\/td><\/tr><tr><td>Taille de l'emballage\u00a0<\/td><td>450(L) x 450(L) x 350(H) mm\u00a0<\/td><td>500(L) x 450(L) x 350(H) mm<\/td><\/tr><tr><td>Film applicable<\/td><td>PE<\/td><td>PE<\/td><\/tr><tr><td>\u00c9paisseur maximale du film<\/td><td>100Micro<\/td><td>100Micro<\/td><\/tr><tr><td>\u00c9tanch\u00e9it\u00e9 maximale<\/td><td>700mm<\/td><td>700mm<\/td><\/tr><tr><td>Conteneur applicable<\/td><td colspan=\"2\">Bouteilles en plastique, bouteilles en verre, bo\u00eetes de conserve, cartons rectangulaires, bo\u00eetes, etc.<\/td><\/tr><tr><td>Pression atmosph\u00e9rique<\/td><td>0,5MPA\u00a0<\/td><td>0,5MPA\u00a0<\/td><\/tr><tr><td>Enveloppeuse de manchons Alimentation \u00e9lectrique<\/td><td>380V 50 HZ 3PH 4KW\u00a0<\/td><td>380V 50 HZ 3PH 4KW\u00a0<\/td><\/tr><tr><td>Tunnel de r\u00e9traction Alimentation \u00e9lectrique<\/td><td>380V 50 HZ 3PH 28KW<\/td><td>380V 50 HZ 3PH 28KW<\/td><\/tr><tr><td>Dimension de la machine\u00a0<\/td><td>9500x1000x1920mm\u00a0<\/td><td>13200x1100x2000mm<\/td><\/tr><\/tbody><\/table><p>\u00a0<\/p><\/div>\n\t\t\t\t<\/div>\n\t\t\t\t<\/div>\n\t\t\t\t<div class=\"elementor-element elementor-element-910a066 elementor-widget elementor-widget-text-editor\" data-id=\"910a066\" data-element_type=\"widget\" data-widget_type=\"text-editor.default\">\n\t\t\t\t<div class=\"elementor-widget-container\">\n\t\t\t\t\t<div class=\"elementor-text-editor elementor-clearfix\"><p>*Les sp\u00e9cifications peuvent \u00eatre modifi\u00e9es sans pr\u00e9avis. Tous les droits sont r\u00e9serv\u00e9s.<\/p><\/div>\n\t\t\t\t<\/div>\n\t\t\t\t<\/div>\n\t\t\t\t\t\t<\/div>\n\t\t\t<\/div>\n\t\t<\/div>\n\t\t\t\t<div class=\"elementor-element elementor-element-21f27193 elementor-column elementor-col-50 elementor-top-column\" data-id=\"21f27193\" data-element_type=\"column\">\n\t\t\t<div class=\"elementor-column-wrap  elementor-element-populated\">\n\t\t\t\t\t<div class=\"elementor-widget-wrap\">\n\t\t\t\t<div class=\"elementor-element elementor-element-5803676d elementor-widget elementor-widget-spacer\" data-id=\"5803676d\" data-element_type=\"widget\" data-widget_type=\"spacer.default\">\n\t\t\t\t<div class=\"elementor-widget-container\">\n\t\t\t\t\t<div class=\"elementor-spacer\">\n\t\t\t<div class=\"elementor-spacer-inner\"><\/div>\n\t\t<\/div>\n\t\t\t\t<\/div>\n\t\t\t\t<\/div>\n\t\t\t\t<div class=\"elementor-element elementor-element-6932a32f elementor-widget elementor-widget-image\" data-id=\"6932a32f\" data-element_type=\"widget\" data-widget_type=\"image.default\">\n\t\t\t\t<div class=\"elementor-widget-container\">\n\t\t\t\t\t<div class=\"elementor-image\">\n\t\t\t\t\t\t\t\t\t\t<img loading=\"lazy\" decoding=\"async\" width=\"436\" height=\"156\" src=\"https:\/\/focusonpack.com\/wp-content\/uploads\/2020\/05\/inline.jpg\" class=\"elementor-animation-grow attachment-full size-full\" alt=\"\" srcset=\"https:\/\/focusonpack.com\/wp-content\/uploads\/2020\/05\/inline.jpg 436w, https:\/\/focusonpack.com\/wp-content\/uploads\/2020\/05\/inline-300x107.jpg 300w\" sizes=\"auto, (max-width: 436px) 100vw, 436px\" \/>\t\t\t\t\t\t\t\t\t\t\t<\/div>\n\t\t\t\t<\/div>\n\t\t\t\t<\/div>\n\t\t\t\t<div class=\"elementor-element elementor-element-6708279d elementor-button-info elementor-align-center elementor-widget elementor-widget-button\" data-id=\"6708279d\" data-element_type=\"widget\" data-widget_type=\"button.default\">\n\t\t\t\t<div class=\"elementor-widget-container\">\n\t\t\t\t\t<div class=\"elementor-button-wrapper\">\n\t\t\t<a href=\"https:\/\/focusonpack.com\/fr\/nous-contacter\/\" class=\"elementor-button-link elementor-button elementor-size-sm\" role=\"button\">\n\t\t\t\t\t\t<span class=\"elementor-button-content-wrapper\">\n\t\t\t\t\t\t<span class=\"elementor-button-text\">Demande de devis<\/span>\n\t\t<\/span>\n\t\t\t\t\t<\/a>\n\t\t<\/div>\n\t\t\t\t<\/div>\n\t\t\t\t<\/div>\n\t\t\t\t\t\t<\/div>\n\t\t\t<\/div>\n\t\t<\/div>\n\t\t\t\t\t\t<\/div>\n\t\t\t<\/div>\n\t\t<\/section>\n\t\t\t\t\t\t<\/div>\n\t\t\t<\/div>\n\t\t<\/div>","protected":false},"excerpt":{"rendered":"<p>Inline Shrink Wrapper Machine &hellip;<\/p>","protected":false},"author":1,"featured_media":0,"parent":2373,"menu_order":0,"comment_status":"closed","ping_status":"closed","template":"elementor_header_footer","meta":{"footnotes":""},"class_list":["post-2581","page","type-page","status-publish","hentry","no-thumb"],"yoast_head":"<!-- This site is optimized with the Yoast SEO plugin v24.8.1 - https:\/\/yoast.com\/wordpress\/plugins\/seo\/ -->\n<title>Inline Shrink Wrapper Machine - Focus on pack<\/title>\n<meta name=\"robots\" content=\"index, follow, max-snippet:-1, max-image-preview:large, max-video-preview:-1\" \/>\n<link rel=\"canonical\" href=\"https:\/\/focusonpack.com\/fr\/machine-demballage-sous-film-retractable\/machine-a-emballer-par-retraction-en-ligne\/\" \/>\n<meta property=\"og:locale\" content=\"fr_FR\" \/>\n<meta property=\"og:type\" content=\"article\" \/>\n<meta property=\"og:title\" content=\"Inline Shrink Wrapper Machine - Focus on pack\" \/>\n<meta property=\"og:description\" content=\"Inline Shrink Wrapper Machine &hellip;\" \/>\n<meta property=\"og:url\" content=\"https:\/\/focusonpack.com\/fr\/machine-demballage-sous-film-retractable\/machine-a-emballer-par-retraction-en-ligne\/\" \/>\n<meta property=\"og:site_name\" content=\"Focus on pack\" \/>\n<meta property=\"article:modified_time\" content=\"2025-03-27T08:16:53+00:00\" \/>\n<meta property=\"og:image\" content=\"https:\/\/focusonpack.com\/wp-content\/uploads\/2020\/05\/inline.jpg\" \/>\n<meta name=\"twitter:card\" content=\"summary_large_image\" \/>\n<meta name=\"twitter:label1\" content=\"Dur\u00e9e de lecture estim\u00e9e\" \/>\n\t<meta name=\"twitter:data1\" content=\"4 minutes\" \/>\n<script type=\"application\/ld+json\" class=\"yoast-schema-graph\">{\"@context\":\"https:\/\/schema.org\",\"@graph\":[{\"@type\":\"WebPage\",\"@id\":\"https:\/\/focusonpack.com\/shrink-wrapping-machine\/inline-shrink-wrapper-machine\/\",\"url\":\"https:\/\/focusonpack.com\/shrink-wrapping-machine\/inline-shrink-wrapper-machine\/\",\"name\":\"Inline Shrink Wrapper Machine - Focus on pack\",\"isPartOf\":{\"@id\":\"https:\/\/focusonpack.com\/#website\"},\"primaryImageOfPage\":{\"@id\":\"https:\/\/focusonpack.com\/shrink-wrapping-machine\/inline-shrink-wrapper-machine\/#primaryimage\"},\"image\":{\"@id\":\"https:\/\/focusonpack.com\/shrink-wrapping-machine\/inline-shrink-wrapper-machine\/#primaryimage\"},\"thumbnailUrl\":\"https:\/\/focusonpack.com\/wp-content\/uploads\/2020\/05\/inline.jpg\",\"datePublished\":\"2020-05-08T07:37:41+00:00\",\"dateModified\":\"2025-03-27T08:16:53+00:00\",\"breadcrumb\":{\"@id\":\"https:\/\/focusonpack.com\/shrink-wrapping-machine\/inline-shrink-wrapper-machine\/#breadcrumb\"},\"inLanguage\":\"fr-FR\",\"potentialAction\":[{\"@type\":\"ReadAction\",\"target\":[\"https:\/\/focusonpack.com\/shrink-wrapping-machine\/inline-shrink-wrapper-machine\/\"]}]},{\"@type\":\"ImageObject\",\"inLanguage\":\"fr-FR\",\"@id\":\"https:\/\/focusonpack.com\/shrink-wrapping-machine\/inline-shrink-wrapper-machine\/#primaryimage\",\"url\":\"https:\/\/focusonpack.com\/wp-content\/uploads\/2020\/05\/inline.jpg\",\"contentUrl\":\"https:\/\/focusonpack.com\/wp-content\/uploads\/2020\/05\/inline.jpg\"},{\"@type\":\"BreadcrumbList\",\"@id\":\"https:\/\/focusonpack.com\/shrink-wrapping-machine\/inline-shrink-wrapper-machine\/#breadcrumb\",\"itemListElement\":[{\"@type\":\"ListItem\",\"position\":1,\"name\":\"\u9996\u9875\",\"item\":\"https:\/\/focusonpack.com\/\"},{\"@type\":\"ListItem\",\"position\":2,\"name\":\"Shrink Wrapping Machine\",\"item\":\"https:\/\/focusonpack.com\/shrink-wrapping-machine\/\"},{\"@type\":\"ListItem\",\"position\":3,\"name\":\"Inline Shrink Wrapper Machine\"}]},{\"@type\":\"WebSite\",\"@id\":\"https:\/\/focusonpack.com\/#website\",\"url\":\"https:\/\/focusonpack.com\/\",\"name\":\"Focus on pack\",\"description\":\"\",\"potentialAction\":[{\"@type\":\"SearchAction\",\"target\":{\"@type\":\"EntryPoint\",\"urlTemplate\":\"https:\/\/focusonpack.com\/?s={search_term_string}\"},\"query-input\":{\"@type\":\"PropertyValueSpecification\",\"valueRequired\":true,\"valueName\":\"search_term_string\"}}],\"inLanguage\":\"fr-FR\"}]}<\/script>\n<!-- \/ Yoast SEO plugin. -->","yoast_head_json":{"title":"Inline Shrink Wrapper Machine - Focus on pack","robots":{"index":"index","follow":"follow","max-snippet":"max-snippet:-1","max-image-preview":"max-image-preview:large","max-video-preview":"max-video-preview:-1"},"canonical":"https:\/\/focusonpack.com\/fr\/machine-demballage-sous-film-retractable\/machine-a-emballer-par-retraction-en-ligne\/","og_locale":"fr_FR","og_type":"article","og_title":"Inline Shrink Wrapper Machine - Focus on pack","og_description":"Inline Shrink Wrapper Machine &hellip;","og_url":"https:\/\/focusonpack.com\/fr\/machine-demballage-sous-film-retractable\/machine-a-emballer-par-retraction-en-ligne\/","og_site_name":"Focus on pack","article_modified_time":"2025-03-27T08:16:53+00:00","og_image":[{"url":"https:\/\/focusonpack.com\/wp-content\/uploads\/2020\/05\/inline.jpg","type":"","width":"","height":""}],"twitter_card":"summary_large_image","twitter_misc":{"Dur\u00e9e de lecture estim\u00e9e":"4 minutes"},"schema":{"@context":"https:\/\/schema.org","@graph":[{"@type":"WebPage","@id":"https:\/\/focusonpack.com\/shrink-wrapping-machine\/inline-shrink-wrapper-machine\/","url":"https:\/\/focusonpack.com\/shrink-wrapping-machine\/inline-shrink-wrapper-machine\/","name":"Inline Shrink Wrapper Machine - Focus on pack","isPartOf":{"@id":"https:\/\/focusonpack.com\/#website"},"primaryImageOfPage":{"@id":"https:\/\/focusonpack.com\/shrink-wrapping-machine\/inline-shrink-wrapper-machine\/#primaryimage"},"image":{"@id":"https:\/\/focusonpack.com\/shrink-wrapping-machine\/inline-shrink-wrapper-machine\/#primaryimage"},"thumbnailUrl":"https:\/\/focusonpack.com\/wp-content\/uploads\/2020\/05\/inline.jpg","datePublished":"2020-05-08T07:37:41+00:00","dateModified":"2025-03-27T08:16:53+00:00","breadcrumb":{"@id":"https:\/\/focusonpack.com\/shrink-wrapping-machine\/inline-shrink-wrapper-machine\/#breadcrumb"},"inLanguage":"fr-FR","potentialAction":[{"@type":"ReadAction","target":["https:\/\/focusonpack.com\/shrink-wrapping-machine\/inline-shrink-wrapper-machine\/"]}]},{"@type":"ImageObject","inLanguage":"fr-FR","@id":"https:\/\/focusonpack.com\/shrink-wrapping-machine\/inline-shrink-wrapper-machine\/#primaryimage","url":"https:\/\/focusonpack.com\/wp-content\/uploads\/2020\/05\/inline.jpg","contentUrl":"https:\/\/focusonpack.com\/wp-content\/uploads\/2020\/05\/inline.jpg"},{"@type":"BreadcrumbList","@id":"https:\/\/focusonpack.com\/shrink-wrapping-machine\/inline-shrink-wrapper-machine\/#breadcrumb","itemListElement":[{"@type":"ListItem","position":1,"name":"\u9996\u9875","item":"https:\/\/focusonpack.com\/"},{"@type":"ListItem","position":2,"name":"Shrink Wrapping Machine","item":"https:\/\/focusonpack.com\/shrink-wrapping-machine\/"},{"@type":"ListItem","position":3,"name":"Inline Shrink Wrapper Machine"}]},{"@type":"WebSite","@id":"https:\/\/focusonpack.com\/#website","url":"https:\/\/focusonpack.com\/","name":"Focus on pack","description":"","potentialAction":[{"@type":"SearchAction","target":{"@type":"EntryPoint","urlTemplate":"https:\/\/focusonpack.com\/?s={search_term_string}"},"query-input":{"@type":"PropertyValueSpecification","valueRequired":true,"valueName":"search_term_string"}}],"inLanguage":"fr-FR"}]}},"_links":{"self":[{"href":"https:\/\/focusonpack.com\/fr\/wp-json\/wp\/v2\/pages\/2581","targetHints":{"allow":["GET"]}}],"collection":[{"href":"https:\/\/focusonpack.com\/fr\/wp-json\/wp\/v2\/pages"}],"about":[{"href":"https:\/\/focusonpack.com\/fr\/wp-json\/wp\/v2\/types\/page"}],"author":[{"embeddable":true,"href":"https:\/\/focusonpack.com\/fr\/wp-json\/wp\/v2\/users\/1"}],"replies":[{"embeddable":true,"href":"https:\/\/focusonpack.com\/fr\/wp-json\/wp\/v2\/comments?post=2581"}],"version-history":[{"count":10,"href":"https:\/\/focusonpack.com\/fr\/wp-json\/wp\/v2\/pages\/2581\/revisions"}],"predecessor-version":[{"id":4604,"href":"https:\/\/focusonpack.com\/fr\/wp-json\/wp\/v2\/pages\/2581\/revisions\/4604"}],"up":[{"embeddable":true,"href":"https:\/\/focusonpack.com\/fr\/wp-json\/wp\/v2\/pages\/2373"}],"wp:attachment":[{"href":"https:\/\/focusonpack.com\/fr\/wp-json\/wp\/v2\/media?parent=2581"}],"curies":[{"name":"wp","href":"https:\/\/api.w.org\/{rel}","templated":true}]}}