{"id":2960,"date":"2020-05-11T10:37:02","date_gmt":"2020-05-11T02:37:02","guid":{"rendered":"https:\/\/focusonpack.com\/?page_id=2960"},"modified":"2025-03-27T15:36:44","modified_gmt":"2025-03-27T07:36:44","slug":"carbonated-soft-drink-water-beverage-pet-bottling-machine","status":"publish","type":"page","link":"https:\/\/focusonpack.com\/fr\/carbonated-soft-drink-filling-machine\/carbonated-soft-drink-water-beverage-pet-bottling-machine\/","title":{"rendered":"Carbonated Soft Drink\/Water\/Beverage PET Bottling Machine"},"content":{"rendered":"<div data-elementor-type=\"wp-page\" data-elementor-id=\"2960\" class=\"elementor elementor-2960\" data-elementor-settings=\"[]\">\n\t\t\t<div class=\"elementor-inner\">\n\t\t\t\t<div class=\"elementor-section-wrap\">\n\t\t\t\t\t\t\t<section class=\"elementor-element elementor-element-9c0d60b elementor-section-boxed elementor-section-height-default elementor-section-height-default elementor-section elementor-top-section\" data-id=\"9c0d60b\" data-element_type=\"section\">\n\t\t\t\t\t\t<div class=\"elementor-container elementor-column-gap-default\">\n\t\t\t\t<div class=\"elementor-row\">\n\t\t\t\t<div class=\"elementor-element elementor-element-25034a59 elementor-column elementor-col-50 elementor-top-column\" data-id=\"25034a59\" data-element_type=\"column\">\n\t\t\t<div class=\"elementor-column-wrap  elementor-element-populated\">\n\t\t\t\t\t<div class=\"elementor-widget-wrap\">\n\t\t\t\t<div class=\"elementor-element elementor-element-3217455f elementor-widget elementor-widget-heading\" data-id=\"3217455f\" data-element_type=\"widget\" data-widget_type=\"heading.default\">\n\t\t\t\t<div class=\"elementor-widget-container\">\n\t\t\t<h3 class=\"elementor-heading-title elementor-size-default\">Carbonated Soft Drink\/Water\/Beverage PET Bottling Machine<\/h3>\t\t<\/div>\n\t\t\t\t<\/div>\n\t\t\t\t<div class=\"elementor-element elementor-element-462673bb elementor-widget elementor-widget-heading\" data-id=\"462673bb\" data-element_type=\"widget\" data-widget_type=\"heading.default\">\n\t\t\t\t<div class=\"elementor-widget-container\">\n\t\t\t<h3 class=\"elementor-heading-title elementor-size-default\">Carbonated Soft Drink\/Water\/Beverage PET Bottle Filling Machine<\/h3>\t\t<\/div>\n\t\t\t\t<\/div>\n\t\t\t\t<div class=\"elementor-element elementor-element-425fbe75 elementor-widget elementor-widget-text-editor\" data-id=\"425fbe75\" data-element_type=\"widget\" data-widget_type=\"text-editor.default\">\n\t\t\t\t<div class=\"elementor-widget-container\">\n\t\t\t\t\t<div class=\"elementor-text-editor elementor-clearfix\"><p>Carbonated soft drink\/water\/beverage filling machine is specially designed for small to medium scale production of both still and carbonated soft drinks such as coca cola, spirit, soda water, etc in PET bottles ranging in size from 0.2 to 2 liters, integrating rising, filling and capping into one. Features include the sturdy base is supported by adjustable feet and is made with stainless steel sheathing secured to the tubular frame, all contact parts of liquid are food grade stainless steel and plastics, unique bottle neck suspend system makes bottle move smoothly and minimizes down time from one to another size, equipped with the latest counter pressure filling nozzles for precise filling, pick and place capping system, Critical electronic components and PLC controls are made by Siemens, Mitsubishi and Omron etc, All production information and automation controls are displayed digitally.<\/p><\/div>\n\t\t\t\t<\/div>\n\t\t\t\t<\/div>\n\t\t\t\t<div class=\"elementor-element elementor-element-5cbc178c elementor-widget elementor-widget-text-editor\" data-id=\"5cbc178c\" data-element_type=\"widget\" data-widget_type=\"text-editor.default\">\n\t\t\t\t<div class=\"elementor-widget-container\">\n\t\t\t\t\t<div class=\"elementor-text-editor elementor-clearfix\"><p>Carbonated soft drink PET bottle filing machine works on a simple principle. The air conveyor carries the bottles to the machine infeed star, which separates the bottles and carries them onto the center of the grippers. The grippers then grip the neck of the bottle with two hard rubber pads. When the bottle has been gripped, it is turned upside down by a cam. At the end of the treatment, a cam returns the grippers to the vertical position, and the bottles pass on the exit star wheel. The exit star wheel, which is synchronized with the grippers, takes the bottles and passes them to the filler. In the filling station the bottles are picked up by the neck, allocated individual filling values and sealed by rubber, Next a valve opens to inject CO2 while simultaneously a second vent(bleed) valve is opened to displace the previously oxygenated air from the container. Once eventually all of the oxygen has been replaced by CO2 the vent is closed and another valve opens to let the product flows into the container down the wall of bottle. After filling is complete a vent is opened to allow excess product to escape which defines the classic liquid level fill that you see in all carbonated drinks. Finally the filled container is ready for sealing and the faster the better. Bottled carbonated drinks can go directly to capping station without much worry as the foam caused by escaping CO2 denies atmospheric oxygen from entering the product. The filled bottles are then transferred to the capping station via a star wheel. The bottles automatically move for the capping stage where the caps release from the sorter on to the bottles. The caps are sealed automatically using special capping hands. The entire system is enclosed in a stainless steel\/glass outer casing. After the capping stage the bottle are automatically ejected out to the out feed conveyor. The whole equipment is sleek and is capable of bottling various sizes of PET bottles ranging from 200 ml to 2 liters.<\/p><\/div>\n\t\t\t\t<\/div>\n\t\t\t\t<\/div>\n\t\t\t\t<div class=\"elementor-element elementor-element-267af8f8 elementor-widget elementor-widget-heading\" data-id=\"267af8f8\" data-element_type=\"widget\" data-widget_type=\"heading.default\">\n\t\t\t\t<div class=\"elementor-widget-container\">\n\t\t\t<h3 class=\"elementor-heading-title elementor-size-default\">Caract\u00e9ristiques principales<\/h3>\t\t<\/div>\n\t\t\t\t<\/div>\n\t\t\t\t<div class=\"elementor-element elementor-element-414dccc5 elementor-widget elementor-widget-text-editor\" data-id=\"414dccc5\" data-element_type=\"widget\" data-widget_type=\"text-editor.default\">\n\t\t\t\t<div class=\"elementor-widget-container\">\n\t\t\t\t\t<div class=\"elementor-text-editor elementor-clearfix\"><p>\u2022\u00a0 Integrate Bottling Rinsing, Filling and Capping into one<br \/>\u2022\u00a0 Including bottle infeed air conveyor,tri-bloc Rinser-Filler-Capper and outfeed conveyor and cap elevator<br \/>\u2022\u00a0 All parts that contact the bottle and liquid are made of stainless steel or food grade plastic material<br \/>\u2022\u00a0 Infeed timing screw, indexing star wheel and guider are made from noise-reducing and low-wear plastic<br \/>\u2022\u00a0 The sturdy base is supported by four feet and is made with stainless steel sheathing secured to the<br \/>\u00a0 \u00a0 tubular frame<br \/>\u2022\u00a0 All drive train components located inside machine base to be protected from aggressive environment,\u00a0 \u00a0 \u00a0 \u00a0 \u00a0 \u00a0extended life, clean and unobstructed cabinet surface<br \/>\u2022\u00a0 Bottles are rinsed internally and externally, No bottle, No Rinsing<br \/>\u2022\u00a0 Precise and accurate counter-pressure filling valves give even filling in all bottles at the same level,<br \/>\u00a0 \u00a0No bottle, No filling<br \/>\u2022\u00a0 Magnetic capping head eliminates over-tightening of caps, No bottle, No capping<br \/>\u2022\u00a0 PLC control and friendly touch screen HMI interface<br \/>\u2022\u00a0 Adjustable speed by inverter<br \/>\u2022\u00a0 Fast and easy changeover to various bottle sizes<br \/>\u2022\u00a0 Unique design bottle neck suspend system makes bottle move smoothly<br \/>\u2022\u00a0 Easy to operate,clean and maintain<\/p><\/div>\n\t\t\t\t<\/div>\n\t\t\t\t<\/div>\n\t\t\t\t<div class=\"elementor-element elementor-element-499b37bd elementor-widget elementor-widget-heading\" data-id=\"499b37bd\" data-element_type=\"widget\" data-widget_type=\"heading.default\">\n\t\t\t\t<div class=\"elementor-widget-container\">\n\t\t\t<h3 class=\"elementor-heading-title elementor-size-default\">Accessories<\/h3>\t\t<\/div>\n\t\t\t\t<\/div>\n\t\t\t\t<div class=\"elementor-element elementor-element-4c5908d4 elementor-widget elementor-widget-text-editor\" data-id=\"4c5908d4\" data-element_type=\"widget\" data-widget_type=\"text-editor.default\">\n\t\t\t\t<div class=\"elementor-widget-container\">\n\t\t\t\t\t<div class=\"elementor-text-editor elementor-clearfix\"><p>\u2022 Infeed air conveyor with Blower<br \/>\u2022 Outfeed conveyor with tabletop slat chain<br \/>\u2022 Automatic cap elevator\/feeder<\/p><\/div>\n\t\t\t\t<\/div>\n\t\t\t\t<\/div>\n\t\t\t\t<div class=\"elementor-element elementor-element-6cf73845 elementor-widget elementor-widget-heading\" data-id=\"6cf73845\" data-element_type=\"widget\" data-widget_type=\"heading.default\">\n\t\t\t\t<div class=\"elementor-widget-container\">\n\t\t\t<h3 class=\"elementor-heading-title elementor-size-default\">Sp\u00e9cifications techniques<\/h3>\t\t<\/div>\n\t\t\t\t<\/div>\n\t\t\t\t<div class=\"elementor-element elementor-element-30db3965 elementor-widget elementor-widget-text-editor\" data-id=\"30db3965\" data-element_type=\"widget\" data-widget_type=\"text-editor.default\">\n\t\t\t\t<div class=\"elementor-widget-container\">\n\t\t\t\t\t<div class=\"elementor-text-editor elementor-clearfix\"><table width=\"760\">\n<tbody>\n<tr>\n<td width=\"267\">Model<\/td>\n<td width=\"128\">DCGF14-12-5<\/td>\n<td width=\"121\">DCGF18-18-6<\/td>\n<td width=\"120\">DCGF24-24-8<\/td>\n<td width=\"124\">DCGF32-32-10<\/td>\n<\/tr>\n<tr>\n<td>Capacit\u00e9 de production<\/td>\n<td>300BPH<\/td>\n<td>5000BPH<\/td>\n<td>7000BPH<\/td>\n<td>10000BPH<\/td>\n<\/tr>\n<tr>\n<td>Nos of Rinse Valves<\/td>\n<td>14<\/td>\n<td>18<\/td>\n<td>24<\/td>\n<td>32<\/td>\n<\/tr>\n<tr>\n<td>Nos of Fill Heads<\/td>\n<td>12<\/td>\n<td>18<\/td>\n<td>24<\/td>\n<td>32<\/td>\n<\/tr>\n<tr>\n<td>Nos of Cap Heads<\/td>\n<td>5<\/td>\n<td>6<\/td>\n<td>8<\/td>\n<td>10<\/td>\n<\/tr>\n<tr>\n<td>Applicable Bottle Diameter<\/td>\n<td colspan=\"4\">\u03a650 mm ~\u03a690 mm<\/td>\n<\/tr>\n<tr>\n<td>Applicable Bottle Height<\/td>\n<td colspan=\"4\">150 mm &#8211; 310 mm<\/td>\n<\/tr>\n<tr>\n<td>Applicable Screw Cap Diameter<\/td>\n<td colspan=\"4\">\u03a625 mm ~\u03a635 mm<\/td>\n<\/tr>\n<tr>\n<td>Applicable Screw Cap Height<\/td>\n<td colspan=\"4\">15 mm &#8211; 25 mm Screw Cap<\/td>\n<\/tr>\n<tr>\n<td>Supply Voltage&nbsp;<\/td>\n<td colspan=\"4\">220\/380V 50\/60HZ 3PH<\/td>\n<\/tr>\n<tr>\n<td>Main Motor<\/td>\n<td>2.2KW<\/td>\n<td>3.5KW<\/td>\n<td>4.5KW<\/td>\n<td>6KW<\/td>\n<\/tr>\n<tr>\n<td>Weight<\/td>\n<td>2500 kgs<\/td>\n<td>3500 kgs<\/td>\n<td>4500 kgs<\/td>\n<td>6000 kgs<\/td>\n<\/tr>\n<tr>\n<td>Dimension(Without Conveyor)<\/td>\n<td>2.1 x 1.5 x 2.15m<\/td>\n<td>2.3 x 1.7 x 2.4m<\/td>\n<td>2.8 x 2.2 x 2.4m<\/td>\n<td>2.9 x 2.2 x 2.5m<\/td>\n<\/tr>\n<\/tbody>\n<\/table><\/div>\n\t\t\t\t<\/div>\n\t\t\t\t<\/div>\n\t\t\t\t<div class=\"elementor-element elementor-element-56a196dd elementor-widget elementor-widget-text-editor\" data-id=\"56a196dd\" data-element_type=\"widget\" data-widget_type=\"text-editor.default\">\n\t\t\t\t<div class=\"elementor-widget-container\">\n\t\t\t\t\t<div class=\"elementor-text-editor elementor-clearfix\"><p>* Les sp\u00e9cifications peuvent \u00eatre modifi\u00e9es sans pr\u00e9avis. Tous droits r\u00e9serv\u00e9s.<\/p><\/div>\n\t\t\t\t<\/div>\n\t\t\t\t<\/div>\n\t\t\t\t\t\t<\/div>\n\t\t\t<\/div>\n\t\t<\/div>\n\t\t\t\t<div class=\"elementor-element elementor-element-7df6942d elementor-column elementor-col-50 elementor-top-column\" data-id=\"7df6942d\" data-element_type=\"column\">\n\t\t\t<div class=\"elementor-column-wrap  elementor-element-populated\">\n\t\t\t\t\t<div class=\"elementor-widget-wrap\">\n\t\t\t\t<div class=\"elementor-element elementor-element-771fb8bf elementor-widget elementor-widget-spacer\" data-id=\"771fb8bf\" data-element_type=\"widget\" data-widget_type=\"spacer.default\">\n\t\t\t\t<div class=\"elementor-widget-container\">\n\t\t\t\t\t<div class=\"elementor-spacer\">\n\t\t\t<div class=\"elementor-spacer-inner\"><\/div>\n\t\t<\/div>\n\t\t\t\t<\/div>\n\t\t\t\t<\/div>\n\t\t\t\t<div class=\"elementor-element elementor-element-5564bd67 elementor-widget elementor-widget-image\" data-id=\"5564bd67\" data-element_type=\"widget\" data-widget_type=\"image.default\">\n\t\t\t\t<div class=\"elementor-widget-container\">\n\t\t\t\t\t<div class=\"elementor-image\">\n\t\t\t\t\t\t\t\t\t\t<img loading=\"lazy\" decoding=\"async\" width=\"310\" height=\"209\" src=\"https:\/\/focusonpack.com\/wp-content\/uploads\/2023\/07\/monoblock-2-2.jpg\" class=\"elementor-animation-grow attachment-full size-full\" alt=\"\" srcset=\"https:\/\/focusonpack.com\/wp-content\/uploads\/2023\/07\/monoblock-2-2.jpg 310w, https:\/\/focusonpack.com\/wp-content\/uploads\/2023\/07\/monoblock-2-2-300x202.jpg 300w\" sizes=\"auto, (max-width: 310px) 100vw, 310px\" \/>\t\t\t\t\t\t\t\t\t\t\t<\/div>\n\t\t\t\t<\/div>\n\t\t\t\t<\/div>\n\t\t\t\t<div class=\"elementor-element elementor-element-1cccde4 elementor-button-info elementor-align-center elementor-widget elementor-widget-button\" data-id=\"1cccde4\" data-element_type=\"widget\" data-widget_type=\"button.default\">\n\t\t\t\t<div class=\"elementor-widget-container\">\n\t\t\t\t\t<div class=\"elementor-button-wrapper\">\n\t\t\t<a href=\"https:\/\/focusonpack.com\/fr\/nous-contacter\/\" class=\"elementor-button-link elementor-button elementor-size-sm\" role=\"button\">\n\t\t\t\t\t\t<span class=\"elementor-button-content-wrapper\">\n\t\t\t\t\t\t<span class=\"elementor-button-text\">Demande de devis<\/span>\n\t\t<\/span>\n\t\t\t\t\t<\/a>\n\t\t<\/div>\n\t\t\t\t<\/div>\n\t\t\t\t<\/div>\n\t\t\t\t\t\t<\/div>\n\t\t\t<\/div>\n\t\t<\/div>\n\t\t\t\t\t\t<\/div>\n\t\t\t<\/div>\n\t\t<\/section>\n\t\t\t\t\t\t<\/div>\n\t\t\t<\/div>\n\t\t<\/div>","protected":false},"excerpt":{"rendered":"<p>Carbonated Soft Drink\/Water\/Be&hellip;<\/p>","protected":false},"author":1,"featured_media":0,"parent":2499,"menu_order":0,"comment_status":"closed","ping_status":"closed","template":"elementor_header_footer","meta":{"footnotes":""},"class_list":["post-2960","page","type-page","status-publish","hentry","no-thumb"],"yoast_head":"<!-- This site is optimized with the Yoast SEO plugin v24.8.1 - https:\/\/yoast.com\/wordpress\/plugins\/seo\/ -->\n<title>Carbonated Soft Drink\/Water\/Beverage PET Bottling Machine - Focus on pack<\/title>\n<meta name=\"robots\" content=\"index, follow, max-snippet:-1, max-image-preview:large, max-video-preview:-1\" \/>\n<link rel=\"canonical\" href=\"https:\/\/focusonpack.com\/fr\/carbonated-soft-drink-filling-machine\/carbonated-soft-drink-water-beverage-pet-bottling-machine\/\" \/>\n<meta property=\"og:locale\" content=\"fr_FR\" \/>\n<meta property=\"og:type\" content=\"article\" \/>\n<meta property=\"og:title\" content=\"Carbonated Soft Drink\/Water\/Beverage PET Bottling Machine - Focus on pack\" \/>\n<meta property=\"og:description\" content=\"Carbonated Soft Drink\/Water\/Be&hellip;\" \/>\n<meta property=\"og:url\" content=\"https:\/\/focusonpack.com\/fr\/carbonated-soft-drink-filling-machine\/carbonated-soft-drink-water-beverage-pet-bottling-machine\/\" \/>\n<meta property=\"og:site_name\" content=\"Focus on pack\" \/>\n<meta property=\"article:modified_time\" content=\"2025-03-27T07:36:44+00:00\" \/>\n<meta property=\"og:image\" content=\"https:\/\/focusonpack.com\/wp-content\/uploads\/2023\/07\/monoblock-2-2.jpg\" \/>\n<meta name=\"twitter:card\" content=\"summary_large_image\" \/>\n<meta name=\"twitter:label1\" content=\"Dur\u00e9e de lecture estim\u00e9e\" \/>\n\t<meta name=\"twitter:data1\" content=\"5 minutes\" \/>\n<script type=\"application\/ld+json\" class=\"yoast-schema-graph\">{\"@context\":\"https:\/\/schema.org\",\"@graph\":[{\"@type\":\"WebPage\",\"@id\":\"https:\/\/focusonpack.com\/carbonated-soft-drink-filling-machine\/carbonated-soft-drink-water-beverage-pet-bottling-machine\/\",\"url\":\"https:\/\/focusonpack.com\/carbonated-soft-drink-filling-machine\/carbonated-soft-drink-water-beverage-pet-bottling-machine\/\",\"name\":\"Carbonated Soft Drink\/Water\/Beverage PET Bottling Machine - Focus on pack\",\"isPartOf\":{\"@id\":\"https:\/\/focusonpack.com\/#website\"},\"primaryImageOfPage\":{\"@id\":\"https:\/\/focusonpack.com\/carbonated-soft-drink-filling-machine\/carbonated-soft-drink-water-beverage-pet-bottling-machine\/#primaryimage\"},\"image\":{\"@id\":\"https:\/\/focusonpack.com\/carbonated-soft-drink-filling-machine\/carbonated-soft-drink-water-beverage-pet-bottling-machine\/#primaryimage\"},\"thumbnailUrl\":\"https:\/\/focusonpack.com\/wp-content\/uploads\/2023\/07\/monoblock-2-2.jpg\",\"datePublished\":\"2020-05-11T02:37:02+00:00\",\"dateModified\":\"2025-03-27T07:36:44+00:00\",\"breadcrumb\":{\"@id\":\"https:\/\/focusonpack.com\/carbonated-soft-drink-filling-machine\/carbonated-soft-drink-water-beverage-pet-bottling-machine\/#breadcrumb\"},\"inLanguage\":\"fr-FR\",\"potentialAction\":[{\"@type\":\"ReadAction\",\"target\":[\"https:\/\/focusonpack.com\/carbonated-soft-drink-filling-machine\/carbonated-soft-drink-water-beverage-pet-bottling-machine\/\"]}]},{\"@type\":\"ImageObject\",\"inLanguage\":\"fr-FR\",\"@id\":\"https:\/\/focusonpack.com\/carbonated-soft-drink-filling-machine\/carbonated-soft-drink-water-beverage-pet-bottling-machine\/#primaryimage\",\"url\":\"https:\/\/focusonpack.com\/wp-content\/uploads\/2023\/07\/monoblock-2-2.jpg\",\"contentUrl\":\"https:\/\/focusonpack.com\/wp-content\/uploads\/2023\/07\/monoblock-2-2.jpg\"},{\"@type\":\"BreadcrumbList\",\"@id\":\"https:\/\/focusonpack.com\/carbonated-soft-drink-filling-machine\/carbonated-soft-drink-water-beverage-pet-bottling-machine\/#breadcrumb\",\"itemListElement\":[{\"@type\":\"ListItem\",\"position\":1,\"name\":\"\u9996\u9875\",\"item\":\"https:\/\/focusonpack.com\/\"},{\"@type\":\"ListItem\",\"position\":2,\"name\":\"Carbonated Soft Drink Filling Machine\",\"item\":\"https:\/\/focusonpack.com\/carbonated-soft-drink-filling-machine\/\"},{\"@type\":\"ListItem\",\"position\":3,\"name\":\"Carbonated Soft Drink\/Water\/Beverage PET Bottling Machine\"}]},{\"@type\":\"WebSite\",\"@id\":\"https:\/\/focusonpack.com\/#website\",\"url\":\"https:\/\/focusonpack.com\/\",\"name\":\"Focus on pack\",\"description\":\"\",\"potentialAction\":[{\"@type\":\"SearchAction\",\"target\":{\"@type\":\"EntryPoint\",\"urlTemplate\":\"https:\/\/focusonpack.com\/?s={search_term_string}\"},\"query-input\":{\"@type\":\"PropertyValueSpecification\",\"valueRequired\":true,\"valueName\":\"search_term_string\"}}],\"inLanguage\":\"fr-FR\"}]}<\/script>\n<!-- \/ Yoast SEO plugin. -->","yoast_head_json":{"title":"Carbonated Soft Drink\/Water\/Beverage PET Bottling Machine - Focus on pack","robots":{"index":"index","follow":"follow","max-snippet":"max-snippet:-1","max-image-preview":"max-image-preview:large","max-video-preview":"max-video-preview:-1"},"canonical":"https:\/\/focusonpack.com\/fr\/carbonated-soft-drink-filling-machine\/carbonated-soft-drink-water-beverage-pet-bottling-machine\/","og_locale":"fr_FR","og_type":"article","og_title":"Carbonated Soft Drink\/Water\/Beverage PET Bottling Machine - Focus on pack","og_description":"Carbonated Soft Drink\/Water\/Be&hellip;","og_url":"https:\/\/focusonpack.com\/fr\/carbonated-soft-drink-filling-machine\/carbonated-soft-drink-water-beverage-pet-bottling-machine\/","og_site_name":"Focus on pack","article_modified_time":"2025-03-27T07:36:44+00:00","og_image":[{"url":"https:\/\/focusonpack.com\/wp-content\/uploads\/2023\/07\/monoblock-2-2.jpg","type":"","width":"","height":""}],"twitter_card":"summary_large_image","twitter_misc":{"Dur\u00e9e de lecture estim\u00e9e":"5 minutes"},"schema":{"@context":"https:\/\/schema.org","@graph":[{"@type":"WebPage","@id":"https:\/\/focusonpack.com\/carbonated-soft-drink-filling-machine\/carbonated-soft-drink-water-beverage-pet-bottling-machine\/","url":"https:\/\/focusonpack.com\/carbonated-soft-drink-filling-machine\/carbonated-soft-drink-water-beverage-pet-bottling-machine\/","name":"Carbonated Soft Drink\/Water\/Beverage PET Bottling Machine - Focus on pack","isPartOf":{"@id":"https:\/\/focusonpack.com\/#website"},"primaryImageOfPage":{"@id":"https:\/\/focusonpack.com\/carbonated-soft-drink-filling-machine\/carbonated-soft-drink-water-beverage-pet-bottling-machine\/#primaryimage"},"image":{"@id":"https:\/\/focusonpack.com\/carbonated-soft-drink-filling-machine\/carbonated-soft-drink-water-beverage-pet-bottling-machine\/#primaryimage"},"thumbnailUrl":"https:\/\/focusonpack.com\/wp-content\/uploads\/2023\/07\/monoblock-2-2.jpg","datePublished":"2020-05-11T02:37:02+00:00","dateModified":"2025-03-27T07:36:44+00:00","breadcrumb":{"@id":"https:\/\/focusonpack.com\/carbonated-soft-drink-filling-machine\/carbonated-soft-drink-water-beverage-pet-bottling-machine\/#breadcrumb"},"inLanguage":"fr-FR","potentialAction":[{"@type":"ReadAction","target":["https:\/\/focusonpack.com\/carbonated-soft-drink-filling-machine\/carbonated-soft-drink-water-beverage-pet-bottling-machine\/"]}]},{"@type":"ImageObject","inLanguage":"fr-FR","@id":"https:\/\/focusonpack.com\/carbonated-soft-drink-filling-machine\/carbonated-soft-drink-water-beverage-pet-bottling-machine\/#primaryimage","url":"https:\/\/focusonpack.com\/wp-content\/uploads\/2023\/07\/monoblock-2-2.jpg","contentUrl":"https:\/\/focusonpack.com\/wp-content\/uploads\/2023\/07\/monoblock-2-2.jpg"},{"@type":"BreadcrumbList","@id":"https:\/\/focusonpack.com\/carbonated-soft-drink-filling-machine\/carbonated-soft-drink-water-beverage-pet-bottling-machine\/#breadcrumb","itemListElement":[{"@type":"ListItem","position":1,"name":"\u9996\u9875","item":"https:\/\/focusonpack.com\/"},{"@type":"ListItem","position":2,"name":"Carbonated Soft Drink Filling Machine","item":"https:\/\/focusonpack.com\/carbonated-soft-drink-filling-machine\/"},{"@type":"ListItem","position":3,"name":"Carbonated Soft Drink\/Water\/Beverage PET Bottling Machine"}]},{"@type":"WebSite","@id":"https:\/\/focusonpack.com\/#website","url":"https:\/\/focusonpack.com\/","name":"Focus on pack","description":"","potentialAction":[{"@type":"SearchAction","target":{"@type":"EntryPoint","urlTemplate":"https:\/\/focusonpack.com\/?s={search_term_string}"},"query-input":{"@type":"PropertyValueSpecification","valueRequired":true,"valueName":"search_term_string"}}],"inLanguage":"fr-FR"}]}},"_links":{"self":[{"href":"https:\/\/focusonpack.com\/fr\/wp-json\/wp\/v2\/pages\/2960","targetHints":{"allow":["GET"]}}],"collection":[{"href":"https:\/\/focusonpack.com\/fr\/wp-json\/wp\/v2\/pages"}],"about":[{"href":"https:\/\/focusonpack.com\/fr\/wp-json\/wp\/v2\/types\/page"}],"author":[{"embeddable":true,"href":"https:\/\/focusonpack.com\/fr\/wp-json\/wp\/v2\/users\/1"}],"replies":[{"embeddable":true,"href":"https:\/\/focusonpack.com\/fr\/wp-json\/wp\/v2\/comments?post=2960"}],"version-history":[{"count":17,"href":"https:\/\/focusonpack.com\/fr\/wp-json\/wp\/v2\/pages\/2960\/revisions"}],"predecessor-version":[{"id":4587,"href":"https:\/\/focusonpack.com\/fr\/wp-json\/wp\/v2\/pages\/2960\/revisions\/4587"}],"up":[{"embeddable":true,"href":"https:\/\/focusonpack.com\/fr\/wp-json\/wp\/v2\/pages\/2499"}],"wp:attachment":[{"href":"https:\/\/focusonpack.com\/fr\/wp-json\/wp\/v2\/media?parent=2960"}],"curies":[{"name":"wp","href":"https:\/\/api.w.org\/{rel}","templated":true}]}}