{"id":3114,"date":"2020-05-11T16:16:47","date_gmt":"2020-05-11T08:16:47","guid":{"rendered":"https:\/\/focusonpack.com\/?page_id=3114"},"modified":"2025-03-21T17:09:17","modified_gmt":"2025-03-21T09:09:17","slug":"800bph-semi-automatic-pet-blowing-machine","status":"publish","type":"page","link":"https:\/\/focusonpack.com\/fr\/semi-automatic-pet-bottle-blowing-machine\/800bph-semi-automatic-pet-blowing-machine\/","title":{"rendered":"800BPH Semi Automatic PET Blowing Machine"},"content":{"rendered":"<div data-elementor-type=\"wp-page\" data-elementor-id=\"3114\" class=\"elementor elementor-3114\" data-elementor-settings=\"[]\">\n\t\t\t<div class=\"elementor-inner\">\n\t\t\t\t<div class=\"elementor-section-wrap\">\n\t\t\t\t\t\t\t<section class=\"elementor-element elementor-element-165d5369 elementor-section-boxed elementor-section-height-default elementor-section-height-default elementor-section elementor-top-section\" data-id=\"165d5369\" data-element_type=\"section\">\n\t\t\t\t\t\t<div class=\"elementor-container elementor-column-gap-default\">\n\t\t\t\t<div class=\"elementor-row\">\n\t\t\t\t<div class=\"elementor-element elementor-element-8f8f834 elementor-column elementor-col-50 elementor-top-column\" data-id=\"8f8f834\" data-element_type=\"column\">\n\t\t\t<div class=\"elementor-column-wrap  elementor-element-populated\">\n\t\t\t\t\t<div class=\"elementor-widget-wrap\">\n\t\t\t\t<div class=\"elementor-element elementor-element-1a247209 elementor-widget elementor-widget-heading\" data-id=\"1a247209\" data-element_type=\"widget\" data-widget_type=\"heading.default\">\n\t\t\t\t<div class=\"elementor-widget-container\">\n\t\t\t<h3 class=\"elementor-heading-title elementor-size-default\">800BPH Semi Automatic PET Blowing Machine<\/h3>\t\t<\/div>\n\t\t\t\t<\/div>\n\t\t\t\t<div class=\"elementor-element elementor-element-68da5a0e elementor-widget elementor-widget-text-editor\" data-id=\"68da5a0e\" data-element_type=\"widget\" data-widget_type=\"text-editor.default\">\n\t\t\t\t<div class=\"elementor-widget-container\">\n\t\t\t\t\t<div class=\"elementor-text-editor elementor-clearfix\"><p>La machine \u00e0 souffler les bouteilles PET semi-automatique est la solution id\u00e9ale pour la production de masse de bouteilles PET pour les entreprises en phase de d\u00e9marrage et les petites entreprises, et elle est capable de produire une grande vari\u00e9t\u00e9 de bouteilles PET de haute qualit\u00e9 allant de 50 ml \u00e0 6000 ml pour de nombreuses industries telles que l'eau embouteill\u00e9e, les jus, les produits laitiers, les d\u00e9tergents liquides, l'huile v\u00e9g\u00e9tale, les cosm\u00e9tiques, les produits pharmaceutiques et les produits de soins personnels, pour n'en citer que quelques exemples. Une vitesse de 800 bouteilles par heure \u00e0 500 ml peut \u00eatre atteinte, la machine standard comprend un pr\u00e9chauffeur et un s\u00e9choir. La machine standard comprend le pr\u00e9chauffeur et la machine \u00e0 souffler, le compresseur d'air et les filtres \u00e0 air sont en option.<\/p><\/div>\n\t\t\t\t<\/div>\n\t\t\t\t<\/div>\n\t\t\t\t<div class=\"elementor-element elementor-element-3796fb8c elementor-widget elementor-widget-text-editor\" data-id=\"3796fb8c\" data-element_type=\"widget\" data-widget_type=\"text-editor.default\">\n\t\t\t\t<div class=\"elementor-widget-container\">\n\t\t\t\t\t<div class=\"elementor-text-editor elementor-clearfix\"><p>This plastic bottle blowing machine does not require highly trained operators to produce consistent quality bottles. The bottle making process starts by loading preforms into the preheater. The preheater uses a variable speed track that moves the preforms through a heating tunnel. The heat tunnel has specially designed heating elements for a consistent heating operation with minimal maintenance.<\/p><\/div>\n\t\t\t\t<\/div>\n\t\t\t\t<\/div>\n\t\t\t\t<div class=\"elementor-element elementor-element-b58be03 elementor-widget elementor-widget-text-editor\" data-id=\"b58be03\" data-element_type=\"widget\" data-widget_type=\"text-editor.default\">\n\t\t\t\t<div class=\"elementor-widget-container\">\n\t\t\t\t\t<div class=\"elementor-text-editor elementor-clearfix\"><p>When the preforms have made one trip through the preheater, they are manually loaded two at a time into the blow molder. Operator presses the two mould close buttons to close the mould which is specially designed for safety operation. After the bottles are formed in the blowing cycle, they are removed and the cycle continues.<\/p><\/div>\n\t\t\t\t<\/div>\n\t\t\t\t<\/div>\n\t\t\t\t<div class=\"elementor-element elementor-element-7e3019cf elementor-widget elementor-widget-heading\" data-id=\"7e3019cf\" data-element_type=\"widget\" data-widget_type=\"heading.default\">\n\t\t\t\t<div class=\"elementor-widget-container\">\n\t\t\t<h3 class=\"elementor-heading-title elementor-size-default\">Caract\u00e9ristiques principales<\/h3>\t\t<\/div>\n\t\t\t\t<\/div>\n\t\t\t\t<div class=\"elementor-element elementor-element-57933355 elementor-widget elementor-widget-text-editor\" data-id=\"57933355\" data-element_type=\"widget\" data-widget_type=\"text-editor.default\">\n\t\t\t\t<div class=\"elementor-widget-container\">\n\t\t\t\t\t<div class=\"elementor-text-editor elementor-clearfix\"><p>\u2022 Can operate easily without any special training and safety operation<br \/>\u2022 Original FESTO air cylinder<br \/>\u2022 Minimize your initial investment by starting small<br \/>\u2022 Add additional systems economically as your business grows<br \/>\u2022 Bottles of different sizes can be produced simultaneously to meet your exact requirements<br \/>\u2022 Change over from one size to another can be completed simply and quickly<br \/>\u2022 The tooling costs (molds) are low since the design of the system is simple<br \/>\u2022 Systems can be dedicated to produce particular bottle sizes<br \/>\u2022 A short operator-training period due to the simplicity of the design<br \/>\u2022 Maintenance costs are kept to a minimum and highly-trained personnel are not required<br \/>\u2022 Simple operation does not require highly trained operators<\/p><\/div>\n\t\t\t\t<\/div>\n\t\t\t\t<\/div>\n\t\t\t\t<div class=\"elementor-element elementor-element-1e99e714 elementor-widget elementor-widget-heading\" data-id=\"1e99e714\" data-element_type=\"widget\" data-widget_type=\"heading.default\">\n\t\t\t\t<div class=\"elementor-widget-container\">\n\t\t\t<h3 class=\"elementor-heading-title elementor-size-default\">Sp\u00e9cifications techniques<\/h3>\t\t<\/div>\n\t\t\t\t<\/div>\n\t\t\t\t<div class=\"elementor-element elementor-element-5242cb1a elementor-widget elementor-widget-text-editor\" data-id=\"5242cb1a\" data-element_type=\"widget\" data-widget_type=\"text-editor.default\">\n\t\t\t\t<div class=\"elementor-widget-container\">\n\t\t\t\t\t<div class=\"elementor-text-editor elementor-clearfix\"><table width=\"778\"><tbody><tr><td width=\"241\">Model\u00a0<\/td><td width=\"220\">HZ-880\u00a0<\/td><td width=\"167\">HZ-880(S)\u00a0<\/td><td width=\"150\">HZ-880(L)<\/td><\/tr><tr><td>Applicable Preform Material\u00a0<\/td><td>PET\/PP<\/td><td>PET\/PP<\/td><td>PET\/PP<\/td><\/tr><tr><td>Bottle Size and Nos of Cavity<\/td><td>0.05-2.0 L(2-cav); 3-6 L(1-cav)<\/td><td>0.05-2.0 L(cavity)<\/td><td>3-6 L(2-cavity)<\/td><\/tr><tr><td>Capacit\u00e9 de production\u00a0<\/td><td>700-1000 BPH\u00a0<\/td><td>700-1000 BPH\u00a0<\/td><td>600-800 BPH<\/td><\/tr><tr><td>Max Bottle Height\u00a0<\/td><td>360 mm\u00a0<\/td><td>360 mm\u00a0<\/td><td>360 mm\u00a0<\/td><\/tr><tr><td>Max Bottle Diameter\u00a0<\/td><td>180 mm\u00a0<\/td><td>180 mm\u00a0<\/td><td>180 mm\u00a0<\/td><\/tr><tr><td>Max Mould Plate Dimension(LxW)<\/td><td>420&#215;500 mm\u00a0<\/td><td>320&#215;420 mm\u00a0<\/td><td>450&#215;620 mm<\/td><\/tr><tr><td>Clamping Force\u00a0<\/td><td>180 KN\u00a0<\/td><td>120 KN\u00a0<\/td><td>220 KN\u00a0<\/td><\/tr><tr><td>Consommation \u00e9lectrique\u00a0<\/td><td>12 kw<\/td><td>12 kw<\/td><td>12 kw<\/td><\/tr><tr><td>Power Supply\u00a0<\/td><td>220~380V\/50~60 HZ\u00a0<\/td><td>220~380V\/50~60HZ<\/td><td>220~380V\/50~60HZ<\/td><\/tr><tr><td>Machine Dimension(L x W x H)\u00a0<\/td><td>1.66&#215;0.74&#215;2.2 M\u00a0<\/td><td>1.2&#215;0.55&#215;1.9 M<\/td><td>1.7&#215;0.82&#215;2.2 M<\/td><\/tr><tr><td>Poids de la machine\u00a0<\/td><td>700kgs (approx)<\/td><td>500kgs (approx)<\/td><td>900kgs (approx)<\/td><\/tr><tr><td>Preheater Dimension(L x W x H)\u00a0<\/td><td>1.46&#215;0.71&#215;1.58 M\u00a0<\/td><td>1.46&#215;0.71&#215;1.58 M\u00a0<\/td><td>1.77&#215;0.72&#215;1.58 M<\/td><\/tr><tr><td>Preheater Weight\u00a0<\/td><td>300 kgs(approx)\u00a0<\/td><td>300 kgs(approx)\u00a0<\/td><td>500 kgs(approx)\u00a0<\/td><\/tr><\/tbody><\/table><\/div>\n\t\t\t\t<\/div>\n\t\t\t\t<\/div>\n\t\t\t\t<div class=\"elementor-element elementor-element-38b7431d elementor-widget elementor-widget-text-editor\" data-id=\"38b7431d\" data-element_type=\"widget\" data-widget_type=\"text-editor.default\">\n\t\t\t\t<div class=\"elementor-widget-container\">\n\t\t\t\t\t<div class=\"elementor-text-editor elementor-clearfix\"><p>\uf013 Les sp\u00e9cifications peuvent \u00eatre modifi\u00e9es sans pr\u00e9avis, tous droits r\u00e9serv\u00e9s.<\/p><\/div>\n\t\t\t\t<\/div>\n\t\t\t\t<\/div>\n\t\t\t\t\t\t<\/div>\n\t\t\t<\/div>\n\t\t<\/div>\n\t\t\t\t<div class=\"elementor-element elementor-element-2053c062 elementor-column elementor-col-50 elementor-top-column\" data-id=\"2053c062\" data-element_type=\"column\">\n\t\t\t<div class=\"elementor-column-wrap  elementor-element-populated\">\n\t\t\t\t\t<div class=\"elementor-widget-wrap\">\n\t\t\t\t<div class=\"elementor-element elementor-element-22222b44 elementor-widget elementor-widget-image\" data-id=\"22222b44\" data-element_type=\"widget\" data-widget_type=\"image.default\">\n\t\t\t\t<div class=\"elementor-widget-container\">\n\t\t\t\t\t<div class=\"elementor-image\">\n\t\t\t\t\t\t\t\t\t\t\t<a href=\"https:\/\/focusonpack.com\/wp-content\/uploads\/2025\/03\/Semi-Automatic-PET-Bottle-Blowing-Machine-logo.png\">\n\t\t\t\t\t\t\t<img loading=\"lazy\" decoding=\"async\" width=\"1041\" height=\"776\" src=\"https:\/\/focusonpack.com\/wp-content\/uploads\/2025\/03\/Semi-Automatic-PET-Bottle-Blowing-Machine.png\" class=\"elementor-animation-grow attachment-full size-full\" alt=\"\" srcset=\"https:\/\/focusonpack.com\/wp-content\/uploads\/2025\/03\/Semi-Automatic-PET-Bottle-Blowing-Machine.png 1041w, https:\/\/focusonpack.com\/wp-content\/uploads\/2025\/03\/Semi-Automatic-PET-Bottle-Blowing-Machine-300x224.png 300w, https:\/\/focusonpack.com\/wp-content\/uploads\/2025\/03\/Semi-Automatic-PET-Bottle-Blowing-Machine-1024x763.png 1024w, https:\/\/focusonpack.com\/wp-content\/uploads\/2025\/03\/Semi-Automatic-PET-Bottle-Blowing-Machine-768x572.png 768w, https:\/\/focusonpack.com\/wp-content\/uploads\/2025\/03\/Semi-Automatic-PET-Bottle-Blowing-Machine-270x200.png 270w, https:\/\/focusonpack.com\/wp-content\/uploads\/2025\/03\/Semi-Automatic-PET-Bottle-Blowing-Machine-600x447.png 600w\" sizes=\"auto, (max-width: 1041px) 100vw, 1041px\" \/>\t\t\t\t\t\t\t\t<\/a>\n\t\t\t\t\t\t\t\t\t\t\t<\/div>\n\t\t\t\t<\/div>\n\t\t\t\t<\/div>\n\t\t\t\t<div class=\"elementor-element elementor-element-46684abb elementor-button-info elementor-align-center elementor-widget elementor-widget-button\" data-id=\"46684abb\" data-element_type=\"widget\" data-widget_type=\"button.default\">\n\t\t\t\t<div class=\"elementor-widget-container\">\n\t\t\t\t\t<div class=\"elementor-button-wrapper\">\n\t\t\t<a href=\"https:\/\/focusonpack.com\/fr\/nous-contacter\/\" class=\"elementor-button-link elementor-button elementor-size-sm\" role=\"button\">\n\t\t\t\t\t\t<span class=\"elementor-button-content-wrapper\">\n\t\t\t\t\t\t<span class=\"elementor-button-text\">Demande de devis<\/span>\n\t\t<\/span>\n\t\t\t\t\t<\/a>\n\t\t<\/div>\n\t\t\t\t<\/div>\n\t\t\t\t<\/div>\n\t\t\t\t\t\t<\/div>\n\t\t\t<\/div>\n\t\t<\/div>\n\t\t\t\t\t\t<\/div>\n\t\t\t<\/div>\n\t\t<\/section>\n\t\t\t\t\t\t<\/div>\n\t\t\t<\/div>\n\t\t<\/div>","protected":false},"excerpt":{"rendered":"<p>800BPH Semi Automatic PET Blow&hellip;<\/p>","protected":false},"author":1,"featured_media":0,"parent":2571,"menu_order":0,"comment_status":"closed","ping_status":"closed","template":"elementor_header_footer","meta":{"footnotes":""},"class_list":["post-3114","page","type-page","status-publish","hentry","no-thumb"],"yoast_head":"<!-- This site is optimized with the Yoast SEO plugin v24.8.1 - https:\/\/yoast.com\/wordpress\/plugins\/seo\/ -->\n<title>800BPH Semi Automatic PET Blowing Machine - Focus on pack<\/title>\n<meta name=\"robots\" content=\"index, follow, max-snippet:-1, max-image-preview:large, max-video-preview:-1\" \/>\n<link rel=\"canonical\" href=\"https:\/\/focusonpack.com\/fr\/semi-automatic-pet-bottle-blowing-machine\/800bph-semi-automatic-pet-blowing-machine\/\" \/>\n<meta property=\"og:locale\" content=\"fr_FR\" \/>\n<meta property=\"og:type\" content=\"article\" \/>\n<meta property=\"og:title\" content=\"800BPH Semi Automatic PET Blowing Machine - Focus on pack\" \/>\n<meta property=\"og:description\" content=\"800BPH Semi Automatic PET Blow&hellip;\" \/>\n<meta property=\"og:url\" content=\"https:\/\/focusonpack.com\/fr\/semi-automatic-pet-bottle-blowing-machine\/800bph-semi-automatic-pet-blowing-machine\/\" \/>\n<meta property=\"og:site_name\" content=\"Focus on pack\" \/>\n<meta property=\"article:modified_time\" content=\"2025-03-21T09:09:17+00:00\" \/>\n<meta property=\"og:image\" content=\"https:\/\/focusonpack.com\/wp-content\/uploads\/2025\/03\/Semi-Automatic-PET-Bottle-Blowing-Machine.png\" \/>\n<meta name=\"twitter:card\" content=\"summary_large_image\" \/>\n<meta name=\"twitter:label1\" content=\"Dur\u00e9e de lecture estim\u00e9e\" \/>\n\t<meta name=\"twitter:data1\" content=\"3 minutes\" \/>\n<script type=\"application\/ld+json\" class=\"yoast-schema-graph\">{\"@context\":\"https:\/\/schema.org\",\"@graph\":[{\"@type\":\"WebPage\",\"@id\":\"https:\/\/focusonpack.com\/semi-automatic-pet-bottle-blowing-machine\/800bph-semi-automatic-pet-blowing-machine\/\",\"url\":\"https:\/\/focusonpack.com\/semi-automatic-pet-bottle-blowing-machine\/800bph-semi-automatic-pet-blowing-machine\/\",\"name\":\"800BPH Semi Automatic PET Blowing Machine - Focus on pack\",\"isPartOf\":{\"@id\":\"https:\/\/focusonpack.com\/#website\"},\"primaryImageOfPage\":{\"@id\":\"https:\/\/focusonpack.com\/semi-automatic-pet-bottle-blowing-machine\/800bph-semi-automatic-pet-blowing-machine\/#primaryimage\"},\"image\":{\"@id\":\"https:\/\/focusonpack.com\/semi-automatic-pet-bottle-blowing-machine\/800bph-semi-automatic-pet-blowing-machine\/#primaryimage\"},\"thumbnailUrl\":\"https:\/\/focusonpack.com\/wp-content\/uploads\/2025\/03\/Semi-Automatic-PET-Bottle-Blowing-Machine.png\",\"datePublished\":\"2020-05-11T08:16:47+00:00\",\"dateModified\":\"2025-03-21T09:09:17+00:00\",\"breadcrumb\":{\"@id\":\"https:\/\/focusonpack.com\/semi-automatic-pet-bottle-blowing-machine\/800bph-semi-automatic-pet-blowing-machine\/#breadcrumb\"},\"inLanguage\":\"fr-FR\",\"potentialAction\":[{\"@type\":\"ReadAction\",\"target\":[\"https:\/\/focusonpack.com\/semi-automatic-pet-bottle-blowing-machine\/800bph-semi-automatic-pet-blowing-machine\/\"]}]},{\"@type\":\"ImageObject\",\"inLanguage\":\"fr-FR\",\"@id\":\"https:\/\/focusonpack.com\/semi-automatic-pet-bottle-blowing-machine\/800bph-semi-automatic-pet-blowing-machine\/#primaryimage\",\"url\":\"https:\/\/focusonpack.com\/wp-content\/uploads\/2025\/03\/Semi-Automatic-PET-Bottle-Blowing-Machine.png\",\"contentUrl\":\"https:\/\/focusonpack.com\/wp-content\/uploads\/2025\/03\/Semi-Automatic-PET-Bottle-Blowing-Machine.png\"},{\"@type\":\"BreadcrumbList\",\"@id\":\"https:\/\/focusonpack.com\/semi-automatic-pet-bottle-blowing-machine\/800bph-semi-automatic-pet-blowing-machine\/#breadcrumb\",\"itemListElement\":[{\"@type\":\"ListItem\",\"position\":1,\"name\":\"\u9996\u9875\",\"item\":\"https:\/\/focusonpack.com\/\"},{\"@type\":\"ListItem\",\"position\":2,\"name\":\"Semi Automatic PET Bottle Blowing Machine\",\"item\":\"https:\/\/focusonpack.com\/semi-automatic-pet-bottle-blowing-machine\/\"},{\"@type\":\"ListItem\",\"position\":3,\"name\":\"800BPH Semi Automatic PET Blowing Machine\"}]},{\"@type\":\"WebSite\",\"@id\":\"https:\/\/focusonpack.com\/#website\",\"url\":\"https:\/\/focusonpack.com\/\",\"name\":\"Focus on pack\",\"description\":\"water processing line,package machine, filling machine\",\"potentialAction\":[{\"@type\":\"SearchAction\",\"target\":{\"@type\":\"EntryPoint\",\"urlTemplate\":\"https:\/\/focusonpack.com\/?s={search_term_string}\"},\"query-input\":{\"@type\":\"PropertyValueSpecification\",\"valueRequired\":true,\"valueName\":\"search_term_string\"}}],\"inLanguage\":\"fr-FR\"}]}<\/script>\n<!-- \/ Yoast SEO plugin. -->","yoast_head_json":{"title":"800BPH Semi Automatic PET Blowing Machine - Focus on pack","robots":{"index":"index","follow":"follow","max-snippet":"max-snippet:-1","max-image-preview":"max-image-preview:large","max-video-preview":"max-video-preview:-1"},"canonical":"https:\/\/focusonpack.com\/fr\/semi-automatic-pet-bottle-blowing-machine\/800bph-semi-automatic-pet-blowing-machine\/","og_locale":"fr_FR","og_type":"article","og_title":"800BPH Semi Automatic PET Blowing Machine - Focus on pack","og_description":"800BPH Semi Automatic PET Blow&hellip;","og_url":"https:\/\/focusonpack.com\/fr\/semi-automatic-pet-bottle-blowing-machine\/800bph-semi-automatic-pet-blowing-machine\/","og_site_name":"Focus on pack","article_modified_time":"2025-03-21T09:09:17+00:00","og_image":[{"url":"https:\/\/focusonpack.com\/wp-content\/uploads\/2025\/03\/Semi-Automatic-PET-Bottle-Blowing-Machine.png","type":"","width":"","height":""}],"twitter_card":"summary_large_image","twitter_misc":{"Dur\u00e9e de lecture estim\u00e9e":"3 minutes"},"schema":{"@context":"https:\/\/schema.org","@graph":[{"@type":"WebPage","@id":"https:\/\/focusonpack.com\/semi-automatic-pet-bottle-blowing-machine\/800bph-semi-automatic-pet-blowing-machine\/","url":"https:\/\/focusonpack.com\/semi-automatic-pet-bottle-blowing-machine\/800bph-semi-automatic-pet-blowing-machine\/","name":"800BPH Semi Automatic PET Blowing Machine - Focus on pack","isPartOf":{"@id":"https:\/\/focusonpack.com\/#website"},"primaryImageOfPage":{"@id":"https:\/\/focusonpack.com\/semi-automatic-pet-bottle-blowing-machine\/800bph-semi-automatic-pet-blowing-machine\/#primaryimage"},"image":{"@id":"https:\/\/focusonpack.com\/semi-automatic-pet-bottle-blowing-machine\/800bph-semi-automatic-pet-blowing-machine\/#primaryimage"},"thumbnailUrl":"https:\/\/focusonpack.com\/wp-content\/uploads\/2025\/03\/Semi-Automatic-PET-Bottle-Blowing-Machine.png","datePublished":"2020-05-11T08:16:47+00:00","dateModified":"2025-03-21T09:09:17+00:00","breadcrumb":{"@id":"https:\/\/focusonpack.com\/semi-automatic-pet-bottle-blowing-machine\/800bph-semi-automatic-pet-blowing-machine\/#breadcrumb"},"inLanguage":"fr-FR","potentialAction":[{"@type":"ReadAction","target":["https:\/\/focusonpack.com\/semi-automatic-pet-bottle-blowing-machine\/800bph-semi-automatic-pet-blowing-machine\/"]}]},{"@type":"ImageObject","inLanguage":"fr-FR","@id":"https:\/\/focusonpack.com\/semi-automatic-pet-bottle-blowing-machine\/800bph-semi-automatic-pet-blowing-machine\/#primaryimage","url":"https:\/\/focusonpack.com\/wp-content\/uploads\/2025\/03\/Semi-Automatic-PET-Bottle-Blowing-Machine.png","contentUrl":"https:\/\/focusonpack.com\/wp-content\/uploads\/2025\/03\/Semi-Automatic-PET-Bottle-Blowing-Machine.png"},{"@type":"BreadcrumbList","@id":"https:\/\/focusonpack.com\/semi-automatic-pet-bottle-blowing-machine\/800bph-semi-automatic-pet-blowing-machine\/#breadcrumb","itemListElement":[{"@type":"ListItem","position":1,"name":"\u9996\u9875","item":"https:\/\/focusonpack.com\/"},{"@type":"ListItem","position":2,"name":"Semi Automatic PET Bottle Blowing Machine","item":"https:\/\/focusonpack.com\/semi-automatic-pet-bottle-blowing-machine\/"},{"@type":"ListItem","position":3,"name":"800BPH Semi Automatic PET Blowing Machine"}]},{"@type":"WebSite","@id":"https:\/\/focusonpack.com\/#website","url":"https:\/\/focusonpack.com\/","name":"Focus on pack","description":"water processing line,package machine, filling machine","potentialAction":[{"@type":"SearchAction","target":{"@type":"EntryPoint","urlTemplate":"https:\/\/focusonpack.com\/?s={search_term_string}"},"query-input":{"@type":"PropertyValueSpecification","valueRequired":true,"valueName":"search_term_string"}}],"inLanguage":"fr-FR"}]}},"_links":{"self":[{"href":"https:\/\/focusonpack.com\/fr\/wp-json\/wp\/v2\/pages\/3114","targetHints":{"allow":["GET"]}}],"collection":[{"href":"https:\/\/focusonpack.com\/fr\/wp-json\/wp\/v2\/pages"}],"about":[{"href":"https:\/\/focusonpack.com\/fr\/wp-json\/wp\/v2\/types\/page"}],"author":[{"embeddable":true,"href":"https:\/\/focusonpack.com\/fr\/wp-json\/wp\/v2\/users\/1"}],"replies":[{"embeddable":true,"href":"https:\/\/focusonpack.com\/fr\/wp-json\/wp\/v2\/comments?post=3114"}],"version-history":[{"count":13,"href":"https:\/\/focusonpack.com\/fr\/wp-json\/wp\/v2\/pages\/3114\/revisions"}],"predecessor-version":[{"id":4552,"href":"https:\/\/focusonpack.com\/fr\/wp-json\/wp\/v2\/pages\/3114\/revisions\/4552"}],"up":[{"embeddable":true,"href":"https:\/\/focusonpack.com\/fr\/wp-json\/wp\/v2\/pages\/2571"}],"wp:attachment":[{"href":"https:\/\/focusonpack.com\/fr\/wp-json\/wp\/v2\/media?parent=3114"}],"curies":[{"name":"wp","href":"https:\/\/api.w.org\/{rel}","templated":true}]}}