{"id":3118,"date":"2020-05-11T16:16:45","date_gmt":"2020-05-11T08:16:45","guid":{"rendered":"https:\/\/focusonpack.com\/?page_id=3118"},"modified":"2025-03-27T16:05:07","modified_gmt":"2025-03-27T08:05:07","slug":"1500bph-semi-automatic-pet-blowing-machine","status":"publish","type":"page","link":"https:\/\/focusonpack.com\/fr\/semi-automatic-pet-bottle-blowing-machine\/1500bph-semi-automatic-pet-blowing-machine\/","title":{"rendered":"1500BPH Semi Automatic PET Blowing Machine"},"content":{"rendered":"<div data-elementor-type=\"wp-page\" data-elementor-id=\"3118\" class=\"elementor elementor-3118\" data-elementor-settings=\"[]\">\n\t\t\t<div class=\"elementor-inner\">\n\t\t\t\t<div class=\"elementor-section-wrap\">\n\t\t\t\t\t\t\t<section class=\"elementor-element elementor-element-2913fc7a elementor-section-boxed elementor-section-height-default elementor-section-height-default elementor-section elementor-top-section\" data-id=\"2913fc7a\" data-element_type=\"section\">\n\t\t\t\t\t\t<div class=\"elementor-container elementor-column-gap-default\">\n\t\t\t\t<div class=\"elementor-row\">\n\t\t\t\t<div class=\"elementor-element elementor-element-1cf96641 elementor-column elementor-col-50 elementor-top-column\" data-id=\"1cf96641\" data-element_type=\"column\">\n\t\t\t<div class=\"elementor-column-wrap  elementor-element-populated\">\n\t\t\t\t\t<div class=\"elementor-widget-wrap\">\n\t\t\t\t<div class=\"elementor-element elementor-element-bbd8a5f elementor-widget elementor-widget-heading\" data-id=\"bbd8a5f\" data-element_type=\"widget\" data-widget_type=\"heading.default\">\n\t\t\t\t<div class=\"elementor-widget-container\">\n\t\t\t<h3 class=\"elementor-heading-title elementor-size-default\">1500BPH Semi Automatic PET Blowing Machine<\/h3>\t\t<\/div>\n\t\t\t\t<\/div>\n\t\t\t\t<div class=\"elementor-element elementor-element-4e1b105d elementor-widget elementor-widget-text-editor\" data-id=\"4e1b105d\" data-element_type=\"widget\" data-widget_type=\"text-editor.default\">\n\t\t\t\t<div class=\"elementor-widget-container\">\n\t\t\t\t\t<div class=\"elementor-text-editor elementor-clearfix\"><p>This semi automatic blow mold machine which comes with 1 piece of preform preheater and 2 pieces of blow moulders is developed based on standard version with 1 piece of preform preheater and 1 piece of blow molder. Specially lengthened and designed preheat can work for 2 pieces of molders. Two operators can blow bottles at same time, which allows to produce two different size bottles. Speed of 1500 bottles per hour can be achieved. This semi automatic PET bottle blowing machine has the ability to produce a variety of sizes and shapes narrow or wide neck PET bottles ranging from 50ml to 5000ml which are widely used in the industry of bottled water, juice, carbonated soft drink, edible oil, cosmetics, personal care, pharmaceutics etc. Features are compact design, high efficiency, power consumption saving, labor cost saving, low price, easy maintaining, microprocessor setting, easy to operate without any special training. It is a ideal solution for start up and small scale bottle maker and drinks manufacturer.<\/p><\/div>\n\t\t\t\t<\/div>\n\t\t\t\t<\/div>\n\t\t\t\t<div class=\"elementor-element elementor-element-3b4a44b1 elementor-widget elementor-widget-heading\" data-id=\"3b4a44b1\" data-element_type=\"widget\" data-widget_type=\"heading.default\">\n\t\t\t\t<div class=\"elementor-widget-container\">\n\t\t\t<h3 class=\"elementor-heading-title elementor-size-default\">Caract\u00e9ristiques principales<\/h3>\t\t<\/div>\n\t\t\t\t<\/div>\n\t\t\t\t<div class=\"elementor-element elementor-element-7c231944 elementor-widget elementor-widget-text-editor\" data-id=\"7c231944\" data-element_type=\"widget\" data-widget_type=\"text-editor.default\">\n\t\t\t\t<div class=\"elementor-widget-container\">\n\t\t\t\t\t<div class=\"elementor-text-editor elementor-clearfix\"><p>\u2022 Heavy duty tubular frame construction<br \/>\u2022 Compact design minimizes footprint<br \/>\u2022 Specially designed preheater helps to save power<br \/>\u2022 Easy to operate without any special training<br \/>\u2022 Original FESTO air cylinder<br \/>\u2022 Quality lamp ensures uniform heating for PET preforms<br \/>\u2022 Heating tubes are adjustable up and down, forward and backward to suite various preform sizes and shapes.<br \/>\u2022 Equipped with special designed air storage unit<br \/>\u2022 Temperature is easily set in microprocessor and independently<br \/>\u2022 Heating zones is adjustable to meet production variations.<\/p><\/div>\n\t\t\t\t<\/div>\n\t\t\t\t<\/div>\n\t\t\t\t<div class=\"elementor-element elementor-element-4603f93a elementor-widget elementor-widget-heading\" data-id=\"4603f93a\" data-element_type=\"widget\" data-widget_type=\"heading.default\">\n\t\t\t\t<div class=\"elementor-widget-container\">\n\t\t\t<h3 class=\"elementor-heading-title elementor-size-default\">Sp\u00e9cifications techniques<\/h3>\t\t<\/div>\n\t\t\t\t<\/div>\n\t\t\t\t<div class=\"elementor-element elementor-element-6da17007 elementor-widget elementor-widget-text-editor\" data-id=\"6da17007\" data-element_type=\"widget\" data-widget_type=\"text-editor.default\">\n\t\t\t\t<div class=\"elementor-widget-container\">\n\t\t\t\t\t<div class=\"elementor-text-editor elementor-clearfix\"><table width=\"760\">\n<tbody>\n<tr>\n<td width=\"241\">Model<\/td>\n<td width=\"235\">HZ-551<\/td>\n<\/tr>\n<tr>\n<td>Applicable Preform Material<\/td>\n<td>PET\/PP<\/td>\n<\/tr>\n<tr>\n<td>Bottle Size and Nos of Cavity<\/td>\n<td>0.05-2.5(4-cavity);3-6(1-cavity)<\/td>\n<\/tr>\n<tr>\n<td>Capacit\u00e9 de production<\/td>\n<td>1400-2000BPH<\/td>\n<\/tr>\n<tr>\n<td>Max Bottle Height<\/td>\n<td>360 mm<\/td>\n<\/tr>\n<tr>\n<td>Max Bottle Diameter<\/td>\n<td>180 mm<\/td>\n<\/tr>\n<tr>\n<td>Max Mould Plate Dimension(LxW)<\/td>\n<td>420&#215;500 mm<\/td>\n<\/tr>\n<tr>\n<td>Clamping Force<\/td>\n<td>180 KN<\/td>\n<\/tr>\n<tr>\n<td>Consommation \u00e9lectrique<\/td>\n<td>24 kw<\/td>\n<\/tr>\n<tr>\n<td>Power Supply<\/td>\n<td>220~380V\/50~60 HZ<\/td>\n<\/tr>\n<tr>\n<td>Machine Dimension(L x W x H)<\/td>\n<td>1.66&#215;0.74&#215;2.2 M<\/td>\n<\/tr>\n<tr>\n<td>Poids de la machine<\/td>\n<td>700kgs (approx)<\/td>\n<\/tr>\n<tr>\n<td>Preheater Dimension(L x W x H)<\/td>\n<td>1.77&#215;0.72&#215;1.58<\/td>\n<\/tr>\n<tr>\n<td>Preheater Weight<\/td>\n<td>500 kgs(approx)<\/td>\n<\/tr>\n<\/tbody>\n<\/table><\/div>\n\t\t\t\t<\/div>\n\t\t\t\t<\/div>\n\t\t\t\t<div class=\"elementor-element elementor-element-6ec3278e elementor-widget elementor-widget-text-editor\" data-id=\"6ec3278e\" data-element_type=\"widget\" data-widget_type=\"text-editor.default\">\n\t\t\t\t<div class=\"elementor-widget-container\">\n\t\t\t\t\t<div class=\"elementor-text-editor elementor-clearfix\"><p>\u00a0<\/p><p>* Les sp\u00e9cifications peuvent \u00eatre modifi\u00e9es sans pr\u00e9avis. Tous droits r\u00e9serv\u00e9s.<\/p><\/div>\n\t\t\t\t<\/div>\n\t\t\t\t<\/div>\n\t\t\t\t\t\t<\/div>\n\t\t\t<\/div>\n\t\t<\/div>\n\t\t\t\t<div class=\"elementor-element elementor-element-7e6f49c4 elementor-column elementor-col-50 elementor-top-column\" data-id=\"7e6f49c4\" data-element_type=\"column\">\n\t\t\t<div class=\"elementor-column-wrap  elementor-element-populated\">\n\t\t\t\t\t<div class=\"elementor-widget-wrap\">\n\t\t\t\t<div class=\"elementor-element elementor-element-2d4634f7 elementor-widget elementor-widget-image\" data-id=\"2d4634f7\" data-element_type=\"widget\" data-widget_type=\"image.default\">\n\t\t\t\t<div class=\"elementor-widget-container\">\n\t\t\t\t\t<div class=\"elementor-image\">\n\t\t\t\t\t\t\t\t\t\t\t<a href=\"https:\/\/focusonpack.com\/wp-content\/uploads\/2025\/03\/1500BPH-Semi-Automatic-PET-Blowing-Machine-logo.png\">\n\t\t\t\t\t\t\t<img loading=\"lazy\" decoding=\"async\" width=\"1065\" height=\"791\" src=\"https:\/\/focusonpack.com\/wp-content\/uploads\/2025\/03\/1500BPH-Semi-Automatic-PET-Blowing-Machine.png\" class=\"elementor-animation-grow attachment-full size-full\" alt=\"\" srcset=\"https:\/\/focusonpack.com\/wp-content\/uploads\/2025\/03\/1500BPH-Semi-Automatic-PET-Blowing-Machine.png 1065w, https:\/\/focusonpack.com\/wp-content\/uploads\/2025\/03\/1500BPH-Semi-Automatic-PET-Blowing-Machine-300x223.png 300w, https:\/\/focusonpack.com\/wp-content\/uploads\/2025\/03\/1500BPH-Semi-Automatic-PET-Blowing-Machine-1024x761.png 1024w, https:\/\/focusonpack.com\/wp-content\/uploads\/2025\/03\/1500BPH-Semi-Automatic-PET-Blowing-Machine-768x570.png 768w, https:\/\/focusonpack.com\/wp-content\/uploads\/2025\/03\/1500BPH-Semi-Automatic-PET-Blowing-Machine-270x200.png 270w, https:\/\/focusonpack.com\/wp-content\/uploads\/2025\/03\/1500BPH-Semi-Automatic-PET-Blowing-Machine-600x446.png 600w\" sizes=\"auto, (max-width: 1065px) 100vw, 1065px\" \/>\t\t\t\t\t\t\t\t<\/a>\n\t\t\t\t\t\t\t\t\t\t\t<\/div>\n\t\t\t\t<\/div>\n\t\t\t\t<\/div>\n\t\t\t\t<div class=\"elementor-element elementor-element-6fcaa1fa elementor-button-info elementor-align-center elementor-widget elementor-widget-button\" data-id=\"6fcaa1fa\" data-element_type=\"widget\" data-widget_type=\"button.default\">\n\t\t\t\t<div class=\"elementor-widget-container\">\n\t\t\t\t\t<div class=\"elementor-button-wrapper\">\n\t\t\t<a href=\"https:\/\/focusonpack.com\/fr\/nous-contacter\/\" class=\"elementor-button-link elementor-button elementor-size-sm\" role=\"button\">\n\t\t\t\t\t\t<span class=\"elementor-button-content-wrapper\">\n\t\t\t\t\t\t<span class=\"elementor-button-text\">Demande de devis<\/span>\n\t\t<\/span>\n\t\t\t\t\t<\/a>\n\t\t<\/div>\n\t\t\t\t<\/div>\n\t\t\t\t<\/div>\n\t\t\t\t\t\t<\/div>\n\t\t\t<\/div>\n\t\t<\/div>\n\t\t\t\t\t\t<\/div>\n\t\t\t<\/div>\n\t\t<\/section>\n\t\t\t\t\t\t<\/div>\n\t\t\t<\/div>\n\t\t<\/div>","protected":false},"excerpt":{"rendered":"<p>1500BPH Semi Automatic PET Blo&hellip;<\/p>","protected":false},"author":1,"featured_media":0,"parent":2571,"menu_order":0,"comment_status":"closed","ping_status":"closed","template":"elementor_header_footer","meta":{"footnotes":""},"class_list":["post-3118","page","type-page","status-publish","hentry","no-thumb"],"yoast_head":"<!-- This site is optimized with the Yoast SEO plugin v24.8.1 - https:\/\/yoast.com\/wordpress\/plugins\/seo\/ -->\n<title>1500BPH Semi Automatic PET Blowing Machine - Focus on pack<\/title>\n<meta name=\"robots\" content=\"index, follow, max-snippet:-1, max-image-preview:large, max-video-preview:-1\" \/>\n<link rel=\"canonical\" href=\"https:\/\/focusonpack.com\/fr\/semi-automatic-pet-bottle-blowing-machine\/1500bph-semi-automatic-pet-blowing-machine\/\" \/>\n<meta property=\"og:locale\" content=\"fr_FR\" \/>\n<meta property=\"og:type\" content=\"article\" \/>\n<meta property=\"og:title\" content=\"1500BPH Semi Automatic PET Blowing Machine - Focus on pack\" \/>\n<meta property=\"og:description\" content=\"1500BPH Semi Automatic PET Blo&hellip;\" \/>\n<meta property=\"og:url\" content=\"https:\/\/focusonpack.com\/fr\/semi-automatic-pet-bottle-blowing-machine\/1500bph-semi-automatic-pet-blowing-machine\/\" \/>\n<meta property=\"og:site_name\" content=\"Focus on pack\" \/>\n<meta property=\"article:modified_time\" content=\"2025-03-27T08:05:07+00:00\" \/>\n<meta property=\"og:image\" content=\"https:\/\/focusonpack.com\/wp-content\/uploads\/2025\/03\/1500BPH-Semi-Automatic-PET-Blowing-Machine.png\" \/>\n<meta name=\"twitter:card\" content=\"summary_large_image\" \/>\n<meta name=\"twitter:label1\" content=\"Dur\u00e9e de lecture estim\u00e9e\" \/>\n\t<meta name=\"twitter:data1\" content=\"3 minutes\" \/>\n<script type=\"application\/ld+json\" class=\"yoast-schema-graph\">{\"@context\":\"https:\/\/schema.org\",\"@graph\":[{\"@type\":\"WebPage\",\"@id\":\"https:\/\/focusonpack.com\/semi-automatic-pet-bottle-blowing-machine\/1500bph-semi-automatic-pet-blowing-machine\/\",\"url\":\"https:\/\/focusonpack.com\/semi-automatic-pet-bottle-blowing-machine\/1500bph-semi-automatic-pet-blowing-machine\/\",\"name\":\"1500BPH Semi Automatic PET Blowing Machine - Focus on pack\",\"isPartOf\":{\"@id\":\"https:\/\/focusonpack.com\/#website\"},\"primaryImageOfPage\":{\"@id\":\"https:\/\/focusonpack.com\/semi-automatic-pet-bottle-blowing-machine\/1500bph-semi-automatic-pet-blowing-machine\/#primaryimage\"},\"image\":{\"@id\":\"https:\/\/focusonpack.com\/semi-automatic-pet-bottle-blowing-machine\/1500bph-semi-automatic-pet-blowing-machine\/#primaryimage\"},\"thumbnailUrl\":\"https:\/\/focusonpack.com\/wp-content\/uploads\/2025\/03\/1500BPH-Semi-Automatic-PET-Blowing-Machine.png\",\"datePublished\":\"2020-05-11T08:16:45+00:00\",\"dateModified\":\"2025-03-27T08:05:07+00:00\",\"breadcrumb\":{\"@id\":\"https:\/\/focusonpack.com\/semi-automatic-pet-bottle-blowing-machine\/1500bph-semi-automatic-pet-blowing-machine\/#breadcrumb\"},\"inLanguage\":\"fr-FR\",\"potentialAction\":[{\"@type\":\"ReadAction\",\"target\":[\"https:\/\/focusonpack.com\/semi-automatic-pet-bottle-blowing-machine\/1500bph-semi-automatic-pet-blowing-machine\/\"]}]},{\"@type\":\"ImageObject\",\"inLanguage\":\"fr-FR\",\"@id\":\"https:\/\/focusonpack.com\/semi-automatic-pet-bottle-blowing-machine\/1500bph-semi-automatic-pet-blowing-machine\/#primaryimage\",\"url\":\"https:\/\/focusonpack.com\/wp-content\/uploads\/2025\/03\/1500BPH-Semi-Automatic-PET-Blowing-Machine.png\",\"contentUrl\":\"https:\/\/focusonpack.com\/wp-content\/uploads\/2025\/03\/1500BPH-Semi-Automatic-PET-Blowing-Machine.png\"},{\"@type\":\"BreadcrumbList\",\"@id\":\"https:\/\/focusonpack.com\/semi-automatic-pet-bottle-blowing-machine\/1500bph-semi-automatic-pet-blowing-machine\/#breadcrumb\",\"itemListElement\":[{\"@type\":\"ListItem\",\"position\":1,\"name\":\"\u9996\u9875\",\"item\":\"https:\/\/focusonpack.com\/\"},{\"@type\":\"ListItem\",\"position\":2,\"name\":\"Semi Automatic PET Bottle Blowing Machine\",\"item\":\"https:\/\/focusonpack.com\/semi-automatic-pet-bottle-blowing-machine\/\"},{\"@type\":\"ListItem\",\"position\":3,\"name\":\"1500BPH Semi Automatic PET Blowing Machine\"}]},{\"@type\":\"WebSite\",\"@id\":\"https:\/\/focusonpack.com\/#website\",\"url\":\"https:\/\/focusonpack.com\/\",\"name\":\"Focus on pack\",\"description\":\"water processing line,package machine, filling machine\",\"potentialAction\":[{\"@type\":\"SearchAction\",\"target\":{\"@type\":\"EntryPoint\",\"urlTemplate\":\"https:\/\/focusonpack.com\/?s={search_term_string}\"},\"query-input\":{\"@type\":\"PropertyValueSpecification\",\"valueRequired\":true,\"valueName\":\"search_term_string\"}}],\"inLanguage\":\"fr-FR\"}]}<\/script>\n<!-- \/ Yoast SEO plugin. -->","yoast_head_json":{"title":"1500BPH Semi Automatic PET Blowing Machine - Focus on pack","robots":{"index":"index","follow":"follow","max-snippet":"max-snippet:-1","max-image-preview":"max-image-preview:large","max-video-preview":"max-video-preview:-1"},"canonical":"https:\/\/focusonpack.com\/fr\/semi-automatic-pet-bottle-blowing-machine\/1500bph-semi-automatic-pet-blowing-machine\/","og_locale":"fr_FR","og_type":"article","og_title":"1500BPH Semi Automatic PET Blowing Machine - Focus on pack","og_description":"1500BPH Semi Automatic PET Blo&hellip;","og_url":"https:\/\/focusonpack.com\/fr\/semi-automatic-pet-bottle-blowing-machine\/1500bph-semi-automatic-pet-blowing-machine\/","og_site_name":"Focus on pack","article_modified_time":"2025-03-27T08:05:07+00:00","og_image":[{"url":"https:\/\/focusonpack.com\/wp-content\/uploads\/2025\/03\/1500BPH-Semi-Automatic-PET-Blowing-Machine.png","type":"","width":"","height":""}],"twitter_card":"summary_large_image","twitter_misc":{"Dur\u00e9e de lecture estim\u00e9e":"3 minutes"},"schema":{"@context":"https:\/\/schema.org","@graph":[{"@type":"WebPage","@id":"https:\/\/focusonpack.com\/semi-automatic-pet-bottle-blowing-machine\/1500bph-semi-automatic-pet-blowing-machine\/","url":"https:\/\/focusonpack.com\/semi-automatic-pet-bottle-blowing-machine\/1500bph-semi-automatic-pet-blowing-machine\/","name":"1500BPH Semi Automatic PET Blowing Machine - Focus on pack","isPartOf":{"@id":"https:\/\/focusonpack.com\/#website"},"primaryImageOfPage":{"@id":"https:\/\/focusonpack.com\/semi-automatic-pet-bottle-blowing-machine\/1500bph-semi-automatic-pet-blowing-machine\/#primaryimage"},"image":{"@id":"https:\/\/focusonpack.com\/semi-automatic-pet-bottle-blowing-machine\/1500bph-semi-automatic-pet-blowing-machine\/#primaryimage"},"thumbnailUrl":"https:\/\/focusonpack.com\/wp-content\/uploads\/2025\/03\/1500BPH-Semi-Automatic-PET-Blowing-Machine.png","datePublished":"2020-05-11T08:16:45+00:00","dateModified":"2025-03-27T08:05:07+00:00","breadcrumb":{"@id":"https:\/\/focusonpack.com\/semi-automatic-pet-bottle-blowing-machine\/1500bph-semi-automatic-pet-blowing-machine\/#breadcrumb"},"inLanguage":"fr-FR","potentialAction":[{"@type":"ReadAction","target":["https:\/\/focusonpack.com\/semi-automatic-pet-bottle-blowing-machine\/1500bph-semi-automatic-pet-blowing-machine\/"]}]},{"@type":"ImageObject","inLanguage":"fr-FR","@id":"https:\/\/focusonpack.com\/semi-automatic-pet-bottle-blowing-machine\/1500bph-semi-automatic-pet-blowing-machine\/#primaryimage","url":"https:\/\/focusonpack.com\/wp-content\/uploads\/2025\/03\/1500BPH-Semi-Automatic-PET-Blowing-Machine.png","contentUrl":"https:\/\/focusonpack.com\/wp-content\/uploads\/2025\/03\/1500BPH-Semi-Automatic-PET-Blowing-Machine.png"},{"@type":"BreadcrumbList","@id":"https:\/\/focusonpack.com\/semi-automatic-pet-bottle-blowing-machine\/1500bph-semi-automatic-pet-blowing-machine\/#breadcrumb","itemListElement":[{"@type":"ListItem","position":1,"name":"\u9996\u9875","item":"https:\/\/focusonpack.com\/"},{"@type":"ListItem","position":2,"name":"Semi Automatic PET Bottle Blowing Machine","item":"https:\/\/focusonpack.com\/semi-automatic-pet-bottle-blowing-machine\/"},{"@type":"ListItem","position":3,"name":"1500BPH Semi Automatic PET Blowing Machine"}]},{"@type":"WebSite","@id":"https:\/\/focusonpack.com\/#website","url":"https:\/\/focusonpack.com\/","name":"Focus on pack","description":"water processing line,package machine, filling machine","potentialAction":[{"@type":"SearchAction","target":{"@type":"EntryPoint","urlTemplate":"https:\/\/focusonpack.com\/?s={search_term_string}"},"query-input":{"@type":"PropertyValueSpecification","valueRequired":true,"valueName":"search_term_string"}}],"inLanguage":"fr-FR"}]}},"_links":{"self":[{"href":"https:\/\/focusonpack.com\/fr\/wp-json\/wp\/v2\/pages\/3118","targetHints":{"allow":["GET"]}}],"collection":[{"href":"https:\/\/focusonpack.com\/fr\/wp-json\/wp\/v2\/pages"}],"about":[{"href":"https:\/\/focusonpack.com\/fr\/wp-json\/wp\/v2\/types\/page"}],"author":[{"embeddable":true,"href":"https:\/\/focusonpack.com\/fr\/wp-json\/wp\/v2\/users\/1"}],"replies":[{"embeddable":true,"href":"https:\/\/focusonpack.com\/fr\/wp-json\/wp\/v2\/comments?post=3118"}],"version-history":[{"count":11,"href":"https:\/\/focusonpack.com\/fr\/wp-json\/wp\/v2\/pages\/3118\/revisions"}],"predecessor-version":[{"id":4596,"href":"https:\/\/focusonpack.com\/fr\/wp-json\/wp\/v2\/pages\/3118\/revisions\/4596"}],"up":[{"embeddable":true,"href":"https:\/\/focusonpack.com\/fr\/wp-json\/wp\/v2\/pages\/2571"}],"wp:attachment":[{"href":"https:\/\/focusonpack.com\/fr\/wp-json\/wp\/v2\/media?parent=3118"}],"curies":[{"name":"wp","href":"https:\/\/api.w.org\/{rel}","templated":true}]}}