{"id":3304,"date":"2020-05-15T16:53:53","date_gmt":"2020-05-15T08:53:53","guid":{"rendered":"https:\/\/focusonpack.com\/?page_id=3304"},"modified":"2025-03-29T15:58:35","modified_gmt":"2025-03-29T07:58:35","slug":"automatic-economical-thin-and-thick-liquid-volumetric-piston-filling-machine","status":"publish","type":"page","link":"https:\/\/focusonpack.com\/fr\/machine-de-remplissage-a-piston\/remplisseuse-automatique-economique-a-piston-volumetrique-pour-liquides-minces-et-epais\/","title":{"rendered":"Remplisseuse volum\u00e9trique \u00e0 piston pour liquides minces et \u00e9pais, automatique et \u00e9conomique"},"content":{"rendered":"<div data-elementor-type=\"wp-page\" data-elementor-id=\"3304\" class=\"elementor elementor-3304\" data-elementor-settings=\"[]\">\n\t\t\t<div class=\"elementor-inner\">\n\t\t\t\t<div class=\"elementor-section-wrap\">\n\t\t\t\t\t\t\t<section class=\"elementor-element elementor-element-75d46199 elementor-section-boxed elementor-section-height-default elementor-section-height-default elementor-section elementor-top-section\" data-id=\"75d46199\" data-element_type=\"section\">\n\t\t\t\t\t\t<div class=\"elementor-container elementor-column-gap-default\">\n\t\t\t\t<div class=\"elementor-row\">\n\t\t\t\t<div class=\"elementor-element elementor-element-74b1511c elementor-column elementor-col-50 elementor-top-column\" data-id=\"74b1511c\" data-element_type=\"column\">\n\t\t\t<div class=\"elementor-column-wrap  elementor-element-populated\">\n\t\t\t\t\t<div class=\"elementor-widget-wrap\">\n\t\t\t\t<div class=\"elementor-element elementor-element-12c2f04a elementor-widget elementor-widget-heading\" data-id=\"12c2f04a\" data-element_type=\"widget\" data-widget_type=\"heading.default\">\n\t\t\t\t<div class=\"elementor-widget-container\">\n\t\t\t<h3 class=\"elementor-heading-title elementor-size-default\">Remplisseuse volum\u00e9trique \u00e0 piston pour liquides minces et \u00e9pais, automatique et \u00e9conomique<\/h3>\t\t<\/div>\n\t\t\t\t<\/div>\n\t\t\t\t<div class=\"elementor-element elementor-element-7634e895 elementor-widget elementor-widget-heading\" data-id=\"7634e895\" data-element_type=\"widget\" data-widget_type=\"heading.default\">\n\t\t\t\t<div class=\"elementor-widget-container\">\n\t\t\t<h3 class=\"elementor-heading-title elementor-size-default\">Remplisseuse automatique \u00e0 piston pour liquides peu ou tr\u00e8s visqueux, \u00e0 prix abordable<\/h3>\t\t<\/div>\n\t\t\t\t<\/div>\n\t\t\t\t<div class=\"elementor-element elementor-element-4ebe2c42 elementor-widget elementor-widget-text-editor\" data-id=\"4ebe2c42\" data-element_type=\"widget\" data-widget_type=\"text-editor.default\">\n\t\t\t\t<div class=\"elementor-widget-container\">\n\t\t\t\t\t<div class=\"elementor-text-editor elementor-clearfix\"><p>Cette machine \u00e9conomique de remplissage volum\u00e9trique lin\u00e9aire \u00e0 piston enti\u00e8rement automatique est une version am\u00e9lior\u00e9e de la machine de remplissage \u00e0 piston semi-automatique pour augmenter la production et r\u00e9duire les co\u00fbts de main-d'\u0153uvre. d'augmenter la production et de r\u00e9duire les co\u00fbts de main d'\u0153uvre en automatisant votre ligne avec votre remplisseuse \u00e0 piston de table \u00e0 2 ou 4 t\u00eates existante. Ce syst\u00e8me d'automatisation comprend un ch\u00e2ssis en acier inoxydable tr\u00e8s r\u00e9sistant, des commandes \u00e0 \u00e9cran tactile, des portes d'indexation pneumatiques et des capteurs pour emp\u00eacher le remplissage en l'absence de bouteilles, ainsi qu'un convoyeur. .<\/p><\/div>\n\t\t\t\t<\/div>\n\t\t\t\t<\/div>\n\t\t\t\t<div class=\"elementor-element elementor-element-77142790 elementor-widget elementor-widget-text-editor\" data-id=\"77142790\" data-element_type=\"widget\" data-widget_type=\"text-editor.default\">\n\t\t\t\t<div class=\"elementor-widget-container\">\n\t\t\t\t\t<div class=\"elementor-text-editor elementor-clearfix\"><p>Disponible en 2 et 4 t\u00eates de remplissage, un plateau tournant, une capsuleuse pneumatique manuelle ou une capsuleuse \u00e0 moteur peuvent \u00eatre incorpor\u00e9s au convoyeur pour augmenter la production et r\u00e9duire les co\u00fbts de main-d'\u0153uvre. Un plateau tournant, une capsuleuse pneumatique manuelle ou une capsuleuse \u00e0 moteur peuvent \u00eatre incorpor\u00e9s au convoyeur pour augmenter la production et r\u00e9duire les co\u00fbts de main-d'\u0153uvre. Le clapet anti-retour et la vanne rotative sont disponibles pour traiter les liquides de faible \u00e0 forte viscosit\u00e9, les cr\u00e8mes et les p\u00e2tes contenant des morceaux ou des particules. Les clapets anti-retour et les vannes rotatives sont disponibles pour traiter les liquides de faible \u00e0 forte viscosit\u00e9, les cr\u00e8mes et les p\u00e2tes contenant des morceaux ou des particules.<\/p><\/div>\n\t\t\t\t<\/div>\n\t\t\t\t<\/div>\n\t\t\t\t<div class=\"elementor-element elementor-element-7c4b8361 elementor-widget elementor-widget-heading\" data-id=\"7c4b8361\" data-element_type=\"widget\" data-widget_type=\"heading.default\">\n\t\t\t\t<div class=\"elementor-widget-container\">\n\t\t\t<h3 class=\"elementor-heading-title elementor-size-default\">Caract\u00e9ristiques principales<\/h3>\t\t<\/div>\n\t\t\t\t<\/div>\n\t\t\t\t<div class=\"elementor-element elementor-element-7c05a1c9 elementor-widget elementor-widget-text-editor\" data-id=\"7c05a1c9\" data-element_type=\"widget\" data-widget_type=\"text-editor.default\">\n\t\t\t\t<div class=\"elementor-widget-container\">\n\t\t\t\t\t<div class=\"elementor-text-editor elementor-clearfix\"><p>- Nombre de t\u00eates de remplissage 1, 2 et 4<\/p>\n<p>- Volume de remplissage jusqu'\u00e0 5000ml<\/p>\n<p>- Construction robuste en acier inoxydable<\/p>\n<p>- Vanne rotative pour les liquides \u00e0 haute viscosit\u00e9 et clapet anti-retour pour les liquides \u00e0 faible viscosit\u00e9 en option<\/p>\n<p>- Contr\u00f4le PLC et interface d'exploitation \u00e0 \u00e9cran tactile<\/p>\n<p>- Kit d'indexation automatique des bouteilles<\/p>\n<p>- Capteur d'absence de bouteille\/de remplissage<\/p>\n<p>- Changements simples et rapides<\/p>\n<p>- Con\u00e7u pour un nettoyage facile<\/p>\n<p>- Augmenter la capacit\u00e9 de production<\/p>\n<p>- Lib\u00e8re les mains de l'op\u00e9rateur pour plus de travail<\/p><\/div>\n\t\t\t\t<\/div>\n\t\t\t\t<\/div>\n\t\t\t\t<div class=\"elementor-element elementor-element-4de1baae elementor-widget elementor-widget-text-editor\" data-id=\"4de1baae\" data-element_type=\"widget\" data-widget_type=\"text-editor.default\">\n\t\t\t\t<div class=\"elementor-widget-container\">\n\t\t\t\t\t<div class=\"elementor-text-editor elementor-clearfix\"><p>* Les sp\u00e9cifications peuvent \u00eatre modifi\u00e9es sans pr\u00e9avis. Tous droits r\u00e9serv\u00e9s.<\/p><\/div>\n\t\t\t\t<\/div>\n\t\t\t\t<\/div>\n\t\t\t\t<div class=\"elementor-element elementor-element-471fda49 elementor-widget elementor-widget-text-editor\" data-id=\"471fda49\" data-element_type=\"widget\" data-widget_type=\"text-editor.default\">\n\t\t\t\t<div class=\"elementor-widget-container\">\n\t\t\t\t\t<div class=\"elementor-text-editor elementor-clearfix\"><p>Le choix d'une machine de remplissage automatique \u00e0 piston est un grand d\u00e9fi pour les clients.<\/p>\n<p>choisir une machine de remplissage \u00e0 piston, merci de m'en faire part<\/p>\n<p>- Quel produit remplir ?<\/p>\n<p>- Quelle capacit\u00e9 de production atteindre<\/p>\n<p>- Quels sont le mat\u00e9riau et la forme des conteneurs ?<\/p>\n<p>- Quelle est la taille des conteneurs \u00e0 remplir ?<\/p>\n<p>Notre \u00e9quipe de professionnels vous aidera \u00e0 choisir<\/p>\n<p>N'h\u00e9sitez donc pas \u00e0 nous contacter pour obtenir des conseils sp\u00e9cifiques sur la meilleure solution pour vous.<\/p><\/div>\n\t\t\t\t<\/div>\n\t\t\t\t<\/div>\n\t\t\t\t\t\t<\/div>\n\t\t\t<\/div>\n\t\t<\/div>\n\t\t\t\t<div class=\"elementor-element elementor-element-377d2316 elementor-column elementor-col-50 elementor-top-column\" data-id=\"377d2316\" data-element_type=\"column\">\n\t\t\t<div class=\"elementor-column-wrap  elementor-element-populated\">\n\t\t\t\t\t<div class=\"elementor-widget-wrap\">\n\t\t\t\t<div class=\"elementor-element elementor-element-6a31757 elementor-widget elementor-widget-spacer\" data-id=\"6a31757\" data-element_type=\"widget\" data-widget_type=\"spacer.default\">\n\t\t\t\t<div class=\"elementor-widget-container\">\n\t\t\t\t\t<div class=\"elementor-spacer\">\n\t\t\t<div class=\"elementor-spacer-inner\"><\/div>\n\t\t<\/div>\n\t\t\t\t<\/div>\n\t\t\t\t<\/div>\n\t\t\t\t<div class=\"elementor-element elementor-element-46bc68a0 elementor-widget elementor-widget-image\" data-id=\"46bc68a0\" data-element_type=\"widget\" data-widget_type=\"image.default\">\n\t\t\t\t<div class=\"elementor-widget-container\">\n\t\t\t\t\t<div class=\"elementor-image\">\n\t\t\t\t\t\t\t\t\t\t<img loading=\"lazy\" decoding=\"async\" width=\"294\" height=\"194\" src=\"https:\/\/focusonpack.com\/wp-content\/uploads\/2020\/05\/thin.jpg\" class=\"elementor-animation-grow attachment-full size-full\" alt=\"\" \/>\t\t\t\t\t\t\t\t\t\t\t<\/div>\n\t\t\t\t<\/div>\n\t\t\t\t<\/div>\n\t\t\t\t<div class=\"elementor-element elementor-element-2ec7bf13 elementor-button-info elementor-align-center elementor-widget elementor-widget-button\" data-id=\"2ec7bf13\" data-element_type=\"widget\" data-widget_type=\"button.default\">\n\t\t\t\t<div class=\"elementor-widget-container\">\n\t\t\t\t\t<div class=\"elementor-button-wrapper\">\n\t\t\t<a href=\"https:\/\/focusonpack.com\/fr\/nous-contacter\/\" class=\"elementor-button-link elementor-button elementor-size-sm\" role=\"button\">\n\t\t\t\t\t\t<span class=\"elementor-button-content-wrapper\">\n\t\t\t\t\t\t<span class=\"elementor-button-text\">Demande de devis<\/span>\n\t\t<\/span>\n\t\t\t\t\t<\/a>\n\t\t<\/div>\n\t\t\t\t<\/div>\n\t\t\t\t<\/div>\n\t\t\t\t\t\t<\/div>\n\t\t\t<\/div>\n\t\t<\/div>\n\t\t\t\t\t\t<\/div>\n\t\t\t<\/div>\n\t\t<\/section>\n\t\t\t\t\t\t<\/div>\n\t\t\t<\/div>\n\t\t<\/div>","protected":false},"excerpt":{"rendered":"<p>Automatic Economical Thin and &hellip;<\/p>","protected":false},"author":1,"featured_media":0,"parent":2495,"menu_order":0,"comment_status":"closed","ping_status":"closed","template":"elementor_header_footer","meta":{"footnotes":""},"class_list":["post-3304","page","type-page","status-publish","hentry","no-thumb"],"yoast_head":"<!-- This site is optimized with the Yoast SEO plugin v24.8.1 - https:\/\/yoast.com\/wordpress\/plugins\/seo\/ -->\n<title>Automatic Economical Thin and Thick Liquid Volumetric Piston Filling Machine - Focus on pack<\/title>\n<meta name=\"robots\" content=\"index, follow, max-snippet:-1, max-image-preview:large, max-video-preview:-1\" \/>\n<link rel=\"canonical\" href=\"https:\/\/focusonpack.com\/fr\/machine-de-remplissage-a-piston\/remplisseuse-automatique-economique-a-piston-volumetrique-pour-liquides-minces-et-epais\/\" \/>\n<meta property=\"og:locale\" content=\"fr_FR\" \/>\n<meta property=\"og:type\" content=\"article\" \/>\n<meta property=\"og:title\" content=\"Automatic Economical Thin and Thick Liquid Volumetric Piston Filling Machine - Focus on pack\" \/>\n<meta property=\"og:description\" content=\"Automatic Economical Thin and &hellip;\" \/>\n<meta property=\"og:url\" content=\"https:\/\/focusonpack.com\/fr\/machine-de-remplissage-a-piston\/remplisseuse-automatique-economique-a-piston-volumetrique-pour-liquides-minces-et-epais\/\" \/>\n<meta property=\"og:site_name\" content=\"Focus on pack\" \/>\n<meta property=\"article:modified_time\" content=\"2025-03-29T07:58:35+00:00\" \/>\n<meta property=\"og:image\" content=\"https:\/\/focusonpack.com\/wp-content\/uploads\/2020\/05\/thin.jpg\" \/>\n<meta name=\"twitter:card\" content=\"summary_large_image\" \/>\n<meta name=\"twitter:label1\" content=\"Dur\u00e9e de lecture estim\u00e9e\" \/>\n\t<meta name=\"twitter:data1\" content=\"2 minutes\" \/>\n<script type=\"application\/ld+json\" class=\"yoast-schema-graph\">{\"@context\":\"https:\/\/schema.org\",\"@graph\":[{\"@type\":\"WebPage\",\"@id\":\"https:\/\/focusonpack.com\/piston-filling-machine\/automatic-economical-thin-and-thick-liquid-volumetric-piston-filling-machine\/\",\"url\":\"https:\/\/focusonpack.com\/piston-filling-machine\/automatic-economical-thin-and-thick-liquid-volumetric-piston-filling-machine\/\",\"name\":\"Automatic Economical Thin and Thick Liquid Volumetric Piston Filling Machine - Focus on pack\",\"isPartOf\":{\"@id\":\"https:\/\/focusonpack.com\/#website\"},\"primaryImageOfPage\":{\"@id\":\"https:\/\/focusonpack.com\/piston-filling-machine\/automatic-economical-thin-and-thick-liquid-volumetric-piston-filling-machine\/#primaryimage\"},\"image\":{\"@id\":\"https:\/\/focusonpack.com\/piston-filling-machine\/automatic-economical-thin-and-thick-liquid-volumetric-piston-filling-machine\/#primaryimage\"},\"thumbnailUrl\":\"https:\/\/focusonpack.com\/wp-content\/uploads\/2020\/05\/thin.jpg\",\"datePublished\":\"2020-05-15T08:53:53+00:00\",\"dateModified\":\"2025-03-29T07:58:35+00:00\",\"breadcrumb\":{\"@id\":\"https:\/\/focusonpack.com\/piston-filling-machine\/automatic-economical-thin-and-thick-liquid-volumetric-piston-filling-machine\/#breadcrumb\"},\"inLanguage\":\"fr-FR\",\"potentialAction\":[{\"@type\":\"ReadAction\",\"target\":[\"https:\/\/focusonpack.com\/piston-filling-machine\/automatic-economical-thin-and-thick-liquid-volumetric-piston-filling-machine\/\"]}]},{\"@type\":\"ImageObject\",\"inLanguage\":\"fr-FR\",\"@id\":\"https:\/\/focusonpack.com\/piston-filling-machine\/automatic-economical-thin-and-thick-liquid-volumetric-piston-filling-machine\/#primaryimage\",\"url\":\"https:\/\/focusonpack.com\/wp-content\/uploads\/2020\/05\/thin.jpg\",\"contentUrl\":\"https:\/\/focusonpack.com\/wp-content\/uploads\/2020\/05\/thin.jpg\"},{\"@type\":\"BreadcrumbList\",\"@id\":\"https:\/\/focusonpack.com\/piston-filling-machine\/automatic-economical-thin-and-thick-liquid-volumetric-piston-filling-machine\/#breadcrumb\",\"itemListElement\":[{\"@type\":\"ListItem\",\"position\":1,\"name\":\"\u9996\u9875\",\"item\":\"https:\/\/focusonpack.com\/\"},{\"@type\":\"ListItem\",\"position\":2,\"name\":\"Piston Filling Machine\",\"item\":\"https:\/\/focusonpack.com\/piston-filling-machine\/\"},{\"@type\":\"ListItem\",\"position\":3,\"name\":\"Automatic Economical Thin and Thick Liquid Volumetric Piston Filling Machine\"}]},{\"@type\":\"WebSite\",\"@id\":\"https:\/\/focusonpack.com\/#website\",\"url\":\"https:\/\/focusonpack.com\/\",\"name\":\"Focus on pack\",\"description\":\"water processing line,package machine, filling machine\",\"potentialAction\":[{\"@type\":\"SearchAction\",\"target\":{\"@type\":\"EntryPoint\",\"urlTemplate\":\"https:\/\/focusonpack.com\/?s={search_term_string}\"},\"query-input\":{\"@type\":\"PropertyValueSpecification\",\"valueRequired\":true,\"valueName\":\"search_term_string\"}}],\"inLanguage\":\"fr-FR\"}]}<\/script>\n<!-- \/ Yoast SEO plugin. -->","yoast_head_json":{"title":"Automatic Economical Thin and Thick Liquid Volumetric Piston Filling Machine - Focus on pack","robots":{"index":"index","follow":"follow","max-snippet":"max-snippet:-1","max-image-preview":"max-image-preview:large","max-video-preview":"max-video-preview:-1"},"canonical":"https:\/\/focusonpack.com\/fr\/machine-de-remplissage-a-piston\/remplisseuse-automatique-economique-a-piston-volumetrique-pour-liquides-minces-et-epais\/","og_locale":"fr_FR","og_type":"article","og_title":"Automatic Economical Thin and Thick Liquid Volumetric Piston Filling Machine - Focus on pack","og_description":"Automatic Economical Thin and &hellip;","og_url":"https:\/\/focusonpack.com\/fr\/machine-de-remplissage-a-piston\/remplisseuse-automatique-economique-a-piston-volumetrique-pour-liquides-minces-et-epais\/","og_site_name":"Focus on pack","article_modified_time":"2025-03-29T07:58:35+00:00","og_image":[{"url":"https:\/\/focusonpack.com\/wp-content\/uploads\/2020\/05\/thin.jpg","type":"","width":"","height":""}],"twitter_card":"summary_large_image","twitter_misc":{"Dur\u00e9e de lecture estim\u00e9e":"2 minutes"},"schema":{"@context":"https:\/\/schema.org","@graph":[{"@type":"WebPage","@id":"https:\/\/focusonpack.com\/piston-filling-machine\/automatic-economical-thin-and-thick-liquid-volumetric-piston-filling-machine\/","url":"https:\/\/focusonpack.com\/piston-filling-machine\/automatic-economical-thin-and-thick-liquid-volumetric-piston-filling-machine\/","name":"Automatic Economical Thin and Thick Liquid Volumetric Piston Filling Machine - Focus on pack","isPartOf":{"@id":"https:\/\/focusonpack.com\/#website"},"primaryImageOfPage":{"@id":"https:\/\/focusonpack.com\/piston-filling-machine\/automatic-economical-thin-and-thick-liquid-volumetric-piston-filling-machine\/#primaryimage"},"image":{"@id":"https:\/\/focusonpack.com\/piston-filling-machine\/automatic-economical-thin-and-thick-liquid-volumetric-piston-filling-machine\/#primaryimage"},"thumbnailUrl":"https:\/\/focusonpack.com\/wp-content\/uploads\/2020\/05\/thin.jpg","datePublished":"2020-05-15T08:53:53+00:00","dateModified":"2025-03-29T07:58:35+00:00","breadcrumb":{"@id":"https:\/\/focusonpack.com\/piston-filling-machine\/automatic-economical-thin-and-thick-liquid-volumetric-piston-filling-machine\/#breadcrumb"},"inLanguage":"fr-FR","potentialAction":[{"@type":"ReadAction","target":["https:\/\/focusonpack.com\/piston-filling-machine\/automatic-economical-thin-and-thick-liquid-volumetric-piston-filling-machine\/"]}]},{"@type":"ImageObject","inLanguage":"fr-FR","@id":"https:\/\/focusonpack.com\/piston-filling-machine\/automatic-economical-thin-and-thick-liquid-volumetric-piston-filling-machine\/#primaryimage","url":"https:\/\/focusonpack.com\/wp-content\/uploads\/2020\/05\/thin.jpg","contentUrl":"https:\/\/focusonpack.com\/wp-content\/uploads\/2020\/05\/thin.jpg"},{"@type":"BreadcrumbList","@id":"https:\/\/focusonpack.com\/piston-filling-machine\/automatic-economical-thin-and-thick-liquid-volumetric-piston-filling-machine\/#breadcrumb","itemListElement":[{"@type":"ListItem","position":1,"name":"\u9996\u9875","item":"https:\/\/focusonpack.com\/"},{"@type":"ListItem","position":2,"name":"Piston Filling Machine","item":"https:\/\/focusonpack.com\/piston-filling-machine\/"},{"@type":"ListItem","position":3,"name":"Automatic Economical Thin and Thick Liquid Volumetric Piston Filling Machine"}]},{"@type":"WebSite","@id":"https:\/\/focusonpack.com\/#website","url":"https:\/\/focusonpack.com\/","name":"Focus on pack","description":"water processing line,package machine, filling machine","potentialAction":[{"@type":"SearchAction","target":{"@type":"EntryPoint","urlTemplate":"https:\/\/focusonpack.com\/?s={search_term_string}"},"query-input":{"@type":"PropertyValueSpecification","valueRequired":true,"valueName":"search_term_string"}}],"inLanguage":"fr-FR"}]}},"_links":{"self":[{"href":"https:\/\/focusonpack.com\/fr\/wp-json\/wp\/v2\/pages\/3304","targetHints":{"allow":["GET"]}}],"collection":[{"href":"https:\/\/focusonpack.com\/fr\/wp-json\/wp\/v2\/pages"}],"about":[{"href":"https:\/\/focusonpack.com\/fr\/wp-json\/wp\/v2\/types\/page"}],"author":[{"embeddable":true,"href":"https:\/\/focusonpack.com\/fr\/wp-json\/wp\/v2\/users\/1"}],"replies":[{"embeddable":true,"href":"https:\/\/focusonpack.com\/fr\/wp-json\/wp\/v2\/comments?post=3304"}],"version-history":[{"count":10,"href":"https:\/\/focusonpack.com\/fr\/wp-json\/wp\/v2\/pages\/3304\/revisions"}],"predecessor-version":[{"id":4628,"href":"https:\/\/focusonpack.com\/fr\/wp-json\/wp\/v2\/pages\/3304\/revisions\/4628"}],"up":[{"embeddable":true,"href":"https:\/\/focusonpack.com\/fr\/wp-json\/wp\/v2\/pages\/2495"}],"wp:attachment":[{"href":"https:\/\/focusonpack.com\/fr\/wp-json\/wp\/v2\/media?parent=3304"}],"curies":[{"name":"wp","href":"https:\/\/api.w.org\/{rel}","templated":true}]}}