{"id":3305,"date":"2020-05-15T16:53:59","date_gmt":"2020-05-15T08:53:59","guid":{"rendered":"https:\/\/focusonpack.com\/?page_id=3305"},"modified":"2025-03-29T15:55:16","modified_gmt":"2025-03-29T07:55:16","slug":"semi-automatic-check-valve-piston-filling-machine-for-thin-liquids","status":"publish","type":"page","link":"https:\/\/focusonpack.com\/fr\/machine-de-remplissage-a-piston\/machine-de-remplissage-a-piston-semi-automatique-a-clapet-de-non-retour-pour-liquides-minces\/","title":{"rendered":"Remplisseuse \u00e0 piston \u00e0 clapet anti-retour semi-automatique pour liquides fins"},"content":{"rendered":"<div data-elementor-type=\"wp-page\" data-elementor-id=\"3305\" class=\"elementor elementor-3305\" data-elementor-settings=\"[]\">\n\t\t\t<div class=\"elementor-inner\">\n\t\t\t\t<div class=\"elementor-section-wrap\">\n\t\t\t\t\t\t\t<section class=\"elementor-element elementor-element-5d407ebd elementor-section-boxed elementor-section-height-default elementor-section-height-default elementor-section elementor-top-section\" data-id=\"5d407ebd\" data-element_type=\"section\">\n\t\t\t\t\t\t<div class=\"elementor-container elementor-column-gap-default\">\n\t\t\t\t<div class=\"elementor-row\">\n\t\t\t\t<div class=\"elementor-element elementor-element-124adbce elementor-column elementor-col-50 elementor-top-column\" data-id=\"124adbce\" data-element_type=\"column\">\n\t\t\t<div class=\"elementor-column-wrap  elementor-element-populated\">\n\t\t\t\t\t<div class=\"elementor-widget-wrap\">\n\t\t\t\t<div class=\"elementor-element elementor-element-290fc23 elementor-widget elementor-widget-heading\" data-id=\"290fc23\" data-element_type=\"widget\" data-widget_type=\"heading.default\">\n\t\t\t\t<div class=\"elementor-widget-container\">\n\t\t\t<h3 class=\"elementor-heading-title elementor-size-default\">Remplisseuse \u00e0 piston \u00e0 clapet anti-retour semi-automatique pour liquides fins<\/h3>\t\t<\/div>\n\t\t\t\t<\/div>\n\t\t\t\t<div class=\"elementor-element elementor-element-494fdf76 elementor-widget elementor-widget-heading\" data-id=\"494fdf76\" data-element_type=\"widget\" data-widget_type=\"heading.default\">\n\t\t\t\t<div class=\"elementor-widget-container\">\n\t\t\t<h3 class=\"elementor-heading-title elementor-size-default\">Remplisseuse \u00e0 piston avec clapet anti-retour semi-automatique pour liquides \u00e0 \u00e9coulement libre<\/h3>\t\t<\/div>\n\t\t\t\t<\/div>\n\t\t\t\t<div class=\"elementor-element elementor-element-c914726 elementor-widget elementor-widget-text-editor\" data-id=\"c914726\" data-element_type=\"widget\" data-widget_type=\"text-editor.default\">\n\t\t\t\t<div class=\"elementor-widget-container\">\n\t\t\t\t\t<div class=\"elementor-text-editor elementor-clearfix\"><p>La remplisseuse de bouteilles \u00e0 piston volum\u00e9trique semi-automatique de table pour les liquides \u00e0 \u00e9coulement libre est une remplisseuse de bouteilles \u00e0 piston tr\u00e8s pr\u00e9cise, fiable et exacte. Cette machine de remplissage de liquides fonctionne selon le principe du clapet anti-retour. Lors de la course d'admission, le piston aspire le liquide directement depuis le r\u00e9servoir ou le tambour d'alimentation, \u00e9liminant ainsi la n\u00e9cessit\u00e9 d'une tr\u00e9mie, \u00e0 travers le clapet de non-retour sup\u00e9rieur et dans le cylindre du piston. Lors de la course descendante, le liquide s'\u00e9coule \u00e0 travers le clapet anti-retour inf\u00e9rieur et le liquide est expuls\u00e9 de la chambre \u00e0 travers le clapet et dans le conteneur. Lors de la course descendante, le liquide s'\u00e9coule \u00e0 travers le clapet anti-retour inf\u00e9rieur et le liquide est expuls\u00e9 de la chambre \u00e0 travers le clapet et dans le r\u00e9cipient.<\/p><\/div>\n\t\t\t\t<\/div>\n\t\t\t\t<\/div>\n\t\t\t\t<div class=\"elementor-element elementor-element-6f05deb2 elementor-widget elementor-widget-text-editor\" data-id=\"6f05deb2\" data-element_type=\"widget\" data-widget_type=\"text-editor.default\">\n\t\t\t\t<div class=\"elementor-widget-container\">\n\t\t\t\t\t<div class=\"elementor-text-editor elementor-clearfix\"><p>Le grand avantage d'un syst\u00e8me de remplissage \u00e0 clapet anti-retour est qu'il peut s'amorcer automatiquement et aspirer le produit directement \u00e0 partir d'un f\u00fbt ou d'un autre conteneur, sans qu'il soit n\u00e9cessaire de pomper ou de transf\u00e9rer le produit dans un autre r\u00e9cipient. Il suffit d'introduire le tuyau dans le f\u00fbt, d'ajuster le volume de remplissage et de commencer \u00e0 remplir les produits avec d'excellents r\u00e9sultats. Il suffit d'introduire le tuyau dans le f\u00fbt, d'ajuster le volume de remplissage et de commencer \u00e0 remplir les produits avec une excellente pr\u00e9cision de +\/- un pour cent.<\/p><\/div>\n\t\t\t\t<\/div>\n\t\t\t\t<\/div>\n\t\t\t\t<div class=\"elementor-element elementor-element-d48f526 elementor-widget elementor-widget-text-editor\" data-id=\"d48f526\" data-element_type=\"widget\" data-widget_type=\"text-editor.default\">\n\t\t\t\t<div class=\"elementor-widget-container\">\n\t\t\t\t\t<div class=\"elementor-text-editor elementor-clearfix\"><p>Les remplisseurs \u00e0 piston \u00e0 clapet anti-retour fonctionnent bien avec la plupart des liquides \u00e0 \u00e9coulement libre (c'est-\u00e0-dire qu'ils s'\u00e9coulent facilement), mais ils ne fonctionnent pas bien avec les produits plus \u00e9pais ou les produits contenant des particules, car celles-ci risquent d'encrasser les clapets. Ils sont disponibles sous forme de mod\u00e8le de table \u00e0 une buse et \u00e0 deux buses, de mod\u00e8le au sol \u00e0 une buse et \u00e0 deux buses. buses.<\/p><\/div>\n\t\t\t\t<\/div>\n\t\t\t\t<\/div>\n\t\t\t\t<div class=\"elementor-element elementor-element-2bc5338 elementor-widget elementor-widget-heading\" data-id=\"2bc5338\" data-element_type=\"widget\" data-widget_type=\"heading.default\">\n\t\t\t\t<div class=\"elementor-widget-container\">\n\t\t\t<h3 class=\"elementor-heading-title elementor-size-default\">Caract\u00e9ristiques principales<\/h3>\t\t<\/div>\n\t\t\t\t<\/div>\n\t\t\t\t<div class=\"elementor-element elementor-element-2c4eff5c elementor-widget elementor-widget-text-editor\" data-id=\"2c4eff5c\" data-element_type=\"widget\" data-widget_type=\"text-editor.default\">\n\t\t\t\t<div class=\"elementor-widget-container\">\n\t\t\t\t\t<div class=\"elementor-text-editor elementor-clearfix\"><p>- Construction sanitaire en acier inoxydable<\/p><p>- Piston Airtec ou Festo<\/p><p>- D\u00e9montage sans outil pour un nettoyage facile<\/p><p>- Buse et tuyau d'alimentation \u00e0 d\u00e9gagement rapide sans outil<\/p><p>- Fonctionnement manuel\/automatique.<\/p><p>- La commande au pied lib\u00e8re les mains de l'op\u00e9rateur pour d'autres op\u00e9rations.<\/p><p>- Fonctionnement pneumatique adapt\u00e9 aux zones dangereuses ou aux installations de lavage.<\/p><p>- R\u00e9glage de l'aspiration du produit et de la vitesse de distribution<\/p><p>- Buses interchangeables.<\/p><p>- Facile \u00e0 monter et \u00e0 d\u00e9monter.<\/p><p>- Facilement transportable.<\/p><\/div>\n\t\t\t\t<\/div>\n\t\t\t\t<\/div>\n\t\t\t\t<div class=\"elementor-element elementor-element-7bff1055 elementor-widget elementor-widget-heading\" data-id=\"7bff1055\" data-element_type=\"widget\" data-widget_type=\"heading.default\">\n\t\t\t\t<div class=\"elementor-widget-container\">\n\t\t\t<h3 class=\"elementor-heading-title elementor-size-default\">Sp\u00e9cifications techniques<\/h3>\t\t<\/div>\n\t\t\t\t<\/div>\n\t\t\t\t<div class=\"elementor-element elementor-element-1b19fc3e elementor-widget elementor-widget-text-editor\" data-id=\"1b19fc3e\" data-element_type=\"widget\" data-widget_type=\"text-editor.default\">\n\t\t\t\t<div class=\"elementor-widget-container\">\n\t\t\t\t\t<div class=\"elementor-text-editor elementor-clearfix\"><p>Vitesse de remplissage : jusqu'\u00e0 30 BPM (bouteilles par minute)<br \/>Pr\u00e9cision de remplissage : 99%<br \/>Plage de remplissage.<br \/>5-60ml,15-125ml,15-250ml,50-500ml,100-1000ml,500-2500ml,1000-5000ml.<br \/>Pression d'air : 70-100 psi<br \/>Volume d'air : 3-5cfm<\/p><\/div>\n\t\t\t\t<\/div>\n\t\t\t\t<\/div>\n\t\t\t\t\t\t<\/div>\n\t\t\t<\/div>\n\t\t<\/div>\n\t\t\t\t<div class=\"elementor-element elementor-element-2285839b elementor-column elementor-col-50 elementor-top-column\" data-id=\"2285839b\" data-element_type=\"column\">\n\t\t\t<div class=\"elementor-column-wrap  elementor-element-populated\">\n\t\t\t\t\t<div class=\"elementor-widget-wrap\">\n\t\t\t\t<div class=\"elementor-element elementor-element-38d29867 elementor-widget elementor-widget-spacer\" data-id=\"38d29867\" data-element_type=\"widget\" data-widget_type=\"spacer.default\">\n\t\t\t\t<div class=\"elementor-widget-container\">\n\t\t\t\t\t<div class=\"elementor-spacer\">\n\t\t\t<div class=\"elementor-spacer-inner\"><\/div>\n\t\t<\/div>\n\t\t\t\t<\/div>\n\t\t\t\t<\/div>\n\t\t\t\t<div class=\"elementor-element elementor-element-6a1d3a44 elementor-widget elementor-widget-image\" data-id=\"6a1d3a44\" data-element_type=\"widget\" data-widget_type=\"image.default\">\n\t\t\t\t<div class=\"elementor-widget-container\">\n\t\t\t\t\t<div class=\"elementor-image\">\n\t\t\t\t\t\t\t\t\t\t<img loading=\"lazy\" decoding=\"async\" width=\"293\" height=\"188\" src=\"https:\/\/focusonpack.com\/wp-content\/uploads\/2023\/07\/check0.jpg\" class=\"elementor-animation-grow attachment-full size-full\" alt=\"\" \/>\t\t\t\t\t\t\t\t\t\t\t<\/div>\n\t\t\t\t<\/div>\n\t\t\t\t<\/div>\n\t\t\t\t<div class=\"elementor-element elementor-element-3597bc54 elementor-button-info elementor-align-center elementor-widget elementor-widget-button\" data-id=\"3597bc54\" data-element_type=\"widget\" data-widget_type=\"button.default\">\n\t\t\t\t<div class=\"elementor-widget-container\">\n\t\t\t\t\t<div class=\"elementor-button-wrapper\">\n\t\t\t<a href=\"https:\/\/focusonpack.com\/fr\/nous-contacter\/\" class=\"elementor-button-link elementor-button elementor-size-sm\" role=\"button\">\n\t\t\t\t\t\t<span class=\"elementor-button-content-wrapper\">\n\t\t\t\t\t\t<span class=\"elementor-button-text\">Demande de devis<\/span>\n\t\t<\/span>\n\t\t\t\t\t<\/a>\n\t\t<\/div>\n\t\t\t\t<\/div>\n\t\t\t\t<\/div>\n\t\t\t\t\t\t<\/div>\n\t\t\t<\/div>\n\t\t<\/div>\n\t\t\t\t\t\t<\/div>\n\t\t\t<\/div>\n\t\t<\/section>\n\t\t\t\t\t\t<\/div>\n\t\t\t<\/div>\n\t\t<\/div>","protected":false},"excerpt":{"rendered":"<p>Semi Automatic Check Valve Pis&hellip;<\/p>","protected":false},"author":1,"featured_media":0,"parent":2495,"menu_order":0,"comment_status":"closed","ping_status":"closed","template":"elementor_header_footer","meta":{"footnotes":""},"class_list":["post-3305","page","type-page","status-publish","hentry","no-thumb"],"yoast_head":"<!-- This site is optimized with the Yoast SEO plugin v24.8.1 - https:\/\/yoast.com\/wordpress\/plugins\/seo\/ -->\n<title>Semi Automatic Check Valve Piston Filling Machine for Thin Liquids - Focus on pack<\/title>\n<meta name=\"robots\" content=\"index, follow, max-snippet:-1, max-image-preview:large, max-video-preview:-1\" \/>\n<link rel=\"canonical\" href=\"https:\/\/focusonpack.com\/fr\/machine-de-remplissage-a-piston\/machine-de-remplissage-a-piston-semi-automatique-a-clapet-de-non-retour-pour-liquides-minces\/\" \/>\n<meta property=\"og:locale\" content=\"fr_FR\" \/>\n<meta property=\"og:type\" content=\"article\" \/>\n<meta property=\"og:title\" content=\"Semi Automatic Check Valve Piston Filling Machine for Thin Liquids - Focus on pack\" \/>\n<meta property=\"og:description\" content=\"Semi Automatic Check Valve Pis&hellip;\" \/>\n<meta property=\"og:url\" content=\"https:\/\/focusonpack.com\/fr\/machine-de-remplissage-a-piston\/machine-de-remplissage-a-piston-semi-automatique-a-clapet-de-non-retour-pour-liquides-minces\/\" \/>\n<meta property=\"og:site_name\" content=\"Focus on pack\" \/>\n<meta property=\"article:modified_time\" content=\"2025-03-29T07:55:16+00:00\" \/>\n<meta property=\"og:image\" content=\"https:\/\/focusonpack.com\/wp-content\/uploads\/2023\/07\/check0.jpg\" \/>\n<meta name=\"twitter:card\" content=\"summary_large_image\" \/>\n<meta name=\"twitter:label1\" content=\"Dur\u00e9e de lecture estim\u00e9e\" \/>\n\t<meta name=\"twitter:data1\" content=\"2 minutes\" \/>\n<script type=\"application\/ld+json\" class=\"yoast-schema-graph\">{\"@context\":\"https:\/\/schema.org\",\"@graph\":[{\"@type\":\"WebPage\",\"@id\":\"https:\/\/focusonpack.com\/piston-filling-machine\/semi-automatic-check-valve-piston-filling-machine-for-thin-liquids\/\",\"url\":\"https:\/\/focusonpack.com\/piston-filling-machine\/semi-automatic-check-valve-piston-filling-machine-for-thin-liquids\/\",\"name\":\"Semi Automatic Check Valve Piston Filling Machine for Thin Liquids - Focus on pack\",\"isPartOf\":{\"@id\":\"https:\/\/focusonpack.com\/#website\"},\"primaryImageOfPage\":{\"@id\":\"https:\/\/focusonpack.com\/piston-filling-machine\/semi-automatic-check-valve-piston-filling-machine-for-thin-liquids\/#primaryimage\"},\"image\":{\"@id\":\"https:\/\/focusonpack.com\/piston-filling-machine\/semi-automatic-check-valve-piston-filling-machine-for-thin-liquids\/#primaryimage\"},\"thumbnailUrl\":\"https:\/\/focusonpack.com\/wp-content\/uploads\/2023\/07\/check0.jpg\",\"datePublished\":\"2020-05-15T08:53:59+00:00\",\"dateModified\":\"2025-03-29T07:55:16+00:00\",\"breadcrumb\":{\"@id\":\"https:\/\/focusonpack.com\/piston-filling-machine\/semi-automatic-check-valve-piston-filling-machine-for-thin-liquids\/#breadcrumb\"},\"inLanguage\":\"fr-FR\",\"potentialAction\":[{\"@type\":\"ReadAction\",\"target\":[\"https:\/\/focusonpack.com\/piston-filling-machine\/semi-automatic-check-valve-piston-filling-machine-for-thin-liquids\/\"]}]},{\"@type\":\"ImageObject\",\"inLanguage\":\"fr-FR\",\"@id\":\"https:\/\/focusonpack.com\/piston-filling-machine\/semi-automatic-check-valve-piston-filling-machine-for-thin-liquids\/#primaryimage\",\"url\":\"https:\/\/focusonpack.com\/wp-content\/uploads\/2023\/07\/check0.jpg\",\"contentUrl\":\"https:\/\/focusonpack.com\/wp-content\/uploads\/2023\/07\/check0.jpg\"},{\"@type\":\"BreadcrumbList\",\"@id\":\"https:\/\/focusonpack.com\/piston-filling-machine\/semi-automatic-check-valve-piston-filling-machine-for-thin-liquids\/#breadcrumb\",\"itemListElement\":[{\"@type\":\"ListItem\",\"position\":1,\"name\":\"\u9996\u9875\",\"item\":\"https:\/\/focusonpack.com\/\"},{\"@type\":\"ListItem\",\"position\":2,\"name\":\"Piston Filling Machine\",\"item\":\"https:\/\/focusonpack.com\/piston-filling-machine\/\"},{\"@type\":\"ListItem\",\"position\":3,\"name\":\"Semi Automatic Check Valve Piston Filling Machine for Thin Liquids\"}]},{\"@type\":\"WebSite\",\"@id\":\"https:\/\/focusonpack.com\/#website\",\"url\":\"https:\/\/focusonpack.com\/\",\"name\":\"Focus on pack\",\"description\":\"\",\"potentialAction\":[{\"@type\":\"SearchAction\",\"target\":{\"@type\":\"EntryPoint\",\"urlTemplate\":\"https:\/\/focusonpack.com\/?s={search_term_string}\"},\"query-input\":{\"@type\":\"PropertyValueSpecification\",\"valueRequired\":true,\"valueName\":\"search_term_string\"}}],\"inLanguage\":\"fr-FR\"}]}<\/script>\n<!-- \/ Yoast SEO plugin. -->","yoast_head_json":{"title":"Semi Automatic Check Valve Piston Filling Machine for Thin Liquids - Focus on pack","robots":{"index":"index","follow":"follow","max-snippet":"max-snippet:-1","max-image-preview":"max-image-preview:large","max-video-preview":"max-video-preview:-1"},"canonical":"https:\/\/focusonpack.com\/fr\/machine-de-remplissage-a-piston\/machine-de-remplissage-a-piston-semi-automatique-a-clapet-de-non-retour-pour-liquides-minces\/","og_locale":"fr_FR","og_type":"article","og_title":"Semi Automatic Check Valve Piston Filling Machine for Thin Liquids - Focus on pack","og_description":"Semi Automatic Check Valve Pis&hellip;","og_url":"https:\/\/focusonpack.com\/fr\/machine-de-remplissage-a-piston\/machine-de-remplissage-a-piston-semi-automatique-a-clapet-de-non-retour-pour-liquides-minces\/","og_site_name":"Focus on pack","article_modified_time":"2025-03-29T07:55:16+00:00","og_image":[{"url":"https:\/\/focusonpack.com\/wp-content\/uploads\/2023\/07\/check0.jpg","type":"","width":"","height":""}],"twitter_card":"summary_large_image","twitter_misc":{"Dur\u00e9e de lecture estim\u00e9e":"2 minutes"},"schema":{"@context":"https:\/\/schema.org","@graph":[{"@type":"WebPage","@id":"https:\/\/focusonpack.com\/piston-filling-machine\/semi-automatic-check-valve-piston-filling-machine-for-thin-liquids\/","url":"https:\/\/focusonpack.com\/piston-filling-machine\/semi-automatic-check-valve-piston-filling-machine-for-thin-liquids\/","name":"Semi Automatic Check Valve Piston Filling Machine for Thin Liquids - Focus on pack","isPartOf":{"@id":"https:\/\/focusonpack.com\/#website"},"primaryImageOfPage":{"@id":"https:\/\/focusonpack.com\/piston-filling-machine\/semi-automatic-check-valve-piston-filling-machine-for-thin-liquids\/#primaryimage"},"image":{"@id":"https:\/\/focusonpack.com\/piston-filling-machine\/semi-automatic-check-valve-piston-filling-machine-for-thin-liquids\/#primaryimage"},"thumbnailUrl":"https:\/\/focusonpack.com\/wp-content\/uploads\/2023\/07\/check0.jpg","datePublished":"2020-05-15T08:53:59+00:00","dateModified":"2025-03-29T07:55:16+00:00","breadcrumb":{"@id":"https:\/\/focusonpack.com\/piston-filling-machine\/semi-automatic-check-valve-piston-filling-machine-for-thin-liquids\/#breadcrumb"},"inLanguage":"fr-FR","potentialAction":[{"@type":"ReadAction","target":["https:\/\/focusonpack.com\/piston-filling-machine\/semi-automatic-check-valve-piston-filling-machine-for-thin-liquids\/"]}]},{"@type":"ImageObject","inLanguage":"fr-FR","@id":"https:\/\/focusonpack.com\/piston-filling-machine\/semi-automatic-check-valve-piston-filling-machine-for-thin-liquids\/#primaryimage","url":"https:\/\/focusonpack.com\/wp-content\/uploads\/2023\/07\/check0.jpg","contentUrl":"https:\/\/focusonpack.com\/wp-content\/uploads\/2023\/07\/check0.jpg"},{"@type":"BreadcrumbList","@id":"https:\/\/focusonpack.com\/piston-filling-machine\/semi-automatic-check-valve-piston-filling-machine-for-thin-liquids\/#breadcrumb","itemListElement":[{"@type":"ListItem","position":1,"name":"\u9996\u9875","item":"https:\/\/focusonpack.com\/"},{"@type":"ListItem","position":2,"name":"Piston Filling Machine","item":"https:\/\/focusonpack.com\/piston-filling-machine\/"},{"@type":"ListItem","position":3,"name":"Semi Automatic Check Valve Piston Filling Machine for Thin Liquids"}]},{"@type":"WebSite","@id":"https:\/\/focusonpack.com\/#website","url":"https:\/\/focusonpack.com\/","name":"Focus on pack","description":"","potentialAction":[{"@type":"SearchAction","target":{"@type":"EntryPoint","urlTemplate":"https:\/\/focusonpack.com\/?s={search_term_string}"},"query-input":{"@type":"PropertyValueSpecification","valueRequired":true,"valueName":"search_term_string"}}],"inLanguage":"fr-FR"}]}},"_links":{"self":[{"href":"https:\/\/focusonpack.com\/fr\/wp-json\/wp\/v2\/pages\/3305","targetHints":{"allow":["GET"]}}],"collection":[{"href":"https:\/\/focusonpack.com\/fr\/wp-json\/wp\/v2\/pages"}],"about":[{"href":"https:\/\/focusonpack.com\/fr\/wp-json\/wp\/v2\/types\/page"}],"author":[{"embeddable":true,"href":"https:\/\/focusonpack.com\/fr\/wp-json\/wp\/v2\/users\/1"}],"replies":[{"embeddable":true,"href":"https:\/\/focusonpack.com\/fr\/wp-json\/wp\/v2\/comments?post=3305"}],"version-history":[{"count":10,"href":"https:\/\/focusonpack.com\/fr\/wp-json\/wp\/v2\/pages\/3305\/revisions"}],"predecessor-version":[{"id":4626,"href":"https:\/\/focusonpack.com\/fr\/wp-json\/wp\/v2\/pages\/3305\/revisions\/4626"}],"up":[{"embeddable":true,"href":"https:\/\/focusonpack.com\/fr\/wp-json\/wp\/v2\/pages\/2495"}],"wp:attachment":[{"href":"https:\/\/focusonpack.com\/fr\/wp-json\/wp\/v2\/media?parent=3305"}],"curies":[{"name":"wp","href":"https:\/\/api.w.org\/{rel}","templated":true}]}}